{"id":9931,"date":"2020-06-02T11:36:57","date_gmt":"2020-06-02T09:36:57","guid":{"rendered":"https:\/\/www.hostin.sk\/produkt\/bezdotykova-dezinfekcia-podlahovy-stojan-2\/"},"modified":"2025-03-27T15:24:46","modified_gmt":"2025-03-27T14:24:46","slug":"touchless-hand-sanitizer-special-offer-11","status":"publish","type":"product","link":"https:\/\/www.hostin.sk\/en\/product\/touchless-hand-sanitizer-special-offer-11\/","title":{"rendered":"Touchless Hand Sanitizer &#8211; Special Offer 1+1"},"content":{"rendered":"<p data-start=\"0\" data-end=\"80\">Automatic dispensing of disinfectant upon hand detection under the dispenser.<\/p>\n<p data-start=\"82\" data-end=\"140\" data-is-last-node=\"\" data-is-only-node=\"\">Includes 4 free GP Super Alkaline LR6 (AA) batteries.<\/p>\n<p><img decoding=\"async\" class=\"alignnone size-medium\" src=\"https:\/\/cdn.myshoptet.com\/usr\/www.molpir-dezinfekcia.sk\/user\/documents\/upload\/ikony-davkovac-01.png\" alt=\"D\u00e1vkova\u010d dezinfekcie\" width=\"600\" height=\"150\" \/><\/p>\n<p data-start=\"0\" data-end=\"14\"><strong data-start=\"0\" data-end=\"12\">Details:<\/strong><\/p>\n<ul data-start=\"16\" data-end=\"687\">\n<li data-start=\"16\" data-end=\"75\">IR sensor with a detection range of 20 \u2013 120 mm<\/li>\n<li data-start=\"76\" data-end=\"120\">LED indicator for operational status<\/li>\n<li data-start=\"121\" data-end=\"178\">Adjustable dispensing volume of 0.5 or 1.0 ml<\/li>\n<li data-start=\"179\" data-end=\"242\">Refillable disinfectant tank with a 600 ml capacity<\/li>\n<li data-start=\"243\" data-end=\"350\">Battery-operated (4 x AA alkaline batteries), providing approximately 15,000 cycles per set<\/li>\n<li data-start=\"351\" data-end=\"404\">Option to connect to a 230V power adapter<\/li>\n<li data-start=\"405\" data-end=\"475\">Long-lasting dispensing pump with a 100,000-cycle lifespan<\/li>\n<li data-start=\"476\" data-end=\"521\">Lockable dispenser cover for security<\/li>\n<li data-start=\"522\" data-end=\"614\">Stable floor stand made of brushed stainless steel, manufactured in Slovakia<\/li>\n<li data-start=\"615\" data-end=\"687\">Fully assembled dispenser and stand, ready for immediate use<\/li>\n<\/ul>\n<p data-start=\"689\" data-end=\"700\" data-is-last-node=\"\" data-is-only-node=\"\"><strong data-start=\"689\" data-end=\"700\" data-is-last-node=\"\">Manual:<\/strong><\/p>\n<ul>\n<li><a href=\"https:\/\/www.hostin.sk\/wp-content\/uploads\/2024\/05\/nu_dd-mol-004_000_22052020-1.pdf\" target=\"_blank\" rel=\"noopener\">User manual<\/a><\/li>\n<li><a href=\"https:\/\/www.hostin.sk\/wp-content\/uploads\/2024\/05\/pl_dd-mol-004_002_22052020-1.pdf\" target=\"_blank\" rel=\"noopener\">Product datasheet<\/a><\/li>\n<\/ul>\n<figure class=\"ratio ratio-16x9\"><iframe title=\"D\u00e1vkova\u010d dezinfekcie bezdotykov\u00fd s rozpra\u0161ova\u010dom - podlahov\u00fd stojan - molpir-dezinfekcia.sk\" width=\"500\" height=\"281\" src=\"https:\/\/www.youtube.com\/embed\/RWpbcckETEo?feature=oembed\" frameborder=\"0\" allow=\"accelerometer; autoplay; clipboard-write; encrypted-media; gyroscope; picture-in-picture; web-share\" referrerpolicy=\"strict-origin-when-cross-origin\" allowfullscreen><\/iframe><\/figure>\n","protected":false},"excerpt":{"rendered":"<p>Touchless hand sanitizer dispenser \u2013 stand-mounted<\/p>\n","protected":false},"featured_media":7525,"template":"","meta":{"_acf_changed":false},"product_brand":[],"product_cat":[181],"product_tag":[],"class_list":{"0":"post-9931","1":"product","2":"type-product","3":"status-publish","4":"has-post-thumbnail","6":"product_cat-disinfection-stands-en","8":"first","9":"instock","10":"taxable","11":"shipping-taxable","12":"purchasable","13":"product-type-simple"},"acf":[],"yoast_head":"<!-- This site is optimized with the Yoast SEO plugin v27.4 - https:\/\/yoast.com\/product\/yoast-seo-wordpress\/ -->\n<title>Touchless Hand Sanitizer - Special Offer 1+1 - HOSTIN<\/title>\n<meta name=\"description\" content=\"Touchless hand sanitizer dispenser with a sturdy stand \u2013 ideal for schools, offices, and public spaces. Perfect for hygienic, hands-free disinfection.\" \/>\n<meta name=\"robots\" content=\"index, follow, max-snippet:-1, max-image-preview:large, max-video-preview:-1\" \/>\n<link rel=\"canonical\" href=\"https:\/\/www.hostin.sk\/en\/product\/touchless-hand-sanitizer-special-offer-11\/\" \/>\n<meta property=\"og:locale\" content=\"en_US\" \/>\n<meta property=\"og:type\" content=\"article\" \/>\n<meta property=\"og:title\" content=\"Touchless Hand Sanitizer - Special Offer 1+1 - HOSTIN\" \/>\n<meta property=\"og:description\" content=\"Touchless hand sanitizer dispenser with a sturdy stand \u2013 ideal for schools, offices, and public spaces. Perfect for hygienic, hands-free disinfection.\" \/>\n<meta property=\"og:url\" content=\"https:\/\/www.hostin.sk\/en\/product\/touchless-hand-sanitizer-special-offer-11\/\" \/>\n<meta property=\"og:site_name\" content=\"HOSTIN\" \/>\n<meta property=\"article:modified_time\" content=\"2025-03-27T14:24:46+00:00\" \/>\n<meta property=\"og:image\" content=\"https:\/\/www.hostin.sk\/wp-content\/uploads\/2020\/06\/akcia-1.jpg\" \/>\n\t<meta property=\"og:image:width\" content=\"1200\" \/>\n\t<meta property=\"og:image:height\" content=\"713\" \/>\n\t<meta property=\"og:image:type\" content=\"image\/jpeg\" \/>\n<meta name=\"twitter:card\" content=\"summary_large_image\" \/>\n<meta name=\"twitter:label1\" content=\"Est. reading time\" \/>\n\t<meta name=\"twitter:data1\" content=\"1 minute\" \/>\n<script type=\"application\/ld+json\" class=\"yoast-schema-graph\">{\"@context\":\"https:\\\/\\\/schema.org\",\"@graph\":[{\"@type\":\"WebPage\",\"@id\":\"https:\\\/\\\/www.hostin.sk\\\/en\\\/product\\\/touchless-hand-sanitizer-special-offer-11\\\/\",\"url\":\"https:\\\/\\\/www.hostin.sk\\\/en\\\/product\\\/touchless-hand-sanitizer-special-offer-11\\\/\",\"name\":\"Touchless Hand Sanitizer - Special Offer 1+1 - HOSTIN\",\"isPartOf\":{\"@id\":\"https:\\\/\\\/www.hostin.sk\\\/#website\"},\"primaryImageOfPage\":{\"@id\":\"https:\\\/\\\/www.hostin.sk\\\/en\\\/product\\\/touchless-hand-sanitizer-special-offer-11\\\/#primaryimage\"},\"image\":{\"@id\":\"https:\\\/\\\/www.hostin.sk\\\/en\\\/product\\\/touchless-hand-sanitizer-special-offer-11\\\/#primaryimage\"},\"thumbnailUrl\":\"https:\\\/\\\/www.hostin.sk\\\/wp-content\\\/uploads\\\/2020\\\/06\\\/akcia-1.jpg\",\"datePublished\":\"2020-06-02T09:36:57+00:00\",\"dateModified\":\"2025-03-27T14:24:46+00:00\",\"description\":\"Touchless hand sanitizer dispenser with a sturdy stand \u2013 ideal for schools, offices, and public spaces. Perfect for hygienic, hands-free disinfection.\",\"breadcrumb\":{\"@id\":\"https:\\\/\\\/www.hostin.sk\\\/en\\\/product\\\/touchless-hand-sanitizer-special-offer-11\\\/#breadcrumb\"},\"inLanguage\":\"en-US\",\"potentialAction\":[{\"@type\":\"ReadAction\",\"target\":[\"https:\\\/\\\/www.hostin.sk\\\/en\\\/product\\\/touchless-hand-sanitizer-special-offer-11\\\/\"]}]},{\"@type\":\"ImageObject\",\"inLanguage\":\"en-US\",\"@id\":\"https:\\\/\\\/www.hostin.sk\\\/en\\\/product\\\/touchless-hand-sanitizer-special-offer-11\\\/#primaryimage\",\"url\":\"https:\\\/\\\/www.hostin.sk\\\/wp-content\\\/uploads\\\/2020\\\/06\\\/akcia-1.jpg\",\"contentUrl\":\"https:\\\/\\\/www.hostin.sk\\\/wp-content\\\/uploads\\\/2020\\\/06\\\/akcia-1.jpg\",\"width\":1200,\"height\":713,\"caption\":\"Service bell on reception desk in clinic\"},{\"@type\":\"BreadcrumbList\",\"@id\":\"https:\\\/\\\/www.hostin.sk\\\/en\\\/product\\\/touchless-hand-sanitizer-special-offer-11\\\/#breadcrumb\",\"itemListElement\":[{\"@type\":\"ListItem\",\"position\":1,\"name\":\"Domov\",\"item\":\"https:\\\/\\\/www.hostin.sk\\\/en\\\/\"},{\"@type\":\"ListItem\",\"position\":2,\"name\":\"Shop\",\"item\":\"https:\\\/\\\/www.hostin.sk\\\/en\\\/shop\\\/\"},{\"@type\":\"ListItem\",\"position\":3,\"name\":\"Disinfection Stands\",\"item\":\"https:\\\/\\\/www.hostin.sk\\\/en\\\/kategoria-produktu\\\/disinfection-stands-en\\\/\"},{\"@type\":\"ListItem\",\"position\":4,\"name\":\"Touchless Hand Sanitizer &#8211; Special Offer 1+1\"}]},{\"@type\":\"WebSite\",\"@id\":\"https:\\\/\\\/www.hostin.sk\\\/#website\",\"url\":\"https:\\\/\\\/www.hostin.sk\\\/\",\"name\":\"HOSTIN\",\"description\":\"Hroty proti vt\u00e1kom\",\"potentialAction\":[{\"@type\":\"SearchAction\",\"target\":{\"@type\":\"EntryPoint\",\"urlTemplate\":\"https:\\\/\\\/www.hostin.sk\\\/?s={search_term_string}\"},\"query-input\":{\"@type\":\"PropertyValueSpecification\",\"valueRequired\":true,\"valueName\":\"search_term_string\"}}],\"inLanguage\":\"en-US\"}]}<\/script>\n<!-- \/ Yoast SEO plugin. -->","yoast_head_json":{"title":"Touchless Hand Sanitizer - Special Offer 1+1 - HOSTIN","description":"Touchless hand sanitizer dispenser with a sturdy stand \u2013 ideal for schools, offices, and public spaces. Perfect for hygienic, hands-free disinfection.","robots":{"index":"index","follow":"follow","max-snippet":"max-snippet:-1","max-image-preview":"max-image-preview:large","max-video-preview":"max-video-preview:-1"},"canonical":"https:\/\/www.hostin.sk\/en\/product\/touchless-hand-sanitizer-special-offer-11\/","og_locale":"en_US","og_type":"article","og_title":"Touchless Hand Sanitizer - Special Offer 1+1 - HOSTIN","og_description":"Touchless hand sanitizer dispenser with a sturdy stand \u2013 ideal for schools, offices, and public spaces. Perfect for hygienic, hands-free disinfection.","og_url":"https:\/\/www.hostin.sk\/en\/product\/touchless-hand-sanitizer-special-offer-11\/","og_site_name":"HOSTIN","article_modified_time":"2025-03-27T14:24:46+00:00","og_image":[{"width":1200,"height":713,"url":"https:\/\/www.hostin.sk\/wp-content\/uploads\/2020\/06\/akcia-1.jpg","type":"image\/jpeg"}],"twitter_card":"summary_large_image","twitter_misc":{"Est. reading time":"1 minute"},"schema":{"@context":"https:\/\/schema.org","@graph":[{"@type":"WebPage","@id":"https:\/\/www.hostin.sk\/en\/product\/touchless-hand-sanitizer-special-offer-11\/","url":"https:\/\/www.hostin.sk\/en\/product\/touchless-hand-sanitizer-special-offer-11\/","name":"Touchless Hand Sanitizer - Special Offer 1+1 - HOSTIN","isPartOf":{"@id":"https:\/\/www.hostin.sk\/#website"},"primaryImageOfPage":{"@id":"https:\/\/www.hostin.sk\/en\/product\/touchless-hand-sanitizer-special-offer-11\/#primaryimage"},"image":{"@id":"https:\/\/www.hostin.sk\/en\/product\/touchless-hand-sanitizer-special-offer-11\/#primaryimage"},"thumbnailUrl":"https:\/\/www.hostin.sk\/wp-content\/uploads\/2020\/06\/akcia-1.jpg","datePublished":"2020-06-02T09:36:57+00:00","dateModified":"2025-03-27T14:24:46+00:00","description":"Touchless hand sanitizer dispenser with a sturdy stand \u2013 ideal for schools, offices, and public spaces. Perfect for hygienic, hands-free disinfection.","breadcrumb":{"@id":"https:\/\/www.hostin.sk\/en\/product\/touchless-hand-sanitizer-special-offer-11\/#breadcrumb"},"inLanguage":"en-US","potentialAction":[{"@type":"ReadAction","target":["https:\/\/www.hostin.sk\/en\/product\/touchless-hand-sanitizer-special-offer-11\/"]}]},{"@type":"ImageObject","inLanguage":"en-US","@id":"https:\/\/www.hostin.sk\/en\/product\/touchless-hand-sanitizer-special-offer-11\/#primaryimage","url":"https:\/\/www.hostin.sk\/wp-content\/uploads\/2020\/06\/akcia-1.jpg","contentUrl":"https:\/\/www.hostin.sk\/wp-content\/uploads\/2020\/06\/akcia-1.jpg","width":1200,"height":713,"caption":"Service bell on reception desk in clinic"},{"@type":"BreadcrumbList","@id":"https:\/\/www.hostin.sk\/en\/product\/touchless-hand-sanitizer-special-offer-11\/#breadcrumb","itemListElement":[{"@type":"ListItem","position":1,"name":"Domov","item":"https:\/\/www.hostin.sk\/en\/"},{"@type":"ListItem","position":2,"name":"Shop","item":"https:\/\/www.hostin.sk\/en\/shop\/"},{"@type":"ListItem","position":3,"name":"Disinfection Stands","item":"https:\/\/www.hostin.sk\/en\/kategoria-produktu\/disinfection-stands-en\/"},{"@type":"ListItem","position":4,"name":"Touchless Hand Sanitizer &#8211; Special Offer 1+1"}]},{"@type":"WebSite","@id":"https:\/\/www.hostin.sk\/#website","url":"https:\/\/www.hostin.sk\/","name":"HOSTIN","description":"Hroty proti vt\u00e1kom","potentialAction":[{"@type":"SearchAction","target":{"@type":"EntryPoint","urlTemplate":"https:\/\/www.hostin.sk\/?s={search_term_string}"},"query-input":{"@type":"PropertyValueSpecification","valueRequired":true,"valueName":"search_term_string"}}],"inLanguage":"en-US"}]}},"_links":{"self":[{"href":"https:\/\/www.hostin.sk\/en\/wp-json\/wp\/v2\/product\/9931","targetHints":{"allow":["GET"]}}],"collection":[{"href":"https:\/\/www.hostin.sk\/en\/wp-json\/wp\/v2\/product"}],"about":[{"href":"https:\/\/www.hostin.sk\/en\/wp-json\/wp\/v2\/types\/product"}],"wp:featuredmedia":[{"embeddable":true,"href":"https:\/\/www.hostin.sk\/en\/wp-json\/wp\/v2\/media\/7525"}],"wp:attachment":[{"href":"https:\/\/www.hostin.sk\/en\/wp-json\/wp\/v2\/media?parent=9931"}],"wp:term":[{"taxonomy":"product_brand","embeddable":true,"href":"https:\/\/www.hostin.sk\/en\/wp-json\/wp\/v2\/product_brand?post=9931"},{"taxonomy":"product_cat","embeddable":true,"href":"https:\/\/www.hostin.sk\/en\/wp-json\/wp\/v2\/product_cat?post=9931"},{"taxonomy":"product_tag","embeddable":true,"href":"https:\/\/www.hostin.sk\/en\/wp-json\/wp\/v2\/product_tag?post=9931"}],"curies":[{"name":"wp","href":"https:\/\/api.w.org\/{rel}","templated":true}]}}