{"id":9929,"date":"2020-06-02T11:57:24","date_gmt":"2020-06-02T09:57:24","guid":{"rendered":"https:\/\/www.hostin.sk\/produkt\/bezdotykova-dezinfekcia-znizeny-stojan\/"},"modified":"2025-03-27T15:24:22","modified_gmt":"2025-03-27T14:24:22","slug":"touchless-hand-sanitizer-lowered-stand","status":"publish","type":"product","link":"https:\/\/www.hostin.sk\/en\/product\/touchless-hand-sanitizer-lowered-stand\/","title":{"rendered":"Touchless Hand Sanitizer &#8211; Lowered Stand"},"content":{"rendered":"<p data-start=\"0\" data-end=\"88\">Designed for areas with a high presence of children \u2013 primary schools and preschools.<\/p>\n<p data-start=\"90\" data-end=\"170\">Automatically dispenses disinfectant upon detecting hands under the dispenser.<\/p>\n<p data-start=\"172\" data-end=\"248\" data-is-last-node=\"\" data-is-only-node=\"\">Includes <strong data-start=\"181\" data-end=\"228\">4 free GP Super Alkaline LR6 (AA) batteries<\/strong> for immediate use.<\/p>\n<p><img decoding=\"async\" class=\"alignnone size-medium\" src=\"https:\/\/cdn.myshoptet.com\/usr\/www.molpir-dezinfekcia.sk\/user\/documents\/upload\/ikony-davkovac-01.png\" alt=\"D\u00e1vkova\u010d dezinfekcie\" width=\"600\" height=\"150\" \/><\/p>\n<p data-start=\"0\" data-end=\"14\"><strong data-start=\"0\" data-end=\"12\">Details:<\/strong><\/p>\n<ul data-start=\"16\" data-end=\"793\">\n<li data-start=\"16\" data-end=\"114\">Reduced-height stand \u2013 ensures easy access for children and individuals of shorter stature<\/li>\n<li data-start=\"115\" data-end=\"174\">IR sensor with a detection range of 20 \u2013 120 mm<\/li>\n<li data-start=\"175\" data-end=\"219\">LED indicator for operational status<\/li>\n<li data-start=\"220\" data-end=\"277\">Adjustable dispensing volume of 0.5 or 1.0 ml<\/li>\n<li data-start=\"278\" data-end=\"341\">Refillable disinfectant tank with a 600 ml capacity<\/li>\n<li data-start=\"342\" data-end=\"449\">Battery-operated (4 x AA alkaline batteries), providing approximately 15,000 cycles per set<\/li>\n<li data-start=\"450\" data-end=\"503\">Option to connect to a 230V power adapter<\/li>\n<li data-start=\"504\" data-end=\"574\">Long-lasting dispensing pump with a 100,000-cycle lifespan<\/li>\n<li data-start=\"575\" data-end=\"619\">Lockable cover for enhanced security<\/li>\n<li data-start=\"620\" data-end=\"720\">Stable floor stand made of brushed stainless steel, proudly manufactured in Slovakia<\/li>\n<li data-start=\"721\" data-end=\"793\">Fully assembled dispenser and stand, ready for immediate use<\/li>\n<\/ul>\n<p data-start=\"795\" data-end=\"806\" data-is-last-node=\"\" data-is-only-node=\"\"><strong data-start=\"795\" data-end=\"806\" data-is-last-node=\"\">Manual:<\/strong><\/p>\n<ul>\n<li><a href=\"https:\/\/www.hostin.sk\/wp-content\/uploads\/2024\/05\/nu_dd-mol-004-s_000_22052020-1.pdf\" target=\"_blank\" rel=\"noopener\">User manual<\/a><\/li>\n<li><a href=\"https:\/\/www.hostin.sk\/wp-content\/uploads\/2024\/05\/pl_dd-mol-004-s_001_25052020.pdf\" target=\"_blank\" rel=\"noopener\">Product datasheet<\/a><\/li>\n<\/ul>\n<figure class=\"ratio ratio-16x9\"><iframe title=\"D\u00e1vkova\u010d dezinfekcie bezdotykov\u00fd s rozpra\u0161ova\u010dom - podlahov\u00fd stojan zn\u00ed\u017een\u00fd\" width=\"500\" height=\"281\" src=\"https:\/\/www.youtube.com\/embed\/pCrQ3qlMtFE?feature=oembed\" frameborder=\"0\" allow=\"accelerometer; autoplay; clipboard-write; encrypted-media; gyroscope; picture-in-picture; web-share\" referrerpolicy=\"strict-origin-when-cross-origin\" allowfullscreen><\/iframe><\/figure>\n","protected":false},"excerpt":{"rendered":"<p>Touchless hand sanitizer dispenser \u2013 reduced-height stand for easy access<\/p>\n","protected":false},"featured_media":7516,"template":"","meta":{"_acf_changed":false},"product_brand":[],"product_cat":[181],"product_tag":[],"class_list":{"0":"post-9929","1":"product","2":"type-product","3":"status-publish","4":"has-post-thumbnail","6":"product_cat-disinfection-stands-en","8":"first","9":"instock","10":"sale","11":"taxable","12":"shipping-taxable","13":"purchasable","14":"product-type-simple"},"acf":[],"yoast_head":"<!-- This site is optimized with the Yoast SEO plugin v27.4 - https:\/\/yoast.com\/product\/yoast-seo-wordpress\/ -->\n<title>Touchless Hand Sanitizer - Lowered Stand - HOSTIN<\/title>\n<meta name=\"description\" content=\"Touchless hand sanitizer dispenser \u2013 reduced-height stand for easy access. Made of durable stainless steel, fully assembled, and ready for immediate use.\" \/>\n<meta name=\"robots\" content=\"index, follow, max-snippet:-1, max-image-preview:large, max-video-preview:-1\" \/>\n<link rel=\"canonical\" href=\"https:\/\/www.hostin.sk\/en\/product\/touchless-hand-sanitizer-lowered-stand\/\" \/>\n<meta property=\"og:locale\" content=\"en_US\" \/>\n<meta property=\"og:type\" content=\"article\" \/>\n<meta property=\"og:title\" content=\"Touchless Hand Sanitizer - Lowered Stand - HOSTIN\" \/>\n<meta property=\"og:description\" content=\"Touchless hand sanitizer dispenser \u2013 reduced-height stand for easy access. Made of durable stainless steel, fully assembled, and ready for immediate use.\" \/>\n<meta property=\"og:url\" content=\"https:\/\/www.hostin.sk\/en\/product\/touchless-hand-sanitizer-lowered-stand\/\" \/>\n<meta property=\"og:site_name\" content=\"HOSTIN\" \/>\n<meta property=\"article:modified_time\" content=\"2025-03-27T14:24:22+00:00\" \/>\n<meta property=\"og:image\" content=\"https:\/\/www.hostin.sk\/wp-content\/uploads\/2020\/06\/155-3_dd-mol-004-s-1-1.jpg\" \/>\n\t<meta property=\"og:image:width\" content=\"1900\" \/>\n\t<meta property=\"og:image:height\" content=\"1900\" \/>\n\t<meta property=\"og:image:type\" content=\"image\/jpeg\" \/>\n<meta name=\"twitter:card\" content=\"summary_large_image\" \/>\n<meta name=\"twitter:label1\" content=\"Est. reading time\" \/>\n\t<meta name=\"twitter:data1\" content=\"2 minutes\" \/>\n<script type=\"application\/ld+json\" class=\"yoast-schema-graph\">{\"@context\":\"https:\\\/\\\/schema.org\",\"@graph\":[{\"@type\":\"WebPage\",\"@id\":\"https:\\\/\\\/www.hostin.sk\\\/en\\\/product\\\/touchless-hand-sanitizer-lowered-stand\\\/\",\"url\":\"https:\\\/\\\/www.hostin.sk\\\/en\\\/product\\\/touchless-hand-sanitizer-lowered-stand\\\/\",\"name\":\"Touchless Hand Sanitizer - Lowered Stand - HOSTIN\",\"isPartOf\":{\"@id\":\"https:\\\/\\\/www.hostin.sk\\\/#website\"},\"primaryImageOfPage\":{\"@id\":\"https:\\\/\\\/www.hostin.sk\\\/en\\\/product\\\/touchless-hand-sanitizer-lowered-stand\\\/#primaryimage\"},\"image\":{\"@id\":\"https:\\\/\\\/www.hostin.sk\\\/en\\\/product\\\/touchless-hand-sanitizer-lowered-stand\\\/#primaryimage\"},\"thumbnailUrl\":\"https:\\\/\\\/www.hostin.sk\\\/wp-content\\\/uploads\\\/2020\\\/06\\\/155-3_dd-mol-004-s-1-1.jpg\",\"datePublished\":\"2020-06-02T09:57:24+00:00\",\"dateModified\":\"2025-03-27T14:24:22+00:00\",\"description\":\"Touchless hand sanitizer dispenser \u2013 reduced-height stand for easy access. Made of durable stainless steel, fully assembled, and ready for immediate use.\",\"breadcrumb\":{\"@id\":\"https:\\\/\\\/www.hostin.sk\\\/en\\\/product\\\/touchless-hand-sanitizer-lowered-stand\\\/#breadcrumb\"},\"inLanguage\":\"en-US\",\"potentialAction\":[{\"@type\":\"ReadAction\",\"target\":[\"https:\\\/\\\/www.hostin.sk\\\/en\\\/product\\\/touchless-hand-sanitizer-lowered-stand\\\/\"]}]},{\"@type\":\"ImageObject\",\"inLanguage\":\"en-US\",\"@id\":\"https:\\\/\\\/www.hostin.sk\\\/en\\\/product\\\/touchless-hand-sanitizer-lowered-stand\\\/#primaryimage\",\"url\":\"https:\\\/\\\/www.hostin.sk\\\/wp-content\\\/uploads\\\/2020\\\/06\\\/155-3_dd-mol-004-s-1-1.jpg\",\"contentUrl\":\"https:\\\/\\\/www.hostin.sk\\\/wp-content\\\/uploads\\\/2020\\\/06\\\/155-3_dd-mol-004-s-1-1.jpg\",\"width\":1900,\"height\":1900},{\"@type\":\"BreadcrumbList\",\"@id\":\"https:\\\/\\\/www.hostin.sk\\\/en\\\/product\\\/touchless-hand-sanitizer-lowered-stand\\\/#breadcrumb\",\"itemListElement\":[{\"@type\":\"ListItem\",\"position\":1,\"name\":\"Domov\",\"item\":\"https:\\\/\\\/www.hostin.sk\\\/en\\\/\"},{\"@type\":\"ListItem\",\"position\":2,\"name\":\"Shop\",\"item\":\"https:\\\/\\\/www.hostin.sk\\\/en\\\/shop\\\/\"},{\"@type\":\"ListItem\",\"position\":3,\"name\":\"Disinfection Stands\",\"item\":\"https:\\\/\\\/www.hostin.sk\\\/en\\\/kategoria-produktu\\\/disinfection-stands-en\\\/\"},{\"@type\":\"ListItem\",\"position\":4,\"name\":\"Touchless Hand Sanitizer &#8211; Lowered Stand\"}]},{\"@type\":\"WebSite\",\"@id\":\"https:\\\/\\\/www.hostin.sk\\\/#website\",\"url\":\"https:\\\/\\\/www.hostin.sk\\\/\",\"name\":\"HOSTIN\",\"description\":\"Hroty proti vt\u00e1kom\",\"potentialAction\":[{\"@type\":\"SearchAction\",\"target\":{\"@type\":\"EntryPoint\",\"urlTemplate\":\"https:\\\/\\\/www.hostin.sk\\\/?s={search_term_string}\"},\"query-input\":{\"@type\":\"PropertyValueSpecification\",\"valueRequired\":true,\"valueName\":\"search_term_string\"}}],\"inLanguage\":\"en-US\"}]}<\/script>\n<!-- \/ Yoast SEO plugin. -->","yoast_head_json":{"title":"Touchless Hand Sanitizer - Lowered Stand - HOSTIN","description":"Touchless hand sanitizer dispenser \u2013 reduced-height stand for easy access. Made of durable stainless steel, fully assembled, and ready for immediate use.","robots":{"index":"index","follow":"follow","max-snippet":"max-snippet:-1","max-image-preview":"max-image-preview:large","max-video-preview":"max-video-preview:-1"},"canonical":"https:\/\/www.hostin.sk\/en\/product\/touchless-hand-sanitizer-lowered-stand\/","og_locale":"en_US","og_type":"article","og_title":"Touchless Hand Sanitizer - Lowered Stand - HOSTIN","og_description":"Touchless hand sanitizer dispenser \u2013 reduced-height stand for easy access. Made of durable stainless steel, fully assembled, and ready for immediate use.","og_url":"https:\/\/www.hostin.sk\/en\/product\/touchless-hand-sanitizer-lowered-stand\/","og_site_name":"HOSTIN","article_modified_time":"2025-03-27T14:24:22+00:00","og_image":[{"width":1900,"height":1900,"url":"https:\/\/www.hostin.sk\/wp-content\/uploads\/2020\/06\/155-3_dd-mol-004-s-1-1.jpg","type":"image\/jpeg"}],"twitter_card":"summary_large_image","twitter_misc":{"Est. reading time":"2 minutes"},"schema":{"@context":"https:\/\/schema.org","@graph":[{"@type":"WebPage","@id":"https:\/\/www.hostin.sk\/en\/product\/touchless-hand-sanitizer-lowered-stand\/","url":"https:\/\/www.hostin.sk\/en\/product\/touchless-hand-sanitizer-lowered-stand\/","name":"Touchless Hand Sanitizer - Lowered Stand - HOSTIN","isPartOf":{"@id":"https:\/\/www.hostin.sk\/#website"},"primaryImageOfPage":{"@id":"https:\/\/www.hostin.sk\/en\/product\/touchless-hand-sanitizer-lowered-stand\/#primaryimage"},"image":{"@id":"https:\/\/www.hostin.sk\/en\/product\/touchless-hand-sanitizer-lowered-stand\/#primaryimage"},"thumbnailUrl":"https:\/\/www.hostin.sk\/wp-content\/uploads\/2020\/06\/155-3_dd-mol-004-s-1-1.jpg","datePublished":"2020-06-02T09:57:24+00:00","dateModified":"2025-03-27T14:24:22+00:00","description":"Touchless hand sanitizer dispenser \u2013 reduced-height stand for easy access. Made of durable stainless steel, fully assembled, and ready for immediate use.","breadcrumb":{"@id":"https:\/\/www.hostin.sk\/en\/product\/touchless-hand-sanitizer-lowered-stand\/#breadcrumb"},"inLanguage":"en-US","potentialAction":[{"@type":"ReadAction","target":["https:\/\/www.hostin.sk\/en\/product\/touchless-hand-sanitizer-lowered-stand\/"]}]},{"@type":"ImageObject","inLanguage":"en-US","@id":"https:\/\/www.hostin.sk\/en\/product\/touchless-hand-sanitizer-lowered-stand\/#primaryimage","url":"https:\/\/www.hostin.sk\/wp-content\/uploads\/2020\/06\/155-3_dd-mol-004-s-1-1.jpg","contentUrl":"https:\/\/www.hostin.sk\/wp-content\/uploads\/2020\/06\/155-3_dd-mol-004-s-1-1.jpg","width":1900,"height":1900},{"@type":"BreadcrumbList","@id":"https:\/\/www.hostin.sk\/en\/product\/touchless-hand-sanitizer-lowered-stand\/#breadcrumb","itemListElement":[{"@type":"ListItem","position":1,"name":"Domov","item":"https:\/\/www.hostin.sk\/en\/"},{"@type":"ListItem","position":2,"name":"Shop","item":"https:\/\/www.hostin.sk\/en\/shop\/"},{"@type":"ListItem","position":3,"name":"Disinfection Stands","item":"https:\/\/www.hostin.sk\/en\/kategoria-produktu\/disinfection-stands-en\/"},{"@type":"ListItem","position":4,"name":"Touchless Hand Sanitizer &#8211; Lowered Stand"}]},{"@type":"WebSite","@id":"https:\/\/www.hostin.sk\/#website","url":"https:\/\/www.hostin.sk\/","name":"HOSTIN","description":"Hroty proti vt\u00e1kom","potentialAction":[{"@type":"SearchAction","target":{"@type":"EntryPoint","urlTemplate":"https:\/\/www.hostin.sk\/?s={search_term_string}"},"query-input":{"@type":"PropertyValueSpecification","valueRequired":true,"valueName":"search_term_string"}}],"inLanguage":"en-US"}]}},"_links":{"self":[{"href":"https:\/\/www.hostin.sk\/en\/wp-json\/wp\/v2\/product\/9929","targetHints":{"allow":["GET"]}}],"collection":[{"href":"https:\/\/www.hostin.sk\/en\/wp-json\/wp\/v2\/product"}],"about":[{"href":"https:\/\/www.hostin.sk\/en\/wp-json\/wp\/v2\/types\/product"}],"wp:featuredmedia":[{"embeddable":true,"href":"https:\/\/www.hostin.sk\/en\/wp-json\/wp\/v2\/media\/7516"}],"wp:attachment":[{"href":"https:\/\/www.hostin.sk\/en\/wp-json\/wp\/v2\/media?parent=9929"}],"wp:term":[{"taxonomy":"product_brand","embeddable":true,"href":"https:\/\/www.hostin.sk\/en\/wp-json\/wp\/v2\/product_brand?post=9929"},{"taxonomy":"product_cat","embeddable":true,"href":"https:\/\/www.hostin.sk\/en\/wp-json\/wp\/v2\/product_cat?post=9929"},{"taxonomy":"product_tag","embeddable":true,"href":"https:\/\/www.hostin.sk\/en\/wp-json\/wp\/v2\/product_tag?post=9929"}],"curies":[{"name":"wp","href":"https:\/\/api.w.org\/{rel}","templated":true}]}}