{"id":9921,"date":"2020-06-02T12:24:29","date_gmt":"2020-06-02T10:24:29","guid":{"rendered":"https:\/\/www.hostin.sk\/produkt\/bezdotykova-dezinfekcia-na-tyc-35mm\/"},"modified":"2025-03-27T15:21:47","modified_gmt":"2025-03-27T14:21:47","slug":"touchless-hand-sanitizer-for-35mm-pole","status":"publish","type":"product","link":"https:\/\/www.hostin.sk\/en\/product\/touchless-hand-sanitizer-for-35mm-pole\/","title":{"rendered":"Touchless Hand Sanitizer &#8211; for 35mm pole"},"content":{"rendered":"<p data-start=\"0\" data-end=\"44\">Touchless Disinfection &#8211; for 35mm Pole<\/p>\n<p data-start=\"46\" data-end=\"142\">Automatic dispensing of disinfectant upon detecting hands in the area under the dispenser.<\/p>\n<p data-start=\"144\" data-end=\"220\">GP Super Alkaline LR6 (AA type) batteries; 4 pieces included for free.<\/p>\n<p data-start=\"222\" data-end=\"240\"><strong>Details:<\/strong><\/p>\n<ul data-start=\"241\" data-end=\"697\" data-is-only-node=\"\" data-is-last-node=\"\">\n<li data-start=\"241\" data-end=\"295\">IR sensor, detection distance: 20 \u2013 120 mm<\/li>\n<li data-start=\"296\" data-end=\"341\">LED indication for operational status<\/li>\n<li data-start=\"342\" data-end=\"404\">Adjustable disinfectant dose volume: 0.5 or 1.0 ml<\/li>\n<li data-start=\"405\" data-end=\"453\">Refillable disinfectant tank: 600 ml<\/li>\n<li data-start=\"454\" data-end=\"537\">Operates on alkaline batteries (4 x AA type), lasting approx. 15,000 cycles<\/li>\n<li data-start=\"538\" data-end=\"589\">Dispenser pump lifespan: 100,000 cycles<\/li>\n<li data-start=\"590\" data-end=\"622\">Lockable dispenser cover<\/li>\n<li data-start=\"623\" data-end=\"697\" data-is-last-node=\"\">Rear mounting bracket for a 35mm diameter pole, made in Slovakia<\/li>\n<\/ul>\n<p><strong>Manual:<\/strong><\/p>\n<ul>\n<li><a href=\"https:\/\/www.hostin.sk\/wp-content\/uploads\/2024\/05\/nu_dd-mol-006_000_22052020-1.pdf\" target=\"_blank\" rel=\"noopener\">User Manual<\/a><\/li>\n<li><a href=\"https:\/\/www.hostin.sk\/wp-content\/uploads\/2024\/05\/pl_dd-mol-006_001_25052020.pdf\" target=\"_blank\" rel=\"noopener\">Product Datasheet<\/a><\/li>\n<\/ul>\n<figure class=\"ratio ratio-16x9\"><iframe title=\"D\u00e1vkova\u010d dezinfekcie bezdotykov\u00fd s rozpra\u0161ova\u010dom - dr\u017eiak na ty\u010d D30mm\/D35mm - molpir-dezinfekcia.sk\" width=\"500\" height=\"281\" src=\"https:\/\/www.youtube.com\/embed\/aJHFaNwrSlA?feature=oembed\" frameborder=\"0\" allow=\"accelerometer; autoplay; clipboard-write; encrypted-media; gyroscope; picture-in-picture; web-share\" referrerpolicy=\"strict-origin-when-cross-origin\" allowfullscreen><\/iframe><\/figure>\n","protected":false},"excerpt":{"rendered":"<p>Touchless Hand Sanitizer Dispenser \u2013 For 35mm Diameter Pole<\/p>\n","protected":false},"featured_media":7495,"template":"","meta":{"_acf_changed":false},"product_brand":[],"product_cat":[181],"product_tag":[],"class_list":{"0":"post-9921","1":"product","2":"type-product","3":"status-publish","4":"has-post-thumbnail","6":"product_cat-disinfection-stands-en","8":"first","9":"instock","10":"taxable","11":"shipping-taxable","12":"purchasable","13":"product-type-simple"},"acf":[],"yoast_head":"<!-- This site is optimized with the Yoast SEO plugin v27.4 - https:\/\/yoast.com\/product\/yoast-seo-wordpress\/ -->\n<title>Touchless Hand Sanitizer - for 35mm pole - HOSTIN<\/title>\n<meta name=\"description\" content=\"Touchless hand sanitizer dispenser with a rear mount for 35mm diameter poles. Automatic dosing, refillable 600ml tank, battery-powered, and lockable cover.\" \/>\n<meta name=\"robots\" content=\"index, follow, max-snippet:-1, max-image-preview:large, max-video-preview:-1\" \/>\n<link rel=\"canonical\" href=\"https:\/\/www.hostin.sk\/en\/product\/touchless-hand-sanitizer-for-35mm-pole\/\" \/>\n<meta property=\"og:locale\" content=\"en_US\" \/>\n<meta property=\"og:type\" content=\"article\" \/>\n<meta property=\"og:title\" content=\"Touchless Hand Sanitizer - for 35mm pole - HOSTIN\" \/>\n<meta property=\"og:description\" content=\"Touchless hand sanitizer dispenser with a rear mount for 35mm diameter poles. Automatic dosing, refillable 600ml tank, battery-powered, and lockable cover.\" \/>\n<meta property=\"og:url\" content=\"https:\/\/www.hostin.sk\/en\/product\/touchless-hand-sanitizer-for-35mm-pole\/\" \/>\n<meta property=\"og:site_name\" content=\"HOSTIN\" \/>\n<meta property=\"article:modified_time\" content=\"2025-03-27T14:21:47+00:00\" \/>\n<meta property=\"og:image\" content=\"https:\/\/www.hostin.sk\/wp-content\/uploads\/2020\/06\/161-3_dd-mol-005-006-2-1.jpg\" \/>\n\t<meta property=\"og:image:width\" content=\"1900\" \/>\n\t<meta property=\"og:image:height\" content=\"1900\" \/>\n\t<meta property=\"og:image:type\" content=\"image\/jpeg\" \/>\n<meta name=\"twitter:card\" content=\"summary_large_image\" \/>\n<meta name=\"twitter:label1\" content=\"Est. reading time\" \/>\n\t<meta name=\"twitter:data1\" content=\"1 minute\" \/>\n<script type=\"application\/ld+json\" class=\"yoast-schema-graph\">{\"@context\":\"https:\\\/\\\/schema.org\",\"@graph\":[{\"@type\":\"WebPage\",\"@id\":\"https:\\\/\\\/www.hostin.sk\\\/en\\\/product\\\/touchless-hand-sanitizer-for-35mm-pole\\\/\",\"url\":\"https:\\\/\\\/www.hostin.sk\\\/en\\\/product\\\/touchless-hand-sanitizer-for-35mm-pole\\\/\",\"name\":\"Touchless Hand Sanitizer - for 35mm pole - HOSTIN\",\"isPartOf\":{\"@id\":\"https:\\\/\\\/www.hostin.sk\\\/#website\"},\"primaryImageOfPage\":{\"@id\":\"https:\\\/\\\/www.hostin.sk\\\/en\\\/product\\\/touchless-hand-sanitizer-for-35mm-pole\\\/#primaryimage\"},\"image\":{\"@id\":\"https:\\\/\\\/www.hostin.sk\\\/en\\\/product\\\/touchless-hand-sanitizer-for-35mm-pole\\\/#primaryimage\"},\"thumbnailUrl\":\"https:\\\/\\\/www.hostin.sk\\\/wp-content\\\/uploads\\\/2020\\\/06\\\/161-3_dd-mol-005-006-2-1.jpg\",\"datePublished\":\"2020-06-02T10:24:29+00:00\",\"dateModified\":\"2025-03-27T14:21:47+00:00\",\"description\":\"Touchless hand sanitizer dispenser with a rear mount for 35mm diameter poles. Automatic dosing, refillable 600ml tank, battery-powered, and lockable cover.\",\"breadcrumb\":{\"@id\":\"https:\\\/\\\/www.hostin.sk\\\/en\\\/product\\\/touchless-hand-sanitizer-for-35mm-pole\\\/#breadcrumb\"},\"inLanguage\":\"en-US\",\"potentialAction\":[{\"@type\":\"ReadAction\",\"target\":[\"https:\\\/\\\/www.hostin.sk\\\/en\\\/product\\\/touchless-hand-sanitizer-for-35mm-pole\\\/\"]}]},{\"@type\":\"ImageObject\",\"inLanguage\":\"en-US\",\"@id\":\"https:\\\/\\\/www.hostin.sk\\\/en\\\/product\\\/touchless-hand-sanitizer-for-35mm-pole\\\/#primaryimage\",\"url\":\"https:\\\/\\\/www.hostin.sk\\\/wp-content\\\/uploads\\\/2020\\\/06\\\/161-3_dd-mol-005-006-2-1.jpg\",\"contentUrl\":\"https:\\\/\\\/www.hostin.sk\\\/wp-content\\\/uploads\\\/2020\\\/06\\\/161-3_dd-mol-005-006-2-1.jpg\",\"width\":1900,\"height\":1900},{\"@type\":\"BreadcrumbList\",\"@id\":\"https:\\\/\\\/www.hostin.sk\\\/en\\\/product\\\/touchless-hand-sanitizer-for-35mm-pole\\\/#breadcrumb\",\"itemListElement\":[{\"@type\":\"ListItem\",\"position\":1,\"name\":\"Domov\",\"item\":\"https:\\\/\\\/www.hostin.sk\\\/en\\\/\"},{\"@type\":\"ListItem\",\"position\":2,\"name\":\"Shop\",\"item\":\"https:\\\/\\\/www.hostin.sk\\\/en\\\/shop\\\/\"},{\"@type\":\"ListItem\",\"position\":3,\"name\":\"Disinfection Stands\",\"item\":\"https:\\\/\\\/www.hostin.sk\\\/en\\\/kategoria-produktu\\\/disinfection-stands-en\\\/\"},{\"@type\":\"ListItem\",\"position\":4,\"name\":\"Touchless Hand Sanitizer &#8211; for 35mm pole\"}]},{\"@type\":\"WebSite\",\"@id\":\"https:\\\/\\\/www.hostin.sk\\\/#website\",\"url\":\"https:\\\/\\\/www.hostin.sk\\\/\",\"name\":\"HOSTIN\",\"description\":\"Hroty proti vt\u00e1kom\",\"potentialAction\":[{\"@type\":\"SearchAction\",\"target\":{\"@type\":\"EntryPoint\",\"urlTemplate\":\"https:\\\/\\\/www.hostin.sk\\\/?s={search_term_string}\"},\"query-input\":{\"@type\":\"PropertyValueSpecification\",\"valueRequired\":true,\"valueName\":\"search_term_string\"}}],\"inLanguage\":\"en-US\"}]}<\/script>\n<!-- \/ Yoast SEO plugin. -->","yoast_head_json":{"title":"Touchless Hand Sanitizer - for 35mm pole - HOSTIN","description":"Touchless hand sanitizer dispenser with a rear mount for 35mm diameter poles. Automatic dosing, refillable 600ml tank, battery-powered, and lockable cover.","robots":{"index":"index","follow":"follow","max-snippet":"max-snippet:-1","max-image-preview":"max-image-preview:large","max-video-preview":"max-video-preview:-1"},"canonical":"https:\/\/www.hostin.sk\/en\/product\/touchless-hand-sanitizer-for-35mm-pole\/","og_locale":"en_US","og_type":"article","og_title":"Touchless Hand Sanitizer - for 35mm pole - HOSTIN","og_description":"Touchless hand sanitizer dispenser with a rear mount for 35mm diameter poles. Automatic dosing, refillable 600ml tank, battery-powered, and lockable cover.","og_url":"https:\/\/www.hostin.sk\/en\/product\/touchless-hand-sanitizer-for-35mm-pole\/","og_site_name":"HOSTIN","article_modified_time":"2025-03-27T14:21:47+00:00","og_image":[{"width":1900,"height":1900,"url":"https:\/\/www.hostin.sk\/wp-content\/uploads\/2020\/06\/161-3_dd-mol-005-006-2-1.jpg","type":"image\/jpeg"}],"twitter_card":"summary_large_image","twitter_misc":{"Est. reading time":"1 minute"},"schema":{"@context":"https:\/\/schema.org","@graph":[{"@type":"WebPage","@id":"https:\/\/www.hostin.sk\/en\/product\/touchless-hand-sanitizer-for-35mm-pole\/","url":"https:\/\/www.hostin.sk\/en\/product\/touchless-hand-sanitizer-for-35mm-pole\/","name":"Touchless Hand Sanitizer - for 35mm pole - HOSTIN","isPartOf":{"@id":"https:\/\/www.hostin.sk\/#website"},"primaryImageOfPage":{"@id":"https:\/\/www.hostin.sk\/en\/product\/touchless-hand-sanitizer-for-35mm-pole\/#primaryimage"},"image":{"@id":"https:\/\/www.hostin.sk\/en\/product\/touchless-hand-sanitizer-for-35mm-pole\/#primaryimage"},"thumbnailUrl":"https:\/\/www.hostin.sk\/wp-content\/uploads\/2020\/06\/161-3_dd-mol-005-006-2-1.jpg","datePublished":"2020-06-02T10:24:29+00:00","dateModified":"2025-03-27T14:21:47+00:00","description":"Touchless hand sanitizer dispenser with a rear mount for 35mm diameter poles. Automatic dosing, refillable 600ml tank, battery-powered, and lockable cover.","breadcrumb":{"@id":"https:\/\/www.hostin.sk\/en\/product\/touchless-hand-sanitizer-for-35mm-pole\/#breadcrumb"},"inLanguage":"en-US","potentialAction":[{"@type":"ReadAction","target":["https:\/\/www.hostin.sk\/en\/product\/touchless-hand-sanitizer-for-35mm-pole\/"]}]},{"@type":"ImageObject","inLanguage":"en-US","@id":"https:\/\/www.hostin.sk\/en\/product\/touchless-hand-sanitizer-for-35mm-pole\/#primaryimage","url":"https:\/\/www.hostin.sk\/wp-content\/uploads\/2020\/06\/161-3_dd-mol-005-006-2-1.jpg","contentUrl":"https:\/\/www.hostin.sk\/wp-content\/uploads\/2020\/06\/161-3_dd-mol-005-006-2-1.jpg","width":1900,"height":1900},{"@type":"BreadcrumbList","@id":"https:\/\/www.hostin.sk\/en\/product\/touchless-hand-sanitizer-for-35mm-pole\/#breadcrumb","itemListElement":[{"@type":"ListItem","position":1,"name":"Domov","item":"https:\/\/www.hostin.sk\/en\/"},{"@type":"ListItem","position":2,"name":"Shop","item":"https:\/\/www.hostin.sk\/en\/shop\/"},{"@type":"ListItem","position":3,"name":"Disinfection Stands","item":"https:\/\/www.hostin.sk\/en\/kategoria-produktu\/disinfection-stands-en\/"},{"@type":"ListItem","position":4,"name":"Touchless Hand Sanitizer &#8211; for 35mm pole"}]},{"@type":"WebSite","@id":"https:\/\/www.hostin.sk\/#website","url":"https:\/\/www.hostin.sk\/","name":"HOSTIN","description":"Hroty proti vt\u00e1kom","potentialAction":[{"@type":"SearchAction","target":{"@type":"EntryPoint","urlTemplate":"https:\/\/www.hostin.sk\/?s={search_term_string}"},"query-input":{"@type":"PropertyValueSpecification","valueRequired":true,"valueName":"search_term_string"}}],"inLanguage":"en-US"}]}},"_links":{"self":[{"href":"https:\/\/www.hostin.sk\/en\/wp-json\/wp\/v2\/product\/9921","targetHints":{"allow":["GET"]}}],"collection":[{"href":"https:\/\/www.hostin.sk\/en\/wp-json\/wp\/v2\/product"}],"about":[{"href":"https:\/\/www.hostin.sk\/en\/wp-json\/wp\/v2\/types\/product"}],"wp:featuredmedia":[{"embeddable":true,"href":"https:\/\/www.hostin.sk\/en\/wp-json\/wp\/v2\/media\/7495"}],"wp:attachment":[{"href":"https:\/\/www.hostin.sk\/en\/wp-json\/wp\/v2\/media?parent=9921"}],"wp:term":[{"taxonomy":"product_brand","embeddable":true,"href":"https:\/\/www.hostin.sk\/en\/wp-json\/wp\/v2\/product_brand?post=9921"},{"taxonomy":"product_cat","embeddable":true,"href":"https:\/\/www.hostin.sk\/en\/wp-json\/wp\/v2\/product_cat?post=9921"},{"taxonomy":"product_tag","embeddable":true,"href":"https:\/\/www.hostin.sk\/en\/wp-json\/wp\/v2\/product_tag?post=9921"}],"curies":[{"name":"wp","href":"https:\/\/api.w.org\/{rel}","templated":true}]}}