{"id":9917,"date":"2020-06-02T13:35:46","date_gmt":"2020-06-02T11:35:46","guid":{"rendered":"https:\/\/www.hostin.sk\/produkt\/bezdotykova-dezinfekcia-cloud-10-1-tablet\/"},"modified":"2025-03-27T15:17:31","modified_gmt":"2025-03-27T14:17:31","slug":"touchless-disinfection-cloud-10-1-tablet","status":"publish","type":"product","link":"https:\/\/www.hostin.sk\/en\/product\/touchless-disinfection-cloud-10-1-tablet\/","title":{"rendered":"Touchless Hand Sanitizer &#8211; Cloud 10.1&#8243; tablet"},"content":{"rendered":"<p data-start=\"0\" data-end=\"92\">Automatic dispensing of disinfectant upon detecting hands in the area under the dispenser.<\/p>\n<p data-start=\"94\" data-end=\"311\">10.1&#8243; tablet with Wi-Fi connectivity and person detection in front of the dispenser provides advanced display options for instructions on how to use the disinfectant dispenser, advertisements, and other information.<\/p>\n<p data-start=\"313\" data-end=\"383\" data-is-last-node=\"\" data-is-only-node=\"\">GP Super Alkaline LR6 (AA type) batteries; 4 pieces included for free.<\/p>\n<p><img decoding=\"async\" class=\"alignnone size-medium\" src=\"https:\/\/cdn.myshoptet.com\/usr\/www.molpir-dezinfekcia.sk\/user\/documents\/upload\/ikony-davkovac-01.png\" alt=\"D\u00e1vkova\u010d dezinfekcie\" width=\"600\" height=\"150\" \/><\/p>\n<p data-start=\"0\" data-end=\"14\"><strong data-start=\"0\" data-end=\"12\">Details:<\/strong><\/p>\n<ul data-start=\"16\" data-end=\"827\" data-is-only-node=\"\" data-is-last-node=\"\">\n<li data-start=\"16\" data-end=\"71\">IR sensor, detection distance: 20 \u2013 120 mm.<\/li>\n<li data-start=\"72\" data-end=\"118\">LED indication for operational status.<\/li>\n<li data-start=\"119\" data-end=\"182\">Adjustable disinfectant dose volume: 0.5 or 1.0 ml.<\/li>\n<li data-start=\"183\" data-end=\"232\">Refillable disinfectant tank: 600 ml.<\/li>\n<li data-start=\"233\" data-end=\"317\">Operates on alkaline batteries (4 x AA type), lasting approx. 15,000 cycles.<\/li>\n<li data-start=\"318\" data-end=\"367\">Option for 230V power adapter connection.<\/li>\n<li data-start=\"368\" data-end=\"420\">Dispenser pump lifespan: 100,000 cycles.<\/li>\n<li data-start=\"421\" data-end=\"454\">Lockable dispenser cover.<\/li>\n<li data-start=\"455\" data-end=\"549\">Stable floor stand, made of brushed stainless steel, manufactured in Slovakia.<\/li>\n<li data-start=\"550\" data-end=\"730\">10.1&#8243; tablet with Android 6 OS, Wi-Fi connectivity for cloud-based remote management of media content and app control; resolution: 1024\u00d7600; aspect ratio: 16:9.<\/li>\n<li data-start=\"731\" data-end=\"827\" data-is-last-node=\"\">The dispenser with the stand is delivered fully assembled and ready for immediate use.<\/li>\n<\/ul>\n<p><strong>Manual<\/strong>:<\/p>\n<ul>\n<li><a href=\"https:\/\/www.hostin.sk\/wp-content\/uploads\/2024\/05\/pl_dd-mol-009_001_25052020.pdf\" target=\"_blank\" rel=\"noopener\">Product Datasheet<\/a><\/li>\n<\/ul>\n<figure class=\"ratio ratio-16x9\"><iframe title=\"D\u00e1vkova\u010d dezinfekcie bezdotykov\u00fd s rozpra\u0161ova\u010dom - stojan s 10.1&quot; tabletom - molpir-dezinfekcia.sk\" width=\"500\" height=\"281\" src=\"https:\/\/www.youtube.com\/embed\/9nRnZmlRAc4?feature=oembed\" frameborder=\"0\" allow=\"accelerometer; autoplay; clipboard-write; encrypted-media; gyroscope; picture-in-picture; web-share\" referrerpolicy=\"strict-origin-when-cross-origin\" allowfullscreen><\/iframe><\/figure>\n","protected":false},"excerpt":{"rendered":"<p>Touchless Hand Sanitizer Dispenser &#8211; Stand<\/p>\n","protected":false},"featured_media":7474,"template":"","meta":{"_acf_changed":false},"product_brand":[],"product_cat":[181],"product_tag":[],"class_list":{"0":"post-9917","1":"product","2":"type-product","3":"status-publish","4":"has-post-thumbnail","6":"product_cat-disinfection-stands-en","8":"first","9":"instock","10":"taxable","11":"shipping-taxable","12":"purchasable","13":"product-type-simple"},"acf":[],"yoast_head":"<!-- This site is optimized with the Yoast SEO plugin v27.4 - https:\/\/yoast.com\/product\/yoast-seo-wordpress\/ -->\n<title>Touchless Hand Sanitizer - Cloud 10.1&quot; tablet - HOSTIN<\/title>\n<meta name=\"description\" content=\"Touchless hand sanitizer dispenser with a sturdy stainless steel stand, refillable tank and a 10.1\u201d cloud-connected tablet. Ready to use!\" \/>\n<meta name=\"robots\" content=\"index, follow, max-snippet:-1, max-image-preview:large, max-video-preview:-1\" \/>\n<link rel=\"canonical\" href=\"https:\/\/www.hostin.sk\/en\/product\/touchless-disinfection-cloud-10-1-tablet\/\" \/>\n<meta property=\"og:locale\" content=\"en_US\" \/>\n<meta property=\"og:type\" content=\"article\" \/>\n<meta property=\"og:title\" content=\"Touchless Hand Sanitizer - Cloud 10.1&quot; tablet - HOSTIN\" \/>\n<meta property=\"og:description\" content=\"Touchless hand sanitizer dispenser with a sturdy stainless steel stand, refillable tank and a 10.1\u201d cloud-connected tablet. Ready to use!\" \/>\n<meta property=\"og:url\" content=\"https:\/\/www.hostin.sk\/en\/product\/touchless-disinfection-cloud-10-1-tablet\/\" \/>\n<meta property=\"og:site_name\" content=\"HOSTIN\" \/>\n<meta property=\"article:modified_time\" content=\"2025-03-27T14:17:31+00:00\" \/>\n<meta property=\"og:image\" content=\"https:\/\/www.hostin.sk\/wp-content\/uploads\/2020\/06\/170-4_dd-mol-009-1-1.jpg\" \/>\n\t<meta property=\"og:image:width\" content=\"1900\" \/>\n\t<meta property=\"og:image:height\" content=\"1900\" \/>\n\t<meta property=\"og:image:type\" content=\"image\/jpeg\" \/>\n<meta name=\"twitter:card\" content=\"summary_large_image\" \/>\n<meta name=\"twitter:label1\" content=\"Est. reading time\" \/>\n\t<meta name=\"twitter:data1\" content=\"2 minutes\" \/>\n<script type=\"application\/ld+json\" class=\"yoast-schema-graph\">{\"@context\":\"https:\\\/\\\/schema.org\",\"@graph\":[{\"@type\":\"WebPage\",\"@id\":\"https:\\\/\\\/www.hostin.sk\\\/en\\\/product\\\/touchless-disinfection-cloud-10-1-tablet\\\/\",\"url\":\"https:\\\/\\\/www.hostin.sk\\\/en\\\/product\\\/touchless-disinfection-cloud-10-1-tablet\\\/\",\"name\":\"Touchless Hand Sanitizer - Cloud 10.1\\\" tablet - HOSTIN\",\"isPartOf\":{\"@id\":\"https:\\\/\\\/www.hostin.sk\\\/#website\"},\"primaryImageOfPage\":{\"@id\":\"https:\\\/\\\/www.hostin.sk\\\/en\\\/product\\\/touchless-disinfection-cloud-10-1-tablet\\\/#primaryimage\"},\"image\":{\"@id\":\"https:\\\/\\\/www.hostin.sk\\\/en\\\/product\\\/touchless-disinfection-cloud-10-1-tablet\\\/#primaryimage\"},\"thumbnailUrl\":\"https:\\\/\\\/www.hostin.sk\\\/wp-content\\\/uploads\\\/2020\\\/06\\\/170-4_dd-mol-009-1-1.jpg\",\"datePublished\":\"2020-06-02T11:35:46+00:00\",\"dateModified\":\"2025-03-27T14:17:31+00:00\",\"description\":\"Touchless hand sanitizer dispenser with a sturdy stainless steel stand, refillable tank and a 10.1\u201d cloud-connected tablet. Ready to use!\",\"breadcrumb\":{\"@id\":\"https:\\\/\\\/www.hostin.sk\\\/en\\\/product\\\/touchless-disinfection-cloud-10-1-tablet\\\/#breadcrumb\"},\"inLanguage\":\"en-US\",\"potentialAction\":[{\"@type\":\"ReadAction\",\"target\":[\"https:\\\/\\\/www.hostin.sk\\\/en\\\/product\\\/touchless-disinfection-cloud-10-1-tablet\\\/\"]}]},{\"@type\":\"ImageObject\",\"inLanguage\":\"en-US\",\"@id\":\"https:\\\/\\\/www.hostin.sk\\\/en\\\/product\\\/touchless-disinfection-cloud-10-1-tablet\\\/#primaryimage\",\"url\":\"https:\\\/\\\/www.hostin.sk\\\/wp-content\\\/uploads\\\/2020\\\/06\\\/170-4_dd-mol-009-1-1.jpg\",\"contentUrl\":\"https:\\\/\\\/www.hostin.sk\\\/wp-content\\\/uploads\\\/2020\\\/06\\\/170-4_dd-mol-009-1-1.jpg\",\"width\":1900,\"height\":1900},{\"@type\":\"BreadcrumbList\",\"@id\":\"https:\\\/\\\/www.hostin.sk\\\/en\\\/product\\\/touchless-disinfection-cloud-10-1-tablet\\\/#breadcrumb\",\"itemListElement\":[{\"@type\":\"ListItem\",\"position\":1,\"name\":\"Domov\",\"item\":\"https:\\\/\\\/www.hostin.sk\\\/en\\\/\"},{\"@type\":\"ListItem\",\"position\":2,\"name\":\"Shop\",\"item\":\"https:\\\/\\\/www.hostin.sk\\\/en\\\/shop\\\/\"},{\"@type\":\"ListItem\",\"position\":3,\"name\":\"Disinfection Stands\",\"item\":\"https:\\\/\\\/www.hostin.sk\\\/en\\\/kategoria-produktu\\\/disinfection-stands-en\\\/\"},{\"@type\":\"ListItem\",\"position\":4,\"name\":\"Touchless Hand Sanitizer &#8211; Cloud 10.1&#8243; tablet\"}]},{\"@type\":\"WebSite\",\"@id\":\"https:\\\/\\\/www.hostin.sk\\\/#website\",\"url\":\"https:\\\/\\\/www.hostin.sk\\\/\",\"name\":\"HOSTIN\",\"description\":\"Hroty proti vt\u00e1kom\",\"potentialAction\":[{\"@type\":\"SearchAction\",\"target\":{\"@type\":\"EntryPoint\",\"urlTemplate\":\"https:\\\/\\\/www.hostin.sk\\\/?s={search_term_string}\"},\"query-input\":{\"@type\":\"PropertyValueSpecification\",\"valueRequired\":true,\"valueName\":\"search_term_string\"}}],\"inLanguage\":\"en-US\"}]}<\/script>\n<!-- \/ Yoast SEO plugin. -->","yoast_head_json":{"title":"Touchless Hand Sanitizer - Cloud 10.1\" tablet - HOSTIN","description":"Touchless hand sanitizer dispenser with a sturdy stainless steel stand, refillable tank and a 10.1\u201d cloud-connected tablet. Ready to use!","robots":{"index":"index","follow":"follow","max-snippet":"max-snippet:-1","max-image-preview":"max-image-preview:large","max-video-preview":"max-video-preview:-1"},"canonical":"https:\/\/www.hostin.sk\/en\/product\/touchless-disinfection-cloud-10-1-tablet\/","og_locale":"en_US","og_type":"article","og_title":"Touchless Hand Sanitizer - Cloud 10.1\" tablet - HOSTIN","og_description":"Touchless hand sanitizer dispenser with a sturdy stainless steel stand, refillable tank and a 10.1\u201d cloud-connected tablet. Ready to use!","og_url":"https:\/\/www.hostin.sk\/en\/product\/touchless-disinfection-cloud-10-1-tablet\/","og_site_name":"HOSTIN","article_modified_time":"2025-03-27T14:17:31+00:00","og_image":[{"width":1900,"height":1900,"url":"https:\/\/www.hostin.sk\/wp-content\/uploads\/2020\/06\/170-4_dd-mol-009-1-1.jpg","type":"image\/jpeg"}],"twitter_card":"summary_large_image","twitter_misc":{"Est. reading time":"2 minutes"},"schema":{"@context":"https:\/\/schema.org","@graph":[{"@type":"WebPage","@id":"https:\/\/www.hostin.sk\/en\/product\/touchless-disinfection-cloud-10-1-tablet\/","url":"https:\/\/www.hostin.sk\/en\/product\/touchless-disinfection-cloud-10-1-tablet\/","name":"Touchless Hand Sanitizer - Cloud 10.1\" tablet - HOSTIN","isPartOf":{"@id":"https:\/\/www.hostin.sk\/#website"},"primaryImageOfPage":{"@id":"https:\/\/www.hostin.sk\/en\/product\/touchless-disinfection-cloud-10-1-tablet\/#primaryimage"},"image":{"@id":"https:\/\/www.hostin.sk\/en\/product\/touchless-disinfection-cloud-10-1-tablet\/#primaryimage"},"thumbnailUrl":"https:\/\/www.hostin.sk\/wp-content\/uploads\/2020\/06\/170-4_dd-mol-009-1-1.jpg","datePublished":"2020-06-02T11:35:46+00:00","dateModified":"2025-03-27T14:17:31+00:00","description":"Touchless hand sanitizer dispenser with a sturdy stainless steel stand, refillable tank and a 10.1\u201d cloud-connected tablet. Ready to use!","breadcrumb":{"@id":"https:\/\/www.hostin.sk\/en\/product\/touchless-disinfection-cloud-10-1-tablet\/#breadcrumb"},"inLanguage":"en-US","potentialAction":[{"@type":"ReadAction","target":["https:\/\/www.hostin.sk\/en\/product\/touchless-disinfection-cloud-10-1-tablet\/"]}]},{"@type":"ImageObject","inLanguage":"en-US","@id":"https:\/\/www.hostin.sk\/en\/product\/touchless-disinfection-cloud-10-1-tablet\/#primaryimage","url":"https:\/\/www.hostin.sk\/wp-content\/uploads\/2020\/06\/170-4_dd-mol-009-1-1.jpg","contentUrl":"https:\/\/www.hostin.sk\/wp-content\/uploads\/2020\/06\/170-4_dd-mol-009-1-1.jpg","width":1900,"height":1900},{"@type":"BreadcrumbList","@id":"https:\/\/www.hostin.sk\/en\/product\/touchless-disinfection-cloud-10-1-tablet\/#breadcrumb","itemListElement":[{"@type":"ListItem","position":1,"name":"Domov","item":"https:\/\/www.hostin.sk\/en\/"},{"@type":"ListItem","position":2,"name":"Shop","item":"https:\/\/www.hostin.sk\/en\/shop\/"},{"@type":"ListItem","position":3,"name":"Disinfection Stands","item":"https:\/\/www.hostin.sk\/en\/kategoria-produktu\/disinfection-stands-en\/"},{"@type":"ListItem","position":4,"name":"Touchless Hand Sanitizer &#8211; Cloud 10.1&#8243; tablet"}]},{"@type":"WebSite","@id":"https:\/\/www.hostin.sk\/#website","url":"https:\/\/www.hostin.sk\/","name":"HOSTIN","description":"Hroty proti vt\u00e1kom","potentialAction":[{"@type":"SearchAction","target":{"@type":"EntryPoint","urlTemplate":"https:\/\/www.hostin.sk\/?s={search_term_string}"},"query-input":{"@type":"PropertyValueSpecification","valueRequired":true,"valueName":"search_term_string"}}],"inLanguage":"en-US"}]}},"_links":{"self":[{"href":"https:\/\/www.hostin.sk\/en\/wp-json\/wp\/v2\/product\/9917","targetHints":{"allow":["GET"]}}],"collection":[{"href":"https:\/\/www.hostin.sk\/en\/wp-json\/wp\/v2\/product"}],"about":[{"href":"https:\/\/www.hostin.sk\/en\/wp-json\/wp\/v2\/types\/product"}],"wp:featuredmedia":[{"embeddable":true,"href":"https:\/\/www.hostin.sk\/en\/wp-json\/wp\/v2\/media\/7474"}],"wp:attachment":[{"href":"https:\/\/www.hostin.sk\/en\/wp-json\/wp\/v2\/media?parent=9917"}],"wp:term":[{"taxonomy":"product_brand","embeddable":true,"href":"https:\/\/www.hostin.sk\/en\/wp-json\/wp\/v2\/product_brand?post=9917"},{"taxonomy":"product_cat","embeddable":true,"href":"https:\/\/www.hostin.sk\/en\/wp-json\/wp\/v2\/product_cat?post=9917"},{"taxonomy":"product_tag","embeddable":true,"href":"https:\/\/www.hostin.sk\/en\/wp-json\/wp\/v2\/product_tag?post=9917"}],"curies":[{"name":"wp","href":"https:\/\/api.w.org\/{rel}","templated":true}]}}