{"id":9915,"date":"2020-06-02T13:52:29","date_gmt":"2020-06-02T11:52:29","guid":{"rendered":"https:\/\/www.hostin.sk\/produkt\/bezdotykova-dezinfekcia-usb-12-monitor\/"},"modified":"2025-03-27T15:15:47","modified_gmt":"2025-03-27T14:15:47","slug":"touchless-disinfection-usb-12-monitor","status":"publish","type":"product","link":"https:\/\/www.hostin.sk\/en\/product\/touchless-disinfection-usb-12-monitor\/","title":{"rendered":"Touchless Hand Sanitizer &#8211; USB 12&#8243; monitor"},"content":{"rendered":"<p data-start=\"0\" data-end=\"92\">Automatic dispensing of disinfectant upon detecting hands in the area under the dispenser.<\/p>\n<p data-start=\"94\" data-end=\"289\">12&#8243; monitor &#8211; media player for music\/photos\/videos from an SD card\/USB flash drive, used to display instructions on how to use the disinfectant dispenser, advertisements, and other information.<\/p>\n<p data-start=\"291\" data-end=\"361\" data-is-last-node=\"\" data-is-only-node=\"\">GP Super Alkaline LR6 (AA type) batteries; 4 pieces included for free.<\/p>\n<p><img decoding=\"async\" class=\"alignnone size-medium\" src=\"https:\/\/cdn.myshoptet.com\/usr\/www.molpir-dezinfekcia.sk\/user\/documents\/upload\/ikony-davkovac-01.png\" alt=\"D\u00e1vkova\u010d dezinfekcie\" width=\"600\" height=\"150\" \/><\/p>\n<article class=\"w-full text-token-text-primary focus-visible:outline-2 focus-visible:outline-offset-[-4px]\" dir=\"auto\" data-testid=\"conversation-turn-17\" data-scroll-anchor=\"true\">\n<div class=\"text-base my-auto mx-auto py-[18px] px-6\">\n<div class=\"mx-auto flex flex-1 text-base gap-4 md:gap-5 lg:gap-6 md:max-w-3xl\">\n<div class=\"group\/conversation-turn relative flex w-full min-w-0 flex-col agent-turn @xs\/thread:px-0 @sm\/thread:px-1.5 @md\/thread:px-4\">\n<div class=\"flex-col gap-1 md:gap-3\">\n<div class=\"flex max-w-full flex-col flex-grow\">\n<div class=\"min-h-8 text-message relative flex w-full flex-col items-end gap-2 whitespace-normal break-words text-start [.text-message+&amp;]:mt-5\" dir=\"auto\" data-message-author-role=\"assistant\" data-message-id=\"dbd43385-9463-4078-b928-47c757f24c2e\" data-message-model-slug=\"gpt-4o\">\n<div class=\"flex w-full flex-col gap-1 empty:hidden first:pt-[3px]\">\n<div class=\"markdown prose w-full break-words dark:prose-invert light\">\n<p data-start=\"0\" data-end=\"14\"><strong data-start=\"0\" data-end=\"12\">Details:<\/strong><\/p>\n<ul data-start=\"16\" data-end=\"780\">\n<li data-start=\"16\" data-end=\"71\">IR sensor, detection distance: 20 \u2013 120 mm.<\/li>\n<li data-start=\"72\" data-end=\"118\">LED indication for operational status.<\/li>\n<li data-start=\"119\" data-end=\"182\">Adjustable disinfectant dose volume: 0.5 or 1.0 ml.<\/li>\n<li data-start=\"183\" data-end=\"232\">Refillable disinfectant tank: 600 ml.<\/li>\n<li data-start=\"233\" data-end=\"317\">Operates on alkaline batteries (4 x AA type), lasting approx. 15,000 cycles.<\/li>\n<li data-start=\"318\" data-end=\"367\">Option for 230V power adapter connection.<\/li>\n<li data-start=\"368\" data-end=\"420\">Dispenser pump lifespan: 100,000 cycles.<\/li>\n<li data-start=\"421\" data-end=\"454\">Lockable dispenser cover.<\/li>\n<li data-start=\"455\" data-end=\"549\">Stable floor stand, made of brushed stainless steel, manufactured in Slovakia.<\/li>\n<li data-start=\"550\" data-end=\"681\">12&#8243; monitor &#8211; media player (music\/photos\/videos); resolution: 1280\u00d7800; aspect ratio: 16:10; supports SD card\/USB port.<\/li>\n<li data-start=\"682\" data-end=\"780\">The dispenser with the stand is delivered fully assembled and ready for immediate use.<\/li>\n<\/ul>\n<p data-start=\"782\" data-end=\"793\" data-is-last-node=\"\" data-is-only-node=\"\"><strong data-start=\"782\" data-end=\"793\" data-is-last-node=\"\">Manual:<\/strong><\/p>\n<\/div>\n<\/div>\n<\/div>\n<\/div>\n<\/div>\n<\/div>\n<\/div>\n<\/div>\n<\/article>\n<ul>\n<li><a href=\"https:\/\/www.hostin.sk\/wp-content\/uploads\/2024\/05\/pl_dd-mol-008_001_25052020.pdf\" target=\"_blank\" rel=\"noopener\">Product Datasheet<\/a><\/li>\n<\/ul>\n<figure class=\"ratio ratio-16x9\"><iframe title=\"D\u00e1vkova\u010d dezinfekcie bezdotykov\u00fd s rozpra\u0161ova\u010dom - stojan s 12&quot; monitorom - molpir-dezinfekcia.sk\" width=\"500\" height=\"281\" src=\"https:\/\/www.youtube.com\/embed\/UyxoJ82b55M?feature=oembed\" frameborder=\"0\" allow=\"accelerometer; autoplay; clipboard-write; encrypted-media; gyroscope; picture-in-picture; web-share\" referrerpolicy=\"strict-origin-when-cross-origin\" allowfullscreen><\/iframe><\/figure>\n","protected":false},"excerpt":{"rendered":"<p>Touchless Hand Sanitizer Dispenser &#8211; Stand<\/p>\n","protected":false},"featured_media":7459,"template":"","meta":{"_acf_changed":false},"product_brand":[],"product_cat":[181],"product_tag":[],"class_list":{"0":"post-9915","1":"product","2":"type-product","3":"status-publish","4":"has-post-thumbnail","6":"product_cat-disinfection-stands-en","8":"first","9":"instock","10":"taxable","11":"shipping-taxable","12":"purchasable","13":"product-type-simple"},"acf":[],"yoast_head":"<!-- This site is optimized with the Yoast SEO plugin v27.4 - https:\/\/yoast.com\/product\/yoast-seo-wordpress\/ -->\n<title>Touchless Hand Sanitizer - USB 12&quot; monitor - HOSTIN<\/title>\n<meta name=\"description\" content=\"Touchless hand sanitizer dispenser with a sturdy stainless steel stand and a 12\u201d media display. Fully assembled and ready to use!\" \/>\n<meta name=\"robots\" content=\"index, follow, max-snippet:-1, max-image-preview:large, max-video-preview:-1\" \/>\n<link rel=\"canonical\" href=\"https:\/\/www.hostin.sk\/en\/product\/touchless-disinfection-usb-12-monitor\/\" \/>\n<meta property=\"og:locale\" content=\"en_US\" \/>\n<meta property=\"og:type\" content=\"article\" \/>\n<meta property=\"og:title\" content=\"Touchless Hand Sanitizer - USB 12&quot; monitor - HOSTIN\" \/>\n<meta property=\"og:description\" content=\"Touchless hand sanitizer dispenser with a sturdy stainless steel stand and a 12\u201d media display. Fully assembled and ready to use!\" \/>\n<meta property=\"og:url\" content=\"https:\/\/www.hostin.sk\/en\/product\/touchless-disinfection-usb-12-monitor\/\" \/>\n<meta property=\"og:site_name\" content=\"HOSTIN\" \/>\n<meta property=\"article:modified_time\" content=\"2025-03-27T14:15:47+00:00\" \/>\n<meta property=\"og:image\" content=\"https:\/\/www.hostin.sk\/wp-content\/uploads\/2020\/06\/167-4_dd-mol-008-1-1.jpg\" \/>\n\t<meta property=\"og:image:width\" content=\"1900\" \/>\n\t<meta property=\"og:image:height\" content=\"1900\" \/>\n\t<meta property=\"og:image:type\" content=\"image\/jpeg\" \/>\n<meta name=\"twitter:card\" content=\"summary_large_image\" \/>\n<meta name=\"twitter:label1\" content=\"Est. reading time\" \/>\n\t<meta name=\"twitter:data1\" content=\"2 minutes\" \/>\n<script type=\"application\/ld+json\" class=\"yoast-schema-graph\">{\"@context\":\"https:\\\/\\\/schema.org\",\"@graph\":[{\"@type\":\"WebPage\",\"@id\":\"https:\\\/\\\/www.hostin.sk\\\/en\\\/product\\\/touchless-disinfection-usb-12-monitor\\\/\",\"url\":\"https:\\\/\\\/www.hostin.sk\\\/en\\\/product\\\/touchless-disinfection-usb-12-monitor\\\/\",\"name\":\"Touchless Hand Sanitizer - USB 12\\\" monitor - HOSTIN\",\"isPartOf\":{\"@id\":\"https:\\\/\\\/www.hostin.sk\\\/#website\"},\"primaryImageOfPage\":{\"@id\":\"https:\\\/\\\/www.hostin.sk\\\/en\\\/product\\\/touchless-disinfection-usb-12-monitor\\\/#primaryimage\"},\"image\":{\"@id\":\"https:\\\/\\\/www.hostin.sk\\\/en\\\/product\\\/touchless-disinfection-usb-12-monitor\\\/#primaryimage\"},\"thumbnailUrl\":\"https:\\\/\\\/www.hostin.sk\\\/wp-content\\\/uploads\\\/2020\\\/06\\\/167-4_dd-mol-008-1-1.jpg\",\"datePublished\":\"2020-06-02T11:52:29+00:00\",\"dateModified\":\"2025-03-27T14:15:47+00:00\",\"description\":\"Touchless hand sanitizer dispenser with a sturdy stainless steel stand and a 12\u201d media display. Fully assembled and ready to use!\",\"breadcrumb\":{\"@id\":\"https:\\\/\\\/www.hostin.sk\\\/en\\\/product\\\/touchless-disinfection-usb-12-monitor\\\/#breadcrumb\"},\"inLanguage\":\"en-US\",\"potentialAction\":[{\"@type\":\"ReadAction\",\"target\":[\"https:\\\/\\\/www.hostin.sk\\\/en\\\/product\\\/touchless-disinfection-usb-12-monitor\\\/\"]}]},{\"@type\":\"ImageObject\",\"inLanguage\":\"en-US\",\"@id\":\"https:\\\/\\\/www.hostin.sk\\\/en\\\/product\\\/touchless-disinfection-usb-12-monitor\\\/#primaryimage\",\"url\":\"https:\\\/\\\/www.hostin.sk\\\/wp-content\\\/uploads\\\/2020\\\/06\\\/167-4_dd-mol-008-1-1.jpg\",\"contentUrl\":\"https:\\\/\\\/www.hostin.sk\\\/wp-content\\\/uploads\\\/2020\\\/06\\\/167-4_dd-mol-008-1-1.jpg\",\"width\":1900,\"height\":1900},{\"@type\":\"BreadcrumbList\",\"@id\":\"https:\\\/\\\/www.hostin.sk\\\/en\\\/product\\\/touchless-disinfection-usb-12-monitor\\\/#breadcrumb\",\"itemListElement\":[{\"@type\":\"ListItem\",\"position\":1,\"name\":\"Domov\",\"item\":\"https:\\\/\\\/www.hostin.sk\\\/en\\\/\"},{\"@type\":\"ListItem\",\"position\":2,\"name\":\"Shop\",\"item\":\"https:\\\/\\\/www.hostin.sk\\\/en\\\/shop\\\/\"},{\"@type\":\"ListItem\",\"position\":3,\"name\":\"Disinfection Stands\",\"item\":\"https:\\\/\\\/www.hostin.sk\\\/en\\\/kategoria-produktu\\\/disinfection-stands-en\\\/\"},{\"@type\":\"ListItem\",\"position\":4,\"name\":\"Touchless Hand Sanitizer &#8211; USB 12&#8243; monitor\"}]},{\"@type\":\"WebSite\",\"@id\":\"https:\\\/\\\/www.hostin.sk\\\/#website\",\"url\":\"https:\\\/\\\/www.hostin.sk\\\/\",\"name\":\"HOSTIN\",\"description\":\"Hroty proti vt\u00e1kom\",\"potentialAction\":[{\"@type\":\"SearchAction\",\"target\":{\"@type\":\"EntryPoint\",\"urlTemplate\":\"https:\\\/\\\/www.hostin.sk\\\/?s={search_term_string}\"},\"query-input\":{\"@type\":\"PropertyValueSpecification\",\"valueRequired\":true,\"valueName\":\"search_term_string\"}}],\"inLanguage\":\"en-US\"}]}<\/script>\n<!-- \/ Yoast SEO plugin. -->","yoast_head_json":{"title":"Touchless Hand Sanitizer - USB 12\" monitor - HOSTIN","description":"Touchless hand sanitizer dispenser with a sturdy stainless steel stand and a 12\u201d media display. Fully assembled and ready to use!","robots":{"index":"index","follow":"follow","max-snippet":"max-snippet:-1","max-image-preview":"max-image-preview:large","max-video-preview":"max-video-preview:-1"},"canonical":"https:\/\/www.hostin.sk\/en\/product\/touchless-disinfection-usb-12-monitor\/","og_locale":"en_US","og_type":"article","og_title":"Touchless Hand Sanitizer - USB 12\" monitor - HOSTIN","og_description":"Touchless hand sanitizer dispenser with a sturdy stainless steel stand and a 12\u201d media display. Fully assembled and ready to use!","og_url":"https:\/\/www.hostin.sk\/en\/product\/touchless-disinfection-usb-12-monitor\/","og_site_name":"HOSTIN","article_modified_time":"2025-03-27T14:15:47+00:00","og_image":[{"width":1900,"height":1900,"url":"https:\/\/www.hostin.sk\/wp-content\/uploads\/2020\/06\/167-4_dd-mol-008-1-1.jpg","type":"image\/jpeg"}],"twitter_card":"summary_large_image","twitter_misc":{"Est. reading time":"2 minutes"},"schema":{"@context":"https:\/\/schema.org","@graph":[{"@type":"WebPage","@id":"https:\/\/www.hostin.sk\/en\/product\/touchless-disinfection-usb-12-monitor\/","url":"https:\/\/www.hostin.sk\/en\/product\/touchless-disinfection-usb-12-monitor\/","name":"Touchless Hand Sanitizer - USB 12\" monitor - HOSTIN","isPartOf":{"@id":"https:\/\/www.hostin.sk\/#website"},"primaryImageOfPage":{"@id":"https:\/\/www.hostin.sk\/en\/product\/touchless-disinfection-usb-12-monitor\/#primaryimage"},"image":{"@id":"https:\/\/www.hostin.sk\/en\/product\/touchless-disinfection-usb-12-monitor\/#primaryimage"},"thumbnailUrl":"https:\/\/www.hostin.sk\/wp-content\/uploads\/2020\/06\/167-4_dd-mol-008-1-1.jpg","datePublished":"2020-06-02T11:52:29+00:00","dateModified":"2025-03-27T14:15:47+00:00","description":"Touchless hand sanitizer dispenser with a sturdy stainless steel stand and a 12\u201d media display. Fully assembled and ready to use!","breadcrumb":{"@id":"https:\/\/www.hostin.sk\/en\/product\/touchless-disinfection-usb-12-monitor\/#breadcrumb"},"inLanguage":"en-US","potentialAction":[{"@type":"ReadAction","target":["https:\/\/www.hostin.sk\/en\/product\/touchless-disinfection-usb-12-monitor\/"]}]},{"@type":"ImageObject","inLanguage":"en-US","@id":"https:\/\/www.hostin.sk\/en\/product\/touchless-disinfection-usb-12-monitor\/#primaryimage","url":"https:\/\/www.hostin.sk\/wp-content\/uploads\/2020\/06\/167-4_dd-mol-008-1-1.jpg","contentUrl":"https:\/\/www.hostin.sk\/wp-content\/uploads\/2020\/06\/167-4_dd-mol-008-1-1.jpg","width":1900,"height":1900},{"@type":"BreadcrumbList","@id":"https:\/\/www.hostin.sk\/en\/product\/touchless-disinfection-usb-12-monitor\/#breadcrumb","itemListElement":[{"@type":"ListItem","position":1,"name":"Domov","item":"https:\/\/www.hostin.sk\/en\/"},{"@type":"ListItem","position":2,"name":"Shop","item":"https:\/\/www.hostin.sk\/en\/shop\/"},{"@type":"ListItem","position":3,"name":"Disinfection Stands","item":"https:\/\/www.hostin.sk\/en\/kategoria-produktu\/disinfection-stands-en\/"},{"@type":"ListItem","position":4,"name":"Touchless Hand Sanitizer &#8211; USB 12&#8243; monitor"}]},{"@type":"WebSite","@id":"https:\/\/www.hostin.sk\/#website","url":"https:\/\/www.hostin.sk\/","name":"HOSTIN","description":"Hroty proti vt\u00e1kom","potentialAction":[{"@type":"SearchAction","target":{"@type":"EntryPoint","urlTemplate":"https:\/\/www.hostin.sk\/?s={search_term_string}"},"query-input":{"@type":"PropertyValueSpecification","valueRequired":true,"valueName":"search_term_string"}}],"inLanguage":"en-US"}]}},"_links":{"self":[{"href":"https:\/\/www.hostin.sk\/en\/wp-json\/wp\/v2\/product\/9915","targetHints":{"allow":["GET"]}}],"collection":[{"href":"https:\/\/www.hostin.sk\/en\/wp-json\/wp\/v2\/product"}],"about":[{"href":"https:\/\/www.hostin.sk\/en\/wp-json\/wp\/v2\/types\/product"}],"wp:featuredmedia":[{"embeddable":true,"href":"https:\/\/www.hostin.sk\/en\/wp-json\/wp\/v2\/media\/7459"}],"wp:attachment":[{"href":"https:\/\/www.hostin.sk\/en\/wp-json\/wp\/v2\/media?parent=9915"}],"wp:term":[{"taxonomy":"product_brand","embeddable":true,"href":"https:\/\/www.hostin.sk\/en\/wp-json\/wp\/v2\/product_brand?post=9915"},{"taxonomy":"product_cat","embeddable":true,"href":"https:\/\/www.hostin.sk\/en\/wp-json\/wp\/v2\/product_cat?post=9915"},{"taxonomy":"product_tag","embeddable":true,"href":"https:\/\/www.hostin.sk\/en\/wp-json\/wp\/v2\/product_tag?post=9915"}],"curies":[{"name":"wp","href":"https:\/\/api.w.org\/{rel}","templated":true}]}}