{"id":9908,"date":"2020-06-03T16:41:19","date_gmt":"2020-06-03T14:41:19","guid":{"rendered":"https:\/\/www.hostin.sk\/produkt\/bezdotykova-dezinfekcia-akcia-4\/"},"modified":"2025-03-27T15:00:35","modified_gmt":"2025-03-27T14:00:35","slug":"touchless-hand-sanitizer-special-offer-4","status":"publish","type":"product","link":"https:\/\/www.hostin.sk\/en\/product\/touchless-hand-sanitizer-special-offer-4\/","title":{"rendered":"Touchless Hand Sanitizer \u2013 Special Offer 4"},"content":{"rendered":"<p data-start=\"0\" data-end=\"35\">The promotional set includes:<\/p>\n<ul data-start=\"37\" data-end=\"488\" data-is-last-node=\"\" data-is-only-node=\"\">\n<li data-start=\"37\" data-end=\"201\">4 touchless disinfectant dispensers with sprayers, installed in brushed stainless steel floor stands, made in Slovakia (Order Code: DD-MOL-004).<\/li>\n<li data-start=\"202\" data-end=\"325\" data-is-only-node=\"\">4 packs of GP Super Alkaline LR6 (AA) batteries, each pack containing 4 batteries (Order Code: B-LR6-GP-4).<\/li>\n<li data-start=\"326\" data-end=\"488\" data-is-last-node=\"\">4 alcohol-based disinfectant solutions with glycerin, ready for direct use in the dispenser, each with a volume of 1 liter (Order Code: DD-MOL-207).<\/li>\n<\/ul>\n<p><img decoding=\"async\" class=\"alignnone size-medium\" src=\"https:\/\/cdn.myshoptet.com\/usr\/www.molpir-dezinfekcia.sk\/user\/documents\/upload\/ikony-davkovac-01.png\" alt=\"D\u00e1vkova\u010d dezinfekcie\" width=\"600\" height=\"150\" \/><\/p>\n<p>By purchasing this promotional set, you save more than<strong> 16 %<\/strong>.<\/p>\n<figure class=\"ratio ratio-16x9\"><iframe title=\"D\u00e1vkova\u010d dezinfekcie bezdotykov\u00fd s rozpra\u0161ova\u010dom - podlahov\u00fd stojan - molpir-dezinfekcia.sk\" width=\"500\" height=\"281\" src=\"https:\/\/www.youtube.com\/embed\/RWpbcckETEo?feature=oembed\" frameborder=\"0\" allow=\"accelerometer; autoplay; clipboard-write; encrypted-media; gyroscope; picture-in-picture; web-share\" referrerpolicy=\"strict-origin-when-cross-origin\" allowfullscreen><\/iframe><\/figure>\n<p>.<\/p>\n","protected":false},"excerpt":{"rendered":"<p>The promotional set includes: 4 touchless disinfectant dispensers with sprayers, installed in brushed stainless steel floor stands, made in Slovakia (Order Code: DD-MOL-004). 4 packs of GP Super Alkaline LR6 (AA) batteries, each pack containing 4 batteries (Order Code: B-LR6-GP-4). 4 alcohol-based disinfectant solutions with glycerin, ready for direct use in the dispenser, each with [&hellip;]<\/p>\n","protected":false},"featured_media":8716,"template":"","meta":{"_acf_changed":false},"product_brand":[],"product_cat":[181],"product_tag":[],"class_list":{"0":"post-9908","1":"product","2":"type-product","3":"status-publish","4":"has-post-thumbnail","6":"product_cat-disinfection-stands-en","8":"first","9":"instock","10":"sale","11":"taxable","12":"shipping-taxable","13":"purchasable","14":"product-type-simple"},"acf":[],"yoast_head":"<!-- This site is optimized with the Yoast SEO plugin v27.4 - https:\/\/yoast.com\/product\/yoast-seo-wordpress\/ -->\n<title>Touchless Hand Sanitizer \u2013 Special Offer 4 - HOSTIN<\/title>\n<meta name=\"description\" content=\"Save over 16% with our touchless hand sanitizer dispenser set! Includes 4 automatic dispensers with sprayers and stainless steel floor stands. Order now!\" \/>\n<meta name=\"robots\" content=\"index, follow, max-snippet:-1, max-image-preview:large, max-video-preview:-1\" \/>\n<link rel=\"canonical\" href=\"https:\/\/www.hostin.sk\/en\/product\/touchless-hand-sanitizer-special-offer-4\/\" \/>\n<meta property=\"og:locale\" content=\"en_US\" \/>\n<meta property=\"og:type\" content=\"article\" \/>\n<meta property=\"og:title\" content=\"Touchless Hand Sanitizer \u2013 Special Offer 4 - HOSTIN\" \/>\n<meta property=\"og:description\" content=\"Save over 16% with our touchless hand sanitizer dispenser set! Includes 4 automatic dispensers with sprayers and stainless steel floor stands. Order now!\" \/>\n<meta property=\"og:url\" content=\"https:\/\/www.hostin.sk\/en\/product\/touchless-hand-sanitizer-special-offer-4\/\" \/>\n<meta property=\"og:site_name\" content=\"HOSTIN\" \/>\n<meta property=\"article:modified_time\" content=\"2025-03-27T14:00:35+00:00\" \/>\n<meta property=\"og:image\" content=\"https:\/\/www.hostin.sk\/wp-content\/uploads\/2020\/06\/DD-MOL-004_akcia-4kusy.jpg\" \/>\n\t<meta property=\"og:image:width\" content=\"994\" \/>\n\t<meta property=\"og:image:height\" content=\"751\" \/>\n\t<meta property=\"og:image:type\" content=\"image\/jpeg\" \/>\n<meta name=\"twitter:card\" content=\"summary_large_image\" \/>\n<meta name=\"twitter:label1\" content=\"Est. reading time\" \/>\n\t<meta name=\"twitter:data1\" content=\"1 minute\" \/>\n<script type=\"application\/ld+json\" class=\"yoast-schema-graph\">{\"@context\":\"https:\\\/\\\/schema.org\",\"@graph\":[{\"@type\":\"WebPage\",\"@id\":\"https:\\\/\\\/www.hostin.sk\\\/en\\\/product\\\/touchless-hand-sanitizer-special-offer-4\\\/\",\"url\":\"https:\\\/\\\/www.hostin.sk\\\/en\\\/product\\\/touchless-hand-sanitizer-special-offer-4\\\/\",\"name\":\"Touchless Hand Sanitizer \u2013 Special Offer 4 - HOSTIN\",\"isPartOf\":{\"@id\":\"https:\\\/\\\/www.hostin.sk\\\/#website\"},\"primaryImageOfPage\":{\"@id\":\"https:\\\/\\\/www.hostin.sk\\\/en\\\/product\\\/touchless-hand-sanitizer-special-offer-4\\\/#primaryimage\"},\"image\":{\"@id\":\"https:\\\/\\\/www.hostin.sk\\\/en\\\/product\\\/touchless-hand-sanitizer-special-offer-4\\\/#primaryimage\"},\"thumbnailUrl\":\"https:\\\/\\\/www.hostin.sk\\\/wp-content\\\/uploads\\\/2020\\\/06\\\/DD-MOL-004_akcia-4kusy.jpg\",\"datePublished\":\"2020-06-03T14:41:19+00:00\",\"dateModified\":\"2025-03-27T14:00:35+00:00\",\"description\":\"Save over 16% with our touchless hand sanitizer dispenser set! Includes 4 automatic dispensers with sprayers and stainless steel floor stands. Order now!\",\"breadcrumb\":{\"@id\":\"https:\\\/\\\/www.hostin.sk\\\/en\\\/product\\\/touchless-hand-sanitizer-special-offer-4\\\/#breadcrumb\"},\"inLanguage\":\"en-US\",\"potentialAction\":[{\"@type\":\"ReadAction\",\"target\":[\"https:\\\/\\\/www.hostin.sk\\\/en\\\/product\\\/touchless-hand-sanitizer-special-offer-4\\\/\"]}]},{\"@type\":\"ImageObject\",\"inLanguage\":\"en-US\",\"@id\":\"https:\\\/\\\/www.hostin.sk\\\/en\\\/product\\\/touchless-hand-sanitizer-special-offer-4\\\/#primaryimage\",\"url\":\"https:\\\/\\\/www.hostin.sk\\\/wp-content\\\/uploads\\\/2020\\\/06\\\/DD-MOL-004_akcia-4kusy.jpg\",\"contentUrl\":\"https:\\\/\\\/www.hostin.sk\\\/wp-content\\\/uploads\\\/2020\\\/06\\\/DD-MOL-004_akcia-4kusy.jpg\",\"width\":994,\"height\":751},{\"@type\":\"BreadcrumbList\",\"@id\":\"https:\\\/\\\/www.hostin.sk\\\/en\\\/product\\\/touchless-hand-sanitizer-special-offer-4\\\/#breadcrumb\",\"itemListElement\":[{\"@type\":\"ListItem\",\"position\":1,\"name\":\"Domov\",\"item\":\"https:\\\/\\\/www.hostin.sk\\\/en\\\/\"},{\"@type\":\"ListItem\",\"position\":2,\"name\":\"Shop\",\"item\":\"https:\\\/\\\/www.hostin.sk\\\/en\\\/shop\\\/\"},{\"@type\":\"ListItem\",\"position\":3,\"name\":\"Disinfection Stands\",\"item\":\"https:\\\/\\\/www.hostin.sk\\\/en\\\/kategoria-produktu\\\/disinfection-stands-en\\\/\"},{\"@type\":\"ListItem\",\"position\":4,\"name\":\"Touchless Hand Sanitizer \u2013 Special Offer 4\"}]},{\"@type\":\"WebSite\",\"@id\":\"https:\\\/\\\/www.hostin.sk\\\/#website\",\"url\":\"https:\\\/\\\/www.hostin.sk\\\/\",\"name\":\"HOSTIN\",\"description\":\"Hroty proti vt\u00e1kom\",\"potentialAction\":[{\"@type\":\"SearchAction\",\"target\":{\"@type\":\"EntryPoint\",\"urlTemplate\":\"https:\\\/\\\/www.hostin.sk\\\/?s={search_term_string}\"},\"query-input\":{\"@type\":\"PropertyValueSpecification\",\"valueRequired\":true,\"valueName\":\"search_term_string\"}}],\"inLanguage\":\"en-US\"}]}<\/script>\n<!-- \/ Yoast SEO plugin. -->","yoast_head_json":{"title":"Touchless Hand Sanitizer \u2013 Special Offer 4 - HOSTIN","description":"Save over 16% with our touchless hand sanitizer dispenser set! Includes 4 automatic dispensers with sprayers and stainless steel floor stands. Order now!","robots":{"index":"index","follow":"follow","max-snippet":"max-snippet:-1","max-image-preview":"max-image-preview:large","max-video-preview":"max-video-preview:-1"},"canonical":"https:\/\/www.hostin.sk\/en\/product\/touchless-hand-sanitizer-special-offer-4\/","og_locale":"en_US","og_type":"article","og_title":"Touchless Hand Sanitizer \u2013 Special Offer 4 - HOSTIN","og_description":"Save over 16% with our touchless hand sanitizer dispenser set! Includes 4 automatic dispensers with sprayers and stainless steel floor stands. Order now!","og_url":"https:\/\/www.hostin.sk\/en\/product\/touchless-hand-sanitizer-special-offer-4\/","og_site_name":"HOSTIN","article_modified_time":"2025-03-27T14:00:35+00:00","og_image":[{"width":994,"height":751,"url":"https:\/\/www.hostin.sk\/wp-content\/uploads\/2020\/06\/DD-MOL-004_akcia-4kusy.jpg","type":"image\/jpeg"}],"twitter_card":"summary_large_image","twitter_misc":{"Est. reading time":"1 minute"},"schema":{"@context":"https:\/\/schema.org","@graph":[{"@type":"WebPage","@id":"https:\/\/www.hostin.sk\/en\/product\/touchless-hand-sanitizer-special-offer-4\/","url":"https:\/\/www.hostin.sk\/en\/product\/touchless-hand-sanitizer-special-offer-4\/","name":"Touchless Hand Sanitizer \u2013 Special Offer 4 - HOSTIN","isPartOf":{"@id":"https:\/\/www.hostin.sk\/#website"},"primaryImageOfPage":{"@id":"https:\/\/www.hostin.sk\/en\/product\/touchless-hand-sanitizer-special-offer-4\/#primaryimage"},"image":{"@id":"https:\/\/www.hostin.sk\/en\/product\/touchless-hand-sanitizer-special-offer-4\/#primaryimage"},"thumbnailUrl":"https:\/\/www.hostin.sk\/wp-content\/uploads\/2020\/06\/DD-MOL-004_akcia-4kusy.jpg","datePublished":"2020-06-03T14:41:19+00:00","dateModified":"2025-03-27T14:00:35+00:00","description":"Save over 16% with our touchless hand sanitizer dispenser set! Includes 4 automatic dispensers with sprayers and stainless steel floor stands. Order now!","breadcrumb":{"@id":"https:\/\/www.hostin.sk\/en\/product\/touchless-hand-sanitizer-special-offer-4\/#breadcrumb"},"inLanguage":"en-US","potentialAction":[{"@type":"ReadAction","target":["https:\/\/www.hostin.sk\/en\/product\/touchless-hand-sanitizer-special-offer-4\/"]}]},{"@type":"ImageObject","inLanguage":"en-US","@id":"https:\/\/www.hostin.sk\/en\/product\/touchless-hand-sanitizer-special-offer-4\/#primaryimage","url":"https:\/\/www.hostin.sk\/wp-content\/uploads\/2020\/06\/DD-MOL-004_akcia-4kusy.jpg","contentUrl":"https:\/\/www.hostin.sk\/wp-content\/uploads\/2020\/06\/DD-MOL-004_akcia-4kusy.jpg","width":994,"height":751},{"@type":"BreadcrumbList","@id":"https:\/\/www.hostin.sk\/en\/product\/touchless-hand-sanitizer-special-offer-4\/#breadcrumb","itemListElement":[{"@type":"ListItem","position":1,"name":"Domov","item":"https:\/\/www.hostin.sk\/en\/"},{"@type":"ListItem","position":2,"name":"Shop","item":"https:\/\/www.hostin.sk\/en\/shop\/"},{"@type":"ListItem","position":3,"name":"Disinfection Stands","item":"https:\/\/www.hostin.sk\/en\/kategoria-produktu\/disinfection-stands-en\/"},{"@type":"ListItem","position":4,"name":"Touchless Hand Sanitizer \u2013 Special Offer 4"}]},{"@type":"WebSite","@id":"https:\/\/www.hostin.sk\/#website","url":"https:\/\/www.hostin.sk\/","name":"HOSTIN","description":"Hroty proti vt\u00e1kom","potentialAction":[{"@type":"SearchAction","target":{"@type":"EntryPoint","urlTemplate":"https:\/\/www.hostin.sk\/?s={search_term_string}"},"query-input":{"@type":"PropertyValueSpecification","valueRequired":true,"valueName":"search_term_string"}}],"inLanguage":"en-US"}]}},"_links":{"self":[{"href":"https:\/\/www.hostin.sk\/en\/wp-json\/wp\/v2\/product\/9908","targetHints":{"allow":["GET"]}}],"collection":[{"href":"https:\/\/www.hostin.sk\/en\/wp-json\/wp\/v2\/product"}],"about":[{"href":"https:\/\/www.hostin.sk\/en\/wp-json\/wp\/v2\/types\/product"}],"wp:featuredmedia":[{"embeddable":true,"href":"https:\/\/www.hostin.sk\/en\/wp-json\/wp\/v2\/media\/8716"}],"wp:attachment":[{"href":"https:\/\/www.hostin.sk\/en\/wp-json\/wp\/v2\/media?parent=9908"}],"wp:term":[{"taxonomy":"product_brand","embeddable":true,"href":"https:\/\/www.hostin.sk\/en\/wp-json\/wp\/v2\/product_brand?post=9908"},{"taxonomy":"product_cat","embeddable":true,"href":"https:\/\/www.hostin.sk\/en\/wp-json\/wp\/v2\/product_cat?post=9908"},{"taxonomy":"product_tag","embeddable":true,"href":"https:\/\/www.hostin.sk\/en\/wp-json\/wp\/v2\/product_tag?post=9908"}],"curies":[{"name":"wp","href":"https:\/\/api.w.org\/{rel}","templated":true}]}}