{"id":9813,"date":"2022-10-11T13:02:55","date_gmt":"2022-10-11T11:02:55","guid":{"rendered":"https:\/\/www.hostin.sk\/produkt\/al-kruzky\/"},"modified":"2025-03-28T12:11:40","modified_gmt":"2025-03-28T11:11:40","slug":"aluminum-rings","status":"publish","type":"product","link":"https:\/\/www.hostin.sk\/en\/product\/aluminum-rings\/","title":{"rendered":"Aluminum rings"},"content":{"rendered":"","protected":false},"excerpt":{"rendered":"<p>Aluminum rings designed for attaching nets to the carrier wire, available in packs of 2500 pieces<\/p>\n","protected":false},"featured_media":7330,"template":"","meta":{"_acf_changed":false},"product_brand":[],"product_cat":[162,161,180],"product_tag":[],"class_list":{"0":"post-9813","1":"product","2":"type-product","3":"status-publish","4":"has-post-thumbnail","6":"product_cat-accessories-en","7":"product_cat-for-balconies","8":"product_cat-netting-accessories","10":"first","11":"instock","12":"taxable","13":"shipping-taxable","14":"purchasable","15":"product-type-simple"},"acf":[],"yoast_head":"<!-- This site is optimized with the Yoast SEO plugin v27.4 - https:\/\/yoast.com\/product\/yoast-seo-wordpress\/ -->\n<title>Aluminum rings - HOSTIN<\/title>\n<meta name=\"description\" content=\"Premium aluminum rings for secure net attachments on carrier wires. Bulk pack of 2500 pieces, ideal for marine, industrial, and agricultural applications.\" \/>\n<meta name=\"robots\" content=\"index, follow, max-snippet:-1, max-image-preview:large, max-video-preview:-1\" \/>\n<link rel=\"canonical\" href=\"https:\/\/www.hostin.sk\/en\/product\/aluminum-rings\/\" \/>\n<meta property=\"og:locale\" content=\"en_US\" \/>\n<meta property=\"og:type\" content=\"article\" \/>\n<meta property=\"og:title\" content=\"Aluminum rings - HOSTIN\" \/>\n<meta property=\"og:description\" content=\"Premium aluminum rings for secure net attachments on carrier wires. Bulk pack of 2500 pieces, ideal for marine, industrial, and agricultural applications.\" \/>\n<meta property=\"og:url\" content=\"https:\/\/www.hostin.sk\/en\/product\/aluminum-rings\/\" \/>\n<meta property=\"og:site_name\" content=\"HOSTIN\" \/>\n<meta property=\"article:modified_time\" content=\"2025-03-28T11:11:40+00:00\" \/>\n<meta property=\"og:image\" content=\"https:\/\/www.hostin.sk\/wp-content\/uploads\/2022\/10\/AL-kruzky.jpg\" \/>\n\t<meta property=\"og:image:width\" content=\"1001\" \/>\n\t<meta property=\"og:image:height\" content=\"1001\" \/>\n\t<meta property=\"og:image:type\" content=\"image\/jpeg\" \/>\n<meta name=\"twitter:card\" content=\"summary_large_image\" \/>\n<meta name=\"twitter:label1\" content=\"Est. reading time\" \/>\n\t<meta name=\"twitter:data1\" content=\"1 minute\" \/>\n<script type=\"application\/ld+json\" class=\"yoast-schema-graph\">{\"@context\":\"https:\\\/\\\/schema.org\",\"@graph\":[{\"@type\":\"WebPage\",\"@id\":\"https:\\\/\\\/www.hostin.sk\\\/en\\\/product\\\/aluminum-rings\\\/\",\"url\":\"https:\\\/\\\/www.hostin.sk\\\/en\\\/product\\\/aluminum-rings\\\/\",\"name\":\"Aluminum rings - HOSTIN\",\"isPartOf\":{\"@id\":\"https:\\\/\\\/www.hostin.sk\\\/#website\"},\"primaryImageOfPage\":{\"@id\":\"https:\\\/\\\/www.hostin.sk\\\/en\\\/product\\\/aluminum-rings\\\/#primaryimage\"},\"image\":{\"@id\":\"https:\\\/\\\/www.hostin.sk\\\/en\\\/product\\\/aluminum-rings\\\/#primaryimage\"},\"thumbnailUrl\":\"https:\\\/\\\/www.hostin.sk\\\/wp-content\\\/uploads\\\/2022\\\/10\\\/AL-kruzky.jpg\",\"datePublished\":\"2022-10-11T11:02:55+00:00\",\"dateModified\":\"2025-03-28T11:11:40+00:00\",\"description\":\"Premium aluminum rings for secure net attachments on carrier wires. Bulk pack of 2500 pieces, ideal for marine, industrial, and agricultural applications.\",\"breadcrumb\":{\"@id\":\"https:\\\/\\\/www.hostin.sk\\\/en\\\/product\\\/aluminum-rings\\\/#breadcrumb\"},\"inLanguage\":\"en-US\",\"potentialAction\":[{\"@type\":\"ReadAction\",\"target\":[\"https:\\\/\\\/www.hostin.sk\\\/en\\\/product\\\/aluminum-rings\\\/\"]}]},{\"@type\":\"ImageObject\",\"inLanguage\":\"en-US\",\"@id\":\"https:\\\/\\\/www.hostin.sk\\\/en\\\/product\\\/aluminum-rings\\\/#primaryimage\",\"url\":\"https:\\\/\\\/www.hostin.sk\\\/wp-content\\\/uploads\\\/2022\\\/10\\\/AL-kruzky.jpg\",\"contentUrl\":\"https:\\\/\\\/www.hostin.sk\\\/wp-content\\\/uploads\\\/2022\\\/10\\\/AL-kruzky.jpg\",\"width\":1001,\"height\":1001},{\"@type\":\"BreadcrumbList\",\"@id\":\"https:\\\/\\\/www.hostin.sk\\\/en\\\/product\\\/aluminum-rings\\\/#breadcrumb\",\"itemListElement\":[{\"@type\":\"ListItem\",\"position\":1,\"name\":\"Domov\",\"item\":\"https:\\\/\\\/www.hostin.sk\\\/en\\\/\"},{\"@type\":\"ListItem\",\"position\":2,\"name\":\"Shop\",\"item\":\"https:\\\/\\\/www.hostin.sk\\\/en\\\/shop\\\/\"},{\"@type\":\"ListItem\",\"position\":3,\"name\":\"Bird Netting\",\"item\":\"https:\\\/\\\/www.hostin.sk\\\/en\\\/product-categories\\\/bird-netting\\\/\"},{\"@type\":\"ListItem\",\"position\":4,\"name\":\"Pr\u00edslu\u0161enstvo siet\u00ed\",\"item\":\"https:\\\/\\\/www.hostin.sk\\\/kategoria-produktu\\\/siete-proti-vtactvu\\\/prislusenstvo-sieti\\\/\"},{\"@type\":\"ListItem\",\"position\":5,\"name\":\"Aluminum rings\"}]},{\"@type\":\"WebSite\",\"@id\":\"https:\\\/\\\/www.hostin.sk\\\/#website\",\"url\":\"https:\\\/\\\/www.hostin.sk\\\/\",\"name\":\"HOSTIN\",\"description\":\"Hroty proti vt\u00e1kom\",\"potentialAction\":[{\"@type\":\"SearchAction\",\"target\":{\"@type\":\"EntryPoint\",\"urlTemplate\":\"https:\\\/\\\/www.hostin.sk\\\/?s={search_term_string}\"},\"query-input\":{\"@type\":\"PropertyValueSpecification\",\"valueRequired\":true,\"valueName\":\"search_term_string\"}}],\"inLanguage\":\"en-US\"}]}<\/script>\n<!-- \/ Yoast SEO plugin. -->","yoast_head_json":{"title":"Aluminum rings - HOSTIN","description":"Premium aluminum rings for secure net attachments on carrier wires. Bulk pack of 2500 pieces, ideal for marine, industrial, and agricultural applications.","robots":{"index":"index","follow":"follow","max-snippet":"max-snippet:-1","max-image-preview":"max-image-preview:large","max-video-preview":"max-video-preview:-1"},"canonical":"https:\/\/www.hostin.sk\/en\/product\/aluminum-rings\/","og_locale":"en_US","og_type":"article","og_title":"Aluminum rings - HOSTIN","og_description":"Premium aluminum rings for secure net attachments on carrier wires. Bulk pack of 2500 pieces, ideal for marine, industrial, and agricultural applications.","og_url":"https:\/\/www.hostin.sk\/en\/product\/aluminum-rings\/","og_site_name":"HOSTIN","article_modified_time":"2025-03-28T11:11:40+00:00","og_image":[{"width":1001,"height":1001,"url":"https:\/\/www.hostin.sk\/wp-content\/uploads\/2022\/10\/AL-kruzky.jpg","type":"image\/jpeg"}],"twitter_card":"summary_large_image","twitter_misc":{"Est. reading time":"1 minute"},"schema":{"@context":"https:\/\/schema.org","@graph":[{"@type":"WebPage","@id":"https:\/\/www.hostin.sk\/en\/product\/aluminum-rings\/","url":"https:\/\/www.hostin.sk\/en\/product\/aluminum-rings\/","name":"Aluminum rings - HOSTIN","isPartOf":{"@id":"https:\/\/www.hostin.sk\/#website"},"primaryImageOfPage":{"@id":"https:\/\/www.hostin.sk\/en\/product\/aluminum-rings\/#primaryimage"},"image":{"@id":"https:\/\/www.hostin.sk\/en\/product\/aluminum-rings\/#primaryimage"},"thumbnailUrl":"https:\/\/www.hostin.sk\/wp-content\/uploads\/2022\/10\/AL-kruzky.jpg","datePublished":"2022-10-11T11:02:55+00:00","dateModified":"2025-03-28T11:11:40+00:00","description":"Premium aluminum rings for secure net attachments on carrier wires. Bulk pack of 2500 pieces, ideal for marine, industrial, and agricultural applications.","breadcrumb":{"@id":"https:\/\/www.hostin.sk\/en\/product\/aluminum-rings\/#breadcrumb"},"inLanguage":"en-US","potentialAction":[{"@type":"ReadAction","target":["https:\/\/www.hostin.sk\/en\/product\/aluminum-rings\/"]}]},{"@type":"ImageObject","inLanguage":"en-US","@id":"https:\/\/www.hostin.sk\/en\/product\/aluminum-rings\/#primaryimage","url":"https:\/\/www.hostin.sk\/wp-content\/uploads\/2022\/10\/AL-kruzky.jpg","contentUrl":"https:\/\/www.hostin.sk\/wp-content\/uploads\/2022\/10\/AL-kruzky.jpg","width":1001,"height":1001},{"@type":"BreadcrumbList","@id":"https:\/\/www.hostin.sk\/en\/product\/aluminum-rings\/#breadcrumb","itemListElement":[{"@type":"ListItem","position":1,"name":"Domov","item":"https:\/\/www.hostin.sk\/en\/"},{"@type":"ListItem","position":2,"name":"Shop","item":"https:\/\/www.hostin.sk\/en\/shop\/"},{"@type":"ListItem","position":3,"name":"Bird Netting","item":"https:\/\/www.hostin.sk\/en\/product-categories\/bird-netting\/"},{"@type":"ListItem","position":4,"name":"Pr\u00edslu\u0161enstvo siet\u00ed","item":"https:\/\/www.hostin.sk\/kategoria-produktu\/siete-proti-vtactvu\/prislusenstvo-sieti\/"},{"@type":"ListItem","position":5,"name":"Aluminum rings"}]},{"@type":"WebSite","@id":"https:\/\/www.hostin.sk\/#website","url":"https:\/\/www.hostin.sk\/","name":"HOSTIN","description":"Hroty proti vt\u00e1kom","potentialAction":[{"@type":"SearchAction","target":{"@type":"EntryPoint","urlTemplate":"https:\/\/www.hostin.sk\/?s={search_term_string}"},"query-input":{"@type":"PropertyValueSpecification","valueRequired":true,"valueName":"search_term_string"}}],"inLanguage":"en-US"}]}},"_links":{"self":[{"href":"https:\/\/www.hostin.sk\/en\/wp-json\/wp\/v2\/product\/9813","targetHints":{"allow":["GET"]}}],"collection":[{"href":"https:\/\/www.hostin.sk\/en\/wp-json\/wp\/v2\/product"}],"about":[{"href":"https:\/\/www.hostin.sk\/en\/wp-json\/wp\/v2\/types\/product"}],"wp:featuredmedia":[{"embeddable":true,"href":"https:\/\/www.hostin.sk\/en\/wp-json\/wp\/v2\/media\/7330"}],"wp:attachment":[{"href":"https:\/\/www.hostin.sk\/en\/wp-json\/wp\/v2\/media?parent=9813"}],"wp:term":[{"taxonomy":"product_brand","embeddable":true,"href":"https:\/\/www.hostin.sk\/en\/wp-json\/wp\/v2\/product_brand?post=9813"},{"taxonomy":"product_cat","embeddable":true,"href":"https:\/\/www.hostin.sk\/en\/wp-json\/wp\/v2\/product_cat?post=9813"},{"taxonomy":"product_tag","embeddable":true,"href":"https:\/\/www.hostin.sk\/en\/wp-json\/wp\/v2\/product_tag?post=9813"}],"curies":[{"name":"wp","href":"https:\/\/api.w.org\/{rel}","templated":true}]}}