{"id":10380,"date":"2024-05-09T08:45:33","date_gmt":"2024-05-09T06:45:33","guid":{"rendered":"https:\/\/www.hostin.sk\/?post_type=product&#038;p=10380"},"modified":"2025-04-07T11:08:01","modified_gmt":"2025-04-07T09:08:01","slug":"garden-light-for-wall-installation-with-a-single-lamp-with-a-square-base","status":"publish","type":"product","link":"https:\/\/www.hostin.sk\/en\/product\/garden-light-for-wall-installation-with-a-single-lamp-with-a-square-base\/","title":{"rendered":"Garden light for wall installation with a single lamp \u2013 with a square base"},"content":{"rendered":"<ul>\n<li>The light fixture housing is made of die-cast aluminum<\/li>\n<li>Available mounting options: post, ground spike, and round base<\/li>\n<li>Manufactured with either a built-in LED light source or a replaceable GU10 bulb<\/li>\n<li>Surface finish: anti-corrosion powder coating<\/li>\n<li>Corrosion-resistant, tested for 500 hours in a salt spray chamber<\/li>\n<li>IP65 rated for outdoor and garden installation<\/li>\n<li>Power supply: 230V AC<\/li>\n<\/ul>\n","protected":false},"excerpt":{"rendered":"<p>Garden spotlight with a modern design<\/p>\n","protected":false},"featured_media":8653,"template":"","meta":{"_acf_changed":false},"product_brand":[],"product_cat":[165],"product_tag":[],"class_list":{"0":"post-10380","1":"product","2":"type-product","3":"status-publish","4":"has-post-thumbnail","6":"product_cat-garden-lighting","8":"first","9":"outofstock","10":"taxable","11":"shipping-taxable","12":"purchasable","13":"product-type-variable"},"acf":[],"yoast_head":"<!-- This site is optimized with the Yoast SEO plugin v27.4 - https:\/\/yoast.com\/product\/yoast-seo-wordpress\/ -->\n<title>Garden light for wall installation with a single lamp \u2013 with a square base - HOSTIN<\/title>\n<meta name=\"description\" content=\"Sleek garden spotlight with a modern design, durable aluminum housing, and IP65 rating. Ideal for outdoor lighting with GU10 or built-in LED options.\" \/>\n<meta name=\"robots\" content=\"index, follow, max-snippet:-1, max-image-preview:large, max-video-preview:-1\" \/>\n<link rel=\"canonical\" href=\"https:\/\/www.hostin.sk\/en\/product\/garden-light-for-wall-installation-with-a-single-lamp-with-a-square-base\/\" \/>\n<meta property=\"og:locale\" content=\"en_US\" \/>\n<meta property=\"og:type\" content=\"article\" \/>\n<meta property=\"og:title\" content=\"Garden light for wall installation with a single lamp \u2013 with a square base - HOSTIN\" \/>\n<meta property=\"og:description\" content=\"Sleek garden spotlight with a modern design, durable aluminum housing, and IP65 rating. Ideal for outdoor lighting with GU10 or built-in LED options.\" \/>\n<meta property=\"og:url\" content=\"https:\/\/www.hostin.sk\/en\/product\/garden-light-for-wall-installation-with-a-single-lamp-with-a-square-base\/\" \/>\n<meta property=\"og:site_name\" content=\"HOSTIN\" \/>\n<meta property=\"article:modified_time\" content=\"2025-04-07T09:08:01+00:00\" \/>\n<meta property=\"og:image\" content=\"https:\/\/www.hostin.sk\/wp-content\/uploads\/2024\/05\/Zahradne-svietidlo-instalacia-na-stenu-\u2013-s-hranatou-zakladnou.jpg\" \/>\n\t<meta property=\"og:image:width\" content=\"900\" \/>\n\t<meta property=\"og:image:height\" content=\"900\" \/>\n\t<meta property=\"og:image:type\" content=\"image\/jpeg\" \/>\n<meta name=\"twitter:card\" content=\"summary_large_image\" \/>\n<meta name=\"twitter:label1\" content=\"Est. reading time\" \/>\n\t<meta name=\"twitter:data1\" content=\"1 minute\" \/>\n<script type=\"application\/ld+json\" class=\"yoast-schema-graph\">{\"@context\":\"https:\\\/\\\/schema.org\",\"@graph\":[{\"@type\":\"WebPage\",\"@id\":\"https:\\\/\\\/www.hostin.sk\\\/en\\\/product\\\/garden-light-for-wall-installation-with-a-single-lamp-with-a-square-base\\\/\",\"url\":\"https:\\\/\\\/www.hostin.sk\\\/en\\\/product\\\/garden-light-for-wall-installation-with-a-single-lamp-with-a-square-base\\\/\",\"name\":\"Garden light for wall installation with a single lamp \u2013 with a square base - HOSTIN\",\"isPartOf\":{\"@id\":\"https:\\\/\\\/www.hostin.sk\\\/#website\"},\"primaryImageOfPage\":{\"@id\":\"https:\\\/\\\/www.hostin.sk\\\/en\\\/product\\\/garden-light-for-wall-installation-with-a-single-lamp-with-a-square-base\\\/#primaryimage\"},\"image\":{\"@id\":\"https:\\\/\\\/www.hostin.sk\\\/en\\\/product\\\/garden-light-for-wall-installation-with-a-single-lamp-with-a-square-base\\\/#primaryimage\"},\"thumbnailUrl\":\"https:\\\/\\\/www.hostin.sk\\\/wp-content\\\/uploads\\\/2024\\\/05\\\/Zahradne-svietidlo-instalacia-na-stenu-\u2013-s-hranatou-zakladnou.jpg\",\"datePublished\":\"2024-05-09T06:45:33+00:00\",\"dateModified\":\"2025-04-07T09:08:01+00:00\",\"description\":\"Sleek garden spotlight with a modern design, durable aluminum housing, and IP65 rating. Ideal for outdoor lighting with GU10 or built-in LED options.\",\"breadcrumb\":{\"@id\":\"https:\\\/\\\/www.hostin.sk\\\/en\\\/product\\\/garden-light-for-wall-installation-with-a-single-lamp-with-a-square-base\\\/#breadcrumb\"},\"inLanguage\":\"en-US\",\"potentialAction\":[{\"@type\":\"ReadAction\",\"target\":[\"https:\\\/\\\/www.hostin.sk\\\/en\\\/product\\\/garden-light-for-wall-installation-with-a-single-lamp-with-a-square-base\\\/\"]}]},{\"@type\":\"ImageObject\",\"inLanguage\":\"en-US\",\"@id\":\"https:\\\/\\\/www.hostin.sk\\\/en\\\/product\\\/garden-light-for-wall-installation-with-a-single-lamp-with-a-square-base\\\/#primaryimage\",\"url\":\"https:\\\/\\\/www.hostin.sk\\\/wp-content\\\/uploads\\\/2024\\\/05\\\/Zahradne-svietidlo-instalacia-na-stenu-\u2013-s-hranatou-zakladnou.jpg\",\"contentUrl\":\"https:\\\/\\\/www.hostin.sk\\\/wp-content\\\/uploads\\\/2024\\\/05\\\/Zahradne-svietidlo-instalacia-na-stenu-\u2013-s-hranatou-zakladnou.jpg\",\"width\":900,\"height\":900},{\"@type\":\"BreadcrumbList\",\"@id\":\"https:\\\/\\\/www.hostin.sk\\\/en\\\/product\\\/garden-light-for-wall-installation-with-a-single-lamp-with-a-square-base\\\/#breadcrumb\",\"itemListElement\":[{\"@type\":\"ListItem\",\"position\":1,\"name\":\"Domov\",\"item\":\"https:\\\/\\\/www.hostin.sk\\\/en\\\/\"},{\"@type\":\"ListItem\",\"position\":2,\"name\":\"Shop\",\"item\":\"https:\\\/\\\/www.hostin.sk\\\/en\\\/shop\\\/\"},{\"@type\":\"ListItem\",\"position\":3,\"name\":\"Z\u00e1hradn\u00e9 svietidl\u00e1\",\"item\":\"https:\\\/\\\/www.hostin.sk\\\/kategoria-produktu\\\/zahradne-svietidla\\\/\"},{\"@type\":\"ListItem\",\"position\":4,\"name\":\"Garden light for wall installation with a single lamp \u2013 with a square base\"}]},{\"@type\":\"WebSite\",\"@id\":\"https:\\\/\\\/www.hostin.sk\\\/#website\",\"url\":\"https:\\\/\\\/www.hostin.sk\\\/\",\"name\":\"HOSTIN\",\"description\":\"Hroty proti vt\u00e1kom\",\"potentialAction\":[{\"@type\":\"SearchAction\",\"target\":{\"@type\":\"EntryPoint\",\"urlTemplate\":\"https:\\\/\\\/www.hostin.sk\\\/?s={search_term_string}\"},\"query-input\":{\"@type\":\"PropertyValueSpecification\",\"valueRequired\":true,\"valueName\":\"search_term_string\"}}],\"inLanguage\":\"en-US\"}]}<\/script>\n<!-- \/ Yoast SEO plugin. -->","yoast_head_json":{"title":"Garden light for wall installation with a single lamp \u2013 with a square base - HOSTIN","description":"Sleek garden spotlight with a modern design, durable aluminum housing, and IP65 rating. Ideal for outdoor lighting with GU10 or built-in LED options.","robots":{"index":"index","follow":"follow","max-snippet":"max-snippet:-1","max-image-preview":"max-image-preview:large","max-video-preview":"max-video-preview:-1"},"canonical":"https:\/\/www.hostin.sk\/en\/product\/garden-light-for-wall-installation-with-a-single-lamp-with-a-square-base\/","og_locale":"en_US","og_type":"article","og_title":"Garden light for wall installation with a single lamp \u2013 with a square base - HOSTIN","og_description":"Sleek garden spotlight with a modern design, durable aluminum housing, and IP65 rating. Ideal for outdoor lighting with GU10 or built-in LED options.","og_url":"https:\/\/www.hostin.sk\/en\/product\/garden-light-for-wall-installation-with-a-single-lamp-with-a-square-base\/","og_site_name":"HOSTIN","article_modified_time":"2025-04-07T09:08:01+00:00","og_image":[{"width":900,"height":900,"url":"https:\/\/www.hostin.sk\/wp-content\/uploads\/2024\/05\/Zahradne-svietidlo-instalacia-na-stenu-\u2013-s-hranatou-zakladnou.jpg","type":"image\/jpeg"}],"twitter_card":"summary_large_image","twitter_misc":{"Est. reading time":"1 minute"},"schema":{"@context":"https:\/\/schema.org","@graph":[{"@type":"WebPage","@id":"https:\/\/www.hostin.sk\/en\/product\/garden-light-for-wall-installation-with-a-single-lamp-with-a-square-base\/","url":"https:\/\/www.hostin.sk\/en\/product\/garden-light-for-wall-installation-with-a-single-lamp-with-a-square-base\/","name":"Garden light for wall installation with a single lamp \u2013 with a square base - HOSTIN","isPartOf":{"@id":"https:\/\/www.hostin.sk\/#website"},"primaryImageOfPage":{"@id":"https:\/\/www.hostin.sk\/en\/product\/garden-light-for-wall-installation-with-a-single-lamp-with-a-square-base\/#primaryimage"},"image":{"@id":"https:\/\/www.hostin.sk\/en\/product\/garden-light-for-wall-installation-with-a-single-lamp-with-a-square-base\/#primaryimage"},"thumbnailUrl":"https:\/\/www.hostin.sk\/wp-content\/uploads\/2024\/05\/Zahradne-svietidlo-instalacia-na-stenu-\u2013-s-hranatou-zakladnou.jpg","datePublished":"2024-05-09T06:45:33+00:00","dateModified":"2025-04-07T09:08:01+00:00","description":"Sleek garden spotlight with a modern design, durable aluminum housing, and IP65 rating. Ideal for outdoor lighting with GU10 or built-in LED options.","breadcrumb":{"@id":"https:\/\/www.hostin.sk\/en\/product\/garden-light-for-wall-installation-with-a-single-lamp-with-a-square-base\/#breadcrumb"},"inLanguage":"en-US","potentialAction":[{"@type":"ReadAction","target":["https:\/\/www.hostin.sk\/en\/product\/garden-light-for-wall-installation-with-a-single-lamp-with-a-square-base\/"]}]},{"@type":"ImageObject","inLanguage":"en-US","@id":"https:\/\/www.hostin.sk\/en\/product\/garden-light-for-wall-installation-with-a-single-lamp-with-a-square-base\/#primaryimage","url":"https:\/\/www.hostin.sk\/wp-content\/uploads\/2024\/05\/Zahradne-svietidlo-instalacia-na-stenu-\u2013-s-hranatou-zakladnou.jpg","contentUrl":"https:\/\/www.hostin.sk\/wp-content\/uploads\/2024\/05\/Zahradne-svietidlo-instalacia-na-stenu-\u2013-s-hranatou-zakladnou.jpg","width":900,"height":900},{"@type":"BreadcrumbList","@id":"https:\/\/www.hostin.sk\/en\/product\/garden-light-for-wall-installation-with-a-single-lamp-with-a-square-base\/#breadcrumb","itemListElement":[{"@type":"ListItem","position":1,"name":"Domov","item":"https:\/\/www.hostin.sk\/en\/"},{"@type":"ListItem","position":2,"name":"Shop","item":"https:\/\/www.hostin.sk\/en\/shop\/"},{"@type":"ListItem","position":3,"name":"Z\u00e1hradn\u00e9 svietidl\u00e1","item":"https:\/\/www.hostin.sk\/kategoria-produktu\/zahradne-svietidla\/"},{"@type":"ListItem","position":4,"name":"Garden light for wall installation with a single lamp \u2013 with a square base"}]},{"@type":"WebSite","@id":"https:\/\/www.hostin.sk\/#website","url":"https:\/\/www.hostin.sk\/","name":"HOSTIN","description":"Hroty proti vt\u00e1kom","potentialAction":[{"@type":"SearchAction","target":{"@type":"EntryPoint","urlTemplate":"https:\/\/www.hostin.sk\/?s={search_term_string}"},"query-input":{"@type":"PropertyValueSpecification","valueRequired":true,"valueName":"search_term_string"}}],"inLanguage":"en-US"}]}},"_links":{"self":[{"href":"https:\/\/www.hostin.sk\/en\/wp-json\/wp\/v2\/product\/10380","targetHints":{"allow":["GET"]}}],"collection":[{"href":"https:\/\/www.hostin.sk\/en\/wp-json\/wp\/v2\/product"}],"about":[{"href":"https:\/\/www.hostin.sk\/en\/wp-json\/wp\/v2\/types\/product"}],"wp:featuredmedia":[{"embeddable":true,"href":"https:\/\/www.hostin.sk\/en\/wp-json\/wp\/v2\/media\/8653"}],"wp:attachment":[{"href":"https:\/\/www.hostin.sk\/en\/wp-json\/wp\/v2\/media?parent=10380"}],"wp:term":[{"taxonomy":"product_brand","embeddable":true,"href":"https:\/\/www.hostin.sk\/en\/wp-json\/wp\/v2\/product_brand?post=10380"},{"taxonomy":"product_cat","embeddable":true,"href":"https:\/\/www.hostin.sk\/en\/wp-json\/wp\/v2\/product_cat?post=10380"},{"taxonomy":"product_tag","embeddable":true,"href":"https:\/\/www.hostin.sk\/en\/wp-json\/wp\/v2\/product_tag?post=10380"}],"curies":[{"name":"wp","href":"https:\/\/api.w.org\/{rel}","templated":true}]}}