{"id":10182,"date":"2018-03-19T15:09:23","date_gmt":"2018-03-19T14:09:23","guid":{"rendered":"https:\/\/www.hostin.sk\/produkt\/kolektorova-hrotova-zabrana-proti-vtakom-fix\/"},"modified":"2025-04-03T13:52:42","modified_gmt":"2025-04-03T11:52:42","slug":"solar-panel-bird-spike-barrier-fix","status":"publish","type":"product","link":"https:\/\/www.hostin.sk\/en\/product\/solar-panel-bird-spike-barrier-fix\/","title":{"rendered":"Solar Panel Bird Spike Barrier FIX"},"content":{"rendered":"<p data-start=\"196\" data-end=\"494\">The <strong data-start=\"200\" data-end=\"238\">Solar Panel Bird Spike Barrier FIX<\/strong> is specially designed to <strong data-start=\"264\" data-end=\"313\">prevent birds from nesting under solar panels<\/strong>, protecting the <strong data-start=\"330\" data-end=\"358\">efficiency and longevity<\/strong> of <strong data-start=\"362\" data-end=\"386\">photovoltaic systems<\/strong>. Birds nesting under solar panels can <strong data-start=\"425\" data-end=\"442\">block airflow<\/strong>, leading to <strong data-start=\"455\" data-end=\"491\">overheating and performance loss<\/strong>.<\/p>\n<p data-start=\"496\" data-end=\"733\">This product category includes <strong data-start=\"527\" data-end=\"568\">single-row barriers with fixed spikes<\/strong> and <strong data-start=\"573\" data-end=\"620\"><a href=\"https:\/\/www.hostin.sk\/en\/product\/solar-panel-bird-spike-barrier-flexi\/\">FLEXI<\/a> systems with adjustable spike lengths<\/strong>. The <strong data-start=\"626\" data-end=\"646\">FIX bird barrier<\/strong> provides a <strong data-start=\"658\" data-end=\"679\">rigid and durable<\/strong> bird control solution for <strong data-start=\"706\" data-end=\"730\">long-term protection<\/strong>.<\/p>\n<p data-start=\"735\" data-end=\"757\"><strong data-start=\"739\" data-end=\"755\">Installation<\/strong><\/p>\n<ul data-start=\"758\" data-end=\"1265\">\n<li data-start=\"758\" data-end=\"805\"><strong data-start=\"760\" data-end=\"803\">Permanently effective &amp; easy to install<\/strong><\/li>\n<li data-start=\"806\" data-end=\"871\"><strong data-start=\"808\" data-end=\"849\">Surface must be cleaned and <a href=\"https:\/\/www.hostin.sk\/en\/product\/degreaser-technical-gasoline-1-0-l\/\">degreased<\/a><\/strong> before installation<\/li>\n<li data-start=\"872\" data-end=\"924\">Barrier is <strong data-start=\"885\" data-end=\"922\"><a href=\"https:\/\/www.hostin.sk\/en\/product\/mamut-glue-high-tack-adhesive-290-ml\/\">glued<\/a> onto the solar panel frames<\/strong><\/li>\n<li data-start=\"925\" data-end=\"1002\"><strong data-start=\"927\" data-end=\"963\">Prevents pigeons and other birds<\/strong> from flying under panels and nesting<\/li>\n<li data-start=\"1003\" data-end=\"1086\"><strong data-start=\"1005\" data-end=\"1049\">Stable and robust stainless steel spikes<\/strong> form a strong mechanical deterrent<\/li>\n<li data-start=\"1087\" data-end=\"1157\">Available in <strong data-start=\"1102\" data-end=\"1129\">different spike heights<\/strong> (affecting final pricing)<\/li>\n<li data-start=\"1158\" data-end=\"1198\"><strong data-start=\"1160\" data-end=\"1196\">Standard barrier length: 1 meter<\/strong><\/li>\n<li data-start=\"1199\" data-end=\"1265\">Also available in the <strong data-start=\"1223\" data-end=\"1240\"><a href=\"https:\/\/www.hostin.sk\/en\/product\/solar-panel-bird-spike-barrier-flexi\/\">FLEXI<\/a> version<\/strong> with adjustable spikes<\/li>\n<\/ul>\n","protected":false},"excerpt":{"rendered":"<p>Fixed Bird Spike Barrier \u2013 Full Stainless Steel Protection for Solar Modules<\/p>\n","protected":false},"featured_media":8296,"template":"","meta":{"_acf_changed":false},"product_brand":[],"product_cat":[194,195],"product_tag":[],"class_list":{"0":"post-10182","1":"product","2":"type-product","3":"status-publish","4":"has-post-thumbnail","6":"product_cat-1-row-bird-spike-barriers-en","7":"product_cat-for-solar-collectors-en","9":"first","10":"instock","11":"taxable","12":"shipping-taxable","13":"purchasable","14":"product-type-variable"},"acf":[],"yoast_head":"<!-- This site is optimized with the Yoast SEO plugin v27.4 - https:\/\/yoast.com\/product\/yoast-seo-wordpress\/ -->\n<title>Solar Panel Bird Spike Barrier FIX - HOSTIN<\/title>\n<meta name=\"description\" content=\"Kolektorov\u00e9 z\u00e1brany efekt\u00edvne br\u00e1nia vt\u00e1kom v podlietavan\u00ed pod sol\u00e1rne moduly, \u010d\u00edm zabra\u0148uj\u00fa zni\u017eovaniu pr\u00fadenia vzduchu a prehrievaniu panelov.\" \/>\n<meta name=\"robots\" content=\"index, follow, max-snippet:-1, max-image-preview:large, max-video-preview:-1\" \/>\n<link rel=\"canonical\" href=\"https:\/\/www.hostin.sk\/en\/product\/solar-panel-bird-spike-barrier-fix\/\" \/>\n<meta property=\"og:locale\" content=\"en_US\" \/>\n<meta property=\"og:type\" content=\"article\" \/>\n<meta property=\"og:title\" content=\"Solar Panel Bird Spike Barrier FIX - HOSTIN\" \/>\n<meta property=\"og:description\" content=\"Kolektorov\u00e9 z\u00e1brany efekt\u00edvne br\u00e1nia vt\u00e1kom v podlietavan\u00ed pod sol\u00e1rne moduly, \u010d\u00edm zabra\u0148uj\u00fa zni\u017eovaniu pr\u00fadenia vzduchu a prehrievaniu panelov.\" \/>\n<meta property=\"og:url\" content=\"https:\/\/www.hostin.sk\/en\/product\/solar-panel-bird-spike-barrier-fix\/\" \/>\n<meta property=\"og:site_name\" content=\"HOSTIN\" \/>\n<meta property=\"article:modified_time\" content=\"2025-04-03T11:52:42+00:00\" \/>\n<meta property=\"og:image\" content=\"https:\/\/www.hostin.sk\/wp-content\/uploads\/2018\/03\/PL1T20K-125-1000-800x800-1.jpg\" \/>\n\t<meta property=\"og:image:width\" content=\"800\" \/>\n\t<meta property=\"og:image:height\" content=\"800\" \/>\n\t<meta property=\"og:image:type\" content=\"image\/jpeg\" \/>\n<meta name=\"twitter:card\" content=\"summary_large_image\" \/>\n<meta name=\"twitter:label1\" content=\"Est. reading time\" \/>\n\t<meta name=\"twitter:data1\" content=\"1 minute\" \/>\n<script type=\"application\/ld+json\" class=\"yoast-schema-graph\">{\"@context\":\"https:\\\/\\\/schema.org\",\"@graph\":[{\"@type\":\"WebPage\",\"@id\":\"https:\\\/\\\/www.hostin.sk\\\/en\\\/product\\\/solar-panel-bird-spike-barrier-fix\\\/\",\"url\":\"https:\\\/\\\/www.hostin.sk\\\/en\\\/product\\\/solar-panel-bird-spike-barrier-fix\\\/\",\"name\":\"Solar Panel Bird Spike Barrier FIX - HOSTIN\",\"isPartOf\":{\"@id\":\"https:\\\/\\\/www.hostin.sk\\\/#website\"},\"primaryImageOfPage\":{\"@id\":\"https:\\\/\\\/www.hostin.sk\\\/en\\\/product\\\/solar-panel-bird-spike-barrier-fix\\\/#primaryimage\"},\"image\":{\"@id\":\"https:\\\/\\\/www.hostin.sk\\\/en\\\/product\\\/solar-panel-bird-spike-barrier-fix\\\/#primaryimage\"},\"thumbnailUrl\":\"https:\\\/\\\/www.hostin.sk\\\/wp-content\\\/uploads\\\/2018\\\/03\\\/PL1T20K-125-1000-800x800-1.jpg\",\"datePublished\":\"2018-03-19T14:09:23+00:00\",\"dateModified\":\"2025-04-03T11:52:42+00:00\",\"description\":\"Kolektorov\u00e9 z\u00e1brany efekt\u00edvne br\u00e1nia vt\u00e1kom v podlietavan\u00ed pod sol\u00e1rne moduly, \u010d\u00edm zabra\u0148uj\u00fa zni\u017eovaniu pr\u00fadenia vzduchu a prehrievaniu panelov.\",\"breadcrumb\":{\"@id\":\"https:\\\/\\\/www.hostin.sk\\\/en\\\/product\\\/solar-panel-bird-spike-barrier-fix\\\/#breadcrumb\"},\"inLanguage\":\"en-US\",\"potentialAction\":[{\"@type\":\"ReadAction\",\"target\":[\"https:\\\/\\\/www.hostin.sk\\\/en\\\/product\\\/solar-panel-bird-spike-barrier-fix\\\/\"]}]},{\"@type\":\"ImageObject\",\"inLanguage\":\"en-US\",\"@id\":\"https:\\\/\\\/www.hostin.sk\\\/en\\\/product\\\/solar-panel-bird-spike-barrier-fix\\\/#primaryimage\",\"url\":\"https:\\\/\\\/www.hostin.sk\\\/wp-content\\\/uploads\\\/2018\\\/03\\\/PL1T20K-125-1000-800x800-1.jpg\",\"contentUrl\":\"https:\\\/\\\/www.hostin.sk\\\/wp-content\\\/uploads\\\/2018\\\/03\\\/PL1T20K-125-1000-800x800-1.jpg\",\"width\":800,\"height\":800},{\"@type\":\"BreadcrumbList\",\"@id\":\"https:\\\/\\\/www.hostin.sk\\\/en\\\/product\\\/solar-panel-bird-spike-barrier-fix\\\/#breadcrumb\",\"itemListElement\":[{\"@type\":\"ListItem\",\"position\":1,\"name\":\"Domov\",\"item\":\"https:\\\/\\\/www.hostin.sk\\\/en\\\/\"},{\"@type\":\"ListItem\",\"position\":2,\"name\":\"Shop\",\"item\":\"https:\\\/\\\/www.hostin.sk\\\/en\\\/shop\\\/\"},{\"@type\":\"ListItem\",\"position\":3,\"name\":\"Barriers by Design\",\"item\":\"https:\\\/\\\/www.hostin.sk\\\/en\\\/product-categories\\\/by-design\\\/\"},{\"@type\":\"ListItem\",\"position\":4,\"name\":\"Bird Spike Barriers\",\"item\":\"https:\\\/\\\/www.hostin.sk\\\/en\\\/kategoria-produktu\\\/bird-spike-barriers\\\/\"},{\"@type\":\"ListItem\",\"position\":5,\"name\":\"1-Row Bird Spike Barriers\",\"item\":\"https:\\\/\\\/www.hostin.sk\\\/en\\\/kategoria-produktu\\\/1-row-bird-spike-barriers-en\\\/\"},{\"@type\":\"ListItem\",\"position\":6,\"name\":\"Solar Panel Bird Spike Barrier FIX\"}]},{\"@type\":\"WebSite\",\"@id\":\"https:\\\/\\\/www.hostin.sk\\\/#website\",\"url\":\"https:\\\/\\\/www.hostin.sk\\\/\",\"name\":\"HOSTIN\",\"description\":\"Hroty proti vt\u00e1kom\",\"potentialAction\":[{\"@type\":\"SearchAction\",\"target\":{\"@type\":\"EntryPoint\",\"urlTemplate\":\"https:\\\/\\\/www.hostin.sk\\\/?s={search_term_string}\"},\"query-input\":{\"@type\":\"PropertyValueSpecification\",\"valueRequired\":true,\"valueName\":\"search_term_string\"}}],\"inLanguage\":\"en-US\"}]}<\/script>\n<!-- \/ Yoast SEO plugin. -->","yoast_head_json":{"title":"Solar Panel Bird Spike Barrier FIX - HOSTIN","description":"Kolektorov\u00e9 z\u00e1brany efekt\u00edvne br\u00e1nia vt\u00e1kom v podlietavan\u00ed pod sol\u00e1rne moduly, \u010d\u00edm zabra\u0148uj\u00fa zni\u017eovaniu pr\u00fadenia vzduchu a prehrievaniu panelov.","robots":{"index":"index","follow":"follow","max-snippet":"max-snippet:-1","max-image-preview":"max-image-preview:large","max-video-preview":"max-video-preview:-1"},"canonical":"https:\/\/www.hostin.sk\/en\/product\/solar-panel-bird-spike-barrier-fix\/","og_locale":"en_US","og_type":"article","og_title":"Solar Panel Bird Spike Barrier FIX - HOSTIN","og_description":"Kolektorov\u00e9 z\u00e1brany efekt\u00edvne br\u00e1nia vt\u00e1kom v podlietavan\u00ed pod sol\u00e1rne moduly, \u010d\u00edm zabra\u0148uj\u00fa zni\u017eovaniu pr\u00fadenia vzduchu a prehrievaniu panelov.","og_url":"https:\/\/www.hostin.sk\/en\/product\/solar-panel-bird-spike-barrier-fix\/","og_site_name":"HOSTIN","article_modified_time":"2025-04-03T11:52:42+00:00","og_image":[{"width":800,"height":800,"url":"https:\/\/www.hostin.sk\/wp-content\/uploads\/2018\/03\/PL1T20K-125-1000-800x800-1.jpg","type":"image\/jpeg"}],"twitter_card":"summary_large_image","twitter_misc":{"Est. reading time":"1 minute"},"schema":{"@context":"https:\/\/schema.org","@graph":[{"@type":"WebPage","@id":"https:\/\/www.hostin.sk\/en\/product\/solar-panel-bird-spike-barrier-fix\/","url":"https:\/\/www.hostin.sk\/en\/product\/solar-panel-bird-spike-barrier-fix\/","name":"Solar Panel Bird Spike Barrier FIX - HOSTIN","isPartOf":{"@id":"https:\/\/www.hostin.sk\/#website"},"primaryImageOfPage":{"@id":"https:\/\/www.hostin.sk\/en\/product\/solar-panel-bird-spike-barrier-fix\/#primaryimage"},"image":{"@id":"https:\/\/www.hostin.sk\/en\/product\/solar-panel-bird-spike-barrier-fix\/#primaryimage"},"thumbnailUrl":"https:\/\/www.hostin.sk\/wp-content\/uploads\/2018\/03\/PL1T20K-125-1000-800x800-1.jpg","datePublished":"2018-03-19T14:09:23+00:00","dateModified":"2025-04-03T11:52:42+00:00","description":"Kolektorov\u00e9 z\u00e1brany efekt\u00edvne br\u00e1nia vt\u00e1kom v podlietavan\u00ed pod sol\u00e1rne moduly, \u010d\u00edm zabra\u0148uj\u00fa zni\u017eovaniu pr\u00fadenia vzduchu a prehrievaniu panelov.","breadcrumb":{"@id":"https:\/\/www.hostin.sk\/en\/product\/solar-panel-bird-spike-barrier-fix\/#breadcrumb"},"inLanguage":"en-US","potentialAction":[{"@type":"ReadAction","target":["https:\/\/www.hostin.sk\/en\/product\/solar-panel-bird-spike-barrier-fix\/"]}]},{"@type":"ImageObject","inLanguage":"en-US","@id":"https:\/\/www.hostin.sk\/en\/product\/solar-panel-bird-spike-barrier-fix\/#primaryimage","url":"https:\/\/www.hostin.sk\/wp-content\/uploads\/2018\/03\/PL1T20K-125-1000-800x800-1.jpg","contentUrl":"https:\/\/www.hostin.sk\/wp-content\/uploads\/2018\/03\/PL1T20K-125-1000-800x800-1.jpg","width":800,"height":800},{"@type":"BreadcrumbList","@id":"https:\/\/www.hostin.sk\/en\/product\/solar-panel-bird-spike-barrier-fix\/#breadcrumb","itemListElement":[{"@type":"ListItem","position":1,"name":"Domov","item":"https:\/\/www.hostin.sk\/en\/"},{"@type":"ListItem","position":2,"name":"Shop","item":"https:\/\/www.hostin.sk\/en\/shop\/"},{"@type":"ListItem","position":3,"name":"Barriers by Design","item":"https:\/\/www.hostin.sk\/en\/product-categories\/by-design\/"},{"@type":"ListItem","position":4,"name":"Bird Spike Barriers","item":"https:\/\/www.hostin.sk\/en\/kategoria-produktu\/bird-spike-barriers\/"},{"@type":"ListItem","position":5,"name":"1-Row Bird Spike Barriers","item":"https:\/\/www.hostin.sk\/en\/kategoria-produktu\/1-row-bird-spike-barriers-en\/"},{"@type":"ListItem","position":6,"name":"Solar Panel Bird Spike Barrier FIX"}]},{"@type":"WebSite","@id":"https:\/\/www.hostin.sk\/#website","url":"https:\/\/www.hostin.sk\/","name":"HOSTIN","description":"Hroty proti vt\u00e1kom","potentialAction":[{"@type":"SearchAction","target":{"@type":"EntryPoint","urlTemplate":"https:\/\/www.hostin.sk\/?s={search_term_string}"},"query-input":{"@type":"PropertyValueSpecification","valueRequired":true,"valueName":"search_term_string"}}],"inLanguage":"en-US"}]}},"_links":{"self":[{"href":"https:\/\/www.hostin.sk\/en\/wp-json\/wp\/v2\/product\/10182","targetHints":{"allow":["GET"]}}],"collection":[{"href":"https:\/\/www.hostin.sk\/en\/wp-json\/wp\/v2\/product"}],"about":[{"href":"https:\/\/www.hostin.sk\/en\/wp-json\/wp\/v2\/types\/product"}],"wp:featuredmedia":[{"embeddable":true,"href":"https:\/\/www.hostin.sk\/en\/wp-json\/wp\/v2\/media\/8296"}],"wp:attachment":[{"href":"https:\/\/www.hostin.sk\/en\/wp-json\/wp\/v2\/media?parent=10182"}],"wp:term":[{"taxonomy":"product_brand","embeddable":true,"href":"https:\/\/www.hostin.sk\/en\/wp-json\/wp\/v2\/product_brand?post=10182"},{"taxonomy":"product_cat","embeddable":true,"href":"https:\/\/www.hostin.sk\/en\/wp-json\/wp\/v2\/product_cat?post=10182"},{"taxonomy":"product_tag","embeddable":true,"href":"https:\/\/www.hostin.sk\/en\/wp-json\/wp\/v2\/product_tag?post=10182"}],"curies":[{"name":"wp","href":"https:\/\/api.w.org\/{rel}","templated":true}]}}