{"id":9386,"date":"2018-03-19T16:21:25","date_gmt":"2018-03-19T15:21:25","guid":{"rendered":"https:\/\/www.hostin.sk\/produkt\/lankova-jednoradova-zabrana-na-rury-s-ochranou\/"},"modified":"2025-03-13T17:25:53","modified_gmt":"2025-03-13T16:25:53","slug":"einreihiges-spanndrahtsystem-fuer-rohre-mit-unterflugschutz","status":"publish","type":"product","link":"https:\/\/www.hostin.sk\/de\/produkt\/einreihiges-spanndrahtsystem-fuer-rohre-mit-unterflugschutz\/","title":{"rendered":"Einreihiges Spanndrahtsystem f\u00fcr Rohre mit Unterflugschutz"},"content":{"rendered":"<p data-start=\"70\" data-end=\"298\">Das einreihige Spanndrahtsystem f\u00fcr Rohre besteht aus einem Draht, der zwischen einzelnen Tr\u00e4gerb\u00e4ndern mit F\u00fchrungsstangen gespannt ist. Es sch\u00fctzt Rohre, Leitungen und Rohrleitungen wirksam vor Verschmutzung durch V\u00f6gel. Die Abwehr mit Unterflugschutz enth\u00e4lt zus\u00e4tzlich eine Schutzvorrichtung gegen das Unterfliegen von V\u00f6geln, indem der Draht auch mittig an der Stange gespannt ist. Es stehen verschiedene Gr\u00f6\u00dfen der Abwehr f\u00fcr Rohrdurchmesser von 25 bis 80 mm zur Auswahl.<\/p>\n<p><strong>Installation<\/strong><\/p>\n<p>Die Halterungen f\u00fcr die Spanndr\u00e4hte m\u00fcssen in einem Abstand von 1,5 m montiert werden, bevor die\u00a0<a href=\"https:\/\/www.hostin.sk\/produkt\/nerezove-lanko-100m\/\">Stahlseile<\/a>\u00a0in sie eingespannt werden. An den Enden der Dr\u00e4hte m\u00fcssen\u00a0<a href=\"https:\/\/www.hostin.sk\/de\/produkt\/edelstahlfeder\/\">Federn<\/a>\u00a0angebracht werden, um eine korrekte Spannung sicherzustellen.\u00a0Die Halterungen werden um das Rohr befestigt, indem die Laschen an den Enden des Tr\u00e4gerbandes mit einer Schraube und Mutter verbunden werden.<\/p>\n","protected":false},"excerpt":{"rendered":"<p>Spanndraht-Abwehr f\u00fcr Rohre mit Unterflugschutz (wahlfreier Durchmesser und Bandl\u00e4nge).<\/p>\n","protected":false},"featured_media":8093,"template":"","meta":{"_acf_changed":false},"product_brand":[],"product_cat":[119,136],"product_tag":[],"class_list":{"0":"post-9386","1":"product","2":"type-product","3":"status-publish","4":"has-post-thumbnail","6":"product_cat-abwehrsystem-fuer-rohre","7":"product_cat-fuer-rohre","9":"first","10":"onbackorder","11":"taxable","12":"shipping-taxable","13":"purchasable","14":"product-type-variable"},"acf":[],"yoast_head":"<!-- This site is optimized with the Yoast SEO plugin v27.4 - https:\/\/yoast.com\/product\/yoast-seo-wordpress\/ -->\n<title>Einreihiges Spanndrahtsystem f\u00fcr Rohre mit Unterflugschutz - HOSTIN<\/title>\n<meta name=\"robots\" content=\"index, follow, max-snippet:-1, max-image-preview:large, max-video-preview:-1\" \/>\n<link rel=\"canonical\" href=\"https:\/\/www.hostin.sk\/de\/produkt\/einreihiges-spanndrahtsystem-fuer-rohre-mit-unterflugschutz\/\" \/>\n<meta property=\"og:locale\" content=\"de_DE\" \/>\n<meta property=\"og:type\" content=\"article\" \/>\n<meta property=\"og:title\" content=\"Einreihiges Spanndrahtsystem f\u00fcr Rohre mit Unterflugschutz - HOSTIN\" \/>\n<meta property=\"og:description\" content=\"Spanndraht-Abwehr f\u00fcr Rohre mit Unterflugschutz (wahlfreier Durchmesser und Bandl\u00e4nge).\" \/>\n<meta property=\"og:url\" content=\"https:\/\/www.hostin.sk\/de\/produkt\/einreihiges-spanndrahtsystem-fuer-rohre-mit-unterflugschutz\/\" \/>\n<meta property=\"og:site_name\" content=\"HOSTIN\" \/>\n<meta property=\"article:modified_time\" content=\"2025-03-13T16:25:53+00:00\" \/>\n<meta property=\"og:image\" content=\"https:\/\/www.hostin.sk\/wp-content\/uploads\/2018\/03\/PL1T40Q-100-XXXX-800x800-1.jpg\" \/>\n\t<meta property=\"og:image:width\" content=\"800\" \/>\n\t<meta property=\"og:image:height\" content=\"800\" \/>\n\t<meta property=\"og:image:type\" content=\"image\/jpeg\" \/>\n<meta name=\"twitter:card\" content=\"summary_large_image\" \/>\n<meta name=\"twitter:label1\" content=\"Gesch\u00e4tzte Lesezeit\" \/>\n\t<meta name=\"twitter:data1\" content=\"1\u00a0Minute\" \/>\n<script type=\"application\/ld+json\" class=\"yoast-schema-graph\">{\"@context\":\"https:\\\/\\\/schema.org\",\"@graph\":[{\"@type\":\"WebPage\",\"@id\":\"https:\\\/\\\/www.hostin.sk\\\/de\\\/produkt\\\/einreihiges-spanndrahtsystem-fuer-rohre-mit-unterflugschutz\\\/\",\"url\":\"https:\\\/\\\/www.hostin.sk\\\/de\\\/produkt\\\/einreihiges-spanndrahtsystem-fuer-rohre-mit-unterflugschutz\\\/\",\"name\":\"Einreihiges Spanndrahtsystem f\u00fcr Rohre mit Unterflugschutz - HOSTIN\",\"isPartOf\":{\"@id\":\"https:\\\/\\\/www.hostin.sk\\\/#website\"},\"primaryImageOfPage\":{\"@id\":\"https:\\\/\\\/www.hostin.sk\\\/de\\\/produkt\\\/einreihiges-spanndrahtsystem-fuer-rohre-mit-unterflugschutz\\\/#primaryimage\"},\"image\":{\"@id\":\"https:\\\/\\\/www.hostin.sk\\\/de\\\/produkt\\\/einreihiges-spanndrahtsystem-fuer-rohre-mit-unterflugschutz\\\/#primaryimage\"},\"thumbnailUrl\":\"https:\\\/\\\/www.hostin.sk\\\/wp-content\\\/uploads\\\/2018\\\/03\\\/PL1T40Q-100-XXXX-800x800-1.jpg\",\"datePublished\":\"2018-03-19T15:21:25+00:00\",\"dateModified\":\"2025-03-13T16:25:53+00:00\",\"breadcrumb\":{\"@id\":\"https:\\\/\\\/www.hostin.sk\\\/de\\\/produkt\\\/einreihiges-spanndrahtsystem-fuer-rohre-mit-unterflugschutz\\\/#breadcrumb\"},\"inLanguage\":\"de\",\"potentialAction\":[{\"@type\":\"ReadAction\",\"target\":[\"https:\\\/\\\/www.hostin.sk\\\/de\\\/produkt\\\/einreihiges-spanndrahtsystem-fuer-rohre-mit-unterflugschutz\\\/\"]}]},{\"@type\":\"ImageObject\",\"inLanguage\":\"de\",\"@id\":\"https:\\\/\\\/www.hostin.sk\\\/de\\\/produkt\\\/einreihiges-spanndrahtsystem-fuer-rohre-mit-unterflugschutz\\\/#primaryimage\",\"url\":\"https:\\\/\\\/www.hostin.sk\\\/wp-content\\\/uploads\\\/2018\\\/03\\\/PL1T40Q-100-XXXX-800x800-1.jpg\",\"contentUrl\":\"https:\\\/\\\/www.hostin.sk\\\/wp-content\\\/uploads\\\/2018\\\/03\\\/PL1T40Q-100-XXXX-800x800-1.jpg\",\"width\":800,\"height\":800},{\"@type\":\"BreadcrumbList\",\"@id\":\"https:\\\/\\\/www.hostin.sk\\\/de\\\/produkt\\\/einreihiges-spanndrahtsystem-fuer-rohre-mit-unterflugschutz\\\/#breadcrumb\",\"itemListElement\":[{\"@type\":\"ListItem\",\"position\":1,\"name\":\"Domov\",\"item\":\"https:\\\/\\\/www.hostin.sk\\\/de\\\/\"},{\"@type\":\"ListItem\",\"position\":2,\"name\":\"E-shop\",\"item\":\"https:\\\/\\\/www.hostin.sk\\\/de\\\/e-shop\\\/\"},{\"@type\":\"ListItem\",\"position\":3,\"name\":\"Abwehrsysteme nach Ausf\u00fchrung\",\"item\":\"https:\\\/\\\/www.hostin.sk\\\/de\\\/produktkategorie\\\/abwehrsysteme-nach-ausfuehrung\\\/\"},{\"@type\":\"ListItem\",\"position\":4,\"name\":\"Spanndrahtabwehr\",\"item\":\"https:\\\/\\\/www.hostin.sk\\\/de\\\/produktkategorie\\\/abwehrsysteme-nach-ausfuehrung\\\/spanndrahtabwehr\\\/\"},{\"@type\":\"ListItem\",\"position\":5,\"name\":\"Abwehrsystem f\u00fcr Rohre\",\"item\":\"https:\\\/\\\/www.hostin.sk\\\/de\\\/produktkategorie\\\/abwehrsysteme-nach-ausfuehrung\\\/spanndrahtabwehr\\\/abwehrsystem-fuer-rohre\\\/\"},{\"@type\":\"ListItem\",\"position\":6,\"name\":\"Einreihiges Spanndrahtsystem f\u00fcr Rohre mit Unterflugschutz\"}]},{\"@type\":\"WebSite\",\"@id\":\"https:\\\/\\\/www.hostin.sk\\\/#website\",\"url\":\"https:\\\/\\\/www.hostin.sk\\\/\",\"name\":\"HOSTIN\",\"description\":\"Hroty proti vt\u00e1kom\",\"potentialAction\":[{\"@type\":\"SearchAction\",\"target\":{\"@type\":\"EntryPoint\",\"urlTemplate\":\"https:\\\/\\\/www.hostin.sk\\\/?s={search_term_string}\"},\"query-input\":{\"@type\":\"PropertyValueSpecification\",\"valueRequired\":true,\"valueName\":\"search_term_string\"}}],\"inLanguage\":\"de\"}]}<\/script>\n<!-- \/ Yoast SEO plugin. -->","yoast_head_json":{"title":"Einreihiges Spanndrahtsystem f\u00fcr Rohre mit Unterflugschutz - HOSTIN","robots":{"index":"index","follow":"follow","max-snippet":"max-snippet:-1","max-image-preview":"max-image-preview:large","max-video-preview":"max-video-preview:-1"},"canonical":"https:\/\/www.hostin.sk\/de\/produkt\/einreihiges-spanndrahtsystem-fuer-rohre-mit-unterflugschutz\/","og_locale":"de_DE","og_type":"article","og_title":"Einreihiges Spanndrahtsystem f\u00fcr Rohre mit Unterflugschutz - HOSTIN","og_description":"Spanndraht-Abwehr f\u00fcr Rohre mit Unterflugschutz (wahlfreier Durchmesser und Bandl\u00e4nge).","og_url":"https:\/\/www.hostin.sk\/de\/produkt\/einreihiges-spanndrahtsystem-fuer-rohre-mit-unterflugschutz\/","og_site_name":"HOSTIN","article_modified_time":"2025-03-13T16:25:53+00:00","og_image":[{"width":800,"height":800,"url":"https:\/\/www.hostin.sk\/wp-content\/uploads\/2018\/03\/PL1T40Q-100-XXXX-800x800-1.jpg","type":"image\/jpeg"}],"twitter_card":"summary_large_image","twitter_misc":{"Gesch\u00e4tzte Lesezeit":"1\u00a0Minute"},"schema":{"@context":"https:\/\/schema.org","@graph":[{"@type":"WebPage","@id":"https:\/\/www.hostin.sk\/de\/produkt\/einreihiges-spanndrahtsystem-fuer-rohre-mit-unterflugschutz\/","url":"https:\/\/www.hostin.sk\/de\/produkt\/einreihiges-spanndrahtsystem-fuer-rohre-mit-unterflugschutz\/","name":"Einreihiges Spanndrahtsystem f\u00fcr Rohre mit Unterflugschutz - HOSTIN","isPartOf":{"@id":"https:\/\/www.hostin.sk\/#website"},"primaryImageOfPage":{"@id":"https:\/\/www.hostin.sk\/de\/produkt\/einreihiges-spanndrahtsystem-fuer-rohre-mit-unterflugschutz\/#primaryimage"},"image":{"@id":"https:\/\/www.hostin.sk\/de\/produkt\/einreihiges-spanndrahtsystem-fuer-rohre-mit-unterflugschutz\/#primaryimage"},"thumbnailUrl":"https:\/\/www.hostin.sk\/wp-content\/uploads\/2018\/03\/PL1T40Q-100-XXXX-800x800-1.jpg","datePublished":"2018-03-19T15:21:25+00:00","dateModified":"2025-03-13T16:25:53+00:00","breadcrumb":{"@id":"https:\/\/www.hostin.sk\/de\/produkt\/einreihiges-spanndrahtsystem-fuer-rohre-mit-unterflugschutz\/#breadcrumb"},"inLanguage":"de","potentialAction":[{"@type":"ReadAction","target":["https:\/\/www.hostin.sk\/de\/produkt\/einreihiges-spanndrahtsystem-fuer-rohre-mit-unterflugschutz\/"]}]},{"@type":"ImageObject","inLanguage":"de","@id":"https:\/\/www.hostin.sk\/de\/produkt\/einreihiges-spanndrahtsystem-fuer-rohre-mit-unterflugschutz\/#primaryimage","url":"https:\/\/www.hostin.sk\/wp-content\/uploads\/2018\/03\/PL1T40Q-100-XXXX-800x800-1.jpg","contentUrl":"https:\/\/www.hostin.sk\/wp-content\/uploads\/2018\/03\/PL1T40Q-100-XXXX-800x800-1.jpg","width":800,"height":800},{"@type":"BreadcrumbList","@id":"https:\/\/www.hostin.sk\/de\/produkt\/einreihiges-spanndrahtsystem-fuer-rohre-mit-unterflugschutz\/#breadcrumb","itemListElement":[{"@type":"ListItem","position":1,"name":"Domov","item":"https:\/\/www.hostin.sk\/de\/"},{"@type":"ListItem","position":2,"name":"E-shop","item":"https:\/\/www.hostin.sk\/de\/e-shop\/"},{"@type":"ListItem","position":3,"name":"Abwehrsysteme nach Ausf\u00fchrung","item":"https:\/\/www.hostin.sk\/de\/produktkategorie\/abwehrsysteme-nach-ausfuehrung\/"},{"@type":"ListItem","position":4,"name":"Spanndrahtabwehr","item":"https:\/\/www.hostin.sk\/de\/produktkategorie\/abwehrsysteme-nach-ausfuehrung\/spanndrahtabwehr\/"},{"@type":"ListItem","position":5,"name":"Abwehrsystem f\u00fcr Rohre","item":"https:\/\/www.hostin.sk\/de\/produktkategorie\/abwehrsysteme-nach-ausfuehrung\/spanndrahtabwehr\/abwehrsystem-fuer-rohre\/"},{"@type":"ListItem","position":6,"name":"Einreihiges Spanndrahtsystem f\u00fcr Rohre mit Unterflugschutz"}]},{"@type":"WebSite","@id":"https:\/\/www.hostin.sk\/#website","url":"https:\/\/www.hostin.sk\/","name":"HOSTIN","description":"Hroty proti vt\u00e1kom","potentialAction":[{"@type":"SearchAction","target":{"@type":"EntryPoint","urlTemplate":"https:\/\/www.hostin.sk\/?s={search_term_string}"},"query-input":{"@type":"PropertyValueSpecification","valueRequired":true,"valueName":"search_term_string"}}],"inLanguage":"de"}]}},"_links":{"self":[{"href":"https:\/\/www.hostin.sk\/de\/wp-json\/wp\/v2\/product\/9386","targetHints":{"allow":["GET"]}}],"collection":[{"href":"https:\/\/www.hostin.sk\/de\/wp-json\/wp\/v2\/product"}],"about":[{"href":"https:\/\/www.hostin.sk\/de\/wp-json\/wp\/v2\/types\/product"}],"wp:featuredmedia":[{"embeddable":true,"href":"https:\/\/www.hostin.sk\/de\/wp-json\/wp\/v2\/media\/8093"}],"wp:attachment":[{"href":"https:\/\/www.hostin.sk\/de\/wp-json\/wp\/v2\/media?parent=9386"}],"wp:term":[{"taxonomy":"product_brand","embeddable":true,"href":"https:\/\/www.hostin.sk\/de\/wp-json\/wp\/v2\/product_brand?post=9386"},{"taxonomy":"product_cat","embeddable":true,"href":"https:\/\/www.hostin.sk\/de\/wp-json\/wp\/v2\/product_cat?post=9386"},{"taxonomy":"product_tag","embeddable":true,"href":"https:\/\/www.hostin.sk\/de\/wp-json\/wp\/v2\/product_tag?post=9386"}],"curies":[{"name":"wp","href":"https:\/\/api.w.org\/{rel}","templated":true}]}}