{"id":9384,"date":"2018-03-19T16:40:40","date_gmt":"2018-03-19T15:40:40","guid":{"rendered":"https:\/\/www.hostin.sk\/produkt\/lankova-zabrana-s-c-uchytom-a-s-ochranou\/"},"modified":"2025-03-13T17:31:21","modified_gmt":"2025-03-13T16:31:21","slug":"spanndraht-abwehr-mit-c-halterung-und-unterflugschutz","status":"publish","type":"product","link":"https:\/\/www.hostin.sk\/de\/produkt\/spanndraht-abwehr-mit-c-halterung-und-unterflugschutz\/","title":{"rendered":"Spanndraht-Abwehr mit C-Halterung und Unterflugschutz"},"content":{"rendered":"<p data-start=\"108\" data-end=\"345\">Die Spanndraht-Abwehr mit C-Halterung ist f\u00fcr Profilkonstruktionen vorgesehen und wird durch Verschraubung befestigt. Sie verf\u00fcgt zus\u00e4tzlich \u00fcber einen Unterflugschutz, um zu verhindern, dass V\u00f6gel unter der Abwehr hindurchfliegen.\u00a0Die Halterungen werden in einem Abstand von 1,5 m montiert und anschlie\u00dfend mit <a href=\"https:\/\/www.hostin.sk\/produkt\/nerezove-lanko-100m\/\">Stahlseilen<\/a> verbunden.<\/p>\n","protected":false},"excerpt":{"rendered":"<p>Einreihige Spanndraht-Abwehr aus Edelstahl mit zwei Dr\u00e4hten und C-Halterung.<\/p>\n","protected":false},"featured_media":8075,"template":"","meta":{"_acf_changed":false},"product_brand":[],"product_cat":[121],"product_tag":[],"class_list":{"0":"post-9384","1":"product","2":"type-product","3":"status-publish","4":"has-post-thumbnail","6":"product_cat-spezialhalterung","8":"first","9":"onbackorder","10":"taxable","11":"shipping-taxable","12":"product-type-simple"},"acf":[],"yoast_head":"<!-- This site is optimized with the Yoast SEO plugin v27.4 - https:\/\/yoast.com\/product\/yoast-seo-wordpress\/ -->\n<title>Spanndraht-Abwehr mit C-Halterung und Unterflugschutz - HOSTIN<\/title>\n<meta name=\"robots\" content=\"index, follow, max-snippet:-1, max-image-preview:large, max-video-preview:-1\" \/>\n<link rel=\"canonical\" href=\"https:\/\/www.hostin.sk\/de\/produkt\/spanndraht-abwehr-mit-c-halterung-und-unterflugschutz\/\" \/>\n<meta property=\"og:locale\" content=\"de_DE\" \/>\n<meta property=\"og:type\" content=\"article\" \/>\n<meta property=\"og:title\" content=\"Spanndraht-Abwehr mit C-Halterung und Unterflugschutz - HOSTIN\" \/>\n<meta property=\"og:description\" content=\"Einreihige Spanndraht-Abwehr aus Edelstahl mit zwei Dr\u00e4hten und C-Halterung.\" \/>\n<meta property=\"og:url\" content=\"https:\/\/www.hostin.sk\/de\/produkt\/spanndraht-abwehr-mit-c-halterung-und-unterflugschutz\/\" \/>\n<meta property=\"og:site_name\" content=\"HOSTIN\" \/>\n<meta property=\"article:modified_time\" content=\"2025-03-13T16:31:21+00:00\" \/>\n<meta property=\"og:image\" content=\"https:\/\/www.hostin.sk\/wp-content\/uploads\/2018\/03\/PL1T40C-103-0132-800x800-1.jpg\" \/>\n\t<meta property=\"og:image:width\" content=\"800\" \/>\n\t<meta property=\"og:image:height\" content=\"800\" \/>\n\t<meta property=\"og:image:type\" content=\"image\/jpeg\" \/>\n<meta name=\"twitter:card\" content=\"summary_large_image\" \/>\n<meta name=\"twitter:label1\" content=\"Gesch\u00e4tzte Lesezeit\" \/>\n\t<meta name=\"twitter:data1\" content=\"1\u00a0Minute\" \/>\n<script type=\"application\/ld+json\" class=\"yoast-schema-graph\">{\"@context\":\"https:\\\/\\\/schema.org\",\"@graph\":[{\"@type\":\"WebPage\",\"@id\":\"https:\\\/\\\/www.hostin.sk\\\/de\\\/produkt\\\/spanndraht-abwehr-mit-c-halterung-und-unterflugschutz\\\/\",\"url\":\"https:\\\/\\\/www.hostin.sk\\\/de\\\/produkt\\\/spanndraht-abwehr-mit-c-halterung-und-unterflugschutz\\\/\",\"name\":\"Spanndraht-Abwehr mit C-Halterung und Unterflugschutz - HOSTIN\",\"isPartOf\":{\"@id\":\"https:\\\/\\\/www.hostin.sk\\\/#website\"},\"primaryImageOfPage\":{\"@id\":\"https:\\\/\\\/www.hostin.sk\\\/de\\\/produkt\\\/spanndraht-abwehr-mit-c-halterung-und-unterflugschutz\\\/#primaryimage\"},\"image\":{\"@id\":\"https:\\\/\\\/www.hostin.sk\\\/de\\\/produkt\\\/spanndraht-abwehr-mit-c-halterung-und-unterflugschutz\\\/#primaryimage\"},\"thumbnailUrl\":\"https:\\\/\\\/www.hostin.sk\\\/wp-content\\\/uploads\\\/2018\\\/03\\\/PL1T40C-103-0132-800x800-1.jpg\",\"datePublished\":\"2018-03-19T15:40:40+00:00\",\"dateModified\":\"2025-03-13T16:31:21+00:00\",\"breadcrumb\":{\"@id\":\"https:\\\/\\\/www.hostin.sk\\\/de\\\/produkt\\\/spanndraht-abwehr-mit-c-halterung-und-unterflugschutz\\\/#breadcrumb\"},\"inLanguage\":\"de\",\"potentialAction\":[{\"@type\":\"ReadAction\",\"target\":[\"https:\\\/\\\/www.hostin.sk\\\/de\\\/produkt\\\/spanndraht-abwehr-mit-c-halterung-und-unterflugschutz\\\/\"]}]},{\"@type\":\"ImageObject\",\"inLanguage\":\"de\",\"@id\":\"https:\\\/\\\/www.hostin.sk\\\/de\\\/produkt\\\/spanndraht-abwehr-mit-c-halterung-und-unterflugschutz\\\/#primaryimage\",\"url\":\"https:\\\/\\\/www.hostin.sk\\\/wp-content\\\/uploads\\\/2018\\\/03\\\/PL1T40C-103-0132-800x800-1.jpg\",\"contentUrl\":\"https:\\\/\\\/www.hostin.sk\\\/wp-content\\\/uploads\\\/2018\\\/03\\\/PL1T40C-103-0132-800x800-1.jpg\",\"width\":800,\"height\":800},{\"@type\":\"BreadcrumbList\",\"@id\":\"https:\\\/\\\/www.hostin.sk\\\/de\\\/produkt\\\/spanndraht-abwehr-mit-c-halterung-und-unterflugschutz\\\/#breadcrumb\",\"itemListElement\":[{\"@type\":\"ListItem\",\"position\":1,\"name\":\"Domov\",\"item\":\"https:\\\/\\\/www.hostin.sk\\\/de\\\/\"},{\"@type\":\"ListItem\",\"position\":2,\"name\":\"E-shop\",\"item\":\"https:\\\/\\\/www.hostin.sk\\\/de\\\/e-shop\\\/\"},{\"@type\":\"ListItem\",\"position\":3,\"name\":\"Abwehrsysteme nach Ausf\u00fchrung\",\"item\":\"https:\\\/\\\/www.hostin.sk\\\/de\\\/produktkategorie\\\/abwehrsysteme-nach-ausfuehrung\\\/\"},{\"@type\":\"ListItem\",\"position\":4,\"name\":\"Spanndrahtabwehr\",\"item\":\"https:\\\/\\\/www.hostin.sk\\\/de\\\/produktkategorie\\\/abwehrsysteme-nach-ausfuehrung\\\/spanndrahtabwehr\\\/\"},{\"@type\":\"ListItem\",\"position\":5,\"name\":\"Spezialhalterung\",\"item\":\"https:\\\/\\\/www.hostin.sk\\\/de\\\/produktkategorie\\\/abwehrsysteme-nach-ausfuehrung\\\/spanndrahtabwehr\\\/spezialhalterung\\\/\"},{\"@type\":\"ListItem\",\"position\":6,\"name\":\"Spanndraht-Abwehr mit C-Halterung und Unterflugschutz\"}]},{\"@type\":\"WebSite\",\"@id\":\"https:\\\/\\\/www.hostin.sk\\\/#website\",\"url\":\"https:\\\/\\\/www.hostin.sk\\\/\",\"name\":\"HOSTIN\",\"description\":\"Hroty proti vt\u00e1kom\",\"potentialAction\":[{\"@type\":\"SearchAction\",\"target\":{\"@type\":\"EntryPoint\",\"urlTemplate\":\"https:\\\/\\\/www.hostin.sk\\\/?s={search_term_string}\"},\"query-input\":{\"@type\":\"PropertyValueSpecification\",\"valueRequired\":true,\"valueName\":\"search_term_string\"}}],\"inLanguage\":\"de\"}]}<\/script>\n<!-- \/ Yoast SEO plugin. -->","yoast_head_json":{"title":"Spanndraht-Abwehr mit C-Halterung und Unterflugschutz - HOSTIN","robots":{"index":"index","follow":"follow","max-snippet":"max-snippet:-1","max-image-preview":"max-image-preview:large","max-video-preview":"max-video-preview:-1"},"canonical":"https:\/\/www.hostin.sk\/de\/produkt\/spanndraht-abwehr-mit-c-halterung-und-unterflugschutz\/","og_locale":"de_DE","og_type":"article","og_title":"Spanndraht-Abwehr mit C-Halterung und Unterflugschutz - HOSTIN","og_description":"Einreihige Spanndraht-Abwehr aus Edelstahl mit zwei Dr\u00e4hten und C-Halterung.","og_url":"https:\/\/www.hostin.sk\/de\/produkt\/spanndraht-abwehr-mit-c-halterung-und-unterflugschutz\/","og_site_name":"HOSTIN","article_modified_time":"2025-03-13T16:31:21+00:00","og_image":[{"width":800,"height":800,"url":"https:\/\/www.hostin.sk\/wp-content\/uploads\/2018\/03\/PL1T40C-103-0132-800x800-1.jpg","type":"image\/jpeg"}],"twitter_card":"summary_large_image","twitter_misc":{"Gesch\u00e4tzte Lesezeit":"1\u00a0Minute"},"schema":{"@context":"https:\/\/schema.org","@graph":[{"@type":"WebPage","@id":"https:\/\/www.hostin.sk\/de\/produkt\/spanndraht-abwehr-mit-c-halterung-und-unterflugschutz\/","url":"https:\/\/www.hostin.sk\/de\/produkt\/spanndraht-abwehr-mit-c-halterung-und-unterflugschutz\/","name":"Spanndraht-Abwehr mit C-Halterung und Unterflugschutz - HOSTIN","isPartOf":{"@id":"https:\/\/www.hostin.sk\/#website"},"primaryImageOfPage":{"@id":"https:\/\/www.hostin.sk\/de\/produkt\/spanndraht-abwehr-mit-c-halterung-und-unterflugschutz\/#primaryimage"},"image":{"@id":"https:\/\/www.hostin.sk\/de\/produkt\/spanndraht-abwehr-mit-c-halterung-und-unterflugschutz\/#primaryimage"},"thumbnailUrl":"https:\/\/www.hostin.sk\/wp-content\/uploads\/2018\/03\/PL1T40C-103-0132-800x800-1.jpg","datePublished":"2018-03-19T15:40:40+00:00","dateModified":"2025-03-13T16:31:21+00:00","breadcrumb":{"@id":"https:\/\/www.hostin.sk\/de\/produkt\/spanndraht-abwehr-mit-c-halterung-und-unterflugschutz\/#breadcrumb"},"inLanguage":"de","potentialAction":[{"@type":"ReadAction","target":["https:\/\/www.hostin.sk\/de\/produkt\/spanndraht-abwehr-mit-c-halterung-und-unterflugschutz\/"]}]},{"@type":"ImageObject","inLanguage":"de","@id":"https:\/\/www.hostin.sk\/de\/produkt\/spanndraht-abwehr-mit-c-halterung-und-unterflugschutz\/#primaryimage","url":"https:\/\/www.hostin.sk\/wp-content\/uploads\/2018\/03\/PL1T40C-103-0132-800x800-1.jpg","contentUrl":"https:\/\/www.hostin.sk\/wp-content\/uploads\/2018\/03\/PL1T40C-103-0132-800x800-1.jpg","width":800,"height":800},{"@type":"BreadcrumbList","@id":"https:\/\/www.hostin.sk\/de\/produkt\/spanndraht-abwehr-mit-c-halterung-und-unterflugschutz\/#breadcrumb","itemListElement":[{"@type":"ListItem","position":1,"name":"Domov","item":"https:\/\/www.hostin.sk\/de\/"},{"@type":"ListItem","position":2,"name":"E-shop","item":"https:\/\/www.hostin.sk\/de\/e-shop\/"},{"@type":"ListItem","position":3,"name":"Abwehrsysteme nach Ausf\u00fchrung","item":"https:\/\/www.hostin.sk\/de\/produktkategorie\/abwehrsysteme-nach-ausfuehrung\/"},{"@type":"ListItem","position":4,"name":"Spanndrahtabwehr","item":"https:\/\/www.hostin.sk\/de\/produktkategorie\/abwehrsysteme-nach-ausfuehrung\/spanndrahtabwehr\/"},{"@type":"ListItem","position":5,"name":"Spezialhalterung","item":"https:\/\/www.hostin.sk\/de\/produktkategorie\/abwehrsysteme-nach-ausfuehrung\/spanndrahtabwehr\/spezialhalterung\/"},{"@type":"ListItem","position":6,"name":"Spanndraht-Abwehr mit C-Halterung und Unterflugschutz"}]},{"@type":"WebSite","@id":"https:\/\/www.hostin.sk\/#website","url":"https:\/\/www.hostin.sk\/","name":"HOSTIN","description":"Hroty proti vt\u00e1kom","potentialAction":[{"@type":"SearchAction","target":{"@type":"EntryPoint","urlTemplate":"https:\/\/www.hostin.sk\/?s={search_term_string}"},"query-input":{"@type":"PropertyValueSpecification","valueRequired":true,"valueName":"search_term_string"}}],"inLanguage":"de"}]}},"_links":{"self":[{"href":"https:\/\/www.hostin.sk\/de\/wp-json\/wp\/v2\/product\/9384","targetHints":{"allow":["GET"]}}],"collection":[{"href":"https:\/\/www.hostin.sk\/de\/wp-json\/wp\/v2\/product"}],"about":[{"href":"https:\/\/www.hostin.sk\/de\/wp-json\/wp\/v2\/types\/product"}],"wp:featuredmedia":[{"embeddable":true,"href":"https:\/\/www.hostin.sk\/de\/wp-json\/wp\/v2\/media\/8075"}],"wp:attachment":[{"href":"https:\/\/www.hostin.sk\/de\/wp-json\/wp\/v2\/media?parent=9384"}],"wp:term":[{"taxonomy":"product_brand","embeddable":true,"href":"https:\/\/www.hostin.sk\/de\/wp-json\/wp\/v2\/product_brand?post=9384"},{"taxonomy":"product_cat","embeddable":true,"href":"https:\/\/www.hostin.sk\/de\/wp-json\/wp\/v2\/product_cat?post=9384"},{"taxonomy":"product_tag","embeddable":true,"href":"https:\/\/www.hostin.sk\/de\/wp-json\/wp\/v2\/product_tag?post=9384"}],"curies":[{"name":"wp","href":"https:\/\/api.w.org\/{rel}","templated":true}]}}