{"id":9383,"date":"2018-03-20T08:40:04","date_gmt":"2018-03-20T07:40:04","guid":{"rendered":"https:\/\/www.hostin.sk\/produkt\/zlabova-hrotova-zabrana-proti-vtakom\/"},"modified":"2025-03-12T18:28:18","modified_gmt":"2025-03-12T17:28:18","slug":"vogelabwehr-spikes-fuer-dachrinnen","status":"publish","type":"product","link":"https:\/\/www.hostin.sk\/de\/produkt\/vogelabwehr-spikes-fuer-dachrinnen\/","title":{"rendered":"Vogelabwehr-Spikes f\u00fcr Dachrinnen"},"content":{"rendered":"<p>Vogelabwehr-Spikes f\u00fcr Dachrinnen sind speziell entwickelt, um V\u00f6gel daran zu hindern, in Dachrinnen zu nisten. Die Spikes <strong>verhindern mechanisch<\/strong> den Zugang von <strong>V\u00f6geln<\/strong> (z. B. Tauben, Rauch-, Mehlschwalben, Kr\u00e4hen usw.) zu gesch\u00fctzten Bereichen, unterbinden den Nestbau und verhindern die Ansammlung von Vogelkot.<\/p>\n<p><strong>Installation<\/strong><\/p>\n<p data-start=\"383\" data-end=\"681\">Ein gro\u00dfer Vorteil der Vogelabwehr-Spikes ist ihre dauerhafte Wirksamkeit in Kombination mit einer <strong>einfachen Montage<\/strong>. Auf dem Basisstreifen der Rinnenspikes befinden sich vier Laschen mit vorgefertigten L\u00f6chern. Diese Laschen sollten mithilfe eines Rohrschl\u00fcssels um die Dachrinne gebogen werden.\u00a0Aus optischen Gr\u00fcnden und f\u00fcr eine optimale Stabilit\u00e4t (z. B. um Schneelast im Winter standzuhalten) sollten die Spikes genietet oder verschraubt werden. Der Basisstreifen kann bei Bedarf mit einer Blechschere problemlos auf die gew\u00fcnschte L\u00e4nge gek\u00fcrzt werden.<\/p>\n","protected":false},"excerpt":{"rendered":"<p>Dachrinnensysteme sind speziell f\u00fcr Dachrinnen entwickelt, um V\u00f6gel daran zu hindern, auf der Regenrinnenkante zu landen und in der Dachrinne zu nisten. Die perforierten Befestigungsstreifen sind flexibel und dienen zur Fixierung der Abwehr, indem sie um den Rand der Dachrinne gebogen werden.<\/p>\n","protected":false},"featured_media":8009,"template":"","meta":{"_acf_changed":false},"product_brand":[],"product_cat":[113,135,143],"product_tag":[],"class_list":{"0":"post-9383","1":"product","2":"type-product","3":"status-publish","4":"has-post-thumbnail","6":"product_cat-2-reihige-spitzenabwehr","7":"product_cat-fuer-regenrinnen-fuer-dachrinnen-fuer-entwaesserungssysteme","8":"product_cat-gegen-tauben","10":"first","11":"instock","12":"taxable","13":"shipping-taxable","14":"purchasable","15":"product-type-simple"},"acf":[],"yoast_head":"<!-- This site is optimized with the Yoast SEO plugin v27.4 - https:\/\/yoast.com\/product\/yoast-seo-wordpress\/ -->\n<title>Vogelabwehr-Spikes f\u00fcr Dachrinnen - HOSTIN<\/title>\n<meta name=\"description\" content=\"\u017d\u013eabov\u00e9 hrotov\u00e9 z\u00e1brany s\u00fa \u0161peci\u00e1lne navrhnut\u00e9 na ochranu odkvapov\u00fdch \u017e\u013eabov pred hniezden\u00edm vt\u00e1kov, ako s\u00fa holuby, lastovi\u010dky, belor\u00edtky a vrany.\" \/>\n<meta name=\"robots\" content=\"index, follow, max-snippet:-1, max-image-preview:large, max-video-preview:-1\" \/>\n<link rel=\"canonical\" href=\"https:\/\/www.hostin.sk\/de\/produkt\/vogelabwehr-spikes-fuer-dachrinnen\/\" \/>\n<meta property=\"og:locale\" content=\"de_DE\" \/>\n<meta property=\"og:type\" content=\"article\" \/>\n<meta property=\"og:title\" content=\"Vogelabwehr-Spikes f\u00fcr Dachrinnen - HOSTIN\" \/>\n<meta property=\"og:description\" content=\"\u017d\u013eabov\u00e9 hrotov\u00e9 z\u00e1brany s\u00fa \u0161peci\u00e1lne navrhnut\u00e9 na ochranu odkvapov\u00fdch \u017e\u013eabov pred hniezden\u00edm vt\u00e1kov, ako s\u00fa holuby, lastovi\u010dky, belor\u00edtky a vrany.\" \/>\n<meta property=\"og:url\" content=\"https:\/\/www.hostin.sk\/de\/produkt\/vogelabwehr-spikes-fuer-dachrinnen\/\" \/>\n<meta property=\"og:site_name\" content=\"HOSTIN\" \/>\n<meta property=\"article:modified_time\" content=\"2025-03-12T17:28:18+00:00\" \/>\n<meta property=\"og:image\" content=\"https:\/\/www.hostin.sk\/wp-content\/uploads\/2018\/03\/PL2T18Z-115-1000-800x800-1.jpg\" \/>\n\t<meta property=\"og:image:width\" content=\"800\" \/>\n\t<meta property=\"og:image:height\" content=\"800\" \/>\n\t<meta property=\"og:image:type\" content=\"image\/jpeg\" \/>\n<meta name=\"twitter:card\" content=\"summary_large_image\" \/>\n<meta name=\"twitter:label1\" content=\"Gesch\u00e4tzte Lesezeit\" \/>\n\t<meta name=\"twitter:data1\" content=\"1\u00a0Minute\" \/>\n<script type=\"application\/ld+json\" class=\"yoast-schema-graph\">{\"@context\":\"https:\\\/\\\/schema.org\",\"@graph\":[{\"@type\":\"WebPage\",\"@id\":\"https:\\\/\\\/www.hostin.sk\\\/de\\\/produkt\\\/vogelabwehr-spikes-fuer-dachrinnen\\\/\",\"url\":\"https:\\\/\\\/www.hostin.sk\\\/de\\\/produkt\\\/vogelabwehr-spikes-fuer-dachrinnen\\\/\",\"name\":\"Vogelabwehr-Spikes f\u00fcr Dachrinnen - HOSTIN\",\"isPartOf\":{\"@id\":\"https:\\\/\\\/www.hostin.sk\\\/#website\"},\"primaryImageOfPage\":{\"@id\":\"https:\\\/\\\/www.hostin.sk\\\/de\\\/produkt\\\/vogelabwehr-spikes-fuer-dachrinnen\\\/#primaryimage\"},\"image\":{\"@id\":\"https:\\\/\\\/www.hostin.sk\\\/de\\\/produkt\\\/vogelabwehr-spikes-fuer-dachrinnen\\\/#primaryimage\"},\"thumbnailUrl\":\"https:\\\/\\\/www.hostin.sk\\\/wp-content\\\/uploads\\\/2018\\\/03\\\/PL2T18Z-115-1000-800x800-1.jpg\",\"datePublished\":\"2018-03-20T07:40:04+00:00\",\"dateModified\":\"2025-03-12T17:28:18+00:00\",\"description\":\"\u017d\u013eabov\u00e9 hrotov\u00e9 z\u00e1brany s\u00fa \u0161peci\u00e1lne navrhnut\u00e9 na ochranu odkvapov\u00fdch \u017e\u013eabov pred hniezden\u00edm vt\u00e1kov, ako s\u00fa holuby, lastovi\u010dky, belor\u00edtky a vrany.\",\"breadcrumb\":{\"@id\":\"https:\\\/\\\/www.hostin.sk\\\/de\\\/produkt\\\/vogelabwehr-spikes-fuer-dachrinnen\\\/#breadcrumb\"},\"inLanguage\":\"de\",\"potentialAction\":[{\"@type\":\"ReadAction\",\"target\":[\"https:\\\/\\\/www.hostin.sk\\\/de\\\/produkt\\\/vogelabwehr-spikes-fuer-dachrinnen\\\/\"]}]},{\"@type\":\"ImageObject\",\"inLanguage\":\"de\",\"@id\":\"https:\\\/\\\/www.hostin.sk\\\/de\\\/produkt\\\/vogelabwehr-spikes-fuer-dachrinnen\\\/#primaryimage\",\"url\":\"https:\\\/\\\/www.hostin.sk\\\/wp-content\\\/uploads\\\/2018\\\/03\\\/PL2T18Z-115-1000-800x800-1.jpg\",\"contentUrl\":\"https:\\\/\\\/www.hostin.sk\\\/wp-content\\\/uploads\\\/2018\\\/03\\\/PL2T18Z-115-1000-800x800-1.jpg\",\"width\":800,\"height\":800},{\"@type\":\"BreadcrumbList\",\"@id\":\"https:\\\/\\\/www.hostin.sk\\\/de\\\/produkt\\\/vogelabwehr-spikes-fuer-dachrinnen\\\/#breadcrumb\",\"itemListElement\":[{\"@type\":\"ListItem\",\"position\":1,\"name\":\"Domov\",\"item\":\"https:\\\/\\\/www.hostin.sk\\\/de\\\/\"},{\"@type\":\"ListItem\",\"position\":2,\"name\":\"E-shop\",\"item\":\"https:\\\/\\\/www.hostin.sk\\\/de\\\/e-shop\\\/\"},{\"@type\":\"ListItem\",\"position\":3,\"name\":\"Abwehrsysteme nach Ausf\u00fchrung\",\"item\":\"https:\\\/\\\/www.hostin.sk\\\/de\\\/produktkategorie\\\/abwehrsysteme-nach-ausfuehrung\\\/\"},{\"@type\":\"ListItem\",\"position\":4,\"name\":\"Spike-System\",\"item\":\"https:\\\/\\\/www.hostin.sk\\\/de\\\/produktkategorie\\\/abwehrsysteme-nach-ausfuehrung\\\/spike-system\\\/\"},{\"@type\":\"ListItem\",\"position\":5,\"name\":\"2-reihige Spitzenabwehr\",\"item\":\"https:\\\/\\\/www.hostin.sk\\\/de\\\/produktkategorie\\\/abwehrsysteme-nach-ausfuehrung\\\/spike-system\\\/2-reihige-spitzenabwehr\\\/\"},{\"@type\":\"ListItem\",\"position\":6,\"name\":\"Vogelabwehr-Spikes f\u00fcr Dachrinnen\"}]},{\"@type\":\"WebSite\",\"@id\":\"https:\\\/\\\/www.hostin.sk\\\/#website\",\"url\":\"https:\\\/\\\/www.hostin.sk\\\/\",\"name\":\"HOSTIN\",\"description\":\"Hroty proti vt\u00e1kom\",\"potentialAction\":[{\"@type\":\"SearchAction\",\"target\":{\"@type\":\"EntryPoint\",\"urlTemplate\":\"https:\\\/\\\/www.hostin.sk\\\/?s={search_term_string}\"},\"query-input\":{\"@type\":\"PropertyValueSpecification\",\"valueRequired\":true,\"valueName\":\"search_term_string\"}}],\"inLanguage\":\"de\"}]}<\/script>\n<!-- \/ Yoast SEO plugin. -->","yoast_head_json":{"title":"Vogelabwehr-Spikes f\u00fcr Dachrinnen - HOSTIN","description":"\u017d\u013eabov\u00e9 hrotov\u00e9 z\u00e1brany s\u00fa \u0161peci\u00e1lne navrhnut\u00e9 na ochranu odkvapov\u00fdch \u017e\u013eabov pred hniezden\u00edm vt\u00e1kov, ako s\u00fa holuby, lastovi\u010dky, belor\u00edtky a vrany.","robots":{"index":"index","follow":"follow","max-snippet":"max-snippet:-1","max-image-preview":"max-image-preview:large","max-video-preview":"max-video-preview:-1"},"canonical":"https:\/\/www.hostin.sk\/de\/produkt\/vogelabwehr-spikes-fuer-dachrinnen\/","og_locale":"de_DE","og_type":"article","og_title":"Vogelabwehr-Spikes f\u00fcr Dachrinnen - HOSTIN","og_description":"\u017d\u013eabov\u00e9 hrotov\u00e9 z\u00e1brany s\u00fa \u0161peci\u00e1lne navrhnut\u00e9 na ochranu odkvapov\u00fdch \u017e\u013eabov pred hniezden\u00edm vt\u00e1kov, ako s\u00fa holuby, lastovi\u010dky, belor\u00edtky a vrany.","og_url":"https:\/\/www.hostin.sk\/de\/produkt\/vogelabwehr-spikes-fuer-dachrinnen\/","og_site_name":"HOSTIN","article_modified_time":"2025-03-12T17:28:18+00:00","og_image":[{"width":800,"height":800,"url":"https:\/\/www.hostin.sk\/wp-content\/uploads\/2018\/03\/PL2T18Z-115-1000-800x800-1.jpg","type":"image\/jpeg"}],"twitter_card":"summary_large_image","twitter_misc":{"Gesch\u00e4tzte Lesezeit":"1\u00a0Minute"},"schema":{"@context":"https:\/\/schema.org","@graph":[{"@type":"WebPage","@id":"https:\/\/www.hostin.sk\/de\/produkt\/vogelabwehr-spikes-fuer-dachrinnen\/","url":"https:\/\/www.hostin.sk\/de\/produkt\/vogelabwehr-spikes-fuer-dachrinnen\/","name":"Vogelabwehr-Spikes f\u00fcr Dachrinnen - HOSTIN","isPartOf":{"@id":"https:\/\/www.hostin.sk\/#website"},"primaryImageOfPage":{"@id":"https:\/\/www.hostin.sk\/de\/produkt\/vogelabwehr-spikes-fuer-dachrinnen\/#primaryimage"},"image":{"@id":"https:\/\/www.hostin.sk\/de\/produkt\/vogelabwehr-spikes-fuer-dachrinnen\/#primaryimage"},"thumbnailUrl":"https:\/\/www.hostin.sk\/wp-content\/uploads\/2018\/03\/PL2T18Z-115-1000-800x800-1.jpg","datePublished":"2018-03-20T07:40:04+00:00","dateModified":"2025-03-12T17:28:18+00:00","description":"\u017d\u013eabov\u00e9 hrotov\u00e9 z\u00e1brany s\u00fa \u0161peci\u00e1lne navrhnut\u00e9 na ochranu odkvapov\u00fdch \u017e\u013eabov pred hniezden\u00edm vt\u00e1kov, ako s\u00fa holuby, lastovi\u010dky, belor\u00edtky a vrany.","breadcrumb":{"@id":"https:\/\/www.hostin.sk\/de\/produkt\/vogelabwehr-spikes-fuer-dachrinnen\/#breadcrumb"},"inLanguage":"de","potentialAction":[{"@type":"ReadAction","target":["https:\/\/www.hostin.sk\/de\/produkt\/vogelabwehr-spikes-fuer-dachrinnen\/"]}]},{"@type":"ImageObject","inLanguage":"de","@id":"https:\/\/www.hostin.sk\/de\/produkt\/vogelabwehr-spikes-fuer-dachrinnen\/#primaryimage","url":"https:\/\/www.hostin.sk\/wp-content\/uploads\/2018\/03\/PL2T18Z-115-1000-800x800-1.jpg","contentUrl":"https:\/\/www.hostin.sk\/wp-content\/uploads\/2018\/03\/PL2T18Z-115-1000-800x800-1.jpg","width":800,"height":800},{"@type":"BreadcrumbList","@id":"https:\/\/www.hostin.sk\/de\/produkt\/vogelabwehr-spikes-fuer-dachrinnen\/#breadcrumb","itemListElement":[{"@type":"ListItem","position":1,"name":"Domov","item":"https:\/\/www.hostin.sk\/de\/"},{"@type":"ListItem","position":2,"name":"E-shop","item":"https:\/\/www.hostin.sk\/de\/e-shop\/"},{"@type":"ListItem","position":3,"name":"Abwehrsysteme nach Ausf\u00fchrung","item":"https:\/\/www.hostin.sk\/de\/produktkategorie\/abwehrsysteme-nach-ausfuehrung\/"},{"@type":"ListItem","position":4,"name":"Spike-System","item":"https:\/\/www.hostin.sk\/de\/produktkategorie\/abwehrsysteme-nach-ausfuehrung\/spike-system\/"},{"@type":"ListItem","position":5,"name":"2-reihige Spitzenabwehr","item":"https:\/\/www.hostin.sk\/de\/produktkategorie\/abwehrsysteme-nach-ausfuehrung\/spike-system\/2-reihige-spitzenabwehr\/"},{"@type":"ListItem","position":6,"name":"Vogelabwehr-Spikes f\u00fcr Dachrinnen"}]},{"@type":"WebSite","@id":"https:\/\/www.hostin.sk\/#website","url":"https:\/\/www.hostin.sk\/","name":"HOSTIN","description":"Hroty proti vt\u00e1kom","potentialAction":[{"@type":"SearchAction","target":{"@type":"EntryPoint","urlTemplate":"https:\/\/www.hostin.sk\/?s={search_term_string}"},"query-input":{"@type":"PropertyValueSpecification","valueRequired":true,"valueName":"search_term_string"}}],"inLanguage":"de"}]}},"_links":{"self":[{"href":"https:\/\/www.hostin.sk\/de\/wp-json\/wp\/v2\/product\/9383","targetHints":{"allow":["GET"]}}],"collection":[{"href":"https:\/\/www.hostin.sk\/de\/wp-json\/wp\/v2\/product"}],"about":[{"href":"https:\/\/www.hostin.sk\/de\/wp-json\/wp\/v2\/types\/product"}],"wp:featuredmedia":[{"embeddable":true,"href":"https:\/\/www.hostin.sk\/de\/wp-json\/wp\/v2\/media\/8009"}],"wp:attachment":[{"href":"https:\/\/www.hostin.sk\/de\/wp-json\/wp\/v2\/media?parent=9383"}],"wp:term":[{"taxonomy":"product_brand","embeddable":true,"href":"https:\/\/www.hostin.sk\/de\/wp-json\/wp\/v2\/product_brand?post=9383"},{"taxonomy":"product_cat","embeddable":true,"href":"https:\/\/www.hostin.sk\/de\/wp-json\/wp\/v2\/product_cat?post=9383"},{"taxonomy":"product_tag","embeddable":true,"href":"https:\/\/www.hostin.sk\/de\/wp-json\/wp\/v2\/product_tag?post=9383"}],"curies":[{"name":"wp","href":"https:\/\/api.w.org\/{rel}","templated":true}]}}