{"id":9382,"date":"2018-03-20T08:41:19","date_gmt":"2018-03-20T07:41:19","guid":{"rendered":"https:\/\/www.hostin.sk\/produkt\/elektricka-zabrana-fix-duo\/"},"modified":"2025-03-13T14:25:19","modified_gmt":"2025-03-13T13:25:19","slug":"elektrische-vogelabwehr-fix-duo","status":"publish","type":"product","link":"https:\/\/www.hostin.sk\/de\/produkt\/elektrische-vogelabwehr-fix-duo\/","title":{"rendered":"Elektrische Vogelabwehr FIX DUO"},"content":{"rendered":"<p>Die elektrische Vogelabwehr FIX DUO besteht aus einem tragenden Edelstahlband mit angeschwei\u00dften V-f\u00f6rmigen Tr\u00e4gerst\u00e4ben, die an den Enden mit Isolatoren versehen sind. In die Isolatoren sind Edelstahlst\u00e4be mit einem Durchmesser von 2 mm eingesetzt.\u00a0Die St\u00e4be entlang der gesamten L\u00e4nge der Vogelabwehr sind durch Edelstahlfedern elektrisch leitf\u00e4hig miteinander verbunden. Diese Edelstahlst\u00e4be (Elektroden) werden mit einem Impulsspannung von ca. 5.000 Volt bei 16 mA versorgt.\u00a0Die elektrische Vogelabwehr erzeugt eine abschreckende Wirkung auf V\u00f6gel und ist ein effektives, unauff\u00e4lliges und unsch\u00e4dliches Vogelkontrollsystem.<\/p>\n<p>INSTALLATION<\/p>\n<p>Vor der Montage muss die Oberfl\u00e4che gereinigt und <a href=\"https:\/\/www.hostin.sk\/produkt\/odmastovac-technicky-benzin-1-l\/\">entfettet<\/a>\u00a0werden.<\/p>\n","protected":false},"excerpt":{"rendered":"<p>Elektrische Vogelabwehr DUO mit V-f\u00f6rmigen St\u00e4ben.<\/p>\n","protected":false},"featured_media":7985,"template":"","meta":{"_acf_changed":false},"product_brand":[],"product_cat":[110,135],"product_tag":[],"class_list":{"0":"post-9382","1":"product","2":"type-product","3":"status-publish","4":"has-post-thumbnail","6":"product_cat-zabrana-elektricka-de","7":"product_cat-fuer-regenrinnen-fuer-dachrinnen-fuer-entwaesserungssysteme","9":"first","10":"instock","11":"taxable","12":"shipping-taxable","13":"purchasable","14":"product-type-simple"},"acf":[],"yoast_head":"<!-- This site is optimized with the Yoast SEO plugin v27.4 - https:\/\/yoast.com\/product\/yoast-seo-wordpress\/ -->\n<title>Elektrische Vogelabwehr FIX DUO - HOSTIN<\/title>\n<meta name=\"description\" content=\"Elektrick\u00e1 z\u00e1brana FIX DUO je vysoko \u00fa\u010dinn\u00fd a diskr\u00e9tny syst\u00e9m ochrany proti vt\u00e1kom. Jej kon\u0161trukciu tvor\u00ed nerezov\u00fd nosn\u00fd p\u00e1s s ty\u010dkami v tvare V.\" \/>\n<meta name=\"robots\" content=\"index, follow, max-snippet:-1, max-image-preview:large, max-video-preview:-1\" \/>\n<link rel=\"canonical\" href=\"https:\/\/www.hostin.sk\/de\/produkt\/elektrische-vogelabwehr-fix-duo\/\" \/>\n<meta property=\"og:locale\" content=\"de_DE\" \/>\n<meta property=\"og:type\" content=\"article\" \/>\n<meta property=\"og:title\" content=\"Elektrische Vogelabwehr FIX DUO - HOSTIN\" \/>\n<meta property=\"og:description\" content=\"Elektrick\u00e1 z\u00e1brana FIX DUO je vysoko \u00fa\u010dinn\u00fd a diskr\u00e9tny syst\u00e9m ochrany proti vt\u00e1kom. Jej kon\u0161trukciu tvor\u00ed nerezov\u00fd nosn\u00fd p\u00e1s s ty\u010dkami v tvare V.\" \/>\n<meta property=\"og:url\" content=\"https:\/\/www.hostin.sk\/de\/produkt\/elektrische-vogelabwehr-fix-duo\/\" \/>\n<meta property=\"og:site_name\" content=\"HOSTIN\" \/>\n<meta property=\"article:modified_time\" content=\"2025-03-13T13:25:19+00:00\" \/>\n<meta property=\"og:image\" content=\"https:\/\/www.hostin.sk\/wp-content\/uploads\/2018\/03\/PL2T40E-036-1000-800x800-1.jpg\" \/>\n\t<meta property=\"og:image:width\" content=\"800\" \/>\n\t<meta property=\"og:image:height\" content=\"800\" \/>\n\t<meta property=\"og:image:type\" content=\"image\/jpeg\" \/>\n<meta name=\"twitter:card\" content=\"summary_large_image\" \/>\n<meta name=\"twitter:label1\" content=\"Gesch\u00e4tzte Lesezeit\" \/>\n\t<meta name=\"twitter:data1\" content=\"1\u00a0Minute\" \/>\n<script type=\"application\/ld+json\" class=\"yoast-schema-graph\">{\"@context\":\"https:\\\/\\\/schema.org\",\"@graph\":[{\"@type\":\"WebPage\",\"@id\":\"https:\\\/\\\/www.hostin.sk\\\/de\\\/produkt\\\/elektrische-vogelabwehr-fix-duo\\\/\",\"url\":\"https:\\\/\\\/www.hostin.sk\\\/de\\\/produkt\\\/elektrische-vogelabwehr-fix-duo\\\/\",\"name\":\"Elektrische Vogelabwehr FIX DUO - HOSTIN\",\"isPartOf\":{\"@id\":\"https:\\\/\\\/www.hostin.sk\\\/#website\"},\"primaryImageOfPage\":{\"@id\":\"https:\\\/\\\/www.hostin.sk\\\/de\\\/produkt\\\/elektrische-vogelabwehr-fix-duo\\\/#primaryimage\"},\"image\":{\"@id\":\"https:\\\/\\\/www.hostin.sk\\\/de\\\/produkt\\\/elektrische-vogelabwehr-fix-duo\\\/#primaryimage\"},\"thumbnailUrl\":\"https:\\\/\\\/www.hostin.sk\\\/wp-content\\\/uploads\\\/2018\\\/03\\\/PL2T40E-036-1000-800x800-1.jpg\",\"datePublished\":\"2018-03-20T07:41:19+00:00\",\"dateModified\":\"2025-03-13T13:25:19+00:00\",\"description\":\"Elektrick\u00e1 z\u00e1brana FIX DUO je vysoko \u00fa\u010dinn\u00fd a diskr\u00e9tny syst\u00e9m ochrany proti vt\u00e1kom. Jej kon\u0161trukciu tvor\u00ed nerezov\u00fd nosn\u00fd p\u00e1s s ty\u010dkami v tvare V.\",\"breadcrumb\":{\"@id\":\"https:\\\/\\\/www.hostin.sk\\\/de\\\/produkt\\\/elektrische-vogelabwehr-fix-duo\\\/#breadcrumb\"},\"inLanguage\":\"de\",\"potentialAction\":[{\"@type\":\"ReadAction\",\"target\":[\"https:\\\/\\\/www.hostin.sk\\\/de\\\/produkt\\\/elektrische-vogelabwehr-fix-duo\\\/\"]}]},{\"@type\":\"ImageObject\",\"inLanguage\":\"de\",\"@id\":\"https:\\\/\\\/www.hostin.sk\\\/de\\\/produkt\\\/elektrische-vogelabwehr-fix-duo\\\/#primaryimage\",\"url\":\"https:\\\/\\\/www.hostin.sk\\\/wp-content\\\/uploads\\\/2018\\\/03\\\/PL2T40E-036-1000-800x800-1.jpg\",\"contentUrl\":\"https:\\\/\\\/www.hostin.sk\\\/wp-content\\\/uploads\\\/2018\\\/03\\\/PL2T40E-036-1000-800x800-1.jpg\",\"width\":800,\"height\":800},{\"@type\":\"BreadcrumbList\",\"@id\":\"https:\\\/\\\/www.hostin.sk\\\/de\\\/produkt\\\/elektrische-vogelabwehr-fix-duo\\\/#breadcrumb\",\"itemListElement\":[{\"@type\":\"ListItem\",\"position\":1,\"name\":\"Domov\",\"item\":\"https:\\\/\\\/www.hostin.sk\\\/de\\\/\"},{\"@type\":\"ListItem\",\"position\":2,\"name\":\"E-shop\",\"item\":\"https:\\\/\\\/www.hostin.sk\\\/de\\\/e-shop\\\/\"},{\"@type\":\"ListItem\",\"position\":3,\"name\":\"Abwehrsysteme nach Ausf\u00fchrung\",\"item\":\"https:\\\/\\\/www.hostin.sk\\\/de\\\/produktkategorie\\\/abwehrsysteme-nach-ausfuehrung\\\/\"},{\"@type\":\"ListItem\",\"position\":4,\"name\":\"Elektrische Abwehrsysteme\",\"item\":\"https:\\\/\\\/www.hostin.sk\\\/de\\\/produktkategorie\\\/abwehrsysteme-nach-ausfuehrung\\\/elektrische-abwehrsysteme\\\/\"},{\"@type\":\"ListItem\",\"position\":5,\"name\":\"Elektrische Vogelabwehr\",\"item\":\"https:\\\/\\\/www.hostin.sk\\\/de\\\/produktkategorie\\\/abwehrsysteme-nach-ausfuehrung\\\/elektrische-abwehrsysteme\\\/zabrana-elektricka-de\\\/\"},{\"@type\":\"ListItem\",\"position\":6,\"name\":\"Elektrische Vogelabwehr FIX DUO\"}]},{\"@type\":\"WebSite\",\"@id\":\"https:\\\/\\\/www.hostin.sk\\\/#website\",\"url\":\"https:\\\/\\\/www.hostin.sk\\\/\",\"name\":\"HOSTIN\",\"description\":\"Hroty proti vt\u00e1kom\",\"potentialAction\":[{\"@type\":\"SearchAction\",\"target\":{\"@type\":\"EntryPoint\",\"urlTemplate\":\"https:\\\/\\\/www.hostin.sk\\\/?s={search_term_string}\"},\"query-input\":{\"@type\":\"PropertyValueSpecification\",\"valueRequired\":true,\"valueName\":\"search_term_string\"}}],\"inLanguage\":\"de\"}]}<\/script>\n<!-- \/ Yoast SEO plugin. -->","yoast_head_json":{"title":"Elektrische Vogelabwehr FIX DUO - HOSTIN","description":"Elektrick\u00e1 z\u00e1brana FIX DUO je vysoko \u00fa\u010dinn\u00fd a diskr\u00e9tny syst\u00e9m ochrany proti vt\u00e1kom. Jej kon\u0161trukciu tvor\u00ed nerezov\u00fd nosn\u00fd p\u00e1s s ty\u010dkami v tvare V.","robots":{"index":"index","follow":"follow","max-snippet":"max-snippet:-1","max-image-preview":"max-image-preview:large","max-video-preview":"max-video-preview:-1"},"canonical":"https:\/\/www.hostin.sk\/de\/produkt\/elektrische-vogelabwehr-fix-duo\/","og_locale":"de_DE","og_type":"article","og_title":"Elektrische Vogelabwehr FIX DUO - HOSTIN","og_description":"Elektrick\u00e1 z\u00e1brana FIX DUO je vysoko \u00fa\u010dinn\u00fd a diskr\u00e9tny syst\u00e9m ochrany proti vt\u00e1kom. Jej kon\u0161trukciu tvor\u00ed nerezov\u00fd nosn\u00fd p\u00e1s s ty\u010dkami v tvare V.","og_url":"https:\/\/www.hostin.sk\/de\/produkt\/elektrische-vogelabwehr-fix-duo\/","og_site_name":"HOSTIN","article_modified_time":"2025-03-13T13:25:19+00:00","og_image":[{"width":800,"height":800,"url":"https:\/\/www.hostin.sk\/wp-content\/uploads\/2018\/03\/PL2T40E-036-1000-800x800-1.jpg","type":"image\/jpeg"}],"twitter_card":"summary_large_image","twitter_misc":{"Gesch\u00e4tzte Lesezeit":"1\u00a0Minute"},"schema":{"@context":"https:\/\/schema.org","@graph":[{"@type":"WebPage","@id":"https:\/\/www.hostin.sk\/de\/produkt\/elektrische-vogelabwehr-fix-duo\/","url":"https:\/\/www.hostin.sk\/de\/produkt\/elektrische-vogelabwehr-fix-duo\/","name":"Elektrische Vogelabwehr FIX DUO - HOSTIN","isPartOf":{"@id":"https:\/\/www.hostin.sk\/#website"},"primaryImageOfPage":{"@id":"https:\/\/www.hostin.sk\/de\/produkt\/elektrische-vogelabwehr-fix-duo\/#primaryimage"},"image":{"@id":"https:\/\/www.hostin.sk\/de\/produkt\/elektrische-vogelabwehr-fix-duo\/#primaryimage"},"thumbnailUrl":"https:\/\/www.hostin.sk\/wp-content\/uploads\/2018\/03\/PL2T40E-036-1000-800x800-1.jpg","datePublished":"2018-03-20T07:41:19+00:00","dateModified":"2025-03-13T13:25:19+00:00","description":"Elektrick\u00e1 z\u00e1brana FIX DUO je vysoko \u00fa\u010dinn\u00fd a diskr\u00e9tny syst\u00e9m ochrany proti vt\u00e1kom. Jej kon\u0161trukciu tvor\u00ed nerezov\u00fd nosn\u00fd p\u00e1s s ty\u010dkami v tvare V.","breadcrumb":{"@id":"https:\/\/www.hostin.sk\/de\/produkt\/elektrische-vogelabwehr-fix-duo\/#breadcrumb"},"inLanguage":"de","potentialAction":[{"@type":"ReadAction","target":["https:\/\/www.hostin.sk\/de\/produkt\/elektrische-vogelabwehr-fix-duo\/"]}]},{"@type":"ImageObject","inLanguage":"de","@id":"https:\/\/www.hostin.sk\/de\/produkt\/elektrische-vogelabwehr-fix-duo\/#primaryimage","url":"https:\/\/www.hostin.sk\/wp-content\/uploads\/2018\/03\/PL2T40E-036-1000-800x800-1.jpg","contentUrl":"https:\/\/www.hostin.sk\/wp-content\/uploads\/2018\/03\/PL2T40E-036-1000-800x800-1.jpg","width":800,"height":800},{"@type":"BreadcrumbList","@id":"https:\/\/www.hostin.sk\/de\/produkt\/elektrische-vogelabwehr-fix-duo\/#breadcrumb","itemListElement":[{"@type":"ListItem","position":1,"name":"Domov","item":"https:\/\/www.hostin.sk\/de\/"},{"@type":"ListItem","position":2,"name":"E-shop","item":"https:\/\/www.hostin.sk\/de\/e-shop\/"},{"@type":"ListItem","position":3,"name":"Abwehrsysteme nach Ausf\u00fchrung","item":"https:\/\/www.hostin.sk\/de\/produktkategorie\/abwehrsysteme-nach-ausfuehrung\/"},{"@type":"ListItem","position":4,"name":"Elektrische Abwehrsysteme","item":"https:\/\/www.hostin.sk\/de\/produktkategorie\/abwehrsysteme-nach-ausfuehrung\/elektrische-abwehrsysteme\/"},{"@type":"ListItem","position":5,"name":"Elektrische Vogelabwehr","item":"https:\/\/www.hostin.sk\/de\/produktkategorie\/abwehrsysteme-nach-ausfuehrung\/elektrische-abwehrsysteme\/zabrana-elektricka-de\/"},{"@type":"ListItem","position":6,"name":"Elektrische Vogelabwehr FIX DUO"}]},{"@type":"WebSite","@id":"https:\/\/www.hostin.sk\/#website","url":"https:\/\/www.hostin.sk\/","name":"HOSTIN","description":"Hroty proti vt\u00e1kom","potentialAction":[{"@type":"SearchAction","target":{"@type":"EntryPoint","urlTemplate":"https:\/\/www.hostin.sk\/?s={search_term_string}"},"query-input":{"@type":"PropertyValueSpecification","valueRequired":true,"valueName":"search_term_string"}}],"inLanguage":"de"}]}},"_links":{"self":[{"href":"https:\/\/www.hostin.sk\/de\/wp-json\/wp\/v2\/product\/9382","targetHints":{"allow":["GET"]}}],"collection":[{"href":"https:\/\/www.hostin.sk\/de\/wp-json\/wp\/v2\/product"}],"about":[{"href":"https:\/\/www.hostin.sk\/de\/wp-json\/wp\/v2\/types\/product"}],"wp:featuredmedia":[{"embeddable":true,"href":"https:\/\/www.hostin.sk\/de\/wp-json\/wp\/v2\/media\/7985"}],"wp:attachment":[{"href":"https:\/\/www.hostin.sk\/de\/wp-json\/wp\/v2\/media?parent=9382"}],"wp:term":[{"taxonomy":"product_brand","embeddable":true,"href":"https:\/\/www.hostin.sk\/de\/wp-json\/wp\/v2\/product_brand?post=9382"},{"taxonomy":"product_cat","embeddable":true,"href":"https:\/\/www.hostin.sk\/de\/wp-json\/wp\/v2\/product_cat?post=9382"},{"taxonomy":"product_tag","embeddable":true,"href":"https:\/\/www.hostin.sk\/de\/wp-json\/wp\/v2\/product_tag?post=9382"}],"curies":[{"name":"wp","href":"https:\/\/api.w.org\/{rel}","templated":true}]}}