{"id":9381,"date":"2018-03-20T08:45:28","date_gmt":"2018-03-20T07:45:28","guid":{"rendered":"https:\/\/www.hostin.sk\/produkt\/zlabova-elektricka-zabrana\/"},"modified":"2025-06-30T13:21:51","modified_gmt":"2025-06-30T11:21:51","slug":"elektrische-vogelabwehr-fuer-dachrinne","status":"publish","type":"product","link":"https:\/\/www.hostin.sk\/de\/produkt\/elektrische-vogelabwehr-fuer-dachrinne\/","title":{"rendered":"Elektrische Vogelabwehr f\u00fcr Dachrinne"},"content":{"rendered":"<p>Die elektrische Rinnen-Vogelabwehr ist zur Verhinderung der Landung von V\u00f6geln auf der Kante der Dachrinne bestimmt.\u00a0Die perforierten Befestigungsb\u00e4nder sind flexibel und dienen zur Fixierung der Vogelabwehr, indem sie um den Rand der Rinne gebogen werden. Die Metallst\u00e4be sind in Isolatoren an den Enden des Tr\u00e4gerbands eingesetzt und mit der Impulsstromquelle verbunden.<\/p>\n","protected":false},"excerpt":{"rendered":"<p>Elektrische Vogelabwehr zur Platzierung in Dachrinnen.<\/p>\n","protected":false},"featured_media":7979,"template":"","meta":{"_acf_changed":false},"product_brand":[],"product_cat":[108,135],"product_tag":[],"class_list":{"0":"post-9381","1":"product","2":"type-product","3":"status-publish","4":"has-post-thumbnail","6":"product_cat-elektrische-rinnenabwehr","7":"product_cat-fuer-regenrinnen-fuer-dachrinnen-fuer-entwaesserungssysteme","9":"first","10":"instock","11":"taxable","12":"shipping-taxable","13":"purchasable","14":"product-type-simple"},"acf":[],"yoast_head":"<!-- This site is optimized with the Yoast SEO plugin v27.4 - https:\/\/yoast.com\/product\/yoast-seo-wordpress\/ -->\n<title>Elektrische Vogelabwehr f\u00fcr Dachrinne - HOSTIN<\/title>\n<meta name=\"description\" content=\"\u017d\u013eabov\u00e1 elektrick\u00e1 z\u00e1brana efekt\u00edvne zabra\u0148uje vt\u00e1kom prist\u00e1va\u0165 na odkvapov\u00fdch \u017e\u013eaboch. Ide\u00e1lne rie\u0161enie na dlhodob\u00fa ochranu budov pred ne\u017eiaducim vt\u00e1ctvom.\" \/>\n<meta name=\"robots\" content=\"index, follow, max-snippet:-1, max-image-preview:large, max-video-preview:-1\" \/>\n<link rel=\"canonical\" href=\"https:\/\/www.hostin.sk\/de\/produkt\/elektrische-vogelabwehr-fuer-dachrinne\/\" \/>\n<meta property=\"og:locale\" content=\"de_DE\" \/>\n<meta property=\"og:type\" content=\"article\" \/>\n<meta property=\"og:title\" content=\"Elektrische Vogelabwehr f\u00fcr Dachrinne - HOSTIN\" \/>\n<meta property=\"og:description\" content=\"\u017d\u013eabov\u00e1 elektrick\u00e1 z\u00e1brana efekt\u00edvne zabra\u0148uje vt\u00e1kom prist\u00e1va\u0165 na odkvapov\u00fdch \u017e\u013eaboch. Ide\u00e1lne rie\u0161enie na dlhodob\u00fa ochranu budov pred ne\u017eiaducim vt\u00e1ctvom.\" \/>\n<meta property=\"og:url\" content=\"https:\/\/www.hostin.sk\/de\/produkt\/elektrische-vogelabwehr-fuer-dachrinne\/\" \/>\n<meta property=\"og:site_name\" content=\"HOSTIN\" \/>\n<meta property=\"article:modified_time\" content=\"2025-06-30T11:21:51+00:00\" \/>\n<meta property=\"og:image\" content=\"https:\/\/www.hostin.sk\/wp-content\/uploads\/2018\/03\/PL2T40E-045-1000-800x800-1.jpg\" \/>\n\t<meta property=\"og:image:width\" content=\"800\" \/>\n\t<meta property=\"og:image:height\" content=\"800\" \/>\n\t<meta property=\"og:image:type\" content=\"image\/jpeg\" \/>\n<meta name=\"twitter:card\" content=\"summary_large_image\" \/>\n<meta name=\"twitter:label1\" content=\"Gesch\u00e4tzte Lesezeit\" \/>\n\t<meta name=\"twitter:data1\" content=\"1\u00a0Minute\" \/>\n<script type=\"application\/ld+json\" class=\"yoast-schema-graph\">{\"@context\":\"https:\\\/\\\/schema.org\",\"@graph\":[{\"@type\":\"WebPage\",\"@id\":\"https:\\\/\\\/www.hostin.sk\\\/de\\\/produkt\\\/elektrische-vogelabwehr-fuer-dachrinne\\\/\",\"url\":\"https:\\\/\\\/www.hostin.sk\\\/de\\\/produkt\\\/elektrische-vogelabwehr-fuer-dachrinne\\\/\",\"name\":\"Elektrische Vogelabwehr f\u00fcr Dachrinne - HOSTIN\",\"isPartOf\":{\"@id\":\"https:\\\/\\\/www.hostin.sk\\\/#website\"},\"primaryImageOfPage\":{\"@id\":\"https:\\\/\\\/www.hostin.sk\\\/de\\\/produkt\\\/elektrische-vogelabwehr-fuer-dachrinne\\\/#primaryimage\"},\"image\":{\"@id\":\"https:\\\/\\\/www.hostin.sk\\\/de\\\/produkt\\\/elektrische-vogelabwehr-fuer-dachrinne\\\/#primaryimage\"},\"thumbnailUrl\":\"https:\\\/\\\/www.hostin.sk\\\/wp-content\\\/uploads\\\/2018\\\/03\\\/PL2T40E-045-1000-800x800-1.jpg\",\"datePublished\":\"2018-03-20T07:45:28+00:00\",\"dateModified\":\"2025-06-30T11:21:51+00:00\",\"description\":\"\u017d\u013eabov\u00e1 elektrick\u00e1 z\u00e1brana efekt\u00edvne zabra\u0148uje vt\u00e1kom prist\u00e1va\u0165 na odkvapov\u00fdch \u017e\u013eaboch. Ide\u00e1lne rie\u0161enie na dlhodob\u00fa ochranu budov pred ne\u017eiaducim vt\u00e1ctvom.\",\"breadcrumb\":{\"@id\":\"https:\\\/\\\/www.hostin.sk\\\/de\\\/produkt\\\/elektrische-vogelabwehr-fuer-dachrinne\\\/#breadcrumb\"},\"inLanguage\":\"de\",\"potentialAction\":[{\"@type\":\"ReadAction\",\"target\":[\"https:\\\/\\\/www.hostin.sk\\\/de\\\/produkt\\\/elektrische-vogelabwehr-fuer-dachrinne\\\/\"]}]},{\"@type\":\"ImageObject\",\"inLanguage\":\"de\",\"@id\":\"https:\\\/\\\/www.hostin.sk\\\/de\\\/produkt\\\/elektrische-vogelabwehr-fuer-dachrinne\\\/#primaryimage\",\"url\":\"https:\\\/\\\/www.hostin.sk\\\/wp-content\\\/uploads\\\/2018\\\/03\\\/PL2T40E-045-1000-800x800-1.jpg\",\"contentUrl\":\"https:\\\/\\\/www.hostin.sk\\\/wp-content\\\/uploads\\\/2018\\\/03\\\/PL2T40E-045-1000-800x800-1.jpg\",\"width\":800,\"height\":800},{\"@type\":\"BreadcrumbList\",\"@id\":\"https:\\\/\\\/www.hostin.sk\\\/de\\\/produkt\\\/elektrische-vogelabwehr-fuer-dachrinne\\\/#breadcrumb\",\"itemListElement\":[{\"@type\":\"ListItem\",\"position\":1,\"name\":\"Domov\",\"item\":\"https:\\\/\\\/www.hostin.sk\\\/de\\\/\"},{\"@type\":\"ListItem\",\"position\":2,\"name\":\"E-shop\",\"item\":\"https:\\\/\\\/www.hostin.sk\\\/de\\\/e-shop\\\/\"},{\"@type\":\"ListItem\",\"position\":3,\"name\":\"Abwehrsysteme nach Ausf\u00fchrung\",\"item\":\"https:\\\/\\\/www.hostin.sk\\\/de\\\/produktkategorie\\\/abwehrsysteme-nach-ausfuehrung\\\/\"},{\"@type\":\"ListItem\",\"position\":4,\"name\":\"Elektrische Abwehrsysteme\",\"item\":\"https:\\\/\\\/www.hostin.sk\\\/de\\\/produktkategorie\\\/abwehrsysteme-nach-ausfuehrung\\\/elektrische-abwehrsysteme\\\/\"},{\"@type\":\"ListItem\",\"position\":5,\"name\":\"Elektrische Rinnenabwehr\",\"item\":\"https:\\\/\\\/www.hostin.sk\\\/de\\\/produktkategorie\\\/abwehrsysteme-nach-ausfuehrung\\\/elektrische-abwehrsysteme\\\/elektrische-rinnenabwehr\\\/\"},{\"@type\":\"ListItem\",\"position\":6,\"name\":\"Elektrische Vogelabwehr f\u00fcr Dachrinne\"}]},{\"@type\":\"WebSite\",\"@id\":\"https:\\\/\\\/www.hostin.sk\\\/#website\",\"url\":\"https:\\\/\\\/www.hostin.sk\\\/\",\"name\":\"HOSTIN\",\"description\":\"Hroty proti vt\u00e1kom\",\"potentialAction\":[{\"@type\":\"SearchAction\",\"target\":{\"@type\":\"EntryPoint\",\"urlTemplate\":\"https:\\\/\\\/www.hostin.sk\\\/?s={search_term_string}\"},\"query-input\":{\"@type\":\"PropertyValueSpecification\",\"valueRequired\":true,\"valueName\":\"search_term_string\"}}],\"inLanguage\":\"de\"}]}<\/script>\n<!-- \/ Yoast SEO plugin. -->","yoast_head_json":{"title":"Elektrische Vogelabwehr f\u00fcr Dachrinne - HOSTIN","description":"\u017d\u013eabov\u00e1 elektrick\u00e1 z\u00e1brana efekt\u00edvne zabra\u0148uje vt\u00e1kom prist\u00e1va\u0165 na odkvapov\u00fdch \u017e\u013eaboch. Ide\u00e1lne rie\u0161enie na dlhodob\u00fa ochranu budov pred ne\u017eiaducim vt\u00e1ctvom.","robots":{"index":"index","follow":"follow","max-snippet":"max-snippet:-1","max-image-preview":"max-image-preview:large","max-video-preview":"max-video-preview:-1"},"canonical":"https:\/\/www.hostin.sk\/de\/produkt\/elektrische-vogelabwehr-fuer-dachrinne\/","og_locale":"de_DE","og_type":"article","og_title":"Elektrische Vogelabwehr f\u00fcr Dachrinne - HOSTIN","og_description":"\u017d\u013eabov\u00e1 elektrick\u00e1 z\u00e1brana efekt\u00edvne zabra\u0148uje vt\u00e1kom prist\u00e1va\u0165 na odkvapov\u00fdch \u017e\u013eaboch. Ide\u00e1lne rie\u0161enie na dlhodob\u00fa ochranu budov pred ne\u017eiaducim vt\u00e1ctvom.","og_url":"https:\/\/www.hostin.sk\/de\/produkt\/elektrische-vogelabwehr-fuer-dachrinne\/","og_site_name":"HOSTIN","article_modified_time":"2025-06-30T11:21:51+00:00","og_image":[{"width":800,"height":800,"url":"https:\/\/www.hostin.sk\/wp-content\/uploads\/2018\/03\/PL2T40E-045-1000-800x800-1.jpg","type":"image\/jpeg"}],"twitter_card":"summary_large_image","twitter_misc":{"Gesch\u00e4tzte Lesezeit":"1\u00a0Minute"},"schema":{"@context":"https:\/\/schema.org","@graph":[{"@type":"WebPage","@id":"https:\/\/www.hostin.sk\/de\/produkt\/elektrische-vogelabwehr-fuer-dachrinne\/","url":"https:\/\/www.hostin.sk\/de\/produkt\/elektrische-vogelabwehr-fuer-dachrinne\/","name":"Elektrische Vogelabwehr f\u00fcr Dachrinne - HOSTIN","isPartOf":{"@id":"https:\/\/www.hostin.sk\/#website"},"primaryImageOfPage":{"@id":"https:\/\/www.hostin.sk\/de\/produkt\/elektrische-vogelabwehr-fuer-dachrinne\/#primaryimage"},"image":{"@id":"https:\/\/www.hostin.sk\/de\/produkt\/elektrische-vogelabwehr-fuer-dachrinne\/#primaryimage"},"thumbnailUrl":"https:\/\/www.hostin.sk\/wp-content\/uploads\/2018\/03\/PL2T40E-045-1000-800x800-1.jpg","datePublished":"2018-03-20T07:45:28+00:00","dateModified":"2025-06-30T11:21:51+00:00","description":"\u017d\u013eabov\u00e1 elektrick\u00e1 z\u00e1brana efekt\u00edvne zabra\u0148uje vt\u00e1kom prist\u00e1va\u0165 na odkvapov\u00fdch \u017e\u013eaboch. Ide\u00e1lne rie\u0161enie na dlhodob\u00fa ochranu budov pred ne\u017eiaducim vt\u00e1ctvom.","breadcrumb":{"@id":"https:\/\/www.hostin.sk\/de\/produkt\/elektrische-vogelabwehr-fuer-dachrinne\/#breadcrumb"},"inLanguage":"de","potentialAction":[{"@type":"ReadAction","target":["https:\/\/www.hostin.sk\/de\/produkt\/elektrische-vogelabwehr-fuer-dachrinne\/"]}]},{"@type":"ImageObject","inLanguage":"de","@id":"https:\/\/www.hostin.sk\/de\/produkt\/elektrische-vogelabwehr-fuer-dachrinne\/#primaryimage","url":"https:\/\/www.hostin.sk\/wp-content\/uploads\/2018\/03\/PL2T40E-045-1000-800x800-1.jpg","contentUrl":"https:\/\/www.hostin.sk\/wp-content\/uploads\/2018\/03\/PL2T40E-045-1000-800x800-1.jpg","width":800,"height":800},{"@type":"BreadcrumbList","@id":"https:\/\/www.hostin.sk\/de\/produkt\/elektrische-vogelabwehr-fuer-dachrinne\/#breadcrumb","itemListElement":[{"@type":"ListItem","position":1,"name":"Domov","item":"https:\/\/www.hostin.sk\/de\/"},{"@type":"ListItem","position":2,"name":"E-shop","item":"https:\/\/www.hostin.sk\/de\/e-shop\/"},{"@type":"ListItem","position":3,"name":"Abwehrsysteme nach Ausf\u00fchrung","item":"https:\/\/www.hostin.sk\/de\/produktkategorie\/abwehrsysteme-nach-ausfuehrung\/"},{"@type":"ListItem","position":4,"name":"Elektrische Abwehrsysteme","item":"https:\/\/www.hostin.sk\/de\/produktkategorie\/abwehrsysteme-nach-ausfuehrung\/elektrische-abwehrsysteme\/"},{"@type":"ListItem","position":5,"name":"Elektrische Rinnenabwehr","item":"https:\/\/www.hostin.sk\/de\/produktkategorie\/abwehrsysteme-nach-ausfuehrung\/elektrische-abwehrsysteme\/elektrische-rinnenabwehr\/"},{"@type":"ListItem","position":6,"name":"Elektrische Vogelabwehr f\u00fcr Dachrinne"}]},{"@type":"WebSite","@id":"https:\/\/www.hostin.sk\/#website","url":"https:\/\/www.hostin.sk\/","name":"HOSTIN","description":"Hroty proti vt\u00e1kom","potentialAction":[{"@type":"SearchAction","target":{"@type":"EntryPoint","urlTemplate":"https:\/\/www.hostin.sk\/?s={search_term_string}"},"query-input":{"@type":"PropertyValueSpecification","valueRequired":true,"valueName":"search_term_string"}}],"inLanguage":"de"}]}},"_links":{"self":[{"href":"https:\/\/www.hostin.sk\/de\/wp-json\/wp\/v2\/product\/9381","targetHints":{"allow":["GET"]}}],"collection":[{"href":"https:\/\/www.hostin.sk\/de\/wp-json\/wp\/v2\/product"}],"about":[{"href":"https:\/\/www.hostin.sk\/de\/wp-json\/wp\/v2\/types\/product"}],"wp:featuredmedia":[{"embeddable":true,"href":"https:\/\/www.hostin.sk\/de\/wp-json\/wp\/v2\/media\/7979"}],"wp:attachment":[{"href":"https:\/\/www.hostin.sk\/de\/wp-json\/wp\/v2\/media?parent=9381"}],"wp:term":[{"taxonomy":"product_brand","embeddable":true,"href":"https:\/\/www.hostin.sk\/de\/wp-json\/wp\/v2\/product_brand?post=9381"},{"taxonomy":"product_cat","embeddable":true,"href":"https:\/\/www.hostin.sk\/de\/wp-json\/wp\/v2\/product_cat?post=9381"},{"taxonomy":"product_tag","embeddable":true,"href":"https:\/\/www.hostin.sk\/de\/wp-json\/wp\/v2\/product_tag?post=9381"}],"curies":[{"name":"wp","href":"https:\/\/api.w.org\/{rel}","templated":true}]}}