{"id":9336,"date":"2018-03-20T10:16:40","date_gmt":"2018-03-20T09:16:40","guid":{"rendered":"https:\/\/www.hostin.sk\/produkt\/korytkova-lankova-zabrana-proti-vtakom\/"},"modified":"2025-03-13T13:28:54","modified_gmt":"2025-03-13T12:28:54","slug":"firsthalter-set","status":"publish","type":"product","link":"https:\/\/www.hostin.sk\/de\/produkt\/firsthalter-set\/","title":{"rendered":"Firsthalter- Set"},"content":{"rendered":"<p data-start=\"144\" data-end=\"312\">Das Firsthalter-Set ist daf\u00fcr ausgelegt, das Landen von V\u00f6geln auf Dachfirsten zu verhindern, die besonders bei Tauben als beliebter Ruheplatz gelten.\u00a0Die Abwehr besteht aus f\u00fcnf Dr\u00e4hten, drei parallel verlaufende Dr\u00e4hte, kombiniert mit zwei zus\u00e4tzlichen Dr\u00e4hten des Unterflugschutzes, um zu verhindern, dass V\u00f6gel unter die Hauptdr\u00e4hte gelangen. Diese Dr\u00e4hte sind zwischen speziell geformten, l\u00e4ngenverstellbaren Halteb\u00e4ndern mit F\u00fchrungsstangen gespannt. Das Firsthalter-Set sorgt f\u00fcr eine stabile Befestigung der Abwehr auf den Firstwannen und erm\u00f6glicht eine sichere Montage.<\/p>\n<p><strong>Installation<\/strong><\/p>\n<p>Die richtige Einstellung der L\u00e4nge des Firsthalter-Sets sowie das feste Anziehen der Schraube gew\u00e4hrleisten eine dauerhafte Befestigung am Dachfirst. Die Tr\u00e4gerkonstruktionen werden in Abst\u00e4nden von etwa 1,50 m auf dem Dachfirst montiert.<\/p>\n","protected":false},"excerpt":{"rendered":"<p>Spanndraht-Abwehr aus Edelstahl f\u00fcr Dachfirste.<\/p>\n","protected":false},"featured_media":7859,"template":"","meta":{"_acf_changed":false},"product_brand":[],"product_cat":[117,133,143],"product_tag":[],"class_list":{"0":"post-9336","1":"product","2":"type-product","3":"status-publish","4":"has-post-thumbnail","6":"product_cat-fuer-dachfirste","7":"product_cat-fuer-dachfirste-abwehrsysteme-nach-einsatzort","8":"product_cat-gegen-tauben","10":"first","11":"instock","12":"taxable","13":"shipping-taxable","14":"purchasable","15":"product-type-simple"},"acf":[],"yoast_head":"<!-- This site is optimized with the Yoast SEO plugin v27.4 - https:\/\/yoast.com\/product\/yoast-seo-wordpress\/ -->\n<title>Firsthalter- Set - HOSTIN<\/title>\n<meta name=\"description\" content=\"Kor\u00fdtkov\u00e1 lankov\u00e1 z\u00e1brana spo\u013eahlivo zabra\u0148uje vt\u00e1kom, najm\u00e4 holubom, v prist\u00e1van\u00ed na hrebe\u0148och striech. Syst\u00e9m obsahuje 5 oce\u013eov\u00fdch laniek.\" \/>\n<meta name=\"robots\" content=\"index, follow, max-snippet:-1, max-image-preview:large, max-video-preview:-1\" \/>\n<link rel=\"canonical\" href=\"https:\/\/www.hostin.sk\/de\/produkt\/firsthalter-set\/\" \/>\n<meta property=\"og:locale\" content=\"de_DE\" \/>\n<meta property=\"og:type\" content=\"article\" \/>\n<meta property=\"og:title\" content=\"Firsthalter- Set - HOSTIN\" \/>\n<meta property=\"og:description\" content=\"Kor\u00fdtkov\u00e1 lankov\u00e1 z\u00e1brana spo\u013eahlivo zabra\u0148uje vt\u00e1kom, najm\u00e4 holubom, v prist\u00e1van\u00ed na hrebe\u0148och striech. Syst\u00e9m obsahuje 5 oce\u013eov\u00fdch laniek.\" \/>\n<meta property=\"og:url\" content=\"https:\/\/www.hostin.sk\/de\/produkt\/firsthalter-set\/\" \/>\n<meta property=\"og:site_name\" content=\"HOSTIN\" \/>\n<meta property=\"article:modified_time\" content=\"2025-03-13T12:28:54+00:00\" \/>\n<meta property=\"og:image\" content=\"https:\/\/www.hostin.sk\/wp-content\/uploads\/2018\/03\/PL3T40W-120-0430-800x800-1.jpg\" \/>\n\t<meta property=\"og:image:width\" content=\"800\" \/>\n\t<meta property=\"og:image:height\" content=\"800\" \/>\n\t<meta property=\"og:image:type\" content=\"image\/jpeg\" \/>\n<meta name=\"twitter:card\" content=\"summary_large_image\" \/>\n<meta name=\"twitter:label1\" content=\"Gesch\u00e4tzte Lesezeit\" \/>\n\t<meta name=\"twitter:data1\" content=\"1\u00a0Minute\" \/>\n<script type=\"application\/ld+json\" class=\"yoast-schema-graph\">{\"@context\":\"https:\\\/\\\/schema.org\",\"@graph\":[{\"@type\":\"WebPage\",\"@id\":\"https:\\\/\\\/www.hostin.sk\\\/de\\\/produkt\\\/firsthalter-set\\\/\",\"url\":\"https:\\\/\\\/www.hostin.sk\\\/de\\\/produkt\\\/firsthalter-set\\\/\",\"name\":\"Firsthalter- Set - HOSTIN\",\"isPartOf\":{\"@id\":\"https:\\\/\\\/www.hostin.sk\\\/#website\"},\"primaryImageOfPage\":{\"@id\":\"https:\\\/\\\/www.hostin.sk\\\/de\\\/produkt\\\/firsthalter-set\\\/#primaryimage\"},\"image\":{\"@id\":\"https:\\\/\\\/www.hostin.sk\\\/de\\\/produkt\\\/firsthalter-set\\\/#primaryimage\"},\"thumbnailUrl\":\"https:\\\/\\\/www.hostin.sk\\\/wp-content\\\/uploads\\\/2018\\\/03\\\/PL3T40W-120-0430-800x800-1.jpg\",\"datePublished\":\"2018-03-20T09:16:40+00:00\",\"dateModified\":\"2025-03-13T12:28:54+00:00\",\"description\":\"Kor\u00fdtkov\u00e1 lankov\u00e1 z\u00e1brana spo\u013eahlivo zabra\u0148uje vt\u00e1kom, najm\u00e4 holubom, v prist\u00e1van\u00ed na hrebe\u0148och striech. Syst\u00e9m obsahuje 5 oce\u013eov\u00fdch laniek.\",\"breadcrumb\":{\"@id\":\"https:\\\/\\\/www.hostin.sk\\\/de\\\/produkt\\\/firsthalter-set\\\/#breadcrumb\"},\"inLanguage\":\"de\",\"potentialAction\":[{\"@type\":\"ReadAction\",\"target\":[\"https:\\\/\\\/www.hostin.sk\\\/de\\\/produkt\\\/firsthalter-set\\\/\"]}]},{\"@type\":\"ImageObject\",\"inLanguage\":\"de\",\"@id\":\"https:\\\/\\\/www.hostin.sk\\\/de\\\/produkt\\\/firsthalter-set\\\/#primaryimage\",\"url\":\"https:\\\/\\\/www.hostin.sk\\\/wp-content\\\/uploads\\\/2018\\\/03\\\/PL3T40W-120-0430-800x800-1.jpg\",\"contentUrl\":\"https:\\\/\\\/www.hostin.sk\\\/wp-content\\\/uploads\\\/2018\\\/03\\\/PL3T40W-120-0430-800x800-1.jpg\",\"width\":800,\"height\":800},{\"@type\":\"BreadcrumbList\",\"@id\":\"https:\\\/\\\/www.hostin.sk\\\/de\\\/produkt\\\/firsthalter-set\\\/#breadcrumb\",\"itemListElement\":[{\"@type\":\"ListItem\",\"position\":1,\"name\":\"Domov\",\"item\":\"https:\\\/\\\/www.hostin.sk\\\/de\\\/\"},{\"@type\":\"ListItem\",\"position\":2,\"name\":\"E-shop\",\"item\":\"https:\\\/\\\/www.hostin.sk\\\/de\\\/e-shop\\\/\"},{\"@type\":\"ListItem\",\"position\":3,\"name\":\"Abwehrsysteme nach Ausf\u00fchrung\",\"item\":\"https:\\\/\\\/www.hostin.sk\\\/de\\\/produktkategorie\\\/abwehrsysteme-nach-ausfuehrung\\\/\"},{\"@type\":\"ListItem\",\"position\":4,\"name\":\"Spanndrahtabwehr\",\"item\":\"https:\\\/\\\/www.hostin.sk\\\/de\\\/produktkategorie\\\/abwehrsysteme-nach-ausfuehrung\\\/spanndrahtabwehr\\\/\"},{\"@type\":\"ListItem\",\"position\":5,\"name\":\"F\u00fcr Dachfirste\",\"item\":\"https:\\\/\\\/www.hostin.sk\\\/de\\\/produktkategorie\\\/abwehrsysteme-nach-ausfuehrung\\\/spanndrahtabwehr\\\/fuer-dachfirste\\\/\"},{\"@type\":\"ListItem\",\"position\":6,\"name\":\"Firsthalter- Set\"}]},{\"@type\":\"WebSite\",\"@id\":\"https:\\\/\\\/www.hostin.sk\\\/#website\",\"url\":\"https:\\\/\\\/www.hostin.sk\\\/\",\"name\":\"HOSTIN\",\"description\":\"Hroty proti vt\u00e1kom\",\"potentialAction\":[{\"@type\":\"SearchAction\",\"target\":{\"@type\":\"EntryPoint\",\"urlTemplate\":\"https:\\\/\\\/www.hostin.sk\\\/?s={search_term_string}\"},\"query-input\":{\"@type\":\"PropertyValueSpecification\",\"valueRequired\":true,\"valueName\":\"search_term_string\"}}],\"inLanguage\":\"de\"}]}<\/script>\n<!-- \/ Yoast SEO plugin. -->","yoast_head_json":{"title":"Firsthalter- Set - HOSTIN","description":"Kor\u00fdtkov\u00e1 lankov\u00e1 z\u00e1brana spo\u013eahlivo zabra\u0148uje vt\u00e1kom, najm\u00e4 holubom, v prist\u00e1van\u00ed na hrebe\u0148och striech. Syst\u00e9m obsahuje 5 oce\u013eov\u00fdch laniek.","robots":{"index":"index","follow":"follow","max-snippet":"max-snippet:-1","max-image-preview":"max-image-preview:large","max-video-preview":"max-video-preview:-1"},"canonical":"https:\/\/www.hostin.sk\/de\/produkt\/firsthalter-set\/","og_locale":"de_DE","og_type":"article","og_title":"Firsthalter- Set - HOSTIN","og_description":"Kor\u00fdtkov\u00e1 lankov\u00e1 z\u00e1brana spo\u013eahlivo zabra\u0148uje vt\u00e1kom, najm\u00e4 holubom, v prist\u00e1van\u00ed na hrebe\u0148och striech. Syst\u00e9m obsahuje 5 oce\u013eov\u00fdch laniek.","og_url":"https:\/\/www.hostin.sk\/de\/produkt\/firsthalter-set\/","og_site_name":"HOSTIN","article_modified_time":"2025-03-13T12:28:54+00:00","og_image":[{"width":800,"height":800,"url":"https:\/\/www.hostin.sk\/wp-content\/uploads\/2018\/03\/PL3T40W-120-0430-800x800-1.jpg","type":"image\/jpeg"}],"twitter_card":"summary_large_image","twitter_misc":{"Gesch\u00e4tzte Lesezeit":"1\u00a0Minute"},"schema":{"@context":"https:\/\/schema.org","@graph":[{"@type":"WebPage","@id":"https:\/\/www.hostin.sk\/de\/produkt\/firsthalter-set\/","url":"https:\/\/www.hostin.sk\/de\/produkt\/firsthalter-set\/","name":"Firsthalter- Set - HOSTIN","isPartOf":{"@id":"https:\/\/www.hostin.sk\/#website"},"primaryImageOfPage":{"@id":"https:\/\/www.hostin.sk\/de\/produkt\/firsthalter-set\/#primaryimage"},"image":{"@id":"https:\/\/www.hostin.sk\/de\/produkt\/firsthalter-set\/#primaryimage"},"thumbnailUrl":"https:\/\/www.hostin.sk\/wp-content\/uploads\/2018\/03\/PL3T40W-120-0430-800x800-1.jpg","datePublished":"2018-03-20T09:16:40+00:00","dateModified":"2025-03-13T12:28:54+00:00","description":"Kor\u00fdtkov\u00e1 lankov\u00e1 z\u00e1brana spo\u013eahlivo zabra\u0148uje vt\u00e1kom, najm\u00e4 holubom, v prist\u00e1van\u00ed na hrebe\u0148och striech. Syst\u00e9m obsahuje 5 oce\u013eov\u00fdch laniek.","breadcrumb":{"@id":"https:\/\/www.hostin.sk\/de\/produkt\/firsthalter-set\/#breadcrumb"},"inLanguage":"de","potentialAction":[{"@type":"ReadAction","target":["https:\/\/www.hostin.sk\/de\/produkt\/firsthalter-set\/"]}]},{"@type":"ImageObject","inLanguage":"de","@id":"https:\/\/www.hostin.sk\/de\/produkt\/firsthalter-set\/#primaryimage","url":"https:\/\/www.hostin.sk\/wp-content\/uploads\/2018\/03\/PL3T40W-120-0430-800x800-1.jpg","contentUrl":"https:\/\/www.hostin.sk\/wp-content\/uploads\/2018\/03\/PL3T40W-120-0430-800x800-1.jpg","width":800,"height":800},{"@type":"BreadcrumbList","@id":"https:\/\/www.hostin.sk\/de\/produkt\/firsthalter-set\/#breadcrumb","itemListElement":[{"@type":"ListItem","position":1,"name":"Domov","item":"https:\/\/www.hostin.sk\/de\/"},{"@type":"ListItem","position":2,"name":"E-shop","item":"https:\/\/www.hostin.sk\/de\/e-shop\/"},{"@type":"ListItem","position":3,"name":"Abwehrsysteme nach Ausf\u00fchrung","item":"https:\/\/www.hostin.sk\/de\/produktkategorie\/abwehrsysteme-nach-ausfuehrung\/"},{"@type":"ListItem","position":4,"name":"Spanndrahtabwehr","item":"https:\/\/www.hostin.sk\/de\/produktkategorie\/abwehrsysteme-nach-ausfuehrung\/spanndrahtabwehr\/"},{"@type":"ListItem","position":5,"name":"F\u00fcr Dachfirste","item":"https:\/\/www.hostin.sk\/de\/produktkategorie\/abwehrsysteme-nach-ausfuehrung\/spanndrahtabwehr\/fuer-dachfirste\/"},{"@type":"ListItem","position":6,"name":"Firsthalter- Set"}]},{"@type":"WebSite","@id":"https:\/\/www.hostin.sk\/#website","url":"https:\/\/www.hostin.sk\/","name":"HOSTIN","description":"Hroty proti vt\u00e1kom","potentialAction":[{"@type":"SearchAction","target":{"@type":"EntryPoint","urlTemplate":"https:\/\/www.hostin.sk\/?s={search_term_string}"},"query-input":{"@type":"PropertyValueSpecification","valueRequired":true,"valueName":"search_term_string"}}],"inLanguage":"de"}]}},"_links":{"self":[{"href":"https:\/\/www.hostin.sk\/de\/wp-json\/wp\/v2\/product\/9336","targetHints":{"allow":["GET"]}}],"collection":[{"href":"https:\/\/www.hostin.sk\/de\/wp-json\/wp\/v2\/product"}],"about":[{"href":"https:\/\/www.hostin.sk\/de\/wp-json\/wp\/v2\/types\/product"}],"wp:featuredmedia":[{"embeddable":true,"href":"https:\/\/www.hostin.sk\/de\/wp-json\/wp\/v2\/media\/7859"}],"wp:attachment":[{"href":"https:\/\/www.hostin.sk\/de\/wp-json\/wp\/v2\/media?parent=9336"}],"wp:term":[{"taxonomy":"product_brand","embeddable":true,"href":"https:\/\/www.hostin.sk\/de\/wp-json\/wp\/v2\/product_brand?post=9336"},{"taxonomy":"product_cat","embeddable":true,"href":"https:\/\/www.hostin.sk\/de\/wp-json\/wp\/v2\/product_cat?post=9336"},{"taxonomy":"product_tag","embeddable":true,"href":"https:\/\/www.hostin.sk\/de\/wp-json\/wp\/v2\/product_tag?post=9336"}],"curies":[{"name":"wp","href":"https:\/\/api.w.org\/{rel}","templated":true}]}}