{"id":9320,"date":"2018-03-20T10:34:07","date_gmt":"2018-03-20T09:34:07","guid":{"rendered":"https:\/\/www.hostin.sk\/produkt\/stvorradova-hrotova-zabrana-proti-vtakom\/"},"modified":"2025-04-08T01:01:09","modified_gmt":"2025-04-07T23:01:09","slug":"vierreihige-spitzenabwehr-gegen-voegel","status":"publish","type":"product","link":"https:\/\/www.hostin.sk\/de\/produkt\/vierreihige-spitzenabwehr-gegen-voegel\/","title":{"rendered":"Vierreihige Spitzenabwehr gegen V\u00f6gel"},"content":{"rendered":"<p data-start=\"59\" data-end=\"396\">Edelstahlvogelabwehr in Form von Spitzen geh\u00f6ren zu den am h\u00e4ufigsten verwendeten Vogelabwehrsystemen. Das vierreihige Spitzenabwehrsystem gegen V\u00f6gel verhindert effektiv das Nisten und Landen von Raubv\u00f6geln, M\u00f6wen, Tauben, Kr\u00e4hen und kleineren V\u00f6geln auf Balkonen, Fensterb\u00e4nken und anderen horizontalen Fl\u00e4chen.\u00a0Die Spitzen <strong>blockieren mechanisch<\/strong> den Zugang von <strong>V\u00f6geln<\/strong> (wie Tauben, Schwalben, Mehlschwalben, Kr\u00e4hen usw.) zu gesch\u00fctzten Bereichen, verhindern den Nestbau und reduzieren die Ansammlung von Vogelkot. Im Gegensatz zur\u00a0<a href=\"https:\/\/www.hostin.sk\/produkt\/4-radovy-hrotovy-system-proti-lastovickam\/\">4-reihigen Spitzenabwehr gegen Schwalben,<\/a> die f\u00fcr Untersichten und Geb\u00e4udeecken konzipiert ist, wurde die vierreihige Spitzenabwehr gegen V\u00f6gel speziell f\u00fcr ebene Fl\u00e4chen entwickelt.<\/p>\n<p><strong>Installation<\/strong><\/p>\n<p>Ein gro\u00dfer Vorteil der Spitzenabwehr gegen V\u00f6gel ist ihre dauerhafte Wirksamkeit in Kombination mit einer <strong>einfachen Installation<\/strong>. Der Grundtr\u00e4ger kann mit einer Blechschere auf die gew\u00fcnschte L\u00e4nge gek\u00fcrzt und mit Silikon, <a href=\"https:\/\/www.hostin.sk\/produkt\/mamut-glue-clear-uv-290ml\/\">Kleber<\/a> oder\u00a0Schrauben befestigt werden.\u00a0Vor der Montage muss die Oberfl\u00e4che gereinigt und <a href=\"https:\/\/www.hostin.sk\/produkt\/odmastovac-technicky-benzin-1-l\/\">entfettet<\/a> werden.<\/p>\n","protected":false},"excerpt":{"rendered":"<p data-start=\"95\" data-end=\"252\">Diese vollst\u00e4ndig aus Edelstahl gefertigte Vogelabwehr verf\u00fcgt \u00fcber vier Reihen Spitzen und bietet einen Schutzbereich von bis zu 22 cm Breite.\u00a0Sie eignet sich besonders zur Absicherung breiter Konsolen, Tr\u00e4ger, Fensterb\u00e4nke und Gesimse. Die Abwehr kann sowohl f\u00fcr einreihige als auch mehrreihige Installationen auf gro\u00dfen Fl\u00e4chen verwendet werden.\u00a0Sie sch\u00fctzt effektiv offene Fl\u00e4chen sowie einseitig geschlossene Bereiche mit einer Mindestbreite von 14 cm.<\/p>\n","protected":false},"featured_media":7763,"template":"","meta":{"_acf_changed":false},"product_brand":[],"product_cat":[115,134,141,143],"product_tag":[],"class_list":{"0":"post-9320","1":"product","2":"type-product","3":"status-publish","4":"has-post-thumbnail","6":"product_cat-4-reihige-spitzenabwehr","7":"product_cat-fuer-fensterbaenke","8":"product_cat-gegen-greifvoegel-moewen","9":"product_cat-gegen-tauben","11":"first","12":"instock","13":"sale","14":"taxable","15":"shipping-taxable","16":"purchasable","17":"product-type-variable"},"acf":[],"yoast_head":"<!-- This site is optimized with the Yoast SEO plugin v27.4 - https:\/\/yoast.com\/product\/yoast-seo-wordpress\/ -->\n<title>Vierreihige Spitzenabwehr gegen V\u00f6gel - HOSTIN<\/title>\n<meta name=\"description\" content=\"\u0160tvorradov\u00e1 nerezov\u00e1 hrotov\u00e1 z\u00e1brana je efekt\u00edvnym rie\u0161en\u00edm na ochranu pred vt\u00e1kmi, ako s\u00fa holuby, lastovi\u010dky a belor\u00edtky.\" \/>\n<meta name=\"robots\" content=\"index, follow, max-snippet:-1, max-image-preview:large, max-video-preview:-1\" \/>\n<link rel=\"canonical\" href=\"https:\/\/www.hostin.sk\/de\/produkt\/vierreihige-spitzenabwehr-gegen-voegel\/\" \/>\n<meta property=\"og:locale\" content=\"de_DE\" \/>\n<meta property=\"og:type\" content=\"article\" \/>\n<meta property=\"og:title\" content=\"Vierreihige Spitzenabwehr gegen V\u00f6gel - HOSTIN\" \/>\n<meta property=\"og:description\" content=\"\u0160tvorradov\u00e1 nerezov\u00e1 hrotov\u00e1 z\u00e1brana je efekt\u00edvnym rie\u0161en\u00edm na ochranu pred vt\u00e1kmi, ako s\u00fa holuby, lastovi\u010dky a belor\u00edtky.\" \/>\n<meta property=\"og:url\" content=\"https:\/\/www.hostin.sk\/de\/produkt\/vierreihige-spitzenabwehr-gegen-voegel\/\" \/>\n<meta property=\"og:site_name\" content=\"HOSTIN\" \/>\n<meta property=\"article:modified_time\" content=\"2025-04-07T23:01:09+00:00\" \/>\n<meta property=\"og:image\" content=\"https:\/\/www.hostin.sk\/wp-content\/uploads\/2018\/03\/PL4T20S-147-1000-800x800-1.jpg\" \/>\n\t<meta property=\"og:image:width\" content=\"800\" \/>\n\t<meta property=\"og:image:height\" content=\"800\" \/>\n\t<meta property=\"og:image:type\" content=\"image\/jpeg\" \/>\n<meta name=\"twitter:card\" content=\"summary_large_image\" \/>\n<meta name=\"twitter:label1\" content=\"Gesch\u00e4tzte Lesezeit\" \/>\n\t<meta name=\"twitter:data1\" content=\"1\u00a0Minute\" \/>\n<script type=\"application\/ld+json\" class=\"yoast-schema-graph\">{\"@context\":\"https:\\\/\\\/schema.org\",\"@graph\":[{\"@type\":\"WebPage\",\"@id\":\"https:\\\/\\\/www.hostin.sk\\\/de\\\/produkt\\\/vierreihige-spitzenabwehr-gegen-voegel\\\/\",\"url\":\"https:\\\/\\\/www.hostin.sk\\\/de\\\/produkt\\\/vierreihige-spitzenabwehr-gegen-voegel\\\/\",\"name\":\"Vierreihige Spitzenabwehr gegen V\u00f6gel - HOSTIN\",\"isPartOf\":{\"@id\":\"https:\\\/\\\/www.hostin.sk\\\/#website\"},\"primaryImageOfPage\":{\"@id\":\"https:\\\/\\\/www.hostin.sk\\\/de\\\/produkt\\\/vierreihige-spitzenabwehr-gegen-voegel\\\/#primaryimage\"},\"image\":{\"@id\":\"https:\\\/\\\/www.hostin.sk\\\/de\\\/produkt\\\/vierreihige-spitzenabwehr-gegen-voegel\\\/#primaryimage\"},\"thumbnailUrl\":\"https:\\\/\\\/www.hostin.sk\\\/wp-content\\\/uploads\\\/2018\\\/03\\\/PL4T20S-147-1000-800x800-1.jpg\",\"datePublished\":\"2018-03-20T09:34:07+00:00\",\"dateModified\":\"2025-04-07T23:01:09+00:00\",\"description\":\"\u0160tvorradov\u00e1 nerezov\u00e1 hrotov\u00e1 z\u00e1brana je efekt\u00edvnym rie\u0161en\u00edm na ochranu pred vt\u00e1kmi, ako s\u00fa holuby, lastovi\u010dky a belor\u00edtky.\",\"breadcrumb\":{\"@id\":\"https:\\\/\\\/www.hostin.sk\\\/de\\\/produkt\\\/vierreihige-spitzenabwehr-gegen-voegel\\\/#breadcrumb\"},\"inLanguage\":\"de\",\"potentialAction\":[{\"@type\":\"ReadAction\",\"target\":[\"https:\\\/\\\/www.hostin.sk\\\/de\\\/produkt\\\/vierreihige-spitzenabwehr-gegen-voegel\\\/\"]}]},{\"@type\":\"ImageObject\",\"inLanguage\":\"de\",\"@id\":\"https:\\\/\\\/www.hostin.sk\\\/de\\\/produkt\\\/vierreihige-spitzenabwehr-gegen-voegel\\\/#primaryimage\",\"url\":\"https:\\\/\\\/www.hostin.sk\\\/wp-content\\\/uploads\\\/2018\\\/03\\\/PL4T20S-147-1000-800x800-1.jpg\",\"contentUrl\":\"https:\\\/\\\/www.hostin.sk\\\/wp-content\\\/uploads\\\/2018\\\/03\\\/PL4T20S-147-1000-800x800-1.jpg\",\"width\":800,\"height\":800},{\"@type\":\"BreadcrumbList\",\"@id\":\"https:\\\/\\\/www.hostin.sk\\\/de\\\/produkt\\\/vierreihige-spitzenabwehr-gegen-voegel\\\/#breadcrumb\",\"itemListElement\":[{\"@type\":\"ListItem\",\"position\":1,\"name\":\"Domov\",\"item\":\"https:\\\/\\\/www.hostin.sk\\\/de\\\/\"},{\"@type\":\"ListItem\",\"position\":2,\"name\":\"E-shop\",\"item\":\"https:\\\/\\\/www.hostin.sk\\\/de\\\/e-shop\\\/\"},{\"@type\":\"ListItem\",\"position\":3,\"name\":\"Abwehrsysteme nach Ausf\u00fchrung\",\"item\":\"https:\\\/\\\/www.hostin.sk\\\/de\\\/produktkategorie\\\/abwehrsysteme-nach-ausfuehrung\\\/\"},{\"@type\":\"ListItem\",\"position\":4,\"name\":\"Spike-System\",\"item\":\"https:\\\/\\\/www.hostin.sk\\\/de\\\/produktkategorie\\\/abwehrsysteme-nach-ausfuehrung\\\/spike-system\\\/\"},{\"@type\":\"ListItem\",\"position\":5,\"name\":\"4-reihige Spitzenabwehr\",\"item\":\"https:\\\/\\\/www.hostin.sk\\\/de\\\/produktkategorie\\\/abwehrsysteme-nach-ausfuehrung\\\/spike-system\\\/4-reihige-spitzenabwehr\\\/\"},{\"@type\":\"ListItem\",\"position\":6,\"name\":\"Vierreihige Spitzenabwehr gegen V\u00f6gel\"}]},{\"@type\":\"WebSite\",\"@id\":\"https:\\\/\\\/www.hostin.sk\\\/#website\",\"url\":\"https:\\\/\\\/www.hostin.sk\\\/\",\"name\":\"HOSTIN\",\"description\":\"Hroty proti vt\u00e1kom\",\"potentialAction\":[{\"@type\":\"SearchAction\",\"target\":{\"@type\":\"EntryPoint\",\"urlTemplate\":\"https:\\\/\\\/www.hostin.sk\\\/?s={search_term_string}\"},\"query-input\":{\"@type\":\"PropertyValueSpecification\",\"valueRequired\":true,\"valueName\":\"search_term_string\"}}],\"inLanguage\":\"de\"}]}<\/script>\n<!-- \/ Yoast SEO plugin. -->","yoast_head_json":{"title":"Vierreihige Spitzenabwehr gegen V\u00f6gel - HOSTIN","description":"\u0160tvorradov\u00e1 nerezov\u00e1 hrotov\u00e1 z\u00e1brana je efekt\u00edvnym rie\u0161en\u00edm na ochranu pred vt\u00e1kmi, ako s\u00fa holuby, lastovi\u010dky a belor\u00edtky.","robots":{"index":"index","follow":"follow","max-snippet":"max-snippet:-1","max-image-preview":"max-image-preview:large","max-video-preview":"max-video-preview:-1"},"canonical":"https:\/\/www.hostin.sk\/de\/produkt\/vierreihige-spitzenabwehr-gegen-voegel\/","og_locale":"de_DE","og_type":"article","og_title":"Vierreihige Spitzenabwehr gegen V\u00f6gel - HOSTIN","og_description":"\u0160tvorradov\u00e1 nerezov\u00e1 hrotov\u00e1 z\u00e1brana je efekt\u00edvnym rie\u0161en\u00edm na ochranu pred vt\u00e1kmi, ako s\u00fa holuby, lastovi\u010dky a belor\u00edtky.","og_url":"https:\/\/www.hostin.sk\/de\/produkt\/vierreihige-spitzenabwehr-gegen-voegel\/","og_site_name":"HOSTIN","article_modified_time":"2025-04-07T23:01:09+00:00","og_image":[{"width":800,"height":800,"url":"https:\/\/www.hostin.sk\/wp-content\/uploads\/2018\/03\/PL4T20S-147-1000-800x800-1.jpg","type":"image\/jpeg"}],"twitter_card":"summary_large_image","twitter_misc":{"Gesch\u00e4tzte Lesezeit":"1\u00a0Minute"},"schema":{"@context":"https:\/\/schema.org","@graph":[{"@type":"WebPage","@id":"https:\/\/www.hostin.sk\/de\/produkt\/vierreihige-spitzenabwehr-gegen-voegel\/","url":"https:\/\/www.hostin.sk\/de\/produkt\/vierreihige-spitzenabwehr-gegen-voegel\/","name":"Vierreihige Spitzenabwehr gegen V\u00f6gel - HOSTIN","isPartOf":{"@id":"https:\/\/www.hostin.sk\/#website"},"primaryImageOfPage":{"@id":"https:\/\/www.hostin.sk\/de\/produkt\/vierreihige-spitzenabwehr-gegen-voegel\/#primaryimage"},"image":{"@id":"https:\/\/www.hostin.sk\/de\/produkt\/vierreihige-spitzenabwehr-gegen-voegel\/#primaryimage"},"thumbnailUrl":"https:\/\/www.hostin.sk\/wp-content\/uploads\/2018\/03\/PL4T20S-147-1000-800x800-1.jpg","datePublished":"2018-03-20T09:34:07+00:00","dateModified":"2025-04-07T23:01:09+00:00","description":"\u0160tvorradov\u00e1 nerezov\u00e1 hrotov\u00e1 z\u00e1brana je efekt\u00edvnym rie\u0161en\u00edm na ochranu pred vt\u00e1kmi, ako s\u00fa holuby, lastovi\u010dky a belor\u00edtky.","breadcrumb":{"@id":"https:\/\/www.hostin.sk\/de\/produkt\/vierreihige-spitzenabwehr-gegen-voegel\/#breadcrumb"},"inLanguage":"de","potentialAction":[{"@type":"ReadAction","target":["https:\/\/www.hostin.sk\/de\/produkt\/vierreihige-spitzenabwehr-gegen-voegel\/"]}]},{"@type":"ImageObject","inLanguage":"de","@id":"https:\/\/www.hostin.sk\/de\/produkt\/vierreihige-spitzenabwehr-gegen-voegel\/#primaryimage","url":"https:\/\/www.hostin.sk\/wp-content\/uploads\/2018\/03\/PL4T20S-147-1000-800x800-1.jpg","contentUrl":"https:\/\/www.hostin.sk\/wp-content\/uploads\/2018\/03\/PL4T20S-147-1000-800x800-1.jpg","width":800,"height":800},{"@type":"BreadcrumbList","@id":"https:\/\/www.hostin.sk\/de\/produkt\/vierreihige-spitzenabwehr-gegen-voegel\/#breadcrumb","itemListElement":[{"@type":"ListItem","position":1,"name":"Domov","item":"https:\/\/www.hostin.sk\/de\/"},{"@type":"ListItem","position":2,"name":"E-shop","item":"https:\/\/www.hostin.sk\/de\/e-shop\/"},{"@type":"ListItem","position":3,"name":"Abwehrsysteme nach Ausf\u00fchrung","item":"https:\/\/www.hostin.sk\/de\/produktkategorie\/abwehrsysteme-nach-ausfuehrung\/"},{"@type":"ListItem","position":4,"name":"Spike-System","item":"https:\/\/www.hostin.sk\/de\/produktkategorie\/abwehrsysteme-nach-ausfuehrung\/spike-system\/"},{"@type":"ListItem","position":5,"name":"4-reihige Spitzenabwehr","item":"https:\/\/www.hostin.sk\/de\/produktkategorie\/abwehrsysteme-nach-ausfuehrung\/spike-system\/4-reihige-spitzenabwehr\/"},{"@type":"ListItem","position":6,"name":"Vierreihige Spitzenabwehr gegen V\u00f6gel"}]},{"@type":"WebSite","@id":"https:\/\/www.hostin.sk\/#website","url":"https:\/\/www.hostin.sk\/","name":"HOSTIN","description":"Hroty proti vt\u00e1kom","potentialAction":[{"@type":"SearchAction","target":{"@type":"EntryPoint","urlTemplate":"https:\/\/www.hostin.sk\/?s={search_term_string}"},"query-input":{"@type":"PropertyValueSpecification","valueRequired":true,"valueName":"search_term_string"}}],"inLanguage":"de"}]}},"_links":{"self":[{"href":"https:\/\/www.hostin.sk\/de\/wp-json\/wp\/v2\/product\/9320","targetHints":{"allow":["GET"]}}],"collection":[{"href":"https:\/\/www.hostin.sk\/de\/wp-json\/wp\/v2\/product"}],"about":[{"href":"https:\/\/www.hostin.sk\/de\/wp-json\/wp\/v2\/types\/product"}],"wp:featuredmedia":[{"embeddable":true,"href":"https:\/\/www.hostin.sk\/de\/wp-json\/wp\/v2\/media\/7763"}],"wp:attachment":[{"href":"https:\/\/www.hostin.sk\/de\/wp-json\/wp\/v2\/media?parent=9320"}],"wp:term":[{"taxonomy":"product_brand","embeddable":true,"href":"https:\/\/www.hostin.sk\/de\/wp-json\/wp\/v2\/product_brand?post=9320"},{"taxonomy":"product_cat","embeddable":true,"href":"https:\/\/www.hostin.sk\/de\/wp-json\/wp\/v2\/product_cat?post=9320"},{"taxonomy":"product_tag","embeddable":true,"href":"https:\/\/www.hostin.sk\/de\/wp-json\/wp\/v2\/product_tag?post=9320"}],"curies":[{"name":"wp","href":"https:\/\/api.w.org\/{rel}","templated":true}]}}