{"id":9319,"date":"2018-03-20T10:35:00","date_gmt":"2018-03-20T09:35:00","guid":{"rendered":"https:\/\/www.hostin.sk\/produkt\/stvorradova-hrotova-zabrana-proti-lastovickam\/"},"modified":"2025-03-12T18:16:40","modified_gmt":"2025-03-12T17:16:40","slug":"vierreihige-spitzenabwehr-gegen-schwalben","status":"publish","type":"product","link":"https:\/\/www.hostin.sk\/de\/produkt\/vierreihige-spitzenabwehr-gegen-schwalben\/","title":{"rendered":"Vierreihige Spitzenabwehr gegen Schwalben"},"content":{"rendered":"<p data-start=\"63\" data-end=\"309\">Vogelabwehr aus Edelstahl in Form von Spitzen geh\u00f6ren zu den am h\u00e4ufigsten eingesetzten Vogelabwehrsystemen. Das vierreihige Spitzenabwehrsystem gegen Schwalben wurde speziell entwickelt, um deren Nestbau in Geb\u00e4udeecken zu verhindern.\u00a0Die Spitzen<strong> blockieren mechanisch<\/strong> den Zugang der <strong>Schwalben<\/strong> zu unerw\u00fcnschten Bereichen und machen den Nestbau unm\u00f6glich. Im Gegensatz zur\u00a0<a href=\"https:\/\/www.hostin.sk\/produkt\/4-radova-hrotova-zabrana-proti-vtakom\/\">4-reihigen Spitzenabwehr gegen V\u00f6gel<\/a>, die f\u00fcr ebene Fl\u00e4chen konzipiert ist, eignet sich diese Variante speziell f\u00fcr Untersichten und Geb\u00e4udeecken.<\/p>\n<p><strong>Installation<\/strong><\/p>\n<p>Ein gro\u00dfer Vorteil der Spitzenabwehr gegen V\u00f6gel ist ihre dauerhafte Wirksamkeit in Kombination mit einer <strong>einfachen Installation<\/strong>. Der Grundtr\u00e4ger kann mit einer Blechschere auf die gew\u00fcnschte L\u00e4nge gek\u00fcrzt und mit Silikon,\u00a0<a href=\"https:\/\/www.hostin.sk\/produkt\/mamut-glue-clear-uv-290ml\/\">Kleber<\/a> oder Schrauben befestigt werden. Vor der Montage muss die Oberfl\u00e4che gereinigt und <a href=\"https:\/\/www.hostin.sk\/produkt\/odmastovac-technicky-benzin-1-l\/\">entfettet<\/a>\u00a0werden.<\/p>\n","protected":false},"excerpt":{"rendered":"<p>Diese vollst\u00e4ndig aus Edelstahl gefertigte Vogelabwehr ist f\u00fcr die Montage an der Wand, einige Zentimeter unterhalb einer horizontalen Fl\u00e4che (wie Untersichten oder Deckenkonstruktionen) konzipiert.\u00a0Sie verhindert effektiv, dass Rauch- und Mehlschwalben in gesch\u00fctzten Bereichen Nester bauen.<\/p>\n","protected":false},"featured_media":7739,"template":"","meta":{"_acf_changed":false},"product_brand":[],"product_cat":[115,144],"product_tag":[],"class_list":{"0":"post-9319","1":"product","2":"type-product","3":"status-publish","4":"has-post-thumbnail","6":"product_cat-4-reihige-spitzenabwehr","7":"product_cat-gegen-schwalben","9":"first","10":"instock","11":"taxable","12":"shipping-taxable","13":"purchasable","14":"product-type-simple"},"acf":[],"yoast_head":"<!-- This site is optimized with the Yoast SEO plugin v27.4 - https:\/\/yoast.com\/product\/yoast-seo-wordpress\/ -->\n<title>Vierreihige Spitzenabwehr gegen Schwalben - HOSTIN<\/title>\n<meta name=\"description\" content=\"\u0160tvorradov\u00e1 nerezov\u00e1 hrotov\u00e1 z\u00e1brana je \u0161peci\u00e1lne navrhnut\u00e1 na zabr\u00e1nenie hniezdenia lastovi\u010diek v rohoch budov a podh\u013eadoch.\" \/>\n<meta name=\"robots\" content=\"index, follow, max-snippet:-1, max-image-preview:large, max-video-preview:-1\" \/>\n<link rel=\"canonical\" href=\"https:\/\/www.hostin.sk\/de\/produkt\/vierreihige-spitzenabwehr-gegen-schwalben\/\" \/>\n<meta property=\"og:locale\" content=\"de_DE\" \/>\n<meta property=\"og:type\" content=\"article\" \/>\n<meta property=\"og:title\" content=\"Vierreihige Spitzenabwehr gegen Schwalben - HOSTIN\" \/>\n<meta property=\"og:description\" content=\"\u0160tvorradov\u00e1 nerezov\u00e1 hrotov\u00e1 z\u00e1brana je \u0161peci\u00e1lne navrhnut\u00e1 na zabr\u00e1nenie hniezdenia lastovi\u010diek v rohoch budov a podh\u013eadoch.\" \/>\n<meta property=\"og:url\" content=\"https:\/\/www.hostin.sk\/de\/produkt\/vierreihige-spitzenabwehr-gegen-schwalben\/\" \/>\n<meta property=\"og:site_name\" content=\"HOSTIN\" \/>\n<meta property=\"article:modified_time\" content=\"2025-03-12T17:16:40+00:00\" \/>\n<meta property=\"og:image\" content=\"https:\/\/www.hostin.sk\/wp-content\/uploads\/2018\/03\/PL4T15L-115-1000-800x800-dimetric.jpg\" \/>\n\t<meta property=\"og:image:width\" content=\"800\" \/>\n\t<meta property=\"og:image:height\" content=\"800\" \/>\n\t<meta property=\"og:image:type\" content=\"image\/jpeg\" \/>\n<meta name=\"twitter:card\" content=\"summary_large_image\" \/>\n<meta name=\"twitter:label1\" content=\"Gesch\u00e4tzte Lesezeit\" \/>\n\t<meta name=\"twitter:data1\" content=\"1\u00a0Minute\" \/>\n<script type=\"application\/ld+json\" class=\"yoast-schema-graph\">{\"@context\":\"https:\\\/\\\/schema.org\",\"@graph\":[{\"@type\":\"WebPage\",\"@id\":\"https:\\\/\\\/www.hostin.sk\\\/de\\\/produkt\\\/vierreihige-spitzenabwehr-gegen-schwalben\\\/\",\"url\":\"https:\\\/\\\/www.hostin.sk\\\/de\\\/produkt\\\/vierreihige-spitzenabwehr-gegen-schwalben\\\/\",\"name\":\"Vierreihige Spitzenabwehr gegen Schwalben - HOSTIN\",\"isPartOf\":{\"@id\":\"https:\\\/\\\/www.hostin.sk\\\/#website\"},\"primaryImageOfPage\":{\"@id\":\"https:\\\/\\\/www.hostin.sk\\\/de\\\/produkt\\\/vierreihige-spitzenabwehr-gegen-schwalben\\\/#primaryimage\"},\"image\":{\"@id\":\"https:\\\/\\\/www.hostin.sk\\\/de\\\/produkt\\\/vierreihige-spitzenabwehr-gegen-schwalben\\\/#primaryimage\"},\"thumbnailUrl\":\"https:\\\/\\\/www.hostin.sk\\\/wp-content\\\/uploads\\\/2018\\\/03\\\/PL4T15L-115-1000-800x800-dimetric.jpg\",\"datePublished\":\"2018-03-20T09:35:00+00:00\",\"dateModified\":\"2025-03-12T17:16:40+00:00\",\"description\":\"\u0160tvorradov\u00e1 nerezov\u00e1 hrotov\u00e1 z\u00e1brana je \u0161peci\u00e1lne navrhnut\u00e1 na zabr\u00e1nenie hniezdenia lastovi\u010diek v rohoch budov a podh\u013eadoch.\",\"breadcrumb\":{\"@id\":\"https:\\\/\\\/www.hostin.sk\\\/de\\\/produkt\\\/vierreihige-spitzenabwehr-gegen-schwalben\\\/#breadcrumb\"},\"inLanguage\":\"de\",\"potentialAction\":[{\"@type\":\"ReadAction\",\"target\":[\"https:\\\/\\\/www.hostin.sk\\\/de\\\/produkt\\\/vierreihige-spitzenabwehr-gegen-schwalben\\\/\"]}]},{\"@type\":\"ImageObject\",\"inLanguage\":\"de\",\"@id\":\"https:\\\/\\\/www.hostin.sk\\\/de\\\/produkt\\\/vierreihige-spitzenabwehr-gegen-schwalben\\\/#primaryimage\",\"url\":\"https:\\\/\\\/www.hostin.sk\\\/wp-content\\\/uploads\\\/2018\\\/03\\\/PL4T15L-115-1000-800x800-dimetric.jpg\",\"contentUrl\":\"https:\\\/\\\/www.hostin.sk\\\/wp-content\\\/uploads\\\/2018\\\/03\\\/PL4T15L-115-1000-800x800-dimetric.jpg\",\"width\":800,\"height\":800},{\"@type\":\"BreadcrumbList\",\"@id\":\"https:\\\/\\\/www.hostin.sk\\\/de\\\/produkt\\\/vierreihige-spitzenabwehr-gegen-schwalben\\\/#breadcrumb\",\"itemListElement\":[{\"@type\":\"ListItem\",\"position\":1,\"name\":\"Domov\",\"item\":\"https:\\\/\\\/www.hostin.sk\\\/de\\\/\"},{\"@type\":\"ListItem\",\"position\":2,\"name\":\"E-shop\",\"item\":\"https:\\\/\\\/www.hostin.sk\\\/de\\\/e-shop\\\/\"},{\"@type\":\"ListItem\",\"position\":3,\"name\":\"Abwehrsysteme nach Ausf\u00fchrung\",\"item\":\"https:\\\/\\\/www.hostin.sk\\\/de\\\/produktkategorie\\\/abwehrsysteme-nach-ausfuehrung\\\/\"},{\"@type\":\"ListItem\",\"position\":4,\"name\":\"Spike-System\",\"item\":\"https:\\\/\\\/www.hostin.sk\\\/de\\\/produktkategorie\\\/abwehrsysteme-nach-ausfuehrung\\\/spike-system\\\/\"},{\"@type\":\"ListItem\",\"position\":5,\"name\":\"4-reihige Spitzenabwehr\",\"item\":\"https:\\\/\\\/www.hostin.sk\\\/de\\\/produktkategorie\\\/abwehrsysteme-nach-ausfuehrung\\\/spike-system\\\/4-reihige-spitzenabwehr\\\/\"},{\"@type\":\"ListItem\",\"position\":6,\"name\":\"Vierreihige Spitzenabwehr gegen Schwalben\"}]},{\"@type\":\"WebSite\",\"@id\":\"https:\\\/\\\/www.hostin.sk\\\/#website\",\"url\":\"https:\\\/\\\/www.hostin.sk\\\/\",\"name\":\"HOSTIN\",\"description\":\"Hroty proti vt\u00e1kom\",\"potentialAction\":[{\"@type\":\"SearchAction\",\"target\":{\"@type\":\"EntryPoint\",\"urlTemplate\":\"https:\\\/\\\/www.hostin.sk\\\/?s={search_term_string}\"},\"query-input\":{\"@type\":\"PropertyValueSpecification\",\"valueRequired\":true,\"valueName\":\"search_term_string\"}}],\"inLanguage\":\"de\"}]}<\/script>\n<!-- \/ Yoast SEO plugin. -->","yoast_head_json":{"title":"Vierreihige Spitzenabwehr gegen Schwalben - HOSTIN","description":"\u0160tvorradov\u00e1 nerezov\u00e1 hrotov\u00e1 z\u00e1brana je \u0161peci\u00e1lne navrhnut\u00e1 na zabr\u00e1nenie hniezdenia lastovi\u010diek v rohoch budov a podh\u013eadoch.","robots":{"index":"index","follow":"follow","max-snippet":"max-snippet:-1","max-image-preview":"max-image-preview:large","max-video-preview":"max-video-preview:-1"},"canonical":"https:\/\/www.hostin.sk\/de\/produkt\/vierreihige-spitzenabwehr-gegen-schwalben\/","og_locale":"de_DE","og_type":"article","og_title":"Vierreihige Spitzenabwehr gegen Schwalben - HOSTIN","og_description":"\u0160tvorradov\u00e1 nerezov\u00e1 hrotov\u00e1 z\u00e1brana je \u0161peci\u00e1lne navrhnut\u00e1 na zabr\u00e1nenie hniezdenia lastovi\u010diek v rohoch budov a podh\u013eadoch.","og_url":"https:\/\/www.hostin.sk\/de\/produkt\/vierreihige-spitzenabwehr-gegen-schwalben\/","og_site_name":"HOSTIN","article_modified_time":"2025-03-12T17:16:40+00:00","og_image":[{"width":800,"height":800,"url":"https:\/\/www.hostin.sk\/wp-content\/uploads\/2018\/03\/PL4T15L-115-1000-800x800-dimetric.jpg","type":"image\/jpeg"}],"twitter_card":"summary_large_image","twitter_misc":{"Gesch\u00e4tzte Lesezeit":"1\u00a0Minute"},"schema":{"@context":"https:\/\/schema.org","@graph":[{"@type":"WebPage","@id":"https:\/\/www.hostin.sk\/de\/produkt\/vierreihige-spitzenabwehr-gegen-schwalben\/","url":"https:\/\/www.hostin.sk\/de\/produkt\/vierreihige-spitzenabwehr-gegen-schwalben\/","name":"Vierreihige Spitzenabwehr gegen Schwalben - HOSTIN","isPartOf":{"@id":"https:\/\/www.hostin.sk\/#website"},"primaryImageOfPage":{"@id":"https:\/\/www.hostin.sk\/de\/produkt\/vierreihige-spitzenabwehr-gegen-schwalben\/#primaryimage"},"image":{"@id":"https:\/\/www.hostin.sk\/de\/produkt\/vierreihige-spitzenabwehr-gegen-schwalben\/#primaryimage"},"thumbnailUrl":"https:\/\/www.hostin.sk\/wp-content\/uploads\/2018\/03\/PL4T15L-115-1000-800x800-dimetric.jpg","datePublished":"2018-03-20T09:35:00+00:00","dateModified":"2025-03-12T17:16:40+00:00","description":"\u0160tvorradov\u00e1 nerezov\u00e1 hrotov\u00e1 z\u00e1brana je \u0161peci\u00e1lne navrhnut\u00e1 na zabr\u00e1nenie hniezdenia lastovi\u010diek v rohoch budov a podh\u013eadoch.","breadcrumb":{"@id":"https:\/\/www.hostin.sk\/de\/produkt\/vierreihige-spitzenabwehr-gegen-schwalben\/#breadcrumb"},"inLanguage":"de","potentialAction":[{"@type":"ReadAction","target":["https:\/\/www.hostin.sk\/de\/produkt\/vierreihige-spitzenabwehr-gegen-schwalben\/"]}]},{"@type":"ImageObject","inLanguage":"de","@id":"https:\/\/www.hostin.sk\/de\/produkt\/vierreihige-spitzenabwehr-gegen-schwalben\/#primaryimage","url":"https:\/\/www.hostin.sk\/wp-content\/uploads\/2018\/03\/PL4T15L-115-1000-800x800-dimetric.jpg","contentUrl":"https:\/\/www.hostin.sk\/wp-content\/uploads\/2018\/03\/PL4T15L-115-1000-800x800-dimetric.jpg","width":800,"height":800},{"@type":"BreadcrumbList","@id":"https:\/\/www.hostin.sk\/de\/produkt\/vierreihige-spitzenabwehr-gegen-schwalben\/#breadcrumb","itemListElement":[{"@type":"ListItem","position":1,"name":"Domov","item":"https:\/\/www.hostin.sk\/de\/"},{"@type":"ListItem","position":2,"name":"E-shop","item":"https:\/\/www.hostin.sk\/de\/e-shop\/"},{"@type":"ListItem","position":3,"name":"Abwehrsysteme nach Ausf\u00fchrung","item":"https:\/\/www.hostin.sk\/de\/produktkategorie\/abwehrsysteme-nach-ausfuehrung\/"},{"@type":"ListItem","position":4,"name":"Spike-System","item":"https:\/\/www.hostin.sk\/de\/produktkategorie\/abwehrsysteme-nach-ausfuehrung\/spike-system\/"},{"@type":"ListItem","position":5,"name":"4-reihige Spitzenabwehr","item":"https:\/\/www.hostin.sk\/de\/produktkategorie\/abwehrsysteme-nach-ausfuehrung\/spike-system\/4-reihige-spitzenabwehr\/"},{"@type":"ListItem","position":6,"name":"Vierreihige Spitzenabwehr gegen Schwalben"}]},{"@type":"WebSite","@id":"https:\/\/www.hostin.sk\/#website","url":"https:\/\/www.hostin.sk\/","name":"HOSTIN","description":"Hroty proti vt\u00e1kom","potentialAction":[{"@type":"SearchAction","target":{"@type":"EntryPoint","urlTemplate":"https:\/\/www.hostin.sk\/?s={search_term_string}"},"query-input":{"@type":"PropertyValueSpecification","valueRequired":true,"valueName":"search_term_string"}}],"inLanguage":"de"}]}},"_links":{"self":[{"href":"https:\/\/www.hostin.sk\/de\/wp-json\/wp\/v2\/product\/9319","targetHints":{"allow":["GET"]}}],"collection":[{"href":"https:\/\/www.hostin.sk\/de\/wp-json\/wp\/v2\/product"}],"about":[{"href":"https:\/\/www.hostin.sk\/de\/wp-json\/wp\/v2\/types\/product"}],"wp:featuredmedia":[{"embeddable":true,"href":"https:\/\/www.hostin.sk\/de\/wp-json\/wp\/v2\/media\/7739"}],"wp:attachment":[{"href":"https:\/\/www.hostin.sk\/de\/wp-json\/wp\/v2\/media?parent=9319"}],"wp:term":[{"taxonomy":"product_brand","embeddable":true,"href":"https:\/\/www.hostin.sk\/de\/wp-json\/wp\/v2\/product_brand?post=9319"},{"taxonomy":"product_cat","embeddable":true,"href":"https:\/\/www.hostin.sk\/de\/wp-json\/wp\/v2\/product_cat?post=9319"},{"taxonomy":"product_tag","embeddable":true,"href":"https:\/\/www.hostin.sk\/de\/wp-json\/wp\/v2\/product_tag?post=9319"}],"curies":[{"name":"wp","href":"https:\/\/api.w.org\/{rel}","templated":true}]}}