{"id":9317,"date":"2018-03-20T10:35:48","date_gmt":"2018-03-20T09:35:48","guid":{"rendered":"https:\/\/www.hostin.sk\/produkt\/tycka-20-1000\/"},"modified":"2025-03-13T20:22:48","modified_gmt":"2025-03-13T19:22:48","slug":"stange-20-1000","status":"publish","type":"product","link":"https:\/\/www.hostin.sk\/de\/produkt\/stange-20-1000\/","title":{"rendered":"Stange 2,0 &#8211; 1000"},"content":{"rendered":"","protected":false},"excerpt":{"rendered":"<p>AK Stab 2,0 &#8211; 1000 f\u00fcr Vogelabwehrsysteme; 950-1050MPa<\/p>\n","protected":false},"featured_media":7721,"template":"","meta":{"_acf_changed":false},"product_brand":[],"product_cat":[107],"product_tag":[],"class_list":{"0":"post-9317","1":"product","2":"type-product","3":"status-publish","4":"has-post-thumbnail","6":"product_cat-elektrische-abwehrsysteme-komplett","8":"first","9":"instock","10":"taxable","11":"shipping-taxable","12":"purchasable","13":"product-type-simple"},"acf":[],"yoast_head":"<!-- This site is optimized with the Yoast SEO plugin v27.4 - https:\/\/yoast.com\/product\/yoast-seo-wordpress\/ -->\n<title>Stange 2,0 - 1000 - HOSTIN<\/title>\n<meta name=\"description\" content=\"AK ty\u010dka s priemerom 2,0 mm a d\u013a\u017ekou 1000 mm je ur\u010den\u00e1 na mont\u00e1\u017e pla\u0161i\u010dov vt\u00e1ctva.\" \/>\n<meta name=\"robots\" content=\"index, follow, max-snippet:-1, max-image-preview:large, max-video-preview:-1\" \/>\n<link rel=\"canonical\" href=\"https:\/\/www.hostin.sk\/de\/produkt\/stange-20-1000\/\" \/>\n<meta property=\"og:locale\" content=\"de_DE\" \/>\n<meta property=\"og:type\" content=\"article\" \/>\n<meta property=\"og:title\" content=\"Stange 2,0 - 1000 - HOSTIN\" \/>\n<meta property=\"og:description\" content=\"AK ty\u010dka s priemerom 2,0 mm a d\u013a\u017ekou 1000 mm je ur\u010den\u00e1 na mont\u00e1\u017e pla\u0161i\u010dov vt\u00e1ctva.\" \/>\n<meta property=\"og:url\" content=\"https:\/\/www.hostin.sk\/de\/produkt\/stange-20-1000\/\" \/>\n<meta property=\"og:site_name\" content=\"HOSTIN\" \/>\n<meta property=\"article:modified_time\" content=\"2025-03-13T19:22:48+00:00\" \/>\n<meta property=\"og:image\" content=\"https:\/\/www.hostin.sk\/wp-content\/uploads\/2018\/03\/082S0017-800x800-1.jpg\" \/>\n\t<meta property=\"og:image:width\" content=\"800\" \/>\n\t<meta property=\"og:image:height\" content=\"800\" \/>\n\t<meta property=\"og:image:type\" content=\"image\/jpeg\" \/>\n<meta name=\"twitter:card\" content=\"summary_large_image\" \/>\n<meta name=\"twitter:label1\" content=\"Gesch\u00e4tzte Lesezeit\" \/>\n\t<meta name=\"twitter:data1\" content=\"1\u00a0Minute\" \/>\n<script type=\"application\/ld+json\" class=\"yoast-schema-graph\">{\"@context\":\"https:\\\/\\\/schema.org\",\"@graph\":[{\"@type\":\"WebPage\",\"@id\":\"https:\\\/\\\/www.hostin.sk\\\/de\\\/produkt\\\/stange-20-1000\\\/\",\"url\":\"https:\\\/\\\/www.hostin.sk\\\/de\\\/produkt\\\/stange-20-1000\\\/\",\"name\":\"Stange 2,0 - 1000 - HOSTIN\",\"isPartOf\":{\"@id\":\"https:\\\/\\\/www.hostin.sk\\\/#website\"},\"primaryImageOfPage\":{\"@id\":\"https:\\\/\\\/www.hostin.sk\\\/de\\\/produkt\\\/stange-20-1000\\\/#primaryimage\"},\"image\":{\"@id\":\"https:\\\/\\\/www.hostin.sk\\\/de\\\/produkt\\\/stange-20-1000\\\/#primaryimage\"},\"thumbnailUrl\":\"https:\\\/\\\/www.hostin.sk\\\/wp-content\\\/uploads\\\/2018\\\/03\\\/082S0017-800x800-1.jpg\",\"datePublished\":\"2018-03-20T09:35:48+00:00\",\"dateModified\":\"2025-03-13T19:22:48+00:00\",\"description\":\"AK ty\u010dka s priemerom 2,0 mm a d\u013a\u017ekou 1000 mm je ur\u010den\u00e1 na mont\u00e1\u017e pla\u0161i\u010dov vt\u00e1ctva.\",\"breadcrumb\":{\"@id\":\"https:\\\/\\\/www.hostin.sk\\\/de\\\/produkt\\\/stange-20-1000\\\/#breadcrumb\"},\"inLanguage\":\"de\",\"potentialAction\":[{\"@type\":\"ReadAction\",\"target\":[\"https:\\\/\\\/www.hostin.sk\\\/de\\\/produkt\\\/stange-20-1000\\\/\"]}]},{\"@type\":\"ImageObject\",\"inLanguage\":\"de\",\"@id\":\"https:\\\/\\\/www.hostin.sk\\\/de\\\/produkt\\\/stange-20-1000\\\/#primaryimage\",\"url\":\"https:\\\/\\\/www.hostin.sk\\\/wp-content\\\/uploads\\\/2018\\\/03\\\/082S0017-800x800-1.jpg\",\"contentUrl\":\"https:\\\/\\\/www.hostin.sk\\\/wp-content\\\/uploads\\\/2018\\\/03\\\/082S0017-800x800-1.jpg\",\"width\":800,\"height\":800},{\"@type\":\"BreadcrumbList\",\"@id\":\"https:\\\/\\\/www.hostin.sk\\\/de\\\/produkt\\\/stange-20-1000\\\/#breadcrumb\",\"itemListElement\":[{\"@type\":\"ListItem\",\"position\":1,\"name\":\"Domov\",\"item\":\"https:\\\/\\\/www.hostin.sk\\\/de\\\/\"},{\"@type\":\"ListItem\",\"position\":2,\"name\":\"E-shop\",\"item\":\"https:\\\/\\\/www.hostin.sk\\\/de\\\/e-shop\\\/\"},{\"@type\":\"ListItem\",\"position\":3,\"name\":\"Abwehrsysteme nach Ausf\u00fchrung\",\"item\":\"https:\\\/\\\/www.hostin.sk\\\/de\\\/produktkategorie\\\/abwehrsysteme-nach-ausfuehrung\\\/\"},{\"@type\":\"ListItem\",\"position\":4,\"name\":\"Elektrische Abwehrsysteme\",\"item\":\"https:\\\/\\\/www.hostin.sk\\\/de\\\/produktkategorie\\\/abwehrsysteme-nach-ausfuehrung\\\/elektrische-abwehrsysteme\\\/\"},{\"@type\":\"ListItem\",\"position\":5,\"name\":\"Elektrische Abwehrsysteme komplett\",\"item\":\"https:\\\/\\\/www.hostin.sk\\\/de\\\/produktkategorie\\\/abwehrsysteme-nach-ausfuehrung\\\/elektrische-abwehrsysteme\\\/elektrische-abwehrsysteme-komplett\\\/\"},{\"@type\":\"ListItem\",\"position\":6,\"name\":\"Stange 2,0 &#8211; 1000\"}]},{\"@type\":\"WebSite\",\"@id\":\"https:\\\/\\\/www.hostin.sk\\\/#website\",\"url\":\"https:\\\/\\\/www.hostin.sk\\\/\",\"name\":\"HOSTIN\",\"description\":\"Hroty proti vt\u00e1kom\",\"potentialAction\":[{\"@type\":\"SearchAction\",\"target\":{\"@type\":\"EntryPoint\",\"urlTemplate\":\"https:\\\/\\\/www.hostin.sk\\\/?s={search_term_string}\"},\"query-input\":{\"@type\":\"PropertyValueSpecification\",\"valueRequired\":true,\"valueName\":\"search_term_string\"}}],\"inLanguage\":\"de\"}]}<\/script>\n<!-- \/ Yoast SEO plugin. -->","yoast_head_json":{"title":"Stange 2,0 - 1000 - HOSTIN","description":"AK ty\u010dka s priemerom 2,0 mm a d\u013a\u017ekou 1000 mm je ur\u010den\u00e1 na mont\u00e1\u017e pla\u0161i\u010dov vt\u00e1ctva.","robots":{"index":"index","follow":"follow","max-snippet":"max-snippet:-1","max-image-preview":"max-image-preview:large","max-video-preview":"max-video-preview:-1"},"canonical":"https:\/\/www.hostin.sk\/de\/produkt\/stange-20-1000\/","og_locale":"de_DE","og_type":"article","og_title":"Stange 2,0 - 1000 - HOSTIN","og_description":"AK ty\u010dka s priemerom 2,0 mm a d\u013a\u017ekou 1000 mm je ur\u010den\u00e1 na mont\u00e1\u017e pla\u0161i\u010dov vt\u00e1ctva.","og_url":"https:\/\/www.hostin.sk\/de\/produkt\/stange-20-1000\/","og_site_name":"HOSTIN","article_modified_time":"2025-03-13T19:22:48+00:00","og_image":[{"width":800,"height":800,"url":"https:\/\/www.hostin.sk\/wp-content\/uploads\/2018\/03\/082S0017-800x800-1.jpg","type":"image\/jpeg"}],"twitter_card":"summary_large_image","twitter_misc":{"Gesch\u00e4tzte Lesezeit":"1\u00a0Minute"},"schema":{"@context":"https:\/\/schema.org","@graph":[{"@type":"WebPage","@id":"https:\/\/www.hostin.sk\/de\/produkt\/stange-20-1000\/","url":"https:\/\/www.hostin.sk\/de\/produkt\/stange-20-1000\/","name":"Stange 2,0 - 1000 - HOSTIN","isPartOf":{"@id":"https:\/\/www.hostin.sk\/#website"},"primaryImageOfPage":{"@id":"https:\/\/www.hostin.sk\/de\/produkt\/stange-20-1000\/#primaryimage"},"image":{"@id":"https:\/\/www.hostin.sk\/de\/produkt\/stange-20-1000\/#primaryimage"},"thumbnailUrl":"https:\/\/www.hostin.sk\/wp-content\/uploads\/2018\/03\/082S0017-800x800-1.jpg","datePublished":"2018-03-20T09:35:48+00:00","dateModified":"2025-03-13T19:22:48+00:00","description":"AK ty\u010dka s priemerom 2,0 mm a d\u013a\u017ekou 1000 mm je ur\u010den\u00e1 na mont\u00e1\u017e pla\u0161i\u010dov vt\u00e1ctva.","breadcrumb":{"@id":"https:\/\/www.hostin.sk\/de\/produkt\/stange-20-1000\/#breadcrumb"},"inLanguage":"de","potentialAction":[{"@type":"ReadAction","target":["https:\/\/www.hostin.sk\/de\/produkt\/stange-20-1000\/"]}]},{"@type":"ImageObject","inLanguage":"de","@id":"https:\/\/www.hostin.sk\/de\/produkt\/stange-20-1000\/#primaryimage","url":"https:\/\/www.hostin.sk\/wp-content\/uploads\/2018\/03\/082S0017-800x800-1.jpg","contentUrl":"https:\/\/www.hostin.sk\/wp-content\/uploads\/2018\/03\/082S0017-800x800-1.jpg","width":800,"height":800},{"@type":"BreadcrumbList","@id":"https:\/\/www.hostin.sk\/de\/produkt\/stange-20-1000\/#breadcrumb","itemListElement":[{"@type":"ListItem","position":1,"name":"Domov","item":"https:\/\/www.hostin.sk\/de\/"},{"@type":"ListItem","position":2,"name":"E-shop","item":"https:\/\/www.hostin.sk\/de\/e-shop\/"},{"@type":"ListItem","position":3,"name":"Abwehrsysteme nach Ausf\u00fchrung","item":"https:\/\/www.hostin.sk\/de\/produktkategorie\/abwehrsysteme-nach-ausfuehrung\/"},{"@type":"ListItem","position":4,"name":"Elektrische Abwehrsysteme","item":"https:\/\/www.hostin.sk\/de\/produktkategorie\/abwehrsysteme-nach-ausfuehrung\/elektrische-abwehrsysteme\/"},{"@type":"ListItem","position":5,"name":"Elektrische Abwehrsysteme komplett","item":"https:\/\/www.hostin.sk\/de\/produktkategorie\/abwehrsysteme-nach-ausfuehrung\/elektrische-abwehrsysteme\/elektrische-abwehrsysteme-komplett\/"},{"@type":"ListItem","position":6,"name":"Stange 2,0 &#8211; 1000"}]},{"@type":"WebSite","@id":"https:\/\/www.hostin.sk\/#website","url":"https:\/\/www.hostin.sk\/","name":"HOSTIN","description":"Hroty proti vt\u00e1kom","potentialAction":[{"@type":"SearchAction","target":{"@type":"EntryPoint","urlTemplate":"https:\/\/www.hostin.sk\/?s={search_term_string}"},"query-input":{"@type":"PropertyValueSpecification","valueRequired":true,"valueName":"search_term_string"}}],"inLanguage":"de"}]}},"_links":{"self":[{"href":"https:\/\/www.hostin.sk\/de\/wp-json\/wp\/v2\/product\/9317","targetHints":{"allow":["GET"]}}],"collection":[{"href":"https:\/\/www.hostin.sk\/de\/wp-json\/wp\/v2\/product"}],"about":[{"href":"https:\/\/www.hostin.sk\/de\/wp-json\/wp\/v2\/types\/product"}],"wp:featuredmedia":[{"embeddable":true,"href":"https:\/\/www.hostin.sk\/de\/wp-json\/wp\/v2\/media\/7721"}],"wp:attachment":[{"href":"https:\/\/www.hostin.sk\/de\/wp-json\/wp\/v2\/media?parent=9317"}],"wp:term":[{"taxonomy":"product_brand","embeddable":true,"href":"https:\/\/www.hostin.sk\/de\/wp-json\/wp\/v2\/product_brand?post=9317"},{"taxonomy":"product_cat","embeddable":true,"href":"https:\/\/www.hostin.sk\/de\/wp-json\/wp\/v2\/product_cat?post=9317"},{"taxonomy":"product_tag","embeddable":true,"href":"https:\/\/www.hostin.sk\/de\/wp-json\/wp\/v2\/product_tag?post=9317"}],"curies":[{"name":"wp","href":"https:\/\/api.w.org\/{rel}","templated":true}]}}