{"id":9310,"date":"2018-03-20T11:23:11","date_gmt":"2018-03-20T10:23:11","guid":{"rendered":"https:\/\/www.hostin.sk\/produkt\/siet-proti-vtactvu-z-polyetylenu-19-x-19\/"},"modified":"2025-03-12T21:22:20","modified_gmt":"2025-03-12T20:22:20","slug":"vogelabwehrnetz-aus-polyethylen-19-x-19","status":"publish","type":"product","link":"https:\/\/www.hostin.sk\/de\/produkt\/vogelabwehrnetz-aus-polyethylen-19-x-19\/","title":{"rendered":"Vogelabwehrnetz aus Polyethylen 19 x 19"},"content":{"rendered":"<p>Moderne Vogelabwehrnetze werden meist mit einem UV-Schutz geliefert, wodurch sie eine l\u00e4ngere Lebensdauer haben.\u00a0Netze aus Polyethylen sind schwarz und zeichnen sich durch ihren g\u00fcnstigeren Preis aus. Sie werden anhand der Maschenweite klassifiziert, die an die jeweiligen Vogelarten angepasst ist, sodass die V\u00f6gel nicht hindurchgelangen k\u00f6nnen.<\/p>\n","protected":false},"excerpt":{"rendered":"<p>Vogelabwehrnetz aus Polyethylen mit einer Maschenweite von 19 \u00d7 19 mm.<\/p>\n","protected":false},"featured_media":7655,"template":"","meta":{"_acf_changed":false},"product_brand":[],"product_cat":[132,129],"product_tag":[],"class_list":{"0":"post-9310","1":"product","2":"type-product","3":"status-publish","4":"has-post-thumbnail","6":"product_cat-fuer-balkone","7":"product_cat-netze-aus-polyethylen","9":"first","10":"instock","11":"taxable","12":"shipping-taxable","13":"purchasable","14":"product-type-simple"},"acf":[],"yoast_head":"<!-- This site is optimized with the Yoast SEO plugin v27.4 - https:\/\/yoast.com\/product\/yoast-seo-wordpress\/ -->\n<title>Vogelabwehrnetz aus Polyethylen 19 x 19 - HOSTIN<\/title>\n<meta name=\"description\" content=\"\u010cierne polyetyl\u00e9nov\u00e9 siete proti vt\u00e1kom s\u00fa odoln\u00e9, cenovo dostupn\u00e9 a vybaven\u00e9 UV ochranou, ktor\u00e1 predl\u017euje ich \u017eivotnos\u0165.\" \/>\n<meta name=\"robots\" content=\"index, follow, max-snippet:-1, max-image-preview:large, max-video-preview:-1\" \/>\n<link rel=\"canonical\" href=\"https:\/\/www.hostin.sk\/de\/produkt\/vogelabwehrnetz-aus-polyethylen-19-x-19\/\" \/>\n<meta property=\"og:locale\" content=\"de_DE\" \/>\n<meta property=\"og:type\" content=\"article\" \/>\n<meta property=\"og:title\" content=\"Vogelabwehrnetz aus Polyethylen 19 x 19 - HOSTIN\" \/>\n<meta property=\"og:description\" content=\"\u010cierne polyetyl\u00e9nov\u00e9 siete proti vt\u00e1kom s\u00fa odoln\u00e9, cenovo dostupn\u00e9 a vybaven\u00e9 UV ochranou, ktor\u00e1 predl\u017euje ich \u017eivotnos\u0165.\" \/>\n<meta property=\"og:url\" content=\"https:\/\/www.hostin.sk\/de\/produkt\/vogelabwehrnetz-aus-polyethylen-19-x-19\/\" \/>\n<meta property=\"og:site_name\" content=\"HOSTIN\" \/>\n<meta property=\"article:modified_time\" content=\"2025-03-12T20:22:20+00:00\" \/>\n<meta property=\"og:image\" content=\"https:\/\/www.hostin.sk\/wp-content\/uploads\/2018\/03\/PE19-800x800-1.jpg\" \/>\n\t<meta property=\"og:image:width\" content=\"800\" \/>\n\t<meta property=\"og:image:height\" content=\"800\" \/>\n\t<meta property=\"og:image:type\" content=\"image\/jpeg\" \/>\n<meta name=\"twitter:card\" content=\"summary_large_image\" \/>\n<meta name=\"twitter:label1\" content=\"Gesch\u00e4tzte Lesezeit\" \/>\n\t<meta name=\"twitter:data1\" content=\"1\u00a0Minute\" \/>\n<script type=\"application\/ld+json\" class=\"yoast-schema-graph\">{\"@context\":\"https:\\\/\\\/schema.org\",\"@graph\":[{\"@type\":\"WebPage\",\"@id\":\"https:\\\/\\\/www.hostin.sk\\\/de\\\/produkt\\\/vogelabwehrnetz-aus-polyethylen-19-x-19\\\/\",\"url\":\"https:\\\/\\\/www.hostin.sk\\\/de\\\/produkt\\\/vogelabwehrnetz-aus-polyethylen-19-x-19\\\/\",\"name\":\"Vogelabwehrnetz aus Polyethylen 19 x 19 - HOSTIN\",\"isPartOf\":{\"@id\":\"https:\\\/\\\/www.hostin.sk\\\/#website\"},\"primaryImageOfPage\":{\"@id\":\"https:\\\/\\\/www.hostin.sk\\\/de\\\/produkt\\\/vogelabwehrnetz-aus-polyethylen-19-x-19\\\/#primaryimage\"},\"image\":{\"@id\":\"https:\\\/\\\/www.hostin.sk\\\/de\\\/produkt\\\/vogelabwehrnetz-aus-polyethylen-19-x-19\\\/#primaryimage\"},\"thumbnailUrl\":\"https:\\\/\\\/www.hostin.sk\\\/wp-content\\\/uploads\\\/2018\\\/03\\\/PE19-800x800-1.jpg\",\"datePublished\":\"2018-03-20T10:23:11+00:00\",\"dateModified\":\"2025-03-12T20:22:20+00:00\",\"description\":\"\u010cierne polyetyl\u00e9nov\u00e9 siete proti vt\u00e1kom s\u00fa odoln\u00e9, cenovo dostupn\u00e9 a vybaven\u00e9 UV ochranou, ktor\u00e1 predl\u017euje ich \u017eivotnos\u0165.\",\"breadcrumb\":{\"@id\":\"https:\\\/\\\/www.hostin.sk\\\/de\\\/produkt\\\/vogelabwehrnetz-aus-polyethylen-19-x-19\\\/#breadcrumb\"},\"inLanguage\":\"de\",\"potentialAction\":[{\"@type\":\"ReadAction\",\"target\":[\"https:\\\/\\\/www.hostin.sk\\\/de\\\/produkt\\\/vogelabwehrnetz-aus-polyethylen-19-x-19\\\/\"]}]},{\"@type\":\"ImageObject\",\"inLanguage\":\"de\",\"@id\":\"https:\\\/\\\/www.hostin.sk\\\/de\\\/produkt\\\/vogelabwehrnetz-aus-polyethylen-19-x-19\\\/#primaryimage\",\"url\":\"https:\\\/\\\/www.hostin.sk\\\/wp-content\\\/uploads\\\/2018\\\/03\\\/PE19-800x800-1.jpg\",\"contentUrl\":\"https:\\\/\\\/www.hostin.sk\\\/wp-content\\\/uploads\\\/2018\\\/03\\\/PE19-800x800-1.jpg\",\"width\":800,\"height\":800},{\"@type\":\"BreadcrumbList\",\"@id\":\"https:\\\/\\\/www.hostin.sk\\\/de\\\/produkt\\\/vogelabwehrnetz-aus-polyethylen-19-x-19\\\/#breadcrumb\",\"itemListElement\":[{\"@type\":\"ListItem\",\"position\":1,\"name\":\"Domov\",\"item\":\"https:\\\/\\\/www.hostin.sk\\\/de\\\/\"},{\"@type\":\"ListItem\",\"position\":2,\"name\":\"E-shop\",\"item\":\"https:\\\/\\\/www.hostin.sk\\\/de\\\/e-shop\\\/\"},{\"@type\":\"ListItem\",\"position\":3,\"name\":\"Abwehrsysteme nach Ausf\u00fchrung\",\"item\":\"https:\\\/\\\/www.hostin.sk\\\/de\\\/produktkategorie\\\/abwehrsysteme-nach-ausfuehrung\\\/\"},{\"@type\":\"ListItem\",\"position\":4,\"name\":\"Vogelabwehrnetze\",\"item\":\"https:\\\/\\\/www.hostin.sk\\\/de\\\/produktkategorie\\\/abwehrsysteme-nach-ausfuehrung\\\/vogelabwehrnetze\\\/\"},{\"@type\":\"ListItem\",\"position\":5,\"name\":\"Netze aus Polyethylen\",\"item\":\"https:\\\/\\\/www.hostin.sk\\\/de\\\/produktkategorie\\\/abwehrsysteme-nach-ausfuehrung\\\/vogelabwehrnetze\\\/netze-aus-polyethylen\\\/\"},{\"@type\":\"ListItem\",\"position\":6,\"name\":\"Vogelabwehrnetz aus Polyethylen 19 x 19\"}]},{\"@type\":\"WebSite\",\"@id\":\"https:\\\/\\\/www.hostin.sk\\\/#website\",\"url\":\"https:\\\/\\\/www.hostin.sk\\\/\",\"name\":\"HOSTIN\",\"description\":\"Hroty proti vt\u00e1kom\",\"potentialAction\":[{\"@type\":\"SearchAction\",\"target\":{\"@type\":\"EntryPoint\",\"urlTemplate\":\"https:\\\/\\\/www.hostin.sk\\\/?s={search_term_string}\"},\"query-input\":{\"@type\":\"PropertyValueSpecification\",\"valueRequired\":true,\"valueName\":\"search_term_string\"}}],\"inLanguage\":\"de\"}]}<\/script>\n<!-- \/ Yoast SEO plugin. -->","yoast_head_json":{"title":"Vogelabwehrnetz aus Polyethylen 19 x 19 - HOSTIN","description":"\u010cierne polyetyl\u00e9nov\u00e9 siete proti vt\u00e1kom s\u00fa odoln\u00e9, cenovo dostupn\u00e9 a vybaven\u00e9 UV ochranou, ktor\u00e1 predl\u017euje ich \u017eivotnos\u0165.","robots":{"index":"index","follow":"follow","max-snippet":"max-snippet:-1","max-image-preview":"max-image-preview:large","max-video-preview":"max-video-preview:-1"},"canonical":"https:\/\/www.hostin.sk\/de\/produkt\/vogelabwehrnetz-aus-polyethylen-19-x-19\/","og_locale":"de_DE","og_type":"article","og_title":"Vogelabwehrnetz aus Polyethylen 19 x 19 - HOSTIN","og_description":"\u010cierne polyetyl\u00e9nov\u00e9 siete proti vt\u00e1kom s\u00fa odoln\u00e9, cenovo dostupn\u00e9 a vybaven\u00e9 UV ochranou, ktor\u00e1 predl\u017euje ich \u017eivotnos\u0165.","og_url":"https:\/\/www.hostin.sk\/de\/produkt\/vogelabwehrnetz-aus-polyethylen-19-x-19\/","og_site_name":"HOSTIN","article_modified_time":"2025-03-12T20:22:20+00:00","og_image":[{"width":800,"height":800,"url":"https:\/\/www.hostin.sk\/wp-content\/uploads\/2018\/03\/PE19-800x800-1.jpg","type":"image\/jpeg"}],"twitter_card":"summary_large_image","twitter_misc":{"Gesch\u00e4tzte Lesezeit":"1\u00a0Minute"},"schema":{"@context":"https:\/\/schema.org","@graph":[{"@type":"WebPage","@id":"https:\/\/www.hostin.sk\/de\/produkt\/vogelabwehrnetz-aus-polyethylen-19-x-19\/","url":"https:\/\/www.hostin.sk\/de\/produkt\/vogelabwehrnetz-aus-polyethylen-19-x-19\/","name":"Vogelabwehrnetz aus Polyethylen 19 x 19 - HOSTIN","isPartOf":{"@id":"https:\/\/www.hostin.sk\/#website"},"primaryImageOfPage":{"@id":"https:\/\/www.hostin.sk\/de\/produkt\/vogelabwehrnetz-aus-polyethylen-19-x-19\/#primaryimage"},"image":{"@id":"https:\/\/www.hostin.sk\/de\/produkt\/vogelabwehrnetz-aus-polyethylen-19-x-19\/#primaryimage"},"thumbnailUrl":"https:\/\/www.hostin.sk\/wp-content\/uploads\/2018\/03\/PE19-800x800-1.jpg","datePublished":"2018-03-20T10:23:11+00:00","dateModified":"2025-03-12T20:22:20+00:00","description":"\u010cierne polyetyl\u00e9nov\u00e9 siete proti vt\u00e1kom s\u00fa odoln\u00e9, cenovo dostupn\u00e9 a vybaven\u00e9 UV ochranou, ktor\u00e1 predl\u017euje ich \u017eivotnos\u0165.","breadcrumb":{"@id":"https:\/\/www.hostin.sk\/de\/produkt\/vogelabwehrnetz-aus-polyethylen-19-x-19\/#breadcrumb"},"inLanguage":"de","potentialAction":[{"@type":"ReadAction","target":["https:\/\/www.hostin.sk\/de\/produkt\/vogelabwehrnetz-aus-polyethylen-19-x-19\/"]}]},{"@type":"ImageObject","inLanguage":"de","@id":"https:\/\/www.hostin.sk\/de\/produkt\/vogelabwehrnetz-aus-polyethylen-19-x-19\/#primaryimage","url":"https:\/\/www.hostin.sk\/wp-content\/uploads\/2018\/03\/PE19-800x800-1.jpg","contentUrl":"https:\/\/www.hostin.sk\/wp-content\/uploads\/2018\/03\/PE19-800x800-1.jpg","width":800,"height":800},{"@type":"BreadcrumbList","@id":"https:\/\/www.hostin.sk\/de\/produkt\/vogelabwehrnetz-aus-polyethylen-19-x-19\/#breadcrumb","itemListElement":[{"@type":"ListItem","position":1,"name":"Domov","item":"https:\/\/www.hostin.sk\/de\/"},{"@type":"ListItem","position":2,"name":"E-shop","item":"https:\/\/www.hostin.sk\/de\/e-shop\/"},{"@type":"ListItem","position":3,"name":"Abwehrsysteme nach Ausf\u00fchrung","item":"https:\/\/www.hostin.sk\/de\/produktkategorie\/abwehrsysteme-nach-ausfuehrung\/"},{"@type":"ListItem","position":4,"name":"Vogelabwehrnetze","item":"https:\/\/www.hostin.sk\/de\/produktkategorie\/abwehrsysteme-nach-ausfuehrung\/vogelabwehrnetze\/"},{"@type":"ListItem","position":5,"name":"Netze aus Polyethylen","item":"https:\/\/www.hostin.sk\/de\/produktkategorie\/abwehrsysteme-nach-ausfuehrung\/vogelabwehrnetze\/netze-aus-polyethylen\/"},{"@type":"ListItem","position":6,"name":"Vogelabwehrnetz aus Polyethylen 19 x 19"}]},{"@type":"WebSite","@id":"https:\/\/www.hostin.sk\/#website","url":"https:\/\/www.hostin.sk\/","name":"HOSTIN","description":"Hroty proti vt\u00e1kom","potentialAction":[{"@type":"SearchAction","target":{"@type":"EntryPoint","urlTemplate":"https:\/\/www.hostin.sk\/?s={search_term_string}"},"query-input":{"@type":"PropertyValueSpecification","valueRequired":true,"valueName":"search_term_string"}}],"inLanguage":"de"}]}},"_links":{"self":[{"href":"https:\/\/www.hostin.sk\/de\/wp-json\/wp\/v2\/product\/9310","targetHints":{"allow":["GET"]}}],"collection":[{"href":"https:\/\/www.hostin.sk\/de\/wp-json\/wp\/v2\/product"}],"about":[{"href":"https:\/\/www.hostin.sk\/de\/wp-json\/wp\/v2\/types\/product"}],"wp:featuredmedia":[{"embeddable":true,"href":"https:\/\/www.hostin.sk\/de\/wp-json\/wp\/v2\/media\/7655"}],"wp:attachment":[{"href":"https:\/\/www.hostin.sk\/de\/wp-json\/wp\/v2\/media?parent=9310"}],"wp:term":[{"taxonomy":"product_brand","embeddable":true,"href":"https:\/\/www.hostin.sk\/de\/wp-json\/wp\/v2\/product_brand?post=9310"},{"taxonomy":"product_cat","embeddable":true,"href":"https:\/\/www.hostin.sk\/de\/wp-json\/wp\/v2\/product_cat?post=9310"},{"taxonomy":"product_tag","embeddable":true,"href":"https:\/\/www.hostin.sk\/de\/wp-json\/wp\/v2\/product_tag?post=9310"}],"curies":[{"name":"wp","href":"https:\/\/api.w.org\/{rel}","templated":true}]}}