{"id":9308,"date":"2018-03-20T11:23:39","date_gmt":"2018-03-20T10:23:39","guid":{"rendered":"https:\/\/www.hostin.sk\/produkt\/siet-proti-vtactvu-z-polyetylenu-50-x-50\/"},"modified":"2025-03-24T09:39:02","modified_gmt":"2025-03-24T08:39:02","slug":"vogelabwehrnetz-aus-polyethylen-50-x-50","status":"publish","type":"product","link":"https:\/\/www.hostin.sk\/de\/produkt\/vogelabwehrnetz-aus-polyethylen-50-x-50\/","title":{"rendered":"Vogelabwehrnetz aus Polyethylen 50 x 50"},"content":{"rendered":"<p>Moderne Vogelabwehrnetze werden meist mit einem UV-Schutz geliefert, wodurch sie eine l\u00e4ngere Lebensdauer haben.\u00a0Netze aus Polyethylen sind schwarz und zeichnen sich durch ihren g\u00fcnstigeren Preis aus. Sie werden nach der Maschenweite unterschieden, die je nach Vogelart so gew\u00e4hlt wird, dass die V\u00f6gel nicht hindurchgelangen k\u00f6nnen.<\/p>\n","protected":false},"excerpt":{"rendered":"<p>Vogelabwehrnetz aus Polyethylen mit einer Maschenweite von 50 \u00d7 50 mm.<\/p>\n","protected":false},"featured_media":7646,"template":"","meta":{"_acf_changed":false},"product_brand":[],"product_cat":[132,129],"product_tag":[],"class_list":{"0":"post-9308","1":"product","2":"type-product","3":"status-publish","4":"has-post-thumbnail","6":"product_cat-fuer-balkone","7":"product_cat-netze-aus-polyethylen","9":"first","10":"instock","11":"taxable","12":"shipping-taxable","13":"purchasable","14":"product-type-variable","15":"has-default-attributes"},"acf":[],"yoast_head":"<!-- This site is optimized with the Yoast SEO plugin v27.4 - https:\/\/yoast.com\/product\/yoast-seo-wordpress\/ -->\n<title>Vogelabwehrnetz aus Polyethylen 50 x 50 - HOSTIN<\/title>\n<meta name=\"description\" content=\"Modern\u00e9 siete proti vt\u00e1kom z polyetyl\u00e9nu s\u00fa odoln\u00e9, cenovo dostupn\u00e9 a vybaven\u00e9 ochranou proti UV \u017eiareniu, \u010do predl\u017euje ich \u017eivotnos\u0165.\" \/>\n<meta name=\"robots\" content=\"index, follow, max-snippet:-1, max-image-preview:large, max-video-preview:-1\" \/>\n<link rel=\"canonical\" href=\"https:\/\/www.hostin.sk\/de\/produkt\/vogelabwehrnetz-aus-polyethylen-50-x-50\/\" \/>\n<meta property=\"og:locale\" content=\"de_DE\" \/>\n<meta property=\"og:type\" content=\"article\" \/>\n<meta property=\"og:title\" content=\"Vogelabwehrnetz aus Polyethylen 50 x 50 - HOSTIN\" \/>\n<meta property=\"og:description\" content=\"Modern\u00e9 siete proti vt\u00e1kom z polyetyl\u00e9nu s\u00fa odoln\u00e9, cenovo dostupn\u00e9 a vybaven\u00e9 ochranou proti UV \u017eiareniu, \u010do predl\u017euje ich \u017eivotnos\u0165.\" \/>\n<meta property=\"og:url\" content=\"https:\/\/www.hostin.sk\/de\/produkt\/vogelabwehrnetz-aus-polyethylen-50-x-50\/\" \/>\n<meta property=\"og:site_name\" content=\"HOSTIN\" \/>\n<meta property=\"article:modified_time\" content=\"2025-03-24T08:39:02+00:00\" \/>\n<meta property=\"og:image\" content=\"https:\/\/www.hostin.sk\/wp-content\/uploads\/2018\/03\/PE50-800x800-1.jpg\" \/>\n\t<meta property=\"og:image:width\" content=\"800\" \/>\n\t<meta property=\"og:image:height\" content=\"800\" \/>\n\t<meta property=\"og:image:type\" content=\"image\/jpeg\" \/>\n<meta name=\"twitter:card\" content=\"summary_large_image\" \/>\n<meta name=\"twitter:label1\" content=\"Gesch\u00e4tzte Lesezeit\" \/>\n\t<meta name=\"twitter:data1\" content=\"1\u00a0Minute\" \/>\n<script type=\"application\/ld+json\" class=\"yoast-schema-graph\">{\"@context\":\"https:\\\/\\\/schema.org\",\"@graph\":[{\"@type\":\"WebPage\",\"@id\":\"https:\\\/\\\/www.hostin.sk\\\/de\\\/produkt\\\/vogelabwehrnetz-aus-polyethylen-50-x-50\\\/\",\"url\":\"https:\\\/\\\/www.hostin.sk\\\/de\\\/produkt\\\/vogelabwehrnetz-aus-polyethylen-50-x-50\\\/\",\"name\":\"Vogelabwehrnetz aus Polyethylen 50 x 50 - HOSTIN\",\"isPartOf\":{\"@id\":\"https:\\\/\\\/www.hostin.sk\\\/#website\"},\"primaryImageOfPage\":{\"@id\":\"https:\\\/\\\/www.hostin.sk\\\/de\\\/produkt\\\/vogelabwehrnetz-aus-polyethylen-50-x-50\\\/#primaryimage\"},\"image\":{\"@id\":\"https:\\\/\\\/www.hostin.sk\\\/de\\\/produkt\\\/vogelabwehrnetz-aus-polyethylen-50-x-50\\\/#primaryimage\"},\"thumbnailUrl\":\"https:\\\/\\\/www.hostin.sk\\\/wp-content\\\/uploads\\\/2018\\\/03\\\/PE50-800x800-1.jpg\",\"datePublished\":\"2018-03-20T10:23:39+00:00\",\"dateModified\":\"2025-03-24T08:39:02+00:00\",\"description\":\"Modern\u00e9 siete proti vt\u00e1kom z polyetyl\u00e9nu s\u00fa odoln\u00e9, cenovo dostupn\u00e9 a vybaven\u00e9 ochranou proti UV \u017eiareniu, \u010do predl\u017euje ich \u017eivotnos\u0165.\",\"breadcrumb\":{\"@id\":\"https:\\\/\\\/www.hostin.sk\\\/de\\\/produkt\\\/vogelabwehrnetz-aus-polyethylen-50-x-50\\\/#breadcrumb\"},\"inLanguage\":\"de\",\"potentialAction\":[{\"@type\":\"ReadAction\",\"target\":[\"https:\\\/\\\/www.hostin.sk\\\/de\\\/produkt\\\/vogelabwehrnetz-aus-polyethylen-50-x-50\\\/\"]}]},{\"@type\":\"ImageObject\",\"inLanguage\":\"de\",\"@id\":\"https:\\\/\\\/www.hostin.sk\\\/de\\\/produkt\\\/vogelabwehrnetz-aus-polyethylen-50-x-50\\\/#primaryimage\",\"url\":\"https:\\\/\\\/www.hostin.sk\\\/wp-content\\\/uploads\\\/2018\\\/03\\\/PE50-800x800-1.jpg\",\"contentUrl\":\"https:\\\/\\\/www.hostin.sk\\\/wp-content\\\/uploads\\\/2018\\\/03\\\/PE50-800x800-1.jpg\",\"width\":800,\"height\":800},{\"@type\":\"BreadcrumbList\",\"@id\":\"https:\\\/\\\/www.hostin.sk\\\/de\\\/produkt\\\/vogelabwehrnetz-aus-polyethylen-50-x-50\\\/#breadcrumb\",\"itemListElement\":[{\"@type\":\"ListItem\",\"position\":1,\"name\":\"Domov\",\"item\":\"https:\\\/\\\/www.hostin.sk\\\/de\\\/\"},{\"@type\":\"ListItem\",\"position\":2,\"name\":\"E-shop\",\"item\":\"https:\\\/\\\/www.hostin.sk\\\/de\\\/e-shop\\\/\"},{\"@type\":\"ListItem\",\"position\":3,\"name\":\"Abwehrsysteme nach Ausf\u00fchrung\",\"item\":\"https:\\\/\\\/www.hostin.sk\\\/de\\\/produktkategorie\\\/abwehrsysteme-nach-ausfuehrung\\\/\"},{\"@type\":\"ListItem\",\"position\":4,\"name\":\"Vogelabwehrnetze\",\"item\":\"https:\\\/\\\/www.hostin.sk\\\/de\\\/produktkategorie\\\/abwehrsysteme-nach-ausfuehrung\\\/vogelabwehrnetze\\\/\"},{\"@type\":\"ListItem\",\"position\":5,\"name\":\"Netze aus Polyethylen\",\"item\":\"https:\\\/\\\/www.hostin.sk\\\/de\\\/produktkategorie\\\/abwehrsysteme-nach-ausfuehrung\\\/vogelabwehrnetze\\\/netze-aus-polyethylen\\\/\"},{\"@type\":\"ListItem\",\"position\":6,\"name\":\"Vogelabwehrnetz aus Polyethylen 50 x 50\"}]},{\"@type\":\"WebSite\",\"@id\":\"https:\\\/\\\/www.hostin.sk\\\/#website\",\"url\":\"https:\\\/\\\/www.hostin.sk\\\/\",\"name\":\"HOSTIN\",\"description\":\"Hroty proti vt\u00e1kom\",\"potentialAction\":[{\"@type\":\"SearchAction\",\"target\":{\"@type\":\"EntryPoint\",\"urlTemplate\":\"https:\\\/\\\/www.hostin.sk\\\/?s={search_term_string}\"},\"query-input\":{\"@type\":\"PropertyValueSpecification\",\"valueRequired\":true,\"valueName\":\"search_term_string\"}}],\"inLanguage\":\"de\"}]}<\/script>\n<!-- \/ Yoast SEO plugin. -->","yoast_head_json":{"title":"Vogelabwehrnetz aus Polyethylen 50 x 50 - HOSTIN","description":"Modern\u00e9 siete proti vt\u00e1kom z polyetyl\u00e9nu s\u00fa odoln\u00e9, cenovo dostupn\u00e9 a vybaven\u00e9 ochranou proti UV \u017eiareniu, \u010do predl\u017euje ich \u017eivotnos\u0165.","robots":{"index":"index","follow":"follow","max-snippet":"max-snippet:-1","max-image-preview":"max-image-preview:large","max-video-preview":"max-video-preview:-1"},"canonical":"https:\/\/www.hostin.sk\/de\/produkt\/vogelabwehrnetz-aus-polyethylen-50-x-50\/","og_locale":"de_DE","og_type":"article","og_title":"Vogelabwehrnetz aus Polyethylen 50 x 50 - HOSTIN","og_description":"Modern\u00e9 siete proti vt\u00e1kom z polyetyl\u00e9nu s\u00fa odoln\u00e9, cenovo dostupn\u00e9 a vybaven\u00e9 ochranou proti UV \u017eiareniu, \u010do predl\u017euje ich \u017eivotnos\u0165.","og_url":"https:\/\/www.hostin.sk\/de\/produkt\/vogelabwehrnetz-aus-polyethylen-50-x-50\/","og_site_name":"HOSTIN","article_modified_time":"2025-03-24T08:39:02+00:00","og_image":[{"width":800,"height":800,"url":"https:\/\/www.hostin.sk\/wp-content\/uploads\/2018\/03\/PE50-800x800-1.jpg","type":"image\/jpeg"}],"twitter_card":"summary_large_image","twitter_misc":{"Gesch\u00e4tzte Lesezeit":"1\u00a0Minute"},"schema":{"@context":"https:\/\/schema.org","@graph":[{"@type":"WebPage","@id":"https:\/\/www.hostin.sk\/de\/produkt\/vogelabwehrnetz-aus-polyethylen-50-x-50\/","url":"https:\/\/www.hostin.sk\/de\/produkt\/vogelabwehrnetz-aus-polyethylen-50-x-50\/","name":"Vogelabwehrnetz aus Polyethylen 50 x 50 - HOSTIN","isPartOf":{"@id":"https:\/\/www.hostin.sk\/#website"},"primaryImageOfPage":{"@id":"https:\/\/www.hostin.sk\/de\/produkt\/vogelabwehrnetz-aus-polyethylen-50-x-50\/#primaryimage"},"image":{"@id":"https:\/\/www.hostin.sk\/de\/produkt\/vogelabwehrnetz-aus-polyethylen-50-x-50\/#primaryimage"},"thumbnailUrl":"https:\/\/www.hostin.sk\/wp-content\/uploads\/2018\/03\/PE50-800x800-1.jpg","datePublished":"2018-03-20T10:23:39+00:00","dateModified":"2025-03-24T08:39:02+00:00","description":"Modern\u00e9 siete proti vt\u00e1kom z polyetyl\u00e9nu s\u00fa odoln\u00e9, cenovo dostupn\u00e9 a vybaven\u00e9 ochranou proti UV \u017eiareniu, \u010do predl\u017euje ich \u017eivotnos\u0165.","breadcrumb":{"@id":"https:\/\/www.hostin.sk\/de\/produkt\/vogelabwehrnetz-aus-polyethylen-50-x-50\/#breadcrumb"},"inLanguage":"de","potentialAction":[{"@type":"ReadAction","target":["https:\/\/www.hostin.sk\/de\/produkt\/vogelabwehrnetz-aus-polyethylen-50-x-50\/"]}]},{"@type":"ImageObject","inLanguage":"de","@id":"https:\/\/www.hostin.sk\/de\/produkt\/vogelabwehrnetz-aus-polyethylen-50-x-50\/#primaryimage","url":"https:\/\/www.hostin.sk\/wp-content\/uploads\/2018\/03\/PE50-800x800-1.jpg","contentUrl":"https:\/\/www.hostin.sk\/wp-content\/uploads\/2018\/03\/PE50-800x800-1.jpg","width":800,"height":800},{"@type":"BreadcrumbList","@id":"https:\/\/www.hostin.sk\/de\/produkt\/vogelabwehrnetz-aus-polyethylen-50-x-50\/#breadcrumb","itemListElement":[{"@type":"ListItem","position":1,"name":"Domov","item":"https:\/\/www.hostin.sk\/de\/"},{"@type":"ListItem","position":2,"name":"E-shop","item":"https:\/\/www.hostin.sk\/de\/e-shop\/"},{"@type":"ListItem","position":3,"name":"Abwehrsysteme nach Ausf\u00fchrung","item":"https:\/\/www.hostin.sk\/de\/produktkategorie\/abwehrsysteme-nach-ausfuehrung\/"},{"@type":"ListItem","position":4,"name":"Vogelabwehrnetze","item":"https:\/\/www.hostin.sk\/de\/produktkategorie\/abwehrsysteme-nach-ausfuehrung\/vogelabwehrnetze\/"},{"@type":"ListItem","position":5,"name":"Netze aus Polyethylen","item":"https:\/\/www.hostin.sk\/de\/produktkategorie\/abwehrsysteme-nach-ausfuehrung\/vogelabwehrnetze\/netze-aus-polyethylen\/"},{"@type":"ListItem","position":6,"name":"Vogelabwehrnetz aus Polyethylen 50 x 50"}]},{"@type":"WebSite","@id":"https:\/\/www.hostin.sk\/#website","url":"https:\/\/www.hostin.sk\/","name":"HOSTIN","description":"Hroty proti vt\u00e1kom","potentialAction":[{"@type":"SearchAction","target":{"@type":"EntryPoint","urlTemplate":"https:\/\/www.hostin.sk\/?s={search_term_string}"},"query-input":{"@type":"PropertyValueSpecification","valueRequired":true,"valueName":"search_term_string"}}],"inLanguage":"de"}]}},"_links":{"self":[{"href":"https:\/\/www.hostin.sk\/de\/wp-json\/wp\/v2\/product\/9308","targetHints":{"allow":["GET"]}}],"collection":[{"href":"https:\/\/www.hostin.sk\/de\/wp-json\/wp\/v2\/product"}],"about":[{"href":"https:\/\/www.hostin.sk\/de\/wp-json\/wp\/v2\/types\/product"}],"wp:featuredmedia":[{"embeddable":true,"href":"https:\/\/www.hostin.sk\/de\/wp-json\/wp\/v2\/media\/7646"}],"wp:attachment":[{"href":"https:\/\/www.hostin.sk\/de\/wp-json\/wp\/v2\/media?parent=9308"}],"wp:term":[{"taxonomy":"product_brand","embeddable":true,"href":"https:\/\/www.hostin.sk\/de\/wp-json\/wp\/v2\/product_brand?post=9308"},{"taxonomy":"product_cat","embeddable":true,"href":"https:\/\/www.hostin.sk\/de\/wp-json\/wp\/v2\/product_cat?post=9308"},{"taxonomy":"product_tag","embeddable":true,"href":"https:\/\/www.hostin.sk\/de\/wp-json\/wp\/v2\/product_tag?post=9308"}],"curies":[{"name":"wp","href":"https:\/\/api.w.org\/{rel}","templated":true}]}}