{"id":9307,"date":"2018-03-20T11:24:06","date_gmt":"2018-03-20T10:24:06","guid":{"rendered":"https:\/\/www.hostin.sk\/produkt\/siet-proti-vtactvu-z-nylonu-30-x-30\/"},"modified":"2025-03-12T22:01:54","modified_gmt":"2025-03-12T21:01:54","slug":"vogelabwehrnetz-aus-nylon-30-x-30","status":"publish","type":"product","link":"https:\/\/www.hostin.sk\/de\/produkt\/vogelabwehrnetz-aus-nylon-30-x-30\/","title":{"rendered":"Vogelabwehrnetz aus Nylon 30 x 30"},"content":{"rendered":"<p>Moderne Vogelabwehrnetze werden meist mit einem UV-Schutz geliefert, der ihre Lebensdauer verl\u00e4ngert.\u00a0Netze aus Nylon sind transparent und dadurch \u00e4sthetisch unauff\u00e4lliger bei der Anwendung. Sie werden nach der Maschenweite unterschieden, die je nach Vogelart so gew\u00e4hlt wird, dass die V\u00f6gel nicht hindurchgelangen k\u00f6nnen.<\/p>\n","protected":false},"excerpt":{"rendered":"<p>Vogelabwehrnetz aus Nylon mit einer Maschenweite von 30 x 30 mm.<\/p>\n","protected":false},"featured_media":7649,"template":"","meta":{"_acf_changed":false},"product_brand":[],"product_cat":[132,127],"product_tag":[],"class_list":{"0":"post-9307","1":"product","2":"type-product","3":"status-publish","4":"has-post-thumbnail","6":"product_cat-fuer-balkone","7":"product_cat-netze-aus-nylon","9":"first","10":"instock","11":"taxable","12":"shipping-taxable","13":"purchasable","14":"product-type-simple"},"acf":[],"yoast_head":"<!-- This site is optimized with the Yoast SEO plugin v27.4 - https:\/\/yoast.com\/product\/yoast-seo-wordpress\/ -->\n<title>Vogelabwehrnetz aus Nylon 30 x 30 - HOSTIN<\/title>\n<meta name=\"description\" content=\"Modern\u00e9 transparentn\u00e9 siete proti vt\u00e1kom s\u00fa vyroben\u00e9 z odoln\u00e9ho nylonu a maj\u00fa UV ochranu, ktor\u00e1 zabezpe\u010duje ich dlh\u0161iu \u017eivotnos\u0165.\" \/>\n<meta name=\"robots\" content=\"index, follow, max-snippet:-1, max-image-preview:large, max-video-preview:-1\" \/>\n<link rel=\"canonical\" href=\"https:\/\/www.hostin.sk\/de\/produkt\/vogelabwehrnetz-aus-nylon-30-x-30\/\" \/>\n<meta property=\"og:locale\" content=\"de_DE\" \/>\n<meta property=\"og:type\" content=\"article\" \/>\n<meta property=\"og:title\" content=\"Vogelabwehrnetz aus Nylon 30 x 30 - HOSTIN\" \/>\n<meta property=\"og:description\" content=\"Modern\u00e9 transparentn\u00e9 siete proti vt\u00e1kom s\u00fa vyroben\u00e9 z odoln\u00e9ho nylonu a maj\u00fa UV ochranu, ktor\u00e1 zabezpe\u010duje ich dlh\u0161iu \u017eivotnos\u0165.\" \/>\n<meta property=\"og:url\" content=\"https:\/\/www.hostin.sk\/de\/produkt\/vogelabwehrnetz-aus-nylon-30-x-30\/\" \/>\n<meta property=\"og:site_name\" content=\"HOSTIN\" \/>\n<meta property=\"article:modified_time\" content=\"2025-03-12T21:01:54+00:00\" \/>\n<meta property=\"og:image\" content=\"https:\/\/www.hostin.sk\/wp-content\/uploads\/2018\/03\/ny30-800x800-1.jpg\" \/>\n\t<meta property=\"og:image:width\" content=\"800\" \/>\n\t<meta property=\"og:image:height\" content=\"800\" \/>\n\t<meta property=\"og:image:type\" content=\"image\/jpeg\" \/>\n<meta name=\"twitter:card\" content=\"summary_large_image\" \/>\n<meta name=\"twitter:label1\" content=\"Gesch\u00e4tzte Lesezeit\" \/>\n\t<meta name=\"twitter:data1\" content=\"1\u00a0Minute\" \/>\n<script type=\"application\/ld+json\" class=\"yoast-schema-graph\">{\"@context\":\"https:\\\/\\\/schema.org\",\"@graph\":[{\"@type\":\"WebPage\",\"@id\":\"https:\\\/\\\/www.hostin.sk\\\/de\\\/produkt\\\/vogelabwehrnetz-aus-nylon-30-x-30\\\/\",\"url\":\"https:\\\/\\\/www.hostin.sk\\\/de\\\/produkt\\\/vogelabwehrnetz-aus-nylon-30-x-30\\\/\",\"name\":\"Vogelabwehrnetz aus Nylon 30 x 30 - HOSTIN\",\"isPartOf\":{\"@id\":\"https:\\\/\\\/www.hostin.sk\\\/#website\"},\"primaryImageOfPage\":{\"@id\":\"https:\\\/\\\/www.hostin.sk\\\/de\\\/produkt\\\/vogelabwehrnetz-aus-nylon-30-x-30\\\/#primaryimage\"},\"image\":{\"@id\":\"https:\\\/\\\/www.hostin.sk\\\/de\\\/produkt\\\/vogelabwehrnetz-aus-nylon-30-x-30\\\/#primaryimage\"},\"thumbnailUrl\":\"https:\\\/\\\/www.hostin.sk\\\/wp-content\\\/uploads\\\/2018\\\/03\\\/ny30-800x800-1.jpg\",\"datePublished\":\"2018-03-20T10:24:06+00:00\",\"dateModified\":\"2025-03-12T21:01:54+00:00\",\"description\":\"Modern\u00e9 transparentn\u00e9 siete proti vt\u00e1kom s\u00fa vyroben\u00e9 z odoln\u00e9ho nylonu a maj\u00fa UV ochranu, ktor\u00e1 zabezpe\u010duje ich dlh\u0161iu \u017eivotnos\u0165.\",\"breadcrumb\":{\"@id\":\"https:\\\/\\\/www.hostin.sk\\\/de\\\/produkt\\\/vogelabwehrnetz-aus-nylon-30-x-30\\\/#breadcrumb\"},\"inLanguage\":\"de\",\"potentialAction\":[{\"@type\":\"ReadAction\",\"target\":[\"https:\\\/\\\/www.hostin.sk\\\/de\\\/produkt\\\/vogelabwehrnetz-aus-nylon-30-x-30\\\/\"]}]},{\"@type\":\"ImageObject\",\"inLanguage\":\"de\",\"@id\":\"https:\\\/\\\/www.hostin.sk\\\/de\\\/produkt\\\/vogelabwehrnetz-aus-nylon-30-x-30\\\/#primaryimage\",\"url\":\"https:\\\/\\\/www.hostin.sk\\\/wp-content\\\/uploads\\\/2018\\\/03\\\/ny30-800x800-1.jpg\",\"contentUrl\":\"https:\\\/\\\/www.hostin.sk\\\/wp-content\\\/uploads\\\/2018\\\/03\\\/ny30-800x800-1.jpg\",\"width\":800,\"height\":800},{\"@type\":\"BreadcrumbList\",\"@id\":\"https:\\\/\\\/www.hostin.sk\\\/de\\\/produkt\\\/vogelabwehrnetz-aus-nylon-30-x-30\\\/#breadcrumb\",\"itemListElement\":[{\"@type\":\"ListItem\",\"position\":1,\"name\":\"Domov\",\"item\":\"https:\\\/\\\/www.hostin.sk\\\/de\\\/\"},{\"@type\":\"ListItem\",\"position\":2,\"name\":\"E-shop\",\"item\":\"https:\\\/\\\/www.hostin.sk\\\/de\\\/e-shop\\\/\"},{\"@type\":\"ListItem\",\"position\":3,\"name\":\"Abwehrsysteme nach Ausf\u00fchrung\",\"item\":\"https:\\\/\\\/www.hostin.sk\\\/de\\\/produktkategorie\\\/abwehrsysteme-nach-ausfuehrung\\\/\"},{\"@type\":\"ListItem\",\"position\":4,\"name\":\"Vogelabwehrnetze\",\"item\":\"https:\\\/\\\/www.hostin.sk\\\/de\\\/produktkategorie\\\/abwehrsysteme-nach-ausfuehrung\\\/vogelabwehrnetze\\\/\"},{\"@type\":\"ListItem\",\"position\":5,\"name\":\"Netze aus Nylon\",\"item\":\"https:\\\/\\\/www.hostin.sk\\\/de\\\/produktkategorie\\\/abwehrsysteme-nach-ausfuehrung\\\/vogelabwehrnetze\\\/netze-aus-nylon\\\/\"},{\"@type\":\"ListItem\",\"position\":6,\"name\":\"Vogelabwehrnetz aus Nylon 30 x 30\"}]},{\"@type\":\"WebSite\",\"@id\":\"https:\\\/\\\/www.hostin.sk\\\/#website\",\"url\":\"https:\\\/\\\/www.hostin.sk\\\/\",\"name\":\"HOSTIN\",\"description\":\"Hroty proti vt\u00e1kom\",\"potentialAction\":[{\"@type\":\"SearchAction\",\"target\":{\"@type\":\"EntryPoint\",\"urlTemplate\":\"https:\\\/\\\/www.hostin.sk\\\/?s={search_term_string}\"},\"query-input\":{\"@type\":\"PropertyValueSpecification\",\"valueRequired\":true,\"valueName\":\"search_term_string\"}}],\"inLanguage\":\"de\"}]}<\/script>\n<!-- \/ Yoast SEO plugin. -->","yoast_head_json":{"title":"Vogelabwehrnetz aus Nylon 30 x 30 - HOSTIN","description":"Modern\u00e9 transparentn\u00e9 siete proti vt\u00e1kom s\u00fa vyroben\u00e9 z odoln\u00e9ho nylonu a maj\u00fa UV ochranu, ktor\u00e1 zabezpe\u010duje ich dlh\u0161iu \u017eivotnos\u0165.","robots":{"index":"index","follow":"follow","max-snippet":"max-snippet:-1","max-image-preview":"max-image-preview:large","max-video-preview":"max-video-preview:-1"},"canonical":"https:\/\/www.hostin.sk\/de\/produkt\/vogelabwehrnetz-aus-nylon-30-x-30\/","og_locale":"de_DE","og_type":"article","og_title":"Vogelabwehrnetz aus Nylon 30 x 30 - HOSTIN","og_description":"Modern\u00e9 transparentn\u00e9 siete proti vt\u00e1kom s\u00fa vyroben\u00e9 z odoln\u00e9ho nylonu a maj\u00fa UV ochranu, ktor\u00e1 zabezpe\u010duje ich dlh\u0161iu \u017eivotnos\u0165.","og_url":"https:\/\/www.hostin.sk\/de\/produkt\/vogelabwehrnetz-aus-nylon-30-x-30\/","og_site_name":"HOSTIN","article_modified_time":"2025-03-12T21:01:54+00:00","og_image":[{"width":800,"height":800,"url":"https:\/\/www.hostin.sk\/wp-content\/uploads\/2018\/03\/ny30-800x800-1.jpg","type":"image\/jpeg"}],"twitter_card":"summary_large_image","twitter_misc":{"Gesch\u00e4tzte Lesezeit":"1\u00a0Minute"},"schema":{"@context":"https:\/\/schema.org","@graph":[{"@type":"WebPage","@id":"https:\/\/www.hostin.sk\/de\/produkt\/vogelabwehrnetz-aus-nylon-30-x-30\/","url":"https:\/\/www.hostin.sk\/de\/produkt\/vogelabwehrnetz-aus-nylon-30-x-30\/","name":"Vogelabwehrnetz aus Nylon 30 x 30 - HOSTIN","isPartOf":{"@id":"https:\/\/www.hostin.sk\/#website"},"primaryImageOfPage":{"@id":"https:\/\/www.hostin.sk\/de\/produkt\/vogelabwehrnetz-aus-nylon-30-x-30\/#primaryimage"},"image":{"@id":"https:\/\/www.hostin.sk\/de\/produkt\/vogelabwehrnetz-aus-nylon-30-x-30\/#primaryimage"},"thumbnailUrl":"https:\/\/www.hostin.sk\/wp-content\/uploads\/2018\/03\/ny30-800x800-1.jpg","datePublished":"2018-03-20T10:24:06+00:00","dateModified":"2025-03-12T21:01:54+00:00","description":"Modern\u00e9 transparentn\u00e9 siete proti vt\u00e1kom s\u00fa vyroben\u00e9 z odoln\u00e9ho nylonu a maj\u00fa UV ochranu, ktor\u00e1 zabezpe\u010duje ich dlh\u0161iu \u017eivotnos\u0165.","breadcrumb":{"@id":"https:\/\/www.hostin.sk\/de\/produkt\/vogelabwehrnetz-aus-nylon-30-x-30\/#breadcrumb"},"inLanguage":"de","potentialAction":[{"@type":"ReadAction","target":["https:\/\/www.hostin.sk\/de\/produkt\/vogelabwehrnetz-aus-nylon-30-x-30\/"]}]},{"@type":"ImageObject","inLanguage":"de","@id":"https:\/\/www.hostin.sk\/de\/produkt\/vogelabwehrnetz-aus-nylon-30-x-30\/#primaryimage","url":"https:\/\/www.hostin.sk\/wp-content\/uploads\/2018\/03\/ny30-800x800-1.jpg","contentUrl":"https:\/\/www.hostin.sk\/wp-content\/uploads\/2018\/03\/ny30-800x800-1.jpg","width":800,"height":800},{"@type":"BreadcrumbList","@id":"https:\/\/www.hostin.sk\/de\/produkt\/vogelabwehrnetz-aus-nylon-30-x-30\/#breadcrumb","itemListElement":[{"@type":"ListItem","position":1,"name":"Domov","item":"https:\/\/www.hostin.sk\/de\/"},{"@type":"ListItem","position":2,"name":"E-shop","item":"https:\/\/www.hostin.sk\/de\/e-shop\/"},{"@type":"ListItem","position":3,"name":"Abwehrsysteme nach Ausf\u00fchrung","item":"https:\/\/www.hostin.sk\/de\/produktkategorie\/abwehrsysteme-nach-ausfuehrung\/"},{"@type":"ListItem","position":4,"name":"Vogelabwehrnetze","item":"https:\/\/www.hostin.sk\/de\/produktkategorie\/abwehrsysteme-nach-ausfuehrung\/vogelabwehrnetze\/"},{"@type":"ListItem","position":5,"name":"Netze aus Nylon","item":"https:\/\/www.hostin.sk\/de\/produktkategorie\/abwehrsysteme-nach-ausfuehrung\/vogelabwehrnetze\/netze-aus-nylon\/"},{"@type":"ListItem","position":6,"name":"Vogelabwehrnetz aus Nylon 30 x 30"}]},{"@type":"WebSite","@id":"https:\/\/www.hostin.sk\/#website","url":"https:\/\/www.hostin.sk\/","name":"HOSTIN","description":"Hroty proti vt\u00e1kom","potentialAction":[{"@type":"SearchAction","target":{"@type":"EntryPoint","urlTemplate":"https:\/\/www.hostin.sk\/?s={search_term_string}"},"query-input":{"@type":"PropertyValueSpecification","valueRequired":true,"valueName":"search_term_string"}}],"inLanguage":"de"}]}},"_links":{"self":[{"href":"https:\/\/www.hostin.sk\/de\/wp-json\/wp\/v2\/product\/9307","targetHints":{"allow":["GET"]}}],"collection":[{"href":"https:\/\/www.hostin.sk\/de\/wp-json\/wp\/v2\/product"}],"about":[{"href":"https:\/\/www.hostin.sk\/de\/wp-json\/wp\/v2\/types\/product"}],"wp:featuredmedia":[{"embeddable":true,"href":"https:\/\/www.hostin.sk\/de\/wp-json\/wp\/v2\/media\/7649"}],"wp:attachment":[{"href":"https:\/\/www.hostin.sk\/de\/wp-json\/wp\/v2\/media?parent=9307"}],"wp:term":[{"taxonomy":"product_brand","embeddable":true,"href":"https:\/\/www.hostin.sk\/de\/wp-json\/wp\/v2\/product_brand?post=9307"},{"taxonomy":"product_cat","embeddable":true,"href":"https:\/\/www.hostin.sk\/de\/wp-json\/wp\/v2\/product_cat?post=9307"},{"taxonomy":"product_tag","embeddable":true,"href":"https:\/\/www.hostin.sk\/de\/wp-json\/wp\/v2\/product_tag?post=9307"}],"curies":[{"name":"wp","href":"https:\/\/api.w.org\/{rel}","templated":true}]}}