{"id":9305,"date":"2018-03-20T11:26:11","date_gmt":"2018-03-20T10:26:11","guid":{"rendered":"https:\/\/www.hostin.sk\/produkt\/siet-proti-vtactvu-z-polyamidu-40-x-40\/"},"modified":"2025-03-13T14:34:44","modified_gmt":"2025-03-13T13:34:44","slug":"vogelabwehrnetz-aus-polyamid-40-x-40","status":"publish","type":"product","link":"https:\/\/www.hostin.sk\/de\/produkt\/vogelabwehrnetz-aus-polyamid-40-x-40\/","title":{"rendered":"Vogelabwehrnetz aus Polyamid 40 x 40 mm"},"content":{"rendered":"<p>Diese Vogelabwehrnetze werden ma\u00dfgefertigt aus Polyamidseil hergestellt. Sie sind in Gr\u00f6\u00dfen von mehreren Metern bis hin zu gro\u00dfen Fl\u00e4chen erh\u00e4ltlich und in den Farben Wei\u00df, Schwarz oder Beige verf\u00fcgbar. Die Netze verf\u00fcgen \u00fcber einen vern\u00e4hten Rand, der f\u00fcr ausreichende Stabilit\u00e4t und Langlebigkeit sorgt.<\/p>\n","protected":false},"excerpt":{"rendered":"<p>Vogelabwehrnetz aus Polyamid mit einer Maschenweite von 40 x 40 mm, ma\u00dfgefertigt.<\/p>\n","protected":false},"featured_media":7646,"template":"","meta":{"_acf_changed":false},"product_brand":[],"product_cat":[132,128],"product_tag":[],"class_list":{"0":"post-9305","1":"product","2":"type-product","3":"status-publish","4":"has-post-thumbnail","6":"product_cat-fuer-balkone","7":"product_cat-netze-aus-polyamid","9":"first","10":"onbackorder","11":"taxable","12":"shipping-taxable","13":"product-type-simple"},"acf":[],"yoast_head":"<!-- This site is optimized with the Yoast SEO plugin v27.4 - https:\/\/yoast.com\/product\/yoast-seo-wordpress\/ -->\n<title>Vogelabwehrnetz aus Polyamid 40 x 40 mm - HOSTIN<\/title>\n<meta name=\"robots\" content=\"index, follow, max-snippet:-1, max-image-preview:large, max-video-preview:-1\" \/>\n<link rel=\"canonical\" href=\"https:\/\/www.hostin.sk\/produkt\/siet-proti-vtactvu-z-polyamidu-40-x-40\/\" \/>\n<meta property=\"og:locale\" content=\"de_DE\" \/>\n<meta property=\"og:type\" content=\"article\" \/>\n<meta property=\"og:title\" content=\"Vogelabwehrnetz aus Polyamid 40 x 40 mm - HOSTIN\" \/>\n<meta property=\"og:description\" content=\"Vogelabwehrnetz aus Polyamid mit einer Maschenweite von 40 x 40 mm, ma\u00dfgefertigt.\" \/>\n<meta property=\"og:url\" content=\"https:\/\/www.hostin.sk\/produkt\/siet-proti-vtactvu-z-polyamidu-40-x-40\/\" \/>\n<meta property=\"og:site_name\" content=\"HOSTIN\" \/>\n<meta property=\"article:modified_time\" content=\"2025-03-13T13:34:44+00:00\" \/>\n<meta property=\"og:image\" content=\"https:\/\/www.hostin.sk\/wp-content\/uploads\/2018\/03\/PE50-800x800-1.jpg\" \/>\n\t<meta property=\"og:image:width\" content=\"800\" \/>\n\t<meta property=\"og:image:height\" content=\"800\" \/>\n\t<meta property=\"og:image:type\" content=\"image\/jpeg\" \/>\n<meta name=\"twitter:card\" content=\"summary_large_image\" \/>\n<meta name=\"twitter:label1\" content=\"Gesch\u00e4tzte Lesezeit\" \/>\n\t<meta name=\"twitter:data1\" content=\"1\u00a0Minute\" \/>\n<script type=\"application\/ld+json\" class=\"yoast-schema-graph\">{\"@context\":\"https:\\\/\\\/schema.org\",\"@graph\":[{\"@type\":\"WebPage\",\"@id\":\"https:\\\/\\\/www.hostin.sk\\\/produkt\\\/siet-proti-vtactvu-z-polyamidu-40-x-40\\\/\",\"url\":\"https:\\\/\\\/www.hostin.sk\\\/produkt\\\/siet-proti-vtactvu-z-polyamidu-40-x-40\\\/\",\"name\":\"Vogelabwehrnetz aus Polyamid 40 x 40 mm - HOSTIN\",\"isPartOf\":{\"@id\":\"https:\\\/\\\/www.hostin.sk\\\/#website\"},\"primaryImageOfPage\":{\"@id\":\"https:\\\/\\\/www.hostin.sk\\\/produkt\\\/siet-proti-vtactvu-z-polyamidu-40-x-40\\\/#primaryimage\"},\"image\":{\"@id\":\"https:\\\/\\\/www.hostin.sk\\\/produkt\\\/siet-proti-vtactvu-z-polyamidu-40-x-40\\\/#primaryimage\"},\"thumbnailUrl\":\"https:\\\/\\\/www.hostin.sk\\\/wp-content\\\/uploads\\\/2018\\\/03\\\/PE50-800x800-1.jpg\",\"datePublished\":\"2018-03-20T10:26:11+00:00\",\"dateModified\":\"2025-03-13T13:34:44+00:00\",\"breadcrumb\":{\"@id\":\"https:\\\/\\\/www.hostin.sk\\\/produkt\\\/siet-proti-vtactvu-z-polyamidu-40-x-40\\\/#breadcrumb\"},\"inLanguage\":\"de\",\"potentialAction\":[{\"@type\":\"ReadAction\",\"target\":[\"https:\\\/\\\/www.hostin.sk\\\/produkt\\\/siet-proti-vtactvu-z-polyamidu-40-x-40\\\/\"]}]},{\"@type\":\"ImageObject\",\"inLanguage\":\"de\",\"@id\":\"https:\\\/\\\/www.hostin.sk\\\/produkt\\\/siet-proti-vtactvu-z-polyamidu-40-x-40\\\/#primaryimage\",\"url\":\"https:\\\/\\\/www.hostin.sk\\\/wp-content\\\/uploads\\\/2018\\\/03\\\/PE50-800x800-1.jpg\",\"contentUrl\":\"https:\\\/\\\/www.hostin.sk\\\/wp-content\\\/uploads\\\/2018\\\/03\\\/PE50-800x800-1.jpg\",\"width\":800,\"height\":800},{\"@type\":\"BreadcrumbList\",\"@id\":\"https:\\\/\\\/www.hostin.sk\\\/produkt\\\/siet-proti-vtactvu-z-polyamidu-40-x-40\\\/#breadcrumb\",\"itemListElement\":[{\"@type\":\"ListItem\",\"position\":1,\"name\":\"Domov\",\"item\":\"https:\\\/\\\/www.hostin.sk\\\/de\\\/\"},{\"@type\":\"ListItem\",\"position\":2,\"name\":\"E-shop\",\"item\":\"https:\\\/\\\/www.hostin.sk\\\/de\\\/e-shop\\\/\"},{\"@type\":\"ListItem\",\"position\":3,\"name\":\"Z\u00e1brany pod\u013ea umiestnenia\",\"item\":\"https:\\\/\\\/www.hostin.sk\\\/kategoria-produktu\\\/podla-umiestnenia\\\/\"},{\"@type\":\"ListItem\",\"position\":4,\"name\":\"Na balk\u00f3ny\",\"item\":\"https:\\\/\\\/www.hostin.sk\\\/kategoria-produktu\\\/podla-umiestnenia\\\/na-balkony\\\/\"},{\"@type\":\"ListItem\",\"position\":5,\"name\":\"Vogelabwehrnetz aus Polyamid 40 x 40 mm\"}]},{\"@type\":\"WebSite\",\"@id\":\"https:\\\/\\\/www.hostin.sk\\\/#website\",\"url\":\"https:\\\/\\\/www.hostin.sk\\\/\",\"name\":\"HOSTIN\",\"description\":\"Hroty proti vt\u00e1kom\",\"potentialAction\":[{\"@type\":\"SearchAction\",\"target\":{\"@type\":\"EntryPoint\",\"urlTemplate\":\"https:\\\/\\\/www.hostin.sk\\\/?s={search_term_string}\"},\"query-input\":{\"@type\":\"PropertyValueSpecification\",\"valueRequired\":true,\"valueName\":\"search_term_string\"}}],\"inLanguage\":\"de\"}]}<\/script>\n<!-- \/ Yoast SEO plugin. -->","yoast_head_json":{"title":"Vogelabwehrnetz aus Polyamid 40 x 40 mm - HOSTIN","robots":{"index":"index","follow":"follow","max-snippet":"max-snippet:-1","max-image-preview":"max-image-preview:large","max-video-preview":"max-video-preview:-1"},"canonical":"https:\/\/www.hostin.sk\/produkt\/siet-proti-vtactvu-z-polyamidu-40-x-40\/","og_locale":"de_DE","og_type":"article","og_title":"Vogelabwehrnetz aus Polyamid 40 x 40 mm - HOSTIN","og_description":"Vogelabwehrnetz aus Polyamid mit einer Maschenweite von 40 x 40 mm, ma\u00dfgefertigt.","og_url":"https:\/\/www.hostin.sk\/produkt\/siet-proti-vtactvu-z-polyamidu-40-x-40\/","og_site_name":"HOSTIN","article_modified_time":"2025-03-13T13:34:44+00:00","og_image":[{"width":800,"height":800,"url":"https:\/\/www.hostin.sk\/wp-content\/uploads\/2018\/03\/PE50-800x800-1.jpg","type":"image\/jpeg"}],"twitter_card":"summary_large_image","twitter_misc":{"Gesch\u00e4tzte Lesezeit":"1\u00a0Minute"},"schema":{"@context":"https:\/\/schema.org","@graph":[{"@type":"WebPage","@id":"https:\/\/www.hostin.sk\/produkt\/siet-proti-vtactvu-z-polyamidu-40-x-40\/","url":"https:\/\/www.hostin.sk\/produkt\/siet-proti-vtactvu-z-polyamidu-40-x-40\/","name":"Vogelabwehrnetz aus Polyamid 40 x 40 mm - HOSTIN","isPartOf":{"@id":"https:\/\/www.hostin.sk\/#website"},"primaryImageOfPage":{"@id":"https:\/\/www.hostin.sk\/produkt\/siet-proti-vtactvu-z-polyamidu-40-x-40\/#primaryimage"},"image":{"@id":"https:\/\/www.hostin.sk\/produkt\/siet-proti-vtactvu-z-polyamidu-40-x-40\/#primaryimage"},"thumbnailUrl":"https:\/\/www.hostin.sk\/wp-content\/uploads\/2018\/03\/PE50-800x800-1.jpg","datePublished":"2018-03-20T10:26:11+00:00","dateModified":"2025-03-13T13:34:44+00:00","breadcrumb":{"@id":"https:\/\/www.hostin.sk\/produkt\/siet-proti-vtactvu-z-polyamidu-40-x-40\/#breadcrumb"},"inLanguage":"de","potentialAction":[{"@type":"ReadAction","target":["https:\/\/www.hostin.sk\/produkt\/siet-proti-vtactvu-z-polyamidu-40-x-40\/"]}]},{"@type":"ImageObject","inLanguage":"de","@id":"https:\/\/www.hostin.sk\/produkt\/siet-proti-vtactvu-z-polyamidu-40-x-40\/#primaryimage","url":"https:\/\/www.hostin.sk\/wp-content\/uploads\/2018\/03\/PE50-800x800-1.jpg","contentUrl":"https:\/\/www.hostin.sk\/wp-content\/uploads\/2018\/03\/PE50-800x800-1.jpg","width":800,"height":800},{"@type":"BreadcrumbList","@id":"https:\/\/www.hostin.sk\/produkt\/siet-proti-vtactvu-z-polyamidu-40-x-40\/#breadcrumb","itemListElement":[{"@type":"ListItem","position":1,"name":"Domov","item":"https:\/\/www.hostin.sk\/de\/"},{"@type":"ListItem","position":2,"name":"E-shop","item":"https:\/\/www.hostin.sk\/de\/e-shop\/"},{"@type":"ListItem","position":3,"name":"Z\u00e1brany pod\u013ea umiestnenia","item":"https:\/\/www.hostin.sk\/kategoria-produktu\/podla-umiestnenia\/"},{"@type":"ListItem","position":4,"name":"Na balk\u00f3ny","item":"https:\/\/www.hostin.sk\/kategoria-produktu\/podla-umiestnenia\/na-balkony\/"},{"@type":"ListItem","position":5,"name":"Vogelabwehrnetz aus Polyamid 40 x 40 mm"}]},{"@type":"WebSite","@id":"https:\/\/www.hostin.sk\/#website","url":"https:\/\/www.hostin.sk\/","name":"HOSTIN","description":"Hroty proti vt\u00e1kom","potentialAction":[{"@type":"SearchAction","target":{"@type":"EntryPoint","urlTemplate":"https:\/\/www.hostin.sk\/?s={search_term_string}"},"query-input":{"@type":"PropertyValueSpecification","valueRequired":true,"valueName":"search_term_string"}}],"inLanguage":"de"}]}},"_links":{"self":[{"href":"https:\/\/www.hostin.sk\/de\/wp-json\/wp\/v2\/product\/9305","targetHints":{"allow":["GET"]}}],"collection":[{"href":"https:\/\/www.hostin.sk\/de\/wp-json\/wp\/v2\/product"}],"about":[{"href":"https:\/\/www.hostin.sk\/de\/wp-json\/wp\/v2\/types\/product"}],"wp:featuredmedia":[{"embeddable":true,"href":"https:\/\/www.hostin.sk\/de\/wp-json\/wp\/v2\/media\/7646"}],"wp:attachment":[{"href":"https:\/\/www.hostin.sk\/de\/wp-json\/wp\/v2\/media?parent=9305"}],"wp:term":[{"taxonomy":"product_brand","embeddable":true,"href":"https:\/\/www.hostin.sk\/de\/wp-json\/wp\/v2\/product_brand?post=9305"},{"taxonomy":"product_cat","embeddable":true,"href":"https:\/\/www.hostin.sk\/de\/wp-json\/wp\/v2\/product_cat?post=9305"},{"taxonomy":"product_tag","embeddable":true,"href":"https:\/\/www.hostin.sk\/de\/wp-json\/wp\/v2\/product_tag?post=9305"}],"curies":[{"name":"wp","href":"https:\/\/api.w.org\/{rel}","templated":true}]}}