{"id":9304,"date":"2018-05-14T09:27:42","date_gmt":"2018-05-14T07:27:42","guid":{"rendered":"https:\/\/www.hostin.sk\/produkt\/lankova-zabrana-proti-vtakom-s-otocenym-uchytom\/"},"modified":"2025-03-12T21:17:58","modified_gmt":"2025-03-12T20:17:58","slug":"spanndrahtsystem-zur-vogelabwehr-mit-gedrehtem-buegel","status":"publish","type":"product","link":"https:\/\/www.hostin.sk\/de\/produkt\/spanndrahtsystem-zur-vogelabwehr-mit-gedrehtem-buegel\/","title":{"rendered":"Spanndrahtsystem zur Vogelabwehr mit gedrehtem B\u00fcgel"},"content":{"rendered":"<p>Spanndrahtsystem zur Vogelabwehr mit unterer Schutzvorrichtung und gedrehtem B\u00fcgel ist eine spezielle Art von Abwehrsystem, bei der die einzelnen Pins auf einem gemeinsamen Edelstahlband verschwei\u00dft sind. Dies gew\u00e4hrleistet eine h\u00f6here Stabilit\u00e4t der Abwehr, selbst bei gr\u00f6\u00dferen Vogelarten. Der Abstand zwischen den einzelnen Pins auf dem Band betr\u00e4gt 50 mm.<\/p>\n<p><strong>Installation<\/strong><\/p>\n<p>Die Abwehr kann einfach mit einem speziellen <a href=\"https:\/\/www.hostin.sk\/produkt\/mamut-glue-clear-uv-290ml\/\">Kleber<\/a> auf eine zuvor <a href=\"https:\/\/www.hostin.sk\/produkt\/odmastovac-technicky-benzin-1-l\/\">entfettete<\/a> und gereinigte Fl\u00e4che befestigt oder direkt verschraubt werden. Die B\u00e4nder mit den Tragpins werden in einem Abstand von 1,5 m zueinander platziert und anschlie\u00dfend mit einem Edelstahlseil verbunden.<\/p>\n","protected":false},"excerpt":{"rendered":"<p>Spanndrahtsystem zur Vogelabwehr mit unterer Schutzvorrichtung und gedrehtem B\u00fcgel.<\/p>\n","protected":false},"featured_media":7625,"template":"","meta":{"_acf_changed":false},"product_brand":[],"product_cat":[134,120],"product_tag":[],"class_list":{"0":"post-9304","1":"product","2":"type-product","3":"status-publish","4":"has-post-thumbnail","6":"product_cat-fuer-fensterbaenke","7":"product_cat-pins-auf-platte","9":"first","10":"instock","11":"taxable","12":"shipping-taxable","13":"purchasable","14":"product-type-simple"},"acf":[],"yoast_head":"<!-- This site is optimized with the Yoast SEO plugin v27.4 - https:\/\/yoast.com\/product\/yoast-seo-wordpress\/ -->\n<title>Spanndrahtsystem zur Vogelabwehr mit gedrehtem B\u00fcgel - HOSTIN<\/title>\n<meta name=\"description\" content=\"\u0160peci\u00e1lna lankov\u00e1 z\u00e1brana so spodnou ochranou a oto\u010den\u00fdm \u00fachytom, kde s\u00fa ty\u010dky privaren\u00e9 na spolo\u010dnom p\u00e1se pre vy\u0161\u0161iu stabilitu aj proti mohutnej\u0161\u00edm vt\u00e1kom.\" \/>\n<meta name=\"robots\" content=\"index, follow, max-snippet:-1, max-image-preview:large, max-video-preview:-1\" \/>\n<link rel=\"canonical\" href=\"https:\/\/www.hostin.sk\/de\/produkt\/spanndrahtsystem-zur-vogelabwehr-mit-gedrehtem-buegel\/\" \/>\n<meta property=\"og:locale\" content=\"de_DE\" \/>\n<meta property=\"og:type\" content=\"article\" \/>\n<meta property=\"og:title\" content=\"Spanndrahtsystem zur Vogelabwehr mit gedrehtem B\u00fcgel - HOSTIN\" \/>\n<meta property=\"og:description\" content=\"\u0160peci\u00e1lna lankov\u00e1 z\u00e1brana so spodnou ochranou a oto\u010den\u00fdm \u00fachytom, kde s\u00fa ty\u010dky privaren\u00e9 na spolo\u010dnom p\u00e1se pre vy\u0161\u0161iu stabilitu aj proti mohutnej\u0161\u00edm vt\u00e1kom.\" \/>\n<meta property=\"og:url\" content=\"https:\/\/www.hostin.sk\/de\/produkt\/spanndrahtsystem-zur-vogelabwehr-mit-gedrehtem-buegel\/\" \/>\n<meta property=\"og:site_name\" content=\"HOSTIN\" \/>\n<meta property=\"article:modified_time\" content=\"2025-03-12T20:17:58+00:00\" \/>\n<meta property=\"og:image\" content=\"https:\/\/www.hostin.sk\/wp-content\/uploads\/2018\/05\/PL1T40D-098-0110-800x800-trimetric.jpg\" \/>\n\t<meta property=\"og:image:width\" content=\"800\" \/>\n\t<meta property=\"og:image:height\" content=\"800\" \/>\n\t<meta property=\"og:image:type\" content=\"image\/jpeg\" \/>\n<meta name=\"twitter:card\" content=\"summary_large_image\" \/>\n<meta name=\"twitter:label1\" content=\"Gesch\u00e4tzte Lesezeit\" \/>\n\t<meta name=\"twitter:data1\" content=\"1\u00a0Minute\" \/>\n<script type=\"application\/ld+json\" class=\"yoast-schema-graph\">{\"@context\":\"https:\\\/\\\/schema.org\",\"@graph\":[{\"@type\":\"WebPage\",\"@id\":\"https:\\\/\\\/www.hostin.sk\\\/de\\\/produkt\\\/spanndrahtsystem-zur-vogelabwehr-mit-gedrehtem-buegel\\\/\",\"url\":\"https:\\\/\\\/www.hostin.sk\\\/de\\\/produkt\\\/spanndrahtsystem-zur-vogelabwehr-mit-gedrehtem-buegel\\\/\",\"name\":\"Spanndrahtsystem zur Vogelabwehr mit gedrehtem B\u00fcgel - HOSTIN\",\"isPartOf\":{\"@id\":\"https:\\\/\\\/www.hostin.sk\\\/#website\"},\"primaryImageOfPage\":{\"@id\":\"https:\\\/\\\/www.hostin.sk\\\/de\\\/produkt\\\/spanndrahtsystem-zur-vogelabwehr-mit-gedrehtem-buegel\\\/#primaryimage\"},\"image\":{\"@id\":\"https:\\\/\\\/www.hostin.sk\\\/de\\\/produkt\\\/spanndrahtsystem-zur-vogelabwehr-mit-gedrehtem-buegel\\\/#primaryimage\"},\"thumbnailUrl\":\"https:\\\/\\\/www.hostin.sk\\\/wp-content\\\/uploads\\\/2018\\\/05\\\/PL1T40D-098-0110-800x800-trimetric.jpg\",\"datePublished\":\"2018-05-14T07:27:42+00:00\",\"dateModified\":\"2025-03-12T20:17:58+00:00\",\"description\":\"\u0160peci\u00e1lna lankov\u00e1 z\u00e1brana so spodnou ochranou a oto\u010den\u00fdm \u00fachytom, kde s\u00fa ty\u010dky privaren\u00e9 na spolo\u010dnom p\u00e1se pre vy\u0161\u0161iu stabilitu aj proti mohutnej\u0161\u00edm vt\u00e1kom.\",\"breadcrumb\":{\"@id\":\"https:\\\/\\\/www.hostin.sk\\\/de\\\/produkt\\\/spanndrahtsystem-zur-vogelabwehr-mit-gedrehtem-buegel\\\/#breadcrumb\"},\"inLanguage\":\"de\",\"potentialAction\":[{\"@type\":\"ReadAction\",\"target\":[\"https:\\\/\\\/www.hostin.sk\\\/de\\\/produkt\\\/spanndrahtsystem-zur-vogelabwehr-mit-gedrehtem-buegel\\\/\"]}]},{\"@type\":\"ImageObject\",\"inLanguage\":\"de\",\"@id\":\"https:\\\/\\\/www.hostin.sk\\\/de\\\/produkt\\\/spanndrahtsystem-zur-vogelabwehr-mit-gedrehtem-buegel\\\/#primaryimage\",\"url\":\"https:\\\/\\\/www.hostin.sk\\\/wp-content\\\/uploads\\\/2018\\\/05\\\/PL1T40D-098-0110-800x800-trimetric.jpg\",\"contentUrl\":\"https:\\\/\\\/www.hostin.sk\\\/wp-content\\\/uploads\\\/2018\\\/05\\\/PL1T40D-098-0110-800x800-trimetric.jpg\",\"width\":800,\"height\":800},{\"@type\":\"BreadcrumbList\",\"@id\":\"https:\\\/\\\/www.hostin.sk\\\/de\\\/produkt\\\/spanndrahtsystem-zur-vogelabwehr-mit-gedrehtem-buegel\\\/#breadcrumb\",\"itemListElement\":[{\"@type\":\"ListItem\",\"position\":1,\"name\":\"Domov\",\"item\":\"https:\\\/\\\/www.hostin.sk\\\/de\\\/\"},{\"@type\":\"ListItem\",\"position\":2,\"name\":\"E-shop\",\"item\":\"https:\\\/\\\/www.hostin.sk\\\/de\\\/e-shop\\\/\"},{\"@type\":\"ListItem\",\"position\":3,\"name\":\"Abwehrsysteme nach Ausf\u00fchrung\",\"item\":\"https:\\\/\\\/www.hostin.sk\\\/de\\\/produktkategorie\\\/abwehrsysteme-nach-ausfuehrung\\\/\"},{\"@type\":\"ListItem\",\"position\":4,\"name\":\"Spanndrahtabwehr\",\"item\":\"https:\\\/\\\/www.hostin.sk\\\/de\\\/produktkategorie\\\/abwehrsysteme-nach-ausfuehrung\\\/spanndrahtabwehr\\\/\"},{\"@type\":\"ListItem\",\"position\":5,\"name\":\"Pins auf Platte\",\"item\":\"https:\\\/\\\/www.hostin.sk\\\/de\\\/produktkategorie\\\/abwehrsysteme-nach-ausfuehrung\\\/spanndrahtabwehr\\\/pins-auf-platte\\\/\"},{\"@type\":\"ListItem\",\"position\":6,\"name\":\"Spanndrahtsystem zur Vogelabwehr mit gedrehtem B\u00fcgel\"}]},{\"@type\":\"WebSite\",\"@id\":\"https:\\\/\\\/www.hostin.sk\\\/#website\",\"url\":\"https:\\\/\\\/www.hostin.sk\\\/\",\"name\":\"HOSTIN\",\"description\":\"Hroty proti vt\u00e1kom\",\"potentialAction\":[{\"@type\":\"SearchAction\",\"target\":{\"@type\":\"EntryPoint\",\"urlTemplate\":\"https:\\\/\\\/www.hostin.sk\\\/?s={search_term_string}\"},\"query-input\":{\"@type\":\"PropertyValueSpecification\",\"valueRequired\":true,\"valueName\":\"search_term_string\"}}],\"inLanguage\":\"de\"}]}<\/script>\n<!-- \/ Yoast SEO plugin. -->","yoast_head_json":{"title":"Spanndrahtsystem zur Vogelabwehr mit gedrehtem B\u00fcgel - HOSTIN","description":"\u0160peci\u00e1lna lankov\u00e1 z\u00e1brana so spodnou ochranou a oto\u010den\u00fdm \u00fachytom, kde s\u00fa ty\u010dky privaren\u00e9 na spolo\u010dnom p\u00e1se pre vy\u0161\u0161iu stabilitu aj proti mohutnej\u0161\u00edm vt\u00e1kom.","robots":{"index":"index","follow":"follow","max-snippet":"max-snippet:-1","max-image-preview":"max-image-preview:large","max-video-preview":"max-video-preview:-1"},"canonical":"https:\/\/www.hostin.sk\/de\/produkt\/spanndrahtsystem-zur-vogelabwehr-mit-gedrehtem-buegel\/","og_locale":"de_DE","og_type":"article","og_title":"Spanndrahtsystem zur Vogelabwehr mit gedrehtem B\u00fcgel - HOSTIN","og_description":"\u0160peci\u00e1lna lankov\u00e1 z\u00e1brana so spodnou ochranou a oto\u010den\u00fdm \u00fachytom, kde s\u00fa ty\u010dky privaren\u00e9 na spolo\u010dnom p\u00e1se pre vy\u0161\u0161iu stabilitu aj proti mohutnej\u0161\u00edm vt\u00e1kom.","og_url":"https:\/\/www.hostin.sk\/de\/produkt\/spanndrahtsystem-zur-vogelabwehr-mit-gedrehtem-buegel\/","og_site_name":"HOSTIN","article_modified_time":"2025-03-12T20:17:58+00:00","og_image":[{"width":800,"height":800,"url":"https:\/\/www.hostin.sk\/wp-content\/uploads\/2018\/05\/PL1T40D-098-0110-800x800-trimetric.jpg","type":"image\/jpeg"}],"twitter_card":"summary_large_image","twitter_misc":{"Gesch\u00e4tzte Lesezeit":"1\u00a0Minute"},"schema":{"@context":"https:\/\/schema.org","@graph":[{"@type":"WebPage","@id":"https:\/\/www.hostin.sk\/de\/produkt\/spanndrahtsystem-zur-vogelabwehr-mit-gedrehtem-buegel\/","url":"https:\/\/www.hostin.sk\/de\/produkt\/spanndrahtsystem-zur-vogelabwehr-mit-gedrehtem-buegel\/","name":"Spanndrahtsystem zur Vogelabwehr mit gedrehtem B\u00fcgel - HOSTIN","isPartOf":{"@id":"https:\/\/www.hostin.sk\/#website"},"primaryImageOfPage":{"@id":"https:\/\/www.hostin.sk\/de\/produkt\/spanndrahtsystem-zur-vogelabwehr-mit-gedrehtem-buegel\/#primaryimage"},"image":{"@id":"https:\/\/www.hostin.sk\/de\/produkt\/spanndrahtsystem-zur-vogelabwehr-mit-gedrehtem-buegel\/#primaryimage"},"thumbnailUrl":"https:\/\/www.hostin.sk\/wp-content\/uploads\/2018\/05\/PL1T40D-098-0110-800x800-trimetric.jpg","datePublished":"2018-05-14T07:27:42+00:00","dateModified":"2025-03-12T20:17:58+00:00","description":"\u0160peci\u00e1lna lankov\u00e1 z\u00e1brana so spodnou ochranou a oto\u010den\u00fdm \u00fachytom, kde s\u00fa ty\u010dky privaren\u00e9 na spolo\u010dnom p\u00e1se pre vy\u0161\u0161iu stabilitu aj proti mohutnej\u0161\u00edm vt\u00e1kom.","breadcrumb":{"@id":"https:\/\/www.hostin.sk\/de\/produkt\/spanndrahtsystem-zur-vogelabwehr-mit-gedrehtem-buegel\/#breadcrumb"},"inLanguage":"de","potentialAction":[{"@type":"ReadAction","target":["https:\/\/www.hostin.sk\/de\/produkt\/spanndrahtsystem-zur-vogelabwehr-mit-gedrehtem-buegel\/"]}]},{"@type":"ImageObject","inLanguage":"de","@id":"https:\/\/www.hostin.sk\/de\/produkt\/spanndrahtsystem-zur-vogelabwehr-mit-gedrehtem-buegel\/#primaryimage","url":"https:\/\/www.hostin.sk\/wp-content\/uploads\/2018\/05\/PL1T40D-098-0110-800x800-trimetric.jpg","contentUrl":"https:\/\/www.hostin.sk\/wp-content\/uploads\/2018\/05\/PL1T40D-098-0110-800x800-trimetric.jpg","width":800,"height":800},{"@type":"BreadcrumbList","@id":"https:\/\/www.hostin.sk\/de\/produkt\/spanndrahtsystem-zur-vogelabwehr-mit-gedrehtem-buegel\/#breadcrumb","itemListElement":[{"@type":"ListItem","position":1,"name":"Domov","item":"https:\/\/www.hostin.sk\/de\/"},{"@type":"ListItem","position":2,"name":"E-shop","item":"https:\/\/www.hostin.sk\/de\/e-shop\/"},{"@type":"ListItem","position":3,"name":"Abwehrsysteme nach Ausf\u00fchrung","item":"https:\/\/www.hostin.sk\/de\/produktkategorie\/abwehrsysteme-nach-ausfuehrung\/"},{"@type":"ListItem","position":4,"name":"Spanndrahtabwehr","item":"https:\/\/www.hostin.sk\/de\/produktkategorie\/abwehrsysteme-nach-ausfuehrung\/spanndrahtabwehr\/"},{"@type":"ListItem","position":5,"name":"Pins auf Platte","item":"https:\/\/www.hostin.sk\/de\/produktkategorie\/abwehrsysteme-nach-ausfuehrung\/spanndrahtabwehr\/pins-auf-platte\/"},{"@type":"ListItem","position":6,"name":"Spanndrahtsystem zur Vogelabwehr mit gedrehtem B\u00fcgel"}]},{"@type":"WebSite","@id":"https:\/\/www.hostin.sk\/#website","url":"https:\/\/www.hostin.sk\/","name":"HOSTIN","description":"Hroty proti vt\u00e1kom","potentialAction":[{"@type":"SearchAction","target":{"@type":"EntryPoint","urlTemplate":"https:\/\/www.hostin.sk\/?s={search_term_string}"},"query-input":{"@type":"PropertyValueSpecification","valueRequired":true,"valueName":"search_term_string"}}],"inLanguage":"de"}]}},"_links":{"self":[{"href":"https:\/\/www.hostin.sk\/de\/wp-json\/wp\/v2\/product\/9304","targetHints":{"allow":["GET"]}}],"collection":[{"href":"https:\/\/www.hostin.sk\/de\/wp-json\/wp\/v2\/product"}],"about":[{"href":"https:\/\/www.hostin.sk\/de\/wp-json\/wp\/v2\/types\/product"}],"wp:featuredmedia":[{"embeddable":true,"href":"https:\/\/www.hostin.sk\/de\/wp-json\/wp\/v2\/media\/7625"}],"wp:attachment":[{"href":"https:\/\/www.hostin.sk\/de\/wp-json\/wp\/v2\/media?parent=9304"}],"wp:term":[{"taxonomy":"product_brand","embeddable":true,"href":"https:\/\/www.hostin.sk\/de\/wp-json\/wp\/v2\/product_brand?post=9304"},{"taxonomy":"product_cat","embeddable":true,"href":"https:\/\/www.hostin.sk\/de\/wp-json\/wp\/v2\/product_cat?post=9304"},{"taxonomy":"product_tag","embeddable":true,"href":"https:\/\/www.hostin.sk\/de\/wp-json\/wp\/v2\/product_tag?post=9304"}],"curies":[{"name":"wp","href":"https:\/\/api.w.org\/{rel}","templated":true}]}}