{"id":9294,"date":"2020-06-02T11:57:24","date_gmt":"2020-06-02T09:57:24","guid":{"rendered":"https:\/\/www.hostin.sk\/produkt\/bezdotykova-dezinfekcia-znizeny-stojan\/"},"modified":"2025-03-13T20:43:58","modified_gmt":"2025-03-13T19:43:58","slug":"beruehrungslose-desinfektion-niedriger-staender-2","status":"publish","type":"product","link":"https:\/\/www.hostin.sk\/de\/produkt\/beruehrungslose-desinfektion-niedriger-staender-2\/","title":{"rendered":"Ber\u00fchrungslose Desinfektion \u2013 niedriger St\u00e4nder"},"content":{"rendered":"<p>Geeignet f\u00fcr Bereiche mit hoher Kinderfrequenz, wie Grundschulen (1. Stufe) und Vorschuleinrichtungen.<\/p>\n<p>Automatische Dosierung des Desinfektionsmittels nach Handerkennung unter dem Spender.<\/p>\n<p>Inklusive: 4 \u00d7 GP Super Alkaline LR6 (AA) Batterien gratis.<\/p>\n<p><img decoding=\"async\" class=\"alignnone size-medium\" src=\"https:\/\/cdn.myshoptet.com\/usr\/www.molpir-dezinfekcia.sk\/user\/documents\/upload\/ikony-davkovac-01.png\" alt=\"D\u00e1vkova\u010d dezinfekcie\" width=\"600\" height=\"150\" \/><\/p>\n<p>Details:<\/p>\n<ul>\n<li><strong>St\u00e4nder mit reduzierter H\u00f6he \u2013 leichter zug\u00e4nglicher Desinfektionsspender f\u00fcr Kinder und Personen mit geringer K\u00f6rpergr\u00f6\u00dfe<\/strong><\/li>\n<li data-start=\"20\" data-end=\"73\">IR-Sensor, Erkennungsabstand: 20 \u2013 120 mm<\/li>\n<li data-start=\"74\" data-end=\"116\">LED-Anzeige f\u00fcr den Betriebsstatus<\/li>\n<li data-start=\"117\" data-end=\"198\">Einstellbare Dosiermenge des Desinfektionsmittels: 0,5 ml oder 1,0 ml<\/li>\n<li data-start=\"199\" data-end=\"261\">Nachf\u00fcllbarer Tank f\u00fcr Desinfektionsmittel: 600 ml<\/li>\n<li data-start=\"262\" data-end=\"332\">Betrieb mit 4 AA-Alkalibatterien, ca. 15.000 Arbeitszyklen<\/li>\n<li data-start=\"333\" data-end=\"387\">M\u00f6glichkeit zum Anschluss an ein 230V-Netzteil<\/li>\n<li data-start=\"388\" data-end=\"443\">Lebensdauer der Dosierpumpe: 100.000 Zyklen<\/li>\n<li data-start=\"444\" data-end=\"498\">Abschlie\u00dfbares Geh\u00e4use f\u00fcr zus\u00e4tzlichen Schutz<\/li>\n<li data-start=\"499\" data-end=\"645\">Stabiler Bodenst\u00e4nder, gefertigt aus geb\u00fcrstetem Edelstahl, hergestellt in der Slowakei<\/li>\n<li data-start=\"646\" data-end=\"732\">Der Spender mit St\u00e4nder wird komplett montiert und einsatzbereit geliefert<\/li>\n<\/ul>\n<p>Handbuch:<\/p>\n<ul>\n<li><a href=\"https:\/\/www.hostin.sk\/wp-content\/uploads\/2024\/05\/nu_dd-mol-004-s_000_22052020-1.pdf\" target=\"_blank\" rel=\"noopener\">Benutzeranleitung<\/a><\/li>\n<li><a href=\"https:\/\/www.hostin.sk\/wp-content\/uploads\/2024\/05\/pl_dd-mol-004-s_001_25052020.pdf\" target=\"_blank\" rel=\"noopener\">Datenblatt<\/a><\/li>\n<\/ul>\n<figure class=\"ratio ratio-16x9\"><iframe title=\"D\u00e1vkova\u010d dezinfekcie bezdotykov\u00fd s rozpra\u0161ova\u010dom - podlahov\u00fd stojan zn\u00ed\u017een\u00fd\" width=\"500\" height=\"281\" src=\"https:\/\/www.youtube.com\/embed\/pCrQ3qlMtFE?feature=oembed\" frameborder=\"0\" allow=\"accelerometer; autoplay; clipboard-write; encrypted-media; gyroscope; picture-in-picture; web-share\" referrerpolicy=\"strict-origin-when-cross-origin\" allowfullscreen><\/iframe><\/figure>\n","protected":false},"excerpt":{"rendered":"<p>Ber\u00fchrungsloser Desinfektionsspender f\u00fcr H\u00e4nde \u2013 niedriger St\u00e4nder.<\/p>\n","protected":false},"featured_media":7517,"template":"","meta":{"_acf_changed":false},"product_brand":[],"product_cat":[101],"product_tag":[],"class_list":{"0":"post-9294","1":"product","2":"type-product","3":"status-publish","4":"has-post-thumbnail","6":"product_cat-desinfektionsstaender","8":"first","9":"instock","10":"sale","11":"taxable","12":"shipping-taxable","13":"purchasable","14":"product-type-simple"},"acf":[],"yoast_head":"<!-- This site is optimized with the Yoast SEO plugin v27.4 - https:\/\/yoast.com\/product\/yoast-seo-wordpress\/ -->\n<title>Ber\u00fchrungslose Desinfektion \u2013 niedriger St\u00e4nder - HOSTIN<\/title>\n<meta name=\"description\" content=\"Bezdotykov\u00fd automatick\u00fd d\u00e1vkova\u010d dezinfekcie so zn\u00ed\u017eenou v\u00fd\u0161kou stojana, ide\u00e1lny pre 1. stupe\u0148 z\u00e1kladn\u00fdch \u0161k\u00f4l a pred\u0161kolsk\u00e9 zariadenia.\" \/>\n<meta name=\"robots\" content=\"index, follow, max-snippet:-1, max-image-preview:large, max-video-preview:-1\" \/>\n<link rel=\"canonical\" href=\"https:\/\/www.hostin.sk\/de\/produkt\/beruehrungslose-desinfektion-niedriger-staender-2\/\" \/>\n<meta property=\"og:locale\" content=\"de_DE\" \/>\n<meta property=\"og:type\" content=\"article\" \/>\n<meta property=\"og:title\" content=\"Ber\u00fchrungslose Desinfektion \u2013 niedriger St\u00e4nder - HOSTIN\" \/>\n<meta property=\"og:description\" content=\"Bezdotykov\u00fd automatick\u00fd d\u00e1vkova\u010d dezinfekcie so zn\u00ed\u017eenou v\u00fd\u0161kou stojana, ide\u00e1lny pre 1. stupe\u0148 z\u00e1kladn\u00fdch \u0161k\u00f4l a pred\u0161kolsk\u00e9 zariadenia.\" \/>\n<meta property=\"og:url\" content=\"https:\/\/www.hostin.sk\/de\/produkt\/beruehrungslose-desinfektion-niedriger-staender-2\/\" \/>\n<meta property=\"og:site_name\" content=\"HOSTIN\" \/>\n<meta property=\"article:modified_time\" content=\"2025-03-13T19:43:58+00:00\" \/>\n<meta property=\"og:image\" content=\"https:\/\/www.hostin.sk\/wp-content\/uploads\/2020\/06\/155-3_dd-mol-004-s-1-1.jpg\" \/>\n\t<meta property=\"og:image:width\" content=\"1900\" \/>\n\t<meta property=\"og:image:height\" content=\"1900\" \/>\n\t<meta property=\"og:image:type\" content=\"image\/jpeg\" \/>\n<meta name=\"twitter:card\" content=\"summary_large_image\" \/>\n<meta name=\"twitter:label1\" content=\"Gesch\u00e4tzte Lesezeit\" \/>\n\t<meta name=\"twitter:data1\" content=\"2\u00a0Minuten\" \/>\n<script type=\"application\/ld+json\" class=\"yoast-schema-graph\">{\"@context\":\"https:\\\/\\\/schema.org\",\"@graph\":[{\"@type\":\"WebPage\",\"@id\":\"https:\\\/\\\/www.hostin.sk\\\/de\\\/produkt\\\/beruehrungslose-desinfektion-niedriger-staender-2\\\/\",\"url\":\"https:\\\/\\\/www.hostin.sk\\\/de\\\/produkt\\\/beruehrungslose-desinfektion-niedriger-staender-2\\\/\",\"name\":\"Ber\u00fchrungslose Desinfektion \u2013 niedriger St\u00e4nder - HOSTIN\",\"isPartOf\":{\"@id\":\"https:\\\/\\\/www.hostin.sk\\\/#website\"},\"primaryImageOfPage\":{\"@id\":\"https:\\\/\\\/www.hostin.sk\\\/de\\\/produkt\\\/beruehrungslose-desinfektion-niedriger-staender-2\\\/#primaryimage\"},\"image\":{\"@id\":\"https:\\\/\\\/www.hostin.sk\\\/de\\\/produkt\\\/beruehrungslose-desinfektion-niedriger-staender-2\\\/#primaryimage\"},\"thumbnailUrl\":\"https:\\\/\\\/www.hostin.sk\\\/wp-content\\\/uploads\\\/2020\\\/06\\\/155-3_dd-mol-004-s-1-1.jpg\",\"datePublished\":\"2020-06-02T09:57:24+00:00\",\"dateModified\":\"2025-03-13T19:43:58+00:00\",\"description\":\"Bezdotykov\u00fd automatick\u00fd d\u00e1vkova\u010d dezinfekcie so zn\u00ed\u017eenou v\u00fd\u0161kou stojana, ide\u00e1lny pre 1. stupe\u0148 z\u00e1kladn\u00fdch \u0161k\u00f4l a pred\u0161kolsk\u00e9 zariadenia.\",\"breadcrumb\":{\"@id\":\"https:\\\/\\\/www.hostin.sk\\\/de\\\/produkt\\\/beruehrungslose-desinfektion-niedriger-staender-2\\\/#breadcrumb\"},\"inLanguage\":\"de\",\"potentialAction\":[{\"@type\":\"ReadAction\",\"target\":[\"https:\\\/\\\/www.hostin.sk\\\/de\\\/produkt\\\/beruehrungslose-desinfektion-niedriger-staender-2\\\/\"]}]},{\"@type\":\"ImageObject\",\"inLanguage\":\"de\",\"@id\":\"https:\\\/\\\/www.hostin.sk\\\/de\\\/produkt\\\/beruehrungslose-desinfektion-niedriger-staender-2\\\/#primaryimage\",\"url\":\"https:\\\/\\\/www.hostin.sk\\\/wp-content\\\/uploads\\\/2020\\\/06\\\/155-3_dd-mol-004-s-1-1.jpg\",\"contentUrl\":\"https:\\\/\\\/www.hostin.sk\\\/wp-content\\\/uploads\\\/2020\\\/06\\\/155-3_dd-mol-004-s-1-1.jpg\",\"width\":1900,\"height\":1900},{\"@type\":\"BreadcrumbList\",\"@id\":\"https:\\\/\\\/www.hostin.sk\\\/de\\\/produkt\\\/beruehrungslose-desinfektion-niedriger-staender-2\\\/#breadcrumb\",\"itemListElement\":[{\"@type\":\"ListItem\",\"position\":1,\"name\":\"Domov\",\"item\":\"https:\\\/\\\/www.hostin.sk\\\/de\\\/\"},{\"@type\":\"ListItem\",\"position\":2,\"name\":\"E-shop\",\"item\":\"https:\\\/\\\/www.hostin.sk\\\/de\\\/e-shop\\\/\"},{\"@type\":\"ListItem\",\"position\":3,\"name\":\"Desinfektionsst\u00e4nder\",\"item\":\"https:\\\/\\\/www.hostin.sk\\\/de\\\/produktkategorie\\\/desinfektionsstaender\\\/\"},{\"@type\":\"ListItem\",\"position\":4,\"name\":\"Ber\u00fchrungslose Desinfektion \u2013 niedriger St\u00e4nder\"}]},{\"@type\":\"WebSite\",\"@id\":\"https:\\\/\\\/www.hostin.sk\\\/#website\",\"url\":\"https:\\\/\\\/www.hostin.sk\\\/\",\"name\":\"HOSTIN\",\"description\":\"Hroty proti vt\u00e1kom\",\"potentialAction\":[{\"@type\":\"SearchAction\",\"target\":{\"@type\":\"EntryPoint\",\"urlTemplate\":\"https:\\\/\\\/www.hostin.sk\\\/?s={search_term_string}\"},\"query-input\":{\"@type\":\"PropertyValueSpecification\",\"valueRequired\":true,\"valueName\":\"search_term_string\"}}],\"inLanguage\":\"de\"}]}<\/script>\n<!-- \/ Yoast SEO plugin. -->","yoast_head_json":{"title":"Ber\u00fchrungslose Desinfektion \u2013 niedriger St\u00e4nder - HOSTIN","description":"Bezdotykov\u00fd automatick\u00fd d\u00e1vkova\u010d dezinfekcie so zn\u00ed\u017eenou v\u00fd\u0161kou stojana, ide\u00e1lny pre 1. stupe\u0148 z\u00e1kladn\u00fdch \u0161k\u00f4l a pred\u0161kolsk\u00e9 zariadenia.","robots":{"index":"index","follow":"follow","max-snippet":"max-snippet:-1","max-image-preview":"max-image-preview:large","max-video-preview":"max-video-preview:-1"},"canonical":"https:\/\/www.hostin.sk\/de\/produkt\/beruehrungslose-desinfektion-niedriger-staender-2\/","og_locale":"de_DE","og_type":"article","og_title":"Ber\u00fchrungslose Desinfektion \u2013 niedriger St\u00e4nder - HOSTIN","og_description":"Bezdotykov\u00fd automatick\u00fd d\u00e1vkova\u010d dezinfekcie so zn\u00ed\u017eenou v\u00fd\u0161kou stojana, ide\u00e1lny pre 1. stupe\u0148 z\u00e1kladn\u00fdch \u0161k\u00f4l a pred\u0161kolsk\u00e9 zariadenia.","og_url":"https:\/\/www.hostin.sk\/de\/produkt\/beruehrungslose-desinfektion-niedriger-staender-2\/","og_site_name":"HOSTIN","article_modified_time":"2025-03-13T19:43:58+00:00","og_image":[{"width":1900,"height":1900,"url":"https:\/\/www.hostin.sk\/wp-content\/uploads\/2020\/06\/155-3_dd-mol-004-s-1-1.jpg","type":"image\/jpeg"}],"twitter_card":"summary_large_image","twitter_misc":{"Gesch\u00e4tzte Lesezeit":"2\u00a0Minuten"},"schema":{"@context":"https:\/\/schema.org","@graph":[{"@type":"WebPage","@id":"https:\/\/www.hostin.sk\/de\/produkt\/beruehrungslose-desinfektion-niedriger-staender-2\/","url":"https:\/\/www.hostin.sk\/de\/produkt\/beruehrungslose-desinfektion-niedriger-staender-2\/","name":"Ber\u00fchrungslose Desinfektion \u2013 niedriger St\u00e4nder - HOSTIN","isPartOf":{"@id":"https:\/\/www.hostin.sk\/#website"},"primaryImageOfPage":{"@id":"https:\/\/www.hostin.sk\/de\/produkt\/beruehrungslose-desinfektion-niedriger-staender-2\/#primaryimage"},"image":{"@id":"https:\/\/www.hostin.sk\/de\/produkt\/beruehrungslose-desinfektion-niedriger-staender-2\/#primaryimage"},"thumbnailUrl":"https:\/\/www.hostin.sk\/wp-content\/uploads\/2020\/06\/155-3_dd-mol-004-s-1-1.jpg","datePublished":"2020-06-02T09:57:24+00:00","dateModified":"2025-03-13T19:43:58+00:00","description":"Bezdotykov\u00fd automatick\u00fd d\u00e1vkova\u010d dezinfekcie so zn\u00ed\u017eenou v\u00fd\u0161kou stojana, ide\u00e1lny pre 1. stupe\u0148 z\u00e1kladn\u00fdch \u0161k\u00f4l a pred\u0161kolsk\u00e9 zariadenia.","breadcrumb":{"@id":"https:\/\/www.hostin.sk\/de\/produkt\/beruehrungslose-desinfektion-niedriger-staender-2\/#breadcrumb"},"inLanguage":"de","potentialAction":[{"@type":"ReadAction","target":["https:\/\/www.hostin.sk\/de\/produkt\/beruehrungslose-desinfektion-niedriger-staender-2\/"]}]},{"@type":"ImageObject","inLanguage":"de","@id":"https:\/\/www.hostin.sk\/de\/produkt\/beruehrungslose-desinfektion-niedriger-staender-2\/#primaryimage","url":"https:\/\/www.hostin.sk\/wp-content\/uploads\/2020\/06\/155-3_dd-mol-004-s-1-1.jpg","contentUrl":"https:\/\/www.hostin.sk\/wp-content\/uploads\/2020\/06\/155-3_dd-mol-004-s-1-1.jpg","width":1900,"height":1900},{"@type":"BreadcrumbList","@id":"https:\/\/www.hostin.sk\/de\/produkt\/beruehrungslose-desinfektion-niedriger-staender-2\/#breadcrumb","itemListElement":[{"@type":"ListItem","position":1,"name":"Domov","item":"https:\/\/www.hostin.sk\/de\/"},{"@type":"ListItem","position":2,"name":"E-shop","item":"https:\/\/www.hostin.sk\/de\/e-shop\/"},{"@type":"ListItem","position":3,"name":"Desinfektionsst\u00e4nder","item":"https:\/\/www.hostin.sk\/de\/produktkategorie\/desinfektionsstaender\/"},{"@type":"ListItem","position":4,"name":"Ber\u00fchrungslose Desinfektion \u2013 niedriger St\u00e4nder"}]},{"@type":"WebSite","@id":"https:\/\/www.hostin.sk\/#website","url":"https:\/\/www.hostin.sk\/","name":"HOSTIN","description":"Hroty proti vt\u00e1kom","potentialAction":[{"@type":"SearchAction","target":{"@type":"EntryPoint","urlTemplate":"https:\/\/www.hostin.sk\/?s={search_term_string}"},"query-input":{"@type":"PropertyValueSpecification","valueRequired":true,"valueName":"search_term_string"}}],"inLanguage":"de"}]}},"_links":{"self":[{"href":"https:\/\/www.hostin.sk\/de\/wp-json\/wp\/v2\/product\/9294","targetHints":{"allow":["GET"]}}],"collection":[{"href":"https:\/\/www.hostin.sk\/de\/wp-json\/wp\/v2\/product"}],"about":[{"href":"https:\/\/www.hostin.sk\/de\/wp-json\/wp\/v2\/types\/product"}],"wp:featuredmedia":[{"embeddable":true,"href":"https:\/\/www.hostin.sk\/de\/wp-json\/wp\/v2\/media\/7517"}],"wp:attachment":[{"href":"https:\/\/www.hostin.sk\/de\/wp-json\/wp\/v2\/media?parent=9294"}],"wp:term":[{"taxonomy":"product_brand","embeddable":true,"href":"https:\/\/www.hostin.sk\/de\/wp-json\/wp\/v2\/product_brand?post=9294"},{"taxonomy":"product_cat","embeddable":true,"href":"https:\/\/www.hostin.sk\/de\/wp-json\/wp\/v2\/product_cat?post=9294"},{"taxonomy":"product_tag","embeddable":true,"href":"https:\/\/www.hostin.sk\/de\/wp-json\/wp\/v2\/product_tag?post=9294"}],"curies":[{"name":"wp","href":"https:\/\/api.w.org\/{rel}","templated":true}]}}