{"id":9286,"date":"2020-06-03T16:41:19","date_gmt":"2020-06-03T14:41:19","guid":{"rendered":"https:\/\/www.hostin.sk\/produkt\/bezdotykova-dezinfekcia-akcia-4\/"},"modified":"2025-03-13T20:42:03","modified_gmt":"2025-03-13T19:42:03","slug":"kontaktlose-desinfektion-action-4","status":"publish","type":"product","link":"https:\/\/www.hostin.sk\/de\/produkt\/kontaktlose-desinfektion-action-4\/","title":{"rendered":"Kontaktlose Desinfektion &#8211; Action 4+"},"content":{"rendered":"<p>Das <strong data-start=\"4\" data-end=\"18\">Aktionsset<\/strong> enth\u00e4lt:<\/p>\n<ul>\n<li><strong>4 Stk. <a href=\"https:\/\/www.hostin.sk\/de\/produkt\/bezdotykova-dezinfekcia-podlahovy-stojan-2\/\" target=\"_blank\" rel=\"noopener\">ber\u00fchrungslose Desinfektionsspender<\/a><\/strong> mit Zerst\u00e4uber, installiert auf einem Bodenst\u00e4nder aus geb\u00fcrstetem Edelstahl, hergestellt in der Slowakei (Bestellnummer: DD-MOL-004)<\/li>\n<li><strong>4 Stk. Batterien<\/strong> GP Super Alkaline LR6 (AA); 4 St\u00fcck im Blister (Bestellnummer: B-LR6-GP-4)<\/li>\n<li><strong>4 Stk. alkoholbasierte Desinfektionsl\u00f6sung<\/strong> mit Glycerin, gebrauchsfertig f\u00fcr den Desinfektionsspender, je 1 Liter (Bestellnummer: DD-MOL-207)<\/li>\n<\/ul>\n<p><img decoding=\"async\" class=\"alignnone size-medium\" src=\"https:\/\/cdn.myshoptet.com\/usr\/www.molpir-dezinfekcia.sk\/user\/documents\/upload\/ikony-davkovac-01.png\" alt=\"D\u00e1vkova\u010d dezinfekcie\" width=\"600\" height=\"150\" \/><\/p>\n<p>Mit dem Kauf dieses Aktionssets <strong>sparen Sie \u00fcber 16 %<\/strong>.<\/p>\n<figure class=\"ratio ratio-16x9\"><iframe title=\"D\u00e1vkova\u010d dezinfekcie bezdotykov\u00fd s rozpra\u0161ova\u010dom - podlahov\u00fd stojan - molpir-dezinfekcia.sk\" width=\"500\" height=\"281\" src=\"https:\/\/www.youtube.com\/embed\/RWpbcckETEo?feature=oembed\" frameborder=\"0\" allow=\"accelerometer; autoplay; clipboard-write; encrypted-media; gyroscope; picture-in-picture; web-share\" referrerpolicy=\"strict-origin-when-cross-origin\" allowfullscreen><\/iframe><\/figure>\n","protected":false},"excerpt":{"rendered":"<p>Das Aktionsset enth\u00e4lt: 4 Stk. ber\u00fchrungslose Desinfektionsspender mit Zerst\u00e4uber, installiert auf einem Bodenst\u00e4nder aus geb\u00fcrstetem Edelstahl, hergestellt in der Slowakei (Bestellnummer: DD-MOL-004) 4 Stk. Batterien GP Super Alkaline LR6 (AA); 4 St\u00fcck im Blister (Bestellnummer: B-LR6-GP-4) 4 Stk. alkoholbasierte Desinfektionsl\u00f6sung mit Glycerin, gebrauchsfertig f\u00fcr den Desinfektionsspender, je 1 Liter (Bestellnummer: DD-MOL-207) Mit dem Kauf dieses [&hellip;]<\/p>\n","protected":false},"featured_media":8717,"template":"","meta":{"_acf_changed":false},"product_brand":[],"product_cat":[101],"product_tag":[],"class_list":{"0":"post-9286","1":"product","2":"type-product","3":"status-publish","4":"has-post-thumbnail","6":"product_cat-desinfektionsstaender","8":"first","9":"instock","10":"sale","11":"taxable","12":"shipping-taxable","13":"purchasable","14":"product-type-simple"},"acf":[],"yoast_head":"<!-- This site is optimized with the Yoast SEO plugin v27.4 - https:\/\/yoast.com\/product\/yoast-seo-wordpress\/ -->\n<title>Kontaktlose Desinfektion - Action 4+ - HOSTIN<\/title>\n<meta name=\"description\" content=\"Akciov\u00e1 s\u00faprava bezdotykov\u00fdch d\u00e1vkova\u010dov dezinfekcie obsahuj\u00faca 4 bezdotykov\u00e9 d\u00e1vkova\u010de s rozpra\u0161ova\u010dom na elegantnom podlahovom stojane z br\u00fasenej nereze.\" \/>\n<meta name=\"robots\" content=\"index, follow, max-snippet:-1, max-image-preview:large, max-video-preview:-1\" \/>\n<link rel=\"canonical\" href=\"https:\/\/www.hostin.sk\/de\/produkt\/kontaktlose-desinfektion-action-4\/\" \/>\n<meta property=\"og:locale\" content=\"de_DE\" \/>\n<meta property=\"og:type\" content=\"article\" \/>\n<meta property=\"og:title\" content=\"Kontaktlose Desinfektion - Action 4+ - HOSTIN\" \/>\n<meta property=\"og:description\" content=\"Akciov\u00e1 s\u00faprava bezdotykov\u00fdch d\u00e1vkova\u010dov dezinfekcie obsahuj\u00faca 4 bezdotykov\u00e9 d\u00e1vkova\u010de s rozpra\u0161ova\u010dom na elegantnom podlahovom stojane z br\u00fasenej nereze.\" \/>\n<meta property=\"og:url\" content=\"https:\/\/www.hostin.sk\/de\/produkt\/kontaktlose-desinfektion-action-4\/\" \/>\n<meta property=\"og:site_name\" content=\"HOSTIN\" \/>\n<meta property=\"article:modified_time\" content=\"2025-03-13T19:42:03+00:00\" \/>\n<meta property=\"og:image\" content=\"https:\/\/www.hostin.sk\/wp-content\/uploads\/2020\/06\/DD-MOL-004_akcia-4kusy.jpg\" \/>\n\t<meta property=\"og:image:width\" content=\"994\" \/>\n\t<meta property=\"og:image:height\" content=\"751\" \/>\n\t<meta property=\"og:image:type\" content=\"image\/jpeg\" \/>\n<meta name=\"twitter:card\" content=\"summary_large_image\" \/>\n<meta name=\"twitter:label1\" content=\"Gesch\u00e4tzte Lesezeit\" \/>\n\t<meta name=\"twitter:data1\" content=\"1\u00a0Minute\" \/>\n<script type=\"application\/ld+json\" class=\"yoast-schema-graph\">{\"@context\":\"https:\\\/\\\/schema.org\",\"@graph\":[{\"@type\":\"WebPage\",\"@id\":\"https:\\\/\\\/www.hostin.sk\\\/de\\\/produkt\\\/kontaktlose-desinfektion-action-4\\\/\",\"url\":\"https:\\\/\\\/www.hostin.sk\\\/de\\\/produkt\\\/kontaktlose-desinfektion-action-4\\\/\",\"name\":\"Kontaktlose Desinfektion - Action 4+ - HOSTIN\",\"isPartOf\":{\"@id\":\"https:\\\/\\\/www.hostin.sk\\\/#website\"},\"primaryImageOfPage\":{\"@id\":\"https:\\\/\\\/www.hostin.sk\\\/de\\\/produkt\\\/kontaktlose-desinfektion-action-4\\\/#primaryimage\"},\"image\":{\"@id\":\"https:\\\/\\\/www.hostin.sk\\\/de\\\/produkt\\\/kontaktlose-desinfektion-action-4\\\/#primaryimage\"},\"thumbnailUrl\":\"https:\\\/\\\/www.hostin.sk\\\/wp-content\\\/uploads\\\/2020\\\/06\\\/DD-MOL-004_akcia-4kusy.jpg\",\"datePublished\":\"2020-06-03T14:41:19+00:00\",\"dateModified\":\"2025-03-13T19:42:03+00:00\",\"description\":\"Akciov\u00e1 s\u00faprava bezdotykov\u00fdch d\u00e1vkova\u010dov dezinfekcie obsahuj\u00faca 4 bezdotykov\u00e9 d\u00e1vkova\u010de s rozpra\u0161ova\u010dom na elegantnom podlahovom stojane z br\u00fasenej nereze.\",\"breadcrumb\":{\"@id\":\"https:\\\/\\\/www.hostin.sk\\\/de\\\/produkt\\\/kontaktlose-desinfektion-action-4\\\/#breadcrumb\"},\"inLanguage\":\"de\",\"potentialAction\":[{\"@type\":\"ReadAction\",\"target\":[\"https:\\\/\\\/www.hostin.sk\\\/de\\\/produkt\\\/kontaktlose-desinfektion-action-4\\\/\"]}]},{\"@type\":\"ImageObject\",\"inLanguage\":\"de\",\"@id\":\"https:\\\/\\\/www.hostin.sk\\\/de\\\/produkt\\\/kontaktlose-desinfektion-action-4\\\/#primaryimage\",\"url\":\"https:\\\/\\\/www.hostin.sk\\\/wp-content\\\/uploads\\\/2020\\\/06\\\/DD-MOL-004_akcia-4kusy.jpg\",\"contentUrl\":\"https:\\\/\\\/www.hostin.sk\\\/wp-content\\\/uploads\\\/2020\\\/06\\\/DD-MOL-004_akcia-4kusy.jpg\",\"width\":994,\"height\":751},{\"@type\":\"BreadcrumbList\",\"@id\":\"https:\\\/\\\/www.hostin.sk\\\/de\\\/produkt\\\/kontaktlose-desinfektion-action-4\\\/#breadcrumb\",\"itemListElement\":[{\"@type\":\"ListItem\",\"position\":1,\"name\":\"Domov\",\"item\":\"https:\\\/\\\/www.hostin.sk\\\/de\\\/\"},{\"@type\":\"ListItem\",\"position\":2,\"name\":\"E-shop\",\"item\":\"https:\\\/\\\/www.hostin.sk\\\/de\\\/e-shop\\\/\"},{\"@type\":\"ListItem\",\"position\":3,\"name\":\"Desinfektionsst\u00e4nder\",\"item\":\"https:\\\/\\\/www.hostin.sk\\\/de\\\/produktkategorie\\\/desinfektionsstaender\\\/\"},{\"@type\":\"ListItem\",\"position\":4,\"name\":\"Kontaktlose Desinfektion &#8211; Action 4+\"}]},{\"@type\":\"WebSite\",\"@id\":\"https:\\\/\\\/www.hostin.sk\\\/#website\",\"url\":\"https:\\\/\\\/www.hostin.sk\\\/\",\"name\":\"HOSTIN\",\"description\":\"Hroty proti vt\u00e1kom\",\"potentialAction\":[{\"@type\":\"SearchAction\",\"target\":{\"@type\":\"EntryPoint\",\"urlTemplate\":\"https:\\\/\\\/www.hostin.sk\\\/?s={search_term_string}\"},\"query-input\":{\"@type\":\"PropertyValueSpecification\",\"valueRequired\":true,\"valueName\":\"search_term_string\"}}],\"inLanguage\":\"de\"}]}<\/script>\n<!-- \/ Yoast SEO plugin. -->","yoast_head_json":{"title":"Kontaktlose Desinfektion - Action 4+ - HOSTIN","description":"Akciov\u00e1 s\u00faprava bezdotykov\u00fdch d\u00e1vkova\u010dov dezinfekcie obsahuj\u00faca 4 bezdotykov\u00e9 d\u00e1vkova\u010de s rozpra\u0161ova\u010dom na elegantnom podlahovom stojane z br\u00fasenej nereze.","robots":{"index":"index","follow":"follow","max-snippet":"max-snippet:-1","max-image-preview":"max-image-preview:large","max-video-preview":"max-video-preview:-1"},"canonical":"https:\/\/www.hostin.sk\/de\/produkt\/kontaktlose-desinfektion-action-4\/","og_locale":"de_DE","og_type":"article","og_title":"Kontaktlose Desinfektion - Action 4+ - HOSTIN","og_description":"Akciov\u00e1 s\u00faprava bezdotykov\u00fdch d\u00e1vkova\u010dov dezinfekcie obsahuj\u00faca 4 bezdotykov\u00e9 d\u00e1vkova\u010de s rozpra\u0161ova\u010dom na elegantnom podlahovom stojane z br\u00fasenej nereze.","og_url":"https:\/\/www.hostin.sk\/de\/produkt\/kontaktlose-desinfektion-action-4\/","og_site_name":"HOSTIN","article_modified_time":"2025-03-13T19:42:03+00:00","og_image":[{"width":994,"height":751,"url":"https:\/\/www.hostin.sk\/wp-content\/uploads\/2020\/06\/DD-MOL-004_akcia-4kusy.jpg","type":"image\/jpeg"}],"twitter_card":"summary_large_image","twitter_misc":{"Gesch\u00e4tzte Lesezeit":"1\u00a0Minute"},"schema":{"@context":"https:\/\/schema.org","@graph":[{"@type":"WebPage","@id":"https:\/\/www.hostin.sk\/de\/produkt\/kontaktlose-desinfektion-action-4\/","url":"https:\/\/www.hostin.sk\/de\/produkt\/kontaktlose-desinfektion-action-4\/","name":"Kontaktlose Desinfektion - Action 4+ - HOSTIN","isPartOf":{"@id":"https:\/\/www.hostin.sk\/#website"},"primaryImageOfPage":{"@id":"https:\/\/www.hostin.sk\/de\/produkt\/kontaktlose-desinfektion-action-4\/#primaryimage"},"image":{"@id":"https:\/\/www.hostin.sk\/de\/produkt\/kontaktlose-desinfektion-action-4\/#primaryimage"},"thumbnailUrl":"https:\/\/www.hostin.sk\/wp-content\/uploads\/2020\/06\/DD-MOL-004_akcia-4kusy.jpg","datePublished":"2020-06-03T14:41:19+00:00","dateModified":"2025-03-13T19:42:03+00:00","description":"Akciov\u00e1 s\u00faprava bezdotykov\u00fdch d\u00e1vkova\u010dov dezinfekcie obsahuj\u00faca 4 bezdotykov\u00e9 d\u00e1vkova\u010de s rozpra\u0161ova\u010dom na elegantnom podlahovom stojane z br\u00fasenej nereze.","breadcrumb":{"@id":"https:\/\/www.hostin.sk\/de\/produkt\/kontaktlose-desinfektion-action-4\/#breadcrumb"},"inLanguage":"de","potentialAction":[{"@type":"ReadAction","target":["https:\/\/www.hostin.sk\/de\/produkt\/kontaktlose-desinfektion-action-4\/"]}]},{"@type":"ImageObject","inLanguage":"de","@id":"https:\/\/www.hostin.sk\/de\/produkt\/kontaktlose-desinfektion-action-4\/#primaryimage","url":"https:\/\/www.hostin.sk\/wp-content\/uploads\/2020\/06\/DD-MOL-004_akcia-4kusy.jpg","contentUrl":"https:\/\/www.hostin.sk\/wp-content\/uploads\/2020\/06\/DD-MOL-004_akcia-4kusy.jpg","width":994,"height":751},{"@type":"BreadcrumbList","@id":"https:\/\/www.hostin.sk\/de\/produkt\/kontaktlose-desinfektion-action-4\/#breadcrumb","itemListElement":[{"@type":"ListItem","position":1,"name":"Domov","item":"https:\/\/www.hostin.sk\/de\/"},{"@type":"ListItem","position":2,"name":"E-shop","item":"https:\/\/www.hostin.sk\/de\/e-shop\/"},{"@type":"ListItem","position":3,"name":"Desinfektionsst\u00e4nder","item":"https:\/\/www.hostin.sk\/de\/produktkategorie\/desinfektionsstaender\/"},{"@type":"ListItem","position":4,"name":"Kontaktlose Desinfektion &#8211; Action 4+"}]},{"@type":"WebSite","@id":"https:\/\/www.hostin.sk\/#website","url":"https:\/\/www.hostin.sk\/","name":"HOSTIN","description":"Hroty proti vt\u00e1kom","potentialAction":[{"@type":"SearchAction","target":{"@type":"EntryPoint","urlTemplate":"https:\/\/www.hostin.sk\/?s={search_term_string}"},"query-input":{"@type":"PropertyValueSpecification","valueRequired":true,"valueName":"search_term_string"}}],"inLanguage":"de"}]}},"_links":{"self":[{"href":"https:\/\/www.hostin.sk\/de\/wp-json\/wp\/v2\/product\/9286","targetHints":{"allow":["GET"]}}],"collection":[{"href":"https:\/\/www.hostin.sk\/de\/wp-json\/wp\/v2\/product"}],"about":[{"href":"https:\/\/www.hostin.sk\/de\/wp-json\/wp\/v2\/types\/product"}],"wp:featuredmedia":[{"embeddable":true,"href":"https:\/\/www.hostin.sk\/de\/wp-json\/wp\/v2\/media\/8717"}],"wp:attachment":[{"href":"https:\/\/www.hostin.sk\/de\/wp-json\/wp\/v2\/media?parent=9286"}],"wp:term":[{"taxonomy":"product_brand","embeddable":true,"href":"https:\/\/www.hostin.sk\/de\/wp-json\/wp\/v2\/product_brand?post=9286"},{"taxonomy":"product_cat","embeddable":true,"href":"https:\/\/www.hostin.sk\/de\/wp-json\/wp\/v2\/product_cat?post=9286"},{"taxonomy":"product_tag","embeddable":true,"href":"https:\/\/www.hostin.sk\/de\/wp-json\/wp\/v2\/product_tag?post=9286"}],"curies":[{"name":"wp","href":"https:\/\/api.w.org\/{rel}","templated":true}]}}