{"id":9281,"date":"2022-10-07T19:24:02","date_gmt":"2022-10-07T17:24:02","guid":{"rendered":"https:\/\/www.hostin.sk\/produkt\/lepidlo-mamut-glue-high-tack-290-ml\/"},"modified":"2025-03-15T15:21:49","modified_gmt":"2025-03-15T14:21:49","slug":"kleber-mamut-glue-high-tack-290-ml","status":"publish","type":"product","link":"https:\/\/www.hostin.sk\/de\/produkt\/kleber-mamut-glue-high-tack-290-ml\/","title":{"rendered":"Kleber MAMUT GLUE High Tack 290 ml"},"content":{"rendered":"<p data-start=\"100\" data-end=\"310\">Der Den Braven MAMUT GLUE High Tack ist ein modernes, einkomponentiges Klebstoffsystem auf MS-Polymer-Basis mit sofortiger Fixierung und einer extrem hohen Anfangshaftung von bis zu 500 kg\/m\u00b2.\u00a0Er wurde speziell f\u00fcr das kleben ohne zus\u00e4tzliche Fixierung entwickelt und haftet sofort. Die Aush\u00e4rtung erfolgt durch Vulkanisation mit Luftfeuchtigkeit, wodurch eine hochfeste, elastische Verbindung entsteht.<\/p>\n","protected":false},"excerpt":{"rendered":"<p>Einkomponentiger Kleber auf MS-Polymer-Basis.<\/p>\n","protected":false},"featured_media":7346,"template":"","meta":{"_acf_changed":false},"product_brand":[],"product_cat":[103],"product_tag":[],"class_list":{"0":"post-9281","1":"product","2":"type-product","3":"status-publish","4":"has-post-thumbnail","6":"product_cat-zubehoer","8":"first","9":"instock","10":"taxable","11":"shipping-taxable","12":"purchasable","13":"product-type-simple"},"acf":[],"yoast_head":"<!-- This site is optimized with the Yoast SEO plugin v27.4 - https:\/\/yoast.com\/product\/yoast-seo-wordpress\/ -->\n<title>Kleber MAMUT GLUE High Tack 290 ml - HOSTIN<\/title>\n<meta name=\"description\" content=\"Modern\u00e9 jednozlo\u017ekov\u00e9 lepidlo na b\u00e1ze MS polym\u00e9ru s okam\u017eitou fix\u00e1ciou a extr\u00e9mne vysokou po\u010diato\u010dnou pri\u013enavos\u0165ou a\u017e 500 kg\/m\u00b2.\" \/>\n<meta name=\"robots\" content=\"index, follow, max-snippet:-1, max-image-preview:large, max-video-preview:-1\" \/>\n<link rel=\"canonical\" href=\"https:\/\/www.hostin.sk\/de\/produkt\/kleber-mamut-glue-high-tack-290-ml\/\" \/>\n<meta property=\"og:locale\" content=\"de_DE\" \/>\n<meta property=\"og:type\" content=\"article\" \/>\n<meta property=\"og:title\" content=\"Kleber MAMUT GLUE High Tack 290 ml - HOSTIN\" \/>\n<meta property=\"og:description\" content=\"Modern\u00e9 jednozlo\u017ekov\u00e9 lepidlo na b\u00e1ze MS polym\u00e9ru s okam\u017eitou fix\u00e1ciou a extr\u00e9mne vysokou po\u010diato\u010dnou pri\u013enavos\u0165ou a\u017e 500 kg\/m\u00b2.\" \/>\n<meta property=\"og:url\" content=\"https:\/\/www.hostin.sk\/de\/produkt\/kleber-mamut-glue-high-tack-290-ml\/\" \/>\n<meta property=\"og:site_name\" content=\"HOSTIN\" \/>\n<meta property=\"article:modified_time\" content=\"2025-03-15T14:21:49+00:00\" \/>\n<meta property=\"og:image\" content=\"https:\/\/www.hostin.sk\/wp-content\/uploads\/2022\/10\/mamut_velky.jpg\" \/>\n\t<meta property=\"og:image:width\" content=\"600\" \/>\n\t<meta property=\"og:image:height\" content=\"600\" \/>\n\t<meta property=\"og:image:type\" content=\"image\/jpeg\" \/>\n<meta name=\"twitter:card\" content=\"summary_large_image\" \/>\n<meta name=\"twitter:label1\" content=\"Gesch\u00e4tzte Lesezeit\" \/>\n\t<meta name=\"twitter:data1\" content=\"1\u00a0Minute\" \/>\n<script type=\"application\/ld+json\" class=\"yoast-schema-graph\">{\"@context\":\"https:\\\/\\\/schema.org\",\"@graph\":[{\"@type\":\"WebPage\",\"@id\":\"https:\\\/\\\/www.hostin.sk\\\/de\\\/produkt\\\/kleber-mamut-glue-high-tack-290-ml\\\/\",\"url\":\"https:\\\/\\\/www.hostin.sk\\\/de\\\/produkt\\\/kleber-mamut-glue-high-tack-290-ml\\\/\",\"name\":\"Kleber MAMUT GLUE High Tack 290 ml - HOSTIN\",\"isPartOf\":{\"@id\":\"https:\\\/\\\/www.hostin.sk\\\/#website\"},\"primaryImageOfPage\":{\"@id\":\"https:\\\/\\\/www.hostin.sk\\\/de\\\/produkt\\\/kleber-mamut-glue-high-tack-290-ml\\\/#primaryimage\"},\"image\":{\"@id\":\"https:\\\/\\\/www.hostin.sk\\\/de\\\/produkt\\\/kleber-mamut-glue-high-tack-290-ml\\\/#primaryimage\"},\"thumbnailUrl\":\"https:\\\/\\\/www.hostin.sk\\\/wp-content\\\/uploads\\\/2022\\\/10\\\/mamut_velky.jpg\",\"datePublished\":\"2022-10-07T17:24:02+00:00\",\"dateModified\":\"2025-03-15T14:21:49+00:00\",\"description\":\"Modern\u00e9 jednozlo\u017ekov\u00e9 lepidlo na b\u00e1ze MS polym\u00e9ru s okam\u017eitou fix\u00e1ciou a extr\u00e9mne vysokou po\u010diato\u010dnou pri\u013enavos\u0165ou a\u017e 500 kg\\\/m\u00b2.\",\"breadcrumb\":{\"@id\":\"https:\\\/\\\/www.hostin.sk\\\/de\\\/produkt\\\/kleber-mamut-glue-high-tack-290-ml\\\/#breadcrumb\"},\"inLanguage\":\"de\",\"potentialAction\":[{\"@type\":\"ReadAction\",\"target\":[\"https:\\\/\\\/www.hostin.sk\\\/de\\\/produkt\\\/kleber-mamut-glue-high-tack-290-ml\\\/\"]}]},{\"@type\":\"ImageObject\",\"inLanguage\":\"de\",\"@id\":\"https:\\\/\\\/www.hostin.sk\\\/de\\\/produkt\\\/kleber-mamut-glue-high-tack-290-ml\\\/#primaryimage\",\"url\":\"https:\\\/\\\/www.hostin.sk\\\/wp-content\\\/uploads\\\/2022\\\/10\\\/mamut_velky.jpg\",\"contentUrl\":\"https:\\\/\\\/www.hostin.sk\\\/wp-content\\\/uploads\\\/2022\\\/10\\\/mamut_velky.jpg\",\"width\":600,\"height\":600},{\"@type\":\"BreadcrumbList\",\"@id\":\"https:\\\/\\\/www.hostin.sk\\\/de\\\/produkt\\\/kleber-mamut-glue-high-tack-290-ml\\\/#breadcrumb\",\"itemListElement\":[{\"@type\":\"ListItem\",\"position\":1,\"name\":\"Domov\",\"item\":\"https:\\\/\\\/www.hostin.sk\\\/de\\\/\"},{\"@type\":\"ListItem\",\"position\":2,\"name\":\"E-shop\",\"item\":\"https:\\\/\\\/www.hostin.sk\\\/de\\\/e-shop\\\/\"},{\"@type\":\"ListItem\",\"position\":3,\"name\":\"Zubeh\u00f6r\",\"item\":\"https:\\\/\\\/www.hostin.sk\\\/de\\\/produktkategorie\\\/zubehoer\\\/\"},{\"@type\":\"ListItem\",\"position\":4,\"name\":\"Kleber MAMUT GLUE High Tack 290 ml\"}]},{\"@type\":\"WebSite\",\"@id\":\"https:\\\/\\\/www.hostin.sk\\\/#website\",\"url\":\"https:\\\/\\\/www.hostin.sk\\\/\",\"name\":\"HOSTIN\",\"description\":\"Hroty proti vt\u00e1kom\",\"potentialAction\":[{\"@type\":\"SearchAction\",\"target\":{\"@type\":\"EntryPoint\",\"urlTemplate\":\"https:\\\/\\\/www.hostin.sk\\\/?s={search_term_string}\"},\"query-input\":{\"@type\":\"PropertyValueSpecification\",\"valueRequired\":true,\"valueName\":\"search_term_string\"}}],\"inLanguage\":\"de\"}]}<\/script>\n<!-- \/ Yoast SEO plugin. -->","yoast_head_json":{"title":"Kleber MAMUT GLUE High Tack 290 ml - HOSTIN","description":"Modern\u00e9 jednozlo\u017ekov\u00e9 lepidlo na b\u00e1ze MS polym\u00e9ru s okam\u017eitou fix\u00e1ciou a extr\u00e9mne vysokou po\u010diato\u010dnou pri\u013enavos\u0165ou a\u017e 500 kg\/m\u00b2.","robots":{"index":"index","follow":"follow","max-snippet":"max-snippet:-1","max-image-preview":"max-image-preview:large","max-video-preview":"max-video-preview:-1"},"canonical":"https:\/\/www.hostin.sk\/de\/produkt\/kleber-mamut-glue-high-tack-290-ml\/","og_locale":"de_DE","og_type":"article","og_title":"Kleber MAMUT GLUE High Tack 290 ml - HOSTIN","og_description":"Modern\u00e9 jednozlo\u017ekov\u00e9 lepidlo na b\u00e1ze MS polym\u00e9ru s okam\u017eitou fix\u00e1ciou a extr\u00e9mne vysokou po\u010diato\u010dnou pri\u013enavos\u0165ou a\u017e 500 kg\/m\u00b2.","og_url":"https:\/\/www.hostin.sk\/de\/produkt\/kleber-mamut-glue-high-tack-290-ml\/","og_site_name":"HOSTIN","article_modified_time":"2025-03-15T14:21:49+00:00","og_image":[{"width":600,"height":600,"url":"https:\/\/www.hostin.sk\/wp-content\/uploads\/2022\/10\/mamut_velky.jpg","type":"image\/jpeg"}],"twitter_card":"summary_large_image","twitter_misc":{"Gesch\u00e4tzte Lesezeit":"1\u00a0Minute"},"schema":{"@context":"https:\/\/schema.org","@graph":[{"@type":"WebPage","@id":"https:\/\/www.hostin.sk\/de\/produkt\/kleber-mamut-glue-high-tack-290-ml\/","url":"https:\/\/www.hostin.sk\/de\/produkt\/kleber-mamut-glue-high-tack-290-ml\/","name":"Kleber MAMUT GLUE High Tack 290 ml - HOSTIN","isPartOf":{"@id":"https:\/\/www.hostin.sk\/#website"},"primaryImageOfPage":{"@id":"https:\/\/www.hostin.sk\/de\/produkt\/kleber-mamut-glue-high-tack-290-ml\/#primaryimage"},"image":{"@id":"https:\/\/www.hostin.sk\/de\/produkt\/kleber-mamut-glue-high-tack-290-ml\/#primaryimage"},"thumbnailUrl":"https:\/\/www.hostin.sk\/wp-content\/uploads\/2022\/10\/mamut_velky.jpg","datePublished":"2022-10-07T17:24:02+00:00","dateModified":"2025-03-15T14:21:49+00:00","description":"Modern\u00e9 jednozlo\u017ekov\u00e9 lepidlo na b\u00e1ze MS polym\u00e9ru s okam\u017eitou fix\u00e1ciou a extr\u00e9mne vysokou po\u010diato\u010dnou pri\u013enavos\u0165ou a\u017e 500 kg\/m\u00b2.","breadcrumb":{"@id":"https:\/\/www.hostin.sk\/de\/produkt\/kleber-mamut-glue-high-tack-290-ml\/#breadcrumb"},"inLanguage":"de","potentialAction":[{"@type":"ReadAction","target":["https:\/\/www.hostin.sk\/de\/produkt\/kleber-mamut-glue-high-tack-290-ml\/"]}]},{"@type":"ImageObject","inLanguage":"de","@id":"https:\/\/www.hostin.sk\/de\/produkt\/kleber-mamut-glue-high-tack-290-ml\/#primaryimage","url":"https:\/\/www.hostin.sk\/wp-content\/uploads\/2022\/10\/mamut_velky.jpg","contentUrl":"https:\/\/www.hostin.sk\/wp-content\/uploads\/2022\/10\/mamut_velky.jpg","width":600,"height":600},{"@type":"BreadcrumbList","@id":"https:\/\/www.hostin.sk\/de\/produkt\/kleber-mamut-glue-high-tack-290-ml\/#breadcrumb","itemListElement":[{"@type":"ListItem","position":1,"name":"Domov","item":"https:\/\/www.hostin.sk\/de\/"},{"@type":"ListItem","position":2,"name":"E-shop","item":"https:\/\/www.hostin.sk\/de\/e-shop\/"},{"@type":"ListItem","position":3,"name":"Zubeh\u00f6r","item":"https:\/\/www.hostin.sk\/de\/produktkategorie\/zubehoer\/"},{"@type":"ListItem","position":4,"name":"Kleber MAMUT GLUE High Tack 290 ml"}]},{"@type":"WebSite","@id":"https:\/\/www.hostin.sk\/#website","url":"https:\/\/www.hostin.sk\/","name":"HOSTIN","description":"Hroty proti vt\u00e1kom","potentialAction":[{"@type":"SearchAction","target":{"@type":"EntryPoint","urlTemplate":"https:\/\/www.hostin.sk\/?s={search_term_string}"},"query-input":{"@type":"PropertyValueSpecification","valueRequired":true,"valueName":"search_term_string"}}],"inLanguage":"de"}]}},"_links":{"self":[{"href":"https:\/\/www.hostin.sk\/de\/wp-json\/wp\/v2\/product\/9281","targetHints":{"allow":["GET"]}}],"collection":[{"href":"https:\/\/www.hostin.sk\/de\/wp-json\/wp\/v2\/product"}],"about":[{"href":"https:\/\/www.hostin.sk\/de\/wp-json\/wp\/v2\/types\/product"}],"wp:featuredmedia":[{"embeddable":true,"href":"https:\/\/www.hostin.sk\/de\/wp-json\/wp\/v2\/media\/7346"}],"wp:attachment":[{"href":"https:\/\/www.hostin.sk\/de\/wp-json\/wp\/v2\/media?parent=9281"}],"wp:term":[{"taxonomy":"product_brand","embeddable":true,"href":"https:\/\/www.hostin.sk\/de\/wp-json\/wp\/v2\/product_brand?post=9281"},{"taxonomy":"product_cat","embeddable":true,"href":"https:\/\/www.hostin.sk\/de\/wp-json\/wp\/v2\/product_cat?post=9281"},{"taxonomy":"product_tag","embeddable":true,"href":"https:\/\/www.hostin.sk\/de\/wp-json\/wp\/v2\/product_tag?post=9281"}],"curies":[{"name":"wp","href":"https:\/\/api.w.org\/{rel}","templated":true}]}}