{"id":9278,"date":"2022-10-11T12:38:02","date_gmt":"2022-10-11T10:38:02","guid":{"rendered":"https:\/\/www.hostin.sk\/produkt\/nerezove-lanko\/"},"modified":"2025-03-12T21:14:36","modified_gmt":"2025-03-12T20:14:36","slug":"edelstahldrahtseil","status":"publish","type":"product","link":"https:\/\/www.hostin.sk\/de\/produkt\/edelstahldrahtseil\/","title":{"rendered":"Edelstahldrahtseil"},"content":{"rendered":"","protected":false},"excerpt":{"rendered":"<p>Edelstahldrahtseil zur Befestigung von Vogelabwehrnetzen, L\u00e4nge 100 m.<\/p>\n","protected":false},"featured_media":7343,"template":"","meta":{"_acf_changed":false},"product_brand":[],"product_cat":[132,130,103,118],"product_tag":[],"class_list":{"0":"post-9278","1":"product","2":"type-product","3":"status-publish","4":"has-post-thumbnail","6":"product_cat-fuer-balkone","7":"product_cat-vogelabwehrnetze-zubehoer","8":"product_cat-zubehoer","9":"product_cat-zubehoer-fuer-spanndraehte","11":"first","12":"instock","13":"taxable","14":"shipping-taxable","15":"purchasable","16":"product-type-variable","17":"has-default-attributes"},"acf":[],"yoast_head":"<!-- This site is optimized with the Yoast SEO plugin v27.4 - https:\/\/yoast.com\/product\/yoast-seo-wordpress\/ -->\n<title>Edelstahldrahtseil - HOSTIN<\/title>\n<meta name=\"description\" content=\"Odoln\u00e9 nerezov\u00e9 lanko ur\u010den\u00e9 na spo\u013eahliv\u00e9 uchytenie siet\u00ed proti vt\u00e1kom. D\u013a\u017eka 100 m poskytuje dostato\u010dn\u00fa flexibilitu pri in\u0161tal\u00e1cii.\" \/>\n<meta name=\"robots\" content=\"index, follow, max-snippet:-1, max-image-preview:large, max-video-preview:-1\" \/>\n<link rel=\"canonical\" href=\"https:\/\/www.hostin.sk\/produkt\/nerezove-lanko\/\" \/>\n<meta property=\"og:locale\" content=\"de_DE\" \/>\n<meta property=\"og:type\" content=\"article\" \/>\n<meta property=\"og:title\" content=\"Edelstahldrahtseil - HOSTIN\" \/>\n<meta property=\"og:description\" content=\"Odoln\u00e9 nerezov\u00e9 lanko ur\u010den\u00e9 na spo\u013eahliv\u00e9 uchytenie siet\u00ed proti vt\u00e1kom. D\u013a\u017eka 100 m poskytuje dostato\u010dn\u00fa flexibilitu pri in\u0161tal\u00e1cii.\" \/>\n<meta property=\"og:url\" content=\"https:\/\/www.hostin.sk\/produkt\/nerezove-lanko\/\" \/>\n<meta property=\"og:site_name\" content=\"HOSTIN\" \/>\n<meta property=\"article:modified_time\" content=\"2025-03-12T20:14:36+00:00\" \/>\n<meta property=\"og:image\" content=\"https:\/\/www.hostin.sk\/wp-content\/uploads\/2022\/10\/Nerezove-lanko-1.jpg\" \/>\n\t<meta property=\"og:image:width\" content=\"932\" \/>\n\t<meta property=\"og:image:height\" content=\"932\" \/>\n\t<meta property=\"og:image:type\" content=\"image\/jpeg\" \/>\n<meta name=\"twitter:card\" content=\"summary_large_image\" \/>\n<meta name=\"twitter:label1\" content=\"Gesch\u00e4tzte Lesezeit\" \/>\n\t<meta name=\"twitter:data1\" content=\"1\u00a0Minute\" \/>\n<script type=\"application\/ld+json\" class=\"yoast-schema-graph\">{\"@context\":\"https:\\\/\\\/schema.org\",\"@graph\":[{\"@type\":\"WebPage\",\"@id\":\"https:\\\/\\\/www.hostin.sk\\\/produkt\\\/nerezove-lanko\\\/\",\"url\":\"https:\\\/\\\/www.hostin.sk\\\/produkt\\\/nerezove-lanko\\\/\",\"name\":\"Edelstahldrahtseil - HOSTIN\",\"isPartOf\":{\"@id\":\"https:\\\/\\\/www.hostin.sk\\\/#website\"},\"primaryImageOfPage\":{\"@id\":\"https:\\\/\\\/www.hostin.sk\\\/produkt\\\/nerezove-lanko\\\/#primaryimage\"},\"image\":{\"@id\":\"https:\\\/\\\/www.hostin.sk\\\/produkt\\\/nerezove-lanko\\\/#primaryimage\"},\"thumbnailUrl\":\"https:\\\/\\\/www.hostin.sk\\\/wp-content\\\/uploads\\\/2022\\\/10\\\/Nerezove-lanko-1.jpg\",\"datePublished\":\"2022-10-11T10:38:02+00:00\",\"dateModified\":\"2025-03-12T20:14:36+00:00\",\"description\":\"Odoln\u00e9 nerezov\u00e9 lanko ur\u010den\u00e9 na spo\u013eahliv\u00e9 uchytenie siet\u00ed proti vt\u00e1kom. D\u013a\u017eka 100 m poskytuje dostato\u010dn\u00fa flexibilitu pri in\u0161tal\u00e1cii.\",\"breadcrumb\":{\"@id\":\"https:\\\/\\\/www.hostin.sk\\\/produkt\\\/nerezove-lanko\\\/#breadcrumb\"},\"inLanguage\":\"de\",\"potentialAction\":[{\"@type\":\"ReadAction\",\"target\":[\"https:\\\/\\\/www.hostin.sk\\\/produkt\\\/nerezove-lanko\\\/\"]}]},{\"@type\":\"ImageObject\",\"inLanguage\":\"de\",\"@id\":\"https:\\\/\\\/www.hostin.sk\\\/produkt\\\/nerezove-lanko\\\/#primaryimage\",\"url\":\"https:\\\/\\\/www.hostin.sk\\\/wp-content\\\/uploads\\\/2022\\\/10\\\/Nerezove-lanko-1.jpg\",\"contentUrl\":\"https:\\\/\\\/www.hostin.sk\\\/wp-content\\\/uploads\\\/2022\\\/10\\\/Nerezove-lanko-1.jpg\",\"width\":932,\"height\":932},{\"@type\":\"BreadcrumbList\",\"@id\":\"https:\\\/\\\/www.hostin.sk\\\/produkt\\\/nerezove-lanko\\\/#breadcrumb\",\"itemListElement\":[{\"@type\":\"ListItem\",\"position\":1,\"name\":\"Domov\",\"item\":\"https:\\\/\\\/www.hostin.sk\\\/de\\\/\"},{\"@type\":\"ListItem\",\"position\":2,\"name\":\"E-shop\",\"item\":\"https:\\\/\\\/www.hostin.sk\\\/de\\\/e-shop\\\/\"},{\"@type\":\"ListItem\",\"position\":3,\"name\":\"Z\u00e1brany pod\u013ea prevedenia\",\"item\":\"https:\\\/\\\/www.hostin.sk\\\/kategoria-produktu\\\/podla-prevedenia\\\/\"},{\"@type\":\"ListItem\",\"position\":4,\"name\":\"Lankov\u00fd syst\u00e9m\",\"item\":\"https:\\\/\\\/www.hostin.sk\\\/kategoria-produktu\\\/podla-prevedenia\\\/lankovy-system\\\/\"},{\"@type\":\"ListItem\",\"position\":5,\"name\":\"Pr\u00edslu\u0161enstvo laniek\",\"item\":\"https:\\\/\\\/www.hostin.sk\\\/kategoria-produktu\\\/lankovy-system\\\/prislusenstvo-laniek\\\/\"},{\"@type\":\"ListItem\",\"position\":6,\"name\":\"Edelstahldrahtseil\"}]},{\"@type\":\"WebSite\",\"@id\":\"https:\\\/\\\/www.hostin.sk\\\/#website\",\"url\":\"https:\\\/\\\/www.hostin.sk\\\/\",\"name\":\"HOSTIN\",\"description\":\"Hroty proti vt\u00e1kom\",\"potentialAction\":[{\"@type\":\"SearchAction\",\"target\":{\"@type\":\"EntryPoint\",\"urlTemplate\":\"https:\\\/\\\/www.hostin.sk\\\/?s={search_term_string}\"},\"query-input\":{\"@type\":\"PropertyValueSpecification\",\"valueRequired\":true,\"valueName\":\"search_term_string\"}}],\"inLanguage\":\"de\"}]}<\/script>\n<!-- \/ Yoast SEO plugin. -->","yoast_head_json":{"title":"Edelstahldrahtseil - HOSTIN","description":"Odoln\u00e9 nerezov\u00e9 lanko ur\u010den\u00e9 na spo\u013eahliv\u00e9 uchytenie siet\u00ed proti vt\u00e1kom. D\u013a\u017eka 100 m poskytuje dostato\u010dn\u00fa flexibilitu pri in\u0161tal\u00e1cii.","robots":{"index":"index","follow":"follow","max-snippet":"max-snippet:-1","max-image-preview":"max-image-preview:large","max-video-preview":"max-video-preview:-1"},"canonical":"https:\/\/www.hostin.sk\/produkt\/nerezove-lanko\/","og_locale":"de_DE","og_type":"article","og_title":"Edelstahldrahtseil - HOSTIN","og_description":"Odoln\u00e9 nerezov\u00e9 lanko ur\u010den\u00e9 na spo\u013eahliv\u00e9 uchytenie siet\u00ed proti vt\u00e1kom. D\u013a\u017eka 100 m poskytuje dostato\u010dn\u00fa flexibilitu pri in\u0161tal\u00e1cii.","og_url":"https:\/\/www.hostin.sk\/produkt\/nerezove-lanko\/","og_site_name":"HOSTIN","article_modified_time":"2025-03-12T20:14:36+00:00","og_image":[{"width":932,"height":932,"url":"https:\/\/www.hostin.sk\/wp-content\/uploads\/2022\/10\/Nerezove-lanko-1.jpg","type":"image\/jpeg"}],"twitter_card":"summary_large_image","twitter_misc":{"Gesch\u00e4tzte Lesezeit":"1\u00a0Minute"},"schema":{"@context":"https:\/\/schema.org","@graph":[{"@type":"WebPage","@id":"https:\/\/www.hostin.sk\/produkt\/nerezove-lanko\/","url":"https:\/\/www.hostin.sk\/produkt\/nerezove-lanko\/","name":"Edelstahldrahtseil - HOSTIN","isPartOf":{"@id":"https:\/\/www.hostin.sk\/#website"},"primaryImageOfPage":{"@id":"https:\/\/www.hostin.sk\/produkt\/nerezove-lanko\/#primaryimage"},"image":{"@id":"https:\/\/www.hostin.sk\/produkt\/nerezove-lanko\/#primaryimage"},"thumbnailUrl":"https:\/\/www.hostin.sk\/wp-content\/uploads\/2022\/10\/Nerezove-lanko-1.jpg","datePublished":"2022-10-11T10:38:02+00:00","dateModified":"2025-03-12T20:14:36+00:00","description":"Odoln\u00e9 nerezov\u00e9 lanko ur\u010den\u00e9 na spo\u013eahliv\u00e9 uchytenie siet\u00ed proti vt\u00e1kom. D\u013a\u017eka 100 m poskytuje dostato\u010dn\u00fa flexibilitu pri in\u0161tal\u00e1cii.","breadcrumb":{"@id":"https:\/\/www.hostin.sk\/produkt\/nerezove-lanko\/#breadcrumb"},"inLanguage":"de","potentialAction":[{"@type":"ReadAction","target":["https:\/\/www.hostin.sk\/produkt\/nerezove-lanko\/"]}]},{"@type":"ImageObject","inLanguage":"de","@id":"https:\/\/www.hostin.sk\/produkt\/nerezove-lanko\/#primaryimage","url":"https:\/\/www.hostin.sk\/wp-content\/uploads\/2022\/10\/Nerezove-lanko-1.jpg","contentUrl":"https:\/\/www.hostin.sk\/wp-content\/uploads\/2022\/10\/Nerezove-lanko-1.jpg","width":932,"height":932},{"@type":"BreadcrumbList","@id":"https:\/\/www.hostin.sk\/produkt\/nerezove-lanko\/#breadcrumb","itemListElement":[{"@type":"ListItem","position":1,"name":"Domov","item":"https:\/\/www.hostin.sk\/de\/"},{"@type":"ListItem","position":2,"name":"E-shop","item":"https:\/\/www.hostin.sk\/de\/e-shop\/"},{"@type":"ListItem","position":3,"name":"Z\u00e1brany pod\u013ea prevedenia","item":"https:\/\/www.hostin.sk\/kategoria-produktu\/podla-prevedenia\/"},{"@type":"ListItem","position":4,"name":"Lankov\u00fd syst\u00e9m","item":"https:\/\/www.hostin.sk\/kategoria-produktu\/podla-prevedenia\/lankovy-system\/"},{"@type":"ListItem","position":5,"name":"Pr\u00edslu\u0161enstvo laniek","item":"https:\/\/www.hostin.sk\/kategoria-produktu\/lankovy-system\/prislusenstvo-laniek\/"},{"@type":"ListItem","position":6,"name":"Edelstahldrahtseil"}]},{"@type":"WebSite","@id":"https:\/\/www.hostin.sk\/#website","url":"https:\/\/www.hostin.sk\/","name":"HOSTIN","description":"Hroty proti vt\u00e1kom","potentialAction":[{"@type":"SearchAction","target":{"@type":"EntryPoint","urlTemplate":"https:\/\/www.hostin.sk\/?s={search_term_string}"},"query-input":{"@type":"PropertyValueSpecification","valueRequired":true,"valueName":"search_term_string"}}],"inLanguage":"de"}]}},"_links":{"self":[{"href":"https:\/\/www.hostin.sk\/de\/wp-json\/wp\/v2\/product\/9278","targetHints":{"allow":["GET"]}}],"collection":[{"href":"https:\/\/www.hostin.sk\/de\/wp-json\/wp\/v2\/product"}],"about":[{"href":"https:\/\/www.hostin.sk\/de\/wp-json\/wp\/v2\/types\/product"}],"wp:featuredmedia":[{"embeddable":true,"href":"https:\/\/www.hostin.sk\/de\/wp-json\/wp\/v2\/media\/7343"}],"wp:attachment":[{"href":"https:\/\/www.hostin.sk\/de\/wp-json\/wp\/v2\/media?parent=9278"}],"wp:term":[{"taxonomy":"product_brand","embeddable":true,"href":"https:\/\/www.hostin.sk\/de\/wp-json\/wp\/v2\/product_brand?post=9278"},{"taxonomy":"product_cat","embeddable":true,"href":"https:\/\/www.hostin.sk\/de\/wp-json\/wp\/v2\/product_cat?post=9278"},{"taxonomy":"product_tag","embeddable":true,"href":"https:\/\/www.hostin.sk\/de\/wp-json\/wp\/v2\/product_tag?post=9278"}],"curies":[{"name":"wp","href":"https:\/\/api.w.org\/{rel}","templated":true}]}}