{"id":9276,"date":"2022-10-11T12:49:47","date_gmt":"2022-10-11T10:49:47","guid":{"rendered":"https:\/\/www.hostin.sk\/produkt\/nerezova-skrutka-s-ockom\/"},"modified":"2025-03-12T18:39:00","modified_gmt":"2025-03-12T17:39:00","slug":"edelstahlschraube-mit-oese","status":"publish","type":"product","link":"https:\/\/www.hostin.sk\/de\/produkt\/edelstahlschraube-mit-oese\/","title":{"rendered":"Edelstahlschraube mit \u00d6se"},"content":{"rendered":"","protected":false},"excerpt":{"rendered":"<p>Edelstahlschraube mit \u00d6se zur Befestigung von Vogelabwehrnetzen.<\/p>\n","protected":false},"featured_media":7337,"template":"","meta":{"_acf_changed":false},"product_brand":[],"product_cat":[132,130,103],"product_tag":[],"class_list":{"0":"post-9276","1":"product","2":"type-product","3":"status-publish","4":"has-post-thumbnail","6":"product_cat-fuer-balkone","7":"product_cat-vogelabwehrnetze-zubehoer","8":"product_cat-zubehoer","10":"first","11":"instock","12":"taxable","13":"shipping-taxable","14":"purchasable","15":"product-type-simple"},"acf":[],"yoast_head":"<!-- This site is optimized with the Yoast SEO plugin v27.4 - https:\/\/yoast.com\/product\/yoast-seo-wordpress\/ -->\n<title>Edelstahlschraube mit \u00d6se - HOSTIN<\/title>\n<meta name=\"description\" content=\"Odoln\u00e1 nerezov\u00e1 skrutka s o\u010dkom ur\u010den\u00e1 na spo\u013eahliv\u00e9 uchytenie siet\u00ed proti vt\u00e1kom. Vysok\u00e1 pevnos\u0165, odolnos\u0165 vo\u010di kor\u00f3zii a jednoduch\u00e1 mont\u00e1\u017e.\" \/>\n<meta name=\"robots\" content=\"index, follow, max-snippet:-1, max-image-preview:large, max-video-preview:-1\" \/>\n<link rel=\"canonical\" href=\"https:\/\/www.hostin.sk\/produkt\/nerezova-skrutka-s-ockom\/\" \/>\n<meta property=\"og:locale\" content=\"de_DE\" \/>\n<meta property=\"og:type\" content=\"article\" \/>\n<meta property=\"og:title\" content=\"Edelstahlschraube mit \u00d6se - HOSTIN\" \/>\n<meta property=\"og:description\" content=\"Odoln\u00e1 nerezov\u00e1 skrutka s o\u010dkom ur\u010den\u00e1 na spo\u013eahliv\u00e9 uchytenie siet\u00ed proti vt\u00e1kom. Vysok\u00e1 pevnos\u0165, odolnos\u0165 vo\u010di kor\u00f3zii a jednoduch\u00e1 mont\u00e1\u017e.\" \/>\n<meta property=\"og:url\" content=\"https:\/\/www.hostin.sk\/produkt\/nerezova-skrutka-s-ockom\/\" \/>\n<meta property=\"og:site_name\" content=\"HOSTIN\" \/>\n<meta property=\"article:modified_time\" content=\"2025-03-12T17:39:00+00:00\" \/>\n<meta property=\"og:image\" content=\"https:\/\/www.hostin.sk\/wp-content\/uploads\/2022\/10\/Nerezova-skrutka-s-ockom.jpg\" \/>\n\t<meta property=\"og:image:width\" content=\"640\" \/>\n\t<meta property=\"og:image:height\" content=\"640\" \/>\n\t<meta property=\"og:image:type\" content=\"image\/jpeg\" \/>\n<meta name=\"twitter:card\" content=\"summary_large_image\" \/>\n<meta name=\"twitter:label1\" content=\"Gesch\u00e4tzte Lesezeit\" \/>\n\t<meta name=\"twitter:data1\" content=\"1\u00a0Minute\" \/>\n<script type=\"application\/ld+json\" class=\"yoast-schema-graph\">{\"@context\":\"https:\\\/\\\/schema.org\",\"@graph\":[{\"@type\":\"WebPage\",\"@id\":\"https:\\\/\\\/www.hostin.sk\\\/produkt\\\/nerezova-skrutka-s-ockom\\\/\",\"url\":\"https:\\\/\\\/www.hostin.sk\\\/produkt\\\/nerezova-skrutka-s-ockom\\\/\",\"name\":\"Edelstahlschraube mit \u00d6se - HOSTIN\",\"isPartOf\":{\"@id\":\"https:\\\/\\\/www.hostin.sk\\\/#website\"},\"primaryImageOfPage\":{\"@id\":\"https:\\\/\\\/www.hostin.sk\\\/produkt\\\/nerezova-skrutka-s-ockom\\\/#primaryimage\"},\"image\":{\"@id\":\"https:\\\/\\\/www.hostin.sk\\\/produkt\\\/nerezova-skrutka-s-ockom\\\/#primaryimage\"},\"thumbnailUrl\":\"https:\\\/\\\/www.hostin.sk\\\/wp-content\\\/uploads\\\/2022\\\/10\\\/Nerezova-skrutka-s-ockom.jpg\",\"datePublished\":\"2022-10-11T10:49:47+00:00\",\"dateModified\":\"2025-03-12T17:39:00+00:00\",\"description\":\"Odoln\u00e1 nerezov\u00e1 skrutka s o\u010dkom ur\u010den\u00e1 na spo\u013eahliv\u00e9 uchytenie siet\u00ed proti vt\u00e1kom. Vysok\u00e1 pevnos\u0165, odolnos\u0165 vo\u010di kor\u00f3zii a jednoduch\u00e1 mont\u00e1\u017e.\",\"breadcrumb\":{\"@id\":\"https:\\\/\\\/www.hostin.sk\\\/produkt\\\/nerezova-skrutka-s-ockom\\\/#breadcrumb\"},\"inLanguage\":\"de\",\"potentialAction\":[{\"@type\":\"ReadAction\",\"target\":[\"https:\\\/\\\/www.hostin.sk\\\/produkt\\\/nerezova-skrutka-s-ockom\\\/\"]}]},{\"@type\":\"ImageObject\",\"inLanguage\":\"de\",\"@id\":\"https:\\\/\\\/www.hostin.sk\\\/produkt\\\/nerezova-skrutka-s-ockom\\\/#primaryimage\",\"url\":\"https:\\\/\\\/www.hostin.sk\\\/wp-content\\\/uploads\\\/2022\\\/10\\\/Nerezova-skrutka-s-ockom.jpg\",\"contentUrl\":\"https:\\\/\\\/www.hostin.sk\\\/wp-content\\\/uploads\\\/2022\\\/10\\\/Nerezova-skrutka-s-ockom.jpg\",\"width\":640,\"height\":640},{\"@type\":\"BreadcrumbList\",\"@id\":\"https:\\\/\\\/www.hostin.sk\\\/produkt\\\/nerezova-skrutka-s-ockom\\\/#breadcrumb\",\"itemListElement\":[{\"@type\":\"ListItem\",\"position\":1,\"name\":\"Domov\",\"item\":\"https:\\\/\\\/www.hostin.sk\\\/de\\\/\"},{\"@type\":\"ListItem\",\"position\":2,\"name\":\"E-shop\",\"item\":\"https:\\\/\\\/www.hostin.sk\\\/de\\\/e-shop\\\/\"},{\"@type\":\"ListItem\",\"position\":3,\"name\":\"Z\u00e1brany pod\u013ea prevedenia\",\"item\":\"https:\\\/\\\/www.hostin.sk\\\/kategoria-produktu\\\/podla-prevedenia\\\/\"},{\"@type\":\"ListItem\",\"position\":4,\"name\":\"Siete proti vt\u00e1ctvu\",\"item\":\"https:\\\/\\\/www.hostin.sk\\\/kategoria-produktu\\\/podla-prevedenia\\\/siete-proti-vtactvu\\\/\"},{\"@type\":\"ListItem\",\"position\":5,\"name\":\"Pr\u00edslu\u0161enstvo siet\u00ed\",\"item\":\"https:\\\/\\\/www.hostin.sk\\\/kategoria-produktu\\\/siete-proti-vtactvu\\\/prislusenstvo-sieti\\\/\"},{\"@type\":\"ListItem\",\"position\":6,\"name\":\"Edelstahlschraube mit \u00d6se\"}]},{\"@type\":\"WebSite\",\"@id\":\"https:\\\/\\\/www.hostin.sk\\\/#website\",\"url\":\"https:\\\/\\\/www.hostin.sk\\\/\",\"name\":\"HOSTIN\",\"description\":\"Hroty proti vt\u00e1kom\",\"potentialAction\":[{\"@type\":\"SearchAction\",\"target\":{\"@type\":\"EntryPoint\",\"urlTemplate\":\"https:\\\/\\\/www.hostin.sk\\\/?s={search_term_string}\"},\"query-input\":{\"@type\":\"PropertyValueSpecification\",\"valueRequired\":true,\"valueName\":\"search_term_string\"}}],\"inLanguage\":\"de\"}]}<\/script>\n<!-- \/ Yoast SEO plugin. -->","yoast_head_json":{"title":"Edelstahlschraube mit \u00d6se - HOSTIN","description":"Odoln\u00e1 nerezov\u00e1 skrutka s o\u010dkom ur\u010den\u00e1 na spo\u013eahliv\u00e9 uchytenie siet\u00ed proti vt\u00e1kom. Vysok\u00e1 pevnos\u0165, odolnos\u0165 vo\u010di kor\u00f3zii a jednoduch\u00e1 mont\u00e1\u017e.","robots":{"index":"index","follow":"follow","max-snippet":"max-snippet:-1","max-image-preview":"max-image-preview:large","max-video-preview":"max-video-preview:-1"},"canonical":"https:\/\/www.hostin.sk\/produkt\/nerezova-skrutka-s-ockom\/","og_locale":"de_DE","og_type":"article","og_title":"Edelstahlschraube mit \u00d6se - HOSTIN","og_description":"Odoln\u00e1 nerezov\u00e1 skrutka s o\u010dkom ur\u010den\u00e1 na spo\u013eahliv\u00e9 uchytenie siet\u00ed proti vt\u00e1kom. Vysok\u00e1 pevnos\u0165, odolnos\u0165 vo\u010di kor\u00f3zii a jednoduch\u00e1 mont\u00e1\u017e.","og_url":"https:\/\/www.hostin.sk\/produkt\/nerezova-skrutka-s-ockom\/","og_site_name":"HOSTIN","article_modified_time":"2025-03-12T17:39:00+00:00","og_image":[{"width":640,"height":640,"url":"https:\/\/www.hostin.sk\/wp-content\/uploads\/2022\/10\/Nerezova-skrutka-s-ockom.jpg","type":"image\/jpeg"}],"twitter_card":"summary_large_image","twitter_misc":{"Gesch\u00e4tzte Lesezeit":"1\u00a0Minute"},"schema":{"@context":"https:\/\/schema.org","@graph":[{"@type":"WebPage","@id":"https:\/\/www.hostin.sk\/produkt\/nerezova-skrutka-s-ockom\/","url":"https:\/\/www.hostin.sk\/produkt\/nerezova-skrutka-s-ockom\/","name":"Edelstahlschraube mit \u00d6se - HOSTIN","isPartOf":{"@id":"https:\/\/www.hostin.sk\/#website"},"primaryImageOfPage":{"@id":"https:\/\/www.hostin.sk\/produkt\/nerezova-skrutka-s-ockom\/#primaryimage"},"image":{"@id":"https:\/\/www.hostin.sk\/produkt\/nerezova-skrutka-s-ockom\/#primaryimage"},"thumbnailUrl":"https:\/\/www.hostin.sk\/wp-content\/uploads\/2022\/10\/Nerezova-skrutka-s-ockom.jpg","datePublished":"2022-10-11T10:49:47+00:00","dateModified":"2025-03-12T17:39:00+00:00","description":"Odoln\u00e1 nerezov\u00e1 skrutka s o\u010dkom ur\u010den\u00e1 na spo\u013eahliv\u00e9 uchytenie siet\u00ed proti vt\u00e1kom. Vysok\u00e1 pevnos\u0165, odolnos\u0165 vo\u010di kor\u00f3zii a jednoduch\u00e1 mont\u00e1\u017e.","breadcrumb":{"@id":"https:\/\/www.hostin.sk\/produkt\/nerezova-skrutka-s-ockom\/#breadcrumb"},"inLanguage":"de","potentialAction":[{"@type":"ReadAction","target":["https:\/\/www.hostin.sk\/produkt\/nerezova-skrutka-s-ockom\/"]}]},{"@type":"ImageObject","inLanguage":"de","@id":"https:\/\/www.hostin.sk\/produkt\/nerezova-skrutka-s-ockom\/#primaryimage","url":"https:\/\/www.hostin.sk\/wp-content\/uploads\/2022\/10\/Nerezova-skrutka-s-ockom.jpg","contentUrl":"https:\/\/www.hostin.sk\/wp-content\/uploads\/2022\/10\/Nerezova-skrutka-s-ockom.jpg","width":640,"height":640},{"@type":"BreadcrumbList","@id":"https:\/\/www.hostin.sk\/produkt\/nerezova-skrutka-s-ockom\/#breadcrumb","itemListElement":[{"@type":"ListItem","position":1,"name":"Domov","item":"https:\/\/www.hostin.sk\/de\/"},{"@type":"ListItem","position":2,"name":"E-shop","item":"https:\/\/www.hostin.sk\/de\/e-shop\/"},{"@type":"ListItem","position":3,"name":"Z\u00e1brany pod\u013ea prevedenia","item":"https:\/\/www.hostin.sk\/kategoria-produktu\/podla-prevedenia\/"},{"@type":"ListItem","position":4,"name":"Siete proti vt\u00e1ctvu","item":"https:\/\/www.hostin.sk\/kategoria-produktu\/podla-prevedenia\/siete-proti-vtactvu\/"},{"@type":"ListItem","position":5,"name":"Pr\u00edslu\u0161enstvo siet\u00ed","item":"https:\/\/www.hostin.sk\/kategoria-produktu\/siete-proti-vtactvu\/prislusenstvo-sieti\/"},{"@type":"ListItem","position":6,"name":"Edelstahlschraube mit \u00d6se"}]},{"@type":"WebSite","@id":"https:\/\/www.hostin.sk\/#website","url":"https:\/\/www.hostin.sk\/","name":"HOSTIN","description":"Hroty proti vt\u00e1kom","potentialAction":[{"@type":"SearchAction","target":{"@type":"EntryPoint","urlTemplate":"https:\/\/www.hostin.sk\/?s={search_term_string}"},"query-input":{"@type":"PropertyValueSpecification","valueRequired":true,"valueName":"search_term_string"}}],"inLanguage":"de"}]}},"_links":{"self":[{"href":"https:\/\/www.hostin.sk\/de\/wp-json\/wp\/v2\/product\/9276","targetHints":{"allow":["GET"]}}],"collection":[{"href":"https:\/\/www.hostin.sk\/de\/wp-json\/wp\/v2\/product"}],"about":[{"href":"https:\/\/www.hostin.sk\/de\/wp-json\/wp\/v2\/types\/product"}],"wp:featuredmedia":[{"embeddable":true,"href":"https:\/\/www.hostin.sk\/de\/wp-json\/wp\/v2\/media\/7337"}],"wp:attachment":[{"href":"https:\/\/www.hostin.sk\/de\/wp-json\/wp\/v2\/media?parent=9276"}],"wp:term":[{"taxonomy":"product_brand","embeddable":true,"href":"https:\/\/www.hostin.sk\/de\/wp-json\/wp\/v2\/product_brand?post=9276"},{"taxonomy":"product_cat","embeddable":true,"href":"https:\/\/www.hostin.sk\/de\/wp-json\/wp\/v2\/product_cat?post=9276"},{"taxonomy":"product_tag","embeddable":true,"href":"https:\/\/www.hostin.sk\/de\/wp-json\/wp\/v2\/product_tag?post=9276"}],"curies":[{"name":"wp","href":"https:\/\/api.w.org\/{rel}","templated":true}]}}