{"id":9274,"date":"2022-10-11T13:02:55","date_gmt":"2022-10-11T11:02:55","guid":{"rendered":"https:\/\/www.hostin.sk\/produkt\/al-kruzky\/"},"modified":"2025-03-12T22:09:34","modified_gmt":"2025-03-12T21:09:34","slug":"al-ringe","status":"publish","type":"product","link":"https:\/\/www.hostin.sk\/de\/produkt\/al-ringe\/","title":{"rendered":"AL Ringe"},"content":{"rendered":"","protected":false},"excerpt":{"rendered":"<p>Aluminiumringe zur Befestigung von Netzen am Tragseil (Preis pro Packung 2500 St\u00fcck).<\/p>\n","protected":false},"featured_media":7331,"template":"","meta":{"_acf_changed":false},"product_brand":[],"product_cat":[132,130,103],"product_tag":[],"class_list":{"0":"post-9274","1":"product","2":"type-product","3":"status-publish","4":"has-post-thumbnail","6":"product_cat-fuer-balkone","7":"product_cat-vogelabwehrnetze-zubehoer","8":"product_cat-zubehoer","10":"first","11":"instock","12":"taxable","13":"shipping-taxable","14":"purchasable","15":"product-type-simple"},"acf":[],"yoast_head":"<!-- This site is optimized with the Yoast SEO plugin v27.4 - https:\/\/yoast.com\/product\/yoast-seo-wordpress\/ -->\n<title>AL Ringe - HOSTIN<\/title>\n<meta name=\"description\" content=\"Odoln\u00e9 hlin\u00edkov\u00e9 kr\u00fa\u017eky ur\u010den\u00e9 na prichyt\u00e1vanie siet\u00ed k nosn\u00e9mu lanku. Zabezpe\u010duj\u00fa pevn\u00e9 a spo\u013eahliv\u00e9 uchytenie, ide\u00e1lne na r\u00f4zne sie\u0165ov\u00e9 aplik\u00e1cie.\" \/>\n<meta name=\"robots\" content=\"index, follow, max-snippet:-1, max-image-preview:large, max-video-preview:-1\" \/>\n<link rel=\"canonical\" href=\"https:\/\/www.hostin.sk\/produkt\/al-kruzky\/\" \/>\n<meta property=\"og:locale\" content=\"de_DE\" \/>\n<meta property=\"og:type\" content=\"article\" \/>\n<meta property=\"og:title\" content=\"AL Ringe - HOSTIN\" \/>\n<meta property=\"og:description\" content=\"Odoln\u00e9 hlin\u00edkov\u00e9 kr\u00fa\u017eky ur\u010den\u00e9 na prichyt\u00e1vanie siet\u00ed k nosn\u00e9mu lanku. Zabezpe\u010duj\u00fa pevn\u00e9 a spo\u013eahliv\u00e9 uchytenie, ide\u00e1lne na r\u00f4zne sie\u0165ov\u00e9 aplik\u00e1cie.\" \/>\n<meta property=\"og:url\" content=\"https:\/\/www.hostin.sk\/produkt\/al-kruzky\/\" \/>\n<meta property=\"og:site_name\" content=\"HOSTIN\" \/>\n<meta property=\"article:modified_time\" content=\"2025-03-12T21:09:34+00:00\" \/>\n<meta property=\"og:image\" content=\"https:\/\/www.hostin.sk\/wp-content\/uploads\/2022\/10\/AL-kruzky.jpg\" \/>\n\t<meta property=\"og:image:width\" content=\"1001\" \/>\n\t<meta property=\"og:image:height\" content=\"1001\" \/>\n\t<meta property=\"og:image:type\" content=\"image\/jpeg\" \/>\n<meta name=\"twitter:card\" content=\"summary_large_image\" \/>\n<meta name=\"twitter:label1\" content=\"Gesch\u00e4tzte Lesezeit\" \/>\n\t<meta name=\"twitter:data1\" content=\"1\u00a0Minute\" \/>\n<script type=\"application\/ld+json\" class=\"yoast-schema-graph\">{\"@context\":\"https:\\\/\\\/schema.org\",\"@graph\":[{\"@type\":\"WebPage\",\"@id\":\"https:\\\/\\\/www.hostin.sk\\\/produkt\\\/al-kruzky\\\/\",\"url\":\"https:\\\/\\\/www.hostin.sk\\\/produkt\\\/al-kruzky\\\/\",\"name\":\"AL Ringe - HOSTIN\",\"isPartOf\":{\"@id\":\"https:\\\/\\\/www.hostin.sk\\\/#website\"},\"primaryImageOfPage\":{\"@id\":\"https:\\\/\\\/www.hostin.sk\\\/produkt\\\/al-kruzky\\\/#primaryimage\"},\"image\":{\"@id\":\"https:\\\/\\\/www.hostin.sk\\\/produkt\\\/al-kruzky\\\/#primaryimage\"},\"thumbnailUrl\":\"https:\\\/\\\/www.hostin.sk\\\/wp-content\\\/uploads\\\/2022\\\/10\\\/AL-kruzky.jpg\",\"datePublished\":\"2022-10-11T11:02:55+00:00\",\"dateModified\":\"2025-03-12T21:09:34+00:00\",\"description\":\"Odoln\u00e9 hlin\u00edkov\u00e9 kr\u00fa\u017eky ur\u010den\u00e9 na prichyt\u00e1vanie siet\u00ed k nosn\u00e9mu lanku. Zabezpe\u010duj\u00fa pevn\u00e9 a spo\u013eahliv\u00e9 uchytenie, ide\u00e1lne na r\u00f4zne sie\u0165ov\u00e9 aplik\u00e1cie.\",\"breadcrumb\":{\"@id\":\"https:\\\/\\\/www.hostin.sk\\\/produkt\\\/al-kruzky\\\/#breadcrumb\"},\"inLanguage\":\"de\",\"potentialAction\":[{\"@type\":\"ReadAction\",\"target\":[\"https:\\\/\\\/www.hostin.sk\\\/produkt\\\/al-kruzky\\\/\"]}]},{\"@type\":\"ImageObject\",\"inLanguage\":\"de\",\"@id\":\"https:\\\/\\\/www.hostin.sk\\\/produkt\\\/al-kruzky\\\/#primaryimage\",\"url\":\"https:\\\/\\\/www.hostin.sk\\\/wp-content\\\/uploads\\\/2022\\\/10\\\/AL-kruzky.jpg\",\"contentUrl\":\"https:\\\/\\\/www.hostin.sk\\\/wp-content\\\/uploads\\\/2022\\\/10\\\/AL-kruzky.jpg\",\"width\":1001,\"height\":1001},{\"@type\":\"BreadcrumbList\",\"@id\":\"https:\\\/\\\/www.hostin.sk\\\/produkt\\\/al-kruzky\\\/#breadcrumb\",\"itemListElement\":[{\"@type\":\"ListItem\",\"position\":1,\"name\":\"Domov\",\"item\":\"https:\\\/\\\/www.hostin.sk\\\/de\\\/\"},{\"@type\":\"ListItem\",\"position\":2,\"name\":\"E-shop\",\"item\":\"https:\\\/\\\/www.hostin.sk\\\/de\\\/e-shop\\\/\"},{\"@type\":\"ListItem\",\"position\":3,\"name\":\"Z\u00e1brany pod\u013ea prevedenia\",\"item\":\"https:\\\/\\\/www.hostin.sk\\\/kategoria-produktu\\\/podla-prevedenia\\\/\"},{\"@type\":\"ListItem\",\"position\":4,\"name\":\"Siete proti vt\u00e1ctvu\",\"item\":\"https:\\\/\\\/www.hostin.sk\\\/kategoria-produktu\\\/podla-prevedenia\\\/siete-proti-vtactvu\\\/\"},{\"@type\":\"ListItem\",\"position\":5,\"name\":\"Pr\u00edslu\u0161enstvo siet\u00ed\",\"item\":\"https:\\\/\\\/www.hostin.sk\\\/kategoria-produktu\\\/siete-proti-vtactvu\\\/prislusenstvo-sieti\\\/\"},{\"@type\":\"ListItem\",\"position\":6,\"name\":\"AL Ringe\"}]},{\"@type\":\"WebSite\",\"@id\":\"https:\\\/\\\/www.hostin.sk\\\/#website\",\"url\":\"https:\\\/\\\/www.hostin.sk\\\/\",\"name\":\"HOSTIN\",\"description\":\"Hroty proti vt\u00e1kom\",\"potentialAction\":[{\"@type\":\"SearchAction\",\"target\":{\"@type\":\"EntryPoint\",\"urlTemplate\":\"https:\\\/\\\/www.hostin.sk\\\/?s={search_term_string}\"},\"query-input\":{\"@type\":\"PropertyValueSpecification\",\"valueRequired\":true,\"valueName\":\"search_term_string\"}}],\"inLanguage\":\"de\"}]}<\/script>\n<!-- \/ Yoast SEO plugin. -->","yoast_head_json":{"title":"AL Ringe - HOSTIN","description":"Odoln\u00e9 hlin\u00edkov\u00e9 kr\u00fa\u017eky ur\u010den\u00e9 na prichyt\u00e1vanie siet\u00ed k nosn\u00e9mu lanku. Zabezpe\u010duj\u00fa pevn\u00e9 a spo\u013eahliv\u00e9 uchytenie, ide\u00e1lne na r\u00f4zne sie\u0165ov\u00e9 aplik\u00e1cie.","robots":{"index":"index","follow":"follow","max-snippet":"max-snippet:-1","max-image-preview":"max-image-preview:large","max-video-preview":"max-video-preview:-1"},"canonical":"https:\/\/www.hostin.sk\/produkt\/al-kruzky\/","og_locale":"de_DE","og_type":"article","og_title":"AL Ringe - HOSTIN","og_description":"Odoln\u00e9 hlin\u00edkov\u00e9 kr\u00fa\u017eky ur\u010den\u00e9 na prichyt\u00e1vanie siet\u00ed k nosn\u00e9mu lanku. Zabezpe\u010duj\u00fa pevn\u00e9 a spo\u013eahliv\u00e9 uchytenie, ide\u00e1lne na r\u00f4zne sie\u0165ov\u00e9 aplik\u00e1cie.","og_url":"https:\/\/www.hostin.sk\/produkt\/al-kruzky\/","og_site_name":"HOSTIN","article_modified_time":"2025-03-12T21:09:34+00:00","og_image":[{"width":1001,"height":1001,"url":"https:\/\/www.hostin.sk\/wp-content\/uploads\/2022\/10\/AL-kruzky.jpg","type":"image\/jpeg"}],"twitter_card":"summary_large_image","twitter_misc":{"Gesch\u00e4tzte Lesezeit":"1\u00a0Minute"},"schema":{"@context":"https:\/\/schema.org","@graph":[{"@type":"WebPage","@id":"https:\/\/www.hostin.sk\/produkt\/al-kruzky\/","url":"https:\/\/www.hostin.sk\/produkt\/al-kruzky\/","name":"AL Ringe - HOSTIN","isPartOf":{"@id":"https:\/\/www.hostin.sk\/#website"},"primaryImageOfPage":{"@id":"https:\/\/www.hostin.sk\/produkt\/al-kruzky\/#primaryimage"},"image":{"@id":"https:\/\/www.hostin.sk\/produkt\/al-kruzky\/#primaryimage"},"thumbnailUrl":"https:\/\/www.hostin.sk\/wp-content\/uploads\/2022\/10\/AL-kruzky.jpg","datePublished":"2022-10-11T11:02:55+00:00","dateModified":"2025-03-12T21:09:34+00:00","description":"Odoln\u00e9 hlin\u00edkov\u00e9 kr\u00fa\u017eky ur\u010den\u00e9 na prichyt\u00e1vanie siet\u00ed k nosn\u00e9mu lanku. Zabezpe\u010duj\u00fa pevn\u00e9 a spo\u013eahliv\u00e9 uchytenie, ide\u00e1lne na r\u00f4zne sie\u0165ov\u00e9 aplik\u00e1cie.","breadcrumb":{"@id":"https:\/\/www.hostin.sk\/produkt\/al-kruzky\/#breadcrumb"},"inLanguage":"de","potentialAction":[{"@type":"ReadAction","target":["https:\/\/www.hostin.sk\/produkt\/al-kruzky\/"]}]},{"@type":"ImageObject","inLanguage":"de","@id":"https:\/\/www.hostin.sk\/produkt\/al-kruzky\/#primaryimage","url":"https:\/\/www.hostin.sk\/wp-content\/uploads\/2022\/10\/AL-kruzky.jpg","contentUrl":"https:\/\/www.hostin.sk\/wp-content\/uploads\/2022\/10\/AL-kruzky.jpg","width":1001,"height":1001},{"@type":"BreadcrumbList","@id":"https:\/\/www.hostin.sk\/produkt\/al-kruzky\/#breadcrumb","itemListElement":[{"@type":"ListItem","position":1,"name":"Domov","item":"https:\/\/www.hostin.sk\/de\/"},{"@type":"ListItem","position":2,"name":"E-shop","item":"https:\/\/www.hostin.sk\/de\/e-shop\/"},{"@type":"ListItem","position":3,"name":"Z\u00e1brany pod\u013ea prevedenia","item":"https:\/\/www.hostin.sk\/kategoria-produktu\/podla-prevedenia\/"},{"@type":"ListItem","position":4,"name":"Siete proti vt\u00e1ctvu","item":"https:\/\/www.hostin.sk\/kategoria-produktu\/podla-prevedenia\/siete-proti-vtactvu\/"},{"@type":"ListItem","position":5,"name":"Pr\u00edslu\u0161enstvo siet\u00ed","item":"https:\/\/www.hostin.sk\/kategoria-produktu\/siete-proti-vtactvu\/prislusenstvo-sieti\/"},{"@type":"ListItem","position":6,"name":"AL Ringe"}]},{"@type":"WebSite","@id":"https:\/\/www.hostin.sk\/#website","url":"https:\/\/www.hostin.sk\/","name":"HOSTIN","description":"Hroty proti vt\u00e1kom","potentialAction":[{"@type":"SearchAction","target":{"@type":"EntryPoint","urlTemplate":"https:\/\/www.hostin.sk\/?s={search_term_string}"},"query-input":{"@type":"PropertyValueSpecification","valueRequired":true,"valueName":"search_term_string"}}],"inLanguage":"de"}]}},"_links":{"self":[{"href":"https:\/\/www.hostin.sk\/de\/wp-json\/wp\/v2\/product\/9274","targetHints":{"allow":["GET"]}}],"collection":[{"href":"https:\/\/www.hostin.sk\/de\/wp-json\/wp\/v2\/product"}],"about":[{"href":"https:\/\/www.hostin.sk\/de\/wp-json\/wp\/v2\/types\/product"}],"wp:featuredmedia":[{"embeddable":true,"href":"https:\/\/www.hostin.sk\/de\/wp-json\/wp\/v2\/media\/7331"}],"wp:attachment":[{"href":"https:\/\/www.hostin.sk\/de\/wp-json\/wp\/v2\/media?parent=9274"}],"wp:term":[{"taxonomy":"product_brand","embeddable":true,"href":"https:\/\/www.hostin.sk\/de\/wp-json\/wp\/v2\/product_brand?post=9274"},{"taxonomy":"product_cat","embeddable":true,"href":"https:\/\/www.hostin.sk\/de\/wp-json\/wp\/v2\/product_cat?post=9274"},{"taxonomy":"product_tag","embeddable":true,"href":"https:\/\/www.hostin.sk\/de\/wp-json\/wp\/v2\/product_tag?post=9274"}],"curies":[{"name":"wp","href":"https:\/\/api.w.org\/{rel}","templated":true}]}}