{"id":9272,"date":"2022-10-11T13:12:14","date_gmt":"2022-10-11T11:12:14","guid":{"rendered":"https:\/\/www.hostin.sk\/produkt\/nerezova-trubicka\/"},"modified":"2025-03-12T18:32:20","modified_gmt":"2025-03-12T17:32:20","slug":"edelstahlhuelse","status":"publish","type":"product","link":"https:\/\/www.hostin.sk\/de\/produkt\/edelstahlhuelse\/","title":{"rendered":"Edelstahlh\u00fclse"},"content":{"rendered":"<p>Dient zur Fixierung des Edelstahlseils in Spanndrahtabwehrsystemen.<\/p>\n","protected":false},"excerpt":{"rendered":"<p>Dient zur Fixierung des Edelstahlseils in Spanndrahtabwehrsystemen.<\/p>\n","protected":false},"featured_media":7325,"template":"","meta":{"_acf_changed":false},"product_brand":[],"product_cat":[118],"product_tag":[],"class_list":{"0":"post-9272","1":"product","2":"type-product","3":"status-publish","4":"has-post-thumbnail","6":"product_cat-zubehoer-fuer-spanndraehte","8":"first","9":"instock","10":"taxable","11":"shipping-taxable","12":"purchasable","13":"product-type-simple"},"acf":[],"yoast_head":"<!-- This site is optimized with the Yoast SEO plugin v27.4 - https:\/\/yoast.com\/product\/yoast-seo-wordpress\/ -->\n<title>Edelstahlh\u00fclse - HOSTIN<\/title>\n<meta name=\"description\" content=\"Fix\u00e1tor ur\u010den\u00fd na spo\u013eahliv\u00e9 zafixovanie nerezov\u00e9ho lanka v lankov\u00fdch z\u00e1bran\u00e1ch. Zabezpe\u010duje pevn\u00e9 uchytenie a stabilitu syst\u00e9mu.\" \/>\n<meta name=\"robots\" content=\"index, follow, max-snippet:-1, max-image-preview:large, max-video-preview:-1\" \/>\n<link rel=\"canonical\" href=\"https:\/\/www.hostin.sk\/de\/produkt\/edelstahlhuelse\/\" \/>\n<meta property=\"og:locale\" content=\"de_DE\" \/>\n<meta property=\"og:type\" content=\"article\" \/>\n<meta property=\"og:title\" content=\"Edelstahlh\u00fclse - HOSTIN\" \/>\n<meta property=\"og:description\" content=\"Fix\u00e1tor ur\u010den\u00fd na spo\u013eahliv\u00e9 zafixovanie nerezov\u00e9ho lanka v lankov\u00fdch z\u00e1bran\u00e1ch. Zabezpe\u010duje pevn\u00e9 uchytenie a stabilitu syst\u00e9mu.\" \/>\n<meta property=\"og:url\" content=\"https:\/\/www.hostin.sk\/de\/produkt\/edelstahlhuelse\/\" \/>\n<meta property=\"og:site_name\" content=\"HOSTIN\" \/>\n<meta property=\"article:modified_time\" content=\"2025-03-12T17:32:20+00:00\" \/>\n<meta property=\"og:image\" content=\"https:\/\/www.hostin.sk\/wp-content\/uploads\/2022\/10\/nerezova_trubicka-2.jpg\" \/>\n\t<meta property=\"og:image:width\" content=\"720\" \/>\n\t<meta property=\"og:image:height\" content=\"720\" \/>\n\t<meta property=\"og:image:type\" content=\"image\/jpeg\" \/>\n<meta name=\"twitter:card\" content=\"summary_large_image\" \/>\n<meta name=\"twitter:label1\" content=\"Gesch\u00e4tzte Lesezeit\" \/>\n\t<meta name=\"twitter:data1\" content=\"1\u00a0Minute\" \/>\n<script type=\"application\/ld+json\" class=\"yoast-schema-graph\">{\"@context\":\"https:\\\/\\\/schema.org\",\"@graph\":[{\"@type\":\"WebPage\",\"@id\":\"https:\\\/\\\/www.hostin.sk\\\/de\\\/produkt\\\/edelstahlhuelse\\\/\",\"url\":\"https:\\\/\\\/www.hostin.sk\\\/de\\\/produkt\\\/edelstahlhuelse\\\/\",\"name\":\"Edelstahlh\u00fclse - HOSTIN\",\"isPartOf\":{\"@id\":\"https:\\\/\\\/www.hostin.sk\\\/#website\"},\"primaryImageOfPage\":{\"@id\":\"https:\\\/\\\/www.hostin.sk\\\/de\\\/produkt\\\/edelstahlhuelse\\\/#primaryimage\"},\"image\":{\"@id\":\"https:\\\/\\\/www.hostin.sk\\\/de\\\/produkt\\\/edelstahlhuelse\\\/#primaryimage\"},\"thumbnailUrl\":\"https:\\\/\\\/www.hostin.sk\\\/wp-content\\\/uploads\\\/2022\\\/10\\\/nerezova_trubicka-2.jpg\",\"datePublished\":\"2022-10-11T11:12:14+00:00\",\"dateModified\":\"2025-03-12T17:32:20+00:00\",\"description\":\"Fix\u00e1tor ur\u010den\u00fd na spo\u013eahliv\u00e9 zafixovanie nerezov\u00e9ho lanka v lankov\u00fdch z\u00e1bran\u00e1ch. Zabezpe\u010duje pevn\u00e9 uchytenie a stabilitu syst\u00e9mu.\",\"breadcrumb\":{\"@id\":\"https:\\\/\\\/www.hostin.sk\\\/de\\\/produkt\\\/edelstahlhuelse\\\/#breadcrumb\"},\"inLanguage\":\"de\",\"potentialAction\":[{\"@type\":\"ReadAction\",\"target\":[\"https:\\\/\\\/www.hostin.sk\\\/de\\\/produkt\\\/edelstahlhuelse\\\/\"]}]},{\"@type\":\"ImageObject\",\"inLanguage\":\"de\",\"@id\":\"https:\\\/\\\/www.hostin.sk\\\/de\\\/produkt\\\/edelstahlhuelse\\\/#primaryimage\",\"url\":\"https:\\\/\\\/www.hostin.sk\\\/wp-content\\\/uploads\\\/2022\\\/10\\\/nerezova_trubicka-2.jpg\",\"contentUrl\":\"https:\\\/\\\/www.hostin.sk\\\/wp-content\\\/uploads\\\/2022\\\/10\\\/nerezova_trubicka-2.jpg\",\"width\":720,\"height\":720},{\"@type\":\"BreadcrumbList\",\"@id\":\"https:\\\/\\\/www.hostin.sk\\\/de\\\/produkt\\\/edelstahlhuelse\\\/#breadcrumb\",\"itemListElement\":[{\"@type\":\"ListItem\",\"position\":1,\"name\":\"Domov\",\"item\":\"https:\\\/\\\/www.hostin.sk\\\/de\\\/\"},{\"@type\":\"ListItem\",\"position\":2,\"name\":\"E-shop\",\"item\":\"https:\\\/\\\/www.hostin.sk\\\/de\\\/e-shop\\\/\"},{\"@type\":\"ListItem\",\"position\":3,\"name\":\"Abwehrsysteme nach Ausf\u00fchrung\",\"item\":\"https:\\\/\\\/www.hostin.sk\\\/de\\\/produktkategorie\\\/abwehrsysteme-nach-ausfuehrung\\\/\"},{\"@type\":\"ListItem\",\"position\":4,\"name\":\"Spanndrahtabwehr\",\"item\":\"https:\\\/\\\/www.hostin.sk\\\/de\\\/produktkategorie\\\/abwehrsysteme-nach-ausfuehrung\\\/spanndrahtabwehr\\\/\"},{\"@type\":\"ListItem\",\"position\":5,\"name\":\"Zubeh\u00f6r f\u00fcr Spanndr\u00e4hte\",\"item\":\"https:\\\/\\\/www.hostin.sk\\\/de\\\/produktkategorie\\\/abwehrsysteme-nach-ausfuehrung\\\/spanndrahtabwehr\\\/zubehoer-fuer-spanndraehte\\\/\"},{\"@type\":\"ListItem\",\"position\":6,\"name\":\"Edelstahlh\u00fclse\"}]},{\"@type\":\"WebSite\",\"@id\":\"https:\\\/\\\/www.hostin.sk\\\/#website\",\"url\":\"https:\\\/\\\/www.hostin.sk\\\/\",\"name\":\"HOSTIN\",\"description\":\"Hroty proti vt\u00e1kom\",\"potentialAction\":[{\"@type\":\"SearchAction\",\"target\":{\"@type\":\"EntryPoint\",\"urlTemplate\":\"https:\\\/\\\/www.hostin.sk\\\/?s={search_term_string}\"},\"query-input\":{\"@type\":\"PropertyValueSpecification\",\"valueRequired\":true,\"valueName\":\"search_term_string\"}}],\"inLanguage\":\"de\"}]}<\/script>\n<!-- \/ Yoast SEO plugin. -->","yoast_head_json":{"title":"Edelstahlh\u00fclse - HOSTIN","description":"Fix\u00e1tor ur\u010den\u00fd na spo\u013eahliv\u00e9 zafixovanie nerezov\u00e9ho lanka v lankov\u00fdch z\u00e1bran\u00e1ch. Zabezpe\u010duje pevn\u00e9 uchytenie a stabilitu syst\u00e9mu.","robots":{"index":"index","follow":"follow","max-snippet":"max-snippet:-1","max-image-preview":"max-image-preview:large","max-video-preview":"max-video-preview:-1"},"canonical":"https:\/\/www.hostin.sk\/de\/produkt\/edelstahlhuelse\/","og_locale":"de_DE","og_type":"article","og_title":"Edelstahlh\u00fclse - HOSTIN","og_description":"Fix\u00e1tor ur\u010den\u00fd na spo\u013eahliv\u00e9 zafixovanie nerezov\u00e9ho lanka v lankov\u00fdch z\u00e1bran\u00e1ch. Zabezpe\u010duje pevn\u00e9 uchytenie a stabilitu syst\u00e9mu.","og_url":"https:\/\/www.hostin.sk\/de\/produkt\/edelstahlhuelse\/","og_site_name":"HOSTIN","article_modified_time":"2025-03-12T17:32:20+00:00","og_image":[{"width":720,"height":720,"url":"https:\/\/www.hostin.sk\/wp-content\/uploads\/2022\/10\/nerezova_trubicka-2.jpg","type":"image\/jpeg"}],"twitter_card":"summary_large_image","twitter_misc":{"Gesch\u00e4tzte Lesezeit":"1\u00a0Minute"},"schema":{"@context":"https:\/\/schema.org","@graph":[{"@type":"WebPage","@id":"https:\/\/www.hostin.sk\/de\/produkt\/edelstahlhuelse\/","url":"https:\/\/www.hostin.sk\/de\/produkt\/edelstahlhuelse\/","name":"Edelstahlh\u00fclse - HOSTIN","isPartOf":{"@id":"https:\/\/www.hostin.sk\/#website"},"primaryImageOfPage":{"@id":"https:\/\/www.hostin.sk\/de\/produkt\/edelstahlhuelse\/#primaryimage"},"image":{"@id":"https:\/\/www.hostin.sk\/de\/produkt\/edelstahlhuelse\/#primaryimage"},"thumbnailUrl":"https:\/\/www.hostin.sk\/wp-content\/uploads\/2022\/10\/nerezova_trubicka-2.jpg","datePublished":"2022-10-11T11:12:14+00:00","dateModified":"2025-03-12T17:32:20+00:00","description":"Fix\u00e1tor ur\u010den\u00fd na spo\u013eahliv\u00e9 zafixovanie nerezov\u00e9ho lanka v lankov\u00fdch z\u00e1bran\u00e1ch. Zabezpe\u010duje pevn\u00e9 uchytenie a stabilitu syst\u00e9mu.","breadcrumb":{"@id":"https:\/\/www.hostin.sk\/de\/produkt\/edelstahlhuelse\/#breadcrumb"},"inLanguage":"de","potentialAction":[{"@type":"ReadAction","target":["https:\/\/www.hostin.sk\/de\/produkt\/edelstahlhuelse\/"]}]},{"@type":"ImageObject","inLanguage":"de","@id":"https:\/\/www.hostin.sk\/de\/produkt\/edelstahlhuelse\/#primaryimage","url":"https:\/\/www.hostin.sk\/wp-content\/uploads\/2022\/10\/nerezova_trubicka-2.jpg","contentUrl":"https:\/\/www.hostin.sk\/wp-content\/uploads\/2022\/10\/nerezova_trubicka-2.jpg","width":720,"height":720},{"@type":"BreadcrumbList","@id":"https:\/\/www.hostin.sk\/de\/produkt\/edelstahlhuelse\/#breadcrumb","itemListElement":[{"@type":"ListItem","position":1,"name":"Domov","item":"https:\/\/www.hostin.sk\/de\/"},{"@type":"ListItem","position":2,"name":"E-shop","item":"https:\/\/www.hostin.sk\/de\/e-shop\/"},{"@type":"ListItem","position":3,"name":"Abwehrsysteme nach Ausf\u00fchrung","item":"https:\/\/www.hostin.sk\/de\/produktkategorie\/abwehrsysteme-nach-ausfuehrung\/"},{"@type":"ListItem","position":4,"name":"Spanndrahtabwehr","item":"https:\/\/www.hostin.sk\/de\/produktkategorie\/abwehrsysteme-nach-ausfuehrung\/spanndrahtabwehr\/"},{"@type":"ListItem","position":5,"name":"Zubeh\u00f6r f\u00fcr Spanndr\u00e4hte","item":"https:\/\/www.hostin.sk\/de\/produktkategorie\/abwehrsysteme-nach-ausfuehrung\/spanndrahtabwehr\/zubehoer-fuer-spanndraehte\/"},{"@type":"ListItem","position":6,"name":"Edelstahlh\u00fclse"}]},{"@type":"WebSite","@id":"https:\/\/www.hostin.sk\/#website","url":"https:\/\/www.hostin.sk\/","name":"HOSTIN","description":"Hroty proti vt\u00e1kom","potentialAction":[{"@type":"SearchAction","target":{"@type":"EntryPoint","urlTemplate":"https:\/\/www.hostin.sk\/?s={search_term_string}"},"query-input":{"@type":"PropertyValueSpecification","valueRequired":true,"valueName":"search_term_string"}}],"inLanguage":"de"}]}},"_links":{"self":[{"href":"https:\/\/www.hostin.sk\/de\/wp-json\/wp\/v2\/product\/9272","targetHints":{"allow":["GET"]}}],"collection":[{"href":"https:\/\/www.hostin.sk\/de\/wp-json\/wp\/v2\/product"}],"about":[{"href":"https:\/\/www.hostin.sk\/de\/wp-json\/wp\/v2\/types\/product"}],"wp:featuredmedia":[{"embeddable":true,"href":"https:\/\/www.hostin.sk\/de\/wp-json\/wp\/v2\/media\/7325"}],"wp:attachment":[{"href":"https:\/\/www.hostin.sk\/de\/wp-json\/wp\/v2\/media?parent=9272"}],"wp:term":[{"taxonomy":"product_brand","embeddable":true,"href":"https:\/\/www.hostin.sk\/de\/wp-json\/wp\/v2\/product_brand?post=9272"},{"taxonomy":"product_cat","embeddable":true,"href":"https:\/\/www.hostin.sk\/de\/wp-json\/wp\/v2\/product_cat?post=9272"},{"taxonomy":"product_tag","embeddable":true,"href":"https:\/\/www.hostin.sk\/de\/wp-json\/wp\/v2\/product_tag?post=9272"}],"curies":[{"name":"wp","href":"https:\/\/api.w.org\/{rel}","templated":true}]}}