{"id":9270,"date":"2022-11-02T16:22:06","date_gmt":"2022-11-02T15:22:06","guid":{"rendered":"https:\/\/www.hostin.sk\/produkt\/pulzny-elektricky-zdroj-vetis-07\/"},"modified":"2025-03-12T19:05:28","modified_gmt":"2025-03-12T18:05:28","slug":"impulsstromquelle-vetis-07","status":"publish","type":"product","link":"https:\/\/www.hostin.sk\/de\/produkt\/impulsstromquelle-vetis-07\/","title":{"rendered":"Impulsstromquelle VETIS 07"},"content":{"rendered":"","protected":false},"excerpt":{"rendered":"<p>Impulsstromquelle f\u00fcr elektrische Vogelabwehr.<\/p>\n","protected":false},"featured_media":7319,"template":"","meta":{"_acf_changed":false},"product_brand":[],"product_cat":[106],"product_tag":[],"class_list":{"0":"post-9270","1":"product","2":"type-product","3":"status-publish","4":"has-post-thumbnail","6":"product_cat-elektrisches-zubehoer","8":"first","9":"instock","10":"taxable","11":"shipping-taxable","12":"purchasable","13":"product-type-simple"},"acf":[],"yoast_head":"<!-- This site is optimized with the Yoast SEO plugin v27.4 - https:\/\/yoast.com\/product\/yoast-seo-wordpress\/ -->\n<title>Impulsstromquelle VETIS 07 - HOSTIN<\/title>\n<meta name=\"description\" content=\"V\u00fdkonn\u00fd pulzn\u00fd elektrick\u00fd zdroj ur\u010den\u00fd na spo\u013eahliv\u00e9 nap\u00e1janie elektrick\u00fdch z\u00e1bran. Navrhnut\u00fd s d\u00f4razom na bezpe\u010dnos\u0165, \u00faspornos\u0165 a dlh\u00fa \u017eivotnos\u0165.\" \/>\n<meta name=\"robots\" content=\"index, follow, max-snippet:-1, max-image-preview:large, max-video-preview:-1\" \/>\n<link rel=\"canonical\" href=\"https:\/\/www.hostin.sk\/de\/produkt\/impulsstromquelle-vetis-07\/\" \/>\n<meta property=\"og:locale\" content=\"de_DE\" \/>\n<meta property=\"og:type\" content=\"article\" \/>\n<meta property=\"og:title\" content=\"Impulsstromquelle VETIS 07 - HOSTIN\" \/>\n<meta property=\"og:description\" content=\"V\u00fdkonn\u00fd pulzn\u00fd elektrick\u00fd zdroj ur\u010den\u00fd na spo\u013eahliv\u00e9 nap\u00e1janie elektrick\u00fdch z\u00e1bran. Navrhnut\u00fd s d\u00f4razom na bezpe\u010dnos\u0165, \u00faspornos\u0165 a dlh\u00fa \u017eivotnos\u0165.\" \/>\n<meta property=\"og:url\" content=\"https:\/\/www.hostin.sk\/de\/produkt\/impulsstromquelle-vetis-07\/\" \/>\n<meta property=\"og:site_name\" content=\"HOSTIN\" \/>\n<meta property=\"article:modified_time\" content=\"2025-03-12T18:05:28+00:00\" \/>\n<meta property=\"og:image\" content=\"https:\/\/www.hostin.sk\/wp-content\/uploads\/2022\/11\/zdroj-vetis-07-220v.jpg\" \/>\n\t<meta property=\"og:image:width\" content=\"800\" \/>\n\t<meta property=\"og:image:height\" content=\"800\" \/>\n\t<meta property=\"og:image:type\" content=\"image\/jpeg\" \/>\n<meta name=\"twitter:card\" content=\"summary_large_image\" \/>\n<meta name=\"twitter:label1\" content=\"Gesch\u00e4tzte Lesezeit\" \/>\n\t<meta name=\"twitter:data1\" content=\"1\u00a0Minute\" \/>\n<script type=\"application\/ld+json\" class=\"yoast-schema-graph\">{\"@context\":\"https:\\\/\\\/schema.org\",\"@graph\":[{\"@type\":\"WebPage\",\"@id\":\"https:\\\/\\\/www.hostin.sk\\\/de\\\/produkt\\\/impulsstromquelle-vetis-07\\\/\",\"url\":\"https:\\\/\\\/www.hostin.sk\\\/de\\\/produkt\\\/impulsstromquelle-vetis-07\\\/\",\"name\":\"Impulsstromquelle VETIS 07 - HOSTIN\",\"isPartOf\":{\"@id\":\"https:\\\/\\\/www.hostin.sk\\\/#website\"},\"primaryImageOfPage\":{\"@id\":\"https:\\\/\\\/www.hostin.sk\\\/de\\\/produkt\\\/impulsstromquelle-vetis-07\\\/#primaryimage\"},\"image\":{\"@id\":\"https:\\\/\\\/www.hostin.sk\\\/de\\\/produkt\\\/impulsstromquelle-vetis-07\\\/#primaryimage\"},\"thumbnailUrl\":\"https:\\\/\\\/www.hostin.sk\\\/wp-content\\\/uploads\\\/2022\\\/11\\\/zdroj-vetis-07-220v.jpg\",\"datePublished\":\"2022-11-02T15:22:06+00:00\",\"dateModified\":\"2025-03-12T18:05:28+00:00\",\"description\":\"V\u00fdkonn\u00fd pulzn\u00fd elektrick\u00fd zdroj ur\u010den\u00fd na spo\u013eahliv\u00e9 nap\u00e1janie elektrick\u00fdch z\u00e1bran. Navrhnut\u00fd s d\u00f4razom na bezpe\u010dnos\u0165, \u00faspornos\u0165 a dlh\u00fa \u017eivotnos\u0165.\",\"breadcrumb\":{\"@id\":\"https:\\\/\\\/www.hostin.sk\\\/de\\\/produkt\\\/impulsstromquelle-vetis-07\\\/#breadcrumb\"},\"inLanguage\":\"de\",\"potentialAction\":[{\"@type\":\"ReadAction\",\"target\":[\"https:\\\/\\\/www.hostin.sk\\\/de\\\/produkt\\\/impulsstromquelle-vetis-07\\\/\"]}]},{\"@type\":\"ImageObject\",\"inLanguage\":\"de\",\"@id\":\"https:\\\/\\\/www.hostin.sk\\\/de\\\/produkt\\\/impulsstromquelle-vetis-07\\\/#primaryimage\",\"url\":\"https:\\\/\\\/www.hostin.sk\\\/wp-content\\\/uploads\\\/2022\\\/11\\\/zdroj-vetis-07-220v.jpg\",\"contentUrl\":\"https:\\\/\\\/www.hostin.sk\\\/wp-content\\\/uploads\\\/2022\\\/11\\\/zdroj-vetis-07-220v.jpg\",\"width\":800,\"height\":800},{\"@type\":\"BreadcrumbList\",\"@id\":\"https:\\\/\\\/www.hostin.sk\\\/de\\\/produkt\\\/impulsstromquelle-vetis-07\\\/#breadcrumb\",\"itemListElement\":[{\"@type\":\"ListItem\",\"position\":1,\"name\":\"Domov\",\"item\":\"https:\\\/\\\/www.hostin.sk\\\/de\\\/\"},{\"@type\":\"ListItem\",\"position\":2,\"name\":\"E-shop\",\"item\":\"https:\\\/\\\/www.hostin.sk\\\/de\\\/e-shop\\\/\"},{\"@type\":\"ListItem\",\"position\":3,\"name\":\"Abwehrsysteme nach Ausf\u00fchrung\",\"item\":\"https:\\\/\\\/www.hostin.sk\\\/de\\\/produktkategorie\\\/abwehrsysteme-nach-ausfuehrung\\\/\"},{\"@type\":\"ListItem\",\"position\":4,\"name\":\"Elektrische Abwehrsysteme\",\"item\":\"https:\\\/\\\/www.hostin.sk\\\/de\\\/produktkategorie\\\/abwehrsysteme-nach-ausfuehrung\\\/elektrische-abwehrsysteme\\\/\"},{\"@type\":\"ListItem\",\"position\":5,\"name\":\"Elektrisches Zubeh\u00f6r\",\"item\":\"https:\\\/\\\/www.hostin.sk\\\/de\\\/produktkategorie\\\/abwehrsysteme-nach-ausfuehrung\\\/elektrische-abwehrsysteme\\\/elektrisches-zubehoer\\\/\"},{\"@type\":\"ListItem\",\"position\":6,\"name\":\"Impulsstromquelle VETIS 07\"}]},{\"@type\":\"WebSite\",\"@id\":\"https:\\\/\\\/www.hostin.sk\\\/#website\",\"url\":\"https:\\\/\\\/www.hostin.sk\\\/\",\"name\":\"HOSTIN\",\"description\":\"Hroty proti vt\u00e1kom\",\"potentialAction\":[{\"@type\":\"SearchAction\",\"target\":{\"@type\":\"EntryPoint\",\"urlTemplate\":\"https:\\\/\\\/www.hostin.sk\\\/?s={search_term_string}\"},\"query-input\":{\"@type\":\"PropertyValueSpecification\",\"valueRequired\":true,\"valueName\":\"search_term_string\"}}],\"inLanguage\":\"de\"}]}<\/script>\n<!-- \/ Yoast SEO plugin. -->","yoast_head_json":{"title":"Impulsstromquelle VETIS 07 - HOSTIN","description":"V\u00fdkonn\u00fd pulzn\u00fd elektrick\u00fd zdroj ur\u010den\u00fd na spo\u013eahliv\u00e9 nap\u00e1janie elektrick\u00fdch z\u00e1bran. Navrhnut\u00fd s d\u00f4razom na bezpe\u010dnos\u0165, \u00faspornos\u0165 a dlh\u00fa \u017eivotnos\u0165.","robots":{"index":"index","follow":"follow","max-snippet":"max-snippet:-1","max-image-preview":"max-image-preview:large","max-video-preview":"max-video-preview:-1"},"canonical":"https:\/\/www.hostin.sk\/de\/produkt\/impulsstromquelle-vetis-07\/","og_locale":"de_DE","og_type":"article","og_title":"Impulsstromquelle VETIS 07 - HOSTIN","og_description":"V\u00fdkonn\u00fd pulzn\u00fd elektrick\u00fd zdroj ur\u010den\u00fd na spo\u013eahliv\u00e9 nap\u00e1janie elektrick\u00fdch z\u00e1bran. Navrhnut\u00fd s d\u00f4razom na bezpe\u010dnos\u0165, \u00faspornos\u0165 a dlh\u00fa \u017eivotnos\u0165.","og_url":"https:\/\/www.hostin.sk\/de\/produkt\/impulsstromquelle-vetis-07\/","og_site_name":"HOSTIN","article_modified_time":"2025-03-12T18:05:28+00:00","og_image":[{"width":800,"height":800,"url":"https:\/\/www.hostin.sk\/wp-content\/uploads\/2022\/11\/zdroj-vetis-07-220v.jpg","type":"image\/jpeg"}],"twitter_card":"summary_large_image","twitter_misc":{"Gesch\u00e4tzte Lesezeit":"1\u00a0Minute"},"schema":{"@context":"https:\/\/schema.org","@graph":[{"@type":"WebPage","@id":"https:\/\/www.hostin.sk\/de\/produkt\/impulsstromquelle-vetis-07\/","url":"https:\/\/www.hostin.sk\/de\/produkt\/impulsstromquelle-vetis-07\/","name":"Impulsstromquelle VETIS 07 - HOSTIN","isPartOf":{"@id":"https:\/\/www.hostin.sk\/#website"},"primaryImageOfPage":{"@id":"https:\/\/www.hostin.sk\/de\/produkt\/impulsstromquelle-vetis-07\/#primaryimage"},"image":{"@id":"https:\/\/www.hostin.sk\/de\/produkt\/impulsstromquelle-vetis-07\/#primaryimage"},"thumbnailUrl":"https:\/\/www.hostin.sk\/wp-content\/uploads\/2022\/11\/zdroj-vetis-07-220v.jpg","datePublished":"2022-11-02T15:22:06+00:00","dateModified":"2025-03-12T18:05:28+00:00","description":"V\u00fdkonn\u00fd pulzn\u00fd elektrick\u00fd zdroj ur\u010den\u00fd na spo\u013eahliv\u00e9 nap\u00e1janie elektrick\u00fdch z\u00e1bran. Navrhnut\u00fd s d\u00f4razom na bezpe\u010dnos\u0165, \u00faspornos\u0165 a dlh\u00fa \u017eivotnos\u0165.","breadcrumb":{"@id":"https:\/\/www.hostin.sk\/de\/produkt\/impulsstromquelle-vetis-07\/#breadcrumb"},"inLanguage":"de","potentialAction":[{"@type":"ReadAction","target":["https:\/\/www.hostin.sk\/de\/produkt\/impulsstromquelle-vetis-07\/"]}]},{"@type":"ImageObject","inLanguage":"de","@id":"https:\/\/www.hostin.sk\/de\/produkt\/impulsstromquelle-vetis-07\/#primaryimage","url":"https:\/\/www.hostin.sk\/wp-content\/uploads\/2022\/11\/zdroj-vetis-07-220v.jpg","contentUrl":"https:\/\/www.hostin.sk\/wp-content\/uploads\/2022\/11\/zdroj-vetis-07-220v.jpg","width":800,"height":800},{"@type":"BreadcrumbList","@id":"https:\/\/www.hostin.sk\/de\/produkt\/impulsstromquelle-vetis-07\/#breadcrumb","itemListElement":[{"@type":"ListItem","position":1,"name":"Domov","item":"https:\/\/www.hostin.sk\/de\/"},{"@type":"ListItem","position":2,"name":"E-shop","item":"https:\/\/www.hostin.sk\/de\/e-shop\/"},{"@type":"ListItem","position":3,"name":"Abwehrsysteme nach Ausf\u00fchrung","item":"https:\/\/www.hostin.sk\/de\/produktkategorie\/abwehrsysteme-nach-ausfuehrung\/"},{"@type":"ListItem","position":4,"name":"Elektrische Abwehrsysteme","item":"https:\/\/www.hostin.sk\/de\/produktkategorie\/abwehrsysteme-nach-ausfuehrung\/elektrische-abwehrsysteme\/"},{"@type":"ListItem","position":5,"name":"Elektrisches Zubeh\u00f6r","item":"https:\/\/www.hostin.sk\/de\/produktkategorie\/abwehrsysteme-nach-ausfuehrung\/elektrische-abwehrsysteme\/elektrisches-zubehoer\/"},{"@type":"ListItem","position":6,"name":"Impulsstromquelle VETIS 07"}]},{"@type":"WebSite","@id":"https:\/\/www.hostin.sk\/#website","url":"https:\/\/www.hostin.sk\/","name":"HOSTIN","description":"Hroty proti vt\u00e1kom","potentialAction":[{"@type":"SearchAction","target":{"@type":"EntryPoint","urlTemplate":"https:\/\/www.hostin.sk\/?s={search_term_string}"},"query-input":{"@type":"PropertyValueSpecification","valueRequired":true,"valueName":"search_term_string"}}],"inLanguage":"de"}]}},"_links":{"self":[{"href":"https:\/\/www.hostin.sk\/de\/wp-json\/wp\/v2\/product\/9270","targetHints":{"allow":["GET"]}}],"collection":[{"href":"https:\/\/www.hostin.sk\/de\/wp-json\/wp\/v2\/product"}],"about":[{"href":"https:\/\/www.hostin.sk\/de\/wp-json\/wp\/v2\/types\/product"}],"wp:featuredmedia":[{"embeddable":true,"href":"https:\/\/www.hostin.sk\/de\/wp-json\/wp\/v2\/media\/7319"}],"wp:attachment":[{"href":"https:\/\/www.hostin.sk\/de\/wp-json\/wp\/v2\/media?parent=9270"}],"wp:term":[{"taxonomy":"product_brand","embeddable":true,"href":"https:\/\/www.hostin.sk\/de\/wp-json\/wp\/v2\/product_brand?post=9270"},{"taxonomy":"product_cat","embeddable":true,"href":"https:\/\/www.hostin.sk\/de\/wp-json\/wp\/v2\/product_cat?post=9270"},{"taxonomy":"product_tag","embeddable":true,"href":"https:\/\/www.hostin.sk\/de\/wp-json\/wp\/v2\/product_tag?post=9270"}],"curies":[{"name":"wp","href":"https:\/\/api.w.org\/{rel}","templated":true}]}}