{"id":9266,"date":"2024-02-05T09:55:11","date_gmt":"2024-02-05T08:55:11","guid":{"rendered":"https:\/\/www.hostin.sk\/produkt\/odmastovac-technicky-benzin-1-0-l\/"},"modified":"2025-03-15T15:29:08","modified_gmt":"2025-03-15T14:29:08","slug":"entfetter-technisches-benzin-10-l","status":"publish","type":"product","link":"https:\/\/www.hostin.sk\/de\/produkt\/entfetter-technisches-benzin-10-l\/","title":{"rendered":"Entfetter \u2013 technisches Benzin 1,0 l"},"content":{"rendered":"<p data-start=\"67\" data-end=\"240\">Der Reiniger S 6207 ist speziell f\u00fcr das Entfetten von metallischen Oberfl\u00e4chen sowie das Reinigen von verschmutztem Werkzeug und \u00e4hnlichen Materialien konzipiert.\u00a0Nicht zur Verd\u00fcnnung von Beschichtungsmaterialien verwenden!\u00a0Technisches Benzin l\u00f6st Gummi, Kautschuk, synthetische Materialien und Farbstoffe.<\/p>\n","protected":false},"excerpt":{"rendered":"<p>Technisches Benzin zum Entfetten.<\/p>\n","protected":false},"featured_media":7307,"template":"","meta":{"_acf_changed":false},"product_brand":[],"product_cat":[103],"product_tag":[],"class_list":{"0":"post-9266","1":"product","2":"type-product","3":"status-publish","4":"has-post-thumbnail","6":"product_cat-zubehoer","8":"first","9":"instock","10":"taxable","11":"shipping-taxable","12":"purchasable","13":"product-type-simple"},"acf":[],"yoast_head":"<!-- This site is optimized with the Yoast SEO plugin v27.4 - https:\/\/yoast.com\/product\/yoast-seo-wordpress\/ -->\n<title>Entfetter \u2013 technisches Benzin 1,0 l - HOSTIN<\/title>\n<meta name=\"description\" content=\"Vysoko efekt\u00edvny \u010disti\u010d ur\u010den\u00fd na odmas\u0165ovanie kovov\u00fdch povrchov a \u010distenie zne\u010disten\u00e9ho n\u00e1radia. Odstra\u0148uje mastnotu, oleje a ne\u010distoty.\" \/>\n<meta name=\"robots\" content=\"index, follow, max-snippet:-1, max-image-preview:large, max-video-preview:-1\" \/>\n<link rel=\"canonical\" href=\"https:\/\/www.hostin.sk\/de\/produkt\/entfetter-technisches-benzin-10-l\/\" \/>\n<meta property=\"og:locale\" content=\"de_DE\" \/>\n<meta property=\"og:type\" content=\"article\" \/>\n<meta property=\"og:title\" content=\"Entfetter \u2013 technisches Benzin 1,0 l - HOSTIN\" \/>\n<meta property=\"og:description\" content=\"Vysoko efekt\u00edvny \u010disti\u010d ur\u010den\u00fd na odmas\u0165ovanie kovov\u00fdch povrchov a \u010distenie zne\u010disten\u00e9ho n\u00e1radia. Odstra\u0148uje mastnotu, oleje a ne\u010distoty.\" \/>\n<meta property=\"og:url\" content=\"https:\/\/www.hostin.sk\/de\/produkt\/entfetter-technisches-benzin-10-l\/\" \/>\n<meta property=\"og:site_name\" content=\"HOSTIN\" \/>\n<meta property=\"article:modified_time\" content=\"2025-03-15T14:29:08+00:00\" \/>\n<meta property=\"og:image\" content=\"https:\/\/www.hostin.sk\/wp-content\/uploads\/2024\/02\/technicky-benzin-2.jpg\" \/>\n\t<meta property=\"og:image:width\" content=\"1046\" \/>\n\t<meta property=\"og:image:height\" content=\"1046\" \/>\n\t<meta property=\"og:image:type\" content=\"image\/jpeg\" \/>\n<meta name=\"twitter:card\" content=\"summary_large_image\" \/>\n<meta name=\"twitter:label1\" content=\"Gesch\u00e4tzte Lesezeit\" \/>\n\t<meta name=\"twitter:data1\" content=\"1\u00a0Minute\" \/>\n<script type=\"application\/ld+json\" class=\"yoast-schema-graph\">{\"@context\":\"https:\\\/\\\/schema.org\",\"@graph\":[{\"@type\":\"WebPage\",\"@id\":\"https:\\\/\\\/www.hostin.sk\\\/de\\\/produkt\\\/entfetter-technisches-benzin-10-l\\\/\",\"url\":\"https:\\\/\\\/www.hostin.sk\\\/de\\\/produkt\\\/entfetter-technisches-benzin-10-l\\\/\",\"name\":\"Entfetter \u2013 technisches Benzin 1,0 l - HOSTIN\",\"isPartOf\":{\"@id\":\"https:\\\/\\\/www.hostin.sk\\\/#website\"},\"primaryImageOfPage\":{\"@id\":\"https:\\\/\\\/www.hostin.sk\\\/de\\\/produkt\\\/entfetter-technisches-benzin-10-l\\\/#primaryimage\"},\"image\":{\"@id\":\"https:\\\/\\\/www.hostin.sk\\\/de\\\/produkt\\\/entfetter-technisches-benzin-10-l\\\/#primaryimage\"},\"thumbnailUrl\":\"https:\\\/\\\/www.hostin.sk\\\/wp-content\\\/uploads\\\/2024\\\/02\\\/technicky-benzin-2.jpg\",\"datePublished\":\"2024-02-05T08:55:11+00:00\",\"dateModified\":\"2025-03-15T14:29:08+00:00\",\"description\":\"Vysoko efekt\u00edvny \u010disti\u010d ur\u010den\u00fd na odmas\u0165ovanie kovov\u00fdch povrchov a \u010distenie zne\u010disten\u00e9ho n\u00e1radia. Odstra\u0148uje mastnotu, oleje a ne\u010distoty.\",\"breadcrumb\":{\"@id\":\"https:\\\/\\\/www.hostin.sk\\\/de\\\/produkt\\\/entfetter-technisches-benzin-10-l\\\/#breadcrumb\"},\"inLanguage\":\"de\",\"potentialAction\":[{\"@type\":\"ReadAction\",\"target\":[\"https:\\\/\\\/www.hostin.sk\\\/de\\\/produkt\\\/entfetter-technisches-benzin-10-l\\\/\"]}]},{\"@type\":\"ImageObject\",\"inLanguage\":\"de\",\"@id\":\"https:\\\/\\\/www.hostin.sk\\\/de\\\/produkt\\\/entfetter-technisches-benzin-10-l\\\/#primaryimage\",\"url\":\"https:\\\/\\\/www.hostin.sk\\\/wp-content\\\/uploads\\\/2024\\\/02\\\/technicky-benzin-2.jpg\",\"contentUrl\":\"https:\\\/\\\/www.hostin.sk\\\/wp-content\\\/uploads\\\/2024\\\/02\\\/technicky-benzin-2.jpg\",\"width\":1046,\"height\":1046},{\"@type\":\"BreadcrumbList\",\"@id\":\"https:\\\/\\\/www.hostin.sk\\\/de\\\/produkt\\\/entfetter-technisches-benzin-10-l\\\/#breadcrumb\",\"itemListElement\":[{\"@type\":\"ListItem\",\"position\":1,\"name\":\"Domov\",\"item\":\"https:\\\/\\\/www.hostin.sk\\\/de\\\/\"},{\"@type\":\"ListItem\",\"position\":2,\"name\":\"E-shop\",\"item\":\"https:\\\/\\\/www.hostin.sk\\\/de\\\/e-shop\\\/\"},{\"@type\":\"ListItem\",\"position\":3,\"name\":\"Zubeh\u00f6r\",\"item\":\"https:\\\/\\\/www.hostin.sk\\\/de\\\/produktkategorie\\\/zubehoer\\\/\"},{\"@type\":\"ListItem\",\"position\":4,\"name\":\"Entfetter \u2013 technisches Benzin 1,0 l\"}]},{\"@type\":\"WebSite\",\"@id\":\"https:\\\/\\\/www.hostin.sk\\\/#website\",\"url\":\"https:\\\/\\\/www.hostin.sk\\\/\",\"name\":\"HOSTIN\",\"description\":\"Hroty proti vt\u00e1kom\",\"potentialAction\":[{\"@type\":\"SearchAction\",\"target\":{\"@type\":\"EntryPoint\",\"urlTemplate\":\"https:\\\/\\\/www.hostin.sk\\\/?s={search_term_string}\"},\"query-input\":{\"@type\":\"PropertyValueSpecification\",\"valueRequired\":true,\"valueName\":\"search_term_string\"}}],\"inLanguage\":\"de\"}]}<\/script>\n<!-- \/ Yoast SEO plugin. -->","yoast_head_json":{"title":"Entfetter \u2013 technisches Benzin 1,0 l - HOSTIN","description":"Vysoko efekt\u00edvny \u010disti\u010d ur\u010den\u00fd na odmas\u0165ovanie kovov\u00fdch povrchov a \u010distenie zne\u010disten\u00e9ho n\u00e1radia. Odstra\u0148uje mastnotu, oleje a ne\u010distoty.","robots":{"index":"index","follow":"follow","max-snippet":"max-snippet:-1","max-image-preview":"max-image-preview:large","max-video-preview":"max-video-preview:-1"},"canonical":"https:\/\/www.hostin.sk\/de\/produkt\/entfetter-technisches-benzin-10-l\/","og_locale":"de_DE","og_type":"article","og_title":"Entfetter \u2013 technisches Benzin 1,0 l - HOSTIN","og_description":"Vysoko efekt\u00edvny \u010disti\u010d ur\u010den\u00fd na odmas\u0165ovanie kovov\u00fdch povrchov a \u010distenie zne\u010disten\u00e9ho n\u00e1radia. Odstra\u0148uje mastnotu, oleje a ne\u010distoty.","og_url":"https:\/\/www.hostin.sk\/de\/produkt\/entfetter-technisches-benzin-10-l\/","og_site_name":"HOSTIN","article_modified_time":"2025-03-15T14:29:08+00:00","og_image":[{"width":1046,"height":1046,"url":"https:\/\/www.hostin.sk\/wp-content\/uploads\/2024\/02\/technicky-benzin-2.jpg","type":"image\/jpeg"}],"twitter_card":"summary_large_image","twitter_misc":{"Gesch\u00e4tzte Lesezeit":"1\u00a0Minute"},"schema":{"@context":"https:\/\/schema.org","@graph":[{"@type":"WebPage","@id":"https:\/\/www.hostin.sk\/de\/produkt\/entfetter-technisches-benzin-10-l\/","url":"https:\/\/www.hostin.sk\/de\/produkt\/entfetter-technisches-benzin-10-l\/","name":"Entfetter \u2013 technisches Benzin 1,0 l - HOSTIN","isPartOf":{"@id":"https:\/\/www.hostin.sk\/#website"},"primaryImageOfPage":{"@id":"https:\/\/www.hostin.sk\/de\/produkt\/entfetter-technisches-benzin-10-l\/#primaryimage"},"image":{"@id":"https:\/\/www.hostin.sk\/de\/produkt\/entfetter-technisches-benzin-10-l\/#primaryimage"},"thumbnailUrl":"https:\/\/www.hostin.sk\/wp-content\/uploads\/2024\/02\/technicky-benzin-2.jpg","datePublished":"2024-02-05T08:55:11+00:00","dateModified":"2025-03-15T14:29:08+00:00","description":"Vysoko efekt\u00edvny \u010disti\u010d ur\u010den\u00fd na odmas\u0165ovanie kovov\u00fdch povrchov a \u010distenie zne\u010disten\u00e9ho n\u00e1radia. Odstra\u0148uje mastnotu, oleje a ne\u010distoty.","breadcrumb":{"@id":"https:\/\/www.hostin.sk\/de\/produkt\/entfetter-technisches-benzin-10-l\/#breadcrumb"},"inLanguage":"de","potentialAction":[{"@type":"ReadAction","target":["https:\/\/www.hostin.sk\/de\/produkt\/entfetter-technisches-benzin-10-l\/"]}]},{"@type":"ImageObject","inLanguage":"de","@id":"https:\/\/www.hostin.sk\/de\/produkt\/entfetter-technisches-benzin-10-l\/#primaryimage","url":"https:\/\/www.hostin.sk\/wp-content\/uploads\/2024\/02\/technicky-benzin-2.jpg","contentUrl":"https:\/\/www.hostin.sk\/wp-content\/uploads\/2024\/02\/technicky-benzin-2.jpg","width":1046,"height":1046},{"@type":"BreadcrumbList","@id":"https:\/\/www.hostin.sk\/de\/produkt\/entfetter-technisches-benzin-10-l\/#breadcrumb","itemListElement":[{"@type":"ListItem","position":1,"name":"Domov","item":"https:\/\/www.hostin.sk\/de\/"},{"@type":"ListItem","position":2,"name":"E-shop","item":"https:\/\/www.hostin.sk\/de\/e-shop\/"},{"@type":"ListItem","position":3,"name":"Zubeh\u00f6r","item":"https:\/\/www.hostin.sk\/de\/produktkategorie\/zubehoer\/"},{"@type":"ListItem","position":4,"name":"Entfetter \u2013 technisches Benzin 1,0 l"}]},{"@type":"WebSite","@id":"https:\/\/www.hostin.sk\/#website","url":"https:\/\/www.hostin.sk\/","name":"HOSTIN","description":"Hroty proti vt\u00e1kom","potentialAction":[{"@type":"SearchAction","target":{"@type":"EntryPoint","urlTemplate":"https:\/\/www.hostin.sk\/?s={search_term_string}"},"query-input":{"@type":"PropertyValueSpecification","valueRequired":true,"valueName":"search_term_string"}}],"inLanguage":"de"}]}},"_links":{"self":[{"href":"https:\/\/www.hostin.sk\/de\/wp-json\/wp\/v2\/product\/9266","targetHints":{"allow":["GET"]}}],"collection":[{"href":"https:\/\/www.hostin.sk\/de\/wp-json\/wp\/v2\/product"}],"about":[{"href":"https:\/\/www.hostin.sk\/de\/wp-json\/wp\/v2\/types\/product"}],"wp:featuredmedia":[{"embeddable":true,"href":"https:\/\/www.hostin.sk\/de\/wp-json\/wp\/v2\/media\/7307"}],"wp:attachment":[{"href":"https:\/\/www.hostin.sk\/de\/wp-json\/wp\/v2\/media?parent=9266"}],"wp:term":[{"taxonomy":"product_brand","embeddable":true,"href":"https:\/\/www.hostin.sk\/de\/wp-json\/wp\/v2\/product_brand?post=9266"},{"taxonomy":"product_cat","embeddable":true,"href":"https:\/\/www.hostin.sk\/de\/wp-json\/wp\/v2\/product_cat?post=9266"},{"taxonomy":"product_tag","embeddable":true,"href":"https:\/\/www.hostin.sk\/de\/wp-json\/wp\/v2\/product_tag?post=9266"}],"curies":[{"name":"wp","href":"https:\/\/api.w.org\/{rel}","templated":true}]}}