{"id":9265,"date":"2024-02-05T10:10:29","date_gmt":"2024-02-05T09:10:29","guid":{"rendered":"https:\/\/www.hostin.sk\/produkt\/ochrana-pred-bleskom\/"},"modified":"2025-03-18T17:36:37","modified_gmt":"2025-03-18T16:36:37","slug":"blitzschutz","status":"publish","type":"product","link":"https:\/\/www.hostin.sk\/de\/produkt\/blitzschutz\/","title":{"rendered":"Blitzschutz"},"content":{"rendered":"<p>Der Blitzschutz sch\u00fctzt die elektrische Impulsquelle vor Blitzeinschl\u00e4gen, indem er den Blitz in die Erde ableitet, bevor er die Quelle erreicht. Er wird zwischen der Vogelabwehr und der Impulsquelle installiert. Feuerverzinkt.<\/p>\n","protected":false},"excerpt":{"rendered":"<p>Blitzschutzger\u00e4t f\u00fcr elektrische Vogelabwehr.<\/p>\n","protected":false},"featured_media":7304,"template":"","meta":{"_acf_changed":false},"product_brand":[],"product_cat":[106],"product_tag":[],"class_list":{"0":"post-9265","1":"product","2":"type-product","3":"status-publish","4":"has-post-thumbnail","6":"product_cat-elektrisches-zubehoer","8":"first","9":"instock","10":"taxable","11":"shipping-taxable","12":"purchasable","13":"product-type-simple"},"acf":[],"yoast_head":"<!-- This site is optimized with the Yoast SEO plugin v27.4 - https:\/\/yoast.com\/product\/yoast-seo-wordpress\/ -->\n<title>Blitzschutz - HOSTIN<\/title>\n<meta name=\"description\" content=\"Ochrana pred bleskom zabezpe\u010duje spo\u013eahliv\u00fa ochranu elektrick\u00e9ho pulzn\u00e9ho zdroja pred \u00fadermi blesku t\u00fdm, \u017ee bezpe\u010dne odv\u00e1dza bleskov\u00fd v\u00fdboj do zeme.\" \/>\n<meta name=\"robots\" content=\"index, follow, max-snippet:-1, max-image-preview:large, max-video-preview:-1\" \/>\n<link rel=\"canonical\" href=\"https:\/\/www.hostin.sk\/de\/produkt\/blitzschutz\/\" \/>\n<meta property=\"og:locale\" content=\"de_DE\" \/>\n<meta property=\"og:type\" content=\"article\" \/>\n<meta property=\"og:title\" content=\"Blitzschutz - HOSTIN\" \/>\n<meta property=\"og:description\" content=\"Ochrana pred bleskom zabezpe\u010duje spo\u013eahliv\u00fa ochranu elektrick\u00e9ho pulzn\u00e9ho zdroja pred \u00fadermi blesku t\u00fdm, \u017ee bezpe\u010dne odv\u00e1dza bleskov\u00fd v\u00fdboj do zeme.\" \/>\n<meta property=\"og:url\" content=\"https:\/\/www.hostin.sk\/de\/produkt\/blitzschutz\/\" \/>\n<meta property=\"og:site_name\" content=\"HOSTIN\" \/>\n<meta property=\"article:modified_time\" content=\"2025-03-18T16:36:37+00:00\" \/>\n<meta property=\"og:image\" content=\"https:\/\/www.hostin.sk\/wp-content\/uploads\/2024\/02\/zariadenie-na-ochranu-pred-bleskom-1.jpg\" \/>\n\t<meta property=\"og:image:width\" content=\"800\" \/>\n\t<meta property=\"og:image:height\" content=\"800\" \/>\n\t<meta property=\"og:image:type\" content=\"image\/jpeg\" \/>\n<meta name=\"twitter:card\" content=\"summary_large_image\" \/>\n<meta name=\"twitter:label1\" content=\"Gesch\u00e4tzte Lesezeit\" \/>\n\t<meta name=\"twitter:data1\" content=\"1\u00a0Minute\" \/>\n<script type=\"application\/ld+json\" class=\"yoast-schema-graph\">{\"@context\":\"https:\\\/\\\/schema.org\",\"@graph\":[{\"@type\":\"WebPage\",\"@id\":\"https:\\\/\\\/www.hostin.sk\\\/de\\\/produkt\\\/blitzschutz\\\/\",\"url\":\"https:\\\/\\\/www.hostin.sk\\\/de\\\/produkt\\\/blitzschutz\\\/\",\"name\":\"Blitzschutz - HOSTIN\",\"isPartOf\":{\"@id\":\"https:\\\/\\\/www.hostin.sk\\\/#website\"},\"primaryImageOfPage\":{\"@id\":\"https:\\\/\\\/www.hostin.sk\\\/de\\\/produkt\\\/blitzschutz\\\/#primaryimage\"},\"image\":{\"@id\":\"https:\\\/\\\/www.hostin.sk\\\/de\\\/produkt\\\/blitzschutz\\\/#primaryimage\"},\"thumbnailUrl\":\"https:\\\/\\\/www.hostin.sk\\\/wp-content\\\/uploads\\\/2024\\\/02\\\/zariadenie-na-ochranu-pred-bleskom-1.jpg\",\"datePublished\":\"2024-02-05T09:10:29+00:00\",\"dateModified\":\"2025-03-18T16:36:37+00:00\",\"description\":\"Ochrana pred bleskom zabezpe\u010duje spo\u013eahliv\u00fa ochranu elektrick\u00e9ho pulzn\u00e9ho zdroja pred \u00fadermi blesku t\u00fdm, \u017ee bezpe\u010dne odv\u00e1dza bleskov\u00fd v\u00fdboj do zeme.\",\"breadcrumb\":{\"@id\":\"https:\\\/\\\/www.hostin.sk\\\/de\\\/produkt\\\/blitzschutz\\\/#breadcrumb\"},\"inLanguage\":\"de\",\"potentialAction\":[{\"@type\":\"ReadAction\",\"target\":[\"https:\\\/\\\/www.hostin.sk\\\/de\\\/produkt\\\/blitzschutz\\\/\"]}]},{\"@type\":\"ImageObject\",\"inLanguage\":\"de\",\"@id\":\"https:\\\/\\\/www.hostin.sk\\\/de\\\/produkt\\\/blitzschutz\\\/#primaryimage\",\"url\":\"https:\\\/\\\/www.hostin.sk\\\/wp-content\\\/uploads\\\/2024\\\/02\\\/zariadenie-na-ochranu-pred-bleskom-1.jpg\",\"contentUrl\":\"https:\\\/\\\/www.hostin.sk\\\/wp-content\\\/uploads\\\/2024\\\/02\\\/zariadenie-na-ochranu-pred-bleskom-1.jpg\",\"width\":800,\"height\":800},{\"@type\":\"BreadcrumbList\",\"@id\":\"https:\\\/\\\/www.hostin.sk\\\/de\\\/produkt\\\/blitzschutz\\\/#breadcrumb\",\"itemListElement\":[{\"@type\":\"ListItem\",\"position\":1,\"name\":\"Domov\",\"item\":\"https:\\\/\\\/www.hostin.sk\\\/de\\\/\"},{\"@type\":\"ListItem\",\"position\":2,\"name\":\"E-shop\",\"item\":\"https:\\\/\\\/www.hostin.sk\\\/de\\\/e-shop\\\/\"},{\"@type\":\"ListItem\",\"position\":3,\"name\":\"Abwehrsysteme nach Ausf\u00fchrung\",\"item\":\"https:\\\/\\\/www.hostin.sk\\\/de\\\/produktkategorie\\\/abwehrsysteme-nach-ausfuehrung\\\/\"},{\"@type\":\"ListItem\",\"position\":4,\"name\":\"Elektrische Abwehrsysteme\",\"item\":\"https:\\\/\\\/www.hostin.sk\\\/de\\\/produktkategorie\\\/abwehrsysteme-nach-ausfuehrung\\\/elektrische-abwehrsysteme\\\/\"},{\"@type\":\"ListItem\",\"position\":5,\"name\":\"Elektrisches Zubeh\u00f6r\",\"item\":\"https:\\\/\\\/www.hostin.sk\\\/de\\\/produktkategorie\\\/abwehrsysteme-nach-ausfuehrung\\\/elektrische-abwehrsysteme\\\/elektrisches-zubehoer\\\/\"},{\"@type\":\"ListItem\",\"position\":6,\"name\":\"Blitzschutz\"}]},{\"@type\":\"WebSite\",\"@id\":\"https:\\\/\\\/www.hostin.sk\\\/#website\",\"url\":\"https:\\\/\\\/www.hostin.sk\\\/\",\"name\":\"HOSTIN\",\"description\":\"Hroty proti vt\u00e1kom\",\"potentialAction\":[{\"@type\":\"SearchAction\",\"target\":{\"@type\":\"EntryPoint\",\"urlTemplate\":\"https:\\\/\\\/www.hostin.sk\\\/?s={search_term_string}\"},\"query-input\":{\"@type\":\"PropertyValueSpecification\",\"valueRequired\":true,\"valueName\":\"search_term_string\"}}],\"inLanguage\":\"de\"}]}<\/script>\n<!-- \/ Yoast SEO plugin. -->","yoast_head_json":{"title":"Blitzschutz - HOSTIN","description":"Ochrana pred bleskom zabezpe\u010duje spo\u013eahliv\u00fa ochranu elektrick\u00e9ho pulzn\u00e9ho zdroja pred \u00fadermi blesku t\u00fdm, \u017ee bezpe\u010dne odv\u00e1dza bleskov\u00fd v\u00fdboj do zeme.","robots":{"index":"index","follow":"follow","max-snippet":"max-snippet:-1","max-image-preview":"max-image-preview:large","max-video-preview":"max-video-preview:-1"},"canonical":"https:\/\/www.hostin.sk\/de\/produkt\/blitzschutz\/","og_locale":"de_DE","og_type":"article","og_title":"Blitzschutz - HOSTIN","og_description":"Ochrana pred bleskom zabezpe\u010duje spo\u013eahliv\u00fa ochranu elektrick\u00e9ho pulzn\u00e9ho zdroja pred \u00fadermi blesku t\u00fdm, \u017ee bezpe\u010dne odv\u00e1dza bleskov\u00fd v\u00fdboj do zeme.","og_url":"https:\/\/www.hostin.sk\/de\/produkt\/blitzschutz\/","og_site_name":"HOSTIN","article_modified_time":"2025-03-18T16:36:37+00:00","og_image":[{"width":800,"height":800,"url":"https:\/\/www.hostin.sk\/wp-content\/uploads\/2024\/02\/zariadenie-na-ochranu-pred-bleskom-1.jpg","type":"image\/jpeg"}],"twitter_card":"summary_large_image","twitter_misc":{"Gesch\u00e4tzte Lesezeit":"1\u00a0Minute"},"schema":{"@context":"https:\/\/schema.org","@graph":[{"@type":"WebPage","@id":"https:\/\/www.hostin.sk\/de\/produkt\/blitzschutz\/","url":"https:\/\/www.hostin.sk\/de\/produkt\/blitzschutz\/","name":"Blitzschutz - HOSTIN","isPartOf":{"@id":"https:\/\/www.hostin.sk\/#website"},"primaryImageOfPage":{"@id":"https:\/\/www.hostin.sk\/de\/produkt\/blitzschutz\/#primaryimage"},"image":{"@id":"https:\/\/www.hostin.sk\/de\/produkt\/blitzschutz\/#primaryimage"},"thumbnailUrl":"https:\/\/www.hostin.sk\/wp-content\/uploads\/2024\/02\/zariadenie-na-ochranu-pred-bleskom-1.jpg","datePublished":"2024-02-05T09:10:29+00:00","dateModified":"2025-03-18T16:36:37+00:00","description":"Ochrana pred bleskom zabezpe\u010duje spo\u013eahliv\u00fa ochranu elektrick\u00e9ho pulzn\u00e9ho zdroja pred \u00fadermi blesku t\u00fdm, \u017ee bezpe\u010dne odv\u00e1dza bleskov\u00fd v\u00fdboj do zeme.","breadcrumb":{"@id":"https:\/\/www.hostin.sk\/de\/produkt\/blitzschutz\/#breadcrumb"},"inLanguage":"de","potentialAction":[{"@type":"ReadAction","target":["https:\/\/www.hostin.sk\/de\/produkt\/blitzschutz\/"]}]},{"@type":"ImageObject","inLanguage":"de","@id":"https:\/\/www.hostin.sk\/de\/produkt\/blitzschutz\/#primaryimage","url":"https:\/\/www.hostin.sk\/wp-content\/uploads\/2024\/02\/zariadenie-na-ochranu-pred-bleskom-1.jpg","contentUrl":"https:\/\/www.hostin.sk\/wp-content\/uploads\/2024\/02\/zariadenie-na-ochranu-pred-bleskom-1.jpg","width":800,"height":800},{"@type":"BreadcrumbList","@id":"https:\/\/www.hostin.sk\/de\/produkt\/blitzschutz\/#breadcrumb","itemListElement":[{"@type":"ListItem","position":1,"name":"Domov","item":"https:\/\/www.hostin.sk\/de\/"},{"@type":"ListItem","position":2,"name":"E-shop","item":"https:\/\/www.hostin.sk\/de\/e-shop\/"},{"@type":"ListItem","position":3,"name":"Abwehrsysteme nach Ausf\u00fchrung","item":"https:\/\/www.hostin.sk\/de\/produktkategorie\/abwehrsysteme-nach-ausfuehrung\/"},{"@type":"ListItem","position":4,"name":"Elektrische Abwehrsysteme","item":"https:\/\/www.hostin.sk\/de\/produktkategorie\/abwehrsysteme-nach-ausfuehrung\/elektrische-abwehrsysteme\/"},{"@type":"ListItem","position":5,"name":"Elektrisches Zubeh\u00f6r","item":"https:\/\/www.hostin.sk\/de\/produktkategorie\/abwehrsysteme-nach-ausfuehrung\/elektrische-abwehrsysteme\/elektrisches-zubehoer\/"},{"@type":"ListItem","position":6,"name":"Blitzschutz"}]},{"@type":"WebSite","@id":"https:\/\/www.hostin.sk\/#website","url":"https:\/\/www.hostin.sk\/","name":"HOSTIN","description":"Hroty proti vt\u00e1kom","potentialAction":[{"@type":"SearchAction","target":{"@type":"EntryPoint","urlTemplate":"https:\/\/www.hostin.sk\/?s={search_term_string}"},"query-input":{"@type":"PropertyValueSpecification","valueRequired":true,"valueName":"search_term_string"}}],"inLanguage":"de"}]}},"_links":{"self":[{"href":"https:\/\/www.hostin.sk\/de\/wp-json\/wp\/v2\/product\/9265","targetHints":{"allow":["GET"]}}],"collection":[{"href":"https:\/\/www.hostin.sk\/de\/wp-json\/wp\/v2\/product"}],"about":[{"href":"https:\/\/www.hostin.sk\/de\/wp-json\/wp\/v2\/types\/product"}],"wp:featuredmedia":[{"embeddable":true,"href":"https:\/\/www.hostin.sk\/de\/wp-json\/wp\/v2\/media\/7304"}],"wp:attachment":[{"href":"https:\/\/www.hostin.sk\/de\/wp-json\/wp\/v2\/media?parent=9265"}],"wp:term":[{"taxonomy":"product_brand","embeddable":true,"href":"https:\/\/www.hostin.sk\/de\/wp-json\/wp\/v2\/product_brand?post=9265"},{"taxonomy":"product_cat","embeddable":true,"href":"https:\/\/www.hostin.sk\/de\/wp-json\/wp\/v2\/product_cat?post=9265"},{"taxonomy":"product_tag","embeddable":true,"href":"https:\/\/www.hostin.sk\/de\/wp-json\/wp\/v2\/product_tag?post=9265"}],"curies":[{"name":"wp","href":"https:\/\/api.w.org\/{rel}","templated":true}]}}