{"id":9264,"date":"2024-02-05T10:25:21","date_gmt":"2024-02-05T09:25:21","guid":{"rendered":"https:\/\/www.hostin.sk\/produkt\/elektricka-svorka\/"},"modified":"2025-03-18T17:36:24","modified_gmt":"2025-03-18T16:36:24","slug":"elektroklemme","status":"publish","type":"product","link":"https:\/\/www.hostin.sk\/de\/produkt\/elektroklemme\/","title":{"rendered":"Elektroklemme"},"content":{"rendered":"","protected":false},"excerpt":{"rendered":"<p>Klemme f\u00fcr eine schnelle und sichere Verbindung des Kabels.<\/p>\n","protected":false},"featured_media":7301,"template":"","meta":{"_acf_changed":false},"product_brand":[],"product_cat":[106],"product_tag":[],"class_list":{"0":"post-9264","1":"product","2":"type-product","3":"status-publish","4":"has-post-thumbnail","6":"product_cat-elektrisches-zubehoer","8":"first","9":"instock","10":"taxable","11":"shipping-taxable","12":"purchasable","13":"product-type-simple"},"acf":[],"yoast_head":"<!-- This site is optimized with the Yoast SEO plugin v27.4 - https:\/\/yoast.com\/product\/yoast-seo-wordpress\/ -->\n<title>Elektroklemme - HOSTIN<\/title>\n<meta name=\"description\" content=\"R\u00fdchla a bezpe\u010dn\u00e1 elektrick\u00e1 svorka na k\u00e1ble pre jednoduch\u00e9 a spo\u013eahliv\u00e9 prepojenie k\u00e1blov. Nak\u00fapte teraz pre jednoduch\u00fa in\u0161tal\u00e1ciu!\" \/>\n<meta name=\"robots\" content=\"index, follow, max-snippet:-1, max-image-preview:large, max-video-preview:-1\" \/>\n<link rel=\"canonical\" href=\"https:\/\/www.hostin.sk\/de\/produkt\/elektroklemme\/\" \/>\n<meta property=\"og:locale\" content=\"de_DE\" \/>\n<meta property=\"og:type\" content=\"article\" \/>\n<meta property=\"og:title\" content=\"Elektroklemme - HOSTIN\" \/>\n<meta property=\"og:description\" content=\"R\u00fdchla a bezpe\u010dn\u00e1 elektrick\u00e1 svorka na k\u00e1ble pre jednoduch\u00e9 a spo\u013eahliv\u00e9 prepojenie k\u00e1blov. Nak\u00fapte teraz pre jednoduch\u00fa in\u0161tal\u00e1ciu!\" \/>\n<meta property=\"og:url\" content=\"https:\/\/www.hostin.sk\/de\/produkt\/elektroklemme\/\" \/>\n<meta property=\"og:site_name\" content=\"HOSTIN\" \/>\n<meta property=\"article:modified_time\" content=\"2025-03-18T16:36:24+00:00\" \/>\n<meta property=\"og:image\" content=\"https:\/\/www.hostin.sk\/wp-content\/uploads\/2024\/02\/rychlospojka3-1.jpg\" \/>\n\t<meta property=\"og:image:width\" content=\"450\" \/>\n\t<meta property=\"og:image:height\" content=\"450\" \/>\n\t<meta property=\"og:image:type\" content=\"image\/jpeg\" \/>\n<meta name=\"twitter:card\" content=\"summary_large_image\" \/>\n<meta name=\"twitter:label1\" content=\"Gesch\u00e4tzte Lesezeit\" \/>\n\t<meta name=\"twitter:data1\" content=\"1\u00a0Minute\" \/>\n<script type=\"application\/ld+json\" class=\"yoast-schema-graph\">{\"@context\":\"https:\\\/\\\/schema.org\",\"@graph\":[{\"@type\":\"WebPage\",\"@id\":\"https:\\\/\\\/www.hostin.sk\\\/de\\\/produkt\\\/elektroklemme\\\/\",\"url\":\"https:\\\/\\\/www.hostin.sk\\\/de\\\/produkt\\\/elektroklemme\\\/\",\"name\":\"Elektroklemme - HOSTIN\",\"isPartOf\":{\"@id\":\"https:\\\/\\\/www.hostin.sk\\\/#website\"},\"primaryImageOfPage\":{\"@id\":\"https:\\\/\\\/www.hostin.sk\\\/de\\\/produkt\\\/elektroklemme\\\/#primaryimage\"},\"image\":{\"@id\":\"https:\\\/\\\/www.hostin.sk\\\/de\\\/produkt\\\/elektroklemme\\\/#primaryimage\"},\"thumbnailUrl\":\"https:\\\/\\\/www.hostin.sk\\\/wp-content\\\/uploads\\\/2024\\\/02\\\/rychlospojka3-1.jpg\",\"datePublished\":\"2024-02-05T09:25:21+00:00\",\"dateModified\":\"2025-03-18T16:36:24+00:00\",\"description\":\"R\u00fdchla a bezpe\u010dn\u00e1 elektrick\u00e1 svorka na k\u00e1ble pre jednoduch\u00e9 a spo\u013eahliv\u00e9 prepojenie k\u00e1blov. Nak\u00fapte teraz pre jednoduch\u00fa in\u0161tal\u00e1ciu!\",\"breadcrumb\":{\"@id\":\"https:\\\/\\\/www.hostin.sk\\\/de\\\/produkt\\\/elektroklemme\\\/#breadcrumb\"},\"inLanguage\":\"de\",\"potentialAction\":[{\"@type\":\"ReadAction\",\"target\":[\"https:\\\/\\\/www.hostin.sk\\\/de\\\/produkt\\\/elektroklemme\\\/\"]}]},{\"@type\":\"ImageObject\",\"inLanguage\":\"de\",\"@id\":\"https:\\\/\\\/www.hostin.sk\\\/de\\\/produkt\\\/elektroklemme\\\/#primaryimage\",\"url\":\"https:\\\/\\\/www.hostin.sk\\\/wp-content\\\/uploads\\\/2024\\\/02\\\/rychlospojka3-1.jpg\",\"contentUrl\":\"https:\\\/\\\/www.hostin.sk\\\/wp-content\\\/uploads\\\/2024\\\/02\\\/rychlospojka3-1.jpg\",\"width\":450,\"height\":450},{\"@type\":\"BreadcrumbList\",\"@id\":\"https:\\\/\\\/www.hostin.sk\\\/de\\\/produkt\\\/elektroklemme\\\/#breadcrumb\",\"itemListElement\":[{\"@type\":\"ListItem\",\"position\":1,\"name\":\"Domov\",\"item\":\"https:\\\/\\\/www.hostin.sk\\\/de\\\/\"},{\"@type\":\"ListItem\",\"position\":2,\"name\":\"E-shop\",\"item\":\"https:\\\/\\\/www.hostin.sk\\\/de\\\/e-shop\\\/\"},{\"@type\":\"ListItem\",\"position\":3,\"name\":\"Abwehrsysteme nach Ausf\u00fchrung\",\"item\":\"https:\\\/\\\/www.hostin.sk\\\/de\\\/produktkategorie\\\/abwehrsysteme-nach-ausfuehrung\\\/\"},{\"@type\":\"ListItem\",\"position\":4,\"name\":\"Elektrische Abwehrsysteme\",\"item\":\"https:\\\/\\\/www.hostin.sk\\\/de\\\/produktkategorie\\\/abwehrsysteme-nach-ausfuehrung\\\/elektrische-abwehrsysteme\\\/\"},{\"@type\":\"ListItem\",\"position\":5,\"name\":\"Elektrisches Zubeh\u00f6r\",\"item\":\"https:\\\/\\\/www.hostin.sk\\\/de\\\/produktkategorie\\\/abwehrsysteme-nach-ausfuehrung\\\/elektrische-abwehrsysteme\\\/elektrisches-zubehoer\\\/\"},{\"@type\":\"ListItem\",\"position\":6,\"name\":\"Elektroklemme\"}]},{\"@type\":\"WebSite\",\"@id\":\"https:\\\/\\\/www.hostin.sk\\\/#website\",\"url\":\"https:\\\/\\\/www.hostin.sk\\\/\",\"name\":\"HOSTIN\",\"description\":\"Hroty proti vt\u00e1kom\",\"potentialAction\":[{\"@type\":\"SearchAction\",\"target\":{\"@type\":\"EntryPoint\",\"urlTemplate\":\"https:\\\/\\\/www.hostin.sk\\\/?s={search_term_string}\"},\"query-input\":{\"@type\":\"PropertyValueSpecification\",\"valueRequired\":true,\"valueName\":\"search_term_string\"}}],\"inLanguage\":\"de\"}]}<\/script>\n<!-- \/ Yoast SEO plugin. -->","yoast_head_json":{"title":"Elektroklemme - HOSTIN","description":"R\u00fdchla a bezpe\u010dn\u00e1 elektrick\u00e1 svorka na k\u00e1ble pre jednoduch\u00e9 a spo\u013eahliv\u00e9 prepojenie k\u00e1blov. Nak\u00fapte teraz pre jednoduch\u00fa in\u0161tal\u00e1ciu!","robots":{"index":"index","follow":"follow","max-snippet":"max-snippet:-1","max-image-preview":"max-image-preview:large","max-video-preview":"max-video-preview:-1"},"canonical":"https:\/\/www.hostin.sk\/de\/produkt\/elektroklemme\/","og_locale":"de_DE","og_type":"article","og_title":"Elektroklemme - HOSTIN","og_description":"R\u00fdchla a bezpe\u010dn\u00e1 elektrick\u00e1 svorka na k\u00e1ble pre jednoduch\u00e9 a spo\u013eahliv\u00e9 prepojenie k\u00e1blov. Nak\u00fapte teraz pre jednoduch\u00fa in\u0161tal\u00e1ciu!","og_url":"https:\/\/www.hostin.sk\/de\/produkt\/elektroklemme\/","og_site_name":"HOSTIN","article_modified_time":"2025-03-18T16:36:24+00:00","og_image":[{"width":450,"height":450,"url":"https:\/\/www.hostin.sk\/wp-content\/uploads\/2024\/02\/rychlospojka3-1.jpg","type":"image\/jpeg"}],"twitter_card":"summary_large_image","twitter_misc":{"Gesch\u00e4tzte Lesezeit":"1\u00a0Minute"},"schema":{"@context":"https:\/\/schema.org","@graph":[{"@type":"WebPage","@id":"https:\/\/www.hostin.sk\/de\/produkt\/elektroklemme\/","url":"https:\/\/www.hostin.sk\/de\/produkt\/elektroklemme\/","name":"Elektroklemme - HOSTIN","isPartOf":{"@id":"https:\/\/www.hostin.sk\/#website"},"primaryImageOfPage":{"@id":"https:\/\/www.hostin.sk\/de\/produkt\/elektroklemme\/#primaryimage"},"image":{"@id":"https:\/\/www.hostin.sk\/de\/produkt\/elektroklemme\/#primaryimage"},"thumbnailUrl":"https:\/\/www.hostin.sk\/wp-content\/uploads\/2024\/02\/rychlospojka3-1.jpg","datePublished":"2024-02-05T09:25:21+00:00","dateModified":"2025-03-18T16:36:24+00:00","description":"R\u00fdchla a bezpe\u010dn\u00e1 elektrick\u00e1 svorka na k\u00e1ble pre jednoduch\u00e9 a spo\u013eahliv\u00e9 prepojenie k\u00e1blov. Nak\u00fapte teraz pre jednoduch\u00fa in\u0161tal\u00e1ciu!","breadcrumb":{"@id":"https:\/\/www.hostin.sk\/de\/produkt\/elektroklemme\/#breadcrumb"},"inLanguage":"de","potentialAction":[{"@type":"ReadAction","target":["https:\/\/www.hostin.sk\/de\/produkt\/elektroklemme\/"]}]},{"@type":"ImageObject","inLanguage":"de","@id":"https:\/\/www.hostin.sk\/de\/produkt\/elektroklemme\/#primaryimage","url":"https:\/\/www.hostin.sk\/wp-content\/uploads\/2024\/02\/rychlospojka3-1.jpg","contentUrl":"https:\/\/www.hostin.sk\/wp-content\/uploads\/2024\/02\/rychlospojka3-1.jpg","width":450,"height":450},{"@type":"BreadcrumbList","@id":"https:\/\/www.hostin.sk\/de\/produkt\/elektroklemme\/#breadcrumb","itemListElement":[{"@type":"ListItem","position":1,"name":"Domov","item":"https:\/\/www.hostin.sk\/de\/"},{"@type":"ListItem","position":2,"name":"E-shop","item":"https:\/\/www.hostin.sk\/de\/e-shop\/"},{"@type":"ListItem","position":3,"name":"Abwehrsysteme nach Ausf\u00fchrung","item":"https:\/\/www.hostin.sk\/de\/produktkategorie\/abwehrsysteme-nach-ausfuehrung\/"},{"@type":"ListItem","position":4,"name":"Elektrische Abwehrsysteme","item":"https:\/\/www.hostin.sk\/de\/produktkategorie\/abwehrsysteme-nach-ausfuehrung\/elektrische-abwehrsysteme\/"},{"@type":"ListItem","position":5,"name":"Elektrisches Zubeh\u00f6r","item":"https:\/\/www.hostin.sk\/de\/produktkategorie\/abwehrsysteme-nach-ausfuehrung\/elektrische-abwehrsysteme\/elektrisches-zubehoer\/"},{"@type":"ListItem","position":6,"name":"Elektroklemme"}]},{"@type":"WebSite","@id":"https:\/\/www.hostin.sk\/#website","url":"https:\/\/www.hostin.sk\/","name":"HOSTIN","description":"Hroty proti vt\u00e1kom","potentialAction":[{"@type":"SearchAction","target":{"@type":"EntryPoint","urlTemplate":"https:\/\/www.hostin.sk\/?s={search_term_string}"},"query-input":{"@type":"PropertyValueSpecification","valueRequired":true,"valueName":"search_term_string"}}],"inLanguage":"de"}]}},"_links":{"self":[{"href":"https:\/\/www.hostin.sk\/de\/wp-json\/wp\/v2\/product\/9264","targetHints":{"allow":["GET"]}}],"collection":[{"href":"https:\/\/www.hostin.sk\/de\/wp-json\/wp\/v2\/product"}],"about":[{"href":"https:\/\/www.hostin.sk\/de\/wp-json\/wp\/v2\/types\/product"}],"wp:featuredmedia":[{"embeddable":true,"href":"https:\/\/www.hostin.sk\/de\/wp-json\/wp\/v2\/media\/7301"}],"wp:attachment":[{"href":"https:\/\/www.hostin.sk\/de\/wp-json\/wp\/v2\/media?parent=9264"}],"wp:term":[{"taxonomy":"product_brand","embeddable":true,"href":"https:\/\/www.hostin.sk\/de\/wp-json\/wp\/v2\/product_brand?post=9264"},{"taxonomy":"product_cat","embeddable":true,"href":"https:\/\/www.hostin.sk\/de\/wp-json\/wp\/v2\/product_cat?post=9264"},{"taxonomy":"product_tag","embeddable":true,"href":"https:\/\/www.hostin.sk\/de\/wp-json\/wp\/v2\/product_tag?post=9264"}],"curies":[{"name":"wp","href":"https:\/\/api.w.org\/{rel}","templated":true}]}}