{"id":9263,"date":"2024-02-05T10:36:50","date_gmt":"2024-02-05T09:36:50","guid":{"rendered":"https:\/\/www.hostin.sk\/produkt\/kabel-na-prepojenie\/"},"modified":"2025-03-18T17:36:03","modified_gmt":"2025-03-18T16:36:03","slug":"verbindungskabel","status":"publish","type":"product","link":"https:\/\/www.hostin.sk\/de\/produkt\/verbindungskabel\/","title":{"rendered":"Verbindungskabel"},"content":{"rendered":"<p>Der Kabel dient zur Verbindung der elektrischen Impulsquelle mit den elektrischen Vogelabwehr. Es handelt sich um einen Hochspannungsleiter mit doppelter Isolierung, einem verzinkten Leiter aus Stahldraht. Der Durchmesser des Leiters betr\u00e4gt 2,5 mm.<\/p>\n","protected":false},"excerpt":{"rendered":"<p>Kabel zur Verbindung der elektrischen Impulsquelle mit elektrischen Vogelabwehr in einer L\u00e4nge von 50 m.<\/p>\n","protected":false},"featured_media":7295,"template":"","meta":{"_acf_changed":false},"product_brand":[],"product_cat":[106],"product_tag":[],"class_list":{"0":"post-9263","1":"product","2":"type-product","3":"status-publish","4":"has-post-thumbnail","6":"product_cat-elektrisches-zubehoer","8":"first","9":"instock","10":"taxable","11":"shipping-taxable","12":"purchasable","13":"product-type-simple"},"acf":[],"yoast_head":"<!-- This site is optimized with the Yoast SEO plugin v27.4 - https:\/\/yoast.com\/product\/yoast-seo-wordpress\/ -->\n<title>Verbindungskabel - HOSTIN<\/title>\n<meta name=\"description\" content=\"Vysokonap\u00e4\u0165ov\u00fd k\u00e1bel ur\u010den\u00fd na spo\u013eahliv\u00e9 prepojenie elektrick\u00e9ho pulzn\u00e9ho zdroja s elektrick\u00fdmi z\u00e1branami vybaven\u00fd dvojitou izol\u00e1ciou.\" \/>\n<meta name=\"robots\" content=\"index, follow, max-snippet:-1, max-image-preview:large, max-video-preview:-1\" \/>\n<link rel=\"canonical\" href=\"https:\/\/www.hostin.sk\/de\/produkt\/verbindungskabel\/\" \/>\n<meta property=\"og:locale\" content=\"de_DE\" \/>\n<meta property=\"og:type\" content=\"article\" \/>\n<meta property=\"og:title\" content=\"Verbindungskabel - HOSTIN\" \/>\n<meta property=\"og:description\" content=\"Vysokonap\u00e4\u0165ov\u00fd k\u00e1bel ur\u010den\u00fd na spo\u013eahliv\u00e9 prepojenie elektrick\u00e9ho pulzn\u00e9ho zdroja s elektrick\u00fdmi z\u00e1branami vybaven\u00fd dvojitou izol\u00e1ciou.\" \/>\n<meta property=\"og:url\" content=\"https:\/\/www.hostin.sk\/de\/produkt\/verbindungskabel\/\" \/>\n<meta property=\"og:site_name\" content=\"HOSTIN\" \/>\n<meta property=\"article:modified_time\" content=\"2025-03-18T16:36:03+00:00\" \/>\n<meta property=\"og:image\" content=\"https:\/\/www.hostin.sk\/wp-content\/uploads\/2024\/02\/kabel-pre-ulozenie-v-zemi-vysokonapatovy-50m.jpg\" \/>\n\t<meta property=\"og:image:width\" content=\"488\" \/>\n\t<meta property=\"og:image:height\" content=\"488\" \/>\n\t<meta property=\"og:image:type\" content=\"image\/jpeg\" \/>\n<meta name=\"twitter:card\" content=\"summary_large_image\" \/>\n<meta name=\"twitter:label1\" content=\"Gesch\u00e4tzte Lesezeit\" \/>\n\t<meta name=\"twitter:data1\" content=\"1\u00a0Minute\" \/>\n<script type=\"application\/ld+json\" class=\"yoast-schema-graph\">{\"@context\":\"https:\\\/\\\/schema.org\",\"@graph\":[{\"@type\":\"WebPage\",\"@id\":\"https:\\\/\\\/www.hostin.sk\\\/de\\\/produkt\\\/verbindungskabel\\\/\",\"url\":\"https:\\\/\\\/www.hostin.sk\\\/de\\\/produkt\\\/verbindungskabel\\\/\",\"name\":\"Verbindungskabel - HOSTIN\",\"isPartOf\":{\"@id\":\"https:\\\/\\\/www.hostin.sk\\\/#website\"},\"primaryImageOfPage\":{\"@id\":\"https:\\\/\\\/www.hostin.sk\\\/de\\\/produkt\\\/verbindungskabel\\\/#primaryimage\"},\"image\":{\"@id\":\"https:\\\/\\\/www.hostin.sk\\\/de\\\/produkt\\\/verbindungskabel\\\/#primaryimage\"},\"thumbnailUrl\":\"https:\\\/\\\/www.hostin.sk\\\/wp-content\\\/uploads\\\/2024\\\/02\\\/kabel-pre-ulozenie-v-zemi-vysokonapatovy-50m.jpg\",\"datePublished\":\"2024-02-05T09:36:50+00:00\",\"dateModified\":\"2025-03-18T16:36:03+00:00\",\"description\":\"Vysokonap\u00e4\u0165ov\u00fd k\u00e1bel ur\u010den\u00fd na spo\u013eahliv\u00e9 prepojenie elektrick\u00e9ho pulzn\u00e9ho zdroja s elektrick\u00fdmi z\u00e1branami vybaven\u00fd dvojitou izol\u00e1ciou.\",\"breadcrumb\":{\"@id\":\"https:\\\/\\\/www.hostin.sk\\\/de\\\/produkt\\\/verbindungskabel\\\/#breadcrumb\"},\"inLanguage\":\"de\",\"potentialAction\":[{\"@type\":\"ReadAction\",\"target\":[\"https:\\\/\\\/www.hostin.sk\\\/de\\\/produkt\\\/verbindungskabel\\\/\"]}]},{\"@type\":\"ImageObject\",\"inLanguage\":\"de\",\"@id\":\"https:\\\/\\\/www.hostin.sk\\\/de\\\/produkt\\\/verbindungskabel\\\/#primaryimage\",\"url\":\"https:\\\/\\\/www.hostin.sk\\\/wp-content\\\/uploads\\\/2024\\\/02\\\/kabel-pre-ulozenie-v-zemi-vysokonapatovy-50m.jpg\",\"contentUrl\":\"https:\\\/\\\/www.hostin.sk\\\/wp-content\\\/uploads\\\/2024\\\/02\\\/kabel-pre-ulozenie-v-zemi-vysokonapatovy-50m.jpg\",\"width\":488,\"height\":488},{\"@type\":\"BreadcrumbList\",\"@id\":\"https:\\\/\\\/www.hostin.sk\\\/de\\\/produkt\\\/verbindungskabel\\\/#breadcrumb\",\"itemListElement\":[{\"@type\":\"ListItem\",\"position\":1,\"name\":\"Domov\",\"item\":\"https:\\\/\\\/www.hostin.sk\\\/de\\\/\"},{\"@type\":\"ListItem\",\"position\":2,\"name\":\"E-shop\",\"item\":\"https:\\\/\\\/www.hostin.sk\\\/de\\\/e-shop\\\/\"},{\"@type\":\"ListItem\",\"position\":3,\"name\":\"Abwehrsysteme nach Ausf\u00fchrung\",\"item\":\"https:\\\/\\\/www.hostin.sk\\\/de\\\/produktkategorie\\\/abwehrsysteme-nach-ausfuehrung\\\/\"},{\"@type\":\"ListItem\",\"position\":4,\"name\":\"Elektrische Abwehrsysteme\",\"item\":\"https:\\\/\\\/www.hostin.sk\\\/de\\\/produktkategorie\\\/abwehrsysteme-nach-ausfuehrung\\\/elektrische-abwehrsysteme\\\/\"},{\"@type\":\"ListItem\",\"position\":5,\"name\":\"Elektrisches Zubeh\u00f6r\",\"item\":\"https:\\\/\\\/www.hostin.sk\\\/de\\\/produktkategorie\\\/abwehrsysteme-nach-ausfuehrung\\\/elektrische-abwehrsysteme\\\/elektrisches-zubehoer\\\/\"},{\"@type\":\"ListItem\",\"position\":6,\"name\":\"Verbindungskabel\"}]},{\"@type\":\"WebSite\",\"@id\":\"https:\\\/\\\/www.hostin.sk\\\/#website\",\"url\":\"https:\\\/\\\/www.hostin.sk\\\/\",\"name\":\"HOSTIN\",\"description\":\"Hroty proti vt\u00e1kom\",\"potentialAction\":[{\"@type\":\"SearchAction\",\"target\":{\"@type\":\"EntryPoint\",\"urlTemplate\":\"https:\\\/\\\/www.hostin.sk\\\/?s={search_term_string}\"},\"query-input\":{\"@type\":\"PropertyValueSpecification\",\"valueRequired\":true,\"valueName\":\"search_term_string\"}}],\"inLanguage\":\"de\"}]}<\/script>\n<!-- \/ Yoast SEO plugin. -->","yoast_head_json":{"title":"Verbindungskabel - HOSTIN","description":"Vysokonap\u00e4\u0165ov\u00fd k\u00e1bel ur\u010den\u00fd na spo\u013eahliv\u00e9 prepojenie elektrick\u00e9ho pulzn\u00e9ho zdroja s elektrick\u00fdmi z\u00e1branami vybaven\u00fd dvojitou izol\u00e1ciou.","robots":{"index":"index","follow":"follow","max-snippet":"max-snippet:-1","max-image-preview":"max-image-preview:large","max-video-preview":"max-video-preview:-1"},"canonical":"https:\/\/www.hostin.sk\/de\/produkt\/verbindungskabel\/","og_locale":"de_DE","og_type":"article","og_title":"Verbindungskabel - HOSTIN","og_description":"Vysokonap\u00e4\u0165ov\u00fd k\u00e1bel ur\u010den\u00fd na spo\u013eahliv\u00e9 prepojenie elektrick\u00e9ho pulzn\u00e9ho zdroja s elektrick\u00fdmi z\u00e1branami vybaven\u00fd dvojitou izol\u00e1ciou.","og_url":"https:\/\/www.hostin.sk\/de\/produkt\/verbindungskabel\/","og_site_name":"HOSTIN","article_modified_time":"2025-03-18T16:36:03+00:00","og_image":[{"width":488,"height":488,"url":"https:\/\/www.hostin.sk\/wp-content\/uploads\/2024\/02\/kabel-pre-ulozenie-v-zemi-vysokonapatovy-50m.jpg","type":"image\/jpeg"}],"twitter_card":"summary_large_image","twitter_misc":{"Gesch\u00e4tzte Lesezeit":"1\u00a0Minute"},"schema":{"@context":"https:\/\/schema.org","@graph":[{"@type":"WebPage","@id":"https:\/\/www.hostin.sk\/de\/produkt\/verbindungskabel\/","url":"https:\/\/www.hostin.sk\/de\/produkt\/verbindungskabel\/","name":"Verbindungskabel - HOSTIN","isPartOf":{"@id":"https:\/\/www.hostin.sk\/#website"},"primaryImageOfPage":{"@id":"https:\/\/www.hostin.sk\/de\/produkt\/verbindungskabel\/#primaryimage"},"image":{"@id":"https:\/\/www.hostin.sk\/de\/produkt\/verbindungskabel\/#primaryimage"},"thumbnailUrl":"https:\/\/www.hostin.sk\/wp-content\/uploads\/2024\/02\/kabel-pre-ulozenie-v-zemi-vysokonapatovy-50m.jpg","datePublished":"2024-02-05T09:36:50+00:00","dateModified":"2025-03-18T16:36:03+00:00","description":"Vysokonap\u00e4\u0165ov\u00fd k\u00e1bel ur\u010den\u00fd na spo\u013eahliv\u00e9 prepojenie elektrick\u00e9ho pulzn\u00e9ho zdroja s elektrick\u00fdmi z\u00e1branami vybaven\u00fd dvojitou izol\u00e1ciou.","breadcrumb":{"@id":"https:\/\/www.hostin.sk\/de\/produkt\/verbindungskabel\/#breadcrumb"},"inLanguage":"de","potentialAction":[{"@type":"ReadAction","target":["https:\/\/www.hostin.sk\/de\/produkt\/verbindungskabel\/"]}]},{"@type":"ImageObject","inLanguage":"de","@id":"https:\/\/www.hostin.sk\/de\/produkt\/verbindungskabel\/#primaryimage","url":"https:\/\/www.hostin.sk\/wp-content\/uploads\/2024\/02\/kabel-pre-ulozenie-v-zemi-vysokonapatovy-50m.jpg","contentUrl":"https:\/\/www.hostin.sk\/wp-content\/uploads\/2024\/02\/kabel-pre-ulozenie-v-zemi-vysokonapatovy-50m.jpg","width":488,"height":488},{"@type":"BreadcrumbList","@id":"https:\/\/www.hostin.sk\/de\/produkt\/verbindungskabel\/#breadcrumb","itemListElement":[{"@type":"ListItem","position":1,"name":"Domov","item":"https:\/\/www.hostin.sk\/de\/"},{"@type":"ListItem","position":2,"name":"E-shop","item":"https:\/\/www.hostin.sk\/de\/e-shop\/"},{"@type":"ListItem","position":3,"name":"Abwehrsysteme nach Ausf\u00fchrung","item":"https:\/\/www.hostin.sk\/de\/produktkategorie\/abwehrsysteme-nach-ausfuehrung\/"},{"@type":"ListItem","position":4,"name":"Elektrische Abwehrsysteme","item":"https:\/\/www.hostin.sk\/de\/produktkategorie\/abwehrsysteme-nach-ausfuehrung\/elektrische-abwehrsysteme\/"},{"@type":"ListItem","position":5,"name":"Elektrisches Zubeh\u00f6r","item":"https:\/\/www.hostin.sk\/de\/produktkategorie\/abwehrsysteme-nach-ausfuehrung\/elektrische-abwehrsysteme\/elektrisches-zubehoer\/"},{"@type":"ListItem","position":6,"name":"Verbindungskabel"}]},{"@type":"WebSite","@id":"https:\/\/www.hostin.sk\/#website","url":"https:\/\/www.hostin.sk\/","name":"HOSTIN","description":"Hroty proti vt\u00e1kom","potentialAction":[{"@type":"SearchAction","target":{"@type":"EntryPoint","urlTemplate":"https:\/\/www.hostin.sk\/?s={search_term_string}"},"query-input":{"@type":"PropertyValueSpecification","valueRequired":true,"valueName":"search_term_string"}}],"inLanguage":"de"}]}},"_links":{"self":[{"href":"https:\/\/www.hostin.sk\/de\/wp-json\/wp\/v2\/product\/9263","targetHints":{"allow":["GET"]}}],"collection":[{"href":"https:\/\/www.hostin.sk\/de\/wp-json\/wp\/v2\/product"}],"about":[{"href":"https:\/\/www.hostin.sk\/de\/wp-json\/wp\/v2\/types\/product"}],"wp:featuredmedia":[{"embeddable":true,"href":"https:\/\/www.hostin.sk\/de\/wp-json\/wp\/v2\/media\/7295"}],"wp:attachment":[{"href":"https:\/\/www.hostin.sk\/de\/wp-json\/wp\/v2\/media?parent=9263"}],"wp:term":[{"taxonomy":"product_brand","embeddable":true,"href":"https:\/\/www.hostin.sk\/de\/wp-json\/wp\/v2\/product_brand?post=9263"},{"taxonomy":"product_cat","embeddable":true,"href":"https:\/\/www.hostin.sk\/de\/wp-json\/wp\/v2\/product_cat?post=9263"},{"taxonomy":"product_tag","embeddable":true,"href":"https:\/\/www.hostin.sk\/de\/wp-json\/wp\/v2\/product_tag?post=9263"}],"curies":[{"name":"wp","href":"https:\/\/api.w.org\/{rel}","templated":true}]}}