{"id":9261,"date":"2024-02-05T10:56:31","date_gmt":"2024-02-05T09:56:31","guid":{"rendered":"https:\/\/www.hostin.sk\/produkt\/aplikacna-pistol\/"},"modified":"2025-03-15T16:13:28","modified_gmt":"2025-03-15T15:13:28","slug":"applikationspistole","status":"publish","type":"product","link":"https:\/\/www.hostin.sk\/de\/produkt\/applikationspistole\/","title":{"rendered":"Applikationspistole"},"content":{"rendered":"","protected":false},"excerpt":{"rendered":"<p>Profi-Applikationspistole f\u00fcr Kartuschen HKS 12 COX \u2013 zum Auftragen und Auspressen von Dichtmassen oder Klebstoffen aus Kartuschen.<\/p>\n","protected":false},"featured_media":7289,"template":"","meta":{"_acf_changed":false},"product_brand":[],"product_cat":[103],"product_tag":[],"class_list":{"0":"post-9261","1":"product","2":"type-product","3":"status-publish","4":"has-post-thumbnail","6":"product_cat-zubehoer","8":"first","9":"instock","10":"taxable","11":"shipping-taxable","12":"purchasable","13":"product-type-simple"},"acf":[],"yoast_head":"<!-- This site is optimized with the Yoast SEO plugin v27.4 - https:\/\/yoast.com\/product\/yoast-seo-wordpress\/ -->\n<title>Applikationspistole - HOSTIN<\/title>\n<meta name=\"description\" content=\"Aplika\u010dn\u00e1 pi\u0161to\u013e ur\u010den\u00e1 na presn\u00e9 vytl\u00e1\u010danie tmelov a lepidiel z kartu\u0161\u00ed. Vyzna\u010duje sa vysokou odolnos\u0165ou a ergonomick\u00fdm dizajnom pre pohodln\u00e9 pou\u017e\u00edvanie.\" \/>\n<meta name=\"robots\" content=\"index, follow, max-snippet:-1, max-image-preview:large, max-video-preview:-1\" \/>\n<link rel=\"canonical\" href=\"https:\/\/www.hostin.sk\/de\/produkt\/applikationspistole\/\" \/>\n<meta property=\"og:locale\" content=\"de_DE\" \/>\n<meta property=\"og:type\" content=\"article\" \/>\n<meta property=\"og:title\" content=\"Applikationspistole - HOSTIN\" \/>\n<meta property=\"og:description\" content=\"Aplika\u010dn\u00e1 pi\u0161to\u013e ur\u010den\u00e1 na presn\u00e9 vytl\u00e1\u010danie tmelov a lepidiel z kartu\u0161\u00ed. Vyzna\u010duje sa vysokou odolnos\u0165ou a ergonomick\u00fdm dizajnom pre pohodln\u00e9 pou\u017e\u00edvanie.\" \/>\n<meta property=\"og:url\" content=\"https:\/\/www.hostin.sk\/de\/produkt\/applikationspistole\/\" \/>\n<meta property=\"og:site_name\" content=\"HOSTIN\" \/>\n<meta property=\"article:modified_time\" content=\"2025-03-15T15:13:28+00:00\" \/>\n<meta property=\"og:image\" content=\"https:\/\/www.hostin.sk\/wp-content\/uploads\/2024\/02\/aplikacna-pistol.jpg\" \/>\n\t<meta property=\"og:image:width\" content=\"600\" \/>\n\t<meta property=\"og:image:height\" content=\"600\" \/>\n\t<meta property=\"og:image:type\" content=\"image\/jpeg\" \/>\n<meta name=\"twitter:card\" content=\"summary_large_image\" \/>\n<meta name=\"twitter:label1\" content=\"Gesch\u00e4tzte Lesezeit\" \/>\n\t<meta name=\"twitter:data1\" content=\"1\u00a0Minute\" \/>\n<script type=\"application\/ld+json\" class=\"yoast-schema-graph\">{\"@context\":\"https:\\\/\\\/schema.org\",\"@graph\":[{\"@type\":\"WebPage\",\"@id\":\"https:\\\/\\\/www.hostin.sk\\\/de\\\/produkt\\\/applikationspistole\\\/\",\"url\":\"https:\\\/\\\/www.hostin.sk\\\/de\\\/produkt\\\/applikationspistole\\\/\",\"name\":\"Applikationspistole - HOSTIN\",\"isPartOf\":{\"@id\":\"https:\\\/\\\/www.hostin.sk\\\/#website\"},\"primaryImageOfPage\":{\"@id\":\"https:\\\/\\\/www.hostin.sk\\\/de\\\/produkt\\\/applikationspistole\\\/#primaryimage\"},\"image\":{\"@id\":\"https:\\\/\\\/www.hostin.sk\\\/de\\\/produkt\\\/applikationspistole\\\/#primaryimage\"},\"thumbnailUrl\":\"https:\\\/\\\/www.hostin.sk\\\/wp-content\\\/uploads\\\/2024\\\/02\\\/aplikacna-pistol.jpg\",\"datePublished\":\"2024-02-05T09:56:31+00:00\",\"dateModified\":\"2025-03-15T15:13:28+00:00\",\"description\":\"Aplika\u010dn\u00e1 pi\u0161to\u013e ur\u010den\u00e1 na presn\u00e9 vytl\u00e1\u010danie tmelov a lepidiel z kartu\u0161\u00ed. Vyzna\u010duje sa vysokou odolnos\u0165ou a ergonomick\u00fdm dizajnom pre pohodln\u00e9 pou\u017e\u00edvanie.\",\"breadcrumb\":{\"@id\":\"https:\\\/\\\/www.hostin.sk\\\/de\\\/produkt\\\/applikationspistole\\\/#breadcrumb\"},\"inLanguage\":\"de\",\"potentialAction\":[{\"@type\":\"ReadAction\",\"target\":[\"https:\\\/\\\/www.hostin.sk\\\/de\\\/produkt\\\/applikationspistole\\\/\"]}]},{\"@type\":\"ImageObject\",\"inLanguage\":\"de\",\"@id\":\"https:\\\/\\\/www.hostin.sk\\\/de\\\/produkt\\\/applikationspistole\\\/#primaryimage\",\"url\":\"https:\\\/\\\/www.hostin.sk\\\/wp-content\\\/uploads\\\/2024\\\/02\\\/aplikacna-pistol.jpg\",\"contentUrl\":\"https:\\\/\\\/www.hostin.sk\\\/wp-content\\\/uploads\\\/2024\\\/02\\\/aplikacna-pistol.jpg\",\"width\":600,\"height\":600},{\"@type\":\"BreadcrumbList\",\"@id\":\"https:\\\/\\\/www.hostin.sk\\\/de\\\/produkt\\\/applikationspistole\\\/#breadcrumb\",\"itemListElement\":[{\"@type\":\"ListItem\",\"position\":1,\"name\":\"Domov\",\"item\":\"https:\\\/\\\/www.hostin.sk\\\/de\\\/\"},{\"@type\":\"ListItem\",\"position\":2,\"name\":\"E-shop\",\"item\":\"https:\\\/\\\/www.hostin.sk\\\/de\\\/e-shop\\\/\"},{\"@type\":\"ListItem\",\"position\":3,\"name\":\"Zubeh\u00f6r\",\"item\":\"https:\\\/\\\/www.hostin.sk\\\/de\\\/produktkategorie\\\/zubehoer\\\/\"},{\"@type\":\"ListItem\",\"position\":4,\"name\":\"Applikationspistole\"}]},{\"@type\":\"WebSite\",\"@id\":\"https:\\\/\\\/www.hostin.sk\\\/#website\",\"url\":\"https:\\\/\\\/www.hostin.sk\\\/\",\"name\":\"HOSTIN\",\"description\":\"Hroty proti vt\u00e1kom\",\"potentialAction\":[{\"@type\":\"SearchAction\",\"target\":{\"@type\":\"EntryPoint\",\"urlTemplate\":\"https:\\\/\\\/www.hostin.sk\\\/?s={search_term_string}\"},\"query-input\":{\"@type\":\"PropertyValueSpecification\",\"valueRequired\":true,\"valueName\":\"search_term_string\"}}],\"inLanguage\":\"de\"}]}<\/script>\n<!-- \/ Yoast SEO plugin. -->","yoast_head_json":{"title":"Applikationspistole - HOSTIN","description":"Aplika\u010dn\u00e1 pi\u0161to\u013e ur\u010den\u00e1 na presn\u00e9 vytl\u00e1\u010danie tmelov a lepidiel z kartu\u0161\u00ed. Vyzna\u010duje sa vysokou odolnos\u0165ou a ergonomick\u00fdm dizajnom pre pohodln\u00e9 pou\u017e\u00edvanie.","robots":{"index":"index","follow":"follow","max-snippet":"max-snippet:-1","max-image-preview":"max-image-preview:large","max-video-preview":"max-video-preview:-1"},"canonical":"https:\/\/www.hostin.sk\/de\/produkt\/applikationspistole\/","og_locale":"de_DE","og_type":"article","og_title":"Applikationspistole - HOSTIN","og_description":"Aplika\u010dn\u00e1 pi\u0161to\u013e ur\u010den\u00e1 na presn\u00e9 vytl\u00e1\u010danie tmelov a lepidiel z kartu\u0161\u00ed. Vyzna\u010duje sa vysokou odolnos\u0165ou a ergonomick\u00fdm dizajnom pre pohodln\u00e9 pou\u017e\u00edvanie.","og_url":"https:\/\/www.hostin.sk\/de\/produkt\/applikationspistole\/","og_site_name":"HOSTIN","article_modified_time":"2025-03-15T15:13:28+00:00","og_image":[{"width":600,"height":600,"url":"https:\/\/www.hostin.sk\/wp-content\/uploads\/2024\/02\/aplikacna-pistol.jpg","type":"image\/jpeg"}],"twitter_card":"summary_large_image","twitter_misc":{"Gesch\u00e4tzte Lesezeit":"1\u00a0Minute"},"schema":{"@context":"https:\/\/schema.org","@graph":[{"@type":"WebPage","@id":"https:\/\/www.hostin.sk\/de\/produkt\/applikationspistole\/","url":"https:\/\/www.hostin.sk\/de\/produkt\/applikationspistole\/","name":"Applikationspistole - HOSTIN","isPartOf":{"@id":"https:\/\/www.hostin.sk\/#website"},"primaryImageOfPage":{"@id":"https:\/\/www.hostin.sk\/de\/produkt\/applikationspistole\/#primaryimage"},"image":{"@id":"https:\/\/www.hostin.sk\/de\/produkt\/applikationspistole\/#primaryimage"},"thumbnailUrl":"https:\/\/www.hostin.sk\/wp-content\/uploads\/2024\/02\/aplikacna-pistol.jpg","datePublished":"2024-02-05T09:56:31+00:00","dateModified":"2025-03-15T15:13:28+00:00","description":"Aplika\u010dn\u00e1 pi\u0161to\u013e ur\u010den\u00e1 na presn\u00e9 vytl\u00e1\u010danie tmelov a lepidiel z kartu\u0161\u00ed. Vyzna\u010duje sa vysokou odolnos\u0165ou a ergonomick\u00fdm dizajnom pre pohodln\u00e9 pou\u017e\u00edvanie.","breadcrumb":{"@id":"https:\/\/www.hostin.sk\/de\/produkt\/applikationspistole\/#breadcrumb"},"inLanguage":"de","potentialAction":[{"@type":"ReadAction","target":["https:\/\/www.hostin.sk\/de\/produkt\/applikationspistole\/"]}]},{"@type":"ImageObject","inLanguage":"de","@id":"https:\/\/www.hostin.sk\/de\/produkt\/applikationspistole\/#primaryimage","url":"https:\/\/www.hostin.sk\/wp-content\/uploads\/2024\/02\/aplikacna-pistol.jpg","contentUrl":"https:\/\/www.hostin.sk\/wp-content\/uploads\/2024\/02\/aplikacna-pistol.jpg","width":600,"height":600},{"@type":"BreadcrumbList","@id":"https:\/\/www.hostin.sk\/de\/produkt\/applikationspistole\/#breadcrumb","itemListElement":[{"@type":"ListItem","position":1,"name":"Domov","item":"https:\/\/www.hostin.sk\/de\/"},{"@type":"ListItem","position":2,"name":"E-shop","item":"https:\/\/www.hostin.sk\/de\/e-shop\/"},{"@type":"ListItem","position":3,"name":"Zubeh\u00f6r","item":"https:\/\/www.hostin.sk\/de\/produktkategorie\/zubehoer\/"},{"@type":"ListItem","position":4,"name":"Applikationspistole"}]},{"@type":"WebSite","@id":"https:\/\/www.hostin.sk\/#website","url":"https:\/\/www.hostin.sk\/","name":"HOSTIN","description":"Hroty proti vt\u00e1kom","potentialAction":[{"@type":"SearchAction","target":{"@type":"EntryPoint","urlTemplate":"https:\/\/www.hostin.sk\/?s={search_term_string}"},"query-input":{"@type":"PropertyValueSpecification","valueRequired":true,"valueName":"search_term_string"}}],"inLanguage":"de"}]}},"_links":{"self":[{"href":"https:\/\/www.hostin.sk\/de\/wp-json\/wp\/v2\/product\/9261","targetHints":{"allow":["GET"]}}],"collection":[{"href":"https:\/\/www.hostin.sk\/de\/wp-json\/wp\/v2\/product"}],"about":[{"href":"https:\/\/www.hostin.sk\/de\/wp-json\/wp\/v2\/types\/product"}],"wp:featuredmedia":[{"embeddable":true,"href":"https:\/\/www.hostin.sk\/de\/wp-json\/wp\/v2\/media\/7289"}],"wp:attachment":[{"href":"https:\/\/www.hostin.sk\/de\/wp-json\/wp\/v2\/media?parent=9261"}],"wp:term":[{"taxonomy":"product_brand","embeddable":true,"href":"https:\/\/www.hostin.sk\/de\/wp-json\/wp\/v2\/product_brand?post=9261"},{"taxonomy":"product_cat","embeddable":true,"href":"https:\/\/www.hostin.sk\/de\/wp-json\/wp\/v2\/product_cat?post=9261"},{"taxonomy":"product_tag","embeddable":true,"href":"https:\/\/www.hostin.sk\/de\/wp-json\/wp\/v2\/product_tag?post=9261"}],"curies":[{"name":"wp","href":"https:\/\/api.w.org\/{rel}","templated":true}]}}