{"id":9259,"date":"2024-02-14T17:20:34","date_gmt":"2024-02-14T16:20:34","guid":{"rendered":"https:\/\/www.hostin.sk\/produkt\/hrotova-zabrana-na-kmen-stromu\/"},"modified":"2025-03-12T22:00:21","modified_gmt":"2025-03-12T21:00:21","slug":"abwehrspitzen-fuer-baumstaemme","status":"publish","type":"product","link":"https:\/\/www.hostin.sk\/de\/produkt\/abwehrspitzen-fuer-baumstaemme\/","title":{"rendered":"Abwehrspitzen f\u00fcr Baumst\u00e4mme"},"content":{"rendered":"<p>Die Spitzenabwehr f\u00fcr Baumst\u00e4mme dient als effektiver und gleichzeitig tierfreundlicher Schutz.\u00a0Das Design mit zwei Reihen von Spitzen bildet eine wirkungsvolle Barriere f\u00fcr Tiere beim Klettern auf B\u00e4ume, Regenrohre, Masten usw. Dank der gummierten Enden werden die Tiere nicht verletzt.<\/p>\n<p><strong>Installation<\/strong><\/p>\n<p>Die ringf\u00f6rmige Abwehrvorrichtung l\u00e4sst sich ohne gro\u00dfen Aufwand montieren. Der Zusammenbau dauert nur 1\u20132 Minuten und erfordert kein Werkzeug.<\/p>\n","protected":false},"excerpt":{"rendered":"<p>Spitzenabwehr aus Edelstahl gegen Nagetiere, Marder und Katzen.<\/p>\n","protected":false},"featured_media":7283,"template":"","meta":{"_acf_changed":false},"product_brand":[],"product_cat":[113,138,136,142],"product_tag":[],"class_list":{"0":"post-9259","1":"product","2":"type-product","3":"status-publish","4":"has-post-thumbnail","6":"product_cat-2-reihige-spitzenabwehr","7":"product_cat-fuer-baeume-masten","8":"product_cat-fuer-rohre","9":"product_cat-gegen-nagetiere-marder-katzen-eichhoernchen","11":"first","12":"instock","13":"taxable","14":"shipping-taxable","15":"purchasable","16":"product-type-simple"},"acf":[],"yoast_head":"<!-- This site is optimized with the Yoast SEO plugin v27.4 - https:\/\/yoast.com\/product\/yoast-seo-wordpress\/ -->\n<title>Abwehrspitzen f\u00fcr Baumst\u00e4mme - HOSTIN<\/title>\n<meta name=\"description\" content=\"Celonerezov\u00e1 hrotov\u00e1 z\u00e1brana je \u00fa\u010dinn\u00fd a odoln\u00fd syst\u00e9m ochrany proti hlodavcom, kun\u00e1m a ma\u010dk\u00e1m. Vyroben\u00e1 z vysokokvalitn\u00e9ho nerezu.\" \/>\n<meta name=\"robots\" content=\"index, follow, max-snippet:-1, max-image-preview:large, max-video-preview:-1\" \/>\n<link rel=\"canonical\" href=\"https:\/\/www.hostin.sk\/de\/produkt\/abwehrspitzen-fuer-baumstaemme\/\" \/>\n<meta property=\"og:locale\" content=\"de_DE\" \/>\n<meta property=\"og:type\" content=\"article\" \/>\n<meta property=\"og:title\" content=\"Abwehrspitzen f\u00fcr Baumst\u00e4mme - HOSTIN\" \/>\n<meta property=\"og:description\" content=\"Celonerezov\u00e1 hrotov\u00e1 z\u00e1brana je \u00fa\u010dinn\u00fd a odoln\u00fd syst\u00e9m ochrany proti hlodavcom, kun\u00e1m a ma\u010dk\u00e1m. Vyroben\u00e1 z vysokokvalitn\u00e9ho nerezu.\" \/>\n<meta property=\"og:url\" content=\"https:\/\/www.hostin.sk\/de\/produkt\/abwehrspitzen-fuer-baumstaemme\/\" \/>\n<meta property=\"og:site_name\" content=\"HOSTIN\" \/>\n<meta property=\"article:modified_time\" content=\"2025-03-12T21:00:21+00:00\" \/>\n<meta property=\"og:image\" content=\"https:\/\/www.hostin.sk\/wp-content\/uploads\/2024\/02\/host-prod-4-1.jpg\" \/>\n\t<meta property=\"og:image:width\" content=\"1000\" \/>\n\t<meta property=\"og:image:height\" content=\"1000\" \/>\n\t<meta property=\"og:image:type\" content=\"image\/jpeg\" \/>\n<meta name=\"twitter:card\" content=\"summary_large_image\" \/>\n<meta name=\"twitter:label1\" content=\"Gesch\u00e4tzte Lesezeit\" \/>\n\t<meta name=\"twitter:data1\" content=\"1\u00a0Minute\" \/>\n<script type=\"application\/ld+json\" class=\"yoast-schema-graph\">{\"@context\":\"https:\\\/\\\/schema.org\",\"@graph\":[{\"@type\":\"WebPage\",\"@id\":\"https:\\\/\\\/www.hostin.sk\\\/de\\\/produkt\\\/abwehrspitzen-fuer-baumstaemme\\\/\",\"url\":\"https:\\\/\\\/www.hostin.sk\\\/de\\\/produkt\\\/abwehrspitzen-fuer-baumstaemme\\\/\",\"name\":\"Abwehrspitzen f\u00fcr Baumst\u00e4mme - HOSTIN\",\"isPartOf\":{\"@id\":\"https:\\\/\\\/www.hostin.sk\\\/#website\"},\"primaryImageOfPage\":{\"@id\":\"https:\\\/\\\/www.hostin.sk\\\/de\\\/produkt\\\/abwehrspitzen-fuer-baumstaemme\\\/#primaryimage\"},\"image\":{\"@id\":\"https:\\\/\\\/www.hostin.sk\\\/de\\\/produkt\\\/abwehrspitzen-fuer-baumstaemme\\\/#primaryimage\"},\"thumbnailUrl\":\"https:\\\/\\\/www.hostin.sk\\\/wp-content\\\/uploads\\\/2024\\\/02\\\/host-prod-4-1.jpg\",\"datePublished\":\"2024-02-14T16:20:34+00:00\",\"dateModified\":\"2025-03-12T21:00:21+00:00\",\"description\":\"Celonerezov\u00e1 hrotov\u00e1 z\u00e1brana je \u00fa\u010dinn\u00fd a odoln\u00fd syst\u00e9m ochrany proti hlodavcom, kun\u00e1m a ma\u010dk\u00e1m. Vyroben\u00e1 z vysokokvalitn\u00e9ho nerezu.\",\"breadcrumb\":{\"@id\":\"https:\\\/\\\/www.hostin.sk\\\/de\\\/produkt\\\/abwehrspitzen-fuer-baumstaemme\\\/#breadcrumb\"},\"inLanguage\":\"de\",\"potentialAction\":[{\"@type\":\"ReadAction\",\"target\":[\"https:\\\/\\\/www.hostin.sk\\\/de\\\/produkt\\\/abwehrspitzen-fuer-baumstaemme\\\/\"]}]},{\"@type\":\"ImageObject\",\"inLanguage\":\"de\",\"@id\":\"https:\\\/\\\/www.hostin.sk\\\/de\\\/produkt\\\/abwehrspitzen-fuer-baumstaemme\\\/#primaryimage\",\"url\":\"https:\\\/\\\/www.hostin.sk\\\/wp-content\\\/uploads\\\/2024\\\/02\\\/host-prod-4-1.jpg\",\"contentUrl\":\"https:\\\/\\\/www.hostin.sk\\\/wp-content\\\/uploads\\\/2024\\\/02\\\/host-prod-4-1.jpg\",\"width\":1000,\"height\":1000},{\"@type\":\"BreadcrumbList\",\"@id\":\"https:\\\/\\\/www.hostin.sk\\\/de\\\/produkt\\\/abwehrspitzen-fuer-baumstaemme\\\/#breadcrumb\",\"itemListElement\":[{\"@type\":\"ListItem\",\"position\":1,\"name\":\"Domov\",\"item\":\"https:\\\/\\\/www.hostin.sk\\\/de\\\/\"},{\"@type\":\"ListItem\",\"position\":2,\"name\":\"E-shop\",\"item\":\"https:\\\/\\\/www.hostin.sk\\\/de\\\/e-shop\\\/\"},{\"@type\":\"ListItem\",\"position\":3,\"name\":\"Abwehrsysteme nach Ausf\u00fchrung\",\"item\":\"https:\\\/\\\/www.hostin.sk\\\/de\\\/produktkategorie\\\/abwehrsysteme-nach-ausfuehrung\\\/\"},{\"@type\":\"ListItem\",\"position\":4,\"name\":\"Spike-System\",\"item\":\"https:\\\/\\\/www.hostin.sk\\\/de\\\/produktkategorie\\\/abwehrsysteme-nach-ausfuehrung\\\/spike-system\\\/\"},{\"@type\":\"ListItem\",\"position\":5,\"name\":\"2-reihige Spitzenabwehr\",\"item\":\"https:\\\/\\\/www.hostin.sk\\\/de\\\/produktkategorie\\\/abwehrsysteme-nach-ausfuehrung\\\/spike-system\\\/2-reihige-spitzenabwehr\\\/\"},{\"@type\":\"ListItem\",\"position\":6,\"name\":\"Abwehrspitzen f\u00fcr Baumst\u00e4mme\"}]},{\"@type\":\"WebSite\",\"@id\":\"https:\\\/\\\/www.hostin.sk\\\/#website\",\"url\":\"https:\\\/\\\/www.hostin.sk\\\/\",\"name\":\"HOSTIN\",\"description\":\"Hroty proti vt\u00e1kom\",\"potentialAction\":[{\"@type\":\"SearchAction\",\"target\":{\"@type\":\"EntryPoint\",\"urlTemplate\":\"https:\\\/\\\/www.hostin.sk\\\/?s={search_term_string}\"},\"query-input\":{\"@type\":\"PropertyValueSpecification\",\"valueRequired\":true,\"valueName\":\"search_term_string\"}}],\"inLanguage\":\"de\"}]}<\/script>\n<!-- \/ Yoast SEO plugin. -->","yoast_head_json":{"title":"Abwehrspitzen f\u00fcr Baumst\u00e4mme - HOSTIN","description":"Celonerezov\u00e1 hrotov\u00e1 z\u00e1brana je \u00fa\u010dinn\u00fd a odoln\u00fd syst\u00e9m ochrany proti hlodavcom, kun\u00e1m a ma\u010dk\u00e1m. Vyroben\u00e1 z vysokokvalitn\u00e9ho nerezu.","robots":{"index":"index","follow":"follow","max-snippet":"max-snippet:-1","max-image-preview":"max-image-preview:large","max-video-preview":"max-video-preview:-1"},"canonical":"https:\/\/www.hostin.sk\/de\/produkt\/abwehrspitzen-fuer-baumstaemme\/","og_locale":"de_DE","og_type":"article","og_title":"Abwehrspitzen f\u00fcr Baumst\u00e4mme - HOSTIN","og_description":"Celonerezov\u00e1 hrotov\u00e1 z\u00e1brana je \u00fa\u010dinn\u00fd a odoln\u00fd syst\u00e9m ochrany proti hlodavcom, kun\u00e1m a ma\u010dk\u00e1m. Vyroben\u00e1 z vysokokvalitn\u00e9ho nerezu.","og_url":"https:\/\/www.hostin.sk\/de\/produkt\/abwehrspitzen-fuer-baumstaemme\/","og_site_name":"HOSTIN","article_modified_time":"2025-03-12T21:00:21+00:00","og_image":[{"width":1000,"height":1000,"url":"https:\/\/www.hostin.sk\/wp-content\/uploads\/2024\/02\/host-prod-4-1.jpg","type":"image\/jpeg"}],"twitter_card":"summary_large_image","twitter_misc":{"Gesch\u00e4tzte Lesezeit":"1\u00a0Minute"},"schema":{"@context":"https:\/\/schema.org","@graph":[{"@type":"WebPage","@id":"https:\/\/www.hostin.sk\/de\/produkt\/abwehrspitzen-fuer-baumstaemme\/","url":"https:\/\/www.hostin.sk\/de\/produkt\/abwehrspitzen-fuer-baumstaemme\/","name":"Abwehrspitzen f\u00fcr Baumst\u00e4mme - HOSTIN","isPartOf":{"@id":"https:\/\/www.hostin.sk\/#website"},"primaryImageOfPage":{"@id":"https:\/\/www.hostin.sk\/de\/produkt\/abwehrspitzen-fuer-baumstaemme\/#primaryimage"},"image":{"@id":"https:\/\/www.hostin.sk\/de\/produkt\/abwehrspitzen-fuer-baumstaemme\/#primaryimage"},"thumbnailUrl":"https:\/\/www.hostin.sk\/wp-content\/uploads\/2024\/02\/host-prod-4-1.jpg","datePublished":"2024-02-14T16:20:34+00:00","dateModified":"2025-03-12T21:00:21+00:00","description":"Celonerezov\u00e1 hrotov\u00e1 z\u00e1brana je \u00fa\u010dinn\u00fd a odoln\u00fd syst\u00e9m ochrany proti hlodavcom, kun\u00e1m a ma\u010dk\u00e1m. Vyroben\u00e1 z vysokokvalitn\u00e9ho nerezu.","breadcrumb":{"@id":"https:\/\/www.hostin.sk\/de\/produkt\/abwehrspitzen-fuer-baumstaemme\/#breadcrumb"},"inLanguage":"de","potentialAction":[{"@type":"ReadAction","target":["https:\/\/www.hostin.sk\/de\/produkt\/abwehrspitzen-fuer-baumstaemme\/"]}]},{"@type":"ImageObject","inLanguage":"de","@id":"https:\/\/www.hostin.sk\/de\/produkt\/abwehrspitzen-fuer-baumstaemme\/#primaryimage","url":"https:\/\/www.hostin.sk\/wp-content\/uploads\/2024\/02\/host-prod-4-1.jpg","contentUrl":"https:\/\/www.hostin.sk\/wp-content\/uploads\/2024\/02\/host-prod-4-1.jpg","width":1000,"height":1000},{"@type":"BreadcrumbList","@id":"https:\/\/www.hostin.sk\/de\/produkt\/abwehrspitzen-fuer-baumstaemme\/#breadcrumb","itemListElement":[{"@type":"ListItem","position":1,"name":"Domov","item":"https:\/\/www.hostin.sk\/de\/"},{"@type":"ListItem","position":2,"name":"E-shop","item":"https:\/\/www.hostin.sk\/de\/e-shop\/"},{"@type":"ListItem","position":3,"name":"Abwehrsysteme nach Ausf\u00fchrung","item":"https:\/\/www.hostin.sk\/de\/produktkategorie\/abwehrsysteme-nach-ausfuehrung\/"},{"@type":"ListItem","position":4,"name":"Spike-System","item":"https:\/\/www.hostin.sk\/de\/produktkategorie\/abwehrsysteme-nach-ausfuehrung\/spike-system\/"},{"@type":"ListItem","position":5,"name":"2-reihige Spitzenabwehr","item":"https:\/\/www.hostin.sk\/de\/produktkategorie\/abwehrsysteme-nach-ausfuehrung\/spike-system\/2-reihige-spitzenabwehr\/"},{"@type":"ListItem","position":6,"name":"Abwehrspitzen f\u00fcr Baumst\u00e4mme"}]},{"@type":"WebSite","@id":"https:\/\/www.hostin.sk\/#website","url":"https:\/\/www.hostin.sk\/","name":"HOSTIN","description":"Hroty proti vt\u00e1kom","potentialAction":[{"@type":"SearchAction","target":{"@type":"EntryPoint","urlTemplate":"https:\/\/www.hostin.sk\/?s={search_term_string}"},"query-input":{"@type":"PropertyValueSpecification","valueRequired":true,"valueName":"search_term_string"}}],"inLanguage":"de"}]}},"_links":{"self":[{"href":"https:\/\/www.hostin.sk\/de\/wp-json\/wp\/v2\/product\/9259","targetHints":{"allow":["GET"]}}],"collection":[{"href":"https:\/\/www.hostin.sk\/de\/wp-json\/wp\/v2\/product"}],"about":[{"href":"https:\/\/www.hostin.sk\/de\/wp-json\/wp\/v2\/types\/product"}],"wp:featuredmedia":[{"embeddable":true,"href":"https:\/\/www.hostin.sk\/de\/wp-json\/wp\/v2\/media\/7283"}],"wp:attachment":[{"href":"https:\/\/www.hostin.sk\/de\/wp-json\/wp\/v2\/media?parent=9259"}],"wp:term":[{"taxonomy":"product_brand","embeddable":true,"href":"https:\/\/www.hostin.sk\/de\/wp-json\/wp\/v2\/product_brand?post=9259"},{"taxonomy":"product_cat","embeddable":true,"href":"https:\/\/www.hostin.sk\/de\/wp-json\/wp\/v2\/product_cat?post=9259"},{"taxonomy":"product_tag","embeddable":true,"href":"https:\/\/www.hostin.sk\/de\/wp-json\/wp\/v2\/product_tag?post=9259"}],"curies":[{"name":"wp","href":"https:\/\/api.w.org\/{rel}","templated":true}]}}