{"id":9257,"date":"2024-02-19T14:22:18","date_gmt":"2024-02-19T13:22:18","guid":{"rendered":"https:\/\/www.hostin.sk\/produkt\/strunka-na-elektricky-vodive-prepojenie-tyciek\/"},"modified":"2025-03-18T17:35:39","modified_gmt":"2025-03-18T16:35:39","slug":"feder-zur-elektrisch-leitfaehigen-verbindung-von-staeben","status":"publish","type":"product","link":"https:\/\/www.hostin.sk\/de\/produkt\/feder-zur-elektrisch-leitfaehigen-verbindung-von-staeben\/","title":{"rendered":"Feder zur elektrisch leitf\u00e4higen Verbindung von St\u00e4ben"},"content":{"rendered":"","protected":false},"excerpt":{"rendered":"<p>Die elektrische Feder zur leitf\u00e4higen Verbindung von St\u00e4ben dient zur Verbindung elektrischer Segmente mit einem Durchmesser von 2 mm.<\/p>\n","protected":false},"featured_media":7277,"template":"","meta":{"_acf_changed":false},"product_brand":[],"product_cat":[106],"product_tag":[],"class_list":{"0":"post-9257","1":"product","2":"type-product","3":"status-publish","4":"has-post-thumbnail","6":"product_cat-elektrisches-zubehoer","8":"first","9":"instock","10":"taxable","11":"shipping-taxable","12":"purchasable","13":"product-type-simple"},"acf":[],"yoast_head":"<!-- This site is optimized with the Yoast SEO plugin v27.4 - https:\/\/yoast.com\/product\/yoast-seo-wordpress\/ -->\n<title>Feder zur elektrisch leitf\u00e4higen Verbindung von St\u00e4ben - HOSTIN<\/title>\n<meta name=\"description\" content=\"Elektrick\u00e1 strunka ur\u010den\u00e1 na spo\u013eahliv\u00e9 vodiv\u00e9 prepojenie ty\u010diek s priemerom 2 mm. Sl\u00fa\u017ei na efekt\u00edvne prepojenie elektrick\u00fdch segmentov.\" \/>\n<meta name=\"robots\" content=\"index, follow, max-snippet:-1, max-image-preview:large, max-video-preview:-1\" \/>\n<link rel=\"canonical\" href=\"https:\/\/www.hostin.sk\/de\/produkt\/feder-zur-elektrisch-leitfaehigen-verbindung-von-staeben\/\" \/>\n<meta property=\"og:locale\" content=\"de_DE\" \/>\n<meta property=\"og:type\" content=\"article\" \/>\n<meta property=\"og:title\" content=\"Feder zur elektrisch leitf\u00e4higen Verbindung von St\u00e4ben - HOSTIN\" \/>\n<meta property=\"og:description\" content=\"Elektrick\u00e1 strunka ur\u010den\u00e1 na spo\u013eahliv\u00e9 vodiv\u00e9 prepojenie ty\u010diek s priemerom 2 mm. Sl\u00fa\u017ei na efekt\u00edvne prepojenie elektrick\u00fdch segmentov.\" \/>\n<meta property=\"og:url\" content=\"https:\/\/www.hostin.sk\/de\/produkt\/feder-zur-elektrisch-leitfaehigen-verbindung-von-staeben\/\" \/>\n<meta property=\"og:site_name\" content=\"HOSTIN\" \/>\n<meta property=\"article:modified_time\" content=\"2025-03-18T16:35:39+00:00\" \/>\n<meta property=\"og:image\" content=\"https:\/\/www.hostin.sk\/wp-content\/uploads\/2024\/02\/el-strunka-2-1.jpg\" \/>\n\t<meta property=\"og:image:width\" content=\"460\" \/>\n\t<meta property=\"og:image:height\" content=\"460\" \/>\n\t<meta property=\"og:image:type\" content=\"image\/jpeg\" \/>\n<meta name=\"twitter:card\" content=\"summary_large_image\" \/>\n<meta name=\"twitter:label1\" content=\"Gesch\u00e4tzte Lesezeit\" \/>\n\t<meta name=\"twitter:data1\" content=\"1\u00a0Minute\" \/>\n<script type=\"application\/ld+json\" class=\"yoast-schema-graph\">{\"@context\":\"https:\\\/\\\/schema.org\",\"@graph\":[{\"@type\":\"WebPage\",\"@id\":\"https:\\\/\\\/www.hostin.sk\\\/de\\\/produkt\\\/feder-zur-elektrisch-leitfaehigen-verbindung-von-staeben\\\/\",\"url\":\"https:\\\/\\\/www.hostin.sk\\\/de\\\/produkt\\\/feder-zur-elektrisch-leitfaehigen-verbindung-von-staeben\\\/\",\"name\":\"Feder zur elektrisch leitf\u00e4higen Verbindung von St\u00e4ben - HOSTIN\",\"isPartOf\":{\"@id\":\"https:\\\/\\\/www.hostin.sk\\\/#website\"},\"primaryImageOfPage\":{\"@id\":\"https:\\\/\\\/www.hostin.sk\\\/de\\\/produkt\\\/feder-zur-elektrisch-leitfaehigen-verbindung-von-staeben\\\/#primaryimage\"},\"image\":{\"@id\":\"https:\\\/\\\/www.hostin.sk\\\/de\\\/produkt\\\/feder-zur-elektrisch-leitfaehigen-verbindung-von-staeben\\\/#primaryimage\"},\"thumbnailUrl\":\"https:\\\/\\\/www.hostin.sk\\\/wp-content\\\/uploads\\\/2024\\\/02\\\/el-strunka-2-1.jpg\",\"datePublished\":\"2024-02-19T13:22:18+00:00\",\"dateModified\":\"2025-03-18T16:35:39+00:00\",\"description\":\"Elektrick\u00e1 strunka ur\u010den\u00e1 na spo\u013eahliv\u00e9 vodiv\u00e9 prepojenie ty\u010diek s priemerom 2 mm. Sl\u00fa\u017ei na efekt\u00edvne prepojenie elektrick\u00fdch segmentov.\",\"breadcrumb\":{\"@id\":\"https:\\\/\\\/www.hostin.sk\\\/de\\\/produkt\\\/feder-zur-elektrisch-leitfaehigen-verbindung-von-staeben\\\/#breadcrumb\"},\"inLanguage\":\"de\",\"potentialAction\":[{\"@type\":\"ReadAction\",\"target\":[\"https:\\\/\\\/www.hostin.sk\\\/de\\\/produkt\\\/feder-zur-elektrisch-leitfaehigen-verbindung-von-staeben\\\/\"]}]},{\"@type\":\"ImageObject\",\"inLanguage\":\"de\",\"@id\":\"https:\\\/\\\/www.hostin.sk\\\/de\\\/produkt\\\/feder-zur-elektrisch-leitfaehigen-verbindung-von-staeben\\\/#primaryimage\",\"url\":\"https:\\\/\\\/www.hostin.sk\\\/wp-content\\\/uploads\\\/2024\\\/02\\\/el-strunka-2-1.jpg\",\"contentUrl\":\"https:\\\/\\\/www.hostin.sk\\\/wp-content\\\/uploads\\\/2024\\\/02\\\/el-strunka-2-1.jpg\",\"width\":460,\"height\":460},{\"@type\":\"BreadcrumbList\",\"@id\":\"https:\\\/\\\/www.hostin.sk\\\/de\\\/produkt\\\/feder-zur-elektrisch-leitfaehigen-verbindung-von-staeben\\\/#breadcrumb\",\"itemListElement\":[{\"@type\":\"ListItem\",\"position\":1,\"name\":\"Domov\",\"item\":\"https:\\\/\\\/www.hostin.sk\\\/de\\\/\"},{\"@type\":\"ListItem\",\"position\":2,\"name\":\"E-shop\",\"item\":\"https:\\\/\\\/www.hostin.sk\\\/de\\\/e-shop\\\/\"},{\"@type\":\"ListItem\",\"position\":3,\"name\":\"Abwehrsysteme nach Ausf\u00fchrung\",\"item\":\"https:\\\/\\\/www.hostin.sk\\\/de\\\/produktkategorie\\\/abwehrsysteme-nach-ausfuehrung\\\/\"},{\"@type\":\"ListItem\",\"position\":4,\"name\":\"Elektrische Abwehrsysteme\",\"item\":\"https:\\\/\\\/www.hostin.sk\\\/de\\\/produktkategorie\\\/abwehrsysteme-nach-ausfuehrung\\\/elektrische-abwehrsysteme\\\/\"},{\"@type\":\"ListItem\",\"position\":5,\"name\":\"Elektrisches Zubeh\u00f6r\",\"item\":\"https:\\\/\\\/www.hostin.sk\\\/de\\\/produktkategorie\\\/abwehrsysteme-nach-ausfuehrung\\\/elektrische-abwehrsysteme\\\/elektrisches-zubehoer\\\/\"},{\"@type\":\"ListItem\",\"position\":6,\"name\":\"Feder zur elektrisch leitf\u00e4higen Verbindung von St\u00e4ben\"}]},{\"@type\":\"WebSite\",\"@id\":\"https:\\\/\\\/www.hostin.sk\\\/#website\",\"url\":\"https:\\\/\\\/www.hostin.sk\\\/\",\"name\":\"HOSTIN\",\"description\":\"Hroty proti vt\u00e1kom\",\"potentialAction\":[{\"@type\":\"SearchAction\",\"target\":{\"@type\":\"EntryPoint\",\"urlTemplate\":\"https:\\\/\\\/www.hostin.sk\\\/?s={search_term_string}\"},\"query-input\":{\"@type\":\"PropertyValueSpecification\",\"valueRequired\":true,\"valueName\":\"search_term_string\"}}],\"inLanguage\":\"de\"}]}<\/script>\n<!-- \/ Yoast SEO plugin. -->","yoast_head_json":{"title":"Feder zur elektrisch leitf\u00e4higen Verbindung von St\u00e4ben - HOSTIN","description":"Elektrick\u00e1 strunka ur\u010den\u00e1 na spo\u013eahliv\u00e9 vodiv\u00e9 prepojenie ty\u010diek s priemerom 2 mm. Sl\u00fa\u017ei na efekt\u00edvne prepojenie elektrick\u00fdch segmentov.","robots":{"index":"index","follow":"follow","max-snippet":"max-snippet:-1","max-image-preview":"max-image-preview:large","max-video-preview":"max-video-preview:-1"},"canonical":"https:\/\/www.hostin.sk\/de\/produkt\/feder-zur-elektrisch-leitfaehigen-verbindung-von-staeben\/","og_locale":"de_DE","og_type":"article","og_title":"Feder zur elektrisch leitf\u00e4higen Verbindung von St\u00e4ben - HOSTIN","og_description":"Elektrick\u00e1 strunka ur\u010den\u00e1 na spo\u013eahliv\u00e9 vodiv\u00e9 prepojenie ty\u010diek s priemerom 2 mm. Sl\u00fa\u017ei na efekt\u00edvne prepojenie elektrick\u00fdch segmentov.","og_url":"https:\/\/www.hostin.sk\/de\/produkt\/feder-zur-elektrisch-leitfaehigen-verbindung-von-staeben\/","og_site_name":"HOSTIN","article_modified_time":"2025-03-18T16:35:39+00:00","og_image":[{"width":460,"height":460,"url":"https:\/\/www.hostin.sk\/wp-content\/uploads\/2024\/02\/el-strunka-2-1.jpg","type":"image\/jpeg"}],"twitter_card":"summary_large_image","twitter_misc":{"Gesch\u00e4tzte Lesezeit":"1\u00a0Minute"},"schema":{"@context":"https:\/\/schema.org","@graph":[{"@type":"WebPage","@id":"https:\/\/www.hostin.sk\/de\/produkt\/feder-zur-elektrisch-leitfaehigen-verbindung-von-staeben\/","url":"https:\/\/www.hostin.sk\/de\/produkt\/feder-zur-elektrisch-leitfaehigen-verbindung-von-staeben\/","name":"Feder zur elektrisch leitf\u00e4higen Verbindung von St\u00e4ben - HOSTIN","isPartOf":{"@id":"https:\/\/www.hostin.sk\/#website"},"primaryImageOfPage":{"@id":"https:\/\/www.hostin.sk\/de\/produkt\/feder-zur-elektrisch-leitfaehigen-verbindung-von-staeben\/#primaryimage"},"image":{"@id":"https:\/\/www.hostin.sk\/de\/produkt\/feder-zur-elektrisch-leitfaehigen-verbindung-von-staeben\/#primaryimage"},"thumbnailUrl":"https:\/\/www.hostin.sk\/wp-content\/uploads\/2024\/02\/el-strunka-2-1.jpg","datePublished":"2024-02-19T13:22:18+00:00","dateModified":"2025-03-18T16:35:39+00:00","description":"Elektrick\u00e1 strunka ur\u010den\u00e1 na spo\u013eahliv\u00e9 vodiv\u00e9 prepojenie ty\u010diek s priemerom 2 mm. Sl\u00fa\u017ei na efekt\u00edvne prepojenie elektrick\u00fdch segmentov.","breadcrumb":{"@id":"https:\/\/www.hostin.sk\/de\/produkt\/feder-zur-elektrisch-leitfaehigen-verbindung-von-staeben\/#breadcrumb"},"inLanguage":"de","potentialAction":[{"@type":"ReadAction","target":["https:\/\/www.hostin.sk\/de\/produkt\/feder-zur-elektrisch-leitfaehigen-verbindung-von-staeben\/"]}]},{"@type":"ImageObject","inLanguage":"de","@id":"https:\/\/www.hostin.sk\/de\/produkt\/feder-zur-elektrisch-leitfaehigen-verbindung-von-staeben\/#primaryimage","url":"https:\/\/www.hostin.sk\/wp-content\/uploads\/2024\/02\/el-strunka-2-1.jpg","contentUrl":"https:\/\/www.hostin.sk\/wp-content\/uploads\/2024\/02\/el-strunka-2-1.jpg","width":460,"height":460},{"@type":"BreadcrumbList","@id":"https:\/\/www.hostin.sk\/de\/produkt\/feder-zur-elektrisch-leitfaehigen-verbindung-von-staeben\/#breadcrumb","itemListElement":[{"@type":"ListItem","position":1,"name":"Domov","item":"https:\/\/www.hostin.sk\/de\/"},{"@type":"ListItem","position":2,"name":"E-shop","item":"https:\/\/www.hostin.sk\/de\/e-shop\/"},{"@type":"ListItem","position":3,"name":"Abwehrsysteme nach Ausf\u00fchrung","item":"https:\/\/www.hostin.sk\/de\/produktkategorie\/abwehrsysteme-nach-ausfuehrung\/"},{"@type":"ListItem","position":4,"name":"Elektrische Abwehrsysteme","item":"https:\/\/www.hostin.sk\/de\/produktkategorie\/abwehrsysteme-nach-ausfuehrung\/elektrische-abwehrsysteme\/"},{"@type":"ListItem","position":5,"name":"Elektrisches Zubeh\u00f6r","item":"https:\/\/www.hostin.sk\/de\/produktkategorie\/abwehrsysteme-nach-ausfuehrung\/elektrische-abwehrsysteme\/elektrisches-zubehoer\/"},{"@type":"ListItem","position":6,"name":"Feder zur elektrisch leitf\u00e4higen Verbindung von St\u00e4ben"}]},{"@type":"WebSite","@id":"https:\/\/www.hostin.sk\/#website","url":"https:\/\/www.hostin.sk\/","name":"HOSTIN","description":"Hroty proti vt\u00e1kom","potentialAction":[{"@type":"SearchAction","target":{"@type":"EntryPoint","urlTemplate":"https:\/\/www.hostin.sk\/?s={search_term_string}"},"query-input":{"@type":"PropertyValueSpecification","valueRequired":true,"valueName":"search_term_string"}}],"inLanguage":"de"}]}},"_links":{"self":[{"href":"https:\/\/www.hostin.sk\/de\/wp-json\/wp\/v2\/product\/9257","targetHints":{"allow":["GET"]}}],"collection":[{"href":"https:\/\/www.hostin.sk\/de\/wp-json\/wp\/v2\/product"}],"about":[{"href":"https:\/\/www.hostin.sk\/de\/wp-json\/wp\/v2\/types\/product"}],"wp:featuredmedia":[{"embeddable":true,"href":"https:\/\/www.hostin.sk\/de\/wp-json\/wp\/v2\/media\/7277"}],"wp:attachment":[{"href":"https:\/\/www.hostin.sk\/de\/wp-json\/wp\/v2\/media?parent=9257"}],"wp:term":[{"taxonomy":"product_brand","embeddable":true,"href":"https:\/\/www.hostin.sk\/de\/wp-json\/wp\/v2\/product_brand?post=9257"},{"taxonomy":"product_cat","embeddable":true,"href":"https:\/\/www.hostin.sk\/de\/wp-json\/wp\/v2\/product_cat?post=9257"},{"taxonomy":"product_tag","embeddable":true,"href":"https:\/\/www.hostin.sk\/de\/wp-json\/wp\/v2\/product_tag?post=9257"}],"curies":[{"name":"wp","href":"https:\/\/api.w.org\/{rel}","templated":true}]}}