{"id":9256,"date":"2024-02-19T14:28:25","date_gmt":"2024-02-19T13:28:25","guid":{"rendered":"https:\/\/www.hostin.sk\/produkt\/reflexny-plasic-vtakov-sova\/"},"modified":"2025-03-12T19:00:55","modified_gmt":"2025-03-12T18:00:55","slug":"reflektierende-vogelscheuche-eule","status":"publish","type":"product","link":"https:\/\/www.hostin.sk\/de\/produkt\/reflektierende-vogelscheuche-eule\/","title":{"rendered":"Reflektierende Vogelscheuche \u2013 Eule"},"content":{"rendered":"<p>Die reflektierende Vogelscheuche \u2013 Eule bietet einen effektiven Schutz f\u00fcr Obstg\u00e4rten und andere Anbaufl\u00e4chen vor Vogelangriffen. Durch die integrierte Gl\u00f6ckchen und die reflektierende Oberfl\u00e4che erzeugt sie sowohl akustische als auch visuelle Effekte, die V\u00f6gel wirksam abschrecken.<\/p>\n","protected":false},"excerpt":{"rendered":"<p>Vogelscheuche in Eulenform mit Gl\u00f6ckchen und reflektierender Oberfl\u00e4che.<\/p>\n","protected":false},"featured_media":7274,"template":"","meta":{"_acf_changed":false},"product_brand":[],"product_cat":[138,124],"product_tag":[],"class_list":{"0":"post-9256","1":"product","2":"type-product","3":"status-publish","4":"has-post-thumbnail","6":"product_cat-fuer-baeume-masten","7":"product_cat-reflektierende-vogelschuechen","9":"first","10":"instock","11":"taxable","12":"shipping-taxable","13":"purchasable","14":"product-type-simple"},"acf":[],"yoast_head":"<!-- This site is optimized with the Yoast SEO plugin v27.4 - https:\/\/yoast.com\/product\/yoast-seo-wordpress\/ -->\n<title>Reflektierende Vogelscheuche \u2013 Eule - HOSTIN<\/title>\n<meta name=\"description\" content=\"Reflexn\u00fd pla\u0161i\u010d vt\u00e1kov v tvare sovy s rolni\u010dkou je \u00fa\u010dinn\u00fdm rie\u0161en\u00edm na ochranu ovocn\u00fdch sadov, plod\u00edn a z\u00e1hrad pred n\u00e1letmi vt\u00e1ctva.\" \/>\n<meta name=\"robots\" content=\"index, follow, max-snippet:-1, max-image-preview:large, max-video-preview:-1\" \/>\n<link rel=\"canonical\" href=\"https:\/\/www.hostin.sk\/de\/produkt\/reflektierende-vogelscheuche-eule\/\" \/>\n<meta property=\"og:locale\" content=\"de_DE\" \/>\n<meta property=\"og:type\" content=\"article\" \/>\n<meta property=\"og:title\" content=\"Reflektierende Vogelscheuche \u2013 Eule - HOSTIN\" \/>\n<meta property=\"og:description\" content=\"Reflexn\u00fd pla\u0161i\u010d vt\u00e1kov v tvare sovy s rolni\u010dkou je \u00fa\u010dinn\u00fdm rie\u0161en\u00edm na ochranu ovocn\u00fdch sadov, plod\u00edn a z\u00e1hrad pred n\u00e1letmi vt\u00e1ctva.\" \/>\n<meta property=\"og:url\" content=\"https:\/\/www.hostin.sk\/de\/produkt\/reflektierende-vogelscheuche-eule\/\" \/>\n<meta property=\"og:site_name\" content=\"HOSTIN\" \/>\n<meta property=\"article:modified_time\" content=\"2025-03-12T18:00:55+00:00\" \/>\n<meta property=\"og:image\" content=\"https:\/\/www.hostin.sk\/wp-content\/uploads\/2024\/02\/host-prod-2.jpg\" \/>\n\t<meta property=\"og:image:width\" content=\"800\" \/>\n\t<meta property=\"og:image:height\" content=\"800\" \/>\n\t<meta property=\"og:image:type\" content=\"image\/jpeg\" \/>\n<meta name=\"twitter:card\" content=\"summary_large_image\" \/>\n<meta name=\"twitter:label1\" content=\"Gesch\u00e4tzte Lesezeit\" \/>\n\t<meta name=\"twitter:data1\" content=\"1\u00a0Minute\" \/>\n<script type=\"application\/ld+json\" class=\"yoast-schema-graph\">{\"@context\":\"https:\\\/\\\/schema.org\",\"@graph\":[{\"@type\":\"WebPage\",\"@id\":\"https:\\\/\\\/www.hostin.sk\\\/de\\\/produkt\\\/reflektierende-vogelscheuche-eule\\\/\",\"url\":\"https:\\\/\\\/www.hostin.sk\\\/de\\\/produkt\\\/reflektierende-vogelscheuche-eule\\\/\",\"name\":\"Reflektierende Vogelscheuche \u2013 Eule - HOSTIN\",\"isPartOf\":{\"@id\":\"https:\\\/\\\/www.hostin.sk\\\/#website\"},\"primaryImageOfPage\":{\"@id\":\"https:\\\/\\\/www.hostin.sk\\\/de\\\/produkt\\\/reflektierende-vogelscheuche-eule\\\/#primaryimage\"},\"image\":{\"@id\":\"https:\\\/\\\/www.hostin.sk\\\/de\\\/produkt\\\/reflektierende-vogelscheuche-eule\\\/#primaryimage\"},\"thumbnailUrl\":\"https:\\\/\\\/www.hostin.sk\\\/wp-content\\\/uploads\\\/2024\\\/02\\\/host-prod-2.jpg\",\"datePublished\":\"2024-02-19T13:28:25+00:00\",\"dateModified\":\"2025-03-12T18:00:55+00:00\",\"description\":\"Reflexn\u00fd pla\u0161i\u010d vt\u00e1kov v tvare sovy s rolni\u010dkou je \u00fa\u010dinn\u00fdm rie\u0161en\u00edm na ochranu ovocn\u00fdch sadov, plod\u00edn a z\u00e1hrad pred n\u00e1letmi vt\u00e1ctva.\",\"breadcrumb\":{\"@id\":\"https:\\\/\\\/www.hostin.sk\\\/de\\\/produkt\\\/reflektierende-vogelscheuche-eule\\\/#breadcrumb\"},\"inLanguage\":\"de\",\"potentialAction\":[{\"@type\":\"ReadAction\",\"target\":[\"https:\\\/\\\/www.hostin.sk\\\/de\\\/produkt\\\/reflektierende-vogelscheuche-eule\\\/\"]}]},{\"@type\":\"ImageObject\",\"inLanguage\":\"de\",\"@id\":\"https:\\\/\\\/www.hostin.sk\\\/de\\\/produkt\\\/reflektierende-vogelscheuche-eule\\\/#primaryimage\",\"url\":\"https:\\\/\\\/www.hostin.sk\\\/wp-content\\\/uploads\\\/2024\\\/02\\\/host-prod-2.jpg\",\"contentUrl\":\"https:\\\/\\\/www.hostin.sk\\\/wp-content\\\/uploads\\\/2024\\\/02\\\/host-prod-2.jpg\",\"width\":800,\"height\":800},{\"@type\":\"BreadcrumbList\",\"@id\":\"https:\\\/\\\/www.hostin.sk\\\/de\\\/produkt\\\/reflektierende-vogelscheuche-eule\\\/#breadcrumb\",\"itemListElement\":[{\"@type\":\"ListItem\",\"position\":1,\"name\":\"Domov\",\"item\":\"https:\\\/\\\/www.hostin.sk\\\/de\\\/\"},{\"@type\":\"ListItem\",\"position\":2,\"name\":\"E-shop\",\"item\":\"https:\\\/\\\/www.hostin.sk\\\/de\\\/e-shop\\\/\"},{\"@type\":\"ListItem\",\"position\":3,\"name\":\"Abwehrsysteme nach Ausf\u00fchrung\",\"item\":\"https:\\\/\\\/www.hostin.sk\\\/de\\\/produktkategorie\\\/abwehrsysteme-nach-ausfuehrung\\\/\"},{\"@type\":\"ListItem\",\"position\":4,\"name\":\"Vogelscheuchen\",\"item\":\"https:\\\/\\\/www.hostin.sk\\\/de\\\/produktkategorie\\\/abwehrsysteme-nach-ausfuehrung\\\/vogelscheuchen\\\/\"},{\"@type\":\"ListItem\",\"position\":5,\"name\":\"Reflektierende Vogelschuechen\",\"item\":\"https:\\\/\\\/www.hostin.sk\\\/de\\\/produktkategorie\\\/abwehrsysteme-nach-ausfuehrung\\\/vogelscheuchen\\\/reflektierende-vogelschuechen\\\/\"},{\"@type\":\"ListItem\",\"position\":6,\"name\":\"Reflektierende Vogelscheuche \u2013 Eule\"}]},{\"@type\":\"WebSite\",\"@id\":\"https:\\\/\\\/www.hostin.sk\\\/#website\",\"url\":\"https:\\\/\\\/www.hostin.sk\\\/\",\"name\":\"HOSTIN\",\"description\":\"Hroty proti vt\u00e1kom\",\"potentialAction\":[{\"@type\":\"SearchAction\",\"target\":{\"@type\":\"EntryPoint\",\"urlTemplate\":\"https:\\\/\\\/www.hostin.sk\\\/?s={search_term_string}\"},\"query-input\":{\"@type\":\"PropertyValueSpecification\",\"valueRequired\":true,\"valueName\":\"search_term_string\"}}],\"inLanguage\":\"de\"}]}<\/script>\n<!-- \/ Yoast SEO plugin. -->","yoast_head_json":{"title":"Reflektierende Vogelscheuche \u2013 Eule - HOSTIN","description":"Reflexn\u00fd pla\u0161i\u010d vt\u00e1kov v tvare sovy s rolni\u010dkou je \u00fa\u010dinn\u00fdm rie\u0161en\u00edm na ochranu ovocn\u00fdch sadov, plod\u00edn a z\u00e1hrad pred n\u00e1letmi vt\u00e1ctva.","robots":{"index":"index","follow":"follow","max-snippet":"max-snippet:-1","max-image-preview":"max-image-preview:large","max-video-preview":"max-video-preview:-1"},"canonical":"https:\/\/www.hostin.sk\/de\/produkt\/reflektierende-vogelscheuche-eule\/","og_locale":"de_DE","og_type":"article","og_title":"Reflektierende Vogelscheuche \u2013 Eule - HOSTIN","og_description":"Reflexn\u00fd pla\u0161i\u010d vt\u00e1kov v tvare sovy s rolni\u010dkou je \u00fa\u010dinn\u00fdm rie\u0161en\u00edm na ochranu ovocn\u00fdch sadov, plod\u00edn a z\u00e1hrad pred n\u00e1letmi vt\u00e1ctva.","og_url":"https:\/\/www.hostin.sk\/de\/produkt\/reflektierende-vogelscheuche-eule\/","og_site_name":"HOSTIN","article_modified_time":"2025-03-12T18:00:55+00:00","og_image":[{"width":800,"height":800,"url":"https:\/\/www.hostin.sk\/wp-content\/uploads\/2024\/02\/host-prod-2.jpg","type":"image\/jpeg"}],"twitter_card":"summary_large_image","twitter_misc":{"Gesch\u00e4tzte Lesezeit":"1\u00a0Minute"},"schema":{"@context":"https:\/\/schema.org","@graph":[{"@type":"WebPage","@id":"https:\/\/www.hostin.sk\/de\/produkt\/reflektierende-vogelscheuche-eule\/","url":"https:\/\/www.hostin.sk\/de\/produkt\/reflektierende-vogelscheuche-eule\/","name":"Reflektierende Vogelscheuche \u2013 Eule - HOSTIN","isPartOf":{"@id":"https:\/\/www.hostin.sk\/#website"},"primaryImageOfPage":{"@id":"https:\/\/www.hostin.sk\/de\/produkt\/reflektierende-vogelscheuche-eule\/#primaryimage"},"image":{"@id":"https:\/\/www.hostin.sk\/de\/produkt\/reflektierende-vogelscheuche-eule\/#primaryimage"},"thumbnailUrl":"https:\/\/www.hostin.sk\/wp-content\/uploads\/2024\/02\/host-prod-2.jpg","datePublished":"2024-02-19T13:28:25+00:00","dateModified":"2025-03-12T18:00:55+00:00","description":"Reflexn\u00fd pla\u0161i\u010d vt\u00e1kov v tvare sovy s rolni\u010dkou je \u00fa\u010dinn\u00fdm rie\u0161en\u00edm na ochranu ovocn\u00fdch sadov, plod\u00edn a z\u00e1hrad pred n\u00e1letmi vt\u00e1ctva.","breadcrumb":{"@id":"https:\/\/www.hostin.sk\/de\/produkt\/reflektierende-vogelscheuche-eule\/#breadcrumb"},"inLanguage":"de","potentialAction":[{"@type":"ReadAction","target":["https:\/\/www.hostin.sk\/de\/produkt\/reflektierende-vogelscheuche-eule\/"]}]},{"@type":"ImageObject","inLanguage":"de","@id":"https:\/\/www.hostin.sk\/de\/produkt\/reflektierende-vogelscheuche-eule\/#primaryimage","url":"https:\/\/www.hostin.sk\/wp-content\/uploads\/2024\/02\/host-prod-2.jpg","contentUrl":"https:\/\/www.hostin.sk\/wp-content\/uploads\/2024\/02\/host-prod-2.jpg","width":800,"height":800},{"@type":"BreadcrumbList","@id":"https:\/\/www.hostin.sk\/de\/produkt\/reflektierende-vogelscheuche-eule\/#breadcrumb","itemListElement":[{"@type":"ListItem","position":1,"name":"Domov","item":"https:\/\/www.hostin.sk\/de\/"},{"@type":"ListItem","position":2,"name":"E-shop","item":"https:\/\/www.hostin.sk\/de\/e-shop\/"},{"@type":"ListItem","position":3,"name":"Abwehrsysteme nach Ausf\u00fchrung","item":"https:\/\/www.hostin.sk\/de\/produktkategorie\/abwehrsysteme-nach-ausfuehrung\/"},{"@type":"ListItem","position":4,"name":"Vogelscheuchen","item":"https:\/\/www.hostin.sk\/de\/produktkategorie\/abwehrsysteme-nach-ausfuehrung\/vogelscheuchen\/"},{"@type":"ListItem","position":5,"name":"Reflektierende Vogelschuechen","item":"https:\/\/www.hostin.sk\/de\/produktkategorie\/abwehrsysteme-nach-ausfuehrung\/vogelscheuchen\/reflektierende-vogelschuechen\/"},{"@type":"ListItem","position":6,"name":"Reflektierende Vogelscheuche \u2013 Eule"}]},{"@type":"WebSite","@id":"https:\/\/www.hostin.sk\/#website","url":"https:\/\/www.hostin.sk\/","name":"HOSTIN","description":"Hroty proti vt\u00e1kom","potentialAction":[{"@type":"SearchAction","target":{"@type":"EntryPoint","urlTemplate":"https:\/\/www.hostin.sk\/?s={search_term_string}"},"query-input":{"@type":"PropertyValueSpecification","valueRequired":true,"valueName":"search_term_string"}}],"inLanguage":"de"}]}},"_links":{"self":[{"href":"https:\/\/www.hostin.sk\/de\/wp-json\/wp\/v2\/product\/9256","targetHints":{"allow":["GET"]}}],"collection":[{"href":"https:\/\/www.hostin.sk\/de\/wp-json\/wp\/v2\/product"}],"about":[{"href":"https:\/\/www.hostin.sk\/de\/wp-json\/wp\/v2\/types\/product"}],"wp:featuredmedia":[{"embeddable":true,"href":"https:\/\/www.hostin.sk\/de\/wp-json\/wp\/v2\/media\/7274"}],"wp:attachment":[{"href":"https:\/\/www.hostin.sk\/de\/wp-json\/wp\/v2\/media?parent=9256"}],"wp:term":[{"taxonomy":"product_brand","embeddable":true,"href":"https:\/\/www.hostin.sk\/de\/wp-json\/wp\/v2\/product_brand?post=9256"},{"taxonomy":"product_cat","embeddable":true,"href":"https:\/\/www.hostin.sk\/de\/wp-json\/wp\/v2\/product_cat?post=9256"},{"taxonomy":"product_tag","embeddable":true,"href":"https:\/\/www.hostin.sk\/de\/wp-json\/wp\/v2\/product_tag?post=9256"}],"curies":[{"name":"wp","href":"https:\/\/api.w.org\/{rel}","templated":true}]}}