{"id":9255,"date":"2024-03-20T14:45:40","date_gmt":"2024-03-20T13:45:40","guid":{"rendered":"https:\/\/www.hostin.sk\/produkt\/lankova-jednoradova-zabrana-na-rury-s-ochranou-o-40-50-mm\/"},"modified":"2025-03-15T16:16:45","modified_gmt":"2025-03-15T15:16:45","slug":"einreihige-spanndrahtabwehr-mit-unterflugschutz-fuer-rohre-o-40-50-mm","status":"publish","type":"product","link":"https:\/\/www.hostin.sk\/de\/produkt\/einreihige-spanndrahtabwehr-mit-unterflugschutz-fuer-rohre-o-40-50-mm\/","title":{"rendered":"Einreihige Spanndrahtabwehr mit Unterflugschutz f\u00fcr Rohre \u00d8 40 \u2013 50 mm"},"content":{"rendered":"<p data-start=\"65\" data-end=\"297\">Die einreihige Spanndrahtabwehr f\u00fcr Rohre besteht aus einem Drahtseil, das zwischen einzelnen St\u00fctzleisten mit F\u00fchrungsstiften gespannt wird. Sie sch\u00fctzt Rohre, Leitungen und Rohrleitungen effektiv vor Verschmutzungen durch V\u00f6gel.\u00a0Die Variante mit Unterflugschutz verf\u00fcgt zus\u00e4tzlich \u00fcber eine mittig gespannte Seilf\u00fchrung an der St\u00fctzleiste, die verhindert, dass V\u00f6gel unter der Abwehr hindurchfliegen.\u00a0Es stehen verschiedene Gr\u00f6\u00dfen f\u00fcr Rohrdurchmesser von 25 bis 80 mm zur Auswahl.<\/p>\n<p><strong>Installation<\/strong><\/p>\n<p>Die Halterungen f\u00fcr die Drahtseile m\u00fcssen in einem Abstand von <strong data-start=\"87\" data-end=\"96\">1,5 m<\/strong> montiert und anschlie\u00dfend mit den <a href=\"https:\/\/www.hostin.sk\/produkt\/nerezove-lanko-100m\/\">Stahlseilen<\/a> verbunden werden. Am Ende des Seils wird eine\u00a0<a href=\"https:\/\/www.hostin.sk\/de\/produkt\/nerezova-pruzinka\/\">Feder<\/a> angebracht\u00a0die f\u00fcr die richtige Spannung sorgt.\u00a0Die Seilhalterung wird durch das Zusammenf\u00fcgen der Laschen an den Enden des Haltebands mit einer Schraube und Mutter um das Rohr befestigt.<\/p>\n","protected":false},"excerpt":{"rendered":"<p>Spanndrahtabwehr f\u00fcr Rohre.<\/p>\n","protected":false},"featured_media":7253,"template":"","meta":{"_acf_changed":false},"product_brand":[],"product_cat":[119,136],"product_tag":[],"class_list":{"0":"post-9255","1":"product","2":"type-product","3":"status-publish","4":"has-post-thumbnail","6":"product_cat-abwehrsystem-fuer-rohre","7":"product_cat-fuer-rohre","9":"first","10":"onbackorder","11":"taxable","12":"shipping-taxable","13":"product-type-simple"},"acf":[],"yoast_head":"<!-- This site is optimized with the Yoast SEO plugin v27.4 - https:\/\/yoast.com\/product\/yoast-seo-wordpress\/ -->\n<title>Einreihige Spanndrahtabwehr mit Unterflugschutz f\u00fcr Rohre \u00d8 40 \u2013 50 mm - HOSTIN<\/title>\n<meta name=\"robots\" content=\"index, follow, max-snippet:-1, max-image-preview:large, max-video-preview:-1\" \/>\n<link rel=\"canonical\" href=\"https:\/\/www.hostin.sk\/de\/produkt\/einreihige-spanndrahtabwehr-mit-unterflugschutz-fuer-rohre-o-40-50-mm\/\" \/>\n<meta property=\"og:locale\" content=\"de_DE\" \/>\n<meta property=\"og:type\" content=\"article\" \/>\n<meta property=\"og:title\" content=\"Einreihige Spanndrahtabwehr mit Unterflugschutz f\u00fcr Rohre \u00d8 40 \u2013 50 mm - HOSTIN\" \/>\n<meta property=\"og:description\" content=\"Spanndrahtabwehr f\u00fcr Rohre.\" \/>\n<meta property=\"og:url\" content=\"https:\/\/www.hostin.sk\/de\/produkt\/einreihige-spanndrahtabwehr-mit-unterflugschutz-fuer-rohre-o-40-50-mm\/\" \/>\n<meta property=\"og:site_name\" content=\"HOSTIN\" \/>\n<meta property=\"article:modified_time\" content=\"2025-03-15T15:16:45+00:00\" \/>\n<meta property=\"og:image\" content=\"https:\/\/www.hostin.sk\/wp-content\/uploads\/2024\/03\/PL1T40Q-100-XXXX-800x800-1.jpg\" \/>\n\t<meta property=\"og:image:width\" content=\"800\" \/>\n\t<meta property=\"og:image:height\" content=\"800\" \/>\n\t<meta property=\"og:image:type\" content=\"image\/jpeg\" \/>\n<meta name=\"twitter:card\" content=\"summary_large_image\" \/>\n<meta name=\"twitter:label1\" content=\"Gesch\u00e4tzte Lesezeit\" \/>\n\t<meta name=\"twitter:data1\" content=\"1\u00a0Minute\" \/>\n<script type=\"application\/ld+json\" class=\"yoast-schema-graph\">{\"@context\":\"https:\\\/\\\/schema.org\",\"@graph\":[{\"@type\":\"WebPage\",\"@id\":\"https:\\\/\\\/www.hostin.sk\\\/de\\\/produkt\\\/einreihige-spanndrahtabwehr-mit-unterflugschutz-fuer-rohre-o-40-50-mm\\\/\",\"url\":\"https:\\\/\\\/www.hostin.sk\\\/de\\\/produkt\\\/einreihige-spanndrahtabwehr-mit-unterflugschutz-fuer-rohre-o-40-50-mm\\\/\",\"name\":\"Einreihige Spanndrahtabwehr mit Unterflugschutz f\u00fcr Rohre \u00d8 40 \u2013 50 mm - HOSTIN\",\"isPartOf\":{\"@id\":\"https:\\\/\\\/www.hostin.sk\\\/#website\"},\"primaryImageOfPage\":{\"@id\":\"https:\\\/\\\/www.hostin.sk\\\/de\\\/produkt\\\/einreihige-spanndrahtabwehr-mit-unterflugschutz-fuer-rohre-o-40-50-mm\\\/#primaryimage\"},\"image\":{\"@id\":\"https:\\\/\\\/www.hostin.sk\\\/de\\\/produkt\\\/einreihige-spanndrahtabwehr-mit-unterflugschutz-fuer-rohre-o-40-50-mm\\\/#primaryimage\"},\"thumbnailUrl\":\"https:\\\/\\\/www.hostin.sk\\\/wp-content\\\/uploads\\\/2024\\\/03\\\/PL1T40Q-100-XXXX-800x800-1.jpg\",\"datePublished\":\"2024-03-20T13:45:40+00:00\",\"dateModified\":\"2025-03-15T15:16:45+00:00\",\"breadcrumb\":{\"@id\":\"https:\\\/\\\/www.hostin.sk\\\/de\\\/produkt\\\/einreihige-spanndrahtabwehr-mit-unterflugschutz-fuer-rohre-o-40-50-mm\\\/#breadcrumb\"},\"inLanguage\":\"de\",\"potentialAction\":[{\"@type\":\"ReadAction\",\"target\":[\"https:\\\/\\\/www.hostin.sk\\\/de\\\/produkt\\\/einreihige-spanndrahtabwehr-mit-unterflugschutz-fuer-rohre-o-40-50-mm\\\/\"]}]},{\"@type\":\"ImageObject\",\"inLanguage\":\"de\",\"@id\":\"https:\\\/\\\/www.hostin.sk\\\/de\\\/produkt\\\/einreihige-spanndrahtabwehr-mit-unterflugschutz-fuer-rohre-o-40-50-mm\\\/#primaryimage\",\"url\":\"https:\\\/\\\/www.hostin.sk\\\/wp-content\\\/uploads\\\/2024\\\/03\\\/PL1T40Q-100-XXXX-800x800-1.jpg\",\"contentUrl\":\"https:\\\/\\\/www.hostin.sk\\\/wp-content\\\/uploads\\\/2024\\\/03\\\/PL1T40Q-100-XXXX-800x800-1.jpg\",\"width\":800,\"height\":800},{\"@type\":\"BreadcrumbList\",\"@id\":\"https:\\\/\\\/www.hostin.sk\\\/de\\\/produkt\\\/einreihige-spanndrahtabwehr-mit-unterflugschutz-fuer-rohre-o-40-50-mm\\\/#breadcrumb\",\"itemListElement\":[{\"@type\":\"ListItem\",\"position\":1,\"name\":\"Domov\",\"item\":\"https:\\\/\\\/www.hostin.sk\\\/de\\\/\"},{\"@type\":\"ListItem\",\"position\":2,\"name\":\"E-shop\",\"item\":\"https:\\\/\\\/www.hostin.sk\\\/de\\\/e-shop\\\/\"},{\"@type\":\"ListItem\",\"position\":3,\"name\":\"Abwehrsysteme nach Ausf\u00fchrung\",\"item\":\"https:\\\/\\\/www.hostin.sk\\\/de\\\/produktkategorie\\\/abwehrsysteme-nach-ausfuehrung\\\/\"},{\"@type\":\"ListItem\",\"position\":4,\"name\":\"Spanndrahtabwehr\",\"item\":\"https:\\\/\\\/www.hostin.sk\\\/de\\\/produktkategorie\\\/abwehrsysteme-nach-ausfuehrung\\\/spanndrahtabwehr\\\/\"},{\"@type\":\"ListItem\",\"position\":5,\"name\":\"Abwehrsystem f\u00fcr Rohre\",\"item\":\"https:\\\/\\\/www.hostin.sk\\\/de\\\/produktkategorie\\\/abwehrsysteme-nach-ausfuehrung\\\/spanndrahtabwehr\\\/abwehrsystem-fuer-rohre\\\/\"},{\"@type\":\"ListItem\",\"position\":6,\"name\":\"Einreihige Spanndrahtabwehr mit Unterflugschutz f\u00fcr Rohre \u00d8 40 \u2013 50 mm\"}]},{\"@type\":\"WebSite\",\"@id\":\"https:\\\/\\\/www.hostin.sk\\\/#website\",\"url\":\"https:\\\/\\\/www.hostin.sk\\\/\",\"name\":\"HOSTIN\",\"description\":\"Hroty proti vt\u00e1kom\",\"potentialAction\":[{\"@type\":\"SearchAction\",\"target\":{\"@type\":\"EntryPoint\",\"urlTemplate\":\"https:\\\/\\\/www.hostin.sk\\\/?s={search_term_string}\"},\"query-input\":{\"@type\":\"PropertyValueSpecification\",\"valueRequired\":true,\"valueName\":\"search_term_string\"}}],\"inLanguage\":\"de\"}]}<\/script>\n<!-- \/ Yoast SEO plugin. -->","yoast_head_json":{"title":"Einreihige Spanndrahtabwehr mit Unterflugschutz f\u00fcr Rohre \u00d8 40 \u2013 50 mm - HOSTIN","robots":{"index":"index","follow":"follow","max-snippet":"max-snippet:-1","max-image-preview":"max-image-preview:large","max-video-preview":"max-video-preview:-1"},"canonical":"https:\/\/www.hostin.sk\/de\/produkt\/einreihige-spanndrahtabwehr-mit-unterflugschutz-fuer-rohre-o-40-50-mm\/","og_locale":"de_DE","og_type":"article","og_title":"Einreihige Spanndrahtabwehr mit Unterflugschutz f\u00fcr Rohre \u00d8 40 \u2013 50 mm - HOSTIN","og_description":"Spanndrahtabwehr f\u00fcr Rohre.","og_url":"https:\/\/www.hostin.sk\/de\/produkt\/einreihige-spanndrahtabwehr-mit-unterflugschutz-fuer-rohre-o-40-50-mm\/","og_site_name":"HOSTIN","article_modified_time":"2025-03-15T15:16:45+00:00","og_image":[{"width":800,"height":800,"url":"https:\/\/www.hostin.sk\/wp-content\/uploads\/2024\/03\/PL1T40Q-100-XXXX-800x800-1.jpg","type":"image\/jpeg"}],"twitter_card":"summary_large_image","twitter_misc":{"Gesch\u00e4tzte Lesezeit":"1\u00a0Minute"},"schema":{"@context":"https:\/\/schema.org","@graph":[{"@type":"WebPage","@id":"https:\/\/www.hostin.sk\/de\/produkt\/einreihige-spanndrahtabwehr-mit-unterflugschutz-fuer-rohre-o-40-50-mm\/","url":"https:\/\/www.hostin.sk\/de\/produkt\/einreihige-spanndrahtabwehr-mit-unterflugschutz-fuer-rohre-o-40-50-mm\/","name":"Einreihige Spanndrahtabwehr mit Unterflugschutz f\u00fcr Rohre \u00d8 40 \u2013 50 mm - HOSTIN","isPartOf":{"@id":"https:\/\/www.hostin.sk\/#website"},"primaryImageOfPage":{"@id":"https:\/\/www.hostin.sk\/de\/produkt\/einreihige-spanndrahtabwehr-mit-unterflugschutz-fuer-rohre-o-40-50-mm\/#primaryimage"},"image":{"@id":"https:\/\/www.hostin.sk\/de\/produkt\/einreihige-spanndrahtabwehr-mit-unterflugschutz-fuer-rohre-o-40-50-mm\/#primaryimage"},"thumbnailUrl":"https:\/\/www.hostin.sk\/wp-content\/uploads\/2024\/03\/PL1T40Q-100-XXXX-800x800-1.jpg","datePublished":"2024-03-20T13:45:40+00:00","dateModified":"2025-03-15T15:16:45+00:00","breadcrumb":{"@id":"https:\/\/www.hostin.sk\/de\/produkt\/einreihige-spanndrahtabwehr-mit-unterflugschutz-fuer-rohre-o-40-50-mm\/#breadcrumb"},"inLanguage":"de","potentialAction":[{"@type":"ReadAction","target":["https:\/\/www.hostin.sk\/de\/produkt\/einreihige-spanndrahtabwehr-mit-unterflugschutz-fuer-rohre-o-40-50-mm\/"]}]},{"@type":"ImageObject","inLanguage":"de","@id":"https:\/\/www.hostin.sk\/de\/produkt\/einreihige-spanndrahtabwehr-mit-unterflugschutz-fuer-rohre-o-40-50-mm\/#primaryimage","url":"https:\/\/www.hostin.sk\/wp-content\/uploads\/2024\/03\/PL1T40Q-100-XXXX-800x800-1.jpg","contentUrl":"https:\/\/www.hostin.sk\/wp-content\/uploads\/2024\/03\/PL1T40Q-100-XXXX-800x800-1.jpg","width":800,"height":800},{"@type":"BreadcrumbList","@id":"https:\/\/www.hostin.sk\/de\/produkt\/einreihige-spanndrahtabwehr-mit-unterflugschutz-fuer-rohre-o-40-50-mm\/#breadcrumb","itemListElement":[{"@type":"ListItem","position":1,"name":"Domov","item":"https:\/\/www.hostin.sk\/de\/"},{"@type":"ListItem","position":2,"name":"E-shop","item":"https:\/\/www.hostin.sk\/de\/e-shop\/"},{"@type":"ListItem","position":3,"name":"Abwehrsysteme nach Ausf\u00fchrung","item":"https:\/\/www.hostin.sk\/de\/produktkategorie\/abwehrsysteme-nach-ausfuehrung\/"},{"@type":"ListItem","position":4,"name":"Spanndrahtabwehr","item":"https:\/\/www.hostin.sk\/de\/produktkategorie\/abwehrsysteme-nach-ausfuehrung\/spanndrahtabwehr\/"},{"@type":"ListItem","position":5,"name":"Abwehrsystem f\u00fcr Rohre","item":"https:\/\/www.hostin.sk\/de\/produktkategorie\/abwehrsysteme-nach-ausfuehrung\/spanndrahtabwehr\/abwehrsystem-fuer-rohre\/"},{"@type":"ListItem","position":6,"name":"Einreihige Spanndrahtabwehr mit Unterflugschutz f\u00fcr Rohre \u00d8 40 \u2013 50 mm"}]},{"@type":"WebSite","@id":"https:\/\/www.hostin.sk\/#website","url":"https:\/\/www.hostin.sk\/","name":"HOSTIN","description":"Hroty proti vt\u00e1kom","potentialAction":[{"@type":"SearchAction","target":{"@type":"EntryPoint","urlTemplate":"https:\/\/www.hostin.sk\/?s={search_term_string}"},"query-input":{"@type":"PropertyValueSpecification","valueRequired":true,"valueName":"search_term_string"}}],"inLanguage":"de"}]}},"_links":{"self":[{"href":"https:\/\/www.hostin.sk\/de\/wp-json\/wp\/v2\/product\/9255","targetHints":{"allow":["GET"]}}],"collection":[{"href":"https:\/\/www.hostin.sk\/de\/wp-json\/wp\/v2\/product"}],"about":[{"href":"https:\/\/www.hostin.sk\/de\/wp-json\/wp\/v2\/types\/product"}],"wp:featuredmedia":[{"embeddable":true,"href":"https:\/\/www.hostin.sk\/de\/wp-json\/wp\/v2\/media\/7253"}],"wp:attachment":[{"href":"https:\/\/www.hostin.sk\/de\/wp-json\/wp\/v2\/media?parent=9255"}],"wp:term":[{"taxonomy":"product_brand","embeddable":true,"href":"https:\/\/www.hostin.sk\/de\/wp-json\/wp\/v2\/product_brand?post=9255"},{"taxonomy":"product_cat","embeddable":true,"href":"https:\/\/www.hostin.sk\/de\/wp-json\/wp\/v2\/product_cat?post=9255"},{"taxonomy":"product_tag","embeddable":true,"href":"https:\/\/www.hostin.sk\/de\/wp-json\/wp\/v2\/product_tag?post=9255"}],"curies":[{"name":"wp","href":"https:\/\/api.w.org\/{rel}","templated":true}]}}