{"id":9242,"date":"2024-05-09T08:31:54","date_gmt":"2024-05-09T06:31:54","guid":{"rendered":"https:\/\/www.hostin.sk\/produkt\/zahradne-svietidlo-instalacia-na-stenu-s-dvoma-svietidlami-s-hranatou-zakladnou\/"},"modified":"2025-03-19T11:44:34","modified_gmt":"2025-03-19T10:44:34","slug":"gartenleuchte-zur-wandmontage-mit-zwei-lichtquellen-mit-quadratischer-basis","status":"publish","type":"product","link":"https:\/\/www.hostin.sk\/de\/produkt\/gartenleuchte-zur-wandmontage-mit-zwei-lichtquellen-mit-quadratischer-basis\/","title":{"rendered":"Gartenleuchte zur Wandmontage mit zwei Lichtquellen \u2013 mit quadratischer Basis"},"content":{"rendered":"<ul>\n<li data-start=\"71\" data-end=\"116\">Geh\u00e4use aus druckgegossenem Aluminium<\/li>\n<li data-start=\"117\" data-end=\"204\">Verschiedene Montagem\u00f6glichkeiten: Pfosten-, Spie\u00df- oder runde Basisbefestigung<\/li>\n<li data-start=\"205\" data-end=\"298\">Erh\u00e4ltlich mit integrierter LED-Lichtquelle oder austauschbarem GU10-Leuchtmittel<\/li>\n<li data-start=\"299\" data-end=\"373\">Korrosionsbest\u00e4ndige Pulverbeschichtung f\u00fcr eine lange Lebensdauer<\/li>\n<li data-start=\"374\" data-end=\"451\">Korrosionsbest\u00e4ndigkeit, getestet 500 Stunden in Salznebelpr\u00fcfung<\/li>\n<li data-start=\"452\" data-end=\"521\">IP65-Schutzklasse \u2013 ideal f\u00fcr den Au\u00dfenbereich und Garten<\/li>\n<li data-start=\"522\" data-end=\"555\">Betriebsspannung: 230V AC<\/li>\n<\/ul>\n","protected":false},"excerpt":{"rendered":"<p>Modernes Design der Garten-Spotleuchte.<\/p>\n","protected":false},"featured_media":8663,"template":"","meta":{"_acf_changed":false},"product_brand":[],"product_cat":[145],"product_tag":[],"class_list":{"0":"post-9242","1":"product","2":"type-product","3":"status-publish","4":"has-post-thumbnail","6":"product_cat-gartenleuchten","8":"first","9":"outofstock","10":"taxable","11":"shipping-taxable","12":"purchasable","13":"product-type-variable"},"acf":[],"yoast_head":"<!-- This site is optimized with the Yoast SEO plugin v27.3 - https:\/\/yoast.com\/product\/yoast-seo-wordpress\/ -->\n<title>Gartenleuchte zur Wandmontage mit zwei Lichtquellen \u2013 mit quadratischer Basis - HOSTIN<\/title>\n<meta name=\"robots\" content=\"index, follow, max-snippet:-1, max-image-preview:large, max-video-preview:-1\" \/>\n<link rel=\"canonical\" href=\"https:\/\/www.hostin.sk\/de\/produkt\/gartenleuchte-zur-wandmontage-mit-zwei-lichtquellen-mit-quadratischer-basis\/\" \/>\n<meta property=\"og:locale\" content=\"de_DE\" \/>\n<meta property=\"og:type\" content=\"article\" \/>\n<meta property=\"og:title\" content=\"Gartenleuchte zur Wandmontage mit zwei Lichtquellen \u2013 mit quadratischer Basis - HOSTIN\" \/>\n<meta property=\"og:description\" content=\"Modernes Design der Garten-Spotleuchte.\" \/>\n<meta property=\"og:url\" content=\"https:\/\/www.hostin.sk\/de\/produkt\/gartenleuchte-zur-wandmontage-mit-zwei-lichtquellen-mit-quadratischer-basis\/\" \/>\n<meta property=\"og:site_name\" content=\"HOSTIN\" \/>\n<meta property=\"article:modified_time\" content=\"2025-03-19T10:44:34+00:00\" \/>\n<meta property=\"og:image\" content=\"https:\/\/www.hostin.sk\/wp-content\/uploads\/2024\/05\/Zahradne-svietidlo-instalacia-na-stenu-s-dvoma-svietidlami-\u2013-s-hranatou-zakladnou.jpg\" \/>\n\t<meta property=\"og:image:width\" content=\"900\" \/>\n\t<meta property=\"og:image:height\" content=\"900\" \/>\n\t<meta property=\"og:image:type\" content=\"image\/jpeg\" \/>\n<meta name=\"twitter:card\" content=\"summary_large_image\" \/>\n<meta name=\"twitter:label1\" content=\"Gesch\u00e4tzte Lesezeit\" \/>\n\t<meta name=\"twitter:data1\" content=\"1\u00a0Minute\" \/>\n<script type=\"application\/ld+json\" class=\"yoast-schema-graph\">{\"@context\":\"https:\\\/\\\/schema.org\",\"@graph\":[{\"@type\":\"WebPage\",\"@id\":\"https:\\\/\\\/www.hostin.sk\\\/de\\\/produkt\\\/gartenleuchte-zur-wandmontage-mit-zwei-lichtquellen-mit-quadratischer-basis\\\/\",\"url\":\"https:\\\/\\\/www.hostin.sk\\\/de\\\/produkt\\\/gartenleuchte-zur-wandmontage-mit-zwei-lichtquellen-mit-quadratischer-basis\\\/\",\"name\":\"Gartenleuchte zur Wandmontage mit zwei Lichtquellen \u2013 mit quadratischer Basis - HOSTIN\",\"isPartOf\":{\"@id\":\"https:\\\/\\\/www.hostin.sk\\\/#website\"},\"primaryImageOfPage\":{\"@id\":\"https:\\\/\\\/www.hostin.sk\\\/de\\\/produkt\\\/gartenleuchte-zur-wandmontage-mit-zwei-lichtquellen-mit-quadratischer-basis\\\/#primaryimage\"},\"image\":{\"@id\":\"https:\\\/\\\/www.hostin.sk\\\/de\\\/produkt\\\/gartenleuchte-zur-wandmontage-mit-zwei-lichtquellen-mit-quadratischer-basis\\\/#primaryimage\"},\"thumbnailUrl\":\"https:\\\/\\\/www.hostin.sk\\\/wp-content\\\/uploads\\\/2024\\\/05\\\/Zahradne-svietidlo-instalacia-na-stenu-s-dvoma-svietidlami-\u2013-s-hranatou-zakladnou.jpg\",\"datePublished\":\"2024-05-09T06:31:54+00:00\",\"dateModified\":\"2025-03-19T10:44:34+00:00\",\"breadcrumb\":{\"@id\":\"https:\\\/\\\/www.hostin.sk\\\/de\\\/produkt\\\/gartenleuchte-zur-wandmontage-mit-zwei-lichtquellen-mit-quadratischer-basis\\\/#breadcrumb\"},\"inLanguage\":\"de\",\"potentialAction\":[{\"@type\":\"ReadAction\",\"target\":[\"https:\\\/\\\/www.hostin.sk\\\/de\\\/produkt\\\/gartenleuchte-zur-wandmontage-mit-zwei-lichtquellen-mit-quadratischer-basis\\\/\"]}]},{\"@type\":\"ImageObject\",\"inLanguage\":\"de\",\"@id\":\"https:\\\/\\\/www.hostin.sk\\\/de\\\/produkt\\\/gartenleuchte-zur-wandmontage-mit-zwei-lichtquellen-mit-quadratischer-basis\\\/#primaryimage\",\"url\":\"https:\\\/\\\/www.hostin.sk\\\/wp-content\\\/uploads\\\/2024\\\/05\\\/Zahradne-svietidlo-instalacia-na-stenu-s-dvoma-svietidlami-\u2013-s-hranatou-zakladnou.jpg\",\"contentUrl\":\"https:\\\/\\\/www.hostin.sk\\\/wp-content\\\/uploads\\\/2024\\\/05\\\/Zahradne-svietidlo-instalacia-na-stenu-s-dvoma-svietidlami-\u2013-s-hranatou-zakladnou.jpg\",\"width\":900,\"height\":900},{\"@type\":\"BreadcrumbList\",\"@id\":\"https:\\\/\\\/www.hostin.sk\\\/de\\\/produkt\\\/gartenleuchte-zur-wandmontage-mit-zwei-lichtquellen-mit-quadratischer-basis\\\/#breadcrumb\",\"itemListElement\":[{\"@type\":\"ListItem\",\"position\":1,\"name\":\"Domov\",\"item\":\"https:\\\/\\\/www.hostin.sk\\\/de\\\/\"},{\"@type\":\"ListItem\",\"position\":2,\"name\":\"E-shop\",\"item\":\"https:\\\/\\\/www.hostin.sk\\\/de\\\/e-shop\\\/\"},{\"@type\":\"ListItem\",\"position\":3,\"name\":\"Z\u00e1hradn\u00e9 svietidl\u00e1\",\"item\":\"https:\\\/\\\/www.hostin.sk\\\/kategoria-produktu\\\/zahradne-svietidla\\\/\"},{\"@type\":\"ListItem\",\"position\":4,\"name\":\"Gartenleuchte zur Wandmontage mit zwei Lichtquellen \u2013 mit quadratischer Basis\"}]},{\"@type\":\"WebSite\",\"@id\":\"https:\\\/\\\/www.hostin.sk\\\/#website\",\"url\":\"https:\\\/\\\/www.hostin.sk\\\/\",\"name\":\"HOSTIN\",\"description\":\"Hroty proti vt\u00e1kom\",\"potentialAction\":[{\"@type\":\"SearchAction\",\"target\":{\"@type\":\"EntryPoint\",\"urlTemplate\":\"https:\\\/\\\/www.hostin.sk\\\/?s={search_term_string}\"},\"query-input\":{\"@type\":\"PropertyValueSpecification\",\"valueRequired\":true,\"valueName\":\"search_term_string\"}}],\"inLanguage\":\"de\"}]}<\/script>\n<!-- \/ Yoast SEO plugin. -->","yoast_head_json":{"title":"Gartenleuchte zur Wandmontage mit zwei Lichtquellen \u2013 mit quadratischer Basis - HOSTIN","robots":{"index":"index","follow":"follow","max-snippet":"max-snippet:-1","max-image-preview":"max-image-preview:large","max-video-preview":"max-video-preview:-1"},"canonical":"https:\/\/www.hostin.sk\/de\/produkt\/gartenleuchte-zur-wandmontage-mit-zwei-lichtquellen-mit-quadratischer-basis\/","og_locale":"de_DE","og_type":"article","og_title":"Gartenleuchte zur Wandmontage mit zwei Lichtquellen \u2013 mit quadratischer Basis - HOSTIN","og_description":"Modernes Design der Garten-Spotleuchte.","og_url":"https:\/\/www.hostin.sk\/de\/produkt\/gartenleuchte-zur-wandmontage-mit-zwei-lichtquellen-mit-quadratischer-basis\/","og_site_name":"HOSTIN","article_modified_time":"2025-03-19T10:44:34+00:00","og_image":[{"width":900,"height":900,"url":"https:\/\/www.hostin.sk\/wp-content\/uploads\/2024\/05\/Zahradne-svietidlo-instalacia-na-stenu-s-dvoma-svietidlami-\u2013-s-hranatou-zakladnou.jpg","type":"image\/jpeg"}],"twitter_card":"summary_large_image","twitter_misc":{"Gesch\u00e4tzte Lesezeit":"1\u00a0Minute"},"schema":{"@context":"https:\/\/schema.org","@graph":[{"@type":"WebPage","@id":"https:\/\/www.hostin.sk\/de\/produkt\/gartenleuchte-zur-wandmontage-mit-zwei-lichtquellen-mit-quadratischer-basis\/","url":"https:\/\/www.hostin.sk\/de\/produkt\/gartenleuchte-zur-wandmontage-mit-zwei-lichtquellen-mit-quadratischer-basis\/","name":"Gartenleuchte zur Wandmontage mit zwei Lichtquellen \u2013 mit quadratischer Basis - HOSTIN","isPartOf":{"@id":"https:\/\/www.hostin.sk\/#website"},"primaryImageOfPage":{"@id":"https:\/\/www.hostin.sk\/de\/produkt\/gartenleuchte-zur-wandmontage-mit-zwei-lichtquellen-mit-quadratischer-basis\/#primaryimage"},"image":{"@id":"https:\/\/www.hostin.sk\/de\/produkt\/gartenleuchte-zur-wandmontage-mit-zwei-lichtquellen-mit-quadratischer-basis\/#primaryimage"},"thumbnailUrl":"https:\/\/www.hostin.sk\/wp-content\/uploads\/2024\/05\/Zahradne-svietidlo-instalacia-na-stenu-s-dvoma-svietidlami-\u2013-s-hranatou-zakladnou.jpg","datePublished":"2024-05-09T06:31:54+00:00","dateModified":"2025-03-19T10:44:34+00:00","breadcrumb":{"@id":"https:\/\/www.hostin.sk\/de\/produkt\/gartenleuchte-zur-wandmontage-mit-zwei-lichtquellen-mit-quadratischer-basis\/#breadcrumb"},"inLanguage":"de","potentialAction":[{"@type":"ReadAction","target":["https:\/\/www.hostin.sk\/de\/produkt\/gartenleuchte-zur-wandmontage-mit-zwei-lichtquellen-mit-quadratischer-basis\/"]}]},{"@type":"ImageObject","inLanguage":"de","@id":"https:\/\/www.hostin.sk\/de\/produkt\/gartenleuchte-zur-wandmontage-mit-zwei-lichtquellen-mit-quadratischer-basis\/#primaryimage","url":"https:\/\/www.hostin.sk\/wp-content\/uploads\/2024\/05\/Zahradne-svietidlo-instalacia-na-stenu-s-dvoma-svietidlami-\u2013-s-hranatou-zakladnou.jpg","contentUrl":"https:\/\/www.hostin.sk\/wp-content\/uploads\/2024\/05\/Zahradne-svietidlo-instalacia-na-stenu-s-dvoma-svietidlami-\u2013-s-hranatou-zakladnou.jpg","width":900,"height":900},{"@type":"BreadcrumbList","@id":"https:\/\/www.hostin.sk\/de\/produkt\/gartenleuchte-zur-wandmontage-mit-zwei-lichtquellen-mit-quadratischer-basis\/#breadcrumb","itemListElement":[{"@type":"ListItem","position":1,"name":"Domov","item":"https:\/\/www.hostin.sk\/de\/"},{"@type":"ListItem","position":2,"name":"E-shop","item":"https:\/\/www.hostin.sk\/de\/e-shop\/"},{"@type":"ListItem","position":3,"name":"Z\u00e1hradn\u00e9 svietidl\u00e1","item":"https:\/\/www.hostin.sk\/kategoria-produktu\/zahradne-svietidla\/"},{"@type":"ListItem","position":4,"name":"Gartenleuchte zur Wandmontage mit zwei Lichtquellen \u2013 mit quadratischer Basis"}]},{"@type":"WebSite","@id":"https:\/\/www.hostin.sk\/#website","url":"https:\/\/www.hostin.sk\/","name":"HOSTIN","description":"Hroty proti vt\u00e1kom","potentialAction":[{"@type":"SearchAction","target":{"@type":"EntryPoint","urlTemplate":"https:\/\/www.hostin.sk\/?s={search_term_string}"},"query-input":{"@type":"PropertyValueSpecification","valueRequired":true,"valueName":"search_term_string"}}],"inLanguage":"de"}]}},"_links":{"self":[{"href":"https:\/\/www.hostin.sk\/de\/wp-json\/wp\/v2\/product\/9242","targetHints":{"allow":["GET"]}}],"collection":[{"href":"https:\/\/www.hostin.sk\/de\/wp-json\/wp\/v2\/product"}],"about":[{"href":"https:\/\/www.hostin.sk\/de\/wp-json\/wp\/v2\/types\/product"}],"wp:featuredmedia":[{"embeddable":true,"href":"https:\/\/www.hostin.sk\/de\/wp-json\/wp\/v2\/media\/8663"}],"wp:attachment":[{"href":"https:\/\/www.hostin.sk\/de\/wp-json\/wp\/v2\/media?parent=9242"}],"wp:term":[{"taxonomy":"product_brand","embeddable":true,"href":"https:\/\/www.hostin.sk\/de\/wp-json\/wp\/v2\/product_brand?post=9242"},{"taxonomy":"product_cat","embeddable":true,"href":"https:\/\/www.hostin.sk\/de\/wp-json\/wp\/v2\/product_cat?post=9242"},{"taxonomy":"product_tag","embeddable":true,"href":"https:\/\/www.hostin.sk\/de\/wp-json\/wp\/v2\/product_tag?post=9242"}],"curies":[{"name":"wp","href":"https:\/\/api.w.org\/{rel}","templated":true}]}}