{"id":9216,"date":"2018-03-19T15:22:55","date_gmt":"2018-03-19T14:22:55","guid":{"rendered":"https:\/\/www.hostin.sk\/produkt\/lankova-zabrana-proti-vtakom-tycky-na-platni\/"},"modified":"2025-03-12T18:58:09","modified_gmt":"2025-03-12T17:58:09","slug":"spanndraht-abwehr-pins-auf-platte","status":"publish","type":"product","link":"https:\/\/www.hostin.sk\/de\/produkt\/spanndraht-abwehr-pins-auf-platte\/","title":{"rendered":"Spanndraht-Abwehr \u2013 Pins auf Platte"},"content":{"rendered":"<p data-start=\"66\" data-end=\"401\">Die Spanndraht-Abwehr ohne Unterflugschutz ist eine spezielle Art der Abwehr, bei der die einzelnen Tr\u00e4gerpins auf einem gemeinsamen Band verschwei\u00dft sind. Sie eignet sich besonders zum Schutz von Fensterb\u00e4nken, Gesimsen und Attiken. Diese Konstruktion sorgt f\u00fcr eine h\u00f6here Stabilit\u00e4t der Abwehr, selbst bei gr\u00f6\u00dferen Vogelarten.\u00a0Der Abstand zwischen den einzelnen Pins auf dem Band betr\u00e4gt 50 mm. Die Abwehr sch\u00fctzt sowohl offene Fl\u00e4chen als auch einseitig geschlossene Bereiche wirksam.\u00a0Eine Alternative zu dieser Abwehr ist\u00a0die <a href=\"https:\/\/www.hostin.sk\/produkt\/lankova-zabrana-proti-vtakom-s-ochranou\/\">Spanndraht-Abwehr mit Unterflugschutz<\/a>, die zus\u00e4tzlich an den \u00e4u\u00dferen Pins in der Mitte der H\u00f6he gespannte Dr\u00e4hte enth\u00e4lt, um das Unterfliegen durch V\u00f6gel zu verhindern.<\/p>\n<p><strong>Installation<\/strong><\/p>\n<p>Die Abwehr kann einfach mit einem speziellen <a href=\"https:\/\/www.hostin.sk\/produkt\/mamut-glue-clear-uv-290ml\/\">Kleber<\/a> auf einer zuvor <a href=\"https:\/\/www.hostin.sk\/produkt\/odmastovac-technicky-benzin-1-l\/\">entfetteten<\/a> und\u00a0gereinigten Oberfl\u00e4che befestigt oder direkt verschraubt werden. Es stehen verschiedene Bandl\u00e4ngen zur Auswahl, sodass die Anzahl der Pins individuell angepasst werden kann.\u00a0Die B\u00e4nder mit den Tr\u00e4gerpins werden in einem Abstand von 1,5 m montiert und anschlie\u00dfend mit einem Stahlseil verbunden.<\/p>\n","protected":false},"excerpt":{"rendered":"<p>Spanndraht-Abwehr ohne Unterflugschutz \u2013 bestehend aus einem bis zw\u00f6lf Dr\u00e4hten, die zwischen einzelnen Tr\u00e4gerb\u00e4ndern mit F\u00fchrungsstangen gespannt sind.<\/p>\n","protected":false},"featured_media":8192,"template":"","meta":{"_acf_changed":false},"product_brand":[],"product_cat":[134,120],"product_tag":[],"class_list":{"0":"post-9216","1":"product","2":"type-product","3":"status-publish","4":"has-post-thumbnail","6":"product_cat-fuer-fensterbaenke","7":"product_cat-pins-auf-platte","9":"first","10":"instock","11":"taxable","12":"shipping-taxable","13":"purchasable","14":"product-type-variable"},"acf":[],"yoast_head":"<!-- This site is optimized with the Yoast SEO plugin v27.4 - https:\/\/yoast.com\/product\/yoast-seo-wordpress\/ -->\n<title>Spanndraht-Abwehr \u2013 Pins auf Platte - HOSTIN<\/title>\n<meta name=\"robots\" content=\"index, follow, max-snippet:-1, max-image-preview:large, max-video-preview:-1\" \/>\n<link rel=\"canonical\" href=\"https:\/\/www.hostin.sk\/de\/produkt\/spanndraht-abwehr-pins-auf-platte\/\" \/>\n<meta property=\"og:locale\" content=\"de_DE\" \/>\n<meta property=\"og:type\" content=\"article\" \/>\n<meta property=\"og:title\" content=\"Spanndraht-Abwehr \u2013 Pins auf Platte - HOSTIN\" \/>\n<meta property=\"og:description\" content=\"Spanndraht-Abwehr ohne Unterflugschutz \u2013 bestehend aus einem bis zw\u00f6lf Dr\u00e4hten, die zwischen einzelnen Tr\u00e4gerb\u00e4ndern mit F\u00fchrungsstangen gespannt sind.\" \/>\n<meta property=\"og:url\" content=\"https:\/\/www.hostin.sk\/de\/produkt\/spanndraht-abwehr-pins-auf-platte\/\" \/>\n<meta property=\"og:site_name\" content=\"HOSTIN\" \/>\n<meta property=\"article:modified_time\" content=\"2025-03-12T17:58:09+00:00\" \/>\n<meta property=\"og:image\" content=\"https:\/\/www.hostin.sk\/wp-content\/uploads\/2018\/03\/PL1T40A-098-0036-800x800-1.jpg\" \/>\n\t<meta property=\"og:image:width\" content=\"800\" \/>\n\t<meta property=\"og:image:height\" content=\"800\" \/>\n\t<meta property=\"og:image:type\" content=\"image\/jpeg\" \/>\n<meta name=\"twitter:card\" content=\"summary_large_image\" \/>\n<meta name=\"twitter:label1\" content=\"Gesch\u00e4tzte Lesezeit\" \/>\n\t<meta name=\"twitter:data1\" content=\"2\u00a0Minuten\" \/>\n<script type=\"application\/ld+json\" class=\"yoast-schema-graph\">{\"@context\":\"https:\\\/\\\/schema.org\",\"@graph\":[{\"@type\":\"WebPage\",\"@id\":\"https:\\\/\\\/www.hostin.sk\\\/de\\\/produkt\\\/spanndraht-abwehr-pins-auf-platte\\\/\",\"url\":\"https:\\\/\\\/www.hostin.sk\\\/de\\\/produkt\\\/spanndraht-abwehr-pins-auf-platte\\\/\",\"name\":\"Spanndraht-Abwehr \u2013 Pins auf Platte - HOSTIN\",\"isPartOf\":{\"@id\":\"https:\\\/\\\/www.hostin.sk\\\/#website\"},\"primaryImageOfPage\":{\"@id\":\"https:\\\/\\\/www.hostin.sk\\\/de\\\/produkt\\\/spanndraht-abwehr-pins-auf-platte\\\/#primaryimage\"},\"image\":{\"@id\":\"https:\\\/\\\/www.hostin.sk\\\/de\\\/produkt\\\/spanndraht-abwehr-pins-auf-platte\\\/#primaryimage\"},\"thumbnailUrl\":\"https:\\\/\\\/www.hostin.sk\\\/wp-content\\\/uploads\\\/2018\\\/03\\\/PL1T40A-098-0036-800x800-1.jpg\",\"datePublished\":\"2018-03-19T14:22:55+00:00\",\"dateModified\":\"2025-03-12T17:58:09+00:00\",\"breadcrumb\":{\"@id\":\"https:\\\/\\\/www.hostin.sk\\\/de\\\/produkt\\\/spanndraht-abwehr-pins-auf-platte\\\/#breadcrumb\"},\"inLanguage\":\"de\",\"potentialAction\":[{\"@type\":\"ReadAction\",\"target\":[\"https:\\\/\\\/www.hostin.sk\\\/de\\\/produkt\\\/spanndraht-abwehr-pins-auf-platte\\\/\"]}]},{\"@type\":\"ImageObject\",\"inLanguage\":\"de\",\"@id\":\"https:\\\/\\\/www.hostin.sk\\\/de\\\/produkt\\\/spanndraht-abwehr-pins-auf-platte\\\/#primaryimage\",\"url\":\"https:\\\/\\\/www.hostin.sk\\\/wp-content\\\/uploads\\\/2018\\\/03\\\/PL1T40A-098-0036-800x800-1.jpg\",\"contentUrl\":\"https:\\\/\\\/www.hostin.sk\\\/wp-content\\\/uploads\\\/2018\\\/03\\\/PL1T40A-098-0036-800x800-1.jpg\",\"width\":800,\"height\":800},{\"@type\":\"BreadcrumbList\",\"@id\":\"https:\\\/\\\/www.hostin.sk\\\/de\\\/produkt\\\/spanndraht-abwehr-pins-auf-platte\\\/#breadcrumb\",\"itemListElement\":[{\"@type\":\"ListItem\",\"position\":1,\"name\":\"Domov\",\"item\":\"https:\\\/\\\/www.hostin.sk\\\/de\\\/\"},{\"@type\":\"ListItem\",\"position\":2,\"name\":\"E-shop\",\"item\":\"https:\\\/\\\/www.hostin.sk\\\/de\\\/e-shop\\\/\"},{\"@type\":\"ListItem\",\"position\":3,\"name\":\"Abwehrsysteme nach Ausf\u00fchrung\",\"item\":\"https:\\\/\\\/www.hostin.sk\\\/de\\\/produktkategorie\\\/abwehrsysteme-nach-ausfuehrung\\\/\"},{\"@type\":\"ListItem\",\"position\":4,\"name\":\"Spanndrahtabwehr\",\"item\":\"https:\\\/\\\/www.hostin.sk\\\/de\\\/produktkategorie\\\/abwehrsysteme-nach-ausfuehrung\\\/spanndrahtabwehr\\\/\"},{\"@type\":\"ListItem\",\"position\":5,\"name\":\"Pins auf Platte\",\"item\":\"https:\\\/\\\/www.hostin.sk\\\/de\\\/produktkategorie\\\/abwehrsysteme-nach-ausfuehrung\\\/spanndrahtabwehr\\\/pins-auf-platte\\\/\"},{\"@type\":\"ListItem\",\"position\":6,\"name\":\"Spanndraht-Abwehr \u2013 Pins auf Platte\"}]},{\"@type\":\"WebSite\",\"@id\":\"https:\\\/\\\/www.hostin.sk\\\/#website\",\"url\":\"https:\\\/\\\/www.hostin.sk\\\/\",\"name\":\"HOSTIN\",\"description\":\"Hroty proti vt\u00e1kom\",\"potentialAction\":[{\"@type\":\"SearchAction\",\"target\":{\"@type\":\"EntryPoint\",\"urlTemplate\":\"https:\\\/\\\/www.hostin.sk\\\/?s={search_term_string}\"},\"query-input\":{\"@type\":\"PropertyValueSpecification\",\"valueRequired\":true,\"valueName\":\"search_term_string\"}}],\"inLanguage\":\"de\"}]}<\/script>\n<!-- \/ Yoast SEO plugin. -->","yoast_head_json":{"title":"Spanndraht-Abwehr \u2013 Pins auf Platte - HOSTIN","robots":{"index":"index","follow":"follow","max-snippet":"max-snippet:-1","max-image-preview":"max-image-preview:large","max-video-preview":"max-video-preview:-1"},"canonical":"https:\/\/www.hostin.sk\/de\/produkt\/spanndraht-abwehr-pins-auf-platte\/","og_locale":"de_DE","og_type":"article","og_title":"Spanndraht-Abwehr \u2013 Pins auf Platte - HOSTIN","og_description":"Spanndraht-Abwehr ohne Unterflugschutz \u2013 bestehend aus einem bis zw\u00f6lf Dr\u00e4hten, die zwischen einzelnen Tr\u00e4gerb\u00e4ndern mit F\u00fchrungsstangen gespannt sind.","og_url":"https:\/\/www.hostin.sk\/de\/produkt\/spanndraht-abwehr-pins-auf-platte\/","og_site_name":"HOSTIN","article_modified_time":"2025-03-12T17:58:09+00:00","og_image":[{"width":800,"height":800,"url":"https:\/\/www.hostin.sk\/wp-content\/uploads\/2018\/03\/PL1T40A-098-0036-800x800-1.jpg","type":"image\/jpeg"}],"twitter_card":"summary_large_image","twitter_misc":{"Gesch\u00e4tzte Lesezeit":"2\u00a0Minuten"},"schema":{"@context":"https:\/\/schema.org","@graph":[{"@type":"WebPage","@id":"https:\/\/www.hostin.sk\/de\/produkt\/spanndraht-abwehr-pins-auf-platte\/","url":"https:\/\/www.hostin.sk\/de\/produkt\/spanndraht-abwehr-pins-auf-platte\/","name":"Spanndraht-Abwehr \u2013 Pins auf Platte - HOSTIN","isPartOf":{"@id":"https:\/\/www.hostin.sk\/#website"},"primaryImageOfPage":{"@id":"https:\/\/www.hostin.sk\/de\/produkt\/spanndraht-abwehr-pins-auf-platte\/#primaryimage"},"image":{"@id":"https:\/\/www.hostin.sk\/de\/produkt\/spanndraht-abwehr-pins-auf-platte\/#primaryimage"},"thumbnailUrl":"https:\/\/www.hostin.sk\/wp-content\/uploads\/2018\/03\/PL1T40A-098-0036-800x800-1.jpg","datePublished":"2018-03-19T14:22:55+00:00","dateModified":"2025-03-12T17:58:09+00:00","breadcrumb":{"@id":"https:\/\/www.hostin.sk\/de\/produkt\/spanndraht-abwehr-pins-auf-platte\/#breadcrumb"},"inLanguage":"de","potentialAction":[{"@type":"ReadAction","target":["https:\/\/www.hostin.sk\/de\/produkt\/spanndraht-abwehr-pins-auf-platte\/"]}]},{"@type":"ImageObject","inLanguage":"de","@id":"https:\/\/www.hostin.sk\/de\/produkt\/spanndraht-abwehr-pins-auf-platte\/#primaryimage","url":"https:\/\/www.hostin.sk\/wp-content\/uploads\/2018\/03\/PL1T40A-098-0036-800x800-1.jpg","contentUrl":"https:\/\/www.hostin.sk\/wp-content\/uploads\/2018\/03\/PL1T40A-098-0036-800x800-1.jpg","width":800,"height":800},{"@type":"BreadcrumbList","@id":"https:\/\/www.hostin.sk\/de\/produkt\/spanndraht-abwehr-pins-auf-platte\/#breadcrumb","itemListElement":[{"@type":"ListItem","position":1,"name":"Domov","item":"https:\/\/www.hostin.sk\/de\/"},{"@type":"ListItem","position":2,"name":"E-shop","item":"https:\/\/www.hostin.sk\/de\/e-shop\/"},{"@type":"ListItem","position":3,"name":"Abwehrsysteme nach Ausf\u00fchrung","item":"https:\/\/www.hostin.sk\/de\/produktkategorie\/abwehrsysteme-nach-ausfuehrung\/"},{"@type":"ListItem","position":4,"name":"Spanndrahtabwehr","item":"https:\/\/www.hostin.sk\/de\/produktkategorie\/abwehrsysteme-nach-ausfuehrung\/spanndrahtabwehr\/"},{"@type":"ListItem","position":5,"name":"Pins auf Platte","item":"https:\/\/www.hostin.sk\/de\/produktkategorie\/abwehrsysteme-nach-ausfuehrung\/spanndrahtabwehr\/pins-auf-platte\/"},{"@type":"ListItem","position":6,"name":"Spanndraht-Abwehr \u2013 Pins auf Platte"}]},{"@type":"WebSite","@id":"https:\/\/www.hostin.sk\/#website","url":"https:\/\/www.hostin.sk\/","name":"HOSTIN","description":"Hroty proti vt\u00e1kom","potentialAction":[{"@type":"SearchAction","target":{"@type":"EntryPoint","urlTemplate":"https:\/\/www.hostin.sk\/?s={search_term_string}"},"query-input":{"@type":"PropertyValueSpecification","valueRequired":true,"valueName":"search_term_string"}}],"inLanguage":"de"}]}},"_links":{"self":[{"href":"https:\/\/www.hostin.sk\/de\/wp-json\/wp\/v2\/product\/9216","targetHints":{"allow":["GET"]}}],"collection":[{"href":"https:\/\/www.hostin.sk\/de\/wp-json\/wp\/v2\/product"}],"about":[{"href":"https:\/\/www.hostin.sk\/de\/wp-json\/wp\/v2\/types\/product"}],"wp:featuredmedia":[{"embeddable":true,"href":"https:\/\/www.hostin.sk\/de\/wp-json\/wp\/v2\/media\/8192"}],"wp:attachment":[{"href":"https:\/\/www.hostin.sk\/de\/wp-json\/wp\/v2\/media?parent=9216"}],"wp:term":[{"taxonomy":"product_brand","embeddable":true,"href":"https:\/\/www.hostin.sk\/de\/wp-json\/wp\/v2\/product_brand?post=9216"},{"taxonomy":"product_cat","embeddable":true,"href":"https:\/\/www.hostin.sk\/de\/wp-json\/wp\/v2\/product_cat?post=9216"},{"taxonomy":"product_tag","embeddable":true,"href":"https:\/\/www.hostin.sk\/de\/wp-json\/wp\/v2\/product_tag?post=9216"}],"curies":[{"name":"wp","href":"https:\/\/api.w.org\/{rel}","templated":true}]}}