{"id":9215,"date":"2018-03-19T15:13:07","date_gmt":"2018-03-19T14:13:07","guid":{"rendered":"https:\/\/www.hostin.sk\/produkt\/spiralova-zabrana-proti-vtakom\/"},"modified":"2025-03-12T18:30:03","modified_gmt":"2025-03-12T17:30:03","slug":"spiralfoermige-vogelabwehr","status":"publish","type":"product","link":"https:\/\/www.hostin.sk\/de\/produkt\/spiralfoermige-vogelabwehr\/","title":{"rendered":"Spiralf\u00f6rmige Vogelabwehr"},"content":{"rendered":"<p data-start=\"51\" data-end=\"271\">Die Spiral-Abwehr aus Edelstahl wurde speziell entwickelt, um das Landen und Nisten gr\u00f6\u00dferer V\u00f6gel zu verhindern. Die Abwehr blockiert mechanisch den Zugang zu unerw\u00fcnschten Fl\u00e4chen und macht den Nestbau unm\u00f6glich.\u00a0Dank der fehlenden Spitzen ist dieser Abwehrtyp absolut sicher in der Handhabung \u2013 weder Menschen noch Tiere k\u00f6nnen sich daran verletzen.<\/p>\n<p><strong>Installation<\/strong><\/p>\n<p data-start=\"438\" data-end=\"562\">Wie alle unsere Abwehrsysteme ist auch dieses federnde Schutzsystem <strong>dauerhaft wirksam<\/strong> und \u00e4u\u00dferst <strong>einfach zu installieren<\/strong>.\u00a0Das Basisband (Standardl\u00e4nge: 50 cm) kann mit Blechscheren auf die gew\u00fcnschte L\u00e4nge zugeschnitten und entweder mit\u00a0 <a href=\"https:\/\/www.hostin.sk\/produkt\/mamut-glue-clear-uv-290ml\/\">Kleber<\/a> befestigt oder verschraubt werden. Vor der Montage muss die Oberfl\u00e4che gereinigt und <a href=\"https:\/\/www.hostin.sk\/produkt\/odmastovac-technicky-benzin-1-l\/\">entfettet<\/a> werden.<\/p>\n<p>&nbsp;<\/p>\n","protected":false},"excerpt":{"rendered":"<p>V\u00f6gelabwehr aus Edelstahl in Form einer kreisf\u00f6rmigen Feder, speziell entwickelt zur Verhinderung des Landens und Nistens gr\u00f6\u00dferer V\u00f6gel.<\/p>\n","protected":false},"featured_media":8243,"template":"","meta":{"_acf_changed":false},"product_brand":[],"product_cat":[132,134,143],"product_tag":[],"class_list":{"0":"post-9215","1":"product","2":"type-product","3":"status-publish","4":"has-post-thumbnail","6":"product_cat-fuer-balkone","7":"product_cat-fuer-fensterbaenke","8":"product_cat-gegen-tauben","10":"first","11":"instock","12":"taxable","13":"shipping-taxable","14":"purchasable","15":"product-type-simple"},"acf":[],"yoast_head":"<!-- This site is optimized with the Yoast SEO plugin v27.4 - https:\/\/yoast.com\/product\/yoast-seo-wordpress\/ -->\n<title>Spiralf\u00f6rmige Vogelabwehr - HOSTIN<\/title>\n<meta name=\"robots\" content=\"index, follow, max-snippet:-1, max-image-preview:large, max-video-preview:-1\" \/>\n<link rel=\"canonical\" href=\"https:\/\/www.hostin.sk\/de\/produkt\/spiralfoermige-vogelabwehr\/\" \/>\n<meta property=\"og:locale\" content=\"de_DE\" \/>\n<meta property=\"og:type\" content=\"article\" \/>\n<meta property=\"og:title\" content=\"Spiralf\u00f6rmige Vogelabwehr - HOSTIN\" \/>\n<meta property=\"og:description\" content=\"V\u00f6gelabwehr aus Edelstahl in Form einer kreisf\u00f6rmigen Feder, speziell entwickelt zur Verhinderung des Landens und Nistens gr\u00f6\u00dferer V\u00f6gel.\" \/>\n<meta property=\"og:url\" content=\"https:\/\/www.hostin.sk\/de\/produkt\/spiralfoermige-vogelabwehr\/\" \/>\n<meta property=\"og:site_name\" content=\"HOSTIN\" \/>\n<meta property=\"article:modified_time\" content=\"2025-03-12T17:30:03+00:00\" \/>\n<meta property=\"og:image\" content=\"https:\/\/www.hostin.sk\/wp-content\/uploads\/2018\/03\/PL1T15P-111-0500-800x800-1.jpg\" \/>\n\t<meta property=\"og:image:width\" content=\"800\" \/>\n\t<meta property=\"og:image:height\" content=\"800\" \/>\n\t<meta property=\"og:image:type\" content=\"image\/jpeg\" \/>\n<meta name=\"twitter:card\" content=\"summary_large_image\" \/>\n<meta name=\"twitter:label1\" content=\"Gesch\u00e4tzte Lesezeit\" \/>\n\t<meta name=\"twitter:data1\" content=\"1\u00a0Minute\" \/>\n<script type=\"application\/ld+json\" class=\"yoast-schema-graph\">{\"@context\":\"https:\\\/\\\/schema.org\",\"@graph\":[{\"@type\":\"WebPage\",\"@id\":\"https:\\\/\\\/www.hostin.sk\\\/de\\\/produkt\\\/spiralfoermige-vogelabwehr\\\/\",\"url\":\"https:\\\/\\\/www.hostin.sk\\\/de\\\/produkt\\\/spiralfoermige-vogelabwehr\\\/\",\"name\":\"Spiralf\u00f6rmige Vogelabwehr - HOSTIN\",\"isPartOf\":{\"@id\":\"https:\\\/\\\/www.hostin.sk\\\/#website\"},\"primaryImageOfPage\":{\"@id\":\"https:\\\/\\\/www.hostin.sk\\\/de\\\/produkt\\\/spiralfoermige-vogelabwehr\\\/#primaryimage\"},\"image\":{\"@id\":\"https:\\\/\\\/www.hostin.sk\\\/de\\\/produkt\\\/spiralfoermige-vogelabwehr\\\/#primaryimage\"},\"thumbnailUrl\":\"https:\\\/\\\/www.hostin.sk\\\/wp-content\\\/uploads\\\/2018\\\/03\\\/PL1T15P-111-0500-800x800-1.jpg\",\"datePublished\":\"2018-03-19T14:13:07+00:00\",\"dateModified\":\"2025-03-12T17:30:03+00:00\",\"breadcrumb\":{\"@id\":\"https:\\\/\\\/www.hostin.sk\\\/de\\\/produkt\\\/spiralfoermige-vogelabwehr\\\/#breadcrumb\"},\"inLanguage\":\"de\",\"potentialAction\":[{\"@type\":\"ReadAction\",\"target\":[\"https:\\\/\\\/www.hostin.sk\\\/de\\\/produkt\\\/spiralfoermige-vogelabwehr\\\/\"]}]},{\"@type\":\"ImageObject\",\"inLanguage\":\"de\",\"@id\":\"https:\\\/\\\/www.hostin.sk\\\/de\\\/produkt\\\/spiralfoermige-vogelabwehr\\\/#primaryimage\",\"url\":\"https:\\\/\\\/www.hostin.sk\\\/wp-content\\\/uploads\\\/2018\\\/03\\\/PL1T15P-111-0500-800x800-1.jpg\",\"contentUrl\":\"https:\\\/\\\/www.hostin.sk\\\/wp-content\\\/uploads\\\/2018\\\/03\\\/PL1T15P-111-0500-800x800-1.jpg\",\"width\":800,\"height\":800},{\"@type\":\"BreadcrumbList\",\"@id\":\"https:\\\/\\\/www.hostin.sk\\\/de\\\/produkt\\\/spiralfoermige-vogelabwehr\\\/#breadcrumb\",\"itemListElement\":[{\"@type\":\"ListItem\",\"position\":1,\"name\":\"Domov\",\"item\":\"https:\\\/\\\/www.hostin.sk\\\/de\\\/\"},{\"@type\":\"ListItem\",\"position\":2,\"name\":\"E-shop\",\"item\":\"https:\\\/\\\/www.hostin.sk\\\/de\\\/e-shop\\\/\"},{\"@type\":\"ListItem\",\"position\":3,\"name\":\"Abwehrsysteme nach Einsatzort\",\"item\":\"https:\\\/\\\/www.hostin.sk\\\/de\\\/produktkategorie\\\/abwehrsysteme-nach-einsatzort\\\/\"},{\"@type\":\"ListItem\",\"position\":4,\"name\":\"F\u00fcr Balkone\",\"item\":\"https:\\\/\\\/www.hostin.sk\\\/de\\\/produktkategorie\\\/abwehrsysteme-nach-einsatzort\\\/fuer-balkone\\\/\"},{\"@type\":\"ListItem\",\"position\":5,\"name\":\"Spiralf\u00f6rmige Vogelabwehr\"}]},{\"@type\":\"WebSite\",\"@id\":\"https:\\\/\\\/www.hostin.sk\\\/#website\",\"url\":\"https:\\\/\\\/www.hostin.sk\\\/\",\"name\":\"HOSTIN\",\"description\":\"Hroty proti vt\u00e1kom\",\"potentialAction\":[{\"@type\":\"SearchAction\",\"target\":{\"@type\":\"EntryPoint\",\"urlTemplate\":\"https:\\\/\\\/www.hostin.sk\\\/?s={search_term_string}\"},\"query-input\":{\"@type\":\"PropertyValueSpecification\",\"valueRequired\":true,\"valueName\":\"search_term_string\"}}],\"inLanguage\":\"de\"}]}<\/script>\n<!-- \/ Yoast SEO plugin. -->","yoast_head_json":{"title":"Spiralf\u00f6rmige Vogelabwehr - HOSTIN","robots":{"index":"index","follow":"follow","max-snippet":"max-snippet:-1","max-image-preview":"max-image-preview:large","max-video-preview":"max-video-preview:-1"},"canonical":"https:\/\/www.hostin.sk\/de\/produkt\/spiralfoermige-vogelabwehr\/","og_locale":"de_DE","og_type":"article","og_title":"Spiralf\u00f6rmige Vogelabwehr - HOSTIN","og_description":"V\u00f6gelabwehr aus Edelstahl in Form einer kreisf\u00f6rmigen Feder, speziell entwickelt zur Verhinderung des Landens und Nistens gr\u00f6\u00dferer V\u00f6gel.","og_url":"https:\/\/www.hostin.sk\/de\/produkt\/spiralfoermige-vogelabwehr\/","og_site_name":"HOSTIN","article_modified_time":"2025-03-12T17:30:03+00:00","og_image":[{"width":800,"height":800,"url":"https:\/\/www.hostin.sk\/wp-content\/uploads\/2018\/03\/PL1T15P-111-0500-800x800-1.jpg","type":"image\/jpeg"}],"twitter_card":"summary_large_image","twitter_misc":{"Gesch\u00e4tzte Lesezeit":"1\u00a0Minute"},"schema":{"@context":"https:\/\/schema.org","@graph":[{"@type":"WebPage","@id":"https:\/\/www.hostin.sk\/de\/produkt\/spiralfoermige-vogelabwehr\/","url":"https:\/\/www.hostin.sk\/de\/produkt\/spiralfoermige-vogelabwehr\/","name":"Spiralf\u00f6rmige Vogelabwehr - HOSTIN","isPartOf":{"@id":"https:\/\/www.hostin.sk\/#website"},"primaryImageOfPage":{"@id":"https:\/\/www.hostin.sk\/de\/produkt\/spiralfoermige-vogelabwehr\/#primaryimage"},"image":{"@id":"https:\/\/www.hostin.sk\/de\/produkt\/spiralfoermige-vogelabwehr\/#primaryimage"},"thumbnailUrl":"https:\/\/www.hostin.sk\/wp-content\/uploads\/2018\/03\/PL1T15P-111-0500-800x800-1.jpg","datePublished":"2018-03-19T14:13:07+00:00","dateModified":"2025-03-12T17:30:03+00:00","breadcrumb":{"@id":"https:\/\/www.hostin.sk\/de\/produkt\/spiralfoermige-vogelabwehr\/#breadcrumb"},"inLanguage":"de","potentialAction":[{"@type":"ReadAction","target":["https:\/\/www.hostin.sk\/de\/produkt\/spiralfoermige-vogelabwehr\/"]}]},{"@type":"ImageObject","inLanguage":"de","@id":"https:\/\/www.hostin.sk\/de\/produkt\/spiralfoermige-vogelabwehr\/#primaryimage","url":"https:\/\/www.hostin.sk\/wp-content\/uploads\/2018\/03\/PL1T15P-111-0500-800x800-1.jpg","contentUrl":"https:\/\/www.hostin.sk\/wp-content\/uploads\/2018\/03\/PL1T15P-111-0500-800x800-1.jpg","width":800,"height":800},{"@type":"BreadcrumbList","@id":"https:\/\/www.hostin.sk\/de\/produkt\/spiralfoermige-vogelabwehr\/#breadcrumb","itemListElement":[{"@type":"ListItem","position":1,"name":"Domov","item":"https:\/\/www.hostin.sk\/de\/"},{"@type":"ListItem","position":2,"name":"E-shop","item":"https:\/\/www.hostin.sk\/de\/e-shop\/"},{"@type":"ListItem","position":3,"name":"Abwehrsysteme nach Einsatzort","item":"https:\/\/www.hostin.sk\/de\/produktkategorie\/abwehrsysteme-nach-einsatzort\/"},{"@type":"ListItem","position":4,"name":"F\u00fcr Balkone","item":"https:\/\/www.hostin.sk\/de\/produktkategorie\/abwehrsysteme-nach-einsatzort\/fuer-balkone\/"},{"@type":"ListItem","position":5,"name":"Spiralf\u00f6rmige Vogelabwehr"}]},{"@type":"WebSite","@id":"https:\/\/www.hostin.sk\/#website","url":"https:\/\/www.hostin.sk\/","name":"HOSTIN","description":"Hroty proti vt\u00e1kom","potentialAction":[{"@type":"SearchAction","target":{"@type":"EntryPoint","urlTemplate":"https:\/\/www.hostin.sk\/?s={search_term_string}"},"query-input":{"@type":"PropertyValueSpecification","valueRequired":true,"valueName":"search_term_string"}}],"inLanguage":"de"}]}},"_links":{"self":[{"href":"https:\/\/www.hostin.sk\/de\/wp-json\/wp\/v2\/product\/9215","targetHints":{"allow":["GET"]}}],"collection":[{"href":"https:\/\/www.hostin.sk\/de\/wp-json\/wp\/v2\/product"}],"about":[{"href":"https:\/\/www.hostin.sk\/de\/wp-json\/wp\/v2\/types\/product"}],"wp:featuredmedia":[{"embeddable":true,"href":"https:\/\/www.hostin.sk\/de\/wp-json\/wp\/v2\/media\/8243"}],"wp:attachment":[{"href":"https:\/\/www.hostin.sk\/de\/wp-json\/wp\/v2\/media?parent=9215"}],"wp:term":[{"taxonomy":"product_brand","embeddable":true,"href":"https:\/\/www.hostin.sk\/de\/wp-json\/wp\/v2\/product_brand?post=9215"},{"taxonomy":"product_cat","embeddable":true,"href":"https:\/\/www.hostin.sk\/de\/wp-json\/wp\/v2\/product_cat?post=9215"},{"taxonomy":"product_tag","embeddable":true,"href":"https:\/\/www.hostin.sk\/de\/wp-json\/wp\/v2\/product_tag?post=9215"}],"curies":[{"name":"wp","href":"https:\/\/api.w.org\/{rel}","templated":true}]}}