{"id":9211,"date":"2018-03-19T15:10:34","date_gmt":"2018-03-19T14:10:34","guid":{"rendered":"https:\/\/www.hostin.sk\/produkt\/kolektorova-hrotova-zabrana-proti-vtakom-flexi\/"},"modified":"2025-03-12T18:36:22","modified_gmt":"2025-03-12T17:36:22","slug":"vogelabwehr-fuer-solaranlagen-flexi","status":"publish","type":"product","link":"https:\/\/www.hostin.sk\/de\/produkt\/vogelabwehr-fuer-solaranlagen-flexi\/","title":{"rendered":"Vogelabwehr f\u00fcr Solaranlagen FLEXI"},"content":{"rendered":"<p data-start=\"272\" data-end=\"568\">Unsere Vogelabwehrsysteme f\u00fcr Solaranlagen verhindern, dass V\u00f6gel sich unter den Solarmodulen verstecken oder dort nisten. Das Nisten unter Solarmodulen kann die Luftzirkulation einschr\u00e4nken, was zu einer \u00dcberhitzung der Module und damit zu Leistungsverlusten des Photovoltaiksystems f\u00fchrt.\u00a0Diese Kategorie umfasst sowohl einreihige Schutzbarrieren mit flexiblen Spitzen als auch <a href=\"https:\/\/www.hostin.sk\/de\/produkt\/kolektorova-hrotova-zabrana-proti-vtakom-fix\/\">FIX-Vogelabwehrsysteme f\u00fcr Solaranlage<\/a>.\u00a0Die flexible Vogelabwehr FLEXI zeichnet sich durch h\u00f6henverstellbare St\u00e4be aus, die je nach Bedarf manuell durch einfaches Ein- oder Ausziehen angepasst werden k\u00f6nnen.<\/p>\n<p><strong>Installation<\/strong><\/p>\n<p>Unsere Vogelabwehr mit Spitzen bietet eine dauerhafte Wirksamkeit in Kombination mit einer <strong>einfachen Montage<\/strong>. Vor der Installation sollte die Oberfl\u00e4che gr\u00fcndlich gereinigt und <a href=\"https:\/\/www.hostin.sk\/produkt\/odmastovac-technicky-benzin-1-l\/\">entfettet<\/a> werden.\u00a0Die Befestigung der Schutzbarriere erfolgt durch <a href=\"https:\/\/www.hostin.sk\/produkt\/mamut-glue-clear-uv-290ml\/\">Verklebung<\/a>\u00a0am Rahmen des Solarmoduls. Die einreihige Schutzvorrichtung f\u00fcr Photovoltaik- oder Solarthermie-Module verhindert, dass Tauben und andere V\u00f6gel unter die Solarpaneele gelangen und dort Nester bauen.\u00a0Die robusten und stabilen Spitzen stellen eine effektive physische Barriere dar und verhindern, dass V\u00f6gel in den Zwischenraum zwischen Dach und Solarmodul eindringen.\u00a0Unsere Vogelabwehrsysteme sind in verschiedenen H\u00f6hen erh\u00e4ltlich, wodurch sich auch der Preis entsprechend anpasst. Die L\u00e4nge einer Schutzbarriere betr\u00e4gt 1 Meter. Diese Schutzsysteme bieten wir auch in der\u00a0<a href=\"https:\/\/www.hostin.sk\/de\/produkt\/kolektorova-hrotova-zabrana-proti-vtakom-fix\/\">FIX-Variante<\/a>\u00a0an.<\/p>\n","protected":false},"excerpt":{"rendered":"<p>FLEXI Voll-Edelstahl-Vogelabwehr f\u00fcr Solarmodule \u2013 speziell entwickelt f\u00fcr den Schutz von Photovoltaikanlagen.<\/p>\n","protected":false},"featured_media":8261,"template":"","meta":{"_acf_changed":false},"product_brand":[],"product_cat":[112,137],"product_tag":[],"class_list":{"0":"post-9211","1":"product","2":"type-product","3":"status-publish","4":"has-post-thumbnail","6":"product_cat-1-reihige-spitzenabwehr","7":"product_cat-fuer-solaranlagen","9":"first","10":"instock","11":"taxable","12":"shipping-taxable","13":"purchasable","14":"product-type-variable"},"acf":[],"yoast_head":"<!-- This site is optimized with the Yoast SEO plugin v27.4 - https:\/\/yoast.com\/product\/yoast-seo-wordpress\/ -->\n<title>Vogelabwehr f\u00fcr Solaranlagen FLEXI - HOSTIN<\/title>\n<meta name=\"description\" content=\"Kolektorov\u00e9 z\u00e1brany s\u00fa efekt\u00edvnym rie\u0161en\u00edm na zabr\u00e1nenie hniezdenia vt\u00e1kov pod sol\u00e1rnymi modulmi, \u010d\u00edm chr\u00e1nia fotovoltick\u00e9 syst\u00e9my pred prehrievan\u00edm.\" \/>\n<meta name=\"robots\" content=\"index, follow, max-snippet:-1, max-image-preview:large, max-video-preview:-1\" \/>\n<link rel=\"canonical\" href=\"https:\/\/www.hostin.sk\/de\/produkt\/vogelabwehr-fuer-solaranlagen-flexi\/\" \/>\n<meta property=\"og:locale\" content=\"de_DE\" \/>\n<meta property=\"og:type\" content=\"article\" \/>\n<meta property=\"og:title\" content=\"Vogelabwehr f\u00fcr Solaranlagen FLEXI - HOSTIN\" \/>\n<meta property=\"og:description\" content=\"Kolektorov\u00e9 z\u00e1brany s\u00fa efekt\u00edvnym rie\u0161en\u00edm na zabr\u00e1nenie hniezdenia vt\u00e1kov pod sol\u00e1rnymi modulmi, \u010d\u00edm chr\u00e1nia fotovoltick\u00e9 syst\u00e9my pred prehrievan\u00edm.\" \/>\n<meta property=\"og:url\" content=\"https:\/\/www.hostin.sk\/de\/produkt\/vogelabwehr-fuer-solaranlagen-flexi\/\" \/>\n<meta property=\"og:site_name\" content=\"HOSTIN\" \/>\n<meta property=\"article:modified_time\" content=\"2025-03-12T17:36:22+00:00\" \/>\n<meta property=\"og:image\" content=\"https:\/\/www.hostin.sk\/wp-content\/uploads\/2018\/03\/PL1T20F-160-1000-800x800-1.jpg\" \/>\n\t<meta property=\"og:image:width\" content=\"800\" \/>\n\t<meta property=\"og:image:height\" content=\"800\" \/>\n\t<meta property=\"og:image:type\" content=\"image\/jpeg\" \/>\n<meta name=\"twitter:card\" content=\"summary_large_image\" \/>\n<meta name=\"twitter:label1\" content=\"Gesch\u00e4tzte Lesezeit\" \/>\n\t<meta name=\"twitter:data1\" content=\"2\u00a0Minuten\" \/>\n<script type=\"application\/ld+json\" class=\"yoast-schema-graph\">{\"@context\":\"https:\\\/\\\/schema.org\",\"@graph\":[{\"@type\":\"WebPage\",\"@id\":\"https:\\\/\\\/www.hostin.sk\\\/de\\\/produkt\\\/vogelabwehr-fuer-solaranlagen-flexi\\\/\",\"url\":\"https:\\\/\\\/www.hostin.sk\\\/de\\\/produkt\\\/vogelabwehr-fuer-solaranlagen-flexi\\\/\",\"name\":\"Vogelabwehr f\u00fcr Solaranlagen FLEXI - HOSTIN\",\"isPartOf\":{\"@id\":\"https:\\\/\\\/www.hostin.sk\\\/#website\"},\"primaryImageOfPage\":{\"@id\":\"https:\\\/\\\/www.hostin.sk\\\/de\\\/produkt\\\/vogelabwehr-fuer-solaranlagen-flexi\\\/#primaryimage\"},\"image\":{\"@id\":\"https:\\\/\\\/www.hostin.sk\\\/de\\\/produkt\\\/vogelabwehr-fuer-solaranlagen-flexi\\\/#primaryimage\"},\"thumbnailUrl\":\"https:\\\/\\\/www.hostin.sk\\\/wp-content\\\/uploads\\\/2018\\\/03\\\/PL1T20F-160-1000-800x800-1.jpg\",\"datePublished\":\"2018-03-19T14:10:34+00:00\",\"dateModified\":\"2025-03-12T17:36:22+00:00\",\"description\":\"Kolektorov\u00e9 z\u00e1brany s\u00fa efekt\u00edvnym rie\u0161en\u00edm na zabr\u00e1nenie hniezdenia vt\u00e1kov pod sol\u00e1rnymi modulmi, \u010d\u00edm chr\u00e1nia fotovoltick\u00e9 syst\u00e9my pred prehrievan\u00edm.\",\"breadcrumb\":{\"@id\":\"https:\\\/\\\/www.hostin.sk\\\/de\\\/produkt\\\/vogelabwehr-fuer-solaranlagen-flexi\\\/#breadcrumb\"},\"inLanguage\":\"de\",\"potentialAction\":[{\"@type\":\"ReadAction\",\"target\":[\"https:\\\/\\\/www.hostin.sk\\\/de\\\/produkt\\\/vogelabwehr-fuer-solaranlagen-flexi\\\/\"]}]},{\"@type\":\"ImageObject\",\"inLanguage\":\"de\",\"@id\":\"https:\\\/\\\/www.hostin.sk\\\/de\\\/produkt\\\/vogelabwehr-fuer-solaranlagen-flexi\\\/#primaryimage\",\"url\":\"https:\\\/\\\/www.hostin.sk\\\/wp-content\\\/uploads\\\/2018\\\/03\\\/PL1T20F-160-1000-800x800-1.jpg\",\"contentUrl\":\"https:\\\/\\\/www.hostin.sk\\\/wp-content\\\/uploads\\\/2018\\\/03\\\/PL1T20F-160-1000-800x800-1.jpg\",\"width\":800,\"height\":800},{\"@type\":\"BreadcrumbList\",\"@id\":\"https:\\\/\\\/www.hostin.sk\\\/de\\\/produkt\\\/vogelabwehr-fuer-solaranlagen-flexi\\\/#breadcrumb\",\"itemListElement\":[{\"@type\":\"ListItem\",\"position\":1,\"name\":\"Domov\",\"item\":\"https:\\\/\\\/www.hostin.sk\\\/de\\\/\"},{\"@type\":\"ListItem\",\"position\":2,\"name\":\"E-shop\",\"item\":\"https:\\\/\\\/www.hostin.sk\\\/de\\\/e-shop\\\/\"},{\"@type\":\"ListItem\",\"position\":3,\"name\":\"Abwehrsysteme nach Ausf\u00fchrung\",\"item\":\"https:\\\/\\\/www.hostin.sk\\\/de\\\/produktkategorie\\\/abwehrsysteme-nach-ausfuehrung\\\/\"},{\"@type\":\"ListItem\",\"position\":4,\"name\":\"Spike-System\",\"item\":\"https:\\\/\\\/www.hostin.sk\\\/de\\\/produktkategorie\\\/abwehrsysteme-nach-ausfuehrung\\\/spike-system\\\/\"},{\"@type\":\"ListItem\",\"position\":5,\"name\":\"1-reihige Spitzenabwehr\",\"item\":\"https:\\\/\\\/www.hostin.sk\\\/de\\\/produktkategorie\\\/abwehrsysteme-nach-ausfuehrung\\\/spike-system\\\/1-reihige-spitzenabwehr\\\/\"},{\"@type\":\"ListItem\",\"position\":6,\"name\":\"Vogelabwehr f\u00fcr Solaranlagen FLEXI\"}]},{\"@type\":\"WebSite\",\"@id\":\"https:\\\/\\\/www.hostin.sk\\\/#website\",\"url\":\"https:\\\/\\\/www.hostin.sk\\\/\",\"name\":\"HOSTIN\",\"description\":\"Hroty proti vt\u00e1kom\",\"potentialAction\":[{\"@type\":\"SearchAction\",\"target\":{\"@type\":\"EntryPoint\",\"urlTemplate\":\"https:\\\/\\\/www.hostin.sk\\\/?s={search_term_string}\"},\"query-input\":{\"@type\":\"PropertyValueSpecification\",\"valueRequired\":true,\"valueName\":\"search_term_string\"}}],\"inLanguage\":\"de\"}]}<\/script>\n<!-- \/ Yoast SEO plugin. -->","yoast_head_json":{"title":"Vogelabwehr f\u00fcr Solaranlagen FLEXI - HOSTIN","description":"Kolektorov\u00e9 z\u00e1brany s\u00fa efekt\u00edvnym rie\u0161en\u00edm na zabr\u00e1nenie hniezdenia vt\u00e1kov pod sol\u00e1rnymi modulmi, \u010d\u00edm chr\u00e1nia fotovoltick\u00e9 syst\u00e9my pred prehrievan\u00edm.","robots":{"index":"index","follow":"follow","max-snippet":"max-snippet:-1","max-image-preview":"max-image-preview:large","max-video-preview":"max-video-preview:-1"},"canonical":"https:\/\/www.hostin.sk\/de\/produkt\/vogelabwehr-fuer-solaranlagen-flexi\/","og_locale":"de_DE","og_type":"article","og_title":"Vogelabwehr f\u00fcr Solaranlagen FLEXI - HOSTIN","og_description":"Kolektorov\u00e9 z\u00e1brany s\u00fa efekt\u00edvnym rie\u0161en\u00edm na zabr\u00e1nenie hniezdenia vt\u00e1kov pod sol\u00e1rnymi modulmi, \u010d\u00edm chr\u00e1nia fotovoltick\u00e9 syst\u00e9my pred prehrievan\u00edm.","og_url":"https:\/\/www.hostin.sk\/de\/produkt\/vogelabwehr-fuer-solaranlagen-flexi\/","og_site_name":"HOSTIN","article_modified_time":"2025-03-12T17:36:22+00:00","og_image":[{"width":800,"height":800,"url":"https:\/\/www.hostin.sk\/wp-content\/uploads\/2018\/03\/PL1T20F-160-1000-800x800-1.jpg","type":"image\/jpeg"}],"twitter_card":"summary_large_image","twitter_misc":{"Gesch\u00e4tzte Lesezeit":"2\u00a0Minuten"},"schema":{"@context":"https:\/\/schema.org","@graph":[{"@type":"WebPage","@id":"https:\/\/www.hostin.sk\/de\/produkt\/vogelabwehr-fuer-solaranlagen-flexi\/","url":"https:\/\/www.hostin.sk\/de\/produkt\/vogelabwehr-fuer-solaranlagen-flexi\/","name":"Vogelabwehr f\u00fcr Solaranlagen FLEXI - HOSTIN","isPartOf":{"@id":"https:\/\/www.hostin.sk\/#website"},"primaryImageOfPage":{"@id":"https:\/\/www.hostin.sk\/de\/produkt\/vogelabwehr-fuer-solaranlagen-flexi\/#primaryimage"},"image":{"@id":"https:\/\/www.hostin.sk\/de\/produkt\/vogelabwehr-fuer-solaranlagen-flexi\/#primaryimage"},"thumbnailUrl":"https:\/\/www.hostin.sk\/wp-content\/uploads\/2018\/03\/PL1T20F-160-1000-800x800-1.jpg","datePublished":"2018-03-19T14:10:34+00:00","dateModified":"2025-03-12T17:36:22+00:00","description":"Kolektorov\u00e9 z\u00e1brany s\u00fa efekt\u00edvnym rie\u0161en\u00edm na zabr\u00e1nenie hniezdenia vt\u00e1kov pod sol\u00e1rnymi modulmi, \u010d\u00edm chr\u00e1nia fotovoltick\u00e9 syst\u00e9my pred prehrievan\u00edm.","breadcrumb":{"@id":"https:\/\/www.hostin.sk\/de\/produkt\/vogelabwehr-fuer-solaranlagen-flexi\/#breadcrumb"},"inLanguage":"de","potentialAction":[{"@type":"ReadAction","target":["https:\/\/www.hostin.sk\/de\/produkt\/vogelabwehr-fuer-solaranlagen-flexi\/"]}]},{"@type":"ImageObject","inLanguage":"de","@id":"https:\/\/www.hostin.sk\/de\/produkt\/vogelabwehr-fuer-solaranlagen-flexi\/#primaryimage","url":"https:\/\/www.hostin.sk\/wp-content\/uploads\/2018\/03\/PL1T20F-160-1000-800x800-1.jpg","contentUrl":"https:\/\/www.hostin.sk\/wp-content\/uploads\/2018\/03\/PL1T20F-160-1000-800x800-1.jpg","width":800,"height":800},{"@type":"BreadcrumbList","@id":"https:\/\/www.hostin.sk\/de\/produkt\/vogelabwehr-fuer-solaranlagen-flexi\/#breadcrumb","itemListElement":[{"@type":"ListItem","position":1,"name":"Domov","item":"https:\/\/www.hostin.sk\/de\/"},{"@type":"ListItem","position":2,"name":"E-shop","item":"https:\/\/www.hostin.sk\/de\/e-shop\/"},{"@type":"ListItem","position":3,"name":"Abwehrsysteme nach Ausf\u00fchrung","item":"https:\/\/www.hostin.sk\/de\/produktkategorie\/abwehrsysteme-nach-ausfuehrung\/"},{"@type":"ListItem","position":4,"name":"Spike-System","item":"https:\/\/www.hostin.sk\/de\/produktkategorie\/abwehrsysteme-nach-ausfuehrung\/spike-system\/"},{"@type":"ListItem","position":5,"name":"1-reihige Spitzenabwehr","item":"https:\/\/www.hostin.sk\/de\/produktkategorie\/abwehrsysteme-nach-ausfuehrung\/spike-system\/1-reihige-spitzenabwehr\/"},{"@type":"ListItem","position":6,"name":"Vogelabwehr f\u00fcr Solaranlagen FLEXI"}]},{"@type":"WebSite","@id":"https:\/\/www.hostin.sk\/#website","url":"https:\/\/www.hostin.sk\/","name":"HOSTIN","description":"Hroty proti vt\u00e1kom","potentialAction":[{"@type":"SearchAction","target":{"@type":"EntryPoint","urlTemplate":"https:\/\/www.hostin.sk\/?s={search_term_string}"},"query-input":{"@type":"PropertyValueSpecification","valueRequired":true,"valueName":"search_term_string"}}],"inLanguage":"de"}]}},"_links":{"self":[{"href":"https:\/\/www.hostin.sk\/de\/wp-json\/wp\/v2\/product\/9211","targetHints":{"allow":["GET"]}}],"collection":[{"href":"https:\/\/www.hostin.sk\/de\/wp-json\/wp\/v2\/product"}],"about":[{"href":"https:\/\/www.hostin.sk\/de\/wp-json\/wp\/v2\/types\/product"}],"wp:featuredmedia":[{"embeddable":true,"href":"https:\/\/www.hostin.sk\/de\/wp-json\/wp\/v2\/media\/8261"}],"wp:attachment":[{"href":"https:\/\/www.hostin.sk\/de\/wp-json\/wp\/v2\/media?parent=9211"}],"wp:term":[{"taxonomy":"product_brand","embeddable":true,"href":"https:\/\/www.hostin.sk\/de\/wp-json\/wp\/v2\/product_brand?post=9211"},{"taxonomy":"product_cat","embeddable":true,"href":"https:\/\/www.hostin.sk\/de\/wp-json\/wp\/v2\/product_cat?post=9211"},{"taxonomy":"product_tag","embeddable":true,"href":"https:\/\/www.hostin.sk\/de\/wp-json\/wp\/v2\/product_tag?post=9211"}],"curies":[{"name":"wp","href":"https:\/\/api.w.org\/{rel}","templated":true}]}}