{"id":9204,"date":"2018-03-19T15:09:23","date_gmt":"2018-03-19T14:09:23","guid":{"rendered":"https:\/\/www.hostin.sk\/produkt\/kolektorova-hrotova-zabrana-proti-vtakom-fix\/"},"modified":"2025-03-12T18:43:01","modified_gmt":"2025-03-12T17:43:01","slug":"vogelabwehr-fuer-solaranlagen-fix","status":"publish","type":"product","link":"https:\/\/www.hostin.sk\/de\/produkt\/vogelabwehr-fuer-solaranlagen-fix\/","title":{"rendered":"Vogelabwehr f\u00fcr Solaranlagen FIX"},"content":{"rendered":"<p>Unsere Vogelabwehrsysteme f\u00fcr Solaranlagen verhindern, dass V\u00f6gel sich unter den Solarmodulen verstecken oder dort nisten. Das Nisten unter Solarmodulen kann die Luftzirkulation einschr\u00e4nken, was zu einer \u00dcberhitzung der Module und damit zu Leistungsverlusten des Photovoltaiksystems f\u00fchrt.\u00a0Zu dieser Kategorie geh\u00f6ren neben einreihigen Vogelabwehrsystemen mit festen Spitzen auch\u00a0 <a href=\"https:\/\/www.hostin.sk\/produkt\/kolektorovy-flexi-hrotovy-system-proti-vtakom\/\"><u>Flexi-Systeme<\/u><\/a>, bei denen die L\u00e4nge der Spitzen w\u00e4hrend der Montage individuell angepasst werden kann (verschiebbare Spitzen).<\/p>\n<p><strong>In\u0161tal\u00e1cia<\/strong><\/p>\n<p>Unsere Vogelabwehr mit Spitzen bietet eine dauerhafte Wirksamkeit in Kombination mit einer\u00a0<strong>einfachen Montage<\/strong>. Vor der Installation sollte die Oberfl\u00e4che gr\u00fcndlich gereinigt und\u00a0<a href=\"https:\/\/www.hostin.sk\/produkt\/odmastovac-technicky-benzin-1-l\/\">entfettet<\/a>\u00a0werden.\u00a0Die Befestigung der Schutzbarriere erfolgt durch\u00a0<a href=\"https:\/\/www.hostin.sk\/produkt\/mamut-glue-clear-uv-290ml\/\">Verklebung<\/a>\u00a0am Rahmen des Solarmoduls. Die einreihige Schutzvorrichtung f\u00fcr Photovoltaik- oder Solarthermie-Module verhindert, dass Tauben und andere V\u00f6gel unter die Solarpaneele gelangen und dort Nester bauen.\u00a0Die robusten und stabilen Spitzen stellen eine effektive physische Barriere dar und verhindern, dass V\u00f6gel in den Zwischenraum zwischen Dach und Solarmodul eindringen.\u00a0Unsere Vogelabwehrsysteme sind in verschiedenen H\u00f6hen erh\u00e4ltlich, wodurch sich auch der Preis entsprechend anpasst. Die L\u00e4nge einer Schutzbarriere betr\u00e4gt 1 Meter. Diese Schutzsysteme bieten wir auch in der\u00a0<a href=\"https:\/\/www.hostin.sk\/de\/produkt\/kolektorova-hrotova-zabrana-proti-vtakom-fix\/\">FLEXI-Variante<\/a>\u00a0an.<\/p>\n","protected":false},"excerpt":{"rendered":"<p>FIX Voll-Edelstahl-Vogelabwehr f\u00fcr Solarmodule \u2013 speziell entwickelt f\u00fcr den Schutz von Photovoltaikanlagen.<\/p>\n","protected":false},"featured_media":8297,"template":"","meta":{"_acf_changed":false},"product_brand":[],"product_cat":[112,137],"product_tag":[],"class_list":{"0":"post-9204","1":"product","2":"type-product","3":"status-publish","4":"has-post-thumbnail","6":"product_cat-1-reihige-spitzenabwehr","7":"product_cat-fuer-solaranlagen","9":"first","10":"instock","11":"taxable","12":"shipping-taxable","13":"purchasable","14":"product-type-variable"},"acf":[],"yoast_head":"<!-- This site is optimized with the Yoast SEO plugin v27.4 - https:\/\/yoast.com\/product\/yoast-seo-wordpress\/ -->\n<title>Vogelabwehr f\u00fcr Solaranlagen FIX - HOSTIN<\/title>\n<meta name=\"description\" content=\"Kolektorov\u00e9 z\u00e1brany efekt\u00edvne br\u00e1nia vt\u00e1kom v podlietavan\u00ed pod sol\u00e1rne moduly, \u010d\u00edm zabra\u0148uj\u00fa zni\u017eovaniu pr\u00fadenia vzduchu a prehrievaniu panelov.\" \/>\n<meta name=\"robots\" content=\"index, follow, max-snippet:-1, max-image-preview:large, max-video-preview:-1\" \/>\n<link rel=\"canonical\" href=\"https:\/\/www.hostin.sk\/de\/produkt\/vogelabwehr-fuer-solaranlagen-fix\/\" \/>\n<meta property=\"og:locale\" content=\"de_DE\" \/>\n<meta property=\"og:type\" content=\"article\" \/>\n<meta property=\"og:title\" content=\"Vogelabwehr f\u00fcr Solaranlagen FIX - HOSTIN\" \/>\n<meta property=\"og:description\" content=\"Kolektorov\u00e9 z\u00e1brany efekt\u00edvne br\u00e1nia vt\u00e1kom v podlietavan\u00ed pod sol\u00e1rne moduly, \u010d\u00edm zabra\u0148uj\u00fa zni\u017eovaniu pr\u00fadenia vzduchu a prehrievaniu panelov.\" \/>\n<meta property=\"og:url\" content=\"https:\/\/www.hostin.sk\/de\/produkt\/vogelabwehr-fuer-solaranlagen-fix\/\" \/>\n<meta property=\"og:site_name\" content=\"HOSTIN\" \/>\n<meta property=\"article:modified_time\" content=\"2025-03-12T17:43:01+00:00\" \/>\n<meta property=\"og:image\" content=\"https:\/\/www.hostin.sk\/wp-content\/uploads\/2018\/03\/PL1T20K-125-1000-800x800-1.jpg\" \/>\n\t<meta property=\"og:image:width\" content=\"800\" \/>\n\t<meta property=\"og:image:height\" content=\"800\" \/>\n\t<meta property=\"og:image:type\" content=\"image\/jpeg\" \/>\n<meta name=\"twitter:card\" content=\"summary_large_image\" \/>\n<meta name=\"twitter:label1\" content=\"Gesch\u00e4tzte Lesezeit\" \/>\n\t<meta name=\"twitter:data1\" content=\"2\u00a0Minuten\" \/>\n<script type=\"application\/ld+json\" class=\"yoast-schema-graph\">{\"@context\":\"https:\\\/\\\/schema.org\",\"@graph\":[{\"@type\":\"WebPage\",\"@id\":\"https:\\\/\\\/www.hostin.sk\\\/de\\\/produkt\\\/vogelabwehr-fuer-solaranlagen-fix\\\/\",\"url\":\"https:\\\/\\\/www.hostin.sk\\\/de\\\/produkt\\\/vogelabwehr-fuer-solaranlagen-fix\\\/\",\"name\":\"Vogelabwehr f\u00fcr Solaranlagen FIX - HOSTIN\",\"isPartOf\":{\"@id\":\"https:\\\/\\\/www.hostin.sk\\\/#website\"},\"primaryImageOfPage\":{\"@id\":\"https:\\\/\\\/www.hostin.sk\\\/de\\\/produkt\\\/vogelabwehr-fuer-solaranlagen-fix\\\/#primaryimage\"},\"image\":{\"@id\":\"https:\\\/\\\/www.hostin.sk\\\/de\\\/produkt\\\/vogelabwehr-fuer-solaranlagen-fix\\\/#primaryimage\"},\"thumbnailUrl\":\"https:\\\/\\\/www.hostin.sk\\\/wp-content\\\/uploads\\\/2018\\\/03\\\/PL1T20K-125-1000-800x800-1.jpg\",\"datePublished\":\"2018-03-19T14:09:23+00:00\",\"dateModified\":\"2025-03-12T17:43:01+00:00\",\"description\":\"Kolektorov\u00e9 z\u00e1brany efekt\u00edvne br\u00e1nia vt\u00e1kom v podlietavan\u00ed pod sol\u00e1rne moduly, \u010d\u00edm zabra\u0148uj\u00fa zni\u017eovaniu pr\u00fadenia vzduchu a prehrievaniu panelov.\",\"breadcrumb\":{\"@id\":\"https:\\\/\\\/www.hostin.sk\\\/de\\\/produkt\\\/vogelabwehr-fuer-solaranlagen-fix\\\/#breadcrumb\"},\"inLanguage\":\"de\",\"potentialAction\":[{\"@type\":\"ReadAction\",\"target\":[\"https:\\\/\\\/www.hostin.sk\\\/de\\\/produkt\\\/vogelabwehr-fuer-solaranlagen-fix\\\/\"]}]},{\"@type\":\"ImageObject\",\"inLanguage\":\"de\",\"@id\":\"https:\\\/\\\/www.hostin.sk\\\/de\\\/produkt\\\/vogelabwehr-fuer-solaranlagen-fix\\\/#primaryimage\",\"url\":\"https:\\\/\\\/www.hostin.sk\\\/wp-content\\\/uploads\\\/2018\\\/03\\\/PL1T20K-125-1000-800x800-1.jpg\",\"contentUrl\":\"https:\\\/\\\/www.hostin.sk\\\/wp-content\\\/uploads\\\/2018\\\/03\\\/PL1T20K-125-1000-800x800-1.jpg\",\"width\":800,\"height\":800},{\"@type\":\"BreadcrumbList\",\"@id\":\"https:\\\/\\\/www.hostin.sk\\\/de\\\/produkt\\\/vogelabwehr-fuer-solaranlagen-fix\\\/#breadcrumb\",\"itemListElement\":[{\"@type\":\"ListItem\",\"position\":1,\"name\":\"Domov\",\"item\":\"https:\\\/\\\/www.hostin.sk\\\/de\\\/\"},{\"@type\":\"ListItem\",\"position\":2,\"name\":\"E-shop\",\"item\":\"https:\\\/\\\/www.hostin.sk\\\/de\\\/e-shop\\\/\"},{\"@type\":\"ListItem\",\"position\":3,\"name\":\"Abwehrsysteme nach Ausf\u00fchrung\",\"item\":\"https:\\\/\\\/www.hostin.sk\\\/de\\\/produktkategorie\\\/abwehrsysteme-nach-ausfuehrung\\\/\"},{\"@type\":\"ListItem\",\"position\":4,\"name\":\"Spike-System\",\"item\":\"https:\\\/\\\/www.hostin.sk\\\/de\\\/produktkategorie\\\/abwehrsysteme-nach-ausfuehrung\\\/spike-system\\\/\"},{\"@type\":\"ListItem\",\"position\":5,\"name\":\"1-reihige Spitzenabwehr\",\"item\":\"https:\\\/\\\/www.hostin.sk\\\/de\\\/produktkategorie\\\/abwehrsysteme-nach-ausfuehrung\\\/spike-system\\\/1-reihige-spitzenabwehr\\\/\"},{\"@type\":\"ListItem\",\"position\":6,\"name\":\"Vogelabwehr f\u00fcr Solaranlagen FIX\"}]},{\"@type\":\"WebSite\",\"@id\":\"https:\\\/\\\/www.hostin.sk\\\/#website\",\"url\":\"https:\\\/\\\/www.hostin.sk\\\/\",\"name\":\"HOSTIN\",\"description\":\"Hroty proti vt\u00e1kom\",\"potentialAction\":[{\"@type\":\"SearchAction\",\"target\":{\"@type\":\"EntryPoint\",\"urlTemplate\":\"https:\\\/\\\/www.hostin.sk\\\/?s={search_term_string}\"},\"query-input\":{\"@type\":\"PropertyValueSpecification\",\"valueRequired\":true,\"valueName\":\"search_term_string\"}}],\"inLanguage\":\"de\"}]}<\/script>\n<!-- \/ Yoast SEO plugin. -->","yoast_head_json":{"title":"Vogelabwehr f\u00fcr Solaranlagen FIX - HOSTIN","description":"Kolektorov\u00e9 z\u00e1brany efekt\u00edvne br\u00e1nia vt\u00e1kom v podlietavan\u00ed pod sol\u00e1rne moduly, \u010d\u00edm zabra\u0148uj\u00fa zni\u017eovaniu pr\u00fadenia vzduchu a prehrievaniu panelov.","robots":{"index":"index","follow":"follow","max-snippet":"max-snippet:-1","max-image-preview":"max-image-preview:large","max-video-preview":"max-video-preview:-1"},"canonical":"https:\/\/www.hostin.sk\/de\/produkt\/vogelabwehr-fuer-solaranlagen-fix\/","og_locale":"de_DE","og_type":"article","og_title":"Vogelabwehr f\u00fcr Solaranlagen FIX - HOSTIN","og_description":"Kolektorov\u00e9 z\u00e1brany efekt\u00edvne br\u00e1nia vt\u00e1kom v podlietavan\u00ed pod sol\u00e1rne moduly, \u010d\u00edm zabra\u0148uj\u00fa zni\u017eovaniu pr\u00fadenia vzduchu a prehrievaniu panelov.","og_url":"https:\/\/www.hostin.sk\/de\/produkt\/vogelabwehr-fuer-solaranlagen-fix\/","og_site_name":"HOSTIN","article_modified_time":"2025-03-12T17:43:01+00:00","og_image":[{"width":800,"height":800,"url":"https:\/\/www.hostin.sk\/wp-content\/uploads\/2018\/03\/PL1T20K-125-1000-800x800-1.jpg","type":"image\/jpeg"}],"twitter_card":"summary_large_image","twitter_misc":{"Gesch\u00e4tzte Lesezeit":"2\u00a0Minuten"},"schema":{"@context":"https:\/\/schema.org","@graph":[{"@type":"WebPage","@id":"https:\/\/www.hostin.sk\/de\/produkt\/vogelabwehr-fuer-solaranlagen-fix\/","url":"https:\/\/www.hostin.sk\/de\/produkt\/vogelabwehr-fuer-solaranlagen-fix\/","name":"Vogelabwehr f\u00fcr Solaranlagen FIX - HOSTIN","isPartOf":{"@id":"https:\/\/www.hostin.sk\/#website"},"primaryImageOfPage":{"@id":"https:\/\/www.hostin.sk\/de\/produkt\/vogelabwehr-fuer-solaranlagen-fix\/#primaryimage"},"image":{"@id":"https:\/\/www.hostin.sk\/de\/produkt\/vogelabwehr-fuer-solaranlagen-fix\/#primaryimage"},"thumbnailUrl":"https:\/\/www.hostin.sk\/wp-content\/uploads\/2018\/03\/PL1T20K-125-1000-800x800-1.jpg","datePublished":"2018-03-19T14:09:23+00:00","dateModified":"2025-03-12T17:43:01+00:00","description":"Kolektorov\u00e9 z\u00e1brany efekt\u00edvne br\u00e1nia vt\u00e1kom v podlietavan\u00ed pod sol\u00e1rne moduly, \u010d\u00edm zabra\u0148uj\u00fa zni\u017eovaniu pr\u00fadenia vzduchu a prehrievaniu panelov.","breadcrumb":{"@id":"https:\/\/www.hostin.sk\/de\/produkt\/vogelabwehr-fuer-solaranlagen-fix\/#breadcrumb"},"inLanguage":"de","potentialAction":[{"@type":"ReadAction","target":["https:\/\/www.hostin.sk\/de\/produkt\/vogelabwehr-fuer-solaranlagen-fix\/"]}]},{"@type":"ImageObject","inLanguage":"de","@id":"https:\/\/www.hostin.sk\/de\/produkt\/vogelabwehr-fuer-solaranlagen-fix\/#primaryimage","url":"https:\/\/www.hostin.sk\/wp-content\/uploads\/2018\/03\/PL1T20K-125-1000-800x800-1.jpg","contentUrl":"https:\/\/www.hostin.sk\/wp-content\/uploads\/2018\/03\/PL1T20K-125-1000-800x800-1.jpg","width":800,"height":800},{"@type":"BreadcrumbList","@id":"https:\/\/www.hostin.sk\/de\/produkt\/vogelabwehr-fuer-solaranlagen-fix\/#breadcrumb","itemListElement":[{"@type":"ListItem","position":1,"name":"Domov","item":"https:\/\/www.hostin.sk\/de\/"},{"@type":"ListItem","position":2,"name":"E-shop","item":"https:\/\/www.hostin.sk\/de\/e-shop\/"},{"@type":"ListItem","position":3,"name":"Abwehrsysteme nach Ausf\u00fchrung","item":"https:\/\/www.hostin.sk\/de\/produktkategorie\/abwehrsysteme-nach-ausfuehrung\/"},{"@type":"ListItem","position":4,"name":"Spike-System","item":"https:\/\/www.hostin.sk\/de\/produktkategorie\/abwehrsysteme-nach-ausfuehrung\/spike-system\/"},{"@type":"ListItem","position":5,"name":"1-reihige Spitzenabwehr","item":"https:\/\/www.hostin.sk\/de\/produktkategorie\/abwehrsysteme-nach-ausfuehrung\/spike-system\/1-reihige-spitzenabwehr\/"},{"@type":"ListItem","position":6,"name":"Vogelabwehr f\u00fcr Solaranlagen FIX"}]},{"@type":"WebSite","@id":"https:\/\/www.hostin.sk\/#website","url":"https:\/\/www.hostin.sk\/","name":"HOSTIN","description":"Hroty proti vt\u00e1kom","potentialAction":[{"@type":"SearchAction","target":{"@type":"EntryPoint","urlTemplate":"https:\/\/www.hostin.sk\/?s={search_term_string}"},"query-input":{"@type":"PropertyValueSpecification","valueRequired":true,"valueName":"search_term_string"}}],"inLanguage":"de"}]}},"_links":{"self":[{"href":"https:\/\/www.hostin.sk\/de\/wp-json\/wp\/v2\/product\/9204","targetHints":{"allow":["GET"]}}],"collection":[{"href":"https:\/\/www.hostin.sk\/de\/wp-json\/wp\/v2\/product"}],"about":[{"href":"https:\/\/www.hostin.sk\/de\/wp-json\/wp\/v2\/types\/product"}],"wp:featuredmedia":[{"embeddable":true,"href":"https:\/\/www.hostin.sk\/de\/wp-json\/wp\/v2\/media\/8297"}],"wp:attachment":[{"href":"https:\/\/www.hostin.sk\/de\/wp-json\/wp\/v2\/media?parent=9204"}],"wp:term":[{"taxonomy":"product_brand","embeddable":true,"href":"https:\/\/www.hostin.sk\/de\/wp-json\/wp\/v2\/product_brand?post=9204"},{"taxonomy":"product_cat","embeddable":true,"href":"https:\/\/www.hostin.sk\/de\/wp-json\/wp\/v2\/product_cat?post=9204"},{"taxonomy":"product_tag","embeddable":true,"href":"https:\/\/www.hostin.sk\/de\/wp-json\/wp\/v2\/product_tag?post=9204"}],"curies":[{"name":"wp","href":"https:\/\/api.w.org\/{rel}","templated":true}]}}