{"id":9203,"date":"2018-03-19T14:38:08","date_gmt":"2018-03-19T13:38:08","guid":{"rendered":"https:\/\/www.hostin.sk\/produkt\/jednoradova-hrotova-zabrana-proti-vtakom\/"},"modified":"2025-03-12T15:51:05","modified_gmt":"2025-03-12T14:51:05","slug":"einreihige-spitzenabwehr-gegen-voegel","status":"publish","type":"product","link":"https:\/\/www.hostin.sk\/de\/produkt\/einreihige-spitzenabwehr-gegen-voegel\/","title":{"rendered":"Einreihige Spitzenabwehr gegen V\u00f6gel"},"content":{"rendered":"<p>Edelstahlvogelabwehr in Form von Spitzen geh\u00f6ren zu den am h\u00e4ufigsten verwendeten Vogelabwehrsystemen.\u00a0Sie werden zum Schutz von Fassaden, Regenrinnen, Balken oder anderen ebenen Fl\u00e4chen eingesetzt. Die Spikes\u00a0<strong>verhindern mechanisch<\/strong>\u00a0den Zugang von\u00a0<strong>V\u00f6geln<\/strong> (z. B. Tauben, Rauch-, Mehlschwalben, Kr\u00e4hen usw.) zu gesch\u00fctzten Bereichen, unterbinden den Nestbau und vermeiden die Ansammlung von Vogelkot. Schmalere einreihige Spikes eignen sich ideal f\u00fcr Metallkonstruktionen, Konsolen, Tr\u00e4ger und andere schmale Fl\u00e4chen. Sie lassen sich auf verschiedensten Materialien wie Holz, Metall, Beton und Kunststoff befestigen. F\u00fcr breitere Bereiche sind\u00a0<a href=\"https:\/\/www.hostin.sk\/produkt\/2-radovy-hrotovy-system-proti-vtakom\/\">zweireihige<\/a> oder <a href=\"https:\/\/www.hostin.sk\/produkt\/4-radovy-hrotovy-system-proti-vtakom\/\">vierreihige<\/a> Spikesysteme verf\u00fcgbar, die eine noch effektivere Abwehr bieten.<\/p>\n<p><strong>Installation<\/strong><\/p>\n<p>Ein gro\u00dfer Vorteil der Spitzenabwehr gegen V\u00f6gel ist ihre dauerhafte Wirksamkeit in Kombination mit einer\u00a0<strong>einfachen Installation<\/strong>. Der Grundtr\u00e4ger kann mit einer Blechschere auf die gew\u00fcnschte L\u00e4nge zugeschnitten werden. Wir empfehlen, diese Art von Schutzbarrieren mit einem <a href=\"https:\/\/www.hostin.sk\/produkt\/mamut-glue-clear-uv-290ml\/\">spezialisierten, hochbest\u00e4ndigen Klebstoff<\/a> zu befestigen. Vor der Montage sollte die Oberfl\u00e4che gr\u00fcndlich gereinigt und <a href=\"https:\/\/www.hostin.sk\/produkt\/odmastovac-technicky-benzin-1-l\/\">entfettet<\/a> werden.<\/p>\n","protected":false},"excerpt":{"rendered":"<p>Voll-Edelstahl-Vogelabwehr mit einreihigen Spitzen f\u00fcr schmale Fl\u00e4chen (Schutzbreite bis 6 cm).\u00a0Ideal geeignet zum Schutz von Konsolen und Tr\u00e4gern. Diese L\u00f6sung sch\u00fctzt effektiv schmale, offene Fl\u00e4chen sowie einseitig geschlossene Bereiche vor Vogelnestern und Verschmutzungen.<\/p>\n","protected":false},"featured_media":7211,"template":"","meta":{"_acf_changed":false},"product_brand":[],"product_cat":[112,139,143],"product_tag":[],"class_list":{"0":"post-9203","1":"product","2":"type-product","3":"status-publish","4":"has-post-thumbnail","6":"product_cat-1-reihige-spitzenabwehr","7":"product_cat-fuer-metallkonstruktionen-fuer-schmale-bereiche","8":"product_cat-gegen-tauben","10":"first","11":"instock","12":"taxable","13":"shipping-taxable","14":"purchasable","15":"product-type-simple"},"acf":[],"yoast_head":"<!-- This site is optimized with the Yoast SEO plugin v27.4 - https:\/\/yoast.com\/product\/yoast-seo-wordpress\/ -->\n<title>Einreihige Spitzenabwehr gegen V\u00f6gel - HOSTIN<\/title>\n<meta name=\"description\" content=\"Nerezov\u00e1 hrotov\u00e1 z\u00e1brana je efekt\u00edvna ochrana proti vt\u00e1kom, ktor\u00e1 br\u00e1ni ich prist\u00e1vaniu, hniezdeniu a zne\u010dis\u0165ovaniu fas\u00e1d, odkvapov, tr\u00e1mov a in\u00fdch pl\u00f4ch.\" \/>\n<meta name=\"robots\" content=\"index, follow, max-snippet:-1, max-image-preview:large, max-video-preview:-1\" \/>\n<link rel=\"canonical\" href=\"https:\/\/www.hostin.sk\/de\/produkt\/einreihige-spitzenabwehr-gegen-voegel\/\" \/>\n<meta property=\"og:locale\" content=\"de_DE\" \/>\n<meta property=\"og:type\" content=\"article\" \/>\n<meta property=\"og:title\" content=\"Einreihige Spitzenabwehr gegen V\u00f6gel - HOSTIN\" \/>\n<meta property=\"og:description\" content=\"Nerezov\u00e1 hrotov\u00e1 z\u00e1brana je efekt\u00edvna ochrana proti vt\u00e1kom, ktor\u00e1 br\u00e1ni ich prist\u00e1vaniu, hniezdeniu a zne\u010dis\u0165ovaniu fas\u00e1d, odkvapov, tr\u00e1mov a in\u00fdch pl\u00f4ch.\" \/>\n<meta property=\"og:url\" content=\"https:\/\/www.hostin.sk\/de\/produkt\/einreihige-spitzenabwehr-gegen-voegel\/\" \/>\n<meta property=\"og:site_name\" content=\"HOSTIN\" \/>\n<meta property=\"article:modified_time\" content=\"2025-03-12T14:51:05+00:00\" \/>\n<meta property=\"og:image\" content=\"https:\/\/www.hostin.sk\/wp-content\/uploads\/2024\/05\/PL1T18S-115-1000-800x800-1.jpg\" \/>\n\t<meta property=\"og:image:width\" content=\"800\" \/>\n\t<meta property=\"og:image:height\" content=\"800\" \/>\n\t<meta property=\"og:image:type\" content=\"image\/jpeg\" \/>\n<meta name=\"twitter:card\" content=\"summary_large_image\" \/>\n<meta name=\"twitter:label1\" content=\"Gesch\u00e4tzte Lesezeit\" \/>\n\t<meta name=\"twitter:data1\" content=\"2\u00a0Minuten\" \/>\n<script type=\"application\/ld+json\" class=\"yoast-schema-graph\">{\"@context\":\"https:\\\/\\\/schema.org\",\"@graph\":[{\"@type\":\"WebPage\",\"@id\":\"https:\\\/\\\/www.hostin.sk\\\/de\\\/produkt\\\/einreihige-spitzenabwehr-gegen-voegel\\\/\",\"url\":\"https:\\\/\\\/www.hostin.sk\\\/de\\\/produkt\\\/einreihige-spitzenabwehr-gegen-voegel\\\/\",\"name\":\"Einreihige Spitzenabwehr gegen V\u00f6gel - HOSTIN\",\"isPartOf\":{\"@id\":\"https:\\\/\\\/www.hostin.sk\\\/#website\"},\"primaryImageOfPage\":{\"@id\":\"https:\\\/\\\/www.hostin.sk\\\/de\\\/produkt\\\/einreihige-spitzenabwehr-gegen-voegel\\\/#primaryimage\"},\"image\":{\"@id\":\"https:\\\/\\\/www.hostin.sk\\\/de\\\/produkt\\\/einreihige-spitzenabwehr-gegen-voegel\\\/#primaryimage\"},\"thumbnailUrl\":\"https:\\\/\\\/www.hostin.sk\\\/wp-content\\\/uploads\\\/2024\\\/05\\\/PL1T18S-115-1000-800x800-1.jpg\",\"datePublished\":\"2018-03-19T13:38:08+00:00\",\"dateModified\":\"2025-03-12T14:51:05+00:00\",\"description\":\"Nerezov\u00e1 hrotov\u00e1 z\u00e1brana je efekt\u00edvna ochrana proti vt\u00e1kom, ktor\u00e1 br\u00e1ni ich prist\u00e1vaniu, hniezdeniu a zne\u010dis\u0165ovaniu fas\u00e1d, odkvapov, tr\u00e1mov a in\u00fdch pl\u00f4ch.\",\"breadcrumb\":{\"@id\":\"https:\\\/\\\/www.hostin.sk\\\/de\\\/produkt\\\/einreihige-spitzenabwehr-gegen-voegel\\\/#breadcrumb\"},\"inLanguage\":\"de\",\"potentialAction\":[{\"@type\":\"ReadAction\",\"target\":[\"https:\\\/\\\/www.hostin.sk\\\/de\\\/produkt\\\/einreihige-spitzenabwehr-gegen-voegel\\\/\"]}]},{\"@type\":\"ImageObject\",\"inLanguage\":\"de\",\"@id\":\"https:\\\/\\\/www.hostin.sk\\\/de\\\/produkt\\\/einreihige-spitzenabwehr-gegen-voegel\\\/#primaryimage\",\"url\":\"https:\\\/\\\/www.hostin.sk\\\/wp-content\\\/uploads\\\/2024\\\/05\\\/PL1T18S-115-1000-800x800-1.jpg\",\"contentUrl\":\"https:\\\/\\\/www.hostin.sk\\\/wp-content\\\/uploads\\\/2024\\\/05\\\/PL1T18S-115-1000-800x800-1.jpg\",\"width\":800,\"height\":800},{\"@type\":\"BreadcrumbList\",\"@id\":\"https:\\\/\\\/www.hostin.sk\\\/de\\\/produkt\\\/einreihige-spitzenabwehr-gegen-voegel\\\/#breadcrumb\",\"itemListElement\":[{\"@type\":\"ListItem\",\"position\":1,\"name\":\"Domov\",\"item\":\"https:\\\/\\\/www.hostin.sk\\\/de\\\/\"},{\"@type\":\"ListItem\",\"position\":2,\"name\":\"E-shop\",\"item\":\"https:\\\/\\\/www.hostin.sk\\\/de\\\/e-shop\\\/\"},{\"@type\":\"ListItem\",\"position\":3,\"name\":\"Abwehrsysteme nach Ausf\u00fchrung\",\"item\":\"https:\\\/\\\/www.hostin.sk\\\/de\\\/produktkategorie\\\/abwehrsysteme-nach-ausfuehrung\\\/\"},{\"@type\":\"ListItem\",\"position\":4,\"name\":\"Spike-System\",\"item\":\"https:\\\/\\\/www.hostin.sk\\\/de\\\/produktkategorie\\\/abwehrsysteme-nach-ausfuehrung\\\/spike-system\\\/\"},{\"@type\":\"ListItem\",\"position\":5,\"name\":\"1-reihige Spitzenabwehr\",\"item\":\"https:\\\/\\\/www.hostin.sk\\\/de\\\/produktkategorie\\\/abwehrsysteme-nach-ausfuehrung\\\/spike-system\\\/1-reihige-spitzenabwehr\\\/\"},{\"@type\":\"ListItem\",\"position\":6,\"name\":\"Einreihige Spitzenabwehr gegen V\u00f6gel\"}]},{\"@type\":\"WebSite\",\"@id\":\"https:\\\/\\\/www.hostin.sk\\\/#website\",\"url\":\"https:\\\/\\\/www.hostin.sk\\\/\",\"name\":\"HOSTIN\",\"description\":\"Hroty proti vt\u00e1kom\",\"potentialAction\":[{\"@type\":\"SearchAction\",\"target\":{\"@type\":\"EntryPoint\",\"urlTemplate\":\"https:\\\/\\\/www.hostin.sk\\\/?s={search_term_string}\"},\"query-input\":{\"@type\":\"PropertyValueSpecification\",\"valueRequired\":true,\"valueName\":\"search_term_string\"}}],\"inLanguage\":\"de\"}]}<\/script>\n<!-- \/ Yoast SEO plugin. -->","yoast_head_json":{"title":"Einreihige Spitzenabwehr gegen V\u00f6gel - HOSTIN","description":"Nerezov\u00e1 hrotov\u00e1 z\u00e1brana je efekt\u00edvna ochrana proti vt\u00e1kom, ktor\u00e1 br\u00e1ni ich prist\u00e1vaniu, hniezdeniu a zne\u010dis\u0165ovaniu fas\u00e1d, odkvapov, tr\u00e1mov a in\u00fdch pl\u00f4ch.","robots":{"index":"index","follow":"follow","max-snippet":"max-snippet:-1","max-image-preview":"max-image-preview:large","max-video-preview":"max-video-preview:-1"},"canonical":"https:\/\/www.hostin.sk\/de\/produkt\/einreihige-spitzenabwehr-gegen-voegel\/","og_locale":"de_DE","og_type":"article","og_title":"Einreihige Spitzenabwehr gegen V\u00f6gel - HOSTIN","og_description":"Nerezov\u00e1 hrotov\u00e1 z\u00e1brana je efekt\u00edvna ochrana proti vt\u00e1kom, ktor\u00e1 br\u00e1ni ich prist\u00e1vaniu, hniezdeniu a zne\u010dis\u0165ovaniu fas\u00e1d, odkvapov, tr\u00e1mov a in\u00fdch pl\u00f4ch.","og_url":"https:\/\/www.hostin.sk\/de\/produkt\/einreihige-spitzenabwehr-gegen-voegel\/","og_site_name":"HOSTIN","article_modified_time":"2025-03-12T14:51:05+00:00","og_image":[{"width":800,"height":800,"url":"https:\/\/www.hostin.sk\/wp-content\/uploads\/2024\/05\/PL1T18S-115-1000-800x800-1.jpg","type":"image\/jpeg"}],"twitter_card":"summary_large_image","twitter_misc":{"Gesch\u00e4tzte Lesezeit":"2\u00a0Minuten"},"schema":{"@context":"https:\/\/schema.org","@graph":[{"@type":"WebPage","@id":"https:\/\/www.hostin.sk\/de\/produkt\/einreihige-spitzenabwehr-gegen-voegel\/","url":"https:\/\/www.hostin.sk\/de\/produkt\/einreihige-spitzenabwehr-gegen-voegel\/","name":"Einreihige Spitzenabwehr gegen V\u00f6gel - HOSTIN","isPartOf":{"@id":"https:\/\/www.hostin.sk\/#website"},"primaryImageOfPage":{"@id":"https:\/\/www.hostin.sk\/de\/produkt\/einreihige-spitzenabwehr-gegen-voegel\/#primaryimage"},"image":{"@id":"https:\/\/www.hostin.sk\/de\/produkt\/einreihige-spitzenabwehr-gegen-voegel\/#primaryimage"},"thumbnailUrl":"https:\/\/www.hostin.sk\/wp-content\/uploads\/2024\/05\/PL1T18S-115-1000-800x800-1.jpg","datePublished":"2018-03-19T13:38:08+00:00","dateModified":"2025-03-12T14:51:05+00:00","description":"Nerezov\u00e1 hrotov\u00e1 z\u00e1brana je efekt\u00edvna ochrana proti vt\u00e1kom, ktor\u00e1 br\u00e1ni ich prist\u00e1vaniu, hniezdeniu a zne\u010dis\u0165ovaniu fas\u00e1d, odkvapov, tr\u00e1mov a in\u00fdch pl\u00f4ch.","breadcrumb":{"@id":"https:\/\/www.hostin.sk\/de\/produkt\/einreihige-spitzenabwehr-gegen-voegel\/#breadcrumb"},"inLanguage":"de","potentialAction":[{"@type":"ReadAction","target":["https:\/\/www.hostin.sk\/de\/produkt\/einreihige-spitzenabwehr-gegen-voegel\/"]}]},{"@type":"ImageObject","inLanguage":"de","@id":"https:\/\/www.hostin.sk\/de\/produkt\/einreihige-spitzenabwehr-gegen-voegel\/#primaryimage","url":"https:\/\/www.hostin.sk\/wp-content\/uploads\/2024\/05\/PL1T18S-115-1000-800x800-1.jpg","contentUrl":"https:\/\/www.hostin.sk\/wp-content\/uploads\/2024\/05\/PL1T18S-115-1000-800x800-1.jpg","width":800,"height":800},{"@type":"BreadcrumbList","@id":"https:\/\/www.hostin.sk\/de\/produkt\/einreihige-spitzenabwehr-gegen-voegel\/#breadcrumb","itemListElement":[{"@type":"ListItem","position":1,"name":"Domov","item":"https:\/\/www.hostin.sk\/de\/"},{"@type":"ListItem","position":2,"name":"E-shop","item":"https:\/\/www.hostin.sk\/de\/e-shop\/"},{"@type":"ListItem","position":3,"name":"Abwehrsysteme nach Ausf\u00fchrung","item":"https:\/\/www.hostin.sk\/de\/produktkategorie\/abwehrsysteme-nach-ausfuehrung\/"},{"@type":"ListItem","position":4,"name":"Spike-System","item":"https:\/\/www.hostin.sk\/de\/produktkategorie\/abwehrsysteme-nach-ausfuehrung\/spike-system\/"},{"@type":"ListItem","position":5,"name":"1-reihige Spitzenabwehr","item":"https:\/\/www.hostin.sk\/de\/produktkategorie\/abwehrsysteme-nach-ausfuehrung\/spike-system\/1-reihige-spitzenabwehr\/"},{"@type":"ListItem","position":6,"name":"Einreihige Spitzenabwehr gegen V\u00f6gel"}]},{"@type":"WebSite","@id":"https:\/\/www.hostin.sk\/#website","url":"https:\/\/www.hostin.sk\/","name":"HOSTIN","description":"Hroty proti vt\u00e1kom","potentialAction":[{"@type":"SearchAction","target":{"@type":"EntryPoint","urlTemplate":"https:\/\/www.hostin.sk\/?s={search_term_string}"},"query-input":{"@type":"PropertyValueSpecification","valueRequired":true,"valueName":"search_term_string"}}],"inLanguage":"de"}]}},"_links":{"self":[{"href":"https:\/\/www.hostin.sk\/de\/wp-json\/wp\/v2\/product\/9203","targetHints":{"allow":["GET"]}}],"collection":[{"href":"https:\/\/www.hostin.sk\/de\/wp-json\/wp\/v2\/product"}],"about":[{"href":"https:\/\/www.hostin.sk\/de\/wp-json\/wp\/v2\/types\/product"}],"wp:featuredmedia":[{"embeddable":true,"href":"https:\/\/www.hostin.sk\/de\/wp-json\/wp\/v2\/media\/7211"}],"wp:attachment":[{"href":"https:\/\/www.hostin.sk\/de\/wp-json\/wp\/v2\/media?parent=9203"}],"wp:term":[{"taxonomy":"product_brand","embeddable":true,"href":"https:\/\/www.hostin.sk\/de\/wp-json\/wp\/v2\/product_brand?post=9203"},{"taxonomy":"product_cat","embeddable":true,"href":"https:\/\/www.hostin.sk\/de\/wp-json\/wp\/v2\/product_cat?post=9203"},{"taxonomy":"product_tag","embeddable":true,"href":"https:\/\/www.hostin.sk\/de\/wp-json\/wp\/v2\/product_tag?post=9203"}],"curies":[{"name":"wp","href":"https:\/\/api.w.org\/{rel}","templated":true}]}}