{"id":9198,"date":"2024-05-11T21:31:25","date_gmt":"2024-05-11T19:31:25","guid":{"rendered":"https:\/\/www.hostin.sk\/produkt\/zahradne-svietidlo-na-74-cm-horizontalnom-vylozniku\/"},"modified":"2025-03-19T11:51:27","modified_gmt":"2025-03-19T10:51:27","slug":"gartenleuchte-an-einem-74-cm-langen-horizontalen-ausleger","status":"publish","type":"product","link":"https:\/\/www.hostin.sk\/de\/produkt\/gartenleuchte-an-einem-74-cm-langen-horizontalen-ausleger\/","title":{"rendered":"Gartenleuchte an einem 74 cm langen horizontalen Ausleger"},"content":{"rendered":"<ul>\n<li>Modernes Design der Gartenleuchte<\/li>\n<li>Montage auf einer quadratischen oder runden Basis<\/li>\n<li>Geh\u00e4use aus druckgegossenem Aluminium<\/li>\n<li data-start=\"149\" data-end=\"196\">Korrosionsbest\u00e4ndige Pulverbeschichtung<\/li>\n<li data-start=\"197\" data-end=\"271\">Korrosionsbest\u00e4ndig \u2013 getestet 500 Stunden in Salznebelpr\u00fcfung<\/li>\n<li data-start=\"272\" data-end=\"365\">Erh\u00e4ltlich mit integrierter LED-Lichtquelle oder austauschbarem GU10-Leuchtmittel<\/li>\n<li data-start=\"366\" data-end=\"438\">IP65-Schutzklasse \u2013 geeignet f\u00fcr den Au\u00dfenbereich und Garten<\/li>\n<li>Betriebsspannung 230V AC<\/li>\n<\/ul>\n","protected":false},"excerpt":{"rendered":"<p>Modernes Design der Garten-Spotleuchte.<\/p>\n","protected":false},"featured_media":8843,"template":"","meta":{"_acf_changed":false},"product_brand":[],"product_cat":[145],"product_tag":[],"class_list":{"0":"post-9198","1":"product","2":"type-product","3":"status-publish","4":"has-post-thumbnail","6":"product_cat-gartenleuchten","8":"first","9":"outofstock","10":"taxable","11":"shipping-taxable","12":"purchasable","13":"product-type-variable"},"acf":[],"yoast_head":"<!-- This site is optimized with the Yoast SEO plugin v27.4 - https:\/\/yoast.com\/product\/yoast-seo-wordpress\/ -->\n<title>Gartenleuchte an einem 74 cm langen horizontalen Ausleger - HOSTIN<\/title>\n<meta name=\"robots\" content=\"index, follow, max-snippet:-1, max-image-preview:large, max-video-preview:-1\" \/>\n<link rel=\"canonical\" href=\"https:\/\/www.hostin.sk\/de\/produkt\/gartenleuchte-an-einem-74-cm-langen-horizontalen-ausleger\/\" \/>\n<meta property=\"og:locale\" content=\"de_DE\" \/>\n<meta property=\"og:type\" content=\"article\" \/>\n<meta property=\"og:title\" content=\"Gartenleuchte an einem 74 cm langen horizontalen Ausleger - HOSTIN\" \/>\n<meta property=\"og:description\" content=\"Modernes Design der Garten-Spotleuchte.\" \/>\n<meta property=\"og:url\" content=\"https:\/\/www.hostin.sk\/de\/produkt\/gartenleuchte-an-einem-74-cm-langen-horizontalen-ausleger\/\" \/>\n<meta property=\"og:site_name\" content=\"HOSTIN\" \/>\n<meta property=\"article:modified_time\" content=\"2025-03-19T10:51:27+00:00\" \/>\n<meta property=\"og:image\" content=\"https:\/\/www.hostin.sk\/wp-content\/uploads\/2024\/05\/Za\u0301hradne\u0301-svietidlo-na-74-cm-horizonta\u0301lnom-vy\u0301loz\u030cni\u0301ku-main.jpeg\" \/>\n\t<meta property=\"og:image:width\" content=\"800\" \/>\n\t<meta property=\"og:image:height\" content=\"800\" \/>\n\t<meta property=\"og:image:type\" content=\"image\/jpeg\" \/>\n<meta name=\"twitter:card\" content=\"summary_large_image\" \/>\n<meta name=\"twitter:label1\" content=\"Gesch\u00e4tzte Lesezeit\" \/>\n\t<meta name=\"twitter:data1\" content=\"1\u00a0Minute\" \/>\n<script type=\"application\/ld+json\" class=\"yoast-schema-graph\">{\"@context\":\"https:\\\/\\\/schema.org\",\"@graph\":[{\"@type\":\"WebPage\",\"@id\":\"https:\\\/\\\/www.hostin.sk\\\/de\\\/produkt\\\/gartenleuchte-an-einem-74-cm-langen-horizontalen-ausleger\\\/\",\"url\":\"https:\\\/\\\/www.hostin.sk\\\/de\\\/produkt\\\/gartenleuchte-an-einem-74-cm-langen-horizontalen-ausleger\\\/\",\"name\":\"Gartenleuchte an einem 74 cm langen horizontalen Ausleger - HOSTIN\",\"isPartOf\":{\"@id\":\"https:\\\/\\\/www.hostin.sk\\\/#website\"},\"primaryImageOfPage\":{\"@id\":\"https:\\\/\\\/www.hostin.sk\\\/de\\\/produkt\\\/gartenleuchte-an-einem-74-cm-langen-horizontalen-ausleger\\\/#primaryimage\"},\"image\":{\"@id\":\"https:\\\/\\\/www.hostin.sk\\\/de\\\/produkt\\\/gartenleuchte-an-einem-74-cm-langen-horizontalen-ausleger\\\/#primaryimage\"},\"thumbnailUrl\":\"https:\\\/\\\/www.hostin.sk\\\/wp-content\\\/uploads\\\/2024\\\/05\\\/Za\u0301hradne\u0301-svietidlo-na-74-cm-horizonta\u0301lnom-vy\u0301loz\u030cni\u0301ku-main.jpeg\",\"datePublished\":\"2024-05-11T19:31:25+00:00\",\"dateModified\":\"2025-03-19T10:51:27+00:00\",\"breadcrumb\":{\"@id\":\"https:\\\/\\\/www.hostin.sk\\\/de\\\/produkt\\\/gartenleuchte-an-einem-74-cm-langen-horizontalen-ausleger\\\/#breadcrumb\"},\"inLanguage\":\"de\",\"potentialAction\":[{\"@type\":\"ReadAction\",\"target\":[\"https:\\\/\\\/www.hostin.sk\\\/de\\\/produkt\\\/gartenleuchte-an-einem-74-cm-langen-horizontalen-ausleger\\\/\"]}]},{\"@type\":\"ImageObject\",\"inLanguage\":\"de\",\"@id\":\"https:\\\/\\\/www.hostin.sk\\\/de\\\/produkt\\\/gartenleuchte-an-einem-74-cm-langen-horizontalen-ausleger\\\/#primaryimage\",\"url\":\"https:\\\/\\\/www.hostin.sk\\\/wp-content\\\/uploads\\\/2024\\\/05\\\/Za\u0301hradne\u0301-svietidlo-na-74-cm-horizonta\u0301lnom-vy\u0301loz\u030cni\u0301ku-main.jpeg\",\"contentUrl\":\"https:\\\/\\\/www.hostin.sk\\\/wp-content\\\/uploads\\\/2024\\\/05\\\/Za\u0301hradne\u0301-svietidlo-na-74-cm-horizonta\u0301lnom-vy\u0301loz\u030cni\u0301ku-main.jpeg\",\"width\":800,\"height\":800},{\"@type\":\"BreadcrumbList\",\"@id\":\"https:\\\/\\\/www.hostin.sk\\\/de\\\/produkt\\\/gartenleuchte-an-einem-74-cm-langen-horizontalen-ausleger\\\/#breadcrumb\",\"itemListElement\":[{\"@type\":\"ListItem\",\"position\":1,\"name\":\"Domov\",\"item\":\"https:\\\/\\\/www.hostin.sk\\\/de\\\/\"},{\"@type\":\"ListItem\",\"position\":2,\"name\":\"E-shop\",\"item\":\"https:\\\/\\\/www.hostin.sk\\\/de\\\/e-shop\\\/\"},{\"@type\":\"ListItem\",\"position\":3,\"name\":\"Z\u00e1hradn\u00e9 svietidl\u00e1\",\"item\":\"https:\\\/\\\/www.hostin.sk\\\/kategoria-produktu\\\/zahradne-svietidla\\\/\"},{\"@type\":\"ListItem\",\"position\":4,\"name\":\"Gartenleuchte an einem 74 cm langen horizontalen Ausleger\"}]},{\"@type\":\"WebSite\",\"@id\":\"https:\\\/\\\/www.hostin.sk\\\/#website\",\"url\":\"https:\\\/\\\/www.hostin.sk\\\/\",\"name\":\"HOSTIN\",\"description\":\"Hroty proti vt\u00e1kom\",\"potentialAction\":[{\"@type\":\"SearchAction\",\"target\":{\"@type\":\"EntryPoint\",\"urlTemplate\":\"https:\\\/\\\/www.hostin.sk\\\/?s={search_term_string}\"},\"query-input\":{\"@type\":\"PropertyValueSpecification\",\"valueRequired\":true,\"valueName\":\"search_term_string\"}}],\"inLanguage\":\"de\"}]}<\/script>\n<!-- \/ Yoast SEO plugin. -->","yoast_head_json":{"title":"Gartenleuchte an einem 74 cm langen horizontalen Ausleger - HOSTIN","robots":{"index":"index","follow":"follow","max-snippet":"max-snippet:-1","max-image-preview":"max-image-preview:large","max-video-preview":"max-video-preview:-1"},"canonical":"https:\/\/www.hostin.sk\/de\/produkt\/gartenleuchte-an-einem-74-cm-langen-horizontalen-ausleger\/","og_locale":"de_DE","og_type":"article","og_title":"Gartenleuchte an einem 74 cm langen horizontalen Ausleger - HOSTIN","og_description":"Modernes Design der Garten-Spotleuchte.","og_url":"https:\/\/www.hostin.sk\/de\/produkt\/gartenleuchte-an-einem-74-cm-langen-horizontalen-ausleger\/","og_site_name":"HOSTIN","article_modified_time":"2025-03-19T10:51:27+00:00","og_image":[{"width":800,"height":800,"url":"https:\/\/www.hostin.sk\/wp-content\/uploads\/2024\/05\/Za\u0301hradne\u0301-svietidlo-na-74-cm-horizonta\u0301lnom-vy\u0301loz\u030cni\u0301ku-main.jpeg","type":"image\/jpeg"}],"twitter_card":"summary_large_image","twitter_misc":{"Gesch\u00e4tzte Lesezeit":"1\u00a0Minute"},"schema":{"@context":"https:\/\/schema.org","@graph":[{"@type":"WebPage","@id":"https:\/\/www.hostin.sk\/de\/produkt\/gartenleuchte-an-einem-74-cm-langen-horizontalen-ausleger\/","url":"https:\/\/www.hostin.sk\/de\/produkt\/gartenleuchte-an-einem-74-cm-langen-horizontalen-ausleger\/","name":"Gartenleuchte an einem 74 cm langen horizontalen Ausleger - HOSTIN","isPartOf":{"@id":"https:\/\/www.hostin.sk\/#website"},"primaryImageOfPage":{"@id":"https:\/\/www.hostin.sk\/de\/produkt\/gartenleuchte-an-einem-74-cm-langen-horizontalen-ausleger\/#primaryimage"},"image":{"@id":"https:\/\/www.hostin.sk\/de\/produkt\/gartenleuchte-an-einem-74-cm-langen-horizontalen-ausleger\/#primaryimage"},"thumbnailUrl":"https:\/\/www.hostin.sk\/wp-content\/uploads\/2024\/05\/Za\u0301hradne\u0301-svietidlo-na-74-cm-horizonta\u0301lnom-vy\u0301loz\u030cni\u0301ku-main.jpeg","datePublished":"2024-05-11T19:31:25+00:00","dateModified":"2025-03-19T10:51:27+00:00","breadcrumb":{"@id":"https:\/\/www.hostin.sk\/de\/produkt\/gartenleuchte-an-einem-74-cm-langen-horizontalen-ausleger\/#breadcrumb"},"inLanguage":"de","potentialAction":[{"@type":"ReadAction","target":["https:\/\/www.hostin.sk\/de\/produkt\/gartenleuchte-an-einem-74-cm-langen-horizontalen-ausleger\/"]}]},{"@type":"ImageObject","inLanguage":"de","@id":"https:\/\/www.hostin.sk\/de\/produkt\/gartenleuchte-an-einem-74-cm-langen-horizontalen-ausleger\/#primaryimage","url":"https:\/\/www.hostin.sk\/wp-content\/uploads\/2024\/05\/Za\u0301hradne\u0301-svietidlo-na-74-cm-horizonta\u0301lnom-vy\u0301loz\u030cni\u0301ku-main.jpeg","contentUrl":"https:\/\/www.hostin.sk\/wp-content\/uploads\/2024\/05\/Za\u0301hradne\u0301-svietidlo-na-74-cm-horizonta\u0301lnom-vy\u0301loz\u030cni\u0301ku-main.jpeg","width":800,"height":800},{"@type":"BreadcrumbList","@id":"https:\/\/www.hostin.sk\/de\/produkt\/gartenleuchte-an-einem-74-cm-langen-horizontalen-ausleger\/#breadcrumb","itemListElement":[{"@type":"ListItem","position":1,"name":"Domov","item":"https:\/\/www.hostin.sk\/de\/"},{"@type":"ListItem","position":2,"name":"E-shop","item":"https:\/\/www.hostin.sk\/de\/e-shop\/"},{"@type":"ListItem","position":3,"name":"Z\u00e1hradn\u00e9 svietidl\u00e1","item":"https:\/\/www.hostin.sk\/kategoria-produktu\/zahradne-svietidla\/"},{"@type":"ListItem","position":4,"name":"Gartenleuchte an einem 74 cm langen horizontalen Ausleger"}]},{"@type":"WebSite","@id":"https:\/\/www.hostin.sk\/#website","url":"https:\/\/www.hostin.sk\/","name":"HOSTIN","description":"Hroty proti vt\u00e1kom","potentialAction":[{"@type":"SearchAction","target":{"@type":"EntryPoint","urlTemplate":"https:\/\/www.hostin.sk\/?s={search_term_string}"},"query-input":{"@type":"PropertyValueSpecification","valueRequired":true,"valueName":"search_term_string"}}],"inLanguage":"de"}]}},"_links":{"self":[{"href":"https:\/\/www.hostin.sk\/de\/wp-json\/wp\/v2\/product\/9198","targetHints":{"allow":["GET"]}}],"collection":[{"href":"https:\/\/www.hostin.sk\/de\/wp-json\/wp\/v2\/product"}],"about":[{"href":"https:\/\/www.hostin.sk\/de\/wp-json\/wp\/v2\/types\/product"}],"wp:featuredmedia":[{"embeddable":true,"href":"https:\/\/www.hostin.sk\/de\/wp-json\/wp\/v2\/media\/8843"}],"wp:attachment":[{"href":"https:\/\/www.hostin.sk\/de\/wp-json\/wp\/v2\/media?parent=9198"}],"wp:term":[{"taxonomy":"product_brand","embeddable":true,"href":"https:\/\/www.hostin.sk\/de\/wp-json\/wp\/v2\/product_brand?post=9198"},{"taxonomy":"product_cat","embeddable":true,"href":"https:\/\/www.hostin.sk\/de\/wp-json\/wp\/v2\/product_cat?post=9198"},{"taxonomy":"product_tag","embeddable":true,"href":"https:\/\/www.hostin.sk\/de\/wp-json\/wp\/v2\/product_tag?post=9198"}],"curies":[{"name":"wp","href":"https:\/\/api.w.org\/{rel}","templated":true}]}}