{"id":9197,"date":"2024-05-09T17:15:48","date_gmt":"2024-05-09T15:15:48","guid":{"rendered":"https:\/\/www.hostin.sk\/produkt\/zahradne-svietidlo-na-100-cm-vylozniku-s-nadstavenim-zony-osvetlenia-zapichovacie\/"},"modified":"2025-03-15T16:31:20","modified_gmt":"2025-03-15T15:31:20","slug":"gartenleuchte-an-einem-100-cm-langen-ausleger-mit-einstellbarem-beleuchtungsbereich-zum-einstecken","status":"publish","type":"product","link":"https:\/\/www.hostin.sk\/de\/produkt\/gartenleuchte-an-einem-100-cm-langen-ausleger-mit-einstellbarem-beleuchtungsbereich-zum-einstecken\/","title":{"rendered":"Gartenleuchte an einem 100 cm langen Ausleger mit einstellbarem Beleuchtungsbereich \u2013 zum Einstecken"},"content":{"rendered":"<ul>\n<li data-start=\"63\" data-end=\"139\">Beleuchtungsbereich einstellbar\u00a0durch Verschieben des Leuchtenkopfes<\/li>\n<li data-start=\"140\" data-end=\"185\">Geh\u00e4use aus\u00a0druckgegossenem Aluminium<\/li>\n<li data-start=\"186\" data-end=\"236\">Lieferung mit\u00a0integrierter LED-Lichtquelle<\/li>\n<li data-start=\"237\" data-end=\"284\">Korrosionsbest\u00e4ndige Pulverbeschichtung<\/li>\n<li data-start=\"285\" data-end=\"359\">Korrosionsbest\u00e4ndig\u00a0\u2013 getestet\u00a0500 Stunden in Salznebelpr\u00fcfung<\/li>\n<li data-start=\"360\" data-end=\"435\">IP65-Schutzklasse\u00a0\u2013 geeignet f\u00fcr\u00a0Au\u00dfeninstallationen und G\u00e4rten<\/li>\n<li data-start=\"436\" data-end=\"469\">Betriebsspannung:\u00a0230V AC<\/li>\n<\/ul>\n","protected":false},"excerpt":{"rendered":"<p>Modernes Design der Garten-Spotleuchte.<\/p>\n","protected":false},"featured_media":8705,"template":"","meta":{"_acf_changed":false},"product_brand":[],"product_cat":[145],"product_tag":[],"class_list":{"0":"post-9197","1":"product","2":"type-product","3":"status-publish","4":"has-post-thumbnail","6":"product_cat-gartenleuchten","8":"first","9":"outofstock","10":"taxable","11":"shipping-taxable","12":"purchasable","13":"product-type-simple"},"acf":[],"yoast_head":"<!-- This site is optimized with the Yoast SEO plugin v27.4 - https:\/\/yoast.com\/product\/yoast-seo-wordpress\/ -->\n<title>Gartenleuchte an einem 100 cm langen Ausleger mit einstellbarem Beleuchtungsbereich \u2013 zum Einstecken - HOSTIN<\/title>\n<meta name=\"description\" content=\"\u0160t\u00fdlov\u00e9 z\u00e1hradn\u00e9 svietidlo na 100 cm v\u00fdlo\u017en\u00edku poskytuje nastavite\u013en\u00fa z\u00f3nu osvetlenia, v\u010faka \u010domu si m\u00f4\u017eete prisp\u00f4sobi\u0165 osvetlenie pod\u013ea potreby.\" \/>\n<meta name=\"robots\" content=\"index, follow, max-snippet:-1, max-image-preview:large, max-video-preview:-1\" \/>\n<link rel=\"canonical\" href=\"https:\/\/www.hostin.sk\/produkt\/zahradne-svietidlo-na-100-cm-vylozniku-s-nastavitelnou-zonou-osvetlenia-zapichovacie\/\" \/>\n<meta property=\"og:locale\" content=\"de_DE\" \/>\n<meta property=\"og:type\" content=\"article\" \/>\n<meta property=\"og:title\" content=\"Gartenleuchte an einem 100 cm langen Ausleger mit einstellbarem Beleuchtungsbereich \u2013 zum Einstecken - HOSTIN\" \/>\n<meta property=\"og:description\" content=\"\u0160t\u00fdlov\u00e9 z\u00e1hradn\u00e9 svietidlo na 100 cm v\u00fdlo\u017en\u00edku poskytuje nastavite\u013en\u00fa z\u00f3nu osvetlenia, v\u010faka \u010domu si m\u00f4\u017eete prisp\u00f4sobi\u0165 osvetlenie pod\u013ea potreby.\" \/>\n<meta property=\"og:url\" content=\"https:\/\/www.hostin.sk\/produkt\/zahradne-svietidlo-na-100-cm-vylozniku-s-nastavitelnou-zonou-osvetlenia-zapichovacie\/\" \/>\n<meta property=\"og:site_name\" content=\"HOSTIN\" \/>\n<meta property=\"article:modified_time\" content=\"2025-03-15T15:31:20+00:00\" \/>\n<meta property=\"og:image\" content=\"https:\/\/www.hostin.sk\/wp-content\/uploads\/2024\/05\/Zahradne-svietidlo-na-100-cm-vylozniku-s-nadstavenim-zony-osvetlenia-\u2013-zapichovacie.jpg\" \/>\n\t<meta property=\"og:image:width\" content=\"900\" \/>\n\t<meta property=\"og:image:height\" content=\"900\" \/>\n\t<meta property=\"og:image:type\" content=\"image\/jpeg\" \/>\n<meta name=\"twitter:card\" content=\"summary_large_image\" \/>\n<meta name=\"twitter:label1\" content=\"Gesch\u00e4tzte Lesezeit\" \/>\n\t<meta name=\"twitter:data1\" content=\"1\u00a0Minute\" \/>\n<script type=\"application\/ld+json\" class=\"yoast-schema-graph\">{\"@context\":\"https:\\\/\\\/schema.org\",\"@graph\":[{\"@type\":\"WebPage\",\"@id\":\"https:\\\/\\\/www.hostin.sk\\\/produkt\\\/zahradne-svietidlo-na-100-cm-vylozniku-s-nastavitelnou-zonou-osvetlenia-zapichovacie\\\/\",\"url\":\"https:\\\/\\\/www.hostin.sk\\\/produkt\\\/zahradne-svietidlo-na-100-cm-vylozniku-s-nastavitelnou-zonou-osvetlenia-zapichovacie\\\/\",\"name\":\"Gartenleuchte an einem 100 cm langen Ausleger mit einstellbarem Beleuchtungsbereich \u2013 zum Einstecken - HOSTIN\",\"isPartOf\":{\"@id\":\"https:\\\/\\\/www.hostin.sk\\\/#website\"},\"primaryImageOfPage\":{\"@id\":\"https:\\\/\\\/www.hostin.sk\\\/produkt\\\/zahradne-svietidlo-na-100-cm-vylozniku-s-nastavitelnou-zonou-osvetlenia-zapichovacie\\\/#primaryimage\"},\"image\":{\"@id\":\"https:\\\/\\\/www.hostin.sk\\\/produkt\\\/zahradne-svietidlo-na-100-cm-vylozniku-s-nastavitelnou-zonou-osvetlenia-zapichovacie\\\/#primaryimage\"},\"thumbnailUrl\":\"https:\\\/\\\/www.hostin.sk\\\/wp-content\\\/uploads\\\/2024\\\/05\\\/Zahradne-svietidlo-na-100-cm-vylozniku-s-nadstavenim-zony-osvetlenia-\u2013-zapichovacie.jpg\",\"datePublished\":\"2024-05-09T15:15:48+00:00\",\"dateModified\":\"2025-03-15T15:31:20+00:00\",\"description\":\"\u0160t\u00fdlov\u00e9 z\u00e1hradn\u00e9 svietidlo na 100 cm v\u00fdlo\u017en\u00edku poskytuje nastavite\u013en\u00fa z\u00f3nu osvetlenia, v\u010faka \u010domu si m\u00f4\u017eete prisp\u00f4sobi\u0165 osvetlenie pod\u013ea potreby.\",\"breadcrumb\":{\"@id\":\"https:\\\/\\\/www.hostin.sk\\\/produkt\\\/zahradne-svietidlo-na-100-cm-vylozniku-s-nastavitelnou-zonou-osvetlenia-zapichovacie\\\/#breadcrumb\"},\"inLanguage\":\"de\",\"potentialAction\":[{\"@type\":\"ReadAction\",\"target\":[\"https:\\\/\\\/www.hostin.sk\\\/produkt\\\/zahradne-svietidlo-na-100-cm-vylozniku-s-nastavitelnou-zonou-osvetlenia-zapichovacie\\\/\"]}]},{\"@type\":\"ImageObject\",\"inLanguage\":\"de\",\"@id\":\"https:\\\/\\\/www.hostin.sk\\\/produkt\\\/zahradne-svietidlo-na-100-cm-vylozniku-s-nastavitelnou-zonou-osvetlenia-zapichovacie\\\/#primaryimage\",\"url\":\"https:\\\/\\\/www.hostin.sk\\\/wp-content\\\/uploads\\\/2024\\\/05\\\/Zahradne-svietidlo-na-100-cm-vylozniku-s-nadstavenim-zony-osvetlenia-\u2013-zapichovacie.jpg\",\"contentUrl\":\"https:\\\/\\\/www.hostin.sk\\\/wp-content\\\/uploads\\\/2024\\\/05\\\/Zahradne-svietidlo-na-100-cm-vylozniku-s-nadstavenim-zony-osvetlenia-\u2013-zapichovacie.jpg\",\"width\":900,\"height\":900},{\"@type\":\"BreadcrumbList\",\"@id\":\"https:\\\/\\\/www.hostin.sk\\\/produkt\\\/zahradne-svietidlo-na-100-cm-vylozniku-s-nastavitelnou-zonou-osvetlenia-zapichovacie\\\/#breadcrumb\",\"itemListElement\":[{\"@type\":\"ListItem\",\"position\":1,\"name\":\"Domov\",\"item\":\"https:\\\/\\\/www.hostin.sk\\\/de\\\/\"},{\"@type\":\"ListItem\",\"position\":2,\"name\":\"E-shop\",\"item\":\"https:\\\/\\\/www.hostin.sk\\\/de\\\/e-shop\\\/\"},{\"@type\":\"ListItem\",\"position\":3,\"name\":\"Z\u00e1hradn\u00e9 svietidl\u00e1\",\"item\":\"https:\\\/\\\/www.hostin.sk\\\/kategoria-produktu\\\/zahradne-svietidla\\\/\"},{\"@type\":\"ListItem\",\"position\":4,\"name\":\"Gartenleuchte an einem 100 cm langen Ausleger mit einstellbarem Beleuchtungsbereich \u2013 zum Einstecken\"}]},{\"@type\":\"WebSite\",\"@id\":\"https:\\\/\\\/www.hostin.sk\\\/#website\",\"url\":\"https:\\\/\\\/www.hostin.sk\\\/\",\"name\":\"HOSTIN\",\"description\":\"Hroty proti vt\u00e1kom\",\"potentialAction\":[{\"@type\":\"SearchAction\",\"target\":{\"@type\":\"EntryPoint\",\"urlTemplate\":\"https:\\\/\\\/www.hostin.sk\\\/?s={search_term_string}\"},\"query-input\":{\"@type\":\"PropertyValueSpecification\",\"valueRequired\":true,\"valueName\":\"search_term_string\"}}],\"inLanguage\":\"de\"}]}<\/script>\n<!-- \/ Yoast SEO plugin. -->","yoast_head_json":{"title":"Gartenleuchte an einem 100 cm langen Ausleger mit einstellbarem Beleuchtungsbereich \u2013 zum Einstecken - HOSTIN","description":"\u0160t\u00fdlov\u00e9 z\u00e1hradn\u00e9 svietidlo na 100 cm v\u00fdlo\u017en\u00edku poskytuje nastavite\u013en\u00fa z\u00f3nu osvetlenia, v\u010faka \u010domu si m\u00f4\u017eete prisp\u00f4sobi\u0165 osvetlenie pod\u013ea potreby.","robots":{"index":"index","follow":"follow","max-snippet":"max-snippet:-1","max-image-preview":"max-image-preview:large","max-video-preview":"max-video-preview:-1"},"canonical":"https:\/\/www.hostin.sk\/produkt\/zahradne-svietidlo-na-100-cm-vylozniku-s-nastavitelnou-zonou-osvetlenia-zapichovacie\/","og_locale":"de_DE","og_type":"article","og_title":"Gartenleuchte an einem 100 cm langen Ausleger mit einstellbarem Beleuchtungsbereich \u2013 zum Einstecken - HOSTIN","og_description":"\u0160t\u00fdlov\u00e9 z\u00e1hradn\u00e9 svietidlo na 100 cm v\u00fdlo\u017en\u00edku poskytuje nastavite\u013en\u00fa z\u00f3nu osvetlenia, v\u010faka \u010domu si m\u00f4\u017eete prisp\u00f4sobi\u0165 osvetlenie pod\u013ea potreby.","og_url":"https:\/\/www.hostin.sk\/produkt\/zahradne-svietidlo-na-100-cm-vylozniku-s-nastavitelnou-zonou-osvetlenia-zapichovacie\/","og_site_name":"HOSTIN","article_modified_time":"2025-03-15T15:31:20+00:00","og_image":[{"width":900,"height":900,"url":"https:\/\/www.hostin.sk\/wp-content\/uploads\/2024\/05\/Zahradne-svietidlo-na-100-cm-vylozniku-s-nadstavenim-zony-osvetlenia-\u2013-zapichovacie.jpg","type":"image\/jpeg"}],"twitter_card":"summary_large_image","twitter_misc":{"Gesch\u00e4tzte Lesezeit":"1\u00a0Minute"},"schema":{"@context":"https:\/\/schema.org","@graph":[{"@type":"WebPage","@id":"https:\/\/www.hostin.sk\/produkt\/zahradne-svietidlo-na-100-cm-vylozniku-s-nastavitelnou-zonou-osvetlenia-zapichovacie\/","url":"https:\/\/www.hostin.sk\/produkt\/zahradne-svietidlo-na-100-cm-vylozniku-s-nastavitelnou-zonou-osvetlenia-zapichovacie\/","name":"Gartenleuchte an einem 100 cm langen Ausleger mit einstellbarem Beleuchtungsbereich \u2013 zum Einstecken - HOSTIN","isPartOf":{"@id":"https:\/\/www.hostin.sk\/#website"},"primaryImageOfPage":{"@id":"https:\/\/www.hostin.sk\/produkt\/zahradne-svietidlo-na-100-cm-vylozniku-s-nastavitelnou-zonou-osvetlenia-zapichovacie\/#primaryimage"},"image":{"@id":"https:\/\/www.hostin.sk\/produkt\/zahradne-svietidlo-na-100-cm-vylozniku-s-nastavitelnou-zonou-osvetlenia-zapichovacie\/#primaryimage"},"thumbnailUrl":"https:\/\/www.hostin.sk\/wp-content\/uploads\/2024\/05\/Zahradne-svietidlo-na-100-cm-vylozniku-s-nadstavenim-zony-osvetlenia-\u2013-zapichovacie.jpg","datePublished":"2024-05-09T15:15:48+00:00","dateModified":"2025-03-15T15:31:20+00:00","description":"\u0160t\u00fdlov\u00e9 z\u00e1hradn\u00e9 svietidlo na 100 cm v\u00fdlo\u017en\u00edku poskytuje nastavite\u013en\u00fa z\u00f3nu osvetlenia, v\u010faka \u010domu si m\u00f4\u017eete prisp\u00f4sobi\u0165 osvetlenie pod\u013ea potreby.","breadcrumb":{"@id":"https:\/\/www.hostin.sk\/produkt\/zahradne-svietidlo-na-100-cm-vylozniku-s-nastavitelnou-zonou-osvetlenia-zapichovacie\/#breadcrumb"},"inLanguage":"de","potentialAction":[{"@type":"ReadAction","target":["https:\/\/www.hostin.sk\/produkt\/zahradne-svietidlo-na-100-cm-vylozniku-s-nastavitelnou-zonou-osvetlenia-zapichovacie\/"]}]},{"@type":"ImageObject","inLanguage":"de","@id":"https:\/\/www.hostin.sk\/produkt\/zahradne-svietidlo-na-100-cm-vylozniku-s-nastavitelnou-zonou-osvetlenia-zapichovacie\/#primaryimage","url":"https:\/\/www.hostin.sk\/wp-content\/uploads\/2024\/05\/Zahradne-svietidlo-na-100-cm-vylozniku-s-nadstavenim-zony-osvetlenia-\u2013-zapichovacie.jpg","contentUrl":"https:\/\/www.hostin.sk\/wp-content\/uploads\/2024\/05\/Zahradne-svietidlo-na-100-cm-vylozniku-s-nadstavenim-zony-osvetlenia-\u2013-zapichovacie.jpg","width":900,"height":900},{"@type":"BreadcrumbList","@id":"https:\/\/www.hostin.sk\/produkt\/zahradne-svietidlo-na-100-cm-vylozniku-s-nastavitelnou-zonou-osvetlenia-zapichovacie\/#breadcrumb","itemListElement":[{"@type":"ListItem","position":1,"name":"Domov","item":"https:\/\/www.hostin.sk\/de\/"},{"@type":"ListItem","position":2,"name":"E-shop","item":"https:\/\/www.hostin.sk\/de\/e-shop\/"},{"@type":"ListItem","position":3,"name":"Z\u00e1hradn\u00e9 svietidl\u00e1","item":"https:\/\/www.hostin.sk\/kategoria-produktu\/zahradne-svietidla\/"},{"@type":"ListItem","position":4,"name":"Gartenleuchte an einem 100 cm langen Ausleger mit einstellbarem Beleuchtungsbereich \u2013 zum Einstecken"}]},{"@type":"WebSite","@id":"https:\/\/www.hostin.sk\/#website","url":"https:\/\/www.hostin.sk\/","name":"HOSTIN","description":"Hroty proti vt\u00e1kom","potentialAction":[{"@type":"SearchAction","target":{"@type":"EntryPoint","urlTemplate":"https:\/\/www.hostin.sk\/?s={search_term_string}"},"query-input":{"@type":"PropertyValueSpecification","valueRequired":true,"valueName":"search_term_string"}}],"inLanguage":"de"}]}},"_links":{"self":[{"href":"https:\/\/www.hostin.sk\/de\/wp-json\/wp\/v2\/product\/9197","targetHints":{"allow":["GET"]}}],"collection":[{"href":"https:\/\/www.hostin.sk\/de\/wp-json\/wp\/v2\/product"}],"about":[{"href":"https:\/\/www.hostin.sk\/de\/wp-json\/wp\/v2\/types\/product"}],"wp:featuredmedia":[{"embeddable":true,"href":"https:\/\/www.hostin.sk\/de\/wp-json\/wp\/v2\/media\/8705"}],"wp:attachment":[{"href":"https:\/\/www.hostin.sk\/de\/wp-json\/wp\/v2\/media?parent=9197"}],"wp:term":[{"taxonomy":"product_brand","embeddable":true,"href":"https:\/\/www.hostin.sk\/de\/wp-json\/wp\/v2\/product_brand?post=9197"},{"taxonomy":"product_cat","embeddable":true,"href":"https:\/\/www.hostin.sk\/de\/wp-json\/wp\/v2\/product_cat?post=9197"},{"taxonomy":"product_tag","embeddable":true,"href":"https:\/\/www.hostin.sk\/de\/wp-json\/wp\/v2\/product_tag?post=9197"}],"curies":[{"name":"wp","href":"https:\/\/api.w.org\/{rel}","templated":true}]}}