{"id":9176,"date":"2024-05-16T16:09:51","date_gmt":"2024-05-16T14:09:51","guid":{"rendered":"https:\/\/www.hostin.sk\/produkt\/ultrazvukovy-plasic\/"},"modified":"2025-03-15T16:43:57","modified_gmt":"2025-03-15T15:43:57","slug":"ultraschall-vogelscheuche","status":"publish","type":"product","link":"https:\/\/www.hostin.sk\/de\/produkt\/ultraschall-vogelscheuche\/","title":{"rendered":"Ultraschall-Vogelscheuche"},"content":{"rendered":"<p data-start=\"68\" data-end=\"475\">Einzigartiger, an der Westb\u00f6hmischen Universit\u00e4t in Pilsen entwickelte Ultraschall-Generator enth\u00e4lt eine mikroprozessorgesteuerte elektronische Schaltung, die ein speziell moduliertes sinusf\u00f6rmiges Ultraschallsignal mit stufenweise variabler Frequenz und zuf\u00e4lligen Spr\u00fcngen erzeugt. Dadurch wird es f\u00fcr Sch\u00e4dlinge erschwert, sich an diesen f\u00fcr sie \u00e4u\u00dferst unangenehmen akustischen Reiz zu gew\u00f6hnen.\u00a0Das Frequenzband des Ger\u00e4ts ist f\u00fcr die jeweilige Sch\u00e4dlingsart optimiert, liegt jedoch gleichzeitig au\u00dferhalb des f\u00fcr Menschen h\u00f6rbaren Bereichs.<\/p>\n<p>Frequenzbereich <strong>18 &#8211; 23 kHz<\/strong> zur Vogelabwehr<\/p>\n<p>Frequenzbereich <strong>24 &#8211; 30 kHz<\/strong> gegen Nager und Mader<\/p>\n<p>Frequenzbereich <strong>21 &#8211; 26 kHz<\/strong> gegen Wildtiere<\/p>\n<p>Der Ultraschall-Vertreiber kann mit 4 AA-Batterien, einem 12-V-Netzadapter oder einer Autobatterie betrieben werden.<\/p>\n","protected":false},"excerpt":{"rendered":"<p>Die Ultraschall-Vogelscheuche ist ein effektives Mittel zur Abschreckung von V\u00f6geln, M\u00e4usen, Ratten, Mardern, Wieselarten sowie Wildtieren und Wildschweinen.<\/p>\n","protected":false},"featured_media":8495,"template":"","meta":{"_acf_changed":false},"product_brand":[],"product_cat":[125],"product_tag":[],"class_list":{"0":"post-9176","1":"product","2":"type-product","3":"status-publish","4":"has-post-thumbnail","6":"product_cat-ultraschall-vogelscheuchen","8":"first","9":"instock","10":"featured","11":"taxable","12":"shipping-taxable","13":"purchasable","14":"product-type-variable"},"acf":[],"yoast_head":"<!-- This site is optimized with the Yoast SEO plugin v27.4 - https:\/\/yoast.com\/product\/yoast-seo-wordpress\/ -->\n<title>Ultraschall-Vogelscheuche - HOSTIN<\/title>\n<meta name=\"robots\" content=\"index, follow, max-snippet:-1, max-image-preview:large, max-video-preview:-1\" \/>\n<link rel=\"canonical\" href=\"https:\/\/www.hostin.sk\/de\/produkt\/ultraschall-vogelscheuche\/\" \/>\n<meta property=\"og:locale\" content=\"de_DE\" \/>\n<meta property=\"og:type\" content=\"article\" \/>\n<meta property=\"og:title\" content=\"Ultraschall-Vogelscheuche - HOSTIN\" \/>\n<meta property=\"og:description\" content=\"Die Ultraschall-Vogelscheuche ist ein effektives Mittel zur Abschreckung von V\u00f6geln, M\u00e4usen, Ratten, Mardern, Wieselarten sowie Wildtieren und Wildschweinen.\" \/>\n<meta property=\"og:url\" content=\"https:\/\/www.hostin.sk\/de\/produkt\/ultraschall-vogelscheuche\/\" \/>\n<meta property=\"og:site_name\" content=\"HOSTIN\" \/>\n<meta property=\"article:modified_time\" content=\"2025-03-15T15:43:57+00:00\" \/>\n<meta property=\"og:image\" content=\"https:\/\/www.hostin.sk\/wp-content\/uploads\/2024\/05\/ultrazvukova-plasicka.png\" \/>\n\t<meta property=\"og:image:width\" content=\"861\" \/>\n\t<meta property=\"og:image:height\" content=\"861\" \/>\n\t<meta property=\"og:image:type\" content=\"image\/png\" \/>\n<meta name=\"twitter:card\" content=\"summary_large_image\" \/>\n<meta name=\"twitter:label1\" content=\"Gesch\u00e4tzte Lesezeit\" \/>\n\t<meta name=\"twitter:data1\" content=\"1\u00a0Minute\" \/>\n<script type=\"application\/ld+json\" class=\"yoast-schema-graph\">{\"@context\":\"https:\\\/\\\/schema.org\",\"@graph\":[{\"@type\":\"WebPage\",\"@id\":\"https:\\\/\\\/www.hostin.sk\\\/de\\\/produkt\\\/ultraschall-vogelscheuche\\\/\",\"url\":\"https:\\\/\\\/www.hostin.sk\\\/de\\\/produkt\\\/ultraschall-vogelscheuche\\\/\",\"name\":\"Ultraschall-Vogelscheuche - HOSTIN\",\"isPartOf\":{\"@id\":\"https:\\\/\\\/www.hostin.sk\\\/#website\"},\"primaryImageOfPage\":{\"@id\":\"https:\\\/\\\/www.hostin.sk\\\/de\\\/produkt\\\/ultraschall-vogelscheuche\\\/#primaryimage\"},\"image\":{\"@id\":\"https:\\\/\\\/www.hostin.sk\\\/de\\\/produkt\\\/ultraschall-vogelscheuche\\\/#primaryimage\"},\"thumbnailUrl\":\"https:\\\/\\\/www.hostin.sk\\\/wp-content\\\/uploads\\\/2024\\\/05\\\/ultrazvukova-plasicka.png\",\"datePublished\":\"2024-05-16T14:09:51+00:00\",\"dateModified\":\"2025-03-15T15:43:57+00:00\",\"breadcrumb\":{\"@id\":\"https:\\\/\\\/www.hostin.sk\\\/de\\\/produkt\\\/ultraschall-vogelscheuche\\\/#breadcrumb\"},\"inLanguage\":\"de\",\"potentialAction\":[{\"@type\":\"ReadAction\",\"target\":[\"https:\\\/\\\/www.hostin.sk\\\/de\\\/produkt\\\/ultraschall-vogelscheuche\\\/\"]}]},{\"@type\":\"ImageObject\",\"inLanguage\":\"de\",\"@id\":\"https:\\\/\\\/www.hostin.sk\\\/de\\\/produkt\\\/ultraschall-vogelscheuche\\\/#primaryimage\",\"url\":\"https:\\\/\\\/www.hostin.sk\\\/wp-content\\\/uploads\\\/2024\\\/05\\\/ultrazvukova-plasicka.png\",\"contentUrl\":\"https:\\\/\\\/www.hostin.sk\\\/wp-content\\\/uploads\\\/2024\\\/05\\\/ultrazvukova-plasicka.png\",\"width\":861,\"height\":861},{\"@type\":\"BreadcrumbList\",\"@id\":\"https:\\\/\\\/www.hostin.sk\\\/de\\\/produkt\\\/ultraschall-vogelscheuche\\\/#breadcrumb\",\"itemListElement\":[{\"@type\":\"ListItem\",\"position\":1,\"name\":\"Domov\",\"item\":\"https:\\\/\\\/www.hostin.sk\\\/de\\\/\"},{\"@type\":\"ListItem\",\"position\":2,\"name\":\"E-shop\",\"item\":\"https:\\\/\\\/www.hostin.sk\\\/de\\\/e-shop\\\/\"},{\"@type\":\"ListItem\",\"position\":3,\"name\":\"Abwehrsysteme nach Ausf\u00fchrung\",\"item\":\"https:\\\/\\\/www.hostin.sk\\\/de\\\/produktkategorie\\\/abwehrsysteme-nach-ausfuehrung\\\/\"},{\"@type\":\"ListItem\",\"position\":4,\"name\":\"Vogelscheuchen\",\"item\":\"https:\\\/\\\/www.hostin.sk\\\/de\\\/produktkategorie\\\/abwehrsysteme-nach-ausfuehrung\\\/vogelscheuchen\\\/\"},{\"@type\":\"ListItem\",\"position\":5,\"name\":\"Ultraschall-Vogelscheuchen\",\"item\":\"https:\\\/\\\/www.hostin.sk\\\/de\\\/produktkategorie\\\/abwehrsysteme-nach-ausfuehrung\\\/vogelscheuchen\\\/ultraschall-vogelscheuchen\\\/\"},{\"@type\":\"ListItem\",\"position\":6,\"name\":\"Ultraschall-Vogelscheuche\"}]},{\"@type\":\"WebSite\",\"@id\":\"https:\\\/\\\/www.hostin.sk\\\/#website\",\"url\":\"https:\\\/\\\/www.hostin.sk\\\/\",\"name\":\"HOSTIN\",\"description\":\"Hroty proti vt\u00e1kom\",\"potentialAction\":[{\"@type\":\"SearchAction\",\"target\":{\"@type\":\"EntryPoint\",\"urlTemplate\":\"https:\\\/\\\/www.hostin.sk\\\/?s={search_term_string}\"},\"query-input\":{\"@type\":\"PropertyValueSpecification\",\"valueRequired\":true,\"valueName\":\"search_term_string\"}}],\"inLanguage\":\"de\"}]}<\/script>\n<!-- \/ Yoast SEO plugin. -->","yoast_head_json":{"title":"Ultraschall-Vogelscheuche - HOSTIN","robots":{"index":"index","follow":"follow","max-snippet":"max-snippet:-1","max-image-preview":"max-image-preview:large","max-video-preview":"max-video-preview:-1"},"canonical":"https:\/\/www.hostin.sk\/de\/produkt\/ultraschall-vogelscheuche\/","og_locale":"de_DE","og_type":"article","og_title":"Ultraschall-Vogelscheuche - HOSTIN","og_description":"Die Ultraschall-Vogelscheuche ist ein effektives Mittel zur Abschreckung von V\u00f6geln, M\u00e4usen, Ratten, Mardern, Wieselarten sowie Wildtieren und Wildschweinen.","og_url":"https:\/\/www.hostin.sk\/de\/produkt\/ultraschall-vogelscheuche\/","og_site_name":"HOSTIN","article_modified_time":"2025-03-15T15:43:57+00:00","og_image":[{"width":861,"height":861,"url":"https:\/\/www.hostin.sk\/wp-content\/uploads\/2024\/05\/ultrazvukova-plasicka.png","type":"image\/png"}],"twitter_card":"summary_large_image","twitter_misc":{"Gesch\u00e4tzte Lesezeit":"1\u00a0Minute"},"schema":{"@context":"https:\/\/schema.org","@graph":[{"@type":"WebPage","@id":"https:\/\/www.hostin.sk\/de\/produkt\/ultraschall-vogelscheuche\/","url":"https:\/\/www.hostin.sk\/de\/produkt\/ultraschall-vogelscheuche\/","name":"Ultraschall-Vogelscheuche - HOSTIN","isPartOf":{"@id":"https:\/\/www.hostin.sk\/#website"},"primaryImageOfPage":{"@id":"https:\/\/www.hostin.sk\/de\/produkt\/ultraschall-vogelscheuche\/#primaryimage"},"image":{"@id":"https:\/\/www.hostin.sk\/de\/produkt\/ultraschall-vogelscheuche\/#primaryimage"},"thumbnailUrl":"https:\/\/www.hostin.sk\/wp-content\/uploads\/2024\/05\/ultrazvukova-plasicka.png","datePublished":"2024-05-16T14:09:51+00:00","dateModified":"2025-03-15T15:43:57+00:00","breadcrumb":{"@id":"https:\/\/www.hostin.sk\/de\/produkt\/ultraschall-vogelscheuche\/#breadcrumb"},"inLanguage":"de","potentialAction":[{"@type":"ReadAction","target":["https:\/\/www.hostin.sk\/de\/produkt\/ultraschall-vogelscheuche\/"]}]},{"@type":"ImageObject","inLanguage":"de","@id":"https:\/\/www.hostin.sk\/de\/produkt\/ultraschall-vogelscheuche\/#primaryimage","url":"https:\/\/www.hostin.sk\/wp-content\/uploads\/2024\/05\/ultrazvukova-plasicka.png","contentUrl":"https:\/\/www.hostin.sk\/wp-content\/uploads\/2024\/05\/ultrazvukova-plasicka.png","width":861,"height":861},{"@type":"BreadcrumbList","@id":"https:\/\/www.hostin.sk\/de\/produkt\/ultraschall-vogelscheuche\/#breadcrumb","itemListElement":[{"@type":"ListItem","position":1,"name":"Domov","item":"https:\/\/www.hostin.sk\/de\/"},{"@type":"ListItem","position":2,"name":"E-shop","item":"https:\/\/www.hostin.sk\/de\/e-shop\/"},{"@type":"ListItem","position":3,"name":"Abwehrsysteme nach Ausf\u00fchrung","item":"https:\/\/www.hostin.sk\/de\/produktkategorie\/abwehrsysteme-nach-ausfuehrung\/"},{"@type":"ListItem","position":4,"name":"Vogelscheuchen","item":"https:\/\/www.hostin.sk\/de\/produktkategorie\/abwehrsysteme-nach-ausfuehrung\/vogelscheuchen\/"},{"@type":"ListItem","position":5,"name":"Ultraschall-Vogelscheuchen","item":"https:\/\/www.hostin.sk\/de\/produktkategorie\/abwehrsysteme-nach-ausfuehrung\/vogelscheuchen\/ultraschall-vogelscheuchen\/"},{"@type":"ListItem","position":6,"name":"Ultraschall-Vogelscheuche"}]},{"@type":"WebSite","@id":"https:\/\/www.hostin.sk\/#website","url":"https:\/\/www.hostin.sk\/","name":"HOSTIN","description":"Hroty proti vt\u00e1kom","potentialAction":[{"@type":"SearchAction","target":{"@type":"EntryPoint","urlTemplate":"https:\/\/www.hostin.sk\/?s={search_term_string}"},"query-input":{"@type":"PropertyValueSpecification","valueRequired":true,"valueName":"search_term_string"}}],"inLanguage":"de"}]}},"_links":{"self":[{"href":"https:\/\/www.hostin.sk\/de\/wp-json\/wp\/v2\/product\/9176","targetHints":{"allow":["GET"]}}],"collection":[{"href":"https:\/\/www.hostin.sk\/de\/wp-json\/wp\/v2\/product"}],"about":[{"href":"https:\/\/www.hostin.sk\/de\/wp-json\/wp\/v2\/types\/product"}],"wp:featuredmedia":[{"embeddable":true,"href":"https:\/\/www.hostin.sk\/de\/wp-json\/wp\/v2\/media\/8495"}],"wp:attachment":[{"href":"https:\/\/www.hostin.sk\/de\/wp-json\/wp\/v2\/media?parent=9176"}],"wp:term":[{"taxonomy":"product_brand","embeddable":true,"href":"https:\/\/www.hostin.sk\/de\/wp-json\/wp\/v2\/product_brand?post=9176"},{"taxonomy":"product_cat","embeddable":true,"href":"https:\/\/www.hostin.sk\/de\/wp-json\/wp\/v2\/product_cat?post=9176"},{"taxonomy":"product_tag","embeddable":true,"href":"https:\/\/www.hostin.sk\/de\/wp-json\/wp\/v2\/product_tag?post=9176"}],"curies":[{"name":"wp","href":"https:\/\/api.w.org\/{rel}","templated":true}]}}