{"id":9166,"date":"2024-05-16T16:48:24","date_gmt":"2024-05-16T14:48:24","guid":{"rendered":"https:\/\/www.hostin.sk\/produkt\/plasic-vtakov-sova-solar\/"},"modified":"2025-07-03T11:59:24","modified_gmt":"2025-07-03T09:59:24","slug":"plasic-vtakov-sova-solar","status":"publish","type":"product","link":"https:\/\/www.hostin.sk\/de\/produkt\/plasic-vtakov-sova-solar\/","title":{"rendered":"Vogelscheuche \u2013 Eule SOLAR"},"content":{"rendered":"<p>Im Gegensatz zur <a href=\"https:\/\/www.hostin.sk\/de\/produkt\/vogelscheuche-eule\/\">Vogelscheuche &#8211; Eule<\/a> verf\u00fcgt\u00a0die Vogelscheuche \u2013 Eule SOLAR \u00fcber eine <strong>solarbetriebene Stromversorgung<\/strong> mit Batterie, die das Blinken der Augen erm\u00f6glicht und somit die Wirksamkeit des Produkts erh\u00f6ht.\u00a0Bei Verwendung von drei AA-Batterien erzeugt die Vogelscheuche zus\u00e4tzlich Ger\u00e4usche, die dem Ruf einer Eule \u00e4hneln.<\/p>\n","protected":false},"excerpt":{"rendered":"<p data-start=\"0\" data-end=\"85\">Lebensechtes solarbetriebenes 3D-Modell eines heimischen Greifvogels &#8211; Eule &#8211; zur Abschreckung von V\u00f6geln und Nagetieren im Garten und in der Umgebung von Wohnh\u00e4usern.<\/p>\n","protected":false},"featured_media":8768,"template":"","meta":{"_acf_changed":false},"product_brand":[],"product_cat":[123],"product_tag":[],"class_list":{"0":"post-9166","1":"product","2":"type-product","3":"status-publish","4":"has-post-thumbnail","6":"product_cat-greifvogel-attrappen","8":"first","9":"instock","10":"taxable","11":"shipping-taxable","12":"purchasable","13":"product-type-simple"},"acf":[],"yoast_head":"<!-- This site is optimized with the Yoast SEO plugin v27.4 - https:\/\/yoast.com\/product\/yoast-seo-wordpress\/ -->\n<title>Vogelscheuche \u2013 Eule SOLAR - HOSTIN<\/title>\n<meta name=\"description\" content=\"Pla\u0161i\u010d vt\u00e1kov Sova SOLAR s efekt\u00edvnym sol\u00e1rnym nap\u00e1jan\u00edm a bat\u00e9riou pre zv\u00fd\u0161en\u00fa \u00fa\u010dinnos\u0165. Blikaj\u00face o\u010di spo\u013eahlivo odpudzuj\u00fa vt\u00e1ctvo a hlodavce.\" \/>\n<meta name=\"robots\" content=\"index, follow, max-snippet:-1, max-image-preview:large, max-video-preview:-1\" \/>\n<link rel=\"canonical\" href=\"https:\/\/www.hostin.sk\/de\/produkt\/plasic-vtakov-sova-solar\/\" \/>\n<meta property=\"og:locale\" content=\"de_DE\" \/>\n<meta property=\"og:type\" content=\"article\" \/>\n<meta property=\"og:title\" content=\"Vogelscheuche \u2013 Eule SOLAR - HOSTIN\" \/>\n<meta property=\"og:description\" content=\"Pla\u0161i\u010d vt\u00e1kov Sova SOLAR s efekt\u00edvnym sol\u00e1rnym nap\u00e1jan\u00edm a bat\u00e9riou pre zv\u00fd\u0161en\u00fa \u00fa\u010dinnos\u0165. Blikaj\u00face o\u010di spo\u013eahlivo odpudzuj\u00fa vt\u00e1ctvo a hlodavce.\" \/>\n<meta property=\"og:url\" content=\"https:\/\/www.hostin.sk\/de\/produkt\/plasic-vtakov-sova-solar\/\" \/>\n<meta property=\"og:site_name\" content=\"HOSTIN\" \/>\n<meta property=\"article:modified_time\" content=\"2025-07-03T09:59:24+00:00\" \/>\n<meta property=\"og:image\" content=\"https:\/\/www.hostin.sk\/wp-content\/uploads\/2024\/05\/Plas\u030cic\u030c-vta\u0301kov-\u2013-Sova.jpg\" \/>\n\t<meta property=\"og:image:width\" content=\"807\" \/>\n\t<meta property=\"og:image:height\" content=\"494\" \/>\n\t<meta property=\"og:image:type\" content=\"image\/jpeg\" \/>\n<meta name=\"twitter:card\" content=\"summary_large_image\" \/>\n<meta name=\"twitter:label1\" content=\"Gesch\u00e4tzte Lesezeit\" \/>\n\t<meta name=\"twitter:data1\" content=\"1\u00a0Minute\" \/>\n<script type=\"application\/ld+json\" class=\"yoast-schema-graph\">{\"@context\":\"https:\\\/\\\/schema.org\",\"@graph\":[{\"@type\":\"WebPage\",\"@id\":\"https:\\\/\\\/www.hostin.sk\\\/de\\\/produkt\\\/plasic-vtakov-sova-solar\\\/\",\"url\":\"https:\\\/\\\/www.hostin.sk\\\/de\\\/produkt\\\/plasic-vtakov-sova-solar\\\/\",\"name\":\"Vogelscheuche \u2013 Eule SOLAR - HOSTIN\",\"isPartOf\":{\"@id\":\"https:\\\/\\\/www.hostin.sk\\\/#website\"},\"primaryImageOfPage\":{\"@id\":\"https:\\\/\\\/www.hostin.sk\\\/de\\\/produkt\\\/plasic-vtakov-sova-solar\\\/#primaryimage\"},\"image\":{\"@id\":\"https:\\\/\\\/www.hostin.sk\\\/de\\\/produkt\\\/plasic-vtakov-sova-solar\\\/#primaryimage\"},\"thumbnailUrl\":\"https:\\\/\\\/www.hostin.sk\\\/wp-content\\\/uploads\\\/2024\\\/05\\\/Plas\u030cic\u030c-vta\u0301kov-\u2013-Sova.jpg\",\"datePublished\":\"2024-05-16T14:48:24+00:00\",\"dateModified\":\"2025-07-03T09:59:24+00:00\",\"description\":\"Pla\u0161i\u010d vt\u00e1kov Sova SOLAR s efekt\u00edvnym sol\u00e1rnym nap\u00e1jan\u00edm a bat\u00e9riou pre zv\u00fd\u0161en\u00fa \u00fa\u010dinnos\u0165. Blikaj\u00face o\u010di spo\u013eahlivo odpudzuj\u00fa vt\u00e1ctvo a hlodavce.\",\"breadcrumb\":{\"@id\":\"https:\\\/\\\/www.hostin.sk\\\/de\\\/produkt\\\/plasic-vtakov-sova-solar\\\/#breadcrumb\"},\"inLanguage\":\"de\",\"potentialAction\":[{\"@type\":\"ReadAction\",\"target\":[\"https:\\\/\\\/www.hostin.sk\\\/de\\\/produkt\\\/plasic-vtakov-sova-solar\\\/\"]}]},{\"@type\":\"ImageObject\",\"inLanguage\":\"de\",\"@id\":\"https:\\\/\\\/www.hostin.sk\\\/de\\\/produkt\\\/plasic-vtakov-sova-solar\\\/#primaryimage\",\"url\":\"https:\\\/\\\/www.hostin.sk\\\/wp-content\\\/uploads\\\/2024\\\/05\\\/Plas\u030cic\u030c-vta\u0301kov-\u2013-Sova.jpg\",\"contentUrl\":\"https:\\\/\\\/www.hostin.sk\\\/wp-content\\\/uploads\\\/2024\\\/05\\\/Plas\u030cic\u030c-vta\u0301kov-\u2013-Sova.jpg\",\"width\":807,\"height\":494},{\"@type\":\"BreadcrumbList\",\"@id\":\"https:\\\/\\\/www.hostin.sk\\\/de\\\/produkt\\\/plasic-vtakov-sova-solar\\\/#breadcrumb\",\"itemListElement\":[{\"@type\":\"ListItem\",\"position\":1,\"name\":\"Domov\",\"item\":\"https:\\\/\\\/www.hostin.sk\\\/de\\\/\"},{\"@type\":\"ListItem\",\"position\":2,\"name\":\"E-shop\",\"item\":\"https:\\\/\\\/www.hostin.sk\\\/de\\\/e-shop\\\/\"},{\"@type\":\"ListItem\",\"position\":3,\"name\":\"Z\u00e1brany pod\u013ea prevedenia\",\"item\":\"https:\\\/\\\/www.hostin.sk\\\/kategoria-produktu\\\/podla-prevedenia\\\/\"},{\"@type\":\"ListItem\",\"position\":4,\"name\":\"Pla\u0161i\u010de\",\"item\":\"https:\\\/\\\/www.hostin.sk\\\/kategoria-produktu\\\/podla-prevedenia\\\/plasice\\\/\"},{\"@type\":\"ListItem\",\"position\":5,\"name\":\"Modely dravcov\",\"item\":\"https:\\\/\\\/www.hostin.sk\\\/kategoria-produktu\\\/plasice\\\/modely-dravcov\\\/\"},{\"@type\":\"ListItem\",\"position\":6,\"name\":\"Vogelscheuche \u2013 Eule SOLAR\"}]},{\"@type\":\"WebSite\",\"@id\":\"https:\\\/\\\/www.hostin.sk\\\/#website\",\"url\":\"https:\\\/\\\/www.hostin.sk\\\/\",\"name\":\"HOSTIN\",\"description\":\"Hroty proti vt\u00e1kom\",\"potentialAction\":[{\"@type\":\"SearchAction\",\"target\":{\"@type\":\"EntryPoint\",\"urlTemplate\":\"https:\\\/\\\/www.hostin.sk\\\/?s={search_term_string}\"},\"query-input\":{\"@type\":\"PropertyValueSpecification\",\"valueRequired\":true,\"valueName\":\"search_term_string\"}}],\"inLanguage\":\"de\"}]}<\/script>\n<!-- \/ Yoast SEO plugin. -->","yoast_head_json":{"title":"Vogelscheuche \u2013 Eule SOLAR - HOSTIN","description":"Pla\u0161i\u010d vt\u00e1kov Sova SOLAR s efekt\u00edvnym sol\u00e1rnym nap\u00e1jan\u00edm a bat\u00e9riou pre zv\u00fd\u0161en\u00fa \u00fa\u010dinnos\u0165. Blikaj\u00face o\u010di spo\u013eahlivo odpudzuj\u00fa vt\u00e1ctvo a hlodavce.","robots":{"index":"index","follow":"follow","max-snippet":"max-snippet:-1","max-image-preview":"max-image-preview:large","max-video-preview":"max-video-preview:-1"},"canonical":"https:\/\/www.hostin.sk\/de\/produkt\/plasic-vtakov-sova-solar\/","og_locale":"de_DE","og_type":"article","og_title":"Vogelscheuche \u2013 Eule SOLAR - HOSTIN","og_description":"Pla\u0161i\u010d vt\u00e1kov Sova SOLAR s efekt\u00edvnym sol\u00e1rnym nap\u00e1jan\u00edm a bat\u00e9riou pre zv\u00fd\u0161en\u00fa \u00fa\u010dinnos\u0165. Blikaj\u00face o\u010di spo\u013eahlivo odpudzuj\u00fa vt\u00e1ctvo a hlodavce.","og_url":"https:\/\/www.hostin.sk\/de\/produkt\/plasic-vtakov-sova-solar\/","og_site_name":"HOSTIN","article_modified_time":"2025-07-03T09:59:24+00:00","og_image":[{"width":807,"height":494,"url":"https:\/\/www.hostin.sk\/wp-content\/uploads\/2024\/05\/Plas\u030cic\u030c-vta\u0301kov-\u2013-Sova.jpg","type":"image\/jpeg"}],"twitter_card":"summary_large_image","twitter_misc":{"Gesch\u00e4tzte Lesezeit":"1\u00a0Minute"},"schema":{"@context":"https:\/\/schema.org","@graph":[{"@type":"WebPage","@id":"https:\/\/www.hostin.sk\/de\/produkt\/plasic-vtakov-sova-solar\/","url":"https:\/\/www.hostin.sk\/de\/produkt\/plasic-vtakov-sova-solar\/","name":"Vogelscheuche \u2013 Eule SOLAR - HOSTIN","isPartOf":{"@id":"https:\/\/www.hostin.sk\/#website"},"primaryImageOfPage":{"@id":"https:\/\/www.hostin.sk\/de\/produkt\/plasic-vtakov-sova-solar\/#primaryimage"},"image":{"@id":"https:\/\/www.hostin.sk\/de\/produkt\/plasic-vtakov-sova-solar\/#primaryimage"},"thumbnailUrl":"https:\/\/www.hostin.sk\/wp-content\/uploads\/2024\/05\/Plas\u030cic\u030c-vta\u0301kov-\u2013-Sova.jpg","datePublished":"2024-05-16T14:48:24+00:00","dateModified":"2025-07-03T09:59:24+00:00","description":"Pla\u0161i\u010d vt\u00e1kov Sova SOLAR s efekt\u00edvnym sol\u00e1rnym nap\u00e1jan\u00edm a bat\u00e9riou pre zv\u00fd\u0161en\u00fa \u00fa\u010dinnos\u0165. Blikaj\u00face o\u010di spo\u013eahlivo odpudzuj\u00fa vt\u00e1ctvo a hlodavce.","breadcrumb":{"@id":"https:\/\/www.hostin.sk\/de\/produkt\/plasic-vtakov-sova-solar\/#breadcrumb"},"inLanguage":"de","potentialAction":[{"@type":"ReadAction","target":["https:\/\/www.hostin.sk\/de\/produkt\/plasic-vtakov-sova-solar\/"]}]},{"@type":"ImageObject","inLanguage":"de","@id":"https:\/\/www.hostin.sk\/de\/produkt\/plasic-vtakov-sova-solar\/#primaryimage","url":"https:\/\/www.hostin.sk\/wp-content\/uploads\/2024\/05\/Plas\u030cic\u030c-vta\u0301kov-\u2013-Sova.jpg","contentUrl":"https:\/\/www.hostin.sk\/wp-content\/uploads\/2024\/05\/Plas\u030cic\u030c-vta\u0301kov-\u2013-Sova.jpg","width":807,"height":494},{"@type":"BreadcrumbList","@id":"https:\/\/www.hostin.sk\/de\/produkt\/plasic-vtakov-sova-solar\/#breadcrumb","itemListElement":[{"@type":"ListItem","position":1,"name":"Domov","item":"https:\/\/www.hostin.sk\/de\/"},{"@type":"ListItem","position":2,"name":"E-shop","item":"https:\/\/www.hostin.sk\/de\/e-shop\/"},{"@type":"ListItem","position":3,"name":"Z\u00e1brany pod\u013ea prevedenia","item":"https:\/\/www.hostin.sk\/kategoria-produktu\/podla-prevedenia\/"},{"@type":"ListItem","position":4,"name":"Pla\u0161i\u010de","item":"https:\/\/www.hostin.sk\/kategoria-produktu\/podla-prevedenia\/plasice\/"},{"@type":"ListItem","position":5,"name":"Modely dravcov","item":"https:\/\/www.hostin.sk\/kategoria-produktu\/plasice\/modely-dravcov\/"},{"@type":"ListItem","position":6,"name":"Vogelscheuche \u2013 Eule SOLAR"}]},{"@type":"WebSite","@id":"https:\/\/www.hostin.sk\/#website","url":"https:\/\/www.hostin.sk\/","name":"HOSTIN","description":"Hroty proti vt\u00e1kom","potentialAction":[{"@type":"SearchAction","target":{"@type":"EntryPoint","urlTemplate":"https:\/\/www.hostin.sk\/?s={search_term_string}"},"query-input":{"@type":"PropertyValueSpecification","valueRequired":true,"valueName":"search_term_string"}}],"inLanguage":"de"}]}},"_links":{"self":[{"href":"https:\/\/www.hostin.sk\/de\/wp-json\/wp\/v2\/product\/9166","targetHints":{"allow":["GET"]}}],"collection":[{"href":"https:\/\/www.hostin.sk\/de\/wp-json\/wp\/v2\/product"}],"about":[{"href":"https:\/\/www.hostin.sk\/de\/wp-json\/wp\/v2\/types\/product"}],"wp:featuredmedia":[{"embeddable":true,"href":"https:\/\/www.hostin.sk\/de\/wp-json\/wp\/v2\/media\/8768"}],"wp:attachment":[{"href":"https:\/\/www.hostin.sk\/de\/wp-json\/wp\/v2\/media?parent=9166"}],"wp:term":[{"taxonomy":"product_brand","embeddable":true,"href":"https:\/\/www.hostin.sk\/de\/wp-json\/wp\/v2\/product_brand?post=9166"},{"taxonomy":"product_cat","embeddable":true,"href":"https:\/\/www.hostin.sk\/de\/wp-json\/wp\/v2\/product_cat?post=9166"},{"taxonomy":"product_tag","embeddable":true,"href":"https:\/\/www.hostin.sk\/de\/wp-json\/wp\/v2\/product_tag?post=9166"}],"curies":[{"name":"wp","href":"https:\/\/api.w.org\/{rel}","templated":true}]}}